{"id":5891,"date":"2018-08-24T13:36:58","date_gmt":"2018-08-24T09:36:58","guid":{"rendered":"http:\/\/www.editorialjuventud.es\/la-meva-boa-bob\/"},"modified":"2023-07-28T11:15:54","modified_gmt":"2023-07-28T09:15:54","slug":"la-meva-boa-bob-9788426139924","status":"publish","type":"product","link":"https:\/\/www.editorialjuventud.es\/ca\/la-meva-boa-bob-9788426139924\/","title":{"rendered":"La meva boa Bob"},"content":{"rendered":"<p>\u00c9s verda, superllarga, lliscosa, suau i&#8230; llesta. \u00c9s la meva boa Bob! Quan el meu pare me la va regalar, no m\u0092ho podia creure!&#8230;,i a mare no li va fer cap gr\u00e0cia, la veritat. Per\u00f2 Bob \u00e9s la millor serp del m\u00f3n: sap fer un munt de coses, fins i tot sap escriure!, i m\u0092ajuda en tot.<\/p>\n","protected":false},"excerpt":{"rendered":"\u00c9s verda, superllarga, lliscosa, suau i&#8230; llesta. \u00c9s la meva boa Bob! Quan el meu pare me la va regalar, no m\u0092ho podia creure!&#8230;,i a mare no li va fer cap gr\u00e0cia, la veritat. Per\u00f2 Bob \u00e9s la millor serp [&hellip;]","protected":false},"featured_media":13655,"template":"","meta":{"_acf_changed":false,"_exactmetrics_skip_tracking":false,"_exactmetrics_sitenote_active":false,"_exactmetrics_sitenote_note":"","_exactmetrics_sitenote_category":0},"product_brand":[],"product_cat":[900,1121,1138,892,1115,1184,1194,1128],"product_tag":[],"coleccion":[917,915,954],"class_list":{"0":"post-5891","1":"product","2":"type-product","3":"status-publish","4":"has-post-thumbnail","6":"product_cat-a-partir-de-5-anos","7":"product_cat-albumes-ilustrados","8":"product_cat-animales","9":"product_cat-edades","10":"product_cat-generos","11":"product_cat-humor","12":"product_cat-mascotas","13":"product_cat-tematica","14":"coleccion-albums-illustrats","15":"coleccion-catala","16":"coleccion-llegir-entre-rialles","18":"first","19":"instock","20":"taxable","21":"shipping-taxable","22":"purchasable","23":"product-type-simple"},"acf":{"autores-libros":[16618],"ilustradores-libros":[17395],"traductores-libros":[58414]},"yoast_head":"<!-- This site is optimized with the Yoast SEO plugin v27.5 - https:\/\/yoast.com\/product\/yoast-seo-wordpress\/ -->\n<title>La meva boa Bob - Editorial Juventud<\/title>\n<meta name=\"description\" content=\"\u00c9s verda, superllarga, lliscosa, suau i... llesta. \u00c9s la meva boa Bob! Quan el meu pare me la va regalar, no m\u0092ho podia creure!...,i a mare no li va fer\" \/>\n<meta name=\"robots\" content=\"index, follow, max-snippet:-1, max-image-preview:large, max-video-preview:-1\" \/>\n<link rel=\"canonical\" href=\"https:\/\/www.editorialjuventud.es\/la-meva-boa-bob-9788426139924\/\" \/>\n<meta property=\"og:locale\" content=\"ca_ES\" \/>\n<meta property=\"og:type\" content=\"article\" \/>\n<meta property=\"og:title\" content=\"La meva boa Bob - Editorial Juventud\" \/>\n<meta property=\"og:description\" content=\"\u00c9s verda, superllarga, lliscosa, suau i... llesta. \u00c9s la meva boa Bob! Quan el meu pare me la va regalar, no m\u0092ho podia creure!...,i a mare no li va fer\" \/>\n<meta property=\"og:url\" content=\"https:\/\/www.editorialjuventud.es\/la-meva-boa-bob-9788426139924\/\" \/>\n<meta property=\"og:site_name\" content=\"Editorial Juventud\" \/>\n<meta property=\"article:modified_time\" content=\"2023-07-28T09:15:54+00:00\" \/>\n<meta property=\"og:image\" content=\"https:\/\/www.editorialjuventud.es\/wp-content\/uploads\/3992.jpg\" \/>\n\t<meta property=\"og:image:width\" content=\"590\" \/>\n\t<meta property=\"og:image:height\" content=\"346\" \/>\n\t<meta property=\"og:image:type\" content=\"image\/jpeg\" \/>\n<meta name=\"twitter:card\" content=\"summary_large_image\" \/>\n<script type=\"application\/ld+json\" class=\"yoast-schema-graph\">{\"@context\":\"https:\\\/\\\/schema.org\",\"@graph\":[{\"@type\":\"WebPage\",\"@id\":\"https:\\\/\\\/www.editorialjuventud.es\\\/la-meva-boa-bob-9788426139924\\\/\",\"url\":\"https:\\\/\\\/www.editorialjuventud.es\\\/la-meva-boa-bob-9788426139924\\\/\",\"name\":\"La meva boa Bob - Editorial Juventud\",\"isPartOf\":{\"@id\":\"https:\\\/\\\/www.editorialjuventud.es\\\/#website\"},\"primaryImageOfPage\":{\"@id\":\"https:\\\/\\\/www.editorialjuventud.es\\\/la-meva-boa-bob-9788426139924\\\/#primaryimage\"},\"image\":{\"@id\":\"https:\\\/\\\/www.editorialjuventud.es\\\/la-meva-boa-bob-9788426139924\\\/#primaryimage\"},\"thumbnailUrl\":\"https:\\\/\\\/www.editorialjuventud.es\\\/wp-content\\\/uploads\\\/3992.jpg\",\"datePublished\":\"2018-08-24T09:36:58+00:00\",\"dateModified\":\"2023-07-28T09:15:54+00:00\",\"description\":\"\u00c9s verda, superllarga, lliscosa, suau i... llesta. \u00c9s la meva boa Bob! Quan el meu pare me la va regalar, no m\u0092ho podia creure!...,i a mare no li va fer\",\"breadcrumb\":{\"@id\":\"https:\\\/\\\/www.editorialjuventud.es\\\/la-meva-boa-bob-9788426139924\\\/#breadcrumb\"},\"inLanguage\":\"ca\",\"potentialAction\":[{\"@type\":\"ReadAction\",\"target\":[\"https:\\\/\\\/www.editorialjuventud.es\\\/la-meva-boa-bob-9788426139924\\\/\"]}]},{\"@type\":\"ImageObject\",\"inLanguage\":\"ca\",\"@id\":\"https:\\\/\\\/www.editorialjuventud.es\\\/la-meva-boa-bob-9788426139924\\\/#primaryimage\",\"url\":\"https:\\\/\\\/www.editorialjuventud.es\\\/wp-content\\\/uploads\\\/3992.jpg\",\"contentUrl\":\"https:\\\/\\\/www.editorialjuventud.es\\\/wp-content\\\/uploads\\\/3992.jpg\",\"width\":590,\"height\":346,\"caption\":\"3992.jpg\"},{\"@type\":\"BreadcrumbList\",\"@id\":\"https:\\\/\\\/www.editorialjuventud.es\\\/la-meva-boa-bob-9788426139924\\\/#breadcrumb\",\"itemListElement\":[{\"@type\":\"ListItem\",\"position\":1,\"name\":\"Portada\",\"item\":\"https:\\\/\\\/www.editorialjuventud.es\\\/\"},{\"@type\":\"ListItem\",\"position\":2,\"name\":\"cat\u00e1logo\",\"item\":\"https:\\\/\\\/www.editorialjuventud.es\\\/coleccion\\\/catalogo\\\/\"},{\"@type\":\"ListItem\",\"position\":3,\"name\":\"catal\u00e0\",\"item\":\"https:\\\/\\\/www.editorialjuventud.es\\\/coleccion\\\/catala\\\/\"},{\"@type\":\"ListItem\",\"position\":4,\"name\":\"\u00c0lbums Il\u00b7lustrats\",\"item\":\"https:\\\/\\\/www.editorialjuventud.es\\\/coleccion\\\/albums-il%c2%b7lustrats\\\/\"},{\"@type\":\"ListItem\",\"position\":5,\"name\":\"Llegir entre Rialles\",\"item\":\"https:\\\/\\\/www.editorialjuventud.es\\\/coleccion\\\/llegir-entre-rialles\\\/\"},{\"@type\":\"ListItem\",\"position\":6,\"name\":\"La meva boa Bob\"}]},{\"@type\":\"WebSite\",\"@id\":\"https:\\\/\\\/www.editorialjuventud.es\\\/#website\",\"url\":\"https:\\\/\\\/www.editorialjuventud.es\\\/\",\"name\":\"Editorial Juventud\",\"description\":\"\",\"potentialAction\":[{\"@type\":\"SearchAction\",\"target\":{\"@type\":\"EntryPoint\",\"urlTemplate\":\"https:\\\/\\\/www.editorialjuventud.es\\\/?s={search_term_string}\"},\"query-input\":{\"@type\":\"PropertyValueSpecification\",\"valueRequired\":true,\"valueName\":\"search_term_string\"}}],\"inLanguage\":\"ca\"}]}<\/script>\n<!-- \/ Yoast SEO plugin. -->","yoast_head_json":{"title":"La meva boa Bob - Editorial Juventud","description":"\u00c9s verda, superllarga, lliscosa, suau i... llesta. \u00c9s la meva boa Bob! Quan el meu pare me la va regalar, no m\u0092ho podia creure!...,i a mare no li va fer","robots":{"index":"index","follow":"follow","max-snippet":"max-snippet:-1","max-image-preview":"max-image-preview:large","max-video-preview":"max-video-preview:-1"},"canonical":"https:\/\/www.editorialjuventud.es\/la-meva-boa-bob-9788426139924\/","og_locale":"ca_ES","og_type":"article","og_title":"La meva boa Bob - Editorial Juventud","og_description":"\u00c9s verda, superllarga, lliscosa, suau i... llesta. \u00c9s la meva boa Bob! Quan el meu pare me la va regalar, no m\u0092ho podia creure!...,i a mare no li va fer","og_url":"https:\/\/www.editorialjuventud.es\/la-meva-boa-bob-9788426139924\/","og_site_name":"Editorial Juventud","article_modified_time":"2023-07-28T09:15:54+00:00","og_image":[{"width":590,"height":346,"url":"https:\/\/www.editorialjuventud.es\/wp-content\/uploads\/3992.jpg","type":"image\/jpeg"}],"twitter_card":"summary_large_image","schema":{"@context":"https:\/\/schema.org","@graph":[{"@type":"WebPage","@id":"https:\/\/www.editorialjuventud.es\/la-meva-boa-bob-9788426139924\/","url":"https:\/\/www.editorialjuventud.es\/la-meva-boa-bob-9788426139924\/","name":"La meva boa Bob - Editorial Juventud","isPartOf":{"@id":"https:\/\/www.editorialjuventud.es\/#website"},"primaryImageOfPage":{"@id":"https:\/\/www.editorialjuventud.es\/la-meva-boa-bob-9788426139924\/#primaryimage"},"image":{"@id":"https:\/\/www.editorialjuventud.es\/la-meva-boa-bob-9788426139924\/#primaryimage"},"thumbnailUrl":"https:\/\/www.editorialjuventud.es\/wp-content\/uploads\/3992.jpg","datePublished":"2018-08-24T09:36:58+00:00","dateModified":"2023-07-28T09:15:54+00:00","description":"\u00c9s verda, superllarga, lliscosa, suau i... llesta. \u00c9s la meva boa Bob! Quan el meu pare me la va regalar, no m\u0092ho podia creure!...,i a mare no li va fer","breadcrumb":{"@id":"https:\/\/www.editorialjuventud.es\/la-meva-boa-bob-9788426139924\/#breadcrumb"},"inLanguage":"ca","potentialAction":[{"@type":"ReadAction","target":["https:\/\/www.editorialjuventud.es\/la-meva-boa-bob-9788426139924\/"]}]},{"@type":"ImageObject","inLanguage":"ca","@id":"https:\/\/www.editorialjuventud.es\/la-meva-boa-bob-9788426139924\/#primaryimage","url":"https:\/\/www.editorialjuventud.es\/wp-content\/uploads\/3992.jpg","contentUrl":"https:\/\/www.editorialjuventud.es\/wp-content\/uploads\/3992.jpg","width":590,"height":346,"caption":"3992.jpg"},{"@type":"BreadcrumbList","@id":"https:\/\/www.editorialjuventud.es\/la-meva-boa-bob-9788426139924\/#breadcrumb","itemListElement":[{"@type":"ListItem","position":1,"name":"Portada","item":"https:\/\/www.editorialjuventud.es\/"},{"@type":"ListItem","position":2,"name":"cat\u00e1logo","item":"https:\/\/www.editorialjuventud.es\/coleccion\/catalogo\/"},{"@type":"ListItem","position":3,"name":"catal\u00e0","item":"https:\/\/www.editorialjuventud.es\/coleccion\/catala\/"},{"@type":"ListItem","position":4,"name":"\u00c0lbums Il\u00b7lustrats","item":"https:\/\/www.editorialjuventud.es\/coleccion\/albums-il%c2%b7lustrats\/"},{"@type":"ListItem","position":5,"name":"Llegir entre Rialles","item":"https:\/\/www.editorialjuventud.es\/coleccion\/llegir-entre-rialles\/"},{"@type":"ListItem","position":6,"name":"La meva boa Bob"}]},{"@type":"WebSite","@id":"https:\/\/www.editorialjuventud.es\/#website","url":"https:\/\/www.editorialjuventud.es\/","name":"Editorial Juventud","description":"","potentialAction":[{"@type":"SearchAction","target":{"@type":"EntryPoint","urlTemplate":"https:\/\/www.editorialjuventud.es\/?s={search_term_string}"},"query-input":{"@type":"PropertyValueSpecification","valueRequired":true,"valueName":"search_term_string"}}],"inLanguage":"ca"}]}},"_links":{"self":[{"href":"https:\/\/www.editorialjuventud.es\/ca\/wp-json\/wp\/v2\/product\/5891","targetHints":{"allow":["GET"]}}],"collection":[{"href":"https:\/\/www.editorialjuventud.es\/ca\/wp-json\/wp\/v2\/product"}],"about":[{"href":"https:\/\/www.editorialjuventud.es\/ca\/wp-json\/wp\/v2\/types\/product"}],"wp:featuredmedia":[{"embeddable":true,"href":"https:\/\/www.editorialjuventud.es\/ca\/wp-json\/wp\/v2\/media\/13655"}],"wp:attachment":[{"href":"https:\/\/www.editorialjuventud.es\/ca\/wp-json\/wp\/v2\/media?parent=5891"}],"wp:term":[{"taxonomy":"product_brand","embeddable":true,"href":"https:\/\/www.editorialjuventud.es\/ca\/wp-json\/wp\/v2\/product_brand?post=5891"},{"taxonomy":"product_cat","embeddable":true,"href":"https:\/\/www.editorialjuventud.es\/ca\/wp-json\/wp\/v2\/product_cat?post=5891"},{"taxonomy":"product_tag","embeddable":true,"href":"https:\/\/www.editorialjuventud.es\/ca\/wp-json\/wp\/v2\/product_tag?post=5891"},{"taxonomy":"coleccion","embeddable":true,"href":"https:\/\/www.editorialjuventud.es\/ca\/wp-json\/wp\/v2\/coleccion?post=5891"}],"curies":[{"name":"wp","href":"https:\/\/api.w.org\/{rel}","templated":true}]}}