{"id":5889,"date":"2018-08-24T11:36:49","date_gmt":"2018-08-24T09:36:49","guid":{"rendered":"http:\/\/www.editorialjuventud.es\/el-gran-viatge-de-darwin\/"},"modified":"2025-01-22T13:20:56","modified_gmt":"2025-01-22T12:20:56","slug":"el-gran-viatge-de-darwin-9788426139900","status":"publish","type":"product","link":"https:\/\/www.editorialjuventud.es\/ca\/el-gran-viatge-de-darwin-9788426139900\/","title":{"rendered":"El gran viatge de Darwin"},"content":{"rendered":"<p>La gran aventura del viatge del vaixell de la marina real Beagle a trav\u00e9s de tots els oceans. El jove Darwin \u00e9s convidat pel capit\u00e0 Fitz Roy a compartir la seva cabina com a naturalista sense paga. <br \/>De les experi\u00e8ncies d&#8217;aquest fant\u00e0stic viatge sorgir\u00e0 el seu llibre titulat L&#8217;origen de les esp\u00e8cies. La teoria de l\u2019evoluci\u00f3 de Charles Darwin va canviar per sempre la nostra concepci\u00f3 del m\u00f3n i del lloc que hi ocupem. Aquest emocionant relat de la vida de Darwin comen\u00e7a amb la seva fascinaci\u00f3 adolescent per la natura i mostra com va elaborar les seves idees en aquest viatge \u00e8pic al voltant del m\u00f3n a bord del Beagle. Els lectors veuran com Darwin explora la selva brasilera, puja els Andes i rumia sobre les illes Gal\u00e1pagos\u2026 i tamb\u00e9 descobriran la pol\u00e8mica encetada anys despr\u00e9s, quan finalment es va publicar el seu llibre L\u2019origen de les esp\u00e8cies.<\/p>\n","protected":false},"excerpt":{"rendered":"La gran aventura del viatge del vaixell de la marina real Beagle a trav\u00e9s de tots els oceans. El jove Darwin \u00e9s convidat pel capit\u00e0 Fitz Roy a compartir la seva cabina com a naturalista sense paga. De les experi\u00e8ncies [&hellip;]","protected":false},"featured_media":12849,"template":"","meta":{"_acf_changed":false,"_exactmetrics_skip_tracking":false,"_exactmetrics_sitenote_active":false,"_exactmetrics_sitenote_note":"","_exactmetrics_sitenote_category":0},"product_brand":[],"product_cat":[902,1135,1143,1183,1123,1201,1128,1229],"product_tag":[],"coleccion":[946],"class_list":{"0":"post-5889","1":"product","2":"type-product","3":"status-publish","4":"has-post-thumbnail","6":"product_cat-a-partir-de-7-anos","7":"product_cat-america-latina","8":"product_cat-barcos","9":"product_cat-historia","10":"product_cat-libros-informativos-infantil","11":"product_cat-naturaleza-biodiversidad","12":"product_cat-tematica","13":"product_cat-vacaciones-viajes","14":"coleccion-com-i-per-que","16":"first","17":"instock","18":"taxable","19":"shipping-taxable","20":"purchasable","21":"product-type-simple"},"acf":{"autor":"Manning, Mick","codart":"3990","ediciones":"1","encuadernacion":"Carton\u00e9","fecha_de_publicacion":"01\/05\/2013","novedad":"0","paginas":"48","subtitulo":"","texto_web_adicional":"","texto_web_novedad":"","orden":"999","portada":"0","texto_web_resaltado":"","indice":"","autores-libros":[16482],"ilustradores-libros":[17723],"traductores-libros":[18265],"fecha_de_reimpresion":"","descripcion_corta":"","recomendamos":"","mas_vendido":"","idioma-libro":"","color":false,"formato":"","mas_informacion_del_producto":false,"premios":false,"deshabilitar_compra":[],"texto_enlace_cubierta":"","enlace_cubierta":{"ID":53273,"id":53273,"title":"cover gran viatge de darwin(0)","filename":"cover-gran-viatge-de-darwin0.jpg","filesize":1057770,"url":"https:\/\/www.editorialjuventud.es\/wp-content\/uploads\/cover-gran-viatge-de-darwin0.jpg","link":"https:\/\/www.editorialjuventud.es\/ca\/?attachment_id=53273","alt":"","author":"47","description":"","caption":"","name":"cover-gran-viatge-de-darwin0","status":"inherit","uploaded_to":5889,"date":"2021-05-06 16:06:24","modified":"2021-05-06 16:06:24","menu_order":0,"mime_type":"image\/jpeg","type":"image","subtype":"jpeg","icon":"https:\/\/www.editorialjuventud.es\/wp-includes\/images\/media\/default.png","width":2281,"height":1904,"sizes":{"thumbnail":"https:\/\/www.editorialjuventud.es\/wp-content\/uploads\/cover-gran-viatge-de-darwin0-200x200.jpg","thumbnail-width":200,"thumbnail-height":200,"medium":"https:\/\/www.editorialjuventud.es\/wp-content\/uploads\/cover-gran-viatge-de-darwin0.jpg","medium-width":2281,"medium-height":1904,"medium_large":"https:\/\/www.editorialjuventud.es\/wp-content\/uploads\/cover-gran-viatge-de-darwin0-768x641.jpg","medium_large-width":768,"medium_large-height":641,"large":"https:\/\/www.editorialjuventud.es\/wp-content\/uploads\/cover-gran-viatge-de-darwin0.jpg","large-width":2281,"large-height":1904,"1536x1536":"https:\/\/www.editorialjuventud.es\/wp-content\/uploads\/cover-gran-viatge-de-darwin0.jpg","1536x1536-width":1536,"1536x1536-height":1282,"2048x2048":"https:\/\/www.editorialjuventud.es\/wp-content\/uploads\/cover-gran-viatge-de-darwin0.jpg","2048x2048-width":2048,"2048x2048-height":1710,"woocommerce_thumbnail":"https:\/\/www.editorialjuventud.es\/wp-content\/uploads\/cover-gran-viatge-de-darwin0-350x292.jpg","woocommerce_thumbnail-width":350,"woocommerce_thumbnail-height":292,"woocommerce_single":"https:\/\/www.editorialjuventud.es\/wp-content\/uploads\/cover-gran-viatge-de-darwin0-900x751.jpg","woocommerce_single-width":900,"woocommerce_single-height":751,"woocommerce_gallery_thumbnail":"https:\/\/www.editorialjuventud.es\/wp-content\/uploads\/cover-gran-viatge-de-darwin0-100x100.jpg","woocommerce_gallery_thumbnail-width":100,"woocommerce_gallery_thumbnail-height":100,"ppec_logo_image_size":"https:\/\/www.editorialjuventud.es\/wp-content\/uploads\/cover-gran-viatge-de-darwin0.jpg","ppec_logo_image_size-width":72,"ppec_logo_image_size-height":60,"ppec_header_image_size":"https:\/\/www.editorialjuventud.es\/wp-content\/uploads\/cover-gran-viatge-de-darwin0.jpg","ppec_header_image_size-width":108,"ppec_header_image_size-height":90}},"texto_enlace_ficha_tecnica":"","enlace_ficha_tecnica":false,"ficheros":false,"titulo-fr":"","texto-fr":""},"yoast_head":"<!-- This site is optimized with the Yoast SEO plugin v27.3 - https:\/\/yoast.com\/product\/yoast-seo-wordpress\/ -->\n<title>El gran viatge de Darwin - Editorial Juventud<\/title>\n<meta name=\"description\" content=\"La gran aventura del viatge del vaixell de la marina real Beagle a trav\u00e9s de tots els oceans. El jove Darwin \u00e9s convidat pel capit\u00e0 Fitz Roy a compartir\" \/>\n<meta name=\"robots\" content=\"index, follow, max-snippet:-1, max-image-preview:large, max-video-preview:-1\" \/>\n<link rel=\"canonical\" href=\"https:\/\/www.editorialjuventud.es\/el-gran-viatge-de-darwin-9788426139900\/\" \/>\n<meta property=\"og:locale\" content=\"ca_ES\" \/>\n<meta property=\"og:type\" content=\"article\" \/>\n<meta property=\"og:title\" content=\"El gran viatge de Darwin - Editorial Juventud\" \/>\n<meta property=\"og:description\" content=\"La gran aventura del viatge del vaixell de la marina real Beagle a trav\u00e9s de tots els oceans. El jove Darwin \u00e9s convidat pel capit\u00e0 Fitz Roy a compartir\" \/>\n<meta property=\"og:url\" content=\"https:\/\/www.editorialjuventud.es\/el-gran-viatge-de-darwin-9788426139900\/\" \/>\n<meta property=\"og:site_name\" content=\"Editorial Juventud\" \/>\n<meta property=\"article:modified_time\" content=\"2025-01-22T12:20:56+00:00\" \/>\n<meta property=\"og:image\" content=\"https:\/\/www.editorialjuventud.es\/wp-content\/uploads\/3990.jpg\" \/>\n\t<meta property=\"og:image:width\" content=\"529\" \/>\n\t<meta property=\"og:image:height\" content=\"450\" \/>\n\t<meta property=\"og:image:type\" content=\"image\/jpeg\" \/>\n<meta name=\"twitter:card\" content=\"summary_large_image\" \/>\n<meta name=\"twitter:label1\" content=\"Temps estimat de lectura\" \/>\n\t<meta name=\"twitter:data1\" content=\"1 minut\" \/>\n<script type=\"application\/ld+json\" class=\"yoast-schema-graph\">{\"@context\":\"https:\\\/\\\/schema.org\",\"@graph\":[{\"@type\":\"WebPage\",\"@id\":\"https:\\\/\\\/www.editorialjuventud.es\\\/el-gran-viatge-de-darwin-9788426139900\\\/\",\"url\":\"https:\\\/\\\/www.editorialjuventud.es\\\/el-gran-viatge-de-darwin-9788426139900\\\/\",\"name\":\"El gran viatge de Darwin - Editorial Juventud\",\"isPartOf\":{\"@id\":\"https:\\\/\\\/www.editorialjuventud.es\\\/#website\"},\"primaryImageOfPage\":{\"@id\":\"https:\\\/\\\/www.editorialjuventud.es\\\/el-gran-viatge-de-darwin-9788426139900\\\/#primaryimage\"},\"image\":{\"@id\":\"https:\\\/\\\/www.editorialjuventud.es\\\/el-gran-viatge-de-darwin-9788426139900\\\/#primaryimage\"},\"thumbnailUrl\":\"https:\\\/\\\/www.editorialjuventud.es\\\/wp-content\\\/uploads\\\/3990.jpg\",\"datePublished\":\"2018-08-24T09:36:49+00:00\",\"dateModified\":\"2025-01-22T12:20:56+00:00\",\"description\":\"La gran aventura del viatge del vaixell de la marina real Beagle a trav\u00e9s de tots els oceans. El jove Darwin \u00e9s convidat pel capit\u00e0 Fitz Roy a compartir\",\"breadcrumb\":{\"@id\":\"https:\\\/\\\/www.editorialjuventud.es\\\/el-gran-viatge-de-darwin-9788426139900\\\/#breadcrumb\"},\"inLanguage\":\"ca\",\"potentialAction\":[{\"@type\":\"ReadAction\",\"target\":[\"https:\\\/\\\/www.editorialjuventud.es\\\/el-gran-viatge-de-darwin-9788426139900\\\/\"]}]},{\"@type\":\"ImageObject\",\"inLanguage\":\"ca\",\"@id\":\"https:\\\/\\\/www.editorialjuventud.es\\\/el-gran-viatge-de-darwin-9788426139900\\\/#primaryimage\",\"url\":\"https:\\\/\\\/www.editorialjuventud.es\\\/wp-content\\\/uploads\\\/3990.jpg\",\"contentUrl\":\"https:\\\/\\\/www.editorialjuventud.es\\\/wp-content\\\/uploads\\\/3990.jpg\",\"width\":529,\"height\":450,\"caption\":\"3990.jpg\"},{\"@type\":\"BreadcrumbList\",\"@id\":\"https:\\\/\\\/www.editorialjuventud.es\\\/el-gran-viatge-de-darwin-9788426139900\\\/#breadcrumb\",\"itemListElement\":[{\"@type\":\"ListItem\",\"position\":1,\"name\":\"Portada\",\"item\":\"https:\\\/\\\/www.editorialjuventud.es\\\/\"},{\"@type\":\"ListItem\",\"position\":2,\"name\":\"cat\u00e1logo\",\"item\":\"https:\\\/\\\/www.editorialjuventud.es\\\/coleccion\\\/catalogo\\\/\"},{\"@type\":\"ListItem\",\"position\":3,\"name\":\"catal\u00e0\",\"item\":\"https:\\\/\\\/www.editorialjuventud.es\\\/coleccion\\\/catala\\\/\"},{\"@type\":\"ListItem\",\"position\":4,\"name\":\"\u00c0lbums Il\u00b7lustrats\",\"item\":\"https:\\\/\\\/www.editorialjuventud.es\\\/coleccion\\\/albums-il%c2%b7lustrats\\\/\"},{\"@type\":\"ListItem\",\"position\":5,\"name\":\"Com i Per qu\u00e8\",\"item\":\"https:\\\/\\\/www.editorialjuventud.es\\\/coleccion\\\/com-i-per-que\\\/\"},{\"@type\":\"ListItem\",\"position\":6,\"name\":\"El gran viatge de Darwin\"}]},{\"@type\":\"WebSite\",\"@id\":\"https:\\\/\\\/www.editorialjuventud.es\\\/#website\",\"url\":\"https:\\\/\\\/www.editorialjuventud.es\\\/\",\"name\":\"Editorial Juventud\",\"description\":\"\",\"potentialAction\":[{\"@type\":\"SearchAction\",\"target\":{\"@type\":\"EntryPoint\",\"urlTemplate\":\"https:\\\/\\\/www.editorialjuventud.es\\\/?s={search_term_string}\"},\"query-input\":{\"@type\":\"PropertyValueSpecification\",\"valueRequired\":true,\"valueName\":\"search_term_string\"}}],\"inLanguage\":\"ca\"}]}<\/script>\n<!-- \/ Yoast SEO plugin. -->","yoast_head_json":{"title":"El gran viatge de Darwin - Editorial Juventud","description":"La gran aventura del viatge del vaixell de la marina real Beagle a trav\u00e9s de tots els oceans. El jove Darwin \u00e9s convidat pel capit\u00e0 Fitz Roy a compartir","robots":{"index":"index","follow":"follow","max-snippet":"max-snippet:-1","max-image-preview":"max-image-preview:large","max-video-preview":"max-video-preview:-1"},"canonical":"https:\/\/www.editorialjuventud.es\/el-gran-viatge-de-darwin-9788426139900\/","og_locale":"ca_ES","og_type":"article","og_title":"El gran viatge de Darwin - Editorial Juventud","og_description":"La gran aventura del viatge del vaixell de la marina real Beagle a trav\u00e9s de tots els oceans. El jove Darwin \u00e9s convidat pel capit\u00e0 Fitz Roy a compartir","og_url":"https:\/\/www.editorialjuventud.es\/el-gran-viatge-de-darwin-9788426139900\/","og_site_name":"Editorial Juventud","article_modified_time":"2025-01-22T12:20:56+00:00","og_image":[{"width":529,"height":450,"url":"https:\/\/www.editorialjuventud.es\/wp-content\/uploads\/3990.jpg","type":"image\/jpeg"}],"twitter_card":"summary_large_image","twitter_misc":{"Temps estimat de lectura":"1 minut"},"schema":{"@context":"https:\/\/schema.org","@graph":[{"@type":"WebPage","@id":"https:\/\/www.editorialjuventud.es\/el-gran-viatge-de-darwin-9788426139900\/","url":"https:\/\/www.editorialjuventud.es\/el-gran-viatge-de-darwin-9788426139900\/","name":"El gran viatge de Darwin - Editorial Juventud","isPartOf":{"@id":"https:\/\/www.editorialjuventud.es\/#website"},"primaryImageOfPage":{"@id":"https:\/\/www.editorialjuventud.es\/el-gran-viatge-de-darwin-9788426139900\/#primaryimage"},"image":{"@id":"https:\/\/www.editorialjuventud.es\/el-gran-viatge-de-darwin-9788426139900\/#primaryimage"},"thumbnailUrl":"https:\/\/www.editorialjuventud.es\/wp-content\/uploads\/3990.jpg","datePublished":"2018-08-24T09:36:49+00:00","dateModified":"2025-01-22T12:20:56+00:00","description":"La gran aventura del viatge del vaixell de la marina real Beagle a trav\u00e9s de tots els oceans. El jove Darwin \u00e9s convidat pel capit\u00e0 Fitz Roy a compartir","breadcrumb":{"@id":"https:\/\/www.editorialjuventud.es\/el-gran-viatge-de-darwin-9788426139900\/#breadcrumb"},"inLanguage":"ca","potentialAction":[{"@type":"ReadAction","target":["https:\/\/www.editorialjuventud.es\/el-gran-viatge-de-darwin-9788426139900\/"]}]},{"@type":"ImageObject","inLanguage":"ca","@id":"https:\/\/www.editorialjuventud.es\/el-gran-viatge-de-darwin-9788426139900\/#primaryimage","url":"https:\/\/www.editorialjuventud.es\/wp-content\/uploads\/3990.jpg","contentUrl":"https:\/\/www.editorialjuventud.es\/wp-content\/uploads\/3990.jpg","width":529,"height":450,"caption":"3990.jpg"},{"@type":"BreadcrumbList","@id":"https:\/\/www.editorialjuventud.es\/el-gran-viatge-de-darwin-9788426139900\/#breadcrumb","itemListElement":[{"@type":"ListItem","position":1,"name":"Portada","item":"https:\/\/www.editorialjuventud.es\/"},{"@type":"ListItem","position":2,"name":"cat\u00e1logo","item":"https:\/\/www.editorialjuventud.es\/coleccion\/catalogo\/"},{"@type":"ListItem","position":3,"name":"catal\u00e0","item":"https:\/\/www.editorialjuventud.es\/coleccion\/catala\/"},{"@type":"ListItem","position":4,"name":"\u00c0lbums Il\u00b7lustrats","item":"https:\/\/www.editorialjuventud.es\/coleccion\/albums-il%c2%b7lustrats\/"},{"@type":"ListItem","position":5,"name":"Com i Per qu\u00e8","item":"https:\/\/www.editorialjuventud.es\/coleccion\/com-i-per-que\/"},{"@type":"ListItem","position":6,"name":"El gran viatge de Darwin"}]},{"@type":"WebSite","@id":"https:\/\/www.editorialjuventud.es\/#website","url":"https:\/\/www.editorialjuventud.es\/","name":"Editorial Juventud","description":"","potentialAction":[{"@type":"SearchAction","target":{"@type":"EntryPoint","urlTemplate":"https:\/\/www.editorialjuventud.es\/?s={search_term_string}"},"query-input":{"@type":"PropertyValueSpecification","valueRequired":true,"valueName":"search_term_string"}}],"inLanguage":"ca"}]}},"_links":{"self":[{"href":"https:\/\/www.editorialjuventud.es\/ca\/wp-json\/wp\/v2\/product\/5889","targetHints":{"allow":["GET"]}}],"collection":[{"href":"https:\/\/www.editorialjuventud.es\/ca\/wp-json\/wp\/v2\/product"}],"about":[{"href":"https:\/\/www.editorialjuventud.es\/ca\/wp-json\/wp\/v2\/types\/product"}],"wp:featuredmedia":[{"embeddable":true,"href":"https:\/\/www.editorialjuventud.es\/ca\/wp-json\/wp\/v2\/media\/12849"}],"wp:attachment":[{"href":"https:\/\/www.editorialjuventud.es\/ca\/wp-json\/wp\/v2\/media?parent=5889"}],"wp:term":[{"taxonomy":"product_brand","embeddable":true,"href":"https:\/\/www.editorialjuventud.es\/ca\/wp-json\/wp\/v2\/product_brand?post=5889"},{"taxonomy":"product_cat","embeddable":true,"href":"https:\/\/www.editorialjuventud.es\/ca\/wp-json\/wp\/v2\/product_cat?post=5889"},{"taxonomy":"product_tag","embeddable":true,"href":"https:\/\/www.editorialjuventud.es\/ca\/wp-json\/wp\/v2\/product_tag?post=5889"},{"taxonomy":"coleccion","embeddable":true,"href":"https:\/\/www.editorialjuventud.es\/ca\/wp-json\/wp\/v2\/coleccion?post=5889"}],"curies":[{"name":"wp","href":"https:\/\/api.w.org\/{rel}","templated":true}]}}