{"id":5886,"date":"2018-08-24T13:36:37","date_gmt":"2018-08-24T09:36:37","guid":{"rendered":"http:\/\/www.editorialjuventud.es\/cuentos-de-grimm\/"},"modified":"2023-03-14T08:56:22","modified_gmt":"2023-03-14T07:56:22","slug":"cuentos-de-grimm-9788426139870","status":"publish","type":"product","link":"https:\/\/www.editorialjuventud.es\/ca\/cuentos-de-grimm-9788426139870\/","title":{"rendered":"Cuentos de Grimm"},"content":{"rendered":"<p>Jacob Grimm (Hanau, 1785-Berl\u00edn, 1863) y Wilhelm Grimm (Hanau, 1786-Berl\u00edn, 1859), hu\u00e9rfanos desde muy temprana edad, tuvieron una juventud dif\u00edcil y durante toda su vida se mantuvieron muy unidos. Cursaron estudios de derecho y ejercieron de bibliotecarios en Cassel, y m\u00e1s tarde de profesores en la universidad de Gottingen -de donde fueron expulsados por sus ideas liberales-, y en la universidad de Berl\u00edn. Investigadores infatigables y atentos observadores emprendieron una labor de recolecci\u00f3n de documentos sobre los mitos y leyendas her\u00f3icas de la antigua Alemania, as\u00ed como de poes\u00eda medieval y de cuentos populares de la tradici\u00f3n oral. Fruto de esta labor fueron estos Cuentos de Grimm, que tuvieron un \u00e9xito inmediato: ya en su tiempo se tradujeron a otros idiomas, y hoy son conocidos en todo el mundo. Su investigaci\u00f3n los llev\u00f3 al estudio de la lengua: fundadores de la filolog\u00eda alemana y los m\u00e1s grandes representantes del m\u00e9todo hist\u00f3rico en los estudios literarios, escribieron entre otras obras important\u00edsimas una gran Gram\u00e1tica de la lengua alemana y un monumental Diccionario alem\u00e1n.<\/p>\n","protected":false},"excerpt":{"rendered":"Jacob Grimm (Hanau, 1785-Berl\u00edn, 1863) y Wilhelm Grimm (Hanau, 1786-Berl\u00edn, 1859), hu\u00e9rfanos desde muy temprana edad, tuvieron una juventud dif\u00edcil y durante toda su vida se mantuvieron muy unidos. Cursaron estudios de derecho y ejercieron de bibliotecarios en Cassel, y [&hellip;]","protected":false},"featured_media":12273,"template":"","meta":{"_acf_changed":false,"_exactmetrics_skip_tracking":false,"_exactmetrics_sitenote_active":false,"_exactmetrics_sitenote_note":"","_exactmetrics_sitenote_category":0},"product_brand":[],"product_cat":[896,892,1115,1289,1119,1128,908],"product_tag":[],"coleccion":[916,931],"class_list":{"0":"post-5886","1":"product","2":"type-product","3":"status-publish","4":"has-post-thumbnail","6":"product_cat-a-partir-de-12-anos","7":"product_cat-edades","8":"product_cat-generos","9":"product_cat-leyendas-cuentos-tradicionales","10":"product_cat-narrativa-juvenil","11":"product_cat-tematica","12":"product_cat-todas-las-edades","13":"coleccion-castellano","14":"coleccion-cuentos-universales","16":"first","17":"instock","18":"taxable","19":"shipping-taxable","20":"purchasable","21":"product-type-simple"},"acf":{"autor":"GRIMM","codart":"3987","ediciones":"0","encuadernacion":"Geltex","fecha_de_publicacion":"01\/04\/2013","novedad":"0","paginas":"184","subtitulo":"","texto_web_adicional":"","texto_web_novedad":"","orden":"999","portada":"0","texto_web_resaltado":"","indice":"","autores-libros":[16381,16382],"ilustradores-libros":[16569],"traductores-libros":[16513],"fecha_de_reimpresion":"","descripcion_corta":"","recomendamos":"","mas_vendido":"","idioma-libro":"","color":false,"formato":"","mas_informacion_del_producto":false,"premios":false,"deshabilitar_compra":["deshabilitar"],"texto_enlace_cubierta":"","enlace_cubierta":false,"texto_enlace_ficha_tecnica":"","enlace_ficha_tecnica":false,"ficheros":false,"titulo-fr":"","texto-fr":""},"yoast_head":"<!-- This site is optimized with the Yoast SEO plugin v27.5 - https:\/\/yoast.com\/product\/yoast-seo-wordpress\/ -->\n<title>Cuentos de Grimm - Editorial Juventud<\/title>\n<meta name=\"description\" content=\"Jacob Grimm (Hanau, 1785-Berl\u00edn, 1863) y Wilhelm Grimm (Hanau, 1786-Berl\u00edn, 1859), hu\u00e9rfanos desde muy temprana edad, tuvieron una juventud dif\u00edcil y\" \/>\n<meta name=\"robots\" content=\"index, follow, max-snippet:-1, max-image-preview:large, max-video-preview:-1\" \/>\n<link rel=\"canonical\" href=\"https:\/\/www.editorialjuventud.es\/ca\/cuentos-de-grimm-9788426139870\/\" \/>\n<meta property=\"og:locale\" content=\"ca_ES\" \/>\n<meta property=\"og:type\" content=\"article\" \/>\n<meta property=\"og:title\" content=\"Cuentos de Grimm - Editorial Juventud\" \/>\n<meta property=\"og:description\" content=\"Jacob Grimm (Hanau, 1785-Berl\u00edn, 1863) y Wilhelm Grimm (Hanau, 1786-Berl\u00edn, 1859), hu\u00e9rfanos desde muy temprana edad, tuvieron una juventud dif\u00edcil y\" \/>\n<meta property=\"og:url\" content=\"https:\/\/www.editorialjuventud.es\/ca\/cuentos-de-grimm-9788426139870\/\" \/>\n<meta property=\"og:site_name\" content=\"Editorial Juventud\" \/>\n<meta property=\"article:modified_time\" content=\"2023-03-14T07:56:22+00:00\" \/>\n<meta property=\"og:image\" content=\"https:\/\/www.editorialjuventud.es\/wp-content\/uploads\/3987.jpg\" \/>\n\t<meta property=\"og:image:width\" content=\"335\" \/>\n\t<meta property=\"og:image:height\" content=\"450\" \/>\n\t<meta property=\"og:image:type\" content=\"image\/jpeg\" \/>\n<meta name=\"twitter:card\" content=\"summary_large_image\" \/>\n<meta name=\"twitter:label1\" content=\"Temps estimat de lectura\" \/>\n\t<meta name=\"twitter:data1\" content=\"1 minut\" \/>\n<script type=\"application\/ld+json\" class=\"yoast-schema-graph\">{\"@context\":\"https:\\\/\\\/schema.org\",\"@graph\":[{\"@type\":\"WebPage\",\"@id\":\"https:\\\/\\\/www.editorialjuventud.es\\\/ca\\\/cuentos-de-grimm-9788426139870\\\/\",\"url\":\"https:\\\/\\\/www.editorialjuventud.es\\\/ca\\\/cuentos-de-grimm-9788426139870\\\/\",\"name\":\"Cuentos de Grimm - Editorial Juventud\",\"isPartOf\":{\"@id\":\"https:\\\/\\\/www.editorialjuventud.es\\\/#website\"},\"primaryImageOfPage\":{\"@id\":\"https:\\\/\\\/www.editorialjuventud.es\\\/ca\\\/cuentos-de-grimm-9788426139870\\\/#primaryimage\"},\"image\":{\"@id\":\"https:\\\/\\\/www.editorialjuventud.es\\\/ca\\\/cuentos-de-grimm-9788426139870\\\/#primaryimage\"},\"thumbnailUrl\":\"https:\\\/\\\/www.editorialjuventud.es\\\/wp-content\\\/uploads\\\/3987.jpg\",\"datePublished\":\"2018-08-24T09:36:37+00:00\",\"dateModified\":\"2023-03-14T07:56:22+00:00\",\"description\":\"Jacob Grimm (Hanau, 1785-Berl\u00edn, 1863) y Wilhelm Grimm (Hanau, 1786-Berl\u00edn, 1859), hu\u00e9rfanos desde muy temprana edad, tuvieron una juventud dif\u00edcil y\",\"breadcrumb\":{\"@id\":\"https:\\\/\\\/www.editorialjuventud.es\\\/ca\\\/cuentos-de-grimm-9788426139870\\\/#breadcrumb\"},\"inLanguage\":\"ca\",\"potentialAction\":[{\"@type\":\"ReadAction\",\"target\":[\"https:\\\/\\\/www.editorialjuventud.es\\\/ca\\\/cuentos-de-grimm-9788426139870\\\/\"]}]},{\"@type\":\"ImageObject\",\"inLanguage\":\"ca\",\"@id\":\"https:\\\/\\\/www.editorialjuventud.es\\\/ca\\\/cuentos-de-grimm-9788426139870\\\/#primaryimage\",\"url\":\"https:\\\/\\\/www.editorialjuventud.es\\\/wp-content\\\/uploads\\\/3987.jpg\",\"contentUrl\":\"https:\\\/\\\/www.editorialjuventud.es\\\/wp-content\\\/uploads\\\/3987.jpg\",\"width\":335,\"height\":450,\"caption\":\"3987.jpg\"},{\"@type\":\"BreadcrumbList\",\"@id\":\"https:\\\/\\\/www.editorialjuventud.es\\\/ca\\\/cuentos-de-grimm-9788426139870\\\/#breadcrumb\",\"itemListElement\":[{\"@type\":\"ListItem\",\"position\":1,\"name\":\"Portada\",\"item\":\"https:\\\/\\\/www.editorialjuventud.es\\\/\"},{\"@type\":\"ListItem\",\"position\":2,\"name\":\"cat\u00e1logo\",\"item\":\"https:\\\/\\\/www.editorialjuventud.es\\\/coleccion\\\/catalogo\\\/\"},{\"@type\":\"ListItem\",\"position\":3,\"name\":\"castellano\",\"item\":\"https:\\\/\\\/www.editorialjuventud.es\\\/coleccion\\\/castellano\\\/\"},{\"@type\":\"ListItem\",\"position\":4,\"name\":\"Cuentos Universales\",\"item\":\"https:\\\/\\\/www.editorialjuventud.es\\\/coleccion\\\/cuentos-universales\\\/\"},{\"@type\":\"ListItem\",\"position\":5,\"name\":\"Cuentos de Grimm\"}]},{\"@type\":\"WebSite\",\"@id\":\"https:\\\/\\\/www.editorialjuventud.es\\\/#website\",\"url\":\"https:\\\/\\\/www.editorialjuventud.es\\\/\",\"name\":\"Editorial Juventud\",\"description\":\"\",\"potentialAction\":[{\"@type\":\"SearchAction\",\"target\":{\"@type\":\"EntryPoint\",\"urlTemplate\":\"https:\\\/\\\/www.editorialjuventud.es\\\/?s={search_term_string}\"},\"query-input\":{\"@type\":\"PropertyValueSpecification\",\"valueRequired\":true,\"valueName\":\"search_term_string\"}}],\"inLanguage\":\"ca\"}]}<\/script>\n<!-- \/ Yoast SEO plugin. -->","yoast_head_json":{"title":"Cuentos de Grimm - Editorial Juventud","description":"Jacob Grimm (Hanau, 1785-Berl\u00edn, 1863) y Wilhelm Grimm (Hanau, 1786-Berl\u00edn, 1859), hu\u00e9rfanos desde muy temprana edad, tuvieron una juventud dif\u00edcil y","robots":{"index":"index","follow":"follow","max-snippet":"max-snippet:-1","max-image-preview":"max-image-preview:large","max-video-preview":"max-video-preview:-1"},"canonical":"https:\/\/www.editorialjuventud.es\/ca\/cuentos-de-grimm-9788426139870\/","og_locale":"ca_ES","og_type":"article","og_title":"Cuentos de Grimm - Editorial Juventud","og_description":"Jacob Grimm (Hanau, 1785-Berl\u00edn, 1863) y Wilhelm Grimm (Hanau, 1786-Berl\u00edn, 1859), hu\u00e9rfanos desde muy temprana edad, tuvieron una juventud dif\u00edcil y","og_url":"https:\/\/www.editorialjuventud.es\/ca\/cuentos-de-grimm-9788426139870\/","og_site_name":"Editorial Juventud","article_modified_time":"2023-03-14T07:56:22+00:00","og_image":[{"width":335,"height":450,"url":"https:\/\/www.editorialjuventud.es\/wp-content\/uploads\/3987.jpg","type":"image\/jpeg"}],"twitter_card":"summary_large_image","twitter_misc":{"Temps estimat de lectura":"1 minut"},"schema":{"@context":"https:\/\/schema.org","@graph":[{"@type":"WebPage","@id":"https:\/\/www.editorialjuventud.es\/ca\/cuentos-de-grimm-9788426139870\/","url":"https:\/\/www.editorialjuventud.es\/ca\/cuentos-de-grimm-9788426139870\/","name":"Cuentos de Grimm - Editorial Juventud","isPartOf":{"@id":"https:\/\/www.editorialjuventud.es\/#website"},"primaryImageOfPage":{"@id":"https:\/\/www.editorialjuventud.es\/ca\/cuentos-de-grimm-9788426139870\/#primaryimage"},"image":{"@id":"https:\/\/www.editorialjuventud.es\/ca\/cuentos-de-grimm-9788426139870\/#primaryimage"},"thumbnailUrl":"https:\/\/www.editorialjuventud.es\/wp-content\/uploads\/3987.jpg","datePublished":"2018-08-24T09:36:37+00:00","dateModified":"2023-03-14T07:56:22+00:00","description":"Jacob Grimm (Hanau, 1785-Berl\u00edn, 1863) y Wilhelm Grimm (Hanau, 1786-Berl\u00edn, 1859), hu\u00e9rfanos desde muy temprana edad, tuvieron una juventud dif\u00edcil y","breadcrumb":{"@id":"https:\/\/www.editorialjuventud.es\/ca\/cuentos-de-grimm-9788426139870\/#breadcrumb"},"inLanguage":"ca","potentialAction":[{"@type":"ReadAction","target":["https:\/\/www.editorialjuventud.es\/ca\/cuentos-de-grimm-9788426139870\/"]}]},{"@type":"ImageObject","inLanguage":"ca","@id":"https:\/\/www.editorialjuventud.es\/ca\/cuentos-de-grimm-9788426139870\/#primaryimage","url":"https:\/\/www.editorialjuventud.es\/wp-content\/uploads\/3987.jpg","contentUrl":"https:\/\/www.editorialjuventud.es\/wp-content\/uploads\/3987.jpg","width":335,"height":450,"caption":"3987.jpg"},{"@type":"BreadcrumbList","@id":"https:\/\/www.editorialjuventud.es\/ca\/cuentos-de-grimm-9788426139870\/#breadcrumb","itemListElement":[{"@type":"ListItem","position":1,"name":"Portada","item":"https:\/\/www.editorialjuventud.es\/"},{"@type":"ListItem","position":2,"name":"cat\u00e1logo","item":"https:\/\/www.editorialjuventud.es\/coleccion\/catalogo\/"},{"@type":"ListItem","position":3,"name":"castellano","item":"https:\/\/www.editorialjuventud.es\/coleccion\/castellano\/"},{"@type":"ListItem","position":4,"name":"Cuentos Universales","item":"https:\/\/www.editorialjuventud.es\/coleccion\/cuentos-universales\/"},{"@type":"ListItem","position":5,"name":"Cuentos de Grimm"}]},{"@type":"WebSite","@id":"https:\/\/www.editorialjuventud.es\/#website","url":"https:\/\/www.editorialjuventud.es\/","name":"Editorial Juventud","description":"","potentialAction":[{"@type":"SearchAction","target":{"@type":"EntryPoint","urlTemplate":"https:\/\/www.editorialjuventud.es\/?s={search_term_string}"},"query-input":{"@type":"PropertyValueSpecification","valueRequired":true,"valueName":"search_term_string"}}],"inLanguage":"ca"}]}},"_links":{"self":[{"href":"https:\/\/www.editorialjuventud.es\/ca\/wp-json\/wp\/v2\/product\/5886","targetHints":{"allow":["GET"]}}],"collection":[{"href":"https:\/\/www.editorialjuventud.es\/ca\/wp-json\/wp\/v2\/product"}],"about":[{"href":"https:\/\/www.editorialjuventud.es\/ca\/wp-json\/wp\/v2\/types\/product"}],"wp:featuredmedia":[{"embeddable":true,"href":"https:\/\/www.editorialjuventud.es\/ca\/wp-json\/wp\/v2\/media\/12273"}],"wp:attachment":[{"href":"https:\/\/www.editorialjuventud.es\/ca\/wp-json\/wp\/v2\/media?parent=5886"}],"wp:term":[{"taxonomy":"product_brand","embeddable":true,"href":"https:\/\/www.editorialjuventud.es\/ca\/wp-json\/wp\/v2\/product_brand?post=5886"},{"taxonomy":"product_cat","embeddable":true,"href":"https:\/\/www.editorialjuventud.es\/ca\/wp-json\/wp\/v2\/product_cat?post=5886"},{"taxonomy":"product_tag","embeddable":true,"href":"https:\/\/www.editorialjuventud.es\/ca\/wp-json\/wp\/v2\/product_tag?post=5886"},{"taxonomy":"coleccion","embeddable":true,"href":"https:\/\/www.editorialjuventud.es\/ca\/wp-json\/wp\/v2\/coleccion?post=5886"}],"curies":[{"name":"wp","href":"https:\/\/api.w.org\/{rel}","templated":true}]}}