{"id":5885,"date":"2018-08-24T11:36:33","date_gmt":"2018-08-24T09:36:33","guid":{"rendered":"http:\/\/www.editorialjuventud.es\/a-stroll-with-mr-gaudi\/"},"modified":"2025-01-31T10:45:59","modified_gmt":"2025-01-31T09:45:59","slug":"a-stroll-with-mr-gaudi-9788426139863","status":"publish","type":"product","link":"https:\/\/www.editorialjuventud.es\/ca\/a-stroll-with-mr-gaudi-9788426139863\/","title":{"rendered":"A stroll with Mr. Gaud\u00ed"},"content":{"rendered":"<p>Mr Gaudi lives in a most peculiar place, the G\u00fcell Park , which he has designed in Barcelona for the Count of G\u00fcell. Every day when he goes to work he checks the progress on the works he&#8217;s been commissioned to do: the Pedrera, the Sagrada Familia, the Batllo House&#8230; You&#8217;d never guess by his unkempt appearance but Antoni Gaudi is one of the most reknown architects of his day, even though oftentimes people think that his buildings are quite bizarre&#8230; A picture book full of wonderful illustrations to learn about the city of Barcelona and about one of the most original architects of the 20th century.<\/p>\n","protected":false},"excerpt":{"rendered":"Mr Gaudi lives in a most peculiar place, the G\u00fcell Park , which he has designed in Barcelona for the Count of G\u00fcell. Every day when he goes to work he checks the progress on the works he&#8217;s been commissioned [&hellip;]","protected":false},"featured_media":17006,"template":"","meta":{"_acf_changed":false,"_exactmetrics_skip_tracking":false,"_exactmetrics_sitenote_active":false,"_exactmetrics_sitenote_note":"","_exactmetrics_sitenote_category":0},"product_brand":[],"product_cat":[902,1121,1139,1125,1140,1123,1215],"product_tag":[],"coleccion":[928,986,916],"class_list":{"0":"post-5885","1":"product","2":"type-product","3":"status-publish","4":"has-post-thumbnail","6":"product_cat-a-partir-de-7-anos","7":"product_cat-albumes-ilustrados","8":"product_cat-arquitectura","9":"product_cat-arte","10":"product_cat-arte-y-creatividad","11":"product_cat-libros-informativos-infantil","12":"product_cat-profesiones-trabajo","13":"coleccion-albumes-ilustrados","14":"coleccion-arte-y-creatividad","15":"coleccion-castellano","17":"first","18":"instock","19":"taxable","20":"shipping-taxable","21":"purchasable","22":"product-type-simple"},"acf":{"autor":"Estrada, Pau","codart":"3986","ediciones":"12","encuadernacion":"Carton\u00e9","fecha_de_publicacion":"02\/06\/2014","novedad":"0","paginas":"40","subtitulo":"","texto_web_adicional":"","texto_web_novedad":"","orden":"999","portada":"0","texto_web_resaltado":"","indice":"","autores-libros":[16351],"ilustradores-libros":[16351],"traductores-libros":"","descripcion_corta":"","recomendamos":"","mas_vendido":"","idioma-libro":"","color":false,"formato":"","mas_informacion_del_producto":false,"premios":false,"texto_enlace_cubierta":"","enlace_cubierta":{"ID":36553,"id":36553,"title":"GAUDI cover 7a INGLESA.indd","filename":"Gaudi_Cover_300px_Ingles.jpg","filesize":1890526,"url":"https:\/\/www.editorialjuventud.es\/wp-content\/uploads\/Gaudi_Cover_300px_Ingles.jpg","link":"https:\/\/www.editorialjuventud.es\/ca\/?attachment_id=36553","alt":"","author":"50","description":"","caption":"","name":"gaudi-cover-7a-inglesa-indd","status":"inherit","uploaded_to":5885,"date":"2020-01-16 14:43:21","modified":"2020-01-16 14:43:21","menu_order":0,"mime_type":"image\/jpeg","type":"image","subtype":"jpeg","icon":"https:\/\/www.editorialjuventud.es\/wp-includes\/images\/media\/default.png","width":2626,"height":3390,"sizes":{"thumbnail":"https:\/\/www.editorialjuventud.es\/wp-content\/uploads\/Gaudi_Cover_300px_Ingles-200x200.jpg","thumbnail-width":200,"thumbnail-height":200,"medium":"https:\/\/www.editorialjuventud.es\/wp-content\/uploads\/Gaudi_Cover_300px_Ingles.jpg","medium-width":2626,"medium-height":3390,"medium_large":"https:\/\/www.editorialjuventud.es\/wp-content\/uploads\/Gaudi_Cover_300px_Ingles-768x991.jpg","medium_large-width":768,"medium_large-height":991,"large":"https:\/\/www.editorialjuventud.es\/wp-content\/uploads\/Gaudi_Cover_300px_Ingles.jpg","large-width":2626,"large-height":3390,"1536x1536":"https:\/\/www.editorialjuventud.es\/wp-content\/uploads\/Gaudi_Cover_300px_Ingles.jpg","1536x1536-width":1190,"1536x1536-height":1536,"2048x2048":"https:\/\/www.editorialjuventud.es\/wp-content\/uploads\/Gaudi_Cover_300px_Ingles.jpg","2048x2048-width":1586,"2048x2048-height":2048,"woocommerce_thumbnail":"https:\/\/www.editorialjuventud.es\/wp-content\/uploads\/Gaudi_Cover_300px_Ingles-350x452.jpg","woocommerce_thumbnail-width":350,"woocommerce_thumbnail-height":452,"woocommerce_single":"https:\/\/www.editorialjuventud.es\/wp-content\/uploads\/Gaudi_Cover_300px_Ingles-900x1162.jpg","woocommerce_single-width":900,"woocommerce_single-height":1162,"woocommerce_gallery_thumbnail":"https:\/\/www.editorialjuventud.es\/wp-content\/uploads\/Gaudi_Cover_300px_Ingles-100x100.jpg","woocommerce_gallery_thumbnail-width":100,"woocommerce_gallery_thumbnail-height":100,"ppec_logo_image_size":"https:\/\/www.editorialjuventud.es\/wp-content\/uploads\/Gaudi_Cover_300px_Ingles.jpg","ppec_logo_image_size-width":46,"ppec_logo_image_size-height":60,"ppec_header_image_size":"https:\/\/www.editorialjuventud.es\/wp-content\/uploads\/Gaudi_Cover_300px_Ingles.jpg","ppec_header_image_size-width":70,"ppec_header_image_size-height":90}},"texto_enlace_ficha_tecnica":"","enlace_ficha_tecnica":{"ID":24931,"id":24931,"title":"Ficha FR-A Stroll With Mr. Gaud\u00ed","filename":"Ficha-FR-A-Stroll-With-Mr.-Gaud\u00ed-1.pdf","filesize":461718,"url":"https:\/\/www.editorialjuventud.es\/wp-content\/uploads\/Ficha-FR-A-Stroll-With-Mr.-Gaud\u00ed-1.pdf","link":"https:\/\/www.editorialjuventud.es\/ca\/?attachment_id=24931","alt":"","author":"47","description":"","caption":"","name":"ficha-fr-a-stroll-with-mr-gaudi-2","status":"inherit","uploaded_to":5885,"date":"2019-05-03 06:56:46","modified":"2019-05-03 06:56:46","menu_order":0,"mime_type":"application\/pdf","type":"application","subtype":"pdf","icon":"https:\/\/www.editorialjuventud.es\/wp-includes\/images\/media\/document.png"},"ficheros":false,"titulo-fr":"","texto-fr":"","fecha_de_reimpresion":"01\/02\/2024","deshabilitar_compra":[]},"yoast_head":"<!-- This site is optimized with the Yoast SEO plugin v27.5 - https:\/\/yoast.com\/product\/yoast-seo-wordpress\/ -->\n<title>A stroll with Mr. Gaud\u00ed - Editorial Juventud<\/title>\n<meta name=\"description\" content=\"Mr Gaudi lives in a most peculiar place, the G\u00fcell Park , which he has designed in Barcelona for the Count of G\u00fcell. Every day when he goes to work he\" \/>\n<meta name=\"robots\" content=\"index, follow, max-snippet:-1, max-image-preview:large, max-video-preview:-1\" \/>\n<link rel=\"canonical\" href=\"https:\/\/www.editorialjuventud.es\/a-stroll-with-mr-gaudi-9788426139863\/\" \/>\n<meta property=\"og:locale\" content=\"ca_ES\" \/>\n<meta property=\"og:type\" content=\"article\" \/>\n<meta property=\"og:title\" content=\"A stroll with Mr. Gaud\u00ed - Editorial Juventud\" \/>\n<meta property=\"og:description\" content=\"Mr Gaudi lives in a most peculiar place, the G\u00fcell Park , which he has designed in Barcelona for the Count of G\u00fcell. Every day when he goes to work he\" \/>\n<meta property=\"og:url\" content=\"https:\/\/www.editorialjuventud.es\/a-stroll-with-mr-gaudi-9788426139863\/\" \/>\n<meta property=\"og:site_name\" content=\"Editorial Juventud\" \/>\n<meta property=\"article:modified_time\" content=\"2025-01-31T09:45:59+00:00\" \/>\n<meta property=\"og:image\" content=\"https:\/\/www.editorialjuventud.es\/wp-content\/uploads\/3986.jpg\" \/>\n\t<meta property=\"og:image:width\" content=\"348\" \/>\n\t<meta property=\"og:image:height\" content=\"450\" \/>\n\t<meta property=\"og:image:type\" content=\"image\/jpeg\" \/>\n<meta name=\"twitter:card\" content=\"summary_large_image\" \/>\n<meta name=\"twitter:label1\" content=\"Temps estimat de lectura\" \/>\n\t<meta name=\"twitter:data1\" content=\"1 minut\" \/>\n<script type=\"application\/ld+json\" class=\"yoast-schema-graph\">{\"@context\":\"https:\\\/\\\/schema.org\",\"@graph\":[{\"@type\":\"WebPage\",\"@id\":\"https:\\\/\\\/www.editorialjuventud.es\\\/a-stroll-with-mr-gaudi-9788426139863\\\/\",\"url\":\"https:\\\/\\\/www.editorialjuventud.es\\\/a-stroll-with-mr-gaudi-9788426139863\\\/\",\"name\":\"A stroll with Mr. Gaud\u00ed - Editorial Juventud\",\"isPartOf\":{\"@id\":\"https:\\\/\\\/www.editorialjuventud.es\\\/#website\"},\"primaryImageOfPage\":{\"@id\":\"https:\\\/\\\/www.editorialjuventud.es\\\/a-stroll-with-mr-gaudi-9788426139863\\\/#primaryimage\"},\"image\":{\"@id\":\"https:\\\/\\\/www.editorialjuventud.es\\\/a-stroll-with-mr-gaudi-9788426139863\\\/#primaryimage\"},\"thumbnailUrl\":\"https:\\\/\\\/www.editorialjuventud.es\\\/wp-content\\\/uploads\\\/3986.jpg\",\"datePublished\":\"2018-08-24T09:36:33+00:00\",\"dateModified\":\"2025-01-31T09:45:59+00:00\",\"description\":\"Mr Gaudi lives in a most peculiar place, the G\u00fcell Park , which he has designed in Barcelona for the Count of G\u00fcell. Every day when he goes to work he\",\"breadcrumb\":{\"@id\":\"https:\\\/\\\/www.editorialjuventud.es\\\/a-stroll-with-mr-gaudi-9788426139863\\\/#breadcrumb\"},\"inLanguage\":\"ca\",\"potentialAction\":[{\"@type\":\"ReadAction\",\"target\":[\"https:\\\/\\\/www.editorialjuventud.es\\\/a-stroll-with-mr-gaudi-9788426139863\\\/\"]}]},{\"@type\":\"ImageObject\",\"inLanguage\":\"ca\",\"@id\":\"https:\\\/\\\/www.editorialjuventud.es\\\/a-stroll-with-mr-gaudi-9788426139863\\\/#primaryimage\",\"url\":\"https:\\\/\\\/www.editorialjuventud.es\\\/wp-content\\\/uploads\\\/3986.jpg\",\"contentUrl\":\"https:\\\/\\\/www.editorialjuventud.es\\\/wp-content\\\/uploads\\\/3986.jpg\",\"width\":348,\"height\":450,\"caption\":\"9788426139863.jpg\"},{\"@type\":\"BreadcrumbList\",\"@id\":\"https:\\\/\\\/www.editorialjuventud.es\\\/a-stroll-with-mr-gaudi-9788426139863\\\/#breadcrumb\",\"itemListElement\":[{\"@type\":\"ListItem\",\"position\":1,\"name\":\"Portada\",\"item\":\"https:\\\/\\\/www.editorialjuventud.es\\\/\"},{\"@type\":\"ListItem\",\"position\":2,\"name\":\"cat\u00e1logo\",\"item\":\"https:\\\/\\\/www.editorialjuventud.es\\\/coleccion\\\/catalogo\\\/\"},{\"@type\":\"ListItem\",\"position\":3,\"name\":\"castellano\",\"item\":\"https:\\\/\\\/www.editorialjuventud.es\\\/coleccion\\\/castellano\\\/\"},{\"@type\":\"ListItem\",\"position\":4,\"name\":\"\u00c1lbumes Ilustrados\",\"item\":\"https:\\\/\\\/www.editorialjuventud.es\\\/coleccion\\\/albumes-ilustrados\\\/\"},{\"@type\":\"ListItem\",\"position\":5,\"name\":\"Arte y Creatividad\",\"item\":\"https:\\\/\\\/www.editorialjuventud.es\\\/ca\\\/coleccion\\\/arte-y-creatividad\\\/\"},{\"@type\":\"ListItem\",\"position\":6,\"name\":\"A stroll with Mr. Gaud\u00ed\"}]},{\"@type\":\"WebSite\",\"@id\":\"https:\\\/\\\/www.editorialjuventud.es\\\/#website\",\"url\":\"https:\\\/\\\/www.editorialjuventud.es\\\/\",\"name\":\"Editorial Juventud\",\"description\":\"\",\"potentialAction\":[{\"@type\":\"SearchAction\",\"target\":{\"@type\":\"EntryPoint\",\"urlTemplate\":\"https:\\\/\\\/www.editorialjuventud.es\\\/?s={search_term_string}\"},\"query-input\":{\"@type\":\"PropertyValueSpecification\",\"valueRequired\":true,\"valueName\":\"search_term_string\"}}],\"inLanguage\":\"ca\"}]}<\/script>\n<!-- \/ Yoast SEO plugin. -->","yoast_head_json":{"title":"A stroll with Mr. Gaud\u00ed - Editorial Juventud","description":"Mr Gaudi lives in a most peculiar place, the G\u00fcell Park , which he has designed in Barcelona for the Count of G\u00fcell. Every day when he goes to work he","robots":{"index":"index","follow":"follow","max-snippet":"max-snippet:-1","max-image-preview":"max-image-preview:large","max-video-preview":"max-video-preview:-1"},"canonical":"https:\/\/www.editorialjuventud.es\/a-stroll-with-mr-gaudi-9788426139863\/","og_locale":"ca_ES","og_type":"article","og_title":"A stroll with Mr. Gaud\u00ed - Editorial Juventud","og_description":"Mr Gaudi lives in a most peculiar place, the G\u00fcell Park , which he has designed in Barcelona for the Count of G\u00fcell. Every day when he goes to work he","og_url":"https:\/\/www.editorialjuventud.es\/a-stroll-with-mr-gaudi-9788426139863\/","og_site_name":"Editorial Juventud","article_modified_time":"2025-01-31T09:45:59+00:00","og_image":[{"width":348,"height":450,"url":"https:\/\/www.editorialjuventud.es\/wp-content\/uploads\/3986.jpg","type":"image\/jpeg"}],"twitter_card":"summary_large_image","twitter_misc":{"Temps estimat de lectura":"1 minut"},"schema":{"@context":"https:\/\/schema.org","@graph":[{"@type":"WebPage","@id":"https:\/\/www.editorialjuventud.es\/a-stroll-with-mr-gaudi-9788426139863\/","url":"https:\/\/www.editorialjuventud.es\/a-stroll-with-mr-gaudi-9788426139863\/","name":"A stroll with Mr. Gaud\u00ed - Editorial Juventud","isPartOf":{"@id":"https:\/\/www.editorialjuventud.es\/#website"},"primaryImageOfPage":{"@id":"https:\/\/www.editorialjuventud.es\/a-stroll-with-mr-gaudi-9788426139863\/#primaryimage"},"image":{"@id":"https:\/\/www.editorialjuventud.es\/a-stroll-with-mr-gaudi-9788426139863\/#primaryimage"},"thumbnailUrl":"https:\/\/www.editorialjuventud.es\/wp-content\/uploads\/3986.jpg","datePublished":"2018-08-24T09:36:33+00:00","dateModified":"2025-01-31T09:45:59+00:00","description":"Mr Gaudi lives in a most peculiar place, the G\u00fcell Park , which he has designed in Barcelona for the Count of G\u00fcell. Every day when he goes to work he","breadcrumb":{"@id":"https:\/\/www.editorialjuventud.es\/a-stroll-with-mr-gaudi-9788426139863\/#breadcrumb"},"inLanguage":"ca","potentialAction":[{"@type":"ReadAction","target":["https:\/\/www.editorialjuventud.es\/a-stroll-with-mr-gaudi-9788426139863\/"]}]},{"@type":"ImageObject","inLanguage":"ca","@id":"https:\/\/www.editorialjuventud.es\/a-stroll-with-mr-gaudi-9788426139863\/#primaryimage","url":"https:\/\/www.editorialjuventud.es\/wp-content\/uploads\/3986.jpg","contentUrl":"https:\/\/www.editorialjuventud.es\/wp-content\/uploads\/3986.jpg","width":348,"height":450,"caption":"9788426139863.jpg"},{"@type":"BreadcrumbList","@id":"https:\/\/www.editorialjuventud.es\/a-stroll-with-mr-gaudi-9788426139863\/#breadcrumb","itemListElement":[{"@type":"ListItem","position":1,"name":"Portada","item":"https:\/\/www.editorialjuventud.es\/"},{"@type":"ListItem","position":2,"name":"cat\u00e1logo","item":"https:\/\/www.editorialjuventud.es\/coleccion\/catalogo\/"},{"@type":"ListItem","position":3,"name":"castellano","item":"https:\/\/www.editorialjuventud.es\/coleccion\/castellano\/"},{"@type":"ListItem","position":4,"name":"\u00c1lbumes Ilustrados","item":"https:\/\/www.editorialjuventud.es\/coleccion\/albumes-ilustrados\/"},{"@type":"ListItem","position":5,"name":"Arte y Creatividad","item":"https:\/\/www.editorialjuventud.es\/ca\/coleccion\/arte-y-creatividad\/"},{"@type":"ListItem","position":6,"name":"A stroll with Mr. Gaud\u00ed"}]},{"@type":"WebSite","@id":"https:\/\/www.editorialjuventud.es\/#website","url":"https:\/\/www.editorialjuventud.es\/","name":"Editorial Juventud","description":"","potentialAction":[{"@type":"SearchAction","target":{"@type":"EntryPoint","urlTemplate":"https:\/\/www.editorialjuventud.es\/?s={search_term_string}"},"query-input":{"@type":"PropertyValueSpecification","valueRequired":true,"valueName":"search_term_string"}}],"inLanguage":"ca"}]}},"_links":{"self":[{"href":"https:\/\/www.editorialjuventud.es\/ca\/wp-json\/wp\/v2\/product\/5885","targetHints":{"allow":["GET"]}}],"collection":[{"href":"https:\/\/www.editorialjuventud.es\/ca\/wp-json\/wp\/v2\/product"}],"about":[{"href":"https:\/\/www.editorialjuventud.es\/ca\/wp-json\/wp\/v2\/types\/product"}],"wp:featuredmedia":[{"embeddable":true,"href":"https:\/\/www.editorialjuventud.es\/ca\/wp-json\/wp\/v2\/media\/17006"}],"wp:attachment":[{"href":"https:\/\/www.editorialjuventud.es\/ca\/wp-json\/wp\/v2\/media?parent=5885"}],"wp:term":[{"taxonomy":"product_brand","embeddable":true,"href":"https:\/\/www.editorialjuventud.es\/ca\/wp-json\/wp\/v2\/product_brand?post=5885"},{"taxonomy":"product_cat","embeddable":true,"href":"https:\/\/www.editorialjuventud.es\/ca\/wp-json\/wp\/v2\/product_cat?post=5885"},{"taxonomy":"product_tag","embeddable":true,"href":"https:\/\/www.editorialjuventud.es\/ca\/wp-json\/wp\/v2\/product_tag?post=5885"},{"taxonomy":"coleccion","embeddable":true,"href":"https:\/\/www.editorialjuventud.es\/ca\/wp-json\/wp\/v2\/coleccion?post=5885"}],"curies":[{"name":"wp","href":"https:\/\/api.w.org\/{rel}","templated":true}]}}