{"id":5883,"date":"2018-08-24T13:36:23","date_gmt":"2018-08-24T09:36:23","guid":{"rendered":"http:\/\/www.editorialjuventud.es\/pero-papa%c2%85\/"},"modified":"2025-05-08T16:19:40","modified_gmt":"2025-05-08T14:19:40","slug":"pero-papa-9788426139849","status":"publish","type":"product","link":"https:\/\/www.editorialjuventud.es\/ca\/pero-papa-9788426139849\/","title":{"rendered":"Pero pap\u00e1&#8230;"},"content":{"rendered":"<p>Es hora de acostar a los ni\u00f1os, pero pap\u00e1 se olvida de todo&#8230; de los pijamas, del vaso de agua y \u00a1hasta de la cama!! \u00a1Qu\u00e9 despistado es pap\u00e1! Un cuento en clave de humor para la hora de ir a la cama.<\/p>\n","protected":false},"excerpt":{"rendered":"Es hora de acostar a los ni\u00f1os, pero pap\u00e1 se olvida de todo&#8230; de los pijamas, del vaso de agua y \u00a1hasta de la cama!! \u00a1Qu\u00e9 despistado es pap\u00e1! Un cuento en clave de humor para la hora de ir [&hellip;]","protected":false},"featured_media":14463,"template":"","meta":{"_acf_changed":false,"_exactmetrics_skip_tracking":false,"_exactmetrics_sitenote_active":false,"_exactmetrics_sitenote_note":"","_exactmetrics_sitenote_category":0},"product_brand":[],"product_cat":[899,1121,1165,892,1115,1184,1205,1128],"product_tag":[],"coleccion":[928,916,990],"class_list":{"0":"post-5883","1":"product","2":"type-product","3":"status-publish","4":"has-post-thumbnail","6":"product_cat-a-partir-de-3-anos","7":"product_cat-albumes-ilustrados","8":"product_cat-dormir-sueno","9":"product_cat-edades","10":"product_cat-generos","11":"product_cat-humor","12":"product_cat-padres","13":"product_cat-tematica","14":"coleccion-albumes-ilustrados","15":"coleccion-castellano","16":"coleccion-cuentos-para-ir-a-la-cama","18":"first","19":"instock","20":"taxable","21":"shipping-taxable","22":"purchasable","23":"product-type-simple"},"acf":{"autor":"LAVOIE - DUBUC","codart":"3984","ediciones":"1","encuadernacion":"Carton\u00e9","fecha_de_publicacion":"01\/03\/2013","novedad":"0","paginas":"40","subtitulo":"","texto_web_adicional":"","texto_web_novedad":"","orden":"999","portada":"0","texto_web_resaltado":"","indice":"","autores-libros":[16455],"ilustradores-libros":[16332],"traductores-libros":[58414],"descripcion_corta":"","recomendamos":"","mas_vendido":"","idioma-libro":"","color":false,"formato":"","mas_informacion_del_producto":false,"premios":false,"texto_enlace_cubierta":"","enlace_cubierta":{"ID":21255,"id":21255,"title":"PERO PAPA_cover castellano ok(0)","filename":"PERO-PAPA_cover-castellano-ok0.jpg","filesize":270530,"url":"https:\/\/www.editorialjuventud.es\/wp-content\/uploads\/PERO-PAPA_cover-castellano-ok0.jpg","link":"https:\/\/www.editorialjuventud.es\/ca\/?attachment_id=21255","alt":"","author":"47","description":"","caption":"","name":"pero-papa_cover-castellano-ok0","status":"inherit","uploaded_to":5883,"date":"2019-02-15 10:49:54","modified":"2019-02-15 10:49:54","menu_order":0,"mime_type":"image\/jpeg","type":"image","subtype":"jpeg","icon":"https:\/\/www.editorialjuventud.es\/wp-includes\/images\/media\/default.png","width":1517,"height":2287,"sizes":{"thumbnail":"https:\/\/www.editorialjuventud.es\/wp-content\/uploads\/PERO-PAPA_cover-castellano-ok0-200x200.jpg","thumbnail-width":200,"thumbnail-height":200,"medium":"https:\/\/www.editorialjuventud.es\/wp-content\/uploads\/PERO-PAPA_cover-castellano-ok0.jpg","medium-width":1517,"medium-height":2287,"medium_large":"https:\/\/www.editorialjuventud.es\/wp-content\/uploads\/PERO-PAPA_cover-castellano-ok0-768x1158.jpg","medium_large-width":768,"medium_large-height":1158,"large":"https:\/\/www.editorialjuventud.es\/wp-content\/uploads\/PERO-PAPA_cover-castellano-ok0.jpg","large-width":1517,"large-height":2287,"1536x1536":"https:\/\/www.editorialjuventud.es\/wp-content\/uploads\/PERO-PAPA_cover-castellano-ok0.jpg","1536x1536-width":1019,"1536x1536-height":1536,"2048x2048":"https:\/\/www.editorialjuventud.es\/wp-content\/uploads\/PERO-PAPA_cover-castellano-ok0.jpg","2048x2048-width":1358,"2048x2048-height":2048,"woocommerce_thumbnail":"https:\/\/www.editorialjuventud.es\/wp-content\/uploads\/PERO-PAPA_cover-castellano-ok0-350x528.jpg","woocommerce_thumbnail-width":350,"woocommerce_thumbnail-height":528,"woocommerce_single":"https:\/\/www.editorialjuventud.es\/wp-content\/uploads\/PERO-PAPA_cover-castellano-ok0-900x1357.jpg","woocommerce_single-width":900,"woocommerce_single-height":1357,"woocommerce_gallery_thumbnail":"https:\/\/www.editorialjuventud.es\/wp-content\/uploads\/PERO-PAPA_cover-castellano-ok0-100x100.jpg","woocommerce_gallery_thumbnail-width":100,"woocommerce_gallery_thumbnail-height":100,"ppec_logo_image_size":"https:\/\/www.editorialjuventud.es\/wp-content\/uploads\/PERO-PAPA_cover-castellano-ok0.jpg","ppec_logo_image_size-width":40,"ppec_logo_image_size-height":60,"ppec_header_image_size":"https:\/\/www.editorialjuventud.es\/wp-content\/uploads\/PERO-PAPA_cover-castellano-ok0.jpg","ppec_header_image_size-width":60,"ppec_header_image_size-height":90}},"texto_enlace_ficha_tecnica":"","enlace_ficha_tecnica":false,"ficheros":false,"titulo-fr":"","texto-fr":"","fecha_de_reimpresion":"","deshabilitar_compra":["deshabilitar"]},"yoast_head":"<!-- This site is optimized with the Yoast SEO plugin v27.5 - https:\/\/yoast.com\/product\/yoast-seo-wordpress\/ -->\n<title>Pero pap\u00e1... - Editorial Juventud<\/title>\n<meta name=\"description\" content=\"Es hora de acostar a los ni\u00f1os, pero pap\u00e1 se olvida de todo... de los pijamas, del vaso de agua y \u00a1hasta de la cama!! \u00a1Qu\u00e9 despistado es pap\u00e1! Un cuento en clave de humor para la hora de ir a la cama.\" \/>\n<meta name=\"robots\" content=\"index, follow, max-snippet:-1, max-image-preview:large, max-video-preview:-1\" \/>\n<link rel=\"canonical\" href=\"https:\/\/www.editorialjuventud.es\/pero-papa-9788426139849\/\" \/>\n<meta property=\"og:locale\" content=\"ca_ES\" \/>\n<meta property=\"og:type\" content=\"article\" \/>\n<meta property=\"og:title\" content=\"Pero pap\u00e1... - Editorial Juventud\" \/>\n<meta property=\"og:description\" content=\"Es hora de acostar a los ni\u00f1os, pero pap\u00e1 se olvida de todo... de los pijamas, del vaso de agua y \u00a1hasta de la cama!! \u00a1Qu\u00e9 despistado es pap\u00e1! Un cuento en clave de humor para la hora de ir a la cama.\" \/>\n<meta property=\"og:url\" content=\"https:\/\/www.editorialjuventud.es\/pero-papa-9788426139849\/\" \/>\n<meta property=\"og:site_name\" content=\"Editorial Juventud\" \/>\n<meta property=\"article:modified_time\" content=\"2025-05-08T14:19:40+00:00\" \/>\n<meta property=\"og:image\" content=\"https:\/\/www.editorialjuventud.es\/wp-content\/uploads\/3984.jpg\" \/>\n\t<meta property=\"og:image:width\" content=\"321\" \/>\n\t<meta property=\"og:image:height\" content=\"450\" \/>\n\t<meta property=\"og:image:type\" content=\"image\/jpeg\" \/>\n<meta name=\"twitter:card\" content=\"summary_large_image\" \/>\n<meta name=\"twitter:label1\" content=\"Temps estimat de lectura\" \/>\n\t<meta name=\"twitter:data1\" content=\"1 minut\" \/>\n<script type=\"application\/ld+json\" class=\"yoast-schema-graph\">{\"@context\":\"https:\\\/\\\/schema.org\",\"@graph\":[{\"@type\":\"WebPage\",\"@id\":\"https:\\\/\\\/www.editorialjuventud.es\\\/pero-papa-9788426139849\\\/\",\"url\":\"https:\\\/\\\/www.editorialjuventud.es\\\/pero-papa-9788426139849\\\/\",\"name\":\"Pero pap\u00e1... - Editorial Juventud\",\"isPartOf\":{\"@id\":\"https:\\\/\\\/www.editorialjuventud.es\\\/#website\"},\"primaryImageOfPage\":{\"@id\":\"https:\\\/\\\/www.editorialjuventud.es\\\/pero-papa-9788426139849\\\/#primaryimage\"},\"image\":{\"@id\":\"https:\\\/\\\/www.editorialjuventud.es\\\/pero-papa-9788426139849\\\/#primaryimage\"},\"thumbnailUrl\":\"https:\\\/\\\/www.editorialjuventud.es\\\/wp-content\\\/uploads\\\/3984.jpg\",\"datePublished\":\"2018-08-24T09:36:23+00:00\",\"dateModified\":\"2025-05-08T14:19:40+00:00\",\"description\":\"Es hora de acostar a los ni\u00f1os, pero pap\u00e1 se olvida de todo... de los pijamas, del vaso de agua y \u00a1hasta de la cama!! \u00a1Qu\u00e9 despistado es pap\u00e1! Un cuento en clave de humor para la hora de ir a la cama.\",\"breadcrumb\":{\"@id\":\"https:\\\/\\\/www.editorialjuventud.es\\\/pero-papa-9788426139849\\\/#breadcrumb\"},\"inLanguage\":\"ca\",\"potentialAction\":[{\"@type\":\"ReadAction\",\"target\":[\"https:\\\/\\\/www.editorialjuventud.es\\\/pero-papa-9788426139849\\\/\"]}]},{\"@type\":\"ImageObject\",\"inLanguage\":\"ca\",\"@id\":\"https:\\\/\\\/www.editorialjuventud.es\\\/pero-papa-9788426139849\\\/#primaryimage\",\"url\":\"https:\\\/\\\/www.editorialjuventud.es\\\/wp-content\\\/uploads\\\/3984.jpg\",\"contentUrl\":\"https:\\\/\\\/www.editorialjuventud.es\\\/wp-content\\\/uploads\\\/3984.jpg\",\"width\":321,\"height\":450,\"caption\":\"3984.jpg\"},{\"@type\":\"BreadcrumbList\",\"@id\":\"https:\\\/\\\/www.editorialjuventud.es\\\/pero-papa-9788426139849\\\/#breadcrumb\",\"itemListElement\":[{\"@type\":\"ListItem\",\"position\":1,\"name\":\"Portada\",\"item\":\"https:\\\/\\\/www.editorialjuventud.es\\\/\"},{\"@type\":\"ListItem\",\"position\":2,\"name\":\"cat\u00e1logo\",\"item\":\"https:\\\/\\\/www.editorialjuventud.es\\\/coleccion\\\/catalogo\\\/\"},{\"@type\":\"ListItem\",\"position\":3,\"name\":\"castellano\",\"item\":\"https:\\\/\\\/www.editorialjuventud.es\\\/coleccion\\\/castellano\\\/\"},{\"@type\":\"ListItem\",\"position\":4,\"name\":\"\u00c1lbumes Ilustrados\",\"item\":\"https:\\\/\\\/www.editorialjuventud.es\\\/coleccion\\\/albumes-ilustrados\\\/\"},{\"@type\":\"ListItem\",\"position\":5,\"name\":\"Cuentos para Ir a la Cama\",\"item\":\"https:\\\/\\\/www.editorialjuventud.es\\\/coleccion\\\/cuentos-para-ir-a-la-cama\\\/\"},{\"@type\":\"ListItem\",\"position\":6,\"name\":\"Pero pap\u00e1...\"}]},{\"@type\":\"WebSite\",\"@id\":\"https:\\\/\\\/www.editorialjuventud.es\\\/#website\",\"url\":\"https:\\\/\\\/www.editorialjuventud.es\\\/\",\"name\":\"Editorial Juventud\",\"description\":\"\",\"potentialAction\":[{\"@type\":\"SearchAction\",\"target\":{\"@type\":\"EntryPoint\",\"urlTemplate\":\"https:\\\/\\\/www.editorialjuventud.es\\\/?s={search_term_string}\"},\"query-input\":{\"@type\":\"PropertyValueSpecification\",\"valueRequired\":true,\"valueName\":\"search_term_string\"}}],\"inLanguage\":\"ca\"}]}<\/script>\n<!-- \/ Yoast SEO plugin. -->","yoast_head_json":{"title":"Pero pap\u00e1... - Editorial Juventud","description":"Es hora de acostar a los ni\u00f1os, pero pap\u00e1 se olvida de todo... de los pijamas, del vaso de agua y \u00a1hasta de la cama!! \u00a1Qu\u00e9 despistado es pap\u00e1! Un cuento en clave de humor para la hora de ir a la cama.","robots":{"index":"index","follow":"follow","max-snippet":"max-snippet:-1","max-image-preview":"max-image-preview:large","max-video-preview":"max-video-preview:-1"},"canonical":"https:\/\/www.editorialjuventud.es\/pero-papa-9788426139849\/","og_locale":"ca_ES","og_type":"article","og_title":"Pero pap\u00e1... - Editorial Juventud","og_description":"Es hora de acostar a los ni\u00f1os, pero pap\u00e1 se olvida de todo... de los pijamas, del vaso de agua y \u00a1hasta de la cama!! \u00a1Qu\u00e9 despistado es pap\u00e1! Un cuento en clave de humor para la hora de ir a la cama.","og_url":"https:\/\/www.editorialjuventud.es\/pero-papa-9788426139849\/","og_site_name":"Editorial Juventud","article_modified_time":"2025-05-08T14:19:40+00:00","og_image":[{"width":321,"height":450,"url":"https:\/\/www.editorialjuventud.es\/wp-content\/uploads\/3984.jpg","type":"image\/jpeg"}],"twitter_card":"summary_large_image","twitter_misc":{"Temps estimat de lectura":"1 minut"},"schema":{"@context":"https:\/\/schema.org","@graph":[{"@type":"WebPage","@id":"https:\/\/www.editorialjuventud.es\/pero-papa-9788426139849\/","url":"https:\/\/www.editorialjuventud.es\/pero-papa-9788426139849\/","name":"Pero pap\u00e1... - Editorial Juventud","isPartOf":{"@id":"https:\/\/www.editorialjuventud.es\/#website"},"primaryImageOfPage":{"@id":"https:\/\/www.editorialjuventud.es\/pero-papa-9788426139849\/#primaryimage"},"image":{"@id":"https:\/\/www.editorialjuventud.es\/pero-papa-9788426139849\/#primaryimage"},"thumbnailUrl":"https:\/\/www.editorialjuventud.es\/wp-content\/uploads\/3984.jpg","datePublished":"2018-08-24T09:36:23+00:00","dateModified":"2025-05-08T14:19:40+00:00","description":"Es hora de acostar a los ni\u00f1os, pero pap\u00e1 se olvida de todo... de los pijamas, del vaso de agua y \u00a1hasta de la cama!! \u00a1Qu\u00e9 despistado es pap\u00e1! Un cuento en clave de humor para la hora de ir a la cama.","breadcrumb":{"@id":"https:\/\/www.editorialjuventud.es\/pero-papa-9788426139849\/#breadcrumb"},"inLanguage":"ca","potentialAction":[{"@type":"ReadAction","target":["https:\/\/www.editorialjuventud.es\/pero-papa-9788426139849\/"]}]},{"@type":"ImageObject","inLanguage":"ca","@id":"https:\/\/www.editorialjuventud.es\/pero-papa-9788426139849\/#primaryimage","url":"https:\/\/www.editorialjuventud.es\/wp-content\/uploads\/3984.jpg","contentUrl":"https:\/\/www.editorialjuventud.es\/wp-content\/uploads\/3984.jpg","width":321,"height":450,"caption":"3984.jpg"},{"@type":"BreadcrumbList","@id":"https:\/\/www.editorialjuventud.es\/pero-papa-9788426139849\/#breadcrumb","itemListElement":[{"@type":"ListItem","position":1,"name":"Portada","item":"https:\/\/www.editorialjuventud.es\/"},{"@type":"ListItem","position":2,"name":"cat\u00e1logo","item":"https:\/\/www.editorialjuventud.es\/coleccion\/catalogo\/"},{"@type":"ListItem","position":3,"name":"castellano","item":"https:\/\/www.editorialjuventud.es\/coleccion\/castellano\/"},{"@type":"ListItem","position":4,"name":"\u00c1lbumes Ilustrados","item":"https:\/\/www.editorialjuventud.es\/coleccion\/albumes-ilustrados\/"},{"@type":"ListItem","position":5,"name":"Cuentos para Ir a la Cama","item":"https:\/\/www.editorialjuventud.es\/coleccion\/cuentos-para-ir-a-la-cama\/"},{"@type":"ListItem","position":6,"name":"Pero pap\u00e1..."}]},{"@type":"WebSite","@id":"https:\/\/www.editorialjuventud.es\/#website","url":"https:\/\/www.editorialjuventud.es\/","name":"Editorial Juventud","description":"","potentialAction":[{"@type":"SearchAction","target":{"@type":"EntryPoint","urlTemplate":"https:\/\/www.editorialjuventud.es\/?s={search_term_string}"},"query-input":{"@type":"PropertyValueSpecification","valueRequired":true,"valueName":"search_term_string"}}],"inLanguage":"ca"}]}},"_links":{"self":[{"href":"https:\/\/www.editorialjuventud.es\/ca\/wp-json\/wp\/v2\/product\/5883","targetHints":{"allow":["GET"]}}],"collection":[{"href":"https:\/\/www.editorialjuventud.es\/ca\/wp-json\/wp\/v2\/product"}],"about":[{"href":"https:\/\/www.editorialjuventud.es\/ca\/wp-json\/wp\/v2\/types\/product"}],"wp:featuredmedia":[{"embeddable":true,"href":"https:\/\/www.editorialjuventud.es\/ca\/wp-json\/wp\/v2\/media\/14463"}],"wp:attachment":[{"href":"https:\/\/www.editorialjuventud.es\/ca\/wp-json\/wp\/v2\/media?parent=5883"}],"wp:term":[{"taxonomy":"product_brand","embeddable":true,"href":"https:\/\/www.editorialjuventud.es\/ca\/wp-json\/wp\/v2\/product_brand?post=5883"},{"taxonomy":"product_cat","embeddable":true,"href":"https:\/\/www.editorialjuventud.es\/ca\/wp-json\/wp\/v2\/product_cat?post=5883"},{"taxonomy":"product_tag","embeddable":true,"href":"https:\/\/www.editorialjuventud.es\/ca\/wp-json\/wp\/v2\/product_tag?post=5883"},{"taxonomy":"coleccion","embeddable":true,"href":"https:\/\/www.editorialjuventud.es\/ca\/wp-json\/wp\/v2\/coleccion?post=5883"}],"curies":[{"name":"wp","href":"https:\/\/api.w.org\/{rel}","templated":true}]}}