{"id":5875,"date":"2018-08-24T11:35:47","date_gmt":"2018-08-24T09:35:47","guid":{"rendered":"http:\/\/www.editorialjuventud.es\/tres-gallinas-y-un-pavo-real\/"},"modified":"2025-01-22T13:21:14","modified_gmt":"2025-01-22T12:21:14","slug":"tres-gallinas-y-un-pavo-real-9788426139771","status":"publish","type":"product","link":"https:\/\/www.editorialjuventud.es\/ca\/tres-gallinas-y-un-pavo-real-9788426139771\/","title":{"rendered":"Tres gallinas y un pavo real"},"content":{"rendered":"<p>La granja es un lugar tranquilo donde todos tienen su trabajo y nadie se queja\u2026 hasta que llega un infeliz pavo real que lo trastoca todo. <br \/>Gracias al pavo real acuden nuevos clientes a la granja y el negocio va prosperando. Pero a las gallinas no les gusta que el reci\u00e9n llegado reciba toda la atenci\u00f3n mientras ellas permanecen en el gallinero haciendo todo el trabajo duro. El viejo perro sabio, al ver acercarse los problemas, propone realizar un intercambio de trabajo. Lo que sigue es la hilarante historia de tres gallinas que intentan engalanarse para detener el tr\u00e1fico y un pavo real muy angustiado que no sabe c\u00f3mo poner un huevo.<br \/>Un cuento muy divertido que nos ense\u00f1a con humor y alegr\u00eda lo poco que sirve compararse a los dem\u00e1s o tenerles envidia.<\/p>\n","protected":false},"excerpt":{"rendered":"La granja es un lugar tranquilo donde todos tienen su trabajo y nadie se queja\u2026 hasta que llega un infeliz pavo real que lo trastoca todo. Gracias al pavo real acuden nuevos clientes a la granja y el negocio va [&hellip;]","protected":false},"featured_media":14891,"template":"","meta":{"_acf_changed":false,"_exactmetrics_skip_tracking":false,"_exactmetrics_sitenote_active":false,"_exactmetrics_sitenote_note":"","_exactmetrics_sitenote_category":0},"product_brand":[],"product_cat":[900,1121,1220,1179],"product_tag":[],"coleccion":[993],"class_list":{"0":"post-5875","1":"product","2":"type-product","3":"status-publish","4":"has-post-thumbnail","6":"product_cat-a-partir-de-5-anos","7":"product_cat-albumes-ilustrados","8":"product_cat-convivencia-relaciones-interculturales","9":"product_cat-granja","10":"coleccion-leer-entre-risas","12":"first","13":"instock","14":"taxable","15":"shipping-taxable","16":"purchasable","17":"product-type-simple"},"acf":{"autor":"Laminack, Lester","codart":"3977","ediciones":"1","encuadernacion":"Carton\u00e9","fecha_de_publicacion":"01\/02\/2013","novedad":"0","paginas":"36","subtitulo":"","texto_web_adicional":"","texto_web_novedad":"","orden":"999","portada":"0","texto_web_resaltado":"","indice":"","autores-libros":[16451],"ilustradores-libros":[17473],"traductores-libros":[58416],"fecha_de_reimpresion":"","descripcion_corta":"","recomendamos":"","mas_vendido":"","idioma-libro":"","color":false,"formato":"","mas_informacion_del_producto":false,"premios":false,"deshabilitar_compra":["deshabilitar"],"texto_enlace_cubierta":"","enlace_cubierta":false,"texto_enlace_ficha_tecnica":"","enlace_ficha_tecnica":false,"ficheros":false,"titulo-fr":"","texto-fr":""},"yoast_head":"<!-- This site is optimized with the Yoast SEO plugin v27.5 - https:\/\/yoast.com\/product\/yoast-seo-wordpress\/ -->\n<title>Tres gallinas y un pavo real - Editorial Juventud<\/title>\n<meta name=\"description\" content=\"La granja es un lugar tranquilo donde todos tienen su trabajo y nadie se queja\u2026 hasta que llega un infeliz pavo real que lo trastoca todo. Gracias al pavo\" \/>\n<meta name=\"robots\" content=\"index, follow, max-snippet:-1, max-image-preview:large, max-video-preview:-1\" \/>\n<link rel=\"canonical\" href=\"https:\/\/www.editorialjuventud.es\/tres-gallinas-y-un-pavo-real-9788426139771\/\" \/>\n<meta property=\"og:locale\" content=\"ca_ES\" \/>\n<meta property=\"og:type\" content=\"article\" \/>\n<meta property=\"og:title\" content=\"Tres gallinas y un pavo real - Editorial Juventud\" \/>\n<meta property=\"og:description\" content=\"La granja es un lugar tranquilo donde todos tienen su trabajo y nadie se queja\u2026 hasta que llega un infeliz pavo real que lo trastoca todo. Gracias al pavo\" \/>\n<meta property=\"og:url\" content=\"https:\/\/www.editorialjuventud.es\/tres-gallinas-y-un-pavo-real-9788426139771\/\" \/>\n<meta property=\"og:site_name\" content=\"Editorial Juventud\" \/>\n<meta property=\"article:modified_time\" content=\"2025-01-22T12:21:14+00:00\" \/>\n<meta property=\"og:image\" content=\"https:\/\/www.editorialjuventud.es\/wp-content\/uploads\/3977.jpg\" \/>\n\t<meta property=\"og:image:width\" content=\"369\" \/>\n\t<meta property=\"og:image:height\" content=\"450\" \/>\n\t<meta property=\"og:image:type\" content=\"image\/jpeg\" \/>\n<meta name=\"twitter:card\" content=\"summary_large_image\" \/>\n<meta name=\"twitter:label1\" content=\"Temps estimat de lectura\" \/>\n\t<meta name=\"twitter:data1\" content=\"1 minut\" \/>\n<script type=\"application\/ld+json\" class=\"yoast-schema-graph\">{\"@context\":\"https:\\\/\\\/schema.org\",\"@graph\":[{\"@type\":\"WebPage\",\"@id\":\"https:\\\/\\\/www.editorialjuventud.es\\\/tres-gallinas-y-un-pavo-real-9788426139771\\\/\",\"url\":\"https:\\\/\\\/www.editorialjuventud.es\\\/tres-gallinas-y-un-pavo-real-9788426139771\\\/\",\"name\":\"Tres gallinas y un pavo real - Editorial Juventud\",\"isPartOf\":{\"@id\":\"https:\\\/\\\/www.editorialjuventud.es\\\/#website\"},\"primaryImageOfPage\":{\"@id\":\"https:\\\/\\\/www.editorialjuventud.es\\\/tres-gallinas-y-un-pavo-real-9788426139771\\\/#primaryimage\"},\"image\":{\"@id\":\"https:\\\/\\\/www.editorialjuventud.es\\\/tres-gallinas-y-un-pavo-real-9788426139771\\\/#primaryimage\"},\"thumbnailUrl\":\"https:\\\/\\\/www.editorialjuventud.es\\\/wp-content\\\/uploads\\\/3977.jpg\",\"datePublished\":\"2018-08-24T09:35:47+00:00\",\"dateModified\":\"2025-01-22T12:21:14+00:00\",\"description\":\"La granja es un lugar tranquilo donde todos tienen su trabajo y nadie se queja\u2026 hasta que llega un infeliz pavo real que lo trastoca todo. Gracias al pavo\",\"breadcrumb\":{\"@id\":\"https:\\\/\\\/www.editorialjuventud.es\\\/tres-gallinas-y-un-pavo-real-9788426139771\\\/#breadcrumb\"},\"inLanguage\":\"ca\",\"potentialAction\":[{\"@type\":\"ReadAction\",\"target\":[\"https:\\\/\\\/www.editorialjuventud.es\\\/tres-gallinas-y-un-pavo-real-9788426139771\\\/\"]}]},{\"@type\":\"ImageObject\",\"inLanguage\":\"ca\",\"@id\":\"https:\\\/\\\/www.editorialjuventud.es\\\/tres-gallinas-y-un-pavo-real-9788426139771\\\/#primaryimage\",\"url\":\"https:\\\/\\\/www.editorialjuventud.es\\\/wp-content\\\/uploads\\\/3977.jpg\",\"contentUrl\":\"https:\\\/\\\/www.editorialjuventud.es\\\/wp-content\\\/uploads\\\/3977.jpg\",\"width\":369,\"height\":450,\"caption\":\"3977.jpg\"},{\"@type\":\"BreadcrumbList\",\"@id\":\"https:\\\/\\\/www.editorialjuventud.es\\\/tres-gallinas-y-un-pavo-real-9788426139771\\\/#breadcrumb\",\"itemListElement\":[{\"@type\":\"ListItem\",\"position\":1,\"name\":\"Portada\",\"item\":\"https:\\\/\\\/www.editorialjuventud.es\\\/\"},{\"@type\":\"ListItem\",\"position\":2,\"name\":\"cat\u00e1logo\",\"item\":\"https:\\\/\\\/www.editorialjuventud.es\\\/coleccion\\\/catalogo\\\/\"},{\"@type\":\"ListItem\",\"position\":3,\"name\":\"castellano\",\"item\":\"https:\\\/\\\/www.editorialjuventud.es\\\/coleccion\\\/castellano\\\/\"},{\"@type\":\"ListItem\",\"position\":4,\"name\":\"\u00c1lbumes Ilustrados\",\"item\":\"https:\\\/\\\/www.editorialjuventud.es\\\/coleccion\\\/albumes-ilustrados\\\/\"},{\"@type\":\"ListItem\",\"position\":5,\"name\":\"Leer entre Risas\",\"item\":\"https:\\\/\\\/www.editorialjuventud.es\\\/coleccion\\\/leer-entre-risas\\\/\"},{\"@type\":\"ListItem\",\"position\":6,\"name\":\"Tres gallinas y un pavo real\"}]},{\"@type\":\"WebSite\",\"@id\":\"https:\\\/\\\/www.editorialjuventud.es\\\/#website\",\"url\":\"https:\\\/\\\/www.editorialjuventud.es\\\/\",\"name\":\"Editorial Juventud\",\"description\":\"\",\"potentialAction\":[{\"@type\":\"SearchAction\",\"target\":{\"@type\":\"EntryPoint\",\"urlTemplate\":\"https:\\\/\\\/www.editorialjuventud.es\\\/?s={search_term_string}\"},\"query-input\":{\"@type\":\"PropertyValueSpecification\",\"valueRequired\":true,\"valueName\":\"search_term_string\"}}],\"inLanguage\":\"ca\"}]}<\/script>\n<!-- \/ Yoast SEO plugin. -->","yoast_head_json":{"title":"Tres gallinas y un pavo real - Editorial Juventud","description":"La granja es un lugar tranquilo donde todos tienen su trabajo y nadie se queja\u2026 hasta que llega un infeliz pavo real que lo trastoca todo. Gracias al pavo","robots":{"index":"index","follow":"follow","max-snippet":"max-snippet:-1","max-image-preview":"max-image-preview:large","max-video-preview":"max-video-preview:-1"},"canonical":"https:\/\/www.editorialjuventud.es\/tres-gallinas-y-un-pavo-real-9788426139771\/","og_locale":"ca_ES","og_type":"article","og_title":"Tres gallinas y un pavo real - Editorial Juventud","og_description":"La granja es un lugar tranquilo donde todos tienen su trabajo y nadie se queja\u2026 hasta que llega un infeliz pavo real que lo trastoca todo. Gracias al pavo","og_url":"https:\/\/www.editorialjuventud.es\/tres-gallinas-y-un-pavo-real-9788426139771\/","og_site_name":"Editorial Juventud","article_modified_time":"2025-01-22T12:21:14+00:00","og_image":[{"width":369,"height":450,"url":"https:\/\/www.editorialjuventud.es\/wp-content\/uploads\/3977.jpg","type":"image\/jpeg"}],"twitter_card":"summary_large_image","twitter_misc":{"Temps estimat de lectura":"1 minut"},"schema":{"@context":"https:\/\/schema.org","@graph":[{"@type":"WebPage","@id":"https:\/\/www.editorialjuventud.es\/tres-gallinas-y-un-pavo-real-9788426139771\/","url":"https:\/\/www.editorialjuventud.es\/tres-gallinas-y-un-pavo-real-9788426139771\/","name":"Tres gallinas y un pavo real - Editorial Juventud","isPartOf":{"@id":"https:\/\/www.editorialjuventud.es\/#website"},"primaryImageOfPage":{"@id":"https:\/\/www.editorialjuventud.es\/tres-gallinas-y-un-pavo-real-9788426139771\/#primaryimage"},"image":{"@id":"https:\/\/www.editorialjuventud.es\/tres-gallinas-y-un-pavo-real-9788426139771\/#primaryimage"},"thumbnailUrl":"https:\/\/www.editorialjuventud.es\/wp-content\/uploads\/3977.jpg","datePublished":"2018-08-24T09:35:47+00:00","dateModified":"2025-01-22T12:21:14+00:00","description":"La granja es un lugar tranquilo donde todos tienen su trabajo y nadie se queja\u2026 hasta que llega un infeliz pavo real que lo trastoca todo. Gracias al pavo","breadcrumb":{"@id":"https:\/\/www.editorialjuventud.es\/tres-gallinas-y-un-pavo-real-9788426139771\/#breadcrumb"},"inLanguage":"ca","potentialAction":[{"@type":"ReadAction","target":["https:\/\/www.editorialjuventud.es\/tres-gallinas-y-un-pavo-real-9788426139771\/"]}]},{"@type":"ImageObject","inLanguage":"ca","@id":"https:\/\/www.editorialjuventud.es\/tres-gallinas-y-un-pavo-real-9788426139771\/#primaryimage","url":"https:\/\/www.editorialjuventud.es\/wp-content\/uploads\/3977.jpg","contentUrl":"https:\/\/www.editorialjuventud.es\/wp-content\/uploads\/3977.jpg","width":369,"height":450,"caption":"3977.jpg"},{"@type":"BreadcrumbList","@id":"https:\/\/www.editorialjuventud.es\/tres-gallinas-y-un-pavo-real-9788426139771\/#breadcrumb","itemListElement":[{"@type":"ListItem","position":1,"name":"Portada","item":"https:\/\/www.editorialjuventud.es\/"},{"@type":"ListItem","position":2,"name":"cat\u00e1logo","item":"https:\/\/www.editorialjuventud.es\/coleccion\/catalogo\/"},{"@type":"ListItem","position":3,"name":"castellano","item":"https:\/\/www.editorialjuventud.es\/coleccion\/castellano\/"},{"@type":"ListItem","position":4,"name":"\u00c1lbumes Ilustrados","item":"https:\/\/www.editorialjuventud.es\/coleccion\/albumes-ilustrados\/"},{"@type":"ListItem","position":5,"name":"Leer entre Risas","item":"https:\/\/www.editorialjuventud.es\/coleccion\/leer-entre-risas\/"},{"@type":"ListItem","position":6,"name":"Tres gallinas y un pavo real"}]},{"@type":"WebSite","@id":"https:\/\/www.editorialjuventud.es\/#website","url":"https:\/\/www.editorialjuventud.es\/","name":"Editorial Juventud","description":"","potentialAction":[{"@type":"SearchAction","target":{"@type":"EntryPoint","urlTemplate":"https:\/\/www.editorialjuventud.es\/?s={search_term_string}"},"query-input":{"@type":"PropertyValueSpecification","valueRequired":true,"valueName":"search_term_string"}}],"inLanguage":"ca"}]}},"_links":{"self":[{"href":"https:\/\/www.editorialjuventud.es\/ca\/wp-json\/wp\/v2\/product\/5875","targetHints":{"allow":["GET"]}}],"collection":[{"href":"https:\/\/www.editorialjuventud.es\/ca\/wp-json\/wp\/v2\/product"}],"about":[{"href":"https:\/\/www.editorialjuventud.es\/ca\/wp-json\/wp\/v2\/types\/product"}],"wp:featuredmedia":[{"embeddable":true,"href":"https:\/\/www.editorialjuventud.es\/ca\/wp-json\/wp\/v2\/media\/14891"}],"wp:attachment":[{"href":"https:\/\/www.editorialjuventud.es\/ca\/wp-json\/wp\/v2\/media?parent=5875"}],"wp:term":[{"taxonomy":"product_brand","embeddable":true,"href":"https:\/\/www.editorialjuventud.es\/ca\/wp-json\/wp\/v2\/product_brand?post=5875"},{"taxonomy":"product_cat","embeddable":true,"href":"https:\/\/www.editorialjuventud.es\/ca\/wp-json\/wp\/v2\/product_cat?post=5875"},{"taxonomy":"product_tag","embeddable":true,"href":"https:\/\/www.editorialjuventud.es\/ca\/wp-json\/wp\/v2\/product_tag?post=5875"},{"taxonomy":"coleccion","embeddable":true,"href":"https:\/\/www.editorialjuventud.es\/ca\/wp-json\/wp\/v2\/coleccion?post=5875"}],"curies":[{"name":"wp","href":"https:\/\/api.w.org\/{rel}","templated":true}]}}