{"id":5874,"date":"2018-08-24T13:35:43","date_gmt":"2018-08-24T09:35:43","guid":{"rendered":"http:\/\/www.editorialjuventud.es\/el-diario-de-las-cajas-de-fosforos\/"},"modified":"2023-05-03T12:53:35","modified_gmt":"2023-05-03T10:53:35","slug":"el-diario-de-las-cajas-de-fosforos-9788426139764","status":"publish","type":"product","link":"https:\/\/www.editorialjuventud.es\/ca\/el-diario-de-las-cajas-de-fosforos-9788426139764\/","title":{"rendered":"El diario de las cajas de f\u00f3sforos"},"content":{"rendered":"<p>\u00abElige el objeto que m\u00e1s te guste y luego te contar\u00e9 su historia.\u00bb<br \/>\nUna ni\u00f1a visita a su bisabuelo y elige una caja de puros que atesora en su interior un mont\u00f3n de cajas de f\u00f3sforos. Dentro de cada caja hay un recuerdo: un hueso de aceituna, una chapa de botella, una entrada, una letra de plomo\u0085 Todas estas cosas nos narran el viaje de su bisabuelo desde Italia y sus primeros a\u00f1os en Am\u00e9rica; un diario de objetos guardados por un ni\u00f1o que ansiaba dejar constancia de su vida pero que no sab\u00eda leer ni escribir.<br \/>\nPaul Fleischman, galardonado con la medalla Newbery, describe el drama de la inmigraci\u00f3n y el deseo de aprender a leer mediante este homenaje a la conservaci\u00f3n de la memoria.<\/p>\n","protected":false},"excerpt":{"rendered":"\u00abElige el objeto que m\u00e1s te guste y luego te contar\u00e9 su historia.\u00bb Una ni\u00f1a visita a su bisabuelo y elige una caja de puros que atesora en su interior un mont\u00f3n de cajas de f\u00f3sforos. Dentro de cada caja [&hellip;]","protected":false},"featured_media":12621,"template":"","meta":{"_acf_changed":false,"_exactmetrics_skip_tracking":false,"_exactmetrics_sitenote_active":false,"_exactmetrics_sitenote_note":"","_exactmetrics_sitenote_category":0},"product_brand":[],"product_cat":[902,1129,1121,892,1176,1115,1186,1128],"product_tag":[],"coleccion":[928,916,989],"class_list":{"0":"post-5874","1":"product","2":"type-product","3":"status-publish","4":"has-post-thumbnail","6":"product_cat-a-partir-de-7-anos","7":"product_cat-abuelos","8":"product_cat-albumes-ilustrados","9":"product_cat-edades","10":"product_cat-fronteras","11":"product_cat-generos","12":"product_cat-inmigracion","13":"product_cat-tematica","14":"coleccion-albumes-ilustrados","15":"coleccion-castellano","16":"coleccion-crecer-en-valores","18":"first","19":"instock","20":"taxable","21":"shipping-taxable","22":"purchasable","23":"product-type-simple"},"acf":{"autor":"FLEISCHMAN, PAUL","codart":"3976","ediciones":"1","encuadernacion":"Carton\u00e9","fecha_de_publicacion":"01\/09\/2013","novedad":"0","paginas":"40","subtitulo":"","texto_web_adicional":"","texto_web_novedad":"","orden":"999","portada":"0","texto_web_resaltado":"","indice":"","autores-libros":[16359],"ilustradores-libros":[80228],"traductores-libros":[18265],"fecha_de_reimpresion":"","descripcion_corta":"","recomendamos":"","mas_vendido":"","idioma-libro":"","color":false,"formato":"","mas_informacion_del_producto":false,"premios":false,"deshabilitar_compra":["deshabilitar"],"texto_enlace_cubierta":"","enlace_cubierta":false,"texto_enlace_ficha_tecnica":"","enlace_ficha_tecnica":false,"ficheros":false,"titulo-fr":"","texto-fr":""},"yoast_head":"<!-- This site is optimized with the Yoast SEO plugin v27.3 - https:\/\/yoast.com\/product\/yoast-seo-wordpress\/ -->\n<title>El diario de las cajas de f\u00f3sforos - Editorial Juventud<\/title>\n<meta name=\"description\" content=\"\u00abElige el objeto que m\u00e1s te guste y luego te contar\u00e9 su historia.\u00bb Una ni\u00f1a visita a su bisabuelo y elige una caja de puros que atesora en su interior un\" \/>\n<meta name=\"robots\" content=\"index, follow, max-snippet:-1, max-image-preview:large, max-video-preview:-1\" \/>\n<link rel=\"canonical\" href=\"https:\/\/www.editorialjuventud.es\/el-diario-de-las-cajas-de-fosforos-9788426139764\/\" \/>\n<meta property=\"og:locale\" content=\"ca_ES\" \/>\n<meta property=\"og:type\" content=\"article\" \/>\n<meta property=\"og:title\" content=\"El diario de las cajas de f\u00f3sforos - Editorial Juventud\" \/>\n<meta property=\"og:description\" content=\"\u00abElige el objeto que m\u00e1s te guste y luego te contar\u00e9 su historia.\u00bb Una ni\u00f1a visita a su bisabuelo y elige una caja de puros que atesora en su interior un\" \/>\n<meta property=\"og:url\" content=\"https:\/\/www.editorialjuventud.es\/el-diario-de-las-cajas-de-fosforos-9788426139764\/\" \/>\n<meta property=\"og:site_name\" content=\"Editorial Juventud\" \/>\n<meta property=\"article:modified_time\" content=\"2023-05-03T10:53:35+00:00\" \/>\n<meta property=\"og:image\" content=\"https:\/\/www.editorialjuventud.es\/wp-content\/uploads\/3976.jpg\" \/>\n\t<meta property=\"og:image:width\" content=\"442\" \/>\n\t<meta property=\"og:image:height\" content=\"500\" \/>\n\t<meta property=\"og:image:type\" content=\"image\/jpeg\" \/>\n<meta name=\"twitter:card\" content=\"summary_large_image\" \/>\n<meta name=\"twitter:label1\" content=\"Temps estimat de lectura\" \/>\n\t<meta name=\"twitter:data1\" content=\"1 minut\" \/>\n<script type=\"application\/ld+json\" class=\"yoast-schema-graph\">{\"@context\":\"https:\\\/\\\/schema.org\",\"@graph\":[{\"@type\":\"WebPage\",\"@id\":\"https:\\\/\\\/www.editorialjuventud.es\\\/el-diario-de-las-cajas-de-fosforos-9788426139764\\\/\",\"url\":\"https:\\\/\\\/www.editorialjuventud.es\\\/el-diario-de-las-cajas-de-fosforos-9788426139764\\\/\",\"name\":\"El diario de las cajas de f\u00f3sforos - Editorial Juventud\",\"isPartOf\":{\"@id\":\"https:\\\/\\\/www.editorialjuventud.es\\\/#website\"},\"primaryImageOfPage\":{\"@id\":\"https:\\\/\\\/www.editorialjuventud.es\\\/el-diario-de-las-cajas-de-fosforos-9788426139764\\\/#primaryimage\"},\"image\":{\"@id\":\"https:\\\/\\\/www.editorialjuventud.es\\\/el-diario-de-las-cajas-de-fosforos-9788426139764\\\/#primaryimage\"},\"thumbnailUrl\":\"https:\\\/\\\/www.editorialjuventud.es\\\/wp-content\\\/uploads\\\/3976.jpg\",\"datePublished\":\"2018-08-24T09:35:43+00:00\",\"dateModified\":\"2023-05-03T10:53:35+00:00\",\"description\":\"\u00abElige el objeto que m\u00e1s te guste y luego te contar\u00e9 su historia.\u00bb Una ni\u00f1a visita a su bisabuelo y elige una caja de puros que atesora en su interior un\",\"breadcrumb\":{\"@id\":\"https:\\\/\\\/www.editorialjuventud.es\\\/el-diario-de-las-cajas-de-fosforos-9788426139764\\\/#breadcrumb\"},\"inLanguage\":\"ca\",\"potentialAction\":[{\"@type\":\"ReadAction\",\"target\":[\"https:\\\/\\\/www.editorialjuventud.es\\\/el-diario-de-las-cajas-de-fosforos-9788426139764\\\/\"]}]},{\"@type\":\"ImageObject\",\"inLanguage\":\"ca\",\"@id\":\"https:\\\/\\\/www.editorialjuventud.es\\\/el-diario-de-las-cajas-de-fosforos-9788426139764\\\/#primaryimage\",\"url\":\"https:\\\/\\\/www.editorialjuventud.es\\\/wp-content\\\/uploads\\\/3976.jpg\",\"contentUrl\":\"https:\\\/\\\/www.editorialjuventud.es\\\/wp-content\\\/uploads\\\/3976.jpg\",\"width\":442,\"height\":500,\"caption\":\"3976.jpg\"},{\"@type\":\"BreadcrumbList\",\"@id\":\"https:\\\/\\\/www.editorialjuventud.es\\\/el-diario-de-las-cajas-de-fosforos-9788426139764\\\/#breadcrumb\",\"itemListElement\":[{\"@type\":\"ListItem\",\"position\":1,\"name\":\"Portada\",\"item\":\"https:\\\/\\\/www.editorialjuventud.es\\\/\"},{\"@type\":\"ListItem\",\"position\":2,\"name\":\"cat\u00e1logo\",\"item\":\"https:\\\/\\\/www.editorialjuventud.es\\\/coleccion\\\/catalogo\\\/\"},{\"@type\":\"ListItem\",\"position\":3,\"name\":\"castellano\",\"item\":\"https:\\\/\\\/www.editorialjuventud.es\\\/coleccion\\\/castellano\\\/\"},{\"@type\":\"ListItem\",\"position\":4,\"name\":\"\u00c1lbumes Ilustrados\",\"item\":\"https:\\\/\\\/www.editorialjuventud.es\\\/coleccion\\\/albumes-ilustrados\\\/\"},{\"@type\":\"ListItem\",\"position\":5,\"name\":\"Crecer en Valores\",\"item\":\"https:\\\/\\\/www.editorialjuventud.es\\\/coleccion\\\/crecer-en-valores\\\/\"},{\"@type\":\"ListItem\",\"position\":6,\"name\":\"El diario de las cajas de f\u00f3sforos\"}]},{\"@type\":\"WebSite\",\"@id\":\"https:\\\/\\\/www.editorialjuventud.es\\\/#website\",\"url\":\"https:\\\/\\\/www.editorialjuventud.es\\\/\",\"name\":\"Editorial Juventud\",\"description\":\"\",\"potentialAction\":[{\"@type\":\"SearchAction\",\"target\":{\"@type\":\"EntryPoint\",\"urlTemplate\":\"https:\\\/\\\/www.editorialjuventud.es\\\/?s={search_term_string}\"},\"query-input\":{\"@type\":\"PropertyValueSpecification\",\"valueRequired\":true,\"valueName\":\"search_term_string\"}}],\"inLanguage\":\"ca\"}]}<\/script>\n<!-- \/ Yoast SEO plugin. -->","yoast_head_json":{"title":"El diario de las cajas de f\u00f3sforos - Editorial Juventud","description":"\u00abElige el objeto que m\u00e1s te guste y luego te contar\u00e9 su historia.\u00bb Una ni\u00f1a visita a su bisabuelo y elige una caja de puros que atesora en su interior un","robots":{"index":"index","follow":"follow","max-snippet":"max-snippet:-1","max-image-preview":"max-image-preview:large","max-video-preview":"max-video-preview:-1"},"canonical":"https:\/\/www.editorialjuventud.es\/el-diario-de-las-cajas-de-fosforos-9788426139764\/","og_locale":"ca_ES","og_type":"article","og_title":"El diario de las cajas de f\u00f3sforos - Editorial Juventud","og_description":"\u00abElige el objeto que m\u00e1s te guste y luego te contar\u00e9 su historia.\u00bb Una ni\u00f1a visita a su bisabuelo y elige una caja de puros que atesora en su interior un","og_url":"https:\/\/www.editorialjuventud.es\/el-diario-de-las-cajas-de-fosforos-9788426139764\/","og_site_name":"Editorial Juventud","article_modified_time":"2023-05-03T10:53:35+00:00","og_image":[{"width":442,"height":500,"url":"https:\/\/www.editorialjuventud.es\/wp-content\/uploads\/3976.jpg","type":"image\/jpeg"}],"twitter_card":"summary_large_image","twitter_misc":{"Temps estimat de lectura":"1 minut"},"schema":{"@context":"https:\/\/schema.org","@graph":[{"@type":"WebPage","@id":"https:\/\/www.editorialjuventud.es\/el-diario-de-las-cajas-de-fosforos-9788426139764\/","url":"https:\/\/www.editorialjuventud.es\/el-diario-de-las-cajas-de-fosforos-9788426139764\/","name":"El diario de las cajas de f\u00f3sforos - Editorial Juventud","isPartOf":{"@id":"https:\/\/www.editorialjuventud.es\/#website"},"primaryImageOfPage":{"@id":"https:\/\/www.editorialjuventud.es\/el-diario-de-las-cajas-de-fosforos-9788426139764\/#primaryimage"},"image":{"@id":"https:\/\/www.editorialjuventud.es\/el-diario-de-las-cajas-de-fosforos-9788426139764\/#primaryimage"},"thumbnailUrl":"https:\/\/www.editorialjuventud.es\/wp-content\/uploads\/3976.jpg","datePublished":"2018-08-24T09:35:43+00:00","dateModified":"2023-05-03T10:53:35+00:00","description":"\u00abElige el objeto que m\u00e1s te guste y luego te contar\u00e9 su historia.\u00bb Una ni\u00f1a visita a su bisabuelo y elige una caja de puros que atesora en su interior un","breadcrumb":{"@id":"https:\/\/www.editorialjuventud.es\/el-diario-de-las-cajas-de-fosforos-9788426139764\/#breadcrumb"},"inLanguage":"ca","potentialAction":[{"@type":"ReadAction","target":["https:\/\/www.editorialjuventud.es\/el-diario-de-las-cajas-de-fosforos-9788426139764\/"]}]},{"@type":"ImageObject","inLanguage":"ca","@id":"https:\/\/www.editorialjuventud.es\/el-diario-de-las-cajas-de-fosforos-9788426139764\/#primaryimage","url":"https:\/\/www.editorialjuventud.es\/wp-content\/uploads\/3976.jpg","contentUrl":"https:\/\/www.editorialjuventud.es\/wp-content\/uploads\/3976.jpg","width":442,"height":500,"caption":"3976.jpg"},{"@type":"BreadcrumbList","@id":"https:\/\/www.editorialjuventud.es\/el-diario-de-las-cajas-de-fosforos-9788426139764\/#breadcrumb","itemListElement":[{"@type":"ListItem","position":1,"name":"Portada","item":"https:\/\/www.editorialjuventud.es\/"},{"@type":"ListItem","position":2,"name":"cat\u00e1logo","item":"https:\/\/www.editorialjuventud.es\/coleccion\/catalogo\/"},{"@type":"ListItem","position":3,"name":"castellano","item":"https:\/\/www.editorialjuventud.es\/coleccion\/castellano\/"},{"@type":"ListItem","position":4,"name":"\u00c1lbumes Ilustrados","item":"https:\/\/www.editorialjuventud.es\/coleccion\/albumes-ilustrados\/"},{"@type":"ListItem","position":5,"name":"Crecer en Valores","item":"https:\/\/www.editorialjuventud.es\/coleccion\/crecer-en-valores\/"},{"@type":"ListItem","position":6,"name":"El diario de las cajas de f\u00f3sforos"}]},{"@type":"WebSite","@id":"https:\/\/www.editorialjuventud.es\/#website","url":"https:\/\/www.editorialjuventud.es\/","name":"Editorial Juventud","description":"","potentialAction":[{"@type":"SearchAction","target":{"@type":"EntryPoint","urlTemplate":"https:\/\/www.editorialjuventud.es\/?s={search_term_string}"},"query-input":{"@type":"PropertyValueSpecification","valueRequired":true,"valueName":"search_term_string"}}],"inLanguage":"ca"}]}},"_links":{"self":[{"href":"https:\/\/www.editorialjuventud.es\/ca\/wp-json\/wp\/v2\/product\/5874","targetHints":{"allow":["GET"]}}],"collection":[{"href":"https:\/\/www.editorialjuventud.es\/ca\/wp-json\/wp\/v2\/product"}],"about":[{"href":"https:\/\/www.editorialjuventud.es\/ca\/wp-json\/wp\/v2\/types\/product"}],"wp:featuredmedia":[{"embeddable":true,"href":"https:\/\/www.editorialjuventud.es\/ca\/wp-json\/wp\/v2\/media\/12621"}],"wp:attachment":[{"href":"https:\/\/www.editorialjuventud.es\/ca\/wp-json\/wp\/v2\/media?parent=5874"}],"wp:term":[{"taxonomy":"product_brand","embeddable":true,"href":"https:\/\/www.editorialjuventud.es\/ca\/wp-json\/wp\/v2\/product_brand?post=5874"},{"taxonomy":"product_cat","embeddable":true,"href":"https:\/\/www.editorialjuventud.es\/ca\/wp-json\/wp\/v2\/product_cat?post=5874"},{"taxonomy":"product_tag","embeddable":true,"href":"https:\/\/www.editorialjuventud.es\/ca\/wp-json\/wp\/v2\/product_tag?post=5874"},{"taxonomy":"coleccion","embeddable":true,"href":"https:\/\/www.editorialjuventud.es\/ca\/wp-json\/wp\/v2\/coleccion?post=5874"}],"curies":[{"name":"wp","href":"https:\/\/api.w.org\/{rel}","templated":true}]}}