{"id":5872,"date":"2018-08-24T13:35:33","date_gmt":"2018-08-24T09:35:33","guid":{"rendered":"http:\/\/www.editorialjuventud.es\/faro-villano\/"},"modified":"2025-07-23T09:45:26","modified_gmt":"2025-07-23T07:45:26","slug":"faro-villano-9788426139740","status":"publish","type":"product","link":"https:\/\/www.editorialjuventud.es\/ca\/faro-villano-9788426139740\/","title":{"rendered":"Faro Villano"},"content":{"rendered":"<p>En la sociedad envenenada de odios de la posguerra espa\u00f1ola, un muchacho madrile\u00f1o, que ha perdido a sus padres durante la contienda civil, llega, acuciado por la necesidad, a la llamada Costa de la Muerte gallega, mientras en Europa se desarrolla la Segunda Guerra Mundial. En los parajes desolados y brav\u00edos que rodean Cabo Villano, los diferentes oficios que la suerte le obliga a desempe\u00f1ar le ir\u00e1n mostrando los turbios procedimientos utilizados por el r\u00e9gimen franquista para apoyar a los nazis. El tr\u00e1fico de w\u00f3lfram, los abastecimientos clandestinos de submarinos alemanes, el espionaje&#8230; Una novela de aventuras en estado puro y no exenta de humor.<\/p>\n","protected":false},"excerpt":{"rendered":"En la sociedad envenenada de odios de la posguerra espa\u00f1ola, un muchacho madrile\u00f1o, que ha perdido a sus padres durante la contienda civil, llega, acuciado por la necesidad, a la llamada Costa de la Muerte gallega, mientras en Europa se [&hellip;]","protected":false},"featured_media":13277,"template":"","meta":{"_acf_changed":false,"_exactmetrics_skip_tracking":false,"_exactmetrics_sitenote_active":false,"_exactmetrics_sitenote_note":"","_exactmetrics_sitenote_category":0},"product_brand":[],"product_cat":[905,1120],"product_tag":[],"coleccion":[936,1088,1081],"class_list":{"0":"post-5872","1":"product","2":"type-product","3":"status-publish","4":"has-post-thumbnail","6":"product_cat-adulto","7":"product_cat-nautica","8":"coleccion-lecturas-en-torno-al-mar","9":"coleccion-narrativa-maritima-lecturas-entorno-al-mar","10":"coleccion-nostromo-la-aventura-maritima","12":"first","13":"instock","14":"taxable","15":"shipping-taxable","16":"purchasable","17":"product-type-simple"},"acf":{"autor":"Guijarro, Gonzalo","codart":"3974","ediciones":"1","encuadernacion":"R\u00fastica","fecha_de_publicacion":"15\/11\/2012","novedad":"0","paginas":"252","subtitulo":"","texto_web_adicional":"","texto_web_novedad":"","orden":"999","portada":"0","texto_web_resaltado":"","autores-libros":[16387]},"yoast_head":"<!-- This site is optimized with the Yoast SEO plugin v27.5 - https:\/\/yoast.com\/product\/yoast-seo-wordpress\/ -->\n<title>Faro Villano - Editorial Juventud<\/title>\n<meta name=\"description\" content=\"En la sociedad envenenada de odios de la posguerra espa\u00f1ola, un muchacho madrile\u00f1o, que ha perdido a sus padres durante la contienda civil, llega,\" \/>\n<meta name=\"robots\" content=\"index, follow, max-snippet:-1, max-image-preview:large, max-video-preview:-1\" \/>\n<link rel=\"canonical\" href=\"https:\/\/www.editorialjuventud.es\/faro-villano-9788426139740\/\" \/>\n<meta property=\"og:locale\" content=\"ca_ES\" \/>\n<meta property=\"og:type\" content=\"article\" \/>\n<meta property=\"og:title\" content=\"Faro Villano - Editorial Juventud\" \/>\n<meta property=\"og:description\" content=\"En la sociedad envenenada de odios de la posguerra espa\u00f1ola, un muchacho madrile\u00f1o, que ha perdido a sus padres durante la contienda civil, llega,\" \/>\n<meta property=\"og:url\" content=\"https:\/\/www.editorialjuventud.es\/faro-villano-9788426139740\/\" \/>\n<meta property=\"og:site_name\" content=\"Editorial Juventud\" \/>\n<meta property=\"article:modified_time\" content=\"2025-07-23T07:45:26+00:00\" \/>\n<meta property=\"og:image\" content=\"https:\/\/www.editorialjuventud.es\/wp-content\/uploads\/3974.jpg\" \/>\n\t<meta property=\"og:image:width\" content=\"291\" \/>\n\t<meta property=\"og:image:height\" content=\"450\" \/>\n\t<meta property=\"og:image:type\" content=\"image\/jpeg\" \/>\n<meta name=\"twitter:card\" content=\"summary_large_image\" \/>\n<meta name=\"twitter:label1\" content=\"Temps estimat de lectura\" \/>\n\t<meta name=\"twitter:data1\" content=\"1 minut\" \/>\n<script type=\"application\/ld+json\" class=\"yoast-schema-graph\">{\"@context\":\"https:\\\/\\\/schema.org\",\"@graph\":[{\"@type\":\"WebPage\",\"@id\":\"https:\\\/\\\/www.editorialjuventud.es\\\/faro-villano-9788426139740\\\/\",\"url\":\"https:\\\/\\\/www.editorialjuventud.es\\\/faro-villano-9788426139740\\\/\",\"name\":\"Faro Villano - Editorial Juventud\",\"isPartOf\":{\"@id\":\"https:\\\/\\\/www.editorialjuventud.es\\\/#website\"},\"primaryImageOfPage\":{\"@id\":\"https:\\\/\\\/www.editorialjuventud.es\\\/faro-villano-9788426139740\\\/#primaryimage\"},\"image\":{\"@id\":\"https:\\\/\\\/www.editorialjuventud.es\\\/faro-villano-9788426139740\\\/#primaryimage\"},\"thumbnailUrl\":\"https:\\\/\\\/www.editorialjuventud.es\\\/wp-content\\\/uploads\\\/3974.jpg\",\"datePublished\":\"2018-08-24T09:35:33+00:00\",\"dateModified\":\"2025-07-23T07:45:26+00:00\",\"description\":\"En la sociedad envenenada de odios de la posguerra espa\u00f1ola, un muchacho madrile\u00f1o, que ha perdido a sus padres durante la contienda civil, llega,\",\"breadcrumb\":{\"@id\":\"https:\\\/\\\/www.editorialjuventud.es\\\/faro-villano-9788426139740\\\/#breadcrumb\"},\"inLanguage\":\"ca\",\"potentialAction\":[{\"@type\":\"ReadAction\",\"target\":[\"https:\\\/\\\/www.editorialjuventud.es\\\/faro-villano-9788426139740\\\/\"]}]},{\"@type\":\"ImageObject\",\"inLanguage\":\"ca\",\"@id\":\"https:\\\/\\\/www.editorialjuventud.es\\\/faro-villano-9788426139740\\\/#primaryimage\",\"url\":\"https:\\\/\\\/www.editorialjuventud.es\\\/wp-content\\\/uploads\\\/3974.jpg\",\"contentUrl\":\"https:\\\/\\\/www.editorialjuventud.es\\\/wp-content\\\/uploads\\\/3974.jpg\",\"width\":291,\"height\":450,\"caption\":\"3974.jpg\"},{\"@type\":\"BreadcrumbList\",\"@id\":\"https:\\\/\\\/www.editorialjuventud.es\\\/faro-villano-9788426139740\\\/#breadcrumb\",\"itemListElement\":[{\"@type\":\"ListItem\",\"position\":1,\"name\":\"Portada\",\"item\":\"https:\\\/\\\/www.editorialjuventud.es\\\/\"},{\"@type\":\"ListItem\",\"position\":2,\"name\":\"cat\u00e1logo\",\"item\":\"https:\\\/\\\/www.editorialjuventud.es\\\/coleccion\\\/catalogo\\\/\"},{\"@type\":\"ListItem\",\"position\":3,\"name\":\"castellano\",\"item\":\"https:\\\/\\\/www.editorialjuventud.es\\\/coleccion\\\/castellano\\\/\"},{\"@type\":\"ListItem\",\"position\":4,\"name\":\"Lecturas En torno al Mar\",\"item\":\"https:\\\/\\\/www.editorialjuventud.es\\\/coleccion\\\/lecturas-en-torno-al-mar\\\/\"},{\"@type\":\"ListItem\",\"position\":5,\"name\":\"Narrativa Mar\u00edtima\",\"item\":\"https:\\\/\\\/www.editorialjuventud.es\\\/ca\\\/coleccion\\\/narrativa-maritima-lecturas-entorno-al-mar\\\/\"},{\"@type\":\"ListItem\",\"position\":6,\"name\":\"Nostromo. La Aventura Mar\u00edtima\",\"item\":\"https:\\\/\\\/www.editorialjuventud.es\\\/ca\\\/coleccion\\\/nostromo-la-aventura-maritima\\\/\"},{\"@type\":\"ListItem\",\"position\":7,\"name\":\"Faro Villano\"}]},{\"@type\":\"WebSite\",\"@id\":\"https:\\\/\\\/www.editorialjuventud.es\\\/#website\",\"url\":\"https:\\\/\\\/www.editorialjuventud.es\\\/\",\"name\":\"Editorial Juventud\",\"description\":\"\",\"potentialAction\":[{\"@type\":\"SearchAction\",\"target\":{\"@type\":\"EntryPoint\",\"urlTemplate\":\"https:\\\/\\\/www.editorialjuventud.es\\\/?s={search_term_string}\"},\"query-input\":{\"@type\":\"PropertyValueSpecification\",\"valueRequired\":true,\"valueName\":\"search_term_string\"}}],\"inLanguage\":\"ca\"}]}<\/script>\n<!-- \/ Yoast SEO plugin. -->","yoast_head_json":{"title":"Faro Villano - Editorial Juventud","description":"En la sociedad envenenada de odios de la posguerra espa\u00f1ola, un muchacho madrile\u00f1o, que ha perdido a sus padres durante la contienda civil, llega,","robots":{"index":"index","follow":"follow","max-snippet":"max-snippet:-1","max-image-preview":"max-image-preview:large","max-video-preview":"max-video-preview:-1"},"canonical":"https:\/\/www.editorialjuventud.es\/faro-villano-9788426139740\/","og_locale":"ca_ES","og_type":"article","og_title":"Faro Villano - Editorial Juventud","og_description":"En la sociedad envenenada de odios de la posguerra espa\u00f1ola, un muchacho madrile\u00f1o, que ha perdido a sus padres durante la contienda civil, llega,","og_url":"https:\/\/www.editorialjuventud.es\/faro-villano-9788426139740\/","og_site_name":"Editorial Juventud","article_modified_time":"2025-07-23T07:45:26+00:00","og_image":[{"width":291,"height":450,"url":"https:\/\/www.editorialjuventud.es\/wp-content\/uploads\/3974.jpg","type":"image\/jpeg"}],"twitter_card":"summary_large_image","twitter_misc":{"Temps estimat de lectura":"1 minut"},"schema":{"@context":"https:\/\/schema.org","@graph":[{"@type":"WebPage","@id":"https:\/\/www.editorialjuventud.es\/faro-villano-9788426139740\/","url":"https:\/\/www.editorialjuventud.es\/faro-villano-9788426139740\/","name":"Faro Villano - Editorial Juventud","isPartOf":{"@id":"https:\/\/www.editorialjuventud.es\/#website"},"primaryImageOfPage":{"@id":"https:\/\/www.editorialjuventud.es\/faro-villano-9788426139740\/#primaryimage"},"image":{"@id":"https:\/\/www.editorialjuventud.es\/faro-villano-9788426139740\/#primaryimage"},"thumbnailUrl":"https:\/\/www.editorialjuventud.es\/wp-content\/uploads\/3974.jpg","datePublished":"2018-08-24T09:35:33+00:00","dateModified":"2025-07-23T07:45:26+00:00","description":"En la sociedad envenenada de odios de la posguerra espa\u00f1ola, un muchacho madrile\u00f1o, que ha perdido a sus padres durante la contienda civil, llega,","breadcrumb":{"@id":"https:\/\/www.editorialjuventud.es\/faro-villano-9788426139740\/#breadcrumb"},"inLanguage":"ca","potentialAction":[{"@type":"ReadAction","target":["https:\/\/www.editorialjuventud.es\/faro-villano-9788426139740\/"]}]},{"@type":"ImageObject","inLanguage":"ca","@id":"https:\/\/www.editorialjuventud.es\/faro-villano-9788426139740\/#primaryimage","url":"https:\/\/www.editorialjuventud.es\/wp-content\/uploads\/3974.jpg","contentUrl":"https:\/\/www.editorialjuventud.es\/wp-content\/uploads\/3974.jpg","width":291,"height":450,"caption":"3974.jpg"},{"@type":"BreadcrumbList","@id":"https:\/\/www.editorialjuventud.es\/faro-villano-9788426139740\/#breadcrumb","itemListElement":[{"@type":"ListItem","position":1,"name":"Portada","item":"https:\/\/www.editorialjuventud.es\/"},{"@type":"ListItem","position":2,"name":"cat\u00e1logo","item":"https:\/\/www.editorialjuventud.es\/coleccion\/catalogo\/"},{"@type":"ListItem","position":3,"name":"castellano","item":"https:\/\/www.editorialjuventud.es\/coleccion\/castellano\/"},{"@type":"ListItem","position":4,"name":"Lecturas En torno al Mar","item":"https:\/\/www.editorialjuventud.es\/coleccion\/lecturas-en-torno-al-mar\/"},{"@type":"ListItem","position":5,"name":"Narrativa Mar\u00edtima","item":"https:\/\/www.editorialjuventud.es\/ca\/coleccion\/narrativa-maritima-lecturas-entorno-al-mar\/"},{"@type":"ListItem","position":6,"name":"Nostromo. La Aventura Mar\u00edtima","item":"https:\/\/www.editorialjuventud.es\/ca\/coleccion\/nostromo-la-aventura-maritima\/"},{"@type":"ListItem","position":7,"name":"Faro Villano"}]},{"@type":"WebSite","@id":"https:\/\/www.editorialjuventud.es\/#website","url":"https:\/\/www.editorialjuventud.es\/","name":"Editorial Juventud","description":"","potentialAction":[{"@type":"SearchAction","target":{"@type":"EntryPoint","urlTemplate":"https:\/\/www.editorialjuventud.es\/?s={search_term_string}"},"query-input":{"@type":"PropertyValueSpecification","valueRequired":true,"valueName":"search_term_string"}}],"inLanguage":"ca"}]}},"_links":{"self":[{"href":"https:\/\/www.editorialjuventud.es\/ca\/wp-json\/wp\/v2\/product\/5872","targetHints":{"allow":["GET"]}}],"collection":[{"href":"https:\/\/www.editorialjuventud.es\/ca\/wp-json\/wp\/v2\/product"}],"about":[{"href":"https:\/\/www.editorialjuventud.es\/ca\/wp-json\/wp\/v2\/types\/product"}],"wp:featuredmedia":[{"embeddable":true,"href":"https:\/\/www.editorialjuventud.es\/ca\/wp-json\/wp\/v2\/media\/13277"}],"wp:attachment":[{"href":"https:\/\/www.editorialjuventud.es\/ca\/wp-json\/wp\/v2\/media?parent=5872"}],"wp:term":[{"taxonomy":"product_brand","embeddable":true,"href":"https:\/\/www.editorialjuventud.es\/ca\/wp-json\/wp\/v2\/product_brand?post=5872"},{"taxonomy":"product_cat","embeddable":true,"href":"https:\/\/www.editorialjuventud.es\/ca\/wp-json\/wp\/v2\/product_cat?post=5872"},{"taxonomy":"product_tag","embeddable":true,"href":"https:\/\/www.editorialjuventud.es\/ca\/wp-json\/wp\/v2\/product_tag?post=5872"},{"taxonomy":"coleccion","embeddable":true,"href":"https:\/\/www.editorialjuventud.es\/ca\/wp-json\/wp\/v2\/coleccion?post=5872"}],"curies":[{"name":"wp","href":"https:\/\/api.w.org\/{rel}","templated":true}]}}