{"id":5869,"date":"2018-08-24T11:35:20","date_gmt":"2018-08-24T09:35:20","guid":{"rendered":"http:\/\/www.editorialjuventud.es\/yo-quiero-ser-chef\/"},"modified":"2021-10-22T06:36:32","modified_gmt":"2021-10-22T04:36:32","slug":"yo-quiero-ser-chef-cocinas-del-mundo-9788426139580","status":"publish","type":"product","link":"https:\/\/www.editorialjuventud.es\/ca\/yo-quiero-ser-chef-cocinas-del-mundo-9788426139580\/","title":{"rendered":"Yo quiero ser chef. Cocinas del mundo"},"content":{"rendered":"<p>El nuevo chef en ciernes descubrir\u00e1 en este libro un nuevo mundo de sabores. Con m\u00e1s de 100 recetas tradicionales de 28 pa\u00edses diferentes, que van desde las m\u00e1s f\u00e1ciles hasta las que son algo m\u00e1s laboriosas, Yo quiero ser chef  te introduce en los secretos del sabor tradicional de la lasa\u00f1a italiana, las especias ex\u00f3ticas del taj\u00edn marroqu\u00ed y la t\u00e9cnica m\u00e1s sencilla de hacer sushi japon\u00e9s. No necesitas preparar la maleta, puedes viajar por el mundo desde tu propia cocina.<br \/>\nM\u00e1s de 100 recetas sabrosas y f\u00e1ciles de hacer para peque\u00f1os, j\u00f3venes y mayores con ganas de cocinar, aunque sean principiantes. Para los que ya tienen experiencia, este libro les brinda ideas f\u00e1ciles, sencillas y r\u00e1pidas que les abrir\u00e1n un nuevo mundo de posibilidades culinarias.<\/p>\n","protected":false},"excerpt":{"rendered":"El nuevo chef en ciernes descubrir\u00e1 en este libro un nuevo mundo de sabores. Con m\u00e1s de 100 recetas tradicionales de 28 pa\u00edses diferentes, que van desde las m\u00e1s f\u00e1ciles hasta las que son algo m\u00e1s laboriosas, Yo quiero ser [&hellip;]","protected":false},"featured_media":15119,"template":"","meta":{"_acf_changed":false,"_exactmetrics_skip_tracking":false,"_exactmetrics_sitenote_active":false,"_exactmetrics_sitenote_note":"","_exactmetrics_sitenote_category":0},"product_brand":[],"product_cat":[902,1151,1124,892,1115,1128],"product_tag":[],"coleccion":[916,1001,933],"class_list":{"0":"post-5869","1":"product","2":"type-product","3":"status-publish","4":"has-post-thumbnail","6":"product_cat-a-partir-de-7-anos","7":"product_cat-cocina-tematica","8":"product_cat-cocina","9":"product_cat-edades","10":"product_cat-generos","11":"product_cat-tematica","12":"coleccion-castellano","13":"coleccion-cocina-para-ninos","14":"coleccion-gastronomia-y-reposteria","16":"first","17":"instock","18":"taxable","19":"shipping-taxable","20":"purchasable","21":"product-type-simple"},"acf":{"autores-libros":[16660]},"yoast_head":"<!-- This site is optimized with the Yoast SEO plugin v27.5 - https:\/\/yoast.com\/product\/yoast-seo-wordpress\/ -->\n<title>Yo quiero ser chef. Cocinas del mundo - Editorial Juventud<\/title>\n<meta name=\"description\" content=\"El nuevo chef en ciernes descubrir\u00e1 en este libro un nuevo mundo de sabores. Con m\u00e1s de 100 recetas tradicionales de 28 pa\u00edses diferentes, que van desde\" \/>\n<meta name=\"robots\" content=\"index, follow, max-snippet:-1, max-image-preview:large, max-video-preview:-1\" \/>\n<link rel=\"canonical\" href=\"https:\/\/www.editorialjuventud.es\/yo-quiero-ser-chef-cocinas-del-mundo-9788426139580\/\" \/>\n<meta property=\"og:locale\" content=\"ca_ES\" \/>\n<meta property=\"og:type\" content=\"article\" \/>\n<meta property=\"og:title\" content=\"Yo quiero ser chef. Cocinas del mundo - Editorial Juventud\" \/>\n<meta property=\"og:description\" content=\"El nuevo chef en ciernes descubrir\u00e1 en este libro un nuevo mundo de sabores. Con m\u00e1s de 100 recetas tradicionales de 28 pa\u00edses diferentes, que van desde\" \/>\n<meta property=\"og:url\" content=\"https:\/\/www.editorialjuventud.es\/yo-quiero-ser-chef-cocinas-del-mundo-9788426139580\/\" \/>\n<meta property=\"og:site_name\" content=\"Editorial Juventud\" \/>\n<meta property=\"article:modified_time\" content=\"2021-10-22T04:36:32+00:00\" \/>\n<meta property=\"og:image\" content=\"https:\/\/www.editorialjuventud.es\/wp-content\/uploads\/3958.jpg\" \/>\n\t<meta property=\"og:image:width\" content=\"372\" \/>\n\t<meta property=\"og:image:height\" content=\"450\" \/>\n\t<meta property=\"og:image:type\" content=\"image\/jpeg\" \/>\n<meta name=\"twitter:card\" content=\"summary_large_image\" \/>\n<meta name=\"twitter:label1\" content=\"Temps estimat de lectura\" \/>\n\t<meta name=\"twitter:data1\" content=\"1 minut\" \/>\n<script type=\"application\/ld+json\" class=\"yoast-schema-graph\">{\"@context\":\"https:\\\/\\\/schema.org\",\"@graph\":[{\"@type\":\"WebPage\",\"@id\":\"https:\\\/\\\/www.editorialjuventud.es\\\/yo-quiero-ser-chef-cocinas-del-mundo-9788426139580\\\/\",\"url\":\"https:\\\/\\\/www.editorialjuventud.es\\\/yo-quiero-ser-chef-cocinas-del-mundo-9788426139580\\\/\",\"name\":\"Yo quiero ser chef. Cocinas del mundo - Editorial Juventud\",\"isPartOf\":{\"@id\":\"https:\\\/\\\/www.editorialjuventud.es\\\/#website\"},\"primaryImageOfPage\":{\"@id\":\"https:\\\/\\\/www.editorialjuventud.es\\\/yo-quiero-ser-chef-cocinas-del-mundo-9788426139580\\\/#primaryimage\"},\"image\":{\"@id\":\"https:\\\/\\\/www.editorialjuventud.es\\\/yo-quiero-ser-chef-cocinas-del-mundo-9788426139580\\\/#primaryimage\"},\"thumbnailUrl\":\"https:\\\/\\\/www.editorialjuventud.es\\\/wp-content\\\/uploads\\\/3958.jpg\",\"datePublished\":\"2018-08-24T09:35:20+00:00\",\"dateModified\":\"2021-10-22T04:36:32+00:00\",\"description\":\"El nuevo chef en ciernes descubrir\u00e1 en este libro un nuevo mundo de sabores. Con m\u00e1s de 100 recetas tradicionales de 28 pa\u00edses diferentes, que van desde\",\"breadcrumb\":{\"@id\":\"https:\\\/\\\/www.editorialjuventud.es\\\/yo-quiero-ser-chef-cocinas-del-mundo-9788426139580\\\/#breadcrumb\"},\"inLanguage\":\"ca\",\"potentialAction\":[{\"@type\":\"ReadAction\",\"target\":[\"https:\\\/\\\/www.editorialjuventud.es\\\/yo-quiero-ser-chef-cocinas-del-mundo-9788426139580\\\/\"]}]},{\"@type\":\"ImageObject\",\"inLanguage\":\"ca\",\"@id\":\"https:\\\/\\\/www.editorialjuventud.es\\\/yo-quiero-ser-chef-cocinas-del-mundo-9788426139580\\\/#primaryimage\",\"url\":\"https:\\\/\\\/www.editorialjuventud.es\\\/wp-content\\\/uploads\\\/3958.jpg\",\"contentUrl\":\"https:\\\/\\\/www.editorialjuventud.es\\\/wp-content\\\/uploads\\\/3958.jpg\",\"width\":372,\"height\":450,\"caption\":\"3958.jpg\"},{\"@type\":\"BreadcrumbList\",\"@id\":\"https:\\\/\\\/www.editorialjuventud.es\\\/yo-quiero-ser-chef-cocinas-del-mundo-9788426139580\\\/#breadcrumb\",\"itemListElement\":[{\"@type\":\"ListItem\",\"position\":1,\"name\":\"Portada\",\"item\":\"https:\\\/\\\/www.editorialjuventud.es\\\/\"},{\"@type\":\"ListItem\",\"position\":2,\"name\":\"cat\u00e1logo\",\"item\":\"https:\\\/\\\/www.editorialjuventud.es\\\/coleccion\\\/catalogo\\\/\"},{\"@type\":\"ListItem\",\"position\":3,\"name\":\"castellano\",\"item\":\"https:\\\/\\\/www.editorialjuventud.es\\\/coleccion\\\/castellano\\\/\"},{\"@type\":\"ListItem\",\"position\":4,\"name\":\"Gastronom\u00eda y Reposter\u00eda\",\"item\":\"https:\\\/\\\/www.editorialjuventud.es\\\/coleccion\\\/gastronomia-y-reposteria\\\/\"},{\"@type\":\"ListItem\",\"position\":5,\"name\":\"Cocina para Ni\u00f1os\",\"item\":\"https:\\\/\\\/www.editorialjuventud.es\\\/ca\\\/coleccion\\\/cocina-para-ninos\\\/\"},{\"@type\":\"ListItem\",\"position\":6,\"name\":\"Yo quiero ser chef. Cocinas del mundo\"}]},{\"@type\":\"WebSite\",\"@id\":\"https:\\\/\\\/www.editorialjuventud.es\\\/#website\",\"url\":\"https:\\\/\\\/www.editorialjuventud.es\\\/\",\"name\":\"Editorial Juventud\",\"description\":\"\",\"potentialAction\":[{\"@type\":\"SearchAction\",\"target\":{\"@type\":\"EntryPoint\",\"urlTemplate\":\"https:\\\/\\\/www.editorialjuventud.es\\\/?s={search_term_string}\"},\"query-input\":{\"@type\":\"PropertyValueSpecification\",\"valueRequired\":true,\"valueName\":\"search_term_string\"}}],\"inLanguage\":\"ca\"}]}<\/script>\n<!-- \/ Yoast SEO plugin. -->","yoast_head_json":{"title":"Yo quiero ser chef. Cocinas del mundo - Editorial Juventud","description":"El nuevo chef en ciernes descubrir\u00e1 en este libro un nuevo mundo de sabores. Con m\u00e1s de 100 recetas tradicionales de 28 pa\u00edses diferentes, que van desde","robots":{"index":"index","follow":"follow","max-snippet":"max-snippet:-1","max-image-preview":"max-image-preview:large","max-video-preview":"max-video-preview:-1"},"canonical":"https:\/\/www.editorialjuventud.es\/yo-quiero-ser-chef-cocinas-del-mundo-9788426139580\/","og_locale":"ca_ES","og_type":"article","og_title":"Yo quiero ser chef. Cocinas del mundo - Editorial Juventud","og_description":"El nuevo chef en ciernes descubrir\u00e1 en este libro un nuevo mundo de sabores. Con m\u00e1s de 100 recetas tradicionales de 28 pa\u00edses diferentes, que van desde","og_url":"https:\/\/www.editorialjuventud.es\/yo-quiero-ser-chef-cocinas-del-mundo-9788426139580\/","og_site_name":"Editorial Juventud","article_modified_time":"2021-10-22T04:36:32+00:00","og_image":[{"width":372,"height":450,"url":"https:\/\/www.editorialjuventud.es\/wp-content\/uploads\/3958.jpg","type":"image\/jpeg"}],"twitter_card":"summary_large_image","twitter_misc":{"Temps estimat de lectura":"1 minut"},"schema":{"@context":"https:\/\/schema.org","@graph":[{"@type":"WebPage","@id":"https:\/\/www.editorialjuventud.es\/yo-quiero-ser-chef-cocinas-del-mundo-9788426139580\/","url":"https:\/\/www.editorialjuventud.es\/yo-quiero-ser-chef-cocinas-del-mundo-9788426139580\/","name":"Yo quiero ser chef. Cocinas del mundo - Editorial Juventud","isPartOf":{"@id":"https:\/\/www.editorialjuventud.es\/#website"},"primaryImageOfPage":{"@id":"https:\/\/www.editorialjuventud.es\/yo-quiero-ser-chef-cocinas-del-mundo-9788426139580\/#primaryimage"},"image":{"@id":"https:\/\/www.editorialjuventud.es\/yo-quiero-ser-chef-cocinas-del-mundo-9788426139580\/#primaryimage"},"thumbnailUrl":"https:\/\/www.editorialjuventud.es\/wp-content\/uploads\/3958.jpg","datePublished":"2018-08-24T09:35:20+00:00","dateModified":"2021-10-22T04:36:32+00:00","description":"El nuevo chef en ciernes descubrir\u00e1 en este libro un nuevo mundo de sabores. Con m\u00e1s de 100 recetas tradicionales de 28 pa\u00edses diferentes, que van desde","breadcrumb":{"@id":"https:\/\/www.editorialjuventud.es\/yo-quiero-ser-chef-cocinas-del-mundo-9788426139580\/#breadcrumb"},"inLanguage":"ca","potentialAction":[{"@type":"ReadAction","target":["https:\/\/www.editorialjuventud.es\/yo-quiero-ser-chef-cocinas-del-mundo-9788426139580\/"]}]},{"@type":"ImageObject","inLanguage":"ca","@id":"https:\/\/www.editorialjuventud.es\/yo-quiero-ser-chef-cocinas-del-mundo-9788426139580\/#primaryimage","url":"https:\/\/www.editorialjuventud.es\/wp-content\/uploads\/3958.jpg","contentUrl":"https:\/\/www.editorialjuventud.es\/wp-content\/uploads\/3958.jpg","width":372,"height":450,"caption":"3958.jpg"},{"@type":"BreadcrumbList","@id":"https:\/\/www.editorialjuventud.es\/yo-quiero-ser-chef-cocinas-del-mundo-9788426139580\/#breadcrumb","itemListElement":[{"@type":"ListItem","position":1,"name":"Portada","item":"https:\/\/www.editorialjuventud.es\/"},{"@type":"ListItem","position":2,"name":"cat\u00e1logo","item":"https:\/\/www.editorialjuventud.es\/coleccion\/catalogo\/"},{"@type":"ListItem","position":3,"name":"castellano","item":"https:\/\/www.editorialjuventud.es\/coleccion\/castellano\/"},{"@type":"ListItem","position":4,"name":"Gastronom\u00eda y Reposter\u00eda","item":"https:\/\/www.editorialjuventud.es\/coleccion\/gastronomia-y-reposteria\/"},{"@type":"ListItem","position":5,"name":"Cocina para Ni\u00f1os","item":"https:\/\/www.editorialjuventud.es\/ca\/coleccion\/cocina-para-ninos\/"},{"@type":"ListItem","position":6,"name":"Yo quiero ser chef. Cocinas del mundo"}]},{"@type":"WebSite","@id":"https:\/\/www.editorialjuventud.es\/#website","url":"https:\/\/www.editorialjuventud.es\/","name":"Editorial Juventud","description":"","potentialAction":[{"@type":"SearchAction","target":{"@type":"EntryPoint","urlTemplate":"https:\/\/www.editorialjuventud.es\/?s={search_term_string}"},"query-input":{"@type":"PropertyValueSpecification","valueRequired":true,"valueName":"search_term_string"}}],"inLanguage":"ca"}]}},"_links":{"self":[{"href":"https:\/\/www.editorialjuventud.es\/ca\/wp-json\/wp\/v2\/product\/5869","targetHints":{"allow":["GET"]}}],"collection":[{"href":"https:\/\/www.editorialjuventud.es\/ca\/wp-json\/wp\/v2\/product"}],"about":[{"href":"https:\/\/www.editorialjuventud.es\/ca\/wp-json\/wp\/v2\/types\/product"}],"wp:featuredmedia":[{"embeddable":true,"href":"https:\/\/www.editorialjuventud.es\/ca\/wp-json\/wp\/v2\/media\/15119"}],"wp:attachment":[{"href":"https:\/\/www.editorialjuventud.es\/ca\/wp-json\/wp\/v2\/media?parent=5869"}],"wp:term":[{"taxonomy":"product_brand","embeddable":true,"href":"https:\/\/www.editorialjuventud.es\/ca\/wp-json\/wp\/v2\/product_brand?post=5869"},{"taxonomy":"product_cat","embeddable":true,"href":"https:\/\/www.editorialjuventud.es\/ca\/wp-json\/wp\/v2\/product_cat?post=5869"},{"taxonomy":"product_tag","embeddable":true,"href":"https:\/\/www.editorialjuventud.es\/ca\/wp-json\/wp\/v2\/product_tag?post=5869"},{"taxonomy":"coleccion","embeddable":true,"href":"https:\/\/www.editorialjuventud.es\/ca\/wp-json\/wp\/v2\/coleccion?post=5869"}],"curies":[{"name":"wp","href":"https:\/\/api.w.org\/{rel}","templated":true}]}}