{"id":5866,"date":"2018-08-24T13:35:04","date_gmt":"2018-08-24T09:35:04","guid":{"rendered":"http:\/\/www.editorialjuventud.es\/el-gran-llibre-de-les-emocions\/"},"modified":"2022-07-14T10:58:18","modified_gmt":"2022-07-14T08:58:18","slug":"el-gran-llibre-de-les-emocions-9788426139559","status":"publish","type":"product","link":"https:\/\/www.editorialjuventud.es\/ca\/el-gran-llibre-de-les-emocions-9788426139559\/","title":{"rendered":"El gran llibre de les emocions"},"content":{"rendered":"<p>Aquest \u00e0lbum comen\u00e7a amb la seg\u00fcent pregunta: Com et sets avui?<br \/>\nContent? Trist? Avorrit? Animat? O una barreja de tot aix\u00f2 i m\u00e9s&#8230;?<br \/>\nI aix\u00f2 ens porta a presentar una \u00e0mplia s\u00e8rie d&#8217;emocions i sentiments, cada un descrit amb exemples.<br \/>\nDescobreix molts tipus d&#8217;emocions diferents amb els nens d&#8217;aquest llibre, mira si trobes emocions que es corresponguin amb les teves, o que t&#8217;ajudin a entendre el que senten altres persones&#8230;<br \/>\nUn llibre per afavorir el di\u00e0leg sobre les emocions amb la fam\u00edlia, mestres o amics.<\/p>\n","protected":false},"excerpt":{"rendered":"Aquest \u00e0lbum comen\u00e7a amb la seg\u00fcent pregunta: Com et sets avui? Content? Trist? Avorrit? Animat? O una barreja de tot aix\u00f2 i m\u00e9s&#8230;? I aix\u00f2 ens porta a presentar una \u00e0mplia s\u00e8rie d&#8217;emocions i sentiments, cada un descrit amb exemples. [&hellip;]","protected":false},"featured_media":12829,"template":"","meta":{"_acf_changed":false,"_exactmetrics_skip_tracking":false,"_exactmetrics_sitenote_active":false,"_exactmetrics_sitenote_note":"","_exactmetrics_sitenote_category":0},"product_brand":[],"product_cat":[900,892,1172,1115,1123,1128],"product_tag":[],"coleccion":[917,915,946,1038],"class_list":{"0":"post-5866","1":"product","2":"type-product","3":"status-publish","4":"has-post-thumbnail","6":"product_cat-a-partir-de-5-anos","7":"product_cat-edades","8":"product_cat-emociones","9":"product_cat-generos","10":"product_cat-libros-informativos-infantil","11":"product_cat-tematica","12":"coleccion-albums-illustrats","13":"coleccion-catala","14":"coleccion-com-i-per-que","15":"coleccion-grans-llibres-de-mary-hoffman-i-ros-asquith","17":"first","18":"instock","19":"taxable","20":"shipping-taxable","21":"purchasable","22":"product-type-simple"},"acf":{"autor":"HOFFMAN-ASQUITH","codart":"3955","ediciones":"1","encuadernacion":"Carton\u00e9","fecha_de_publicacion":"01\/03\/2013","novedad":"0","paginas":"40","subtitulo":"","texto_web_adicional":"","texto_web_novedad":"","orden":"999","portada":"0","texto_web_resaltado":"","indice":"","autores-libros":[16416],"ilustradores-libros":[17367],"traductores-libros":[16364],"fecha_de_reimpresion":"","descripcion_corta":"","recomendamos":"","mas_vendido":"","idioma-libro":"","color":false,"formato":"","mas_informacion_del_producto":false,"premios":false,"deshabilitar_compra":["deshabilitar"],"texto_enlace_cubierta":"","enlace_cubierta":false,"texto_enlace_ficha_tecnica":"","enlace_ficha_tecnica":false,"ficheros":false,"titulo-fr":"","texto-fr":""},"yoast_head":"<!-- This site is optimized with the Yoast SEO plugin v27.5 - https:\/\/yoast.com\/product\/yoast-seo-wordpress\/ -->\n<title>El gran llibre de les emocions - Editorial Juventud<\/title>\n<meta name=\"description\" content=\"Aquest \u00e0lbum comen\u00e7a amb la seg\u00fcent pregunta: Com et sets avui? Content? Trist? Avorrit? Animat? O una barreja de tot aix\u00f2 i m\u00e9s...? I aix\u00f2 ens porta a\" \/>\n<meta name=\"robots\" content=\"index, follow, max-snippet:-1, max-image-preview:large, max-video-preview:-1\" \/>\n<link rel=\"canonical\" href=\"https:\/\/www.editorialjuventud.es\/ca\/el-gran-llibre-de-les-emocions-9788426139559\/\" \/>\n<meta property=\"og:locale\" content=\"ca_ES\" \/>\n<meta property=\"og:type\" content=\"article\" \/>\n<meta property=\"og:title\" content=\"El gran llibre de les emocions - Editorial Juventud\" \/>\n<meta property=\"og:description\" content=\"Aquest \u00e0lbum comen\u00e7a amb la seg\u00fcent pregunta: Com et sets avui? Content? Trist? Avorrit? Animat? O una barreja de tot aix\u00f2 i m\u00e9s...? I aix\u00f2 ens porta a\" \/>\n<meta property=\"og:url\" content=\"https:\/\/www.editorialjuventud.es\/ca\/el-gran-llibre-de-les-emocions-9788426139559\/\" \/>\n<meta property=\"og:site_name\" content=\"Editorial Juventud\" \/>\n<meta property=\"article:modified_time\" content=\"2022-07-14T08:58:18+00:00\" \/>\n<meta property=\"og:image\" content=\"https:\/\/www.editorialjuventud.es\/wp-content\/uploads\/3955.jpg\" \/>\n\t<meta property=\"og:image:width\" content=\"331\" \/>\n\t<meta property=\"og:image:height\" content=\"450\" \/>\n\t<meta property=\"og:image:type\" content=\"image\/jpeg\" \/>\n<meta name=\"twitter:card\" content=\"summary_large_image\" \/>\n<script type=\"application\/ld+json\" class=\"yoast-schema-graph\">{\"@context\":\"https:\\\/\\\/schema.org\",\"@graph\":[{\"@type\":\"WebPage\",\"@id\":\"https:\\\/\\\/www.editorialjuventud.es\\\/ca\\\/el-gran-llibre-de-les-emocions-9788426139559\\\/\",\"url\":\"https:\\\/\\\/www.editorialjuventud.es\\\/ca\\\/el-gran-llibre-de-les-emocions-9788426139559\\\/\",\"name\":\"El gran llibre de les emocions - Editorial Juventud\",\"isPartOf\":{\"@id\":\"https:\\\/\\\/www.editorialjuventud.es\\\/#website\"},\"primaryImageOfPage\":{\"@id\":\"https:\\\/\\\/www.editorialjuventud.es\\\/ca\\\/el-gran-llibre-de-les-emocions-9788426139559\\\/#primaryimage\"},\"image\":{\"@id\":\"https:\\\/\\\/www.editorialjuventud.es\\\/ca\\\/el-gran-llibre-de-les-emocions-9788426139559\\\/#primaryimage\"},\"thumbnailUrl\":\"https:\\\/\\\/www.editorialjuventud.es\\\/wp-content\\\/uploads\\\/3955.jpg\",\"datePublished\":\"2018-08-24T09:35:04+00:00\",\"dateModified\":\"2022-07-14T08:58:18+00:00\",\"description\":\"Aquest \u00e0lbum comen\u00e7a amb la seg\u00fcent pregunta: Com et sets avui? Content? Trist? Avorrit? Animat? O una barreja de tot aix\u00f2 i m\u00e9s...? I aix\u00f2 ens porta a\",\"breadcrumb\":{\"@id\":\"https:\\\/\\\/www.editorialjuventud.es\\\/ca\\\/el-gran-llibre-de-les-emocions-9788426139559\\\/#breadcrumb\"},\"inLanguage\":\"ca\",\"potentialAction\":[{\"@type\":\"ReadAction\",\"target\":[\"https:\\\/\\\/www.editorialjuventud.es\\\/ca\\\/el-gran-llibre-de-les-emocions-9788426139559\\\/\"]}]},{\"@type\":\"ImageObject\",\"inLanguage\":\"ca\",\"@id\":\"https:\\\/\\\/www.editorialjuventud.es\\\/ca\\\/el-gran-llibre-de-les-emocions-9788426139559\\\/#primaryimage\",\"url\":\"https:\\\/\\\/www.editorialjuventud.es\\\/wp-content\\\/uploads\\\/3955.jpg\",\"contentUrl\":\"https:\\\/\\\/www.editorialjuventud.es\\\/wp-content\\\/uploads\\\/3955.jpg\",\"width\":331,\"height\":450,\"caption\":\"3955.jpg\"},{\"@type\":\"BreadcrumbList\",\"@id\":\"https:\\\/\\\/www.editorialjuventud.es\\\/ca\\\/el-gran-llibre-de-les-emocions-9788426139559\\\/#breadcrumb\",\"itemListElement\":[{\"@type\":\"ListItem\",\"position\":1,\"name\":\"Portada\",\"item\":\"https:\\\/\\\/www.editorialjuventud.es\\\/\"},{\"@type\":\"ListItem\",\"position\":2,\"name\":\"cat\u00e1logo\",\"item\":\"https:\\\/\\\/www.editorialjuventud.es\\\/coleccion\\\/catalogo\\\/\"},{\"@type\":\"ListItem\",\"position\":3,\"name\":\"catal\u00e0\",\"item\":\"https:\\\/\\\/www.editorialjuventud.es\\\/coleccion\\\/catala\\\/\"},{\"@type\":\"ListItem\",\"position\":4,\"name\":\"\u00c0lbums Il\u00b7lustrats\",\"item\":\"https:\\\/\\\/www.editorialjuventud.es\\\/coleccion\\\/albums-il%c2%b7lustrats\\\/\"},{\"@type\":\"ListItem\",\"position\":5,\"name\":\"Com i Per qu\u00e8\",\"item\":\"https:\\\/\\\/www.editorialjuventud.es\\\/coleccion\\\/com-i-per-que\\\/\"},{\"@type\":\"ListItem\",\"position\":6,\"name\":\"Grans Llibres de Mary Hoffman i Ros Asquith\",\"item\":\"https:\\\/\\\/www.editorialjuventud.es\\\/ca\\\/coleccion\\\/grans-llibres-de-mary-hoffman-i-ros-asquith\\\/\"},{\"@type\":\"ListItem\",\"position\":7,\"name\":\"El gran llibre de les emocions\"}]},{\"@type\":\"WebSite\",\"@id\":\"https:\\\/\\\/www.editorialjuventud.es\\\/#website\",\"url\":\"https:\\\/\\\/www.editorialjuventud.es\\\/\",\"name\":\"Editorial Juventud\",\"description\":\"\",\"potentialAction\":[{\"@type\":\"SearchAction\",\"target\":{\"@type\":\"EntryPoint\",\"urlTemplate\":\"https:\\\/\\\/www.editorialjuventud.es\\\/?s={search_term_string}\"},\"query-input\":{\"@type\":\"PropertyValueSpecification\",\"valueRequired\":true,\"valueName\":\"search_term_string\"}}],\"inLanguage\":\"ca\"}]}<\/script>\n<!-- \/ Yoast SEO plugin. -->","yoast_head_json":{"title":"El gran llibre de les emocions - Editorial Juventud","description":"Aquest \u00e0lbum comen\u00e7a amb la seg\u00fcent pregunta: Com et sets avui? Content? Trist? Avorrit? Animat? O una barreja de tot aix\u00f2 i m\u00e9s...? I aix\u00f2 ens porta a","robots":{"index":"index","follow":"follow","max-snippet":"max-snippet:-1","max-image-preview":"max-image-preview:large","max-video-preview":"max-video-preview:-1"},"canonical":"https:\/\/www.editorialjuventud.es\/ca\/el-gran-llibre-de-les-emocions-9788426139559\/","og_locale":"ca_ES","og_type":"article","og_title":"El gran llibre de les emocions - Editorial Juventud","og_description":"Aquest \u00e0lbum comen\u00e7a amb la seg\u00fcent pregunta: Com et sets avui? Content? Trist? Avorrit? Animat? O una barreja de tot aix\u00f2 i m\u00e9s...? I aix\u00f2 ens porta a","og_url":"https:\/\/www.editorialjuventud.es\/ca\/el-gran-llibre-de-les-emocions-9788426139559\/","og_site_name":"Editorial Juventud","article_modified_time":"2022-07-14T08:58:18+00:00","og_image":[{"width":331,"height":450,"url":"https:\/\/www.editorialjuventud.es\/wp-content\/uploads\/3955.jpg","type":"image\/jpeg"}],"twitter_card":"summary_large_image","schema":{"@context":"https:\/\/schema.org","@graph":[{"@type":"WebPage","@id":"https:\/\/www.editorialjuventud.es\/ca\/el-gran-llibre-de-les-emocions-9788426139559\/","url":"https:\/\/www.editorialjuventud.es\/ca\/el-gran-llibre-de-les-emocions-9788426139559\/","name":"El gran llibre de les emocions - Editorial Juventud","isPartOf":{"@id":"https:\/\/www.editorialjuventud.es\/#website"},"primaryImageOfPage":{"@id":"https:\/\/www.editorialjuventud.es\/ca\/el-gran-llibre-de-les-emocions-9788426139559\/#primaryimage"},"image":{"@id":"https:\/\/www.editorialjuventud.es\/ca\/el-gran-llibre-de-les-emocions-9788426139559\/#primaryimage"},"thumbnailUrl":"https:\/\/www.editorialjuventud.es\/wp-content\/uploads\/3955.jpg","datePublished":"2018-08-24T09:35:04+00:00","dateModified":"2022-07-14T08:58:18+00:00","description":"Aquest \u00e0lbum comen\u00e7a amb la seg\u00fcent pregunta: Com et sets avui? Content? Trist? Avorrit? Animat? O una barreja de tot aix\u00f2 i m\u00e9s...? I aix\u00f2 ens porta a","breadcrumb":{"@id":"https:\/\/www.editorialjuventud.es\/ca\/el-gran-llibre-de-les-emocions-9788426139559\/#breadcrumb"},"inLanguage":"ca","potentialAction":[{"@type":"ReadAction","target":["https:\/\/www.editorialjuventud.es\/ca\/el-gran-llibre-de-les-emocions-9788426139559\/"]}]},{"@type":"ImageObject","inLanguage":"ca","@id":"https:\/\/www.editorialjuventud.es\/ca\/el-gran-llibre-de-les-emocions-9788426139559\/#primaryimage","url":"https:\/\/www.editorialjuventud.es\/wp-content\/uploads\/3955.jpg","contentUrl":"https:\/\/www.editorialjuventud.es\/wp-content\/uploads\/3955.jpg","width":331,"height":450,"caption":"3955.jpg"},{"@type":"BreadcrumbList","@id":"https:\/\/www.editorialjuventud.es\/ca\/el-gran-llibre-de-les-emocions-9788426139559\/#breadcrumb","itemListElement":[{"@type":"ListItem","position":1,"name":"Portada","item":"https:\/\/www.editorialjuventud.es\/"},{"@type":"ListItem","position":2,"name":"cat\u00e1logo","item":"https:\/\/www.editorialjuventud.es\/coleccion\/catalogo\/"},{"@type":"ListItem","position":3,"name":"catal\u00e0","item":"https:\/\/www.editorialjuventud.es\/coleccion\/catala\/"},{"@type":"ListItem","position":4,"name":"\u00c0lbums Il\u00b7lustrats","item":"https:\/\/www.editorialjuventud.es\/coleccion\/albums-il%c2%b7lustrats\/"},{"@type":"ListItem","position":5,"name":"Com i Per qu\u00e8","item":"https:\/\/www.editorialjuventud.es\/coleccion\/com-i-per-que\/"},{"@type":"ListItem","position":6,"name":"Grans Llibres de Mary Hoffman i Ros Asquith","item":"https:\/\/www.editorialjuventud.es\/ca\/coleccion\/grans-llibres-de-mary-hoffman-i-ros-asquith\/"},{"@type":"ListItem","position":7,"name":"El gran llibre de les emocions"}]},{"@type":"WebSite","@id":"https:\/\/www.editorialjuventud.es\/#website","url":"https:\/\/www.editorialjuventud.es\/","name":"Editorial Juventud","description":"","potentialAction":[{"@type":"SearchAction","target":{"@type":"EntryPoint","urlTemplate":"https:\/\/www.editorialjuventud.es\/?s={search_term_string}"},"query-input":{"@type":"PropertyValueSpecification","valueRequired":true,"valueName":"search_term_string"}}],"inLanguage":"ca"}]}},"_links":{"self":[{"href":"https:\/\/www.editorialjuventud.es\/ca\/wp-json\/wp\/v2\/product\/5866","targetHints":{"allow":["GET"]}}],"collection":[{"href":"https:\/\/www.editorialjuventud.es\/ca\/wp-json\/wp\/v2\/product"}],"about":[{"href":"https:\/\/www.editorialjuventud.es\/ca\/wp-json\/wp\/v2\/types\/product"}],"wp:featuredmedia":[{"embeddable":true,"href":"https:\/\/www.editorialjuventud.es\/ca\/wp-json\/wp\/v2\/media\/12829"}],"wp:attachment":[{"href":"https:\/\/www.editorialjuventud.es\/ca\/wp-json\/wp\/v2\/media?parent=5866"}],"wp:term":[{"taxonomy":"product_brand","embeddable":true,"href":"https:\/\/www.editorialjuventud.es\/ca\/wp-json\/wp\/v2\/product_brand?post=5866"},{"taxonomy":"product_cat","embeddable":true,"href":"https:\/\/www.editorialjuventud.es\/ca\/wp-json\/wp\/v2\/product_cat?post=5866"},{"taxonomy":"product_tag","embeddable":true,"href":"https:\/\/www.editorialjuventud.es\/ca\/wp-json\/wp\/v2\/product_tag?post=5866"},{"taxonomy":"coleccion","embeddable":true,"href":"https:\/\/www.editorialjuventud.es\/ca\/wp-json\/wp\/v2\/coleccion?post=5866"}],"curies":[{"name":"wp","href":"https:\/\/api.w.org\/{rel}","templated":true}]}}