{"id":5862,"date":"2018-08-24T11:34:47","date_gmt":"2018-08-24T09:34:47","guid":{"rendered":"http:\/\/www.editorialjuventud.es\/el-llibre-de-los\/"},"modified":"2025-01-22T13:21:46","modified_gmt":"2025-01-22T12:21:46","slug":"el-llibre-de-los-9788426139511","status":"publish","type":"product","link":"https:\/\/www.editorialjuventud.es\/ca\/el-llibre-de-los-9788426139511\/","title":{"rendered":"El llibre de l&#8217;\u00f3s"},"content":{"rendered":"<p>\u00c9s hora d&#8217;anar a dormir&#8230; i un nen mira el seu llibre favorit mentre la seva mare l&#8217;hi llegeix. A mesura que passa les p\u00e0gines, entra en el m\u00f3n d&#8217;un \u00f3s que es prepara per hibernar. I mentre l&#8217;\u00f3s dorm el seu son profund, la vida continua al seu voltant. Quan l&#8217;\u00f3s per fi es desperta, a la primavera, els ulls del nen ja s&#8217;han tancat\u2026<br \/>Un llibre sobre el ritual d&#8217;anar a dormir i l&#8217;hora del conte, per a primers lectors, acompanyat d&#8217;un text r\u00edtmic i po\u00e8tic i belles il\u00b7lustracions, que juga amb el paral\u00b7lelisme entre el ritual nocturn d&#8217;un nen i l&#8217;estat de son llarg i profund d&#8217;un \u00f3s a l&#8217;hivern.<\/p>\n","protected":false},"excerpt":{"rendered":"\u00c9s hora d&#8217;anar a dormir&#8230; i un nen mira el seu llibre favorit mentre la seva mare l&#8217;hi llegeix. A mesura que passa les p\u00e0gines, entra en el m\u00f3n d&#8217;un \u00f3s que es prepara per hibernar. I mentre l&#8217;\u00f3s dorm [&hellip;]","protected":false},"featured_media":12881,"template":"","meta":{"_acf_changed":false,"_exactmetrics_skip_tracking":false,"_exactmetrics_sitenote_active":false,"_exactmetrics_sitenote_note":"","_exactmetrics_sitenote_category":0},"product_brand":[],"product_cat":[899,1121,1165,1128],"product_tag":[],"coleccion":[947],"class_list":{"0":"post-5862","1":"product","2":"type-product","3":"status-publish","4":"has-post-thumbnail","6":"product_cat-a-partir-de-3-anos","7":"product_cat-albumes-ilustrados","8":"product_cat-dormir-sueno","9":"product_cat-tematica","10":"coleccion-contes-per-anar-a-dormir","12":"first","13":"instock","14":"taxable","15":"shipping-taxable","16":"purchasable","17":"product-type-simple"},"acf":{"autor":"Banks, Kate","codart":"3951","ediciones":"1","encuadernacion":"Carton\u00e9","fecha_de_publicacion":"01\/09\/2012","novedad":"0","paginas":"40","subtitulo":"","texto_web_adicional":"","texto_web_novedad":"","orden":"999","portada":"0","texto_web_resaltado":"","autores-libros":[16206],"ilustradores-libros":[17755],"traductores-libros":[17686]},"yoast_head":"<!-- This site is optimized with the Yoast SEO plugin v27.5 - https:\/\/yoast.com\/product\/yoast-seo-wordpress\/ -->\n<title>El llibre de l&#039;\u00f3s - Editorial Juventud<\/title>\n<meta name=\"description\" content=\"\u00c9s hora d&#039;anar a dormir... i un nen mira el seu llibre favorit mentre la seva mare l&#039;hi llegeix. A mesura que passa les p\u00e0gines, entra en el m\u00f3n d&#039;un \u00f3s\" \/>\n<meta name=\"robots\" content=\"index, follow, max-snippet:-1, max-image-preview:large, max-video-preview:-1\" \/>\n<link rel=\"canonical\" href=\"https:\/\/www.editorialjuventud.es\/el-llibre-de-los-9788426139511\/\" \/>\n<meta property=\"og:locale\" content=\"ca_ES\" \/>\n<meta property=\"og:type\" content=\"article\" \/>\n<meta property=\"og:title\" content=\"El llibre de l&#039;\u00f3s - Editorial Juventud\" \/>\n<meta property=\"og:description\" content=\"\u00c9s hora d&#039;anar a dormir... i un nen mira el seu llibre favorit mentre la seva mare l&#039;hi llegeix. A mesura que passa les p\u00e0gines, entra en el m\u00f3n d&#039;un \u00f3s\" \/>\n<meta property=\"og:url\" content=\"https:\/\/www.editorialjuventud.es\/el-llibre-de-los-9788426139511\/\" \/>\n<meta property=\"og:site_name\" content=\"Editorial Juventud\" \/>\n<meta property=\"article:modified_time\" content=\"2025-01-22T12:21:46+00:00\" \/>\n<meta property=\"og:image\" content=\"https:\/\/www.editorialjuventud.es\/wp-content\/uploads\/3951.jpg\" \/>\n\t<meta property=\"og:image:width\" content=\"450\" \/>\n\t<meta property=\"og:image:height\" content=\"450\" \/>\n\t<meta property=\"og:image:type\" content=\"image\/jpeg\" \/>\n<meta name=\"twitter:card\" content=\"summary_large_image\" \/>\n<meta name=\"twitter:label1\" content=\"Temps estimat de lectura\" \/>\n\t<meta name=\"twitter:data1\" content=\"1 minut\" \/>\n<script type=\"application\/ld+json\" class=\"yoast-schema-graph\">{\"@context\":\"https:\\\/\\\/schema.org\",\"@graph\":[{\"@type\":\"WebPage\",\"@id\":\"https:\\\/\\\/www.editorialjuventud.es\\\/el-llibre-de-los-9788426139511\\\/\",\"url\":\"https:\\\/\\\/www.editorialjuventud.es\\\/el-llibre-de-los-9788426139511\\\/\",\"name\":\"El llibre de l'\u00f3s - Editorial Juventud\",\"isPartOf\":{\"@id\":\"https:\\\/\\\/www.editorialjuventud.es\\\/#website\"},\"primaryImageOfPage\":{\"@id\":\"https:\\\/\\\/www.editorialjuventud.es\\\/el-llibre-de-los-9788426139511\\\/#primaryimage\"},\"image\":{\"@id\":\"https:\\\/\\\/www.editorialjuventud.es\\\/el-llibre-de-los-9788426139511\\\/#primaryimage\"},\"thumbnailUrl\":\"https:\\\/\\\/www.editorialjuventud.es\\\/wp-content\\\/uploads\\\/3951.jpg\",\"datePublished\":\"2018-08-24T09:34:47+00:00\",\"dateModified\":\"2025-01-22T12:21:46+00:00\",\"description\":\"\u00c9s hora d'anar a dormir... i un nen mira el seu llibre favorit mentre la seva mare l'hi llegeix. A mesura que passa les p\u00e0gines, entra en el m\u00f3n d'un \u00f3s\",\"breadcrumb\":{\"@id\":\"https:\\\/\\\/www.editorialjuventud.es\\\/el-llibre-de-los-9788426139511\\\/#breadcrumb\"},\"inLanguage\":\"ca\",\"potentialAction\":[{\"@type\":\"ReadAction\",\"target\":[\"https:\\\/\\\/www.editorialjuventud.es\\\/el-llibre-de-los-9788426139511\\\/\"]}]},{\"@type\":\"ImageObject\",\"inLanguage\":\"ca\",\"@id\":\"https:\\\/\\\/www.editorialjuventud.es\\\/el-llibre-de-los-9788426139511\\\/#primaryimage\",\"url\":\"https:\\\/\\\/www.editorialjuventud.es\\\/wp-content\\\/uploads\\\/3951.jpg\",\"contentUrl\":\"https:\\\/\\\/www.editorialjuventud.es\\\/wp-content\\\/uploads\\\/3951.jpg\",\"width\":450,\"height\":450,\"caption\":\"3951.jpg\"},{\"@type\":\"BreadcrumbList\",\"@id\":\"https:\\\/\\\/www.editorialjuventud.es\\\/el-llibre-de-los-9788426139511\\\/#breadcrumb\",\"itemListElement\":[{\"@type\":\"ListItem\",\"position\":1,\"name\":\"Portada\",\"item\":\"https:\\\/\\\/www.editorialjuventud.es\\\/\"},{\"@type\":\"ListItem\",\"position\":2,\"name\":\"cat\u00e1logo\",\"item\":\"https:\\\/\\\/www.editorialjuventud.es\\\/coleccion\\\/catalogo\\\/\"},{\"@type\":\"ListItem\",\"position\":3,\"name\":\"catal\u00e0\",\"item\":\"https:\\\/\\\/www.editorialjuventud.es\\\/coleccion\\\/catala\\\/\"},{\"@type\":\"ListItem\",\"position\":4,\"name\":\"\u00c0lbums Il\u00b7lustrats\",\"item\":\"https:\\\/\\\/www.editorialjuventud.es\\\/coleccion\\\/albums-il%c2%b7lustrats\\\/\"},{\"@type\":\"ListItem\",\"position\":5,\"name\":\"Contes per Anar a Dormir\",\"item\":\"https:\\\/\\\/www.editorialjuventud.es\\\/coleccion\\\/contes-per-anar-a-dormir\\\/\"},{\"@type\":\"ListItem\",\"position\":6,\"name\":\"El llibre de l'\u00f3s\"}]},{\"@type\":\"WebSite\",\"@id\":\"https:\\\/\\\/www.editorialjuventud.es\\\/#website\",\"url\":\"https:\\\/\\\/www.editorialjuventud.es\\\/\",\"name\":\"Editorial Juventud\",\"description\":\"\",\"potentialAction\":[{\"@type\":\"SearchAction\",\"target\":{\"@type\":\"EntryPoint\",\"urlTemplate\":\"https:\\\/\\\/www.editorialjuventud.es\\\/?s={search_term_string}\"},\"query-input\":{\"@type\":\"PropertyValueSpecification\",\"valueRequired\":true,\"valueName\":\"search_term_string\"}}],\"inLanguage\":\"ca\"}]}<\/script>\n<!-- \/ Yoast SEO plugin. -->","yoast_head_json":{"title":"El llibre de l'\u00f3s - Editorial Juventud","description":"\u00c9s hora d'anar a dormir... i un nen mira el seu llibre favorit mentre la seva mare l'hi llegeix. A mesura que passa les p\u00e0gines, entra en el m\u00f3n d'un \u00f3s","robots":{"index":"index","follow":"follow","max-snippet":"max-snippet:-1","max-image-preview":"max-image-preview:large","max-video-preview":"max-video-preview:-1"},"canonical":"https:\/\/www.editorialjuventud.es\/el-llibre-de-los-9788426139511\/","og_locale":"ca_ES","og_type":"article","og_title":"El llibre de l'\u00f3s - Editorial Juventud","og_description":"\u00c9s hora d'anar a dormir... i un nen mira el seu llibre favorit mentre la seva mare l'hi llegeix. A mesura que passa les p\u00e0gines, entra en el m\u00f3n d'un \u00f3s","og_url":"https:\/\/www.editorialjuventud.es\/el-llibre-de-los-9788426139511\/","og_site_name":"Editorial Juventud","article_modified_time":"2025-01-22T12:21:46+00:00","og_image":[{"width":450,"height":450,"url":"https:\/\/www.editorialjuventud.es\/wp-content\/uploads\/3951.jpg","type":"image\/jpeg"}],"twitter_card":"summary_large_image","twitter_misc":{"Temps estimat de lectura":"1 minut"},"schema":{"@context":"https:\/\/schema.org","@graph":[{"@type":"WebPage","@id":"https:\/\/www.editorialjuventud.es\/el-llibre-de-los-9788426139511\/","url":"https:\/\/www.editorialjuventud.es\/el-llibre-de-los-9788426139511\/","name":"El llibre de l'\u00f3s - Editorial Juventud","isPartOf":{"@id":"https:\/\/www.editorialjuventud.es\/#website"},"primaryImageOfPage":{"@id":"https:\/\/www.editorialjuventud.es\/el-llibre-de-los-9788426139511\/#primaryimage"},"image":{"@id":"https:\/\/www.editorialjuventud.es\/el-llibre-de-los-9788426139511\/#primaryimage"},"thumbnailUrl":"https:\/\/www.editorialjuventud.es\/wp-content\/uploads\/3951.jpg","datePublished":"2018-08-24T09:34:47+00:00","dateModified":"2025-01-22T12:21:46+00:00","description":"\u00c9s hora d'anar a dormir... i un nen mira el seu llibre favorit mentre la seva mare l'hi llegeix. A mesura que passa les p\u00e0gines, entra en el m\u00f3n d'un \u00f3s","breadcrumb":{"@id":"https:\/\/www.editorialjuventud.es\/el-llibre-de-los-9788426139511\/#breadcrumb"},"inLanguage":"ca","potentialAction":[{"@type":"ReadAction","target":["https:\/\/www.editorialjuventud.es\/el-llibre-de-los-9788426139511\/"]}]},{"@type":"ImageObject","inLanguage":"ca","@id":"https:\/\/www.editorialjuventud.es\/el-llibre-de-los-9788426139511\/#primaryimage","url":"https:\/\/www.editorialjuventud.es\/wp-content\/uploads\/3951.jpg","contentUrl":"https:\/\/www.editorialjuventud.es\/wp-content\/uploads\/3951.jpg","width":450,"height":450,"caption":"3951.jpg"},{"@type":"BreadcrumbList","@id":"https:\/\/www.editorialjuventud.es\/el-llibre-de-los-9788426139511\/#breadcrumb","itemListElement":[{"@type":"ListItem","position":1,"name":"Portada","item":"https:\/\/www.editorialjuventud.es\/"},{"@type":"ListItem","position":2,"name":"cat\u00e1logo","item":"https:\/\/www.editorialjuventud.es\/coleccion\/catalogo\/"},{"@type":"ListItem","position":3,"name":"catal\u00e0","item":"https:\/\/www.editorialjuventud.es\/coleccion\/catala\/"},{"@type":"ListItem","position":4,"name":"\u00c0lbums Il\u00b7lustrats","item":"https:\/\/www.editorialjuventud.es\/coleccion\/albums-il%c2%b7lustrats\/"},{"@type":"ListItem","position":5,"name":"Contes per Anar a Dormir","item":"https:\/\/www.editorialjuventud.es\/coleccion\/contes-per-anar-a-dormir\/"},{"@type":"ListItem","position":6,"name":"El llibre de l'\u00f3s"}]},{"@type":"WebSite","@id":"https:\/\/www.editorialjuventud.es\/#website","url":"https:\/\/www.editorialjuventud.es\/","name":"Editorial Juventud","description":"","potentialAction":[{"@type":"SearchAction","target":{"@type":"EntryPoint","urlTemplate":"https:\/\/www.editorialjuventud.es\/?s={search_term_string}"},"query-input":{"@type":"PropertyValueSpecification","valueRequired":true,"valueName":"search_term_string"}}],"inLanguage":"ca"}]}},"_links":{"self":[{"href":"https:\/\/www.editorialjuventud.es\/ca\/wp-json\/wp\/v2\/product\/5862","targetHints":{"allow":["GET"]}}],"collection":[{"href":"https:\/\/www.editorialjuventud.es\/ca\/wp-json\/wp\/v2\/product"}],"about":[{"href":"https:\/\/www.editorialjuventud.es\/ca\/wp-json\/wp\/v2\/types\/product"}],"wp:featuredmedia":[{"embeddable":true,"href":"https:\/\/www.editorialjuventud.es\/ca\/wp-json\/wp\/v2\/media\/12881"}],"wp:attachment":[{"href":"https:\/\/www.editorialjuventud.es\/ca\/wp-json\/wp\/v2\/media?parent=5862"}],"wp:term":[{"taxonomy":"product_brand","embeddable":true,"href":"https:\/\/www.editorialjuventud.es\/ca\/wp-json\/wp\/v2\/product_brand?post=5862"},{"taxonomy":"product_cat","embeddable":true,"href":"https:\/\/www.editorialjuventud.es\/ca\/wp-json\/wp\/v2\/product_cat?post=5862"},{"taxonomy":"product_tag","embeddable":true,"href":"https:\/\/www.editorialjuventud.es\/ca\/wp-json\/wp\/v2\/product_tag?post=5862"},{"taxonomy":"coleccion","embeddable":true,"href":"https:\/\/www.editorialjuventud.es\/ca\/wp-json\/wp\/v2\/coleccion?post=5862"}],"curies":[{"name":"wp","href":"https:\/\/api.w.org\/{rel}","templated":true}]}}