{"id":5861,"date":"2018-08-24T11:34:43","date_gmt":"2018-08-24T09:34:43","guid":{"rendered":"http:\/\/www.editorialjuventud.es\/el-libro-del-oso\/"},"modified":"2025-01-22T13:21:39","modified_gmt":"2025-01-22T12:21:39","slug":"el-libro-del-oso-9788426139504","status":"publish","type":"product","link":"https:\/\/www.editorialjuventud.es\/ca\/el-libro-del-oso-9788426139504\/","title":{"rendered":"El libro del oso"},"content":{"rendered":"<p>Es hora de ir a dormir&#8230; y un ni\u00f1o mira su libro favorito mientras se lo lee su mam\u00e1. A medida que pasa las p\u00e1ginas, entra en el mundo de un oso que se prepara para hibernar. Y mientras el oso duerme su profundo sue\u00f1o, la vida contin\u00faa a su alrededor. Cuando el oso por fin despierta, en primavera, los ojos del ni\u00f1o ya se han cerrado.<br \/>Un libro sobre el ritual de ir a dormir y la hora del cuento, para primeros lectores, acompa\u00f1ado de un r\u00edtmico y po\u00e9tico texto y hermosas ilustraciones, que juega con el paralelismo entre el ritual nocturno de un ni\u00f1o y el sue\u00f1o largo y profundo de un oso en invierno.<\/p>\n","protected":false},"excerpt":{"rendered":"Es hora de ir a dormir&#8230; y un ni\u00f1o mira su libro favorito mientras se lo lee su mam\u00e1. A medida que pasa las p\u00e1ginas, entra en el mundo de un oso que se prepara para hibernar. Y mientras el [&hellip;]","protected":false},"featured_media":12857,"template":"","meta":{"_acf_changed":false,"_exactmetrics_skip_tracking":false,"_exactmetrics_sitenote_active":false,"_exactmetrics_sitenote_note":"","_exactmetrics_sitenote_category":0},"product_brand":[],"product_cat":[899,1121,1144,1165,1191],"product_tag":[],"coleccion":[990],"class_list":{"0":"post-5861","1":"product","2":"type-product","3":"status-publish","4":"has-post-thumbnail","6":"product_cat-a-partir-de-3-anos","7":"product_cat-albumes-ilustrados","8":"product_cat-bibliotecas-libros-sobre-libros","9":"product_cat-dormir-sueno","10":"product_cat-madres","11":"coleccion-cuentos-para-ir-a-la-cama","13":"first","14":"instock","15":"taxable","16":"shipping-taxable","17":"purchasable","18":"product-type-simple"},"acf":{"autor":"Banks - Hallensleben","codart":"3950","ediciones":"2","encuadernacion":"Carton\u00e9","fecha_de_publicacion":"01\/09\/2012","novedad":"0","paginas":"40","subtitulo":"","texto_web_adicional":"","texto_web_novedad":"","orden":"999","portada":"0","texto_web_resaltado":"","indice":"","autores-libros":[16206],"ilustradores-libros":[17755],"traductores-libros":[58416],"fecha_de_reimpresion":"01\/02\/2021","descripcion_corta":"","recomendamos":"","mas_vendido":"","idioma-libro":"","color":false,"formato":"","mas_informacion_del_producto":false,"premios":false,"deshabilitar_compra":[],"texto_enlace_cubierta":"","enlace_cubierta":false,"texto_enlace_ficha_tecnica":"","enlace_ficha_tecnica":false,"ficheros":false,"titulo-fr":"","texto-fr":""},"yoast_head":"<!-- This site is optimized with the Yoast SEO plugin v27.5 - https:\/\/yoast.com\/product\/yoast-seo-wordpress\/ -->\n<title>El libro del oso - Editorial Juventud<\/title>\n<meta name=\"description\" content=\"Es hora de ir a dormir... y un ni\u00f1o mira su libro favorito mientras se lo lee su mam\u00e1. A medida que pasa las p\u00e1ginas, entra en el mundo de un oso que se\" \/>\n<meta name=\"robots\" content=\"index, follow, max-snippet:-1, max-image-preview:large, max-video-preview:-1\" \/>\n<link rel=\"canonical\" href=\"https:\/\/www.editorialjuventud.es\/el-libro-del-oso-9788426139504\/\" \/>\n<meta property=\"og:locale\" content=\"ca_ES\" \/>\n<meta property=\"og:type\" content=\"article\" \/>\n<meta property=\"og:title\" content=\"El libro del oso - Editorial Juventud\" \/>\n<meta property=\"og:description\" content=\"Es hora de ir a dormir... y un ni\u00f1o mira su libro favorito mientras se lo lee su mam\u00e1. A medida que pasa las p\u00e1ginas, entra en el mundo de un oso que se\" \/>\n<meta property=\"og:url\" content=\"https:\/\/www.editorialjuventud.es\/el-libro-del-oso-9788426139504\/\" \/>\n<meta property=\"og:site_name\" content=\"Editorial Juventud\" \/>\n<meta property=\"article:modified_time\" content=\"2025-01-22T12:21:39+00:00\" \/>\n<meta property=\"og:image\" content=\"https:\/\/www.editorialjuventud.es\/wp-content\/uploads\/3950.jpg\" \/>\n\t<meta property=\"og:image:width\" content=\"448\" \/>\n\t<meta property=\"og:image:height\" content=\"450\" \/>\n\t<meta property=\"og:image:type\" content=\"image\/jpeg\" \/>\n<meta name=\"twitter:card\" content=\"summary_large_image\" \/>\n<meta name=\"twitter:label1\" content=\"Temps estimat de lectura\" \/>\n\t<meta name=\"twitter:data1\" content=\"1 minut\" \/>\n<script type=\"application\/ld+json\" class=\"yoast-schema-graph\">{\"@context\":\"https:\\\/\\\/schema.org\",\"@graph\":[{\"@type\":\"WebPage\",\"@id\":\"https:\\\/\\\/www.editorialjuventud.es\\\/el-libro-del-oso-9788426139504\\\/\",\"url\":\"https:\\\/\\\/www.editorialjuventud.es\\\/el-libro-del-oso-9788426139504\\\/\",\"name\":\"El libro del oso - Editorial Juventud\",\"isPartOf\":{\"@id\":\"https:\\\/\\\/www.editorialjuventud.es\\\/#website\"},\"primaryImageOfPage\":{\"@id\":\"https:\\\/\\\/www.editorialjuventud.es\\\/el-libro-del-oso-9788426139504\\\/#primaryimage\"},\"image\":{\"@id\":\"https:\\\/\\\/www.editorialjuventud.es\\\/el-libro-del-oso-9788426139504\\\/#primaryimage\"},\"thumbnailUrl\":\"https:\\\/\\\/www.editorialjuventud.es\\\/wp-content\\\/uploads\\\/3950.jpg\",\"datePublished\":\"2018-08-24T09:34:43+00:00\",\"dateModified\":\"2025-01-22T12:21:39+00:00\",\"description\":\"Es hora de ir a dormir... y un ni\u00f1o mira su libro favorito mientras se lo lee su mam\u00e1. A medida que pasa las p\u00e1ginas, entra en el mundo de un oso que se\",\"breadcrumb\":{\"@id\":\"https:\\\/\\\/www.editorialjuventud.es\\\/el-libro-del-oso-9788426139504\\\/#breadcrumb\"},\"inLanguage\":\"ca\",\"potentialAction\":[{\"@type\":\"ReadAction\",\"target\":[\"https:\\\/\\\/www.editorialjuventud.es\\\/el-libro-del-oso-9788426139504\\\/\"]}]},{\"@type\":\"ImageObject\",\"inLanguage\":\"ca\",\"@id\":\"https:\\\/\\\/www.editorialjuventud.es\\\/el-libro-del-oso-9788426139504\\\/#primaryimage\",\"url\":\"https:\\\/\\\/www.editorialjuventud.es\\\/wp-content\\\/uploads\\\/3950.jpg\",\"contentUrl\":\"https:\\\/\\\/www.editorialjuventud.es\\\/wp-content\\\/uploads\\\/3950.jpg\",\"width\":448,\"height\":450,\"caption\":\"3950.jpg\"},{\"@type\":\"BreadcrumbList\",\"@id\":\"https:\\\/\\\/www.editorialjuventud.es\\\/el-libro-del-oso-9788426139504\\\/#breadcrumb\",\"itemListElement\":[{\"@type\":\"ListItem\",\"position\":1,\"name\":\"Portada\",\"item\":\"https:\\\/\\\/www.editorialjuventud.es\\\/\"},{\"@type\":\"ListItem\",\"position\":2,\"name\":\"cat\u00e1logo\",\"item\":\"https:\\\/\\\/www.editorialjuventud.es\\\/coleccion\\\/catalogo\\\/\"},{\"@type\":\"ListItem\",\"position\":3,\"name\":\"castellano\",\"item\":\"https:\\\/\\\/www.editorialjuventud.es\\\/coleccion\\\/castellano\\\/\"},{\"@type\":\"ListItem\",\"position\":4,\"name\":\"\u00c1lbumes Ilustrados\",\"item\":\"https:\\\/\\\/www.editorialjuventud.es\\\/coleccion\\\/albumes-ilustrados\\\/\"},{\"@type\":\"ListItem\",\"position\":5,\"name\":\"Cuentos para Ir a la Cama\",\"item\":\"https:\\\/\\\/www.editorialjuventud.es\\\/coleccion\\\/cuentos-para-ir-a-la-cama\\\/\"},{\"@type\":\"ListItem\",\"position\":6,\"name\":\"El libro del oso\"}]},{\"@type\":\"WebSite\",\"@id\":\"https:\\\/\\\/www.editorialjuventud.es\\\/#website\",\"url\":\"https:\\\/\\\/www.editorialjuventud.es\\\/\",\"name\":\"Editorial Juventud\",\"description\":\"\",\"potentialAction\":[{\"@type\":\"SearchAction\",\"target\":{\"@type\":\"EntryPoint\",\"urlTemplate\":\"https:\\\/\\\/www.editorialjuventud.es\\\/?s={search_term_string}\"},\"query-input\":{\"@type\":\"PropertyValueSpecification\",\"valueRequired\":true,\"valueName\":\"search_term_string\"}}],\"inLanguage\":\"ca\"}]}<\/script>\n<!-- \/ Yoast SEO plugin. -->","yoast_head_json":{"title":"El libro del oso - Editorial Juventud","description":"Es hora de ir a dormir... y un ni\u00f1o mira su libro favorito mientras se lo lee su mam\u00e1. A medida que pasa las p\u00e1ginas, entra en el mundo de un oso que se","robots":{"index":"index","follow":"follow","max-snippet":"max-snippet:-1","max-image-preview":"max-image-preview:large","max-video-preview":"max-video-preview:-1"},"canonical":"https:\/\/www.editorialjuventud.es\/el-libro-del-oso-9788426139504\/","og_locale":"ca_ES","og_type":"article","og_title":"El libro del oso - Editorial Juventud","og_description":"Es hora de ir a dormir... y un ni\u00f1o mira su libro favorito mientras se lo lee su mam\u00e1. A medida que pasa las p\u00e1ginas, entra en el mundo de un oso que se","og_url":"https:\/\/www.editorialjuventud.es\/el-libro-del-oso-9788426139504\/","og_site_name":"Editorial Juventud","article_modified_time":"2025-01-22T12:21:39+00:00","og_image":[{"width":448,"height":450,"url":"https:\/\/www.editorialjuventud.es\/wp-content\/uploads\/3950.jpg","type":"image\/jpeg"}],"twitter_card":"summary_large_image","twitter_misc":{"Temps estimat de lectura":"1 minut"},"schema":{"@context":"https:\/\/schema.org","@graph":[{"@type":"WebPage","@id":"https:\/\/www.editorialjuventud.es\/el-libro-del-oso-9788426139504\/","url":"https:\/\/www.editorialjuventud.es\/el-libro-del-oso-9788426139504\/","name":"El libro del oso - Editorial Juventud","isPartOf":{"@id":"https:\/\/www.editorialjuventud.es\/#website"},"primaryImageOfPage":{"@id":"https:\/\/www.editorialjuventud.es\/el-libro-del-oso-9788426139504\/#primaryimage"},"image":{"@id":"https:\/\/www.editorialjuventud.es\/el-libro-del-oso-9788426139504\/#primaryimage"},"thumbnailUrl":"https:\/\/www.editorialjuventud.es\/wp-content\/uploads\/3950.jpg","datePublished":"2018-08-24T09:34:43+00:00","dateModified":"2025-01-22T12:21:39+00:00","description":"Es hora de ir a dormir... y un ni\u00f1o mira su libro favorito mientras se lo lee su mam\u00e1. A medida que pasa las p\u00e1ginas, entra en el mundo de un oso que se","breadcrumb":{"@id":"https:\/\/www.editorialjuventud.es\/el-libro-del-oso-9788426139504\/#breadcrumb"},"inLanguage":"ca","potentialAction":[{"@type":"ReadAction","target":["https:\/\/www.editorialjuventud.es\/el-libro-del-oso-9788426139504\/"]}]},{"@type":"ImageObject","inLanguage":"ca","@id":"https:\/\/www.editorialjuventud.es\/el-libro-del-oso-9788426139504\/#primaryimage","url":"https:\/\/www.editorialjuventud.es\/wp-content\/uploads\/3950.jpg","contentUrl":"https:\/\/www.editorialjuventud.es\/wp-content\/uploads\/3950.jpg","width":448,"height":450,"caption":"3950.jpg"},{"@type":"BreadcrumbList","@id":"https:\/\/www.editorialjuventud.es\/el-libro-del-oso-9788426139504\/#breadcrumb","itemListElement":[{"@type":"ListItem","position":1,"name":"Portada","item":"https:\/\/www.editorialjuventud.es\/"},{"@type":"ListItem","position":2,"name":"cat\u00e1logo","item":"https:\/\/www.editorialjuventud.es\/coleccion\/catalogo\/"},{"@type":"ListItem","position":3,"name":"castellano","item":"https:\/\/www.editorialjuventud.es\/coleccion\/castellano\/"},{"@type":"ListItem","position":4,"name":"\u00c1lbumes Ilustrados","item":"https:\/\/www.editorialjuventud.es\/coleccion\/albumes-ilustrados\/"},{"@type":"ListItem","position":5,"name":"Cuentos para Ir a la Cama","item":"https:\/\/www.editorialjuventud.es\/coleccion\/cuentos-para-ir-a-la-cama\/"},{"@type":"ListItem","position":6,"name":"El libro del oso"}]},{"@type":"WebSite","@id":"https:\/\/www.editorialjuventud.es\/#website","url":"https:\/\/www.editorialjuventud.es\/","name":"Editorial Juventud","description":"","potentialAction":[{"@type":"SearchAction","target":{"@type":"EntryPoint","urlTemplate":"https:\/\/www.editorialjuventud.es\/?s={search_term_string}"},"query-input":{"@type":"PropertyValueSpecification","valueRequired":true,"valueName":"search_term_string"}}],"inLanguage":"ca"}]}},"_links":{"self":[{"href":"https:\/\/www.editorialjuventud.es\/ca\/wp-json\/wp\/v2\/product\/5861","targetHints":{"allow":["GET"]}}],"collection":[{"href":"https:\/\/www.editorialjuventud.es\/ca\/wp-json\/wp\/v2\/product"}],"about":[{"href":"https:\/\/www.editorialjuventud.es\/ca\/wp-json\/wp\/v2\/types\/product"}],"wp:featuredmedia":[{"embeddable":true,"href":"https:\/\/www.editorialjuventud.es\/ca\/wp-json\/wp\/v2\/media\/12857"}],"wp:attachment":[{"href":"https:\/\/www.editorialjuventud.es\/ca\/wp-json\/wp\/v2\/media?parent=5861"}],"wp:term":[{"taxonomy":"product_brand","embeddable":true,"href":"https:\/\/www.editorialjuventud.es\/ca\/wp-json\/wp\/v2\/product_brand?post=5861"},{"taxonomy":"product_cat","embeddable":true,"href":"https:\/\/www.editorialjuventud.es\/ca\/wp-json\/wp\/v2\/product_cat?post=5861"},{"taxonomy":"product_tag","embeddable":true,"href":"https:\/\/www.editorialjuventud.es\/ca\/wp-json\/wp\/v2\/product_tag?post=5861"},{"taxonomy":"coleccion","embeddable":true,"href":"https:\/\/www.editorialjuventud.es\/ca\/wp-json\/wp\/v2\/coleccion?post=5861"}],"curies":[{"name":"wp","href":"https:\/\/api.w.org\/{rel}","templated":true}]}}