{"id":5854,"date":"2018-08-24T11:34:10","date_gmt":"2018-08-24T09:34:10","guid":{"rendered":"http:\/\/www.editorialjuventud.es\/manualidades-ecologicas-para-ninos\/"},"modified":"2019-10-11T06:12:57","modified_gmt":"2019-10-11T04:12:57","slug":"manualidades-ecologicas-para-ninos-9788426139443","status":"publish","type":"product","link":"https:\/\/www.editorialjuventud.es\/ca\/manualidades-ecologicas-para-ninos-9788426139443\/","title":{"rendered":"Manualidades ecol\u00f3gicas para ni\u00f1os"},"content":{"rendered":"<p>Los trabajos est\u00e1n pensados especialmente para ni\u00f1os en edad preescolar. En la mayor\u00eda de las actividades se utilizan materiales que se tienen a mano en casa o que se van a tirar a la basura. Cada trabajo lleva impl\u00edcita la filosof\u00eda del reciclaje, animando a padres e hijos a ser ingeniosos y utilizar todo lo que est\u00e9 a su alcance para divertirse de una manera creativa. Cada trabajo manual est\u00e1 claramente explicado, y las instrucciones van acompa\u00f1adas de fotograf\u00edas que permiten seguir f\u00e1cilmente el paso a paso y que nos muestran c\u00f3mo crear estos maravillosos juegos y juguetes.<\/p>\n","protected":false},"excerpt":{"rendered":"Los trabajos est\u00e1n pensados especialmente para ni\u00f1os en edad preescolar. En la mayor\u00eda de las actividades se utilizan materiales que se tienen a mano en casa o que se van a tirar a la basura. Cada trabajo lleva impl\u00edcita la [&hellip;]","protected":false},"featured_media":16722,"template":"","meta":{"_acf_changed":false,"_exactmetrics_skip_tracking":false,"_exactmetrics_sitenote_active":false,"_exactmetrics_sitenote_note":"","_exactmetrics_sitenote_category":0},"product_brand":[],"product_cat":[900,1140,1167,892,1115,1192,1126,1199,1218,1128],"product_tag":[],"coleccion":[916,940],"class_list":{"0":"post-5854","1":"product","2":"type-product","3":"status-publish","4":"has-post-thumbnail","6":"product_cat-a-partir-de-5-anos","7":"product_cat-arte-y-creatividad","8":"product_cat-ecologia-medio-ambiente","9":"product_cat-edades","10":"product_cat-generos","11":"product_cat-manualidades-tematica","12":"product_cat-manualidades","13":"product_cat-musica","14":"product_cat-reciclaje","15":"product_cat-tematica","16":"coleccion-castellano","17":"coleccion-manos-creativas","19":"first","20":"instock","21":"taxable","22":"shipping-taxable","23":"purchasable","24":"product-type-simple"},"acf":{"autor":"LILLEY, KATE","codart":"3944","ediciones":"2","encuadernacion":"R\u00fastica","fecha_de_publicacion":"03\/01\/2013","novedad":"0","paginas":"128","subtitulo":"35 trabajos creativos","texto_web_adicional":"","texto_web_novedad":"","orden":"999","portada":"0","texto_web_resaltado":"","indice":"","autores-libros":[16466],"ilustradores-libros":"","traductores-libros":"","descripcion_corta":"","recomendamos":"","mas_vendido":"","idioma-libro":"","color":false,"formato":"","mas_informacion_del_producto":false,"premios":false,"texto_enlace_cubierta":"","enlace_cubierta":false,"texto_enlace_ficha_tecnica":"","enlace_ficha_tecnica":false,"ficheros":false,"titulo-fr":"","texto-fr":""},"yoast_head":"<!-- This site is optimized with the Yoast SEO plugin v27.5 - https:\/\/yoast.com\/product\/yoast-seo-wordpress\/ -->\n<title>Manualidades ecol\u00f3gicas para ni\u00f1os - Editorial Juventud<\/title>\n<meta name=\"description\" content=\"Los trabajos est\u00e1n pensados especialmente para ni\u00f1os en edad preescolar. En la mayor\u00eda de las actividades se utilizan materiales que se tienen a mano en\" \/>\n<meta name=\"robots\" content=\"index, follow, max-snippet:-1, max-image-preview:large, max-video-preview:-1\" \/>\n<link rel=\"canonical\" href=\"https:\/\/www.editorialjuventud.es\/ca\/manualidades-ecologicas-para-ninos-9788426139443\/\" \/>\n<meta property=\"og:locale\" content=\"ca_ES\" \/>\n<meta property=\"og:type\" content=\"article\" \/>\n<meta property=\"og:title\" content=\"Manualidades ecol\u00f3gicas para ni\u00f1os - Editorial Juventud\" \/>\n<meta property=\"og:description\" content=\"Los trabajos est\u00e1n pensados especialmente para ni\u00f1os en edad preescolar. En la mayor\u00eda de las actividades se utilizan materiales que se tienen a mano en\" \/>\n<meta property=\"og:url\" content=\"https:\/\/www.editorialjuventud.es\/ca\/manualidades-ecologicas-para-ninos-9788426139443\/\" \/>\n<meta property=\"og:site_name\" content=\"Editorial Juventud\" \/>\n<meta property=\"article:modified_time\" content=\"2019-10-11T04:12:57+00:00\" \/>\n<meta property=\"og:image\" content=\"https:\/\/www.editorialjuventud.es\/wp-content\/uploads\/3944.jpg\" \/>\n\t<meta property=\"og:image:width\" content=\"443\" \/>\n\t<meta property=\"og:image:height\" content=\"450\" \/>\n\t<meta property=\"og:image:type\" content=\"image\/jpeg\" \/>\n<meta name=\"twitter:card\" content=\"summary_large_image\" \/>\n<meta name=\"twitter:label1\" content=\"Temps estimat de lectura\" \/>\n\t<meta name=\"twitter:data1\" content=\"1 minut\" \/>\n<script type=\"application\/ld+json\" class=\"yoast-schema-graph\">{\"@context\":\"https:\\\/\\\/schema.org\",\"@graph\":[{\"@type\":\"WebPage\",\"@id\":\"https:\\\/\\\/www.editorialjuventud.es\\\/ca\\\/manualidades-ecologicas-para-ninos-9788426139443\\\/\",\"url\":\"https:\\\/\\\/www.editorialjuventud.es\\\/ca\\\/manualidades-ecologicas-para-ninos-9788426139443\\\/\",\"name\":\"Manualidades ecol\u00f3gicas para ni\u00f1os - Editorial Juventud\",\"isPartOf\":{\"@id\":\"https:\\\/\\\/www.editorialjuventud.es\\\/#website\"},\"primaryImageOfPage\":{\"@id\":\"https:\\\/\\\/www.editorialjuventud.es\\\/ca\\\/manualidades-ecologicas-para-ninos-9788426139443\\\/#primaryimage\"},\"image\":{\"@id\":\"https:\\\/\\\/www.editorialjuventud.es\\\/ca\\\/manualidades-ecologicas-para-ninos-9788426139443\\\/#primaryimage\"},\"thumbnailUrl\":\"https:\\\/\\\/www.editorialjuventud.es\\\/wp-content\\\/uploads\\\/3944.jpg\",\"datePublished\":\"2018-08-24T09:34:10+00:00\",\"dateModified\":\"2019-10-11T04:12:57+00:00\",\"description\":\"Los trabajos est\u00e1n pensados especialmente para ni\u00f1os en edad preescolar. En la mayor\u00eda de las actividades se utilizan materiales que se tienen a mano en\",\"breadcrumb\":{\"@id\":\"https:\\\/\\\/www.editorialjuventud.es\\\/ca\\\/manualidades-ecologicas-para-ninos-9788426139443\\\/#breadcrumb\"},\"inLanguage\":\"ca\",\"potentialAction\":[{\"@type\":\"ReadAction\",\"target\":[\"https:\\\/\\\/www.editorialjuventud.es\\\/ca\\\/manualidades-ecologicas-para-ninos-9788426139443\\\/\"]}]},{\"@type\":\"ImageObject\",\"inLanguage\":\"ca\",\"@id\":\"https:\\\/\\\/www.editorialjuventud.es\\\/ca\\\/manualidades-ecologicas-para-ninos-9788426139443\\\/#primaryimage\",\"url\":\"https:\\\/\\\/www.editorialjuventud.es\\\/wp-content\\\/uploads\\\/3944.jpg\",\"contentUrl\":\"https:\\\/\\\/www.editorialjuventud.es\\\/wp-content\\\/uploads\\\/3944.jpg\",\"width\":443,\"height\":450,\"caption\":\"3944.jpg\"},{\"@type\":\"BreadcrumbList\",\"@id\":\"https:\\\/\\\/www.editorialjuventud.es\\\/ca\\\/manualidades-ecologicas-para-ninos-9788426139443\\\/#breadcrumb\",\"itemListElement\":[{\"@type\":\"ListItem\",\"position\":1,\"name\":\"Portada\",\"item\":\"https:\\\/\\\/www.editorialjuventud.es\\\/\"},{\"@type\":\"ListItem\",\"position\":2,\"name\":\"cat\u00e1logo\",\"item\":\"https:\\\/\\\/www.editorialjuventud.es\\\/coleccion\\\/catalogo\\\/\"},{\"@type\":\"ListItem\",\"position\":3,\"name\":\"castellano\",\"item\":\"https:\\\/\\\/www.editorialjuventud.es\\\/coleccion\\\/castellano\\\/\"},{\"@type\":\"ListItem\",\"position\":4,\"name\":\"Manos Creativas\",\"item\":\"https:\\\/\\\/www.editorialjuventud.es\\\/coleccion\\\/manos-creativas\\\/\"},{\"@type\":\"ListItem\",\"position\":5,\"name\":\"Manualidades ecol\u00f3gicas para ni\u00f1os\"}]},{\"@type\":\"WebSite\",\"@id\":\"https:\\\/\\\/www.editorialjuventud.es\\\/#website\",\"url\":\"https:\\\/\\\/www.editorialjuventud.es\\\/\",\"name\":\"Editorial Juventud\",\"description\":\"\",\"potentialAction\":[{\"@type\":\"SearchAction\",\"target\":{\"@type\":\"EntryPoint\",\"urlTemplate\":\"https:\\\/\\\/www.editorialjuventud.es\\\/?s={search_term_string}\"},\"query-input\":{\"@type\":\"PropertyValueSpecification\",\"valueRequired\":true,\"valueName\":\"search_term_string\"}}],\"inLanguage\":\"ca\"}]}<\/script>\n<!-- \/ Yoast SEO plugin. -->","yoast_head_json":{"title":"Manualidades ecol\u00f3gicas para ni\u00f1os - Editorial Juventud","description":"Los trabajos est\u00e1n pensados especialmente para ni\u00f1os en edad preescolar. En la mayor\u00eda de las actividades se utilizan materiales que se tienen a mano en","robots":{"index":"index","follow":"follow","max-snippet":"max-snippet:-1","max-image-preview":"max-image-preview:large","max-video-preview":"max-video-preview:-1"},"canonical":"https:\/\/www.editorialjuventud.es\/ca\/manualidades-ecologicas-para-ninos-9788426139443\/","og_locale":"ca_ES","og_type":"article","og_title":"Manualidades ecol\u00f3gicas para ni\u00f1os - Editorial Juventud","og_description":"Los trabajos est\u00e1n pensados especialmente para ni\u00f1os en edad preescolar. En la mayor\u00eda de las actividades se utilizan materiales que se tienen a mano en","og_url":"https:\/\/www.editorialjuventud.es\/ca\/manualidades-ecologicas-para-ninos-9788426139443\/","og_site_name":"Editorial Juventud","article_modified_time":"2019-10-11T04:12:57+00:00","og_image":[{"width":443,"height":450,"url":"https:\/\/www.editorialjuventud.es\/wp-content\/uploads\/3944.jpg","type":"image\/jpeg"}],"twitter_card":"summary_large_image","twitter_misc":{"Temps estimat de lectura":"1 minut"},"schema":{"@context":"https:\/\/schema.org","@graph":[{"@type":"WebPage","@id":"https:\/\/www.editorialjuventud.es\/ca\/manualidades-ecologicas-para-ninos-9788426139443\/","url":"https:\/\/www.editorialjuventud.es\/ca\/manualidades-ecologicas-para-ninos-9788426139443\/","name":"Manualidades ecol\u00f3gicas para ni\u00f1os - Editorial Juventud","isPartOf":{"@id":"https:\/\/www.editorialjuventud.es\/#website"},"primaryImageOfPage":{"@id":"https:\/\/www.editorialjuventud.es\/ca\/manualidades-ecologicas-para-ninos-9788426139443\/#primaryimage"},"image":{"@id":"https:\/\/www.editorialjuventud.es\/ca\/manualidades-ecologicas-para-ninos-9788426139443\/#primaryimage"},"thumbnailUrl":"https:\/\/www.editorialjuventud.es\/wp-content\/uploads\/3944.jpg","datePublished":"2018-08-24T09:34:10+00:00","dateModified":"2019-10-11T04:12:57+00:00","description":"Los trabajos est\u00e1n pensados especialmente para ni\u00f1os en edad preescolar. En la mayor\u00eda de las actividades se utilizan materiales que se tienen a mano en","breadcrumb":{"@id":"https:\/\/www.editorialjuventud.es\/ca\/manualidades-ecologicas-para-ninos-9788426139443\/#breadcrumb"},"inLanguage":"ca","potentialAction":[{"@type":"ReadAction","target":["https:\/\/www.editorialjuventud.es\/ca\/manualidades-ecologicas-para-ninos-9788426139443\/"]}]},{"@type":"ImageObject","inLanguage":"ca","@id":"https:\/\/www.editorialjuventud.es\/ca\/manualidades-ecologicas-para-ninos-9788426139443\/#primaryimage","url":"https:\/\/www.editorialjuventud.es\/wp-content\/uploads\/3944.jpg","contentUrl":"https:\/\/www.editorialjuventud.es\/wp-content\/uploads\/3944.jpg","width":443,"height":450,"caption":"3944.jpg"},{"@type":"BreadcrumbList","@id":"https:\/\/www.editorialjuventud.es\/ca\/manualidades-ecologicas-para-ninos-9788426139443\/#breadcrumb","itemListElement":[{"@type":"ListItem","position":1,"name":"Portada","item":"https:\/\/www.editorialjuventud.es\/"},{"@type":"ListItem","position":2,"name":"cat\u00e1logo","item":"https:\/\/www.editorialjuventud.es\/coleccion\/catalogo\/"},{"@type":"ListItem","position":3,"name":"castellano","item":"https:\/\/www.editorialjuventud.es\/coleccion\/castellano\/"},{"@type":"ListItem","position":4,"name":"Manos Creativas","item":"https:\/\/www.editorialjuventud.es\/coleccion\/manos-creativas\/"},{"@type":"ListItem","position":5,"name":"Manualidades ecol\u00f3gicas para ni\u00f1os"}]},{"@type":"WebSite","@id":"https:\/\/www.editorialjuventud.es\/#website","url":"https:\/\/www.editorialjuventud.es\/","name":"Editorial Juventud","description":"","potentialAction":[{"@type":"SearchAction","target":{"@type":"EntryPoint","urlTemplate":"https:\/\/www.editorialjuventud.es\/?s={search_term_string}"},"query-input":{"@type":"PropertyValueSpecification","valueRequired":true,"valueName":"search_term_string"}}],"inLanguage":"ca"}]}},"_links":{"self":[{"href":"https:\/\/www.editorialjuventud.es\/ca\/wp-json\/wp\/v2\/product\/5854","targetHints":{"allow":["GET"]}}],"collection":[{"href":"https:\/\/www.editorialjuventud.es\/ca\/wp-json\/wp\/v2\/product"}],"about":[{"href":"https:\/\/www.editorialjuventud.es\/ca\/wp-json\/wp\/v2\/types\/product"}],"wp:featuredmedia":[{"embeddable":true,"href":"https:\/\/www.editorialjuventud.es\/ca\/wp-json\/wp\/v2\/media\/16722"}],"wp:attachment":[{"href":"https:\/\/www.editorialjuventud.es\/ca\/wp-json\/wp\/v2\/media?parent=5854"}],"wp:term":[{"taxonomy":"product_brand","embeddable":true,"href":"https:\/\/www.editorialjuventud.es\/ca\/wp-json\/wp\/v2\/product_brand?post=5854"},{"taxonomy":"product_cat","embeddable":true,"href":"https:\/\/www.editorialjuventud.es\/ca\/wp-json\/wp\/v2\/product_cat?post=5854"},{"taxonomy":"product_tag","embeddable":true,"href":"https:\/\/www.editorialjuventud.es\/ca\/wp-json\/wp\/v2\/product_tag?post=5854"},{"taxonomy":"coleccion","embeddable":true,"href":"https:\/\/www.editorialjuventud.es\/ca\/wp-json\/wp\/v2\/coleccion?post=5854"}],"curies":[{"name":"wp","href":"https:\/\/api.w.org\/{rel}","templated":true}]}}