{"id":5852,"date":"2018-08-24T11:34:01","date_gmt":"2018-08-24T09:34:01","guid":{"rendered":"http:\/\/www.editorialjuventud.es\/planet-cake-ninos\/"},"modified":"2021-10-22T06:37:32","modified_gmt":"2021-10-22T04:37:32","slug":"planet-cake-ninos-9788426139429","status":"publish","type":"product","link":"https:\/\/www.editorialjuventud.es\/ca\/planet-cake-ninos-9788426139429\/","title":{"rendered":"Planet Cake ni\u00f1os"},"content":{"rendered":"<p>Con Planet Cake NI\u00d1OS, los pasteles para ni\u00f1os son mucho m\u00e1s divertidos. Podr\u00e9is elegir entre una gran variedad de pasteles de lo m\u00e1s creativos y a\u00f1adirles divertidos personajes modelados con pasta fondant de colores: el se\u00f1or donut y sus amigos, los pulpos, los conejos ninja\u0085 y muchos m\u00e1s. La novedosa propuesta de mezclas y combinaciones de este libro \u00fanico permite crear cientos de pasteles y figuritas diferentes y eleva la confecci\u00f3n y decoraci\u00f3n de pasteles a un nuevo nivel.<br \/>\nPlanet Cake NI\u00d1OS ha sido concebido para que los ni\u00f1os de 8 a 12 a\u00f1os y sus padres elaboren pasteles adecuados para cualquier ocasi\u00f3n. Mediante sencillas series de fotograf\u00edas paso a paso e ideas para todo tipo de combinaciones, estos pasteles causar\u00e1n sensaci\u00f3n.<br \/>\nTodo lo que necesitas es algunas de las t\u00e9cnicas que se describen en este libro, unos cuantos utensilios sencillos y algo de fondant. Todas nuestras figuritas para pasteles han sido concebidas para que puedan ser elaboradas por ni\u00f1os a partir de ocho a\u00f1os, y no son necesarios utensilios sofisticados para hacerlo.<\/p>\n","protected":false},"excerpt":{"rendered":"Con Planet Cake NI\u00d1OS, los pasteles para ni\u00f1os son mucho m\u00e1s divertidos. Podr\u00e9is elegir entre una gran variedad de pasteles de lo m\u00e1s creativos y a\u00f1adirles divertidos personajes modelados con pasta fondant de colores: el se\u00f1or donut y sus amigos, [&hellip;]","protected":false},"featured_media":14519,"template":"","meta":{"_acf_changed":false,"_exactmetrics_skip_tracking":false,"_exactmetrics_sitenote_active":false,"_exactmetrics_sitenote_note":"","_exactmetrics_sitenote_category":0},"product_brand":[],"product_cat":[902,905,1124,1151,892,1115,1128],"product_tag":[],"coleccion":[916,1001,933],"class_list":{"0":"post-5852","1":"product","2":"type-product","3":"status-publish","4":"has-post-thumbnail","6":"product_cat-a-partir-de-7-anos","7":"product_cat-adulto","8":"product_cat-cocina","9":"product_cat-cocina-tematica","10":"product_cat-edades","11":"product_cat-generos","12":"product_cat-tematica","13":"coleccion-castellano","14":"coleccion-cocina-para-ninos","15":"coleccion-gastronomia-y-reposteria","17":"first","18":"instock","19":"taxable","20":"shipping-taxable","21":"purchasable","22":"product-type-simple"},"acf":{"autores-libros":[16309],"traductores-libros":[18265]},"yoast_head":"<!-- This site is optimized with the Yoast SEO plugin v27.5 - https:\/\/yoast.com\/product\/yoast-seo-wordpress\/ -->\n<title>Planet Cake ni\u00f1os - Editorial Juventud<\/title>\n<meta name=\"description\" content=\"Con Planet Cake NI\u00d1OS, los pasteles para ni\u00f1os son mucho m\u00e1s divertidos. Podr\u00e9is elegir entre una gran variedad de pasteles de lo m\u00e1s creativos y\" \/>\n<meta name=\"robots\" content=\"index, follow, max-snippet:-1, max-image-preview:large, max-video-preview:-1\" \/>\n<link rel=\"canonical\" href=\"https:\/\/www.editorialjuventud.es\/planet-cake-ninos-9788426139429\/\" \/>\n<meta property=\"og:locale\" content=\"ca_ES\" \/>\n<meta property=\"og:type\" content=\"article\" \/>\n<meta property=\"og:title\" content=\"Planet Cake ni\u00f1os - Editorial Juventud\" \/>\n<meta property=\"og:description\" content=\"Con Planet Cake NI\u00d1OS, los pasteles para ni\u00f1os son mucho m\u00e1s divertidos. Podr\u00e9is elegir entre una gran variedad de pasteles de lo m\u00e1s creativos y\" \/>\n<meta property=\"og:url\" content=\"https:\/\/www.editorialjuventud.es\/planet-cake-ninos-9788426139429\/\" \/>\n<meta property=\"og:site_name\" content=\"Editorial Juventud\" \/>\n<meta property=\"article:modified_time\" content=\"2021-10-22T04:37:32+00:00\" \/>\n<meta property=\"og:image\" content=\"https:\/\/www.editorialjuventud.es\/wp-content\/uploads\/3942.jpg\" \/>\n\t<meta property=\"og:image:width\" content=\"366\" \/>\n\t<meta property=\"og:image:height\" content=\"450\" \/>\n\t<meta property=\"og:image:type\" content=\"image\/jpeg\" \/>\n<meta name=\"twitter:card\" content=\"summary_large_image\" \/>\n<meta name=\"twitter:label1\" content=\"Temps estimat de lectura\" \/>\n\t<meta name=\"twitter:data1\" content=\"1 minut\" \/>\n<script type=\"application\/ld+json\" class=\"yoast-schema-graph\">{\"@context\":\"https:\\\/\\\/schema.org\",\"@graph\":[{\"@type\":\"WebPage\",\"@id\":\"https:\\\/\\\/www.editorialjuventud.es\\\/planet-cake-ninos-9788426139429\\\/\",\"url\":\"https:\\\/\\\/www.editorialjuventud.es\\\/planet-cake-ninos-9788426139429\\\/\",\"name\":\"Planet Cake ni\u00f1os - Editorial Juventud\",\"isPartOf\":{\"@id\":\"https:\\\/\\\/www.editorialjuventud.es\\\/#website\"},\"primaryImageOfPage\":{\"@id\":\"https:\\\/\\\/www.editorialjuventud.es\\\/planet-cake-ninos-9788426139429\\\/#primaryimage\"},\"image\":{\"@id\":\"https:\\\/\\\/www.editorialjuventud.es\\\/planet-cake-ninos-9788426139429\\\/#primaryimage\"},\"thumbnailUrl\":\"https:\\\/\\\/www.editorialjuventud.es\\\/wp-content\\\/uploads\\\/3942.jpg\",\"datePublished\":\"2018-08-24T09:34:01+00:00\",\"dateModified\":\"2021-10-22T04:37:32+00:00\",\"description\":\"Con Planet Cake NI\u00d1OS, los pasteles para ni\u00f1os son mucho m\u00e1s divertidos. Podr\u00e9is elegir entre una gran variedad de pasteles de lo m\u00e1s creativos y\",\"breadcrumb\":{\"@id\":\"https:\\\/\\\/www.editorialjuventud.es\\\/planet-cake-ninos-9788426139429\\\/#breadcrumb\"},\"inLanguage\":\"ca\",\"potentialAction\":[{\"@type\":\"ReadAction\",\"target\":[\"https:\\\/\\\/www.editorialjuventud.es\\\/planet-cake-ninos-9788426139429\\\/\"]}]},{\"@type\":\"ImageObject\",\"inLanguage\":\"ca\",\"@id\":\"https:\\\/\\\/www.editorialjuventud.es\\\/planet-cake-ninos-9788426139429\\\/#primaryimage\",\"url\":\"https:\\\/\\\/www.editorialjuventud.es\\\/wp-content\\\/uploads\\\/3942.jpg\",\"contentUrl\":\"https:\\\/\\\/www.editorialjuventud.es\\\/wp-content\\\/uploads\\\/3942.jpg\",\"width\":366,\"height\":450,\"caption\":\"3942.jpg\"},{\"@type\":\"BreadcrumbList\",\"@id\":\"https:\\\/\\\/www.editorialjuventud.es\\\/planet-cake-ninos-9788426139429\\\/#breadcrumb\",\"itemListElement\":[{\"@type\":\"ListItem\",\"position\":1,\"name\":\"Portada\",\"item\":\"https:\\\/\\\/www.editorialjuventud.es\\\/\"},{\"@type\":\"ListItem\",\"position\":2,\"name\":\"cat\u00e1logo\",\"item\":\"https:\\\/\\\/www.editorialjuventud.es\\\/coleccion\\\/catalogo\\\/\"},{\"@type\":\"ListItem\",\"position\":3,\"name\":\"castellano\",\"item\":\"https:\\\/\\\/www.editorialjuventud.es\\\/coleccion\\\/castellano\\\/\"},{\"@type\":\"ListItem\",\"position\":4,\"name\":\"Gastronom\u00eda y Reposter\u00eda\",\"item\":\"https:\\\/\\\/www.editorialjuventud.es\\\/coleccion\\\/gastronomia-y-reposteria\\\/\"},{\"@type\":\"ListItem\",\"position\":5,\"name\":\"Cocina para Ni\u00f1os\",\"item\":\"https:\\\/\\\/www.editorialjuventud.es\\\/ca\\\/coleccion\\\/cocina-para-ninos\\\/\"},{\"@type\":\"ListItem\",\"position\":6,\"name\":\"Planet Cake ni\u00f1os\"}]},{\"@type\":\"WebSite\",\"@id\":\"https:\\\/\\\/www.editorialjuventud.es\\\/#website\",\"url\":\"https:\\\/\\\/www.editorialjuventud.es\\\/\",\"name\":\"Editorial Juventud\",\"description\":\"\",\"potentialAction\":[{\"@type\":\"SearchAction\",\"target\":{\"@type\":\"EntryPoint\",\"urlTemplate\":\"https:\\\/\\\/www.editorialjuventud.es\\\/?s={search_term_string}\"},\"query-input\":{\"@type\":\"PropertyValueSpecification\",\"valueRequired\":true,\"valueName\":\"search_term_string\"}}],\"inLanguage\":\"ca\"}]}<\/script>\n<!-- \/ Yoast SEO plugin. -->","yoast_head_json":{"title":"Planet Cake ni\u00f1os - Editorial Juventud","description":"Con Planet Cake NI\u00d1OS, los pasteles para ni\u00f1os son mucho m\u00e1s divertidos. Podr\u00e9is elegir entre una gran variedad de pasteles de lo m\u00e1s creativos y","robots":{"index":"index","follow":"follow","max-snippet":"max-snippet:-1","max-image-preview":"max-image-preview:large","max-video-preview":"max-video-preview:-1"},"canonical":"https:\/\/www.editorialjuventud.es\/planet-cake-ninos-9788426139429\/","og_locale":"ca_ES","og_type":"article","og_title":"Planet Cake ni\u00f1os - Editorial Juventud","og_description":"Con Planet Cake NI\u00d1OS, los pasteles para ni\u00f1os son mucho m\u00e1s divertidos. Podr\u00e9is elegir entre una gran variedad de pasteles de lo m\u00e1s creativos y","og_url":"https:\/\/www.editorialjuventud.es\/planet-cake-ninos-9788426139429\/","og_site_name":"Editorial Juventud","article_modified_time":"2021-10-22T04:37:32+00:00","og_image":[{"width":366,"height":450,"url":"https:\/\/www.editorialjuventud.es\/wp-content\/uploads\/3942.jpg","type":"image\/jpeg"}],"twitter_card":"summary_large_image","twitter_misc":{"Temps estimat de lectura":"1 minut"},"schema":{"@context":"https:\/\/schema.org","@graph":[{"@type":"WebPage","@id":"https:\/\/www.editorialjuventud.es\/planet-cake-ninos-9788426139429\/","url":"https:\/\/www.editorialjuventud.es\/planet-cake-ninos-9788426139429\/","name":"Planet Cake ni\u00f1os - Editorial Juventud","isPartOf":{"@id":"https:\/\/www.editorialjuventud.es\/#website"},"primaryImageOfPage":{"@id":"https:\/\/www.editorialjuventud.es\/planet-cake-ninos-9788426139429\/#primaryimage"},"image":{"@id":"https:\/\/www.editorialjuventud.es\/planet-cake-ninos-9788426139429\/#primaryimage"},"thumbnailUrl":"https:\/\/www.editorialjuventud.es\/wp-content\/uploads\/3942.jpg","datePublished":"2018-08-24T09:34:01+00:00","dateModified":"2021-10-22T04:37:32+00:00","description":"Con Planet Cake NI\u00d1OS, los pasteles para ni\u00f1os son mucho m\u00e1s divertidos. Podr\u00e9is elegir entre una gran variedad de pasteles de lo m\u00e1s creativos y","breadcrumb":{"@id":"https:\/\/www.editorialjuventud.es\/planet-cake-ninos-9788426139429\/#breadcrumb"},"inLanguage":"ca","potentialAction":[{"@type":"ReadAction","target":["https:\/\/www.editorialjuventud.es\/planet-cake-ninos-9788426139429\/"]}]},{"@type":"ImageObject","inLanguage":"ca","@id":"https:\/\/www.editorialjuventud.es\/planet-cake-ninos-9788426139429\/#primaryimage","url":"https:\/\/www.editorialjuventud.es\/wp-content\/uploads\/3942.jpg","contentUrl":"https:\/\/www.editorialjuventud.es\/wp-content\/uploads\/3942.jpg","width":366,"height":450,"caption":"3942.jpg"},{"@type":"BreadcrumbList","@id":"https:\/\/www.editorialjuventud.es\/planet-cake-ninos-9788426139429\/#breadcrumb","itemListElement":[{"@type":"ListItem","position":1,"name":"Portada","item":"https:\/\/www.editorialjuventud.es\/"},{"@type":"ListItem","position":2,"name":"cat\u00e1logo","item":"https:\/\/www.editorialjuventud.es\/coleccion\/catalogo\/"},{"@type":"ListItem","position":3,"name":"castellano","item":"https:\/\/www.editorialjuventud.es\/coleccion\/castellano\/"},{"@type":"ListItem","position":4,"name":"Gastronom\u00eda y Reposter\u00eda","item":"https:\/\/www.editorialjuventud.es\/coleccion\/gastronomia-y-reposteria\/"},{"@type":"ListItem","position":5,"name":"Cocina para Ni\u00f1os","item":"https:\/\/www.editorialjuventud.es\/ca\/coleccion\/cocina-para-ninos\/"},{"@type":"ListItem","position":6,"name":"Planet Cake ni\u00f1os"}]},{"@type":"WebSite","@id":"https:\/\/www.editorialjuventud.es\/#website","url":"https:\/\/www.editorialjuventud.es\/","name":"Editorial Juventud","description":"","potentialAction":[{"@type":"SearchAction","target":{"@type":"EntryPoint","urlTemplate":"https:\/\/www.editorialjuventud.es\/?s={search_term_string}"},"query-input":{"@type":"PropertyValueSpecification","valueRequired":true,"valueName":"search_term_string"}}],"inLanguage":"ca"}]}},"_links":{"self":[{"href":"https:\/\/www.editorialjuventud.es\/ca\/wp-json\/wp\/v2\/product\/5852","targetHints":{"allow":["GET"]}}],"collection":[{"href":"https:\/\/www.editorialjuventud.es\/ca\/wp-json\/wp\/v2\/product"}],"about":[{"href":"https:\/\/www.editorialjuventud.es\/ca\/wp-json\/wp\/v2\/types\/product"}],"wp:featuredmedia":[{"embeddable":true,"href":"https:\/\/www.editorialjuventud.es\/ca\/wp-json\/wp\/v2\/media\/14519"}],"wp:attachment":[{"href":"https:\/\/www.editorialjuventud.es\/ca\/wp-json\/wp\/v2\/media?parent=5852"}],"wp:term":[{"taxonomy":"product_brand","embeddable":true,"href":"https:\/\/www.editorialjuventud.es\/ca\/wp-json\/wp\/v2\/product_brand?post=5852"},{"taxonomy":"product_cat","embeddable":true,"href":"https:\/\/www.editorialjuventud.es\/ca\/wp-json\/wp\/v2\/product_cat?post=5852"},{"taxonomy":"product_tag","embeddable":true,"href":"https:\/\/www.editorialjuventud.es\/ca\/wp-json\/wp\/v2\/product_tag?post=5852"},{"taxonomy":"coleccion","embeddable":true,"href":"https:\/\/www.editorialjuventud.es\/ca\/wp-json\/wp\/v2\/coleccion?post=5852"}],"curies":[{"name":"wp","href":"https:\/\/api.w.org\/{rel}","templated":true}]}}