{"id":5848,"date":"2018-08-24T11:33:41","date_gmt":"2018-08-24T09:33:41","guid":{"rendered":"http:\/\/www.editorialjuventud.es\/el-gran-libro-del-arbol-y-del-bosque\/"},"modified":"2025-01-22T13:22:01","modified_gmt":"2025-01-22T12:22:01","slug":"el-gran-libro-del-arbol-y-del-bosque-9788426139399","status":"publish","type":"product","link":"https:\/\/www.editorialjuventud.es\/ca\/el-gran-libro-del-arbol-y-del-bosque-9788426139399\/","title":{"rendered":"El gran libro del \u00e1rbol y del bosque"},"content":{"rendered":"<p>Desde la prehistoria hasta nuestros bosques actuales, este gran libro describe con maravillosas ilustraciones los diferentes \u00e1rboles y bosques del mundo, as\u00ed como la fauna y la flora que crece en cada uno de ellos.<br \/>El texto es igual de preciso y cautivante que las ilustraciones: anatom\u00eda y crecimiento del \u00e1rbol, fotos\u00edntesis, con\u00edferos, palmeras, etc., las explicaciones est\u00e1n hechas con t\u00e9rminos claros y concisos. Fuente de energ\u00eda o de materia prima, el bosque recubre el 26 % de las tierras emergentes de nuestro planeta. Alberga una flora y fauna de una riqueza excepcional y desempe\u00f1a un papel fundamental en la regulaci\u00f3n del clima. Un magn\u00edfico libro de conocimientos para todos los que aman la naturaleza.<br \/>Ren\u00e9 Mettler, con su m\u00e1gico pincel, nos presenta un libro para descubrir todo el universo del \u00e1rbol y admirar el s\u00edmbolo mismo de la naturaleza.<\/p>\n","protected":false},"excerpt":{"rendered":"Desde la prehistoria hasta nuestros bosques actuales, este gran libro describe con maravillosas ilustraciones los diferentes \u00e1rboles y bosques del mundo, as\u00ed como la fauna y la flora que crece en cada uno de ellos.El texto es igual de preciso [&hellip;]","protected":false},"featured_media":12787,"template":"","meta":{"_acf_changed":false,"_exactmetrics_skip_tracking":false,"_exactmetrics_sitenote_active":false,"_exactmetrics_sitenote_note":"","_exactmetrics_sitenote_category":0},"product_brand":[],"product_cat":[902,1147,1167,1123,1201,1210],"product_tag":[],"coleccion":[987],"class_list":{"0":"post-5848","1":"product","2":"type-product","3":"status-publish","4":"has-post-thumbnail","6":"product_cat-a-partir-de-7-anos","7":"product_cat-ciclo-de-la-vida","8":"product_cat-ecologia-medio-ambiente","9":"product_cat-libros-informativos-infantil","10":"product_cat-naturaleza-biodiversidad","11":"product_cat-plantas-bosques","12":"coleccion-conocer-y-comprender","14":"first","15":"outofstock","16":"taxable","17":"shipping-taxable","18":"purchasable","19":"product-type-simple"},"acf":{"autor":"Mettler. Ren\u00e9","codart":"3939","ediciones":"2","encuadernacion":"Carton\u00e9","fecha_de_publicacion":"01\/11\/2012","novedad":"0","paginas":"56","subtitulo":"","texto_web_adicional":"","texto_web_novedad":"","orden":"999","portada":"0","texto_web_resaltado":"","autores-libros":[16504],"ilustradores-libros":[16504],"traductores-libros":[58414]},"yoast_head":"<!-- This site is optimized with the Yoast SEO plugin v27.5 - https:\/\/yoast.com\/product\/yoast-seo-wordpress\/ -->\n<title>El gran libro del \u00e1rbol y del bosque - Editorial Juventud<\/title>\n<meta name=\"description\" content=\"Desde la prehistoria hasta nuestros bosques actuales, este gran libro describe con maravillosas ilustraciones los diferentes \u00e1rboles y bosques del mundo,\" \/>\n<meta name=\"robots\" content=\"index, follow, max-snippet:-1, max-image-preview:large, max-video-preview:-1\" \/>\n<link rel=\"canonical\" href=\"https:\/\/www.editorialjuventud.es\/el-gran-libro-del-arbol-y-del-bosque-9788426139399\/\" \/>\n<meta property=\"og:locale\" content=\"ca_ES\" \/>\n<meta property=\"og:type\" content=\"article\" \/>\n<meta property=\"og:title\" content=\"El gran libro del \u00e1rbol y del bosque - Editorial Juventud\" \/>\n<meta property=\"og:description\" content=\"Desde la prehistoria hasta nuestros bosques actuales, este gran libro describe con maravillosas ilustraciones los diferentes \u00e1rboles y bosques del mundo,\" \/>\n<meta property=\"og:url\" content=\"https:\/\/www.editorialjuventud.es\/el-gran-libro-del-arbol-y-del-bosque-9788426139399\/\" \/>\n<meta property=\"og:site_name\" content=\"Editorial Juventud\" \/>\n<meta property=\"article:modified_time\" content=\"2025-01-22T12:22:01+00:00\" \/>\n<meta property=\"og:image\" content=\"https:\/\/www.editorialjuventud.es\/wp-content\/uploads\/3939.jpg\" \/>\n\t<meta property=\"og:image:width\" content=\"353\" \/>\n\t<meta property=\"og:image:height\" content=\"450\" \/>\n\t<meta property=\"og:image:type\" content=\"image\/jpeg\" \/>\n<meta name=\"twitter:card\" content=\"summary_large_image\" \/>\n<meta name=\"twitter:label1\" content=\"Temps estimat de lectura\" \/>\n\t<meta name=\"twitter:data1\" content=\"1 minut\" \/>\n<script type=\"application\/ld+json\" class=\"yoast-schema-graph\">{\"@context\":\"https:\\\/\\\/schema.org\",\"@graph\":[{\"@type\":\"WebPage\",\"@id\":\"https:\\\/\\\/www.editorialjuventud.es\\\/el-gran-libro-del-arbol-y-del-bosque-9788426139399\\\/\",\"url\":\"https:\\\/\\\/www.editorialjuventud.es\\\/el-gran-libro-del-arbol-y-del-bosque-9788426139399\\\/\",\"name\":\"El gran libro del \u00e1rbol y del bosque - Editorial Juventud\",\"isPartOf\":{\"@id\":\"https:\\\/\\\/www.editorialjuventud.es\\\/#website\"},\"primaryImageOfPage\":{\"@id\":\"https:\\\/\\\/www.editorialjuventud.es\\\/el-gran-libro-del-arbol-y-del-bosque-9788426139399\\\/#primaryimage\"},\"image\":{\"@id\":\"https:\\\/\\\/www.editorialjuventud.es\\\/el-gran-libro-del-arbol-y-del-bosque-9788426139399\\\/#primaryimage\"},\"thumbnailUrl\":\"https:\\\/\\\/www.editorialjuventud.es\\\/wp-content\\\/uploads\\\/3939.jpg\",\"datePublished\":\"2018-08-24T09:33:41+00:00\",\"dateModified\":\"2025-01-22T12:22:01+00:00\",\"description\":\"Desde la prehistoria hasta nuestros bosques actuales, este gran libro describe con maravillosas ilustraciones los diferentes \u00e1rboles y bosques del mundo,\",\"breadcrumb\":{\"@id\":\"https:\\\/\\\/www.editorialjuventud.es\\\/el-gran-libro-del-arbol-y-del-bosque-9788426139399\\\/#breadcrumb\"},\"inLanguage\":\"ca\",\"potentialAction\":[{\"@type\":\"ReadAction\",\"target\":[\"https:\\\/\\\/www.editorialjuventud.es\\\/el-gran-libro-del-arbol-y-del-bosque-9788426139399\\\/\"]}]},{\"@type\":\"ImageObject\",\"inLanguage\":\"ca\",\"@id\":\"https:\\\/\\\/www.editorialjuventud.es\\\/el-gran-libro-del-arbol-y-del-bosque-9788426139399\\\/#primaryimage\",\"url\":\"https:\\\/\\\/www.editorialjuventud.es\\\/wp-content\\\/uploads\\\/3939.jpg\",\"contentUrl\":\"https:\\\/\\\/www.editorialjuventud.es\\\/wp-content\\\/uploads\\\/3939.jpg\",\"width\":353,\"height\":450,\"caption\":\"3939.jpg\"},{\"@type\":\"BreadcrumbList\",\"@id\":\"https:\\\/\\\/www.editorialjuventud.es\\\/el-gran-libro-del-arbol-y-del-bosque-9788426139399\\\/#breadcrumb\",\"itemListElement\":[{\"@type\":\"ListItem\",\"position\":1,\"name\":\"Portada\",\"item\":\"https:\\\/\\\/www.editorialjuventud.es\\\/\"},{\"@type\":\"ListItem\",\"position\":2,\"name\":\"cat\u00e1logo\",\"item\":\"https:\\\/\\\/www.editorialjuventud.es\\\/coleccion\\\/catalogo\\\/\"},{\"@type\":\"ListItem\",\"position\":3,\"name\":\"castellano\",\"item\":\"https:\\\/\\\/www.editorialjuventud.es\\\/coleccion\\\/castellano\\\/\"},{\"@type\":\"ListItem\",\"position\":4,\"name\":\"\u00c1lbumes Ilustrados\",\"item\":\"https:\\\/\\\/www.editorialjuventud.es\\\/coleccion\\\/albumes-ilustrados\\\/\"},{\"@type\":\"ListItem\",\"position\":5,\"name\":\"Conocer y Comprender\",\"item\":\"https:\\\/\\\/www.editorialjuventud.es\\\/coleccion\\\/conocer-y-comprender\\\/\"},{\"@type\":\"ListItem\",\"position\":6,\"name\":\"El gran libro del \u00e1rbol y del bosque\"}]},{\"@type\":\"WebSite\",\"@id\":\"https:\\\/\\\/www.editorialjuventud.es\\\/#website\",\"url\":\"https:\\\/\\\/www.editorialjuventud.es\\\/\",\"name\":\"Editorial Juventud\",\"description\":\"\",\"potentialAction\":[{\"@type\":\"SearchAction\",\"target\":{\"@type\":\"EntryPoint\",\"urlTemplate\":\"https:\\\/\\\/www.editorialjuventud.es\\\/?s={search_term_string}\"},\"query-input\":{\"@type\":\"PropertyValueSpecification\",\"valueRequired\":true,\"valueName\":\"search_term_string\"}}],\"inLanguage\":\"ca\"}]}<\/script>\n<!-- \/ Yoast SEO plugin. -->","yoast_head_json":{"title":"El gran libro del \u00e1rbol y del bosque - Editorial Juventud","description":"Desde la prehistoria hasta nuestros bosques actuales, este gran libro describe con maravillosas ilustraciones los diferentes \u00e1rboles y bosques del mundo,","robots":{"index":"index","follow":"follow","max-snippet":"max-snippet:-1","max-image-preview":"max-image-preview:large","max-video-preview":"max-video-preview:-1"},"canonical":"https:\/\/www.editorialjuventud.es\/el-gran-libro-del-arbol-y-del-bosque-9788426139399\/","og_locale":"ca_ES","og_type":"article","og_title":"El gran libro del \u00e1rbol y del bosque - Editorial Juventud","og_description":"Desde la prehistoria hasta nuestros bosques actuales, este gran libro describe con maravillosas ilustraciones los diferentes \u00e1rboles y bosques del mundo,","og_url":"https:\/\/www.editorialjuventud.es\/el-gran-libro-del-arbol-y-del-bosque-9788426139399\/","og_site_name":"Editorial Juventud","article_modified_time":"2025-01-22T12:22:01+00:00","og_image":[{"width":353,"height":450,"url":"https:\/\/www.editorialjuventud.es\/wp-content\/uploads\/3939.jpg","type":"image\/jpeg"}],"twitter_card":"summary_large_image","twitter_misc":{"Temps estimat de lectura":"1 minut"},"schema":{"@context":"https:\/\/schema.org","@graph":[{"@type":"WebPage","@id":"https:\/\/www.editorialjuventud.es\/el-gran-libro-del-arbol-y-del-bosque-9788426139399\/","url":"https:\/\/www.editorialjuventud.es\/el-gran-libro-del-arbol-y-del-bosque-9788426139399\/","name":"El gran libro del \u00e1rbol y del bosque - Editorial Juventud","isPartOf":{"@id":"https:\/\/www.editorialjuventud.es\/#website"},"primaryImageOfPage":{"@id":"https:\/\/www.editorialjuventud.es\/el-gran-libro-del-arbol-y-del-bosque-9788426139399\/#primaryimage"},"image":{"@id":"https:\/\/www.editorialjuventud.es\/el-gran-libro-del-arbol-y-del-bosque-9788426139399\/#primaryimage"},"thumbnailUrl":"https:\/\/www.editorialjuventud.es\/wp-content\/uploads\/3939.jpg","datePublished":"2018-08-24T09:33:41+00:00","dateModified":"2025-01-22T12:22:01+00:00","description":"Desde la prehistoria hasta nuestros bosques actuales, este gran libro describe con maravillosas ilustraciones los diferentes \u00e1rboles y bosques del mundo,","breadcrumb":{"@id":"https:\/\/www.editorialjuventud.es\/el-gran-libro-del-arbol-y-del-bosque-9788426139399\/#breadcrumb"},"inLanguage":"ca","potentialAction":[{"@type":"ReadAction","target":["https:\/\/www.editorialjuventud.es\/el-gran-libro-del-arbol-y-del-bosque-9788426139399\/"]}]},{"@type":"ImageObject","inLanguage":"ca","@id":"https:\/\/www.editorialjuventud.es\/el-gran-libro-del-arbol-y-del-bosque-9788426139399\/#primaryimage","url":"https:\/\/www.editorialjuventud.es\/wp-content\/uploads\/3939.jpg","contentUrl":"https:\/\/www.editorialjuventud.es\/wp-content\/uploads\/3939.jpg","width":353,"height":450,"caption":"3939.jpg"},{"@type":"BreadcrumbList","@id":"https:\/\/www.editorialjuventud.es\/el-gran-libro-del-arbol-y-del-bosque-9788426139399\/#breadcrumb","itemListElement":[{"@type":"ListItem","position":1,"name":"Portada","item":"https:\/\/www.editorialjuventud.es\/"},{"@type":"ListItem","position":2,"name":"cat\u00e1logo","item":"https:\/\/www.editorialjuventud.es\/coleccion\/catalogo\/"},{"@type":"ListItem","position":3,"name":"castellano","item":"https:\/\/www.editorialjuventud.es\/coleccion\/castellano\/"},{"@type":"ListItem","position":4,"name":"\u00c1lbumes Ilustrados","item":"https:\/\/www.editorialjuventud.es\/coleccion\/albumes-ilustrados\/"},{"@type":"ListItem","position":5,"name":"Conocer y Comprender","item":"https:\/\/www.editorialjuventud.es\/coleccion\/conocer-y-comprender\/"},{"@type":"ListItem","position":6,"name":"El gran libro del \u00e1rbol y del bosque"}]},{"@type":"WebSite","@id":"https:\/\/www.editorialjuventud.es\/#website","url":"https:\/\/www.editorialjuventud.es\/","name":"Editorial Juventud","description":"","potentialAction":[{"@type":"SearchAction","target":{"@type":"EntryPoint","urlTemplate":"https:\/\/www.editorialjuventud.es\/?s={search_term_string}"},"query-input":{"@type":"PropertyValueSpecification","valueRequired":true,"valueName":"search_term_string"}}],"inLanguage":"ca"}]}},"_links":{"self":[{"href":"https:\/\/www.editorialjuventud.es\/ca\/wp-json\/wp\/v2\/product\/5848","targetHints":{"allow":["GET"]}}],"collection":[{"href":"https:\/\/www.editorialjuventud.es\/ca\/wp-json\/wp\/v2\/product"}],"about":[{"href":"https:\/\/www.editorialjuventud.es\/ca\/wp-json\/wp\/v2\/types\/product"}],"wp:featuredmedia":[{"embeddable":true,"href":"https:\/\/www.editorialjuventud.es\/ca\/wp-json\/wp\/v2\/media\/12787"}],"wp:attachment":[{"href":"https:\/\/www.editorialjuventud.es\/ca\/wp-json\/wp\/v2\/media?parent=5848"}],"wp:term":[{"taxonomy":"product_brand","embeddable":true,"href":"https:\/\/www.editorialjuventud.es\/ca\/wp-json\/wp\/v2\/product_brand?post=5848"},{"taxonomy":"product_cat","embeddable":true,"href":"https:\/\/www.editorialjuventud.es\/ca\/wp-json\/wp\/v2\/product_cat?post=5848"},{"taxonomy":"product_tag","embeddable":true,"href":"https:\/\/www.editorialjuventud.es\/ca\/wp-json\/wp\/v2\/product_tag?post=5848"},{"taxonomy":"coleccion","embeddable":true,"href":"https:\/\/www.editorialjuventud.es\/ca\/wp-json\/wp\/v2\/coleccion?post=5848"}],"curies":[{"name":"wp","href":"https:\/\/api.w.org\/{rel}","templated":true}]}}