{"id":5841,"date":"2018-08-24T13:33:11","date_gmt":"2018-08-24T09:33:11","guid":{"rendered":"http:\/\/www.editorialjuventud.es\/corre-pardalet\/"},"modified":"2022-06-02T15:34:44","modified_gmt":"2022-06-02T13:34:44","slug":"corre-pardalet-9788426139320","status":"publish","type":"product","link":"https:\/\/www.editorialjuventud.es\/ca\/corre-pardalet-9788426139320\/","title":{"rendered":"Corre, pardalet"},"content":{"rendered":"<p>El pardal i el ratol\u00ed s\u00f3n bons amics i juguen plegats tot sovint. Per\u00f2 un dia esclata una tempesta i l&#8217;ocellet cau a terra, ferit. Quan torna en si, no pot moure&#8217;s i necessita ajuda.  El ratol\u00ed el consola mentre un vell corb cuida d&#8217;ell i el prepara delicadament per la seva vida futura: \u00abNo ser\u00e0 com abans\u00bb.<br \/>\nNo tornar a volar mai m\u00e9s, \u00e9s dif\u00edcil d&#8217;acceptar. Aprendre a c\u00f3rrer pel camp amb el ratol\u00ed tamb\u00e9 \u00e9s dur, per\u00f2 \u00e9s un cam\u00ed cap a noves alegries.<br \/>\nUna hist\u00f2ria plena de sensibilitat sobre les conseq\u00fc\u00e8ncies d&#8217;un accident o d&#8217;una malaltia.<br \/>\nUna hist\u00f2ria que d\u00f3na \u00e0nims i estimula la confian\u00e7a sense excloure les dificultats i els obstacles.<\/p>\n","protected":false},"excerpt":{"rendered":"El pardal i el ratol\u00ed s\u00f3n bons amics i juguen plegats tot sovint. Per\u00f2 un dia esclata una tempesta i l&#8217;ocellet cau a terra, ferit. Quan torna en si, no pot moure&#8217;s i necessita ajuda. El ratol\u00ed el consola mentre [&hellip;]","protected":false},"featured_media":12211,"template":"","meta":{"_acf_changed":false,"_exactmetrics_skip_tracking":false,"_exactmetrics_sitenote_active":false,"_exactmetrics_sitenote_note":"","_exactmetrics_sitenote_category":0},"product_brand":[],"product_cat":[900,1121,1163,892,1115,1206,1222,1128],"product_tag":[],"coleccion":[917,915,949],"class_list":{"0":"post-5841","1":"product","2":"type-product","3":"status-publish","4":"has-post-thumbnail","6":"product_cat-a-partir-de-5-anos","7":"product_cat-albumes-ilustrados","8":"product_cat-discapacidad-diversidad-funcional","9":"product_cat-edades","10":"product_cat-generos","11":"product_cat-pediatra","12":"product_cat-superacion","13":"product_cat-tematica","14":"coleccion-albums-illustrats","15":"coleccion-catala","16":"coleccion-creixer-en-valors","18":"first","19":"instock","20":"taxable","21":"shipping-taxable","22":"purchasable","23":"product-type-simple"},"acf":{"autores-libros":[16681],"ilustradores-libros":[17347],"traductores-libros":[17928]},"yoast_head":"<!-- This site is optimized with the Yoast SEO plugin v27.5 - https:\/\/yoast.com\/product\/yoast-seo-wordpress\/ -->\n<title>Corre, pardalet - Editorial Juventud<\/title>\n<meta name=\"description\" content=\"El pardal i el ratol\u00ed s\u00f3n bons amics i juguen plegats tot sovint. Per\u00f2 un dia esclata una tempesta i l&#039;ocellet cau a terra, ferit. Quan torna en si, no\" \/>\n<meta name=\"robots\" content=\"index, follow, max-snippet:-1, max-image-preview:large, max-video-preview:-1\" \/>\n<link rel=\"canonical\" href=\"https:\/\/www.editorialjuventud.es\/corre-pardalet-9788426139320\/\" \/>\n<meta property=\"og:locale\" content=\"ca_ES\" \/>\n<meta property=\"og:type\" content=\"article\" \/>\n<meta property=\"og:title\" content=\"Corre, pardalet - Editorial Juventud\" \/>\n<meta property=\"og:description\" content=\"El pardal i el ratol\u00ed s\u00f3n bons amics i juguen plegats tot sovint. Per\u00f2 un dia esclata una tempesta i l&#039;ocellet cau a terra, ferit. Quan torna en si, no\" \/>\n<meta property=\"og:url\" content=\"https:\/\/www.editorialjuventud.es\/corre-pardalet-9788426139320\/\" \/>\n<meta property=\"og:site_name\" content=\"Editorial Juventud\" \/>\n<meta property=\"article:modified_time\" content=\"2022-06-02T13:34:44+00:00\" \/>\n<meta property=\"og:image\" content=\"https:\/\/www.editorialjuventud.es\/wp-content\/uploads\/3932.jpg\" \/>\n\t<meta property=\"og:image:width\" content=\"330\" \/>\n\t<meta property=\"og:image:height\" content=\"450\" \/>\n\t<meta property=\"og:image:type\" content=\"image\/jpeg\" \/>\n<meta name=\"twitter:card\" content=\"summary_large_image\" \/>\n<meta name=\"twitter:label1\" content=\"Temps estimat de lectura\" \/>\n\t<meta name=\"twitter:data1\" content=\"1 minut\" \/>\n<script type=\"application\/ld+json\" class=\"yoast-schema-graph\">{\"@context\":\"https:\\\/\\\/schema.org\",\"@graph\":[{\"@type\":\"WebPage\",\"@id\":\"https:\\\/\\\/www.editorialjuventud.es\\\/corre-pardalet-9788426139320\\\/\",\"url\":\"https:\\\/\\\/www.editorialjuventud.es\\\/corre-pardalet-9788426139320\\\/\",\"name\":\"Corre, pardalet - Editorial Juventud\",\"isPartOf\":{\"@id\":\"https:\\\/\\\/www.editorialjuventud.es\\\/#website\"},\"primaryImageOfPage\":{\"@id\":\"https:\\\/\\\/www.editorialjuventud.es\\\/corre-pardalet-9788426139320\\\/#primaryimage\"},\"image\":{\"@id\":\"https:\\\/\\\/www.editorialjuventud.es\\\/corre-pardalet-9788426139320\\\/#primaryimage\"},\"thumbnailUrl\":\"https:\\\/\\\/www.editorialjuventud.es\\\/wp-content\\\/uploads\\\/3932.jpg\",\"datePublished\":\"2018-08-24T09:33:11+00:00\",\"dateModified\":\"2022-06-02T13:34:44+00:00\",\"description\":\"El pardal i el ratol\u00ed s\u00f3n bons amics i juguen plegats tot sovint. Per\u00f2 un dia esclata una tempesta i l'ocellet cau a terra, ferit. Quan torna en si, no\",\"breadcrumb\":{\"@id\":\"https:\\\/\\\/www.editorialjuventud.es\\\/corre-pardalet-9788426139320\\\/#breadcrumb\"},\"inLanguage\":\"ca\",\"potentialAction\":[{\"@type\":\"ReadAction\",\"target\":[\"https:\\\/\\\/www.editorialjuventud.es\\\/corre-pardalet-9788426139320\\\/\"]}]},{\"@type\":\"ImageObject\",\"inLanguage\":\"ca\",\"@id\":\"https:\\\/\\\/www.editorialjuventud.es\\\/corre-pardalet-9788426139320\\\/#primaryimage\",\"url\":\"https:\\\/\\\/www.editorialjuventud.es\\\/wp-content\\\/uploads\\\/3932.jpg\",\"contentUrl\":\"https:\\\/\\\/www.editorialjuventud.es\\\/wp-content\\\/uploads\\\/3932.jpg\",\"width\":330,\"height\":450,\"caption\":\"3932.jpg\"},{\"@type\":\"BreadcrumbList\",\"@id\":\"https:\\\/\\\/www.editorialjuventud.es\\\/corre-pardalet-9788426139320\\\/#breadcrumb\",\"itemListElement\":[{\"@type\":\"ListItem\",\"position\":1,\"name\":\"Portada\",\"item\":\"https:\\\/\\\/www.editorialjuventud.es\\\/\"},{\"@type\":\"ListItem\",\"position\":2,\"name\":\"cat\u00e1logo\",\"item\":\"https:\\\/\\\/www.editorialjuventud.es\\\/coleccion\\\/catalogo\\\/\"},{\"@type\":\"ListItem\",\"position\":3,\"name\":\"catal\u00e0\",\"item\":\"https:\\\/\\\/www.editorialjuventud.es\\\/coleccion\\\/catala\\\/\"},{\"@type\":\"ListItem\",\"position\":4,\"name\":\"\u00c0lbums Il\u00b7lustrats\",\"item\":\"https:\\\/\\\/www.editorialjuventud.es\\\/coleccion\\\/albums-il%c2%b7lustrats\\\/\"},{\"@type\":\"ListItem\",\"position\":5,\"name\":\"Cr\u00e9ixer en Valors\",\"item\":\"https:\\\/\\\/www.editorialjuventud.es\\\/ca\\\/coleccion\\\/creixer-en-valors\\\/\"},{\"@type\":\"ListItem\",\"position\":6,\"name\":\"Corre, pardalet\"}]},{\"@type\":\"WebSite\",\"@id\":\"https:\\\/\\\/www.editorialjuventud.es\\\/#website\",\"url\":\"https:\\\/\\\/www.editorialjuventud.es\\\/\",\"name\":\"Editorial Juventud\",\"description\":\"\",\"potentialAction\":[{\"@type\":\"SearchAction\",\"target\":{\"@type\":\"EntryPoint\",\"urlTemplate\":\"https:\\\/\\\/www.editorialjuventud.es\\\/?s={search_term_string}\"},\"query-input\":{\"@type\":\"PropertyValueSpecification\",\"valueRequired\":true,\"valueName\":\"search_term_string\"}}],\"inLanguage\":\"ca\"}]}<\/script>\n<!-- \/ Yoast SEO plugin. -->","yoast_head_json":{"title":"Corre, pardalet - Editorial Juventud","description":"El pardal i el ratol\u00ed s\u00f3n bons amics i juguen plegats tot sovint. Per\u00f2 un dia esclata una tempesta i l'ocellet cau a terra, ferit. Quan torna en si, no","robots":{"index":"index","follow":"follow","max-snippet":"max-snippet:-1","max-image-preview":"max-image-preview:large","max-video-preview":"max-video-preview:-1"},"canonical":"https:\/\/www.editorialjuventud.es\/corre-pardalet-9788426139320\/","og_locale":"ca_ES","og_type":"article","og_title":"Corre, pardalet - Editorial Juventud","og_description":"El pardal i el ratol\u00ed s\u00f3n bons amics i juguen plegats tot sovint. Per\u00f2 un dia esclata una tempesta i l'ocellet cau a terra, ferit. Quan torna en si, no","og_url":"https:\/\/www.editorialjuventud.es\/corre-pardalet-9788426139320\/","og_site_name":"Editorial Juventud","article_modified_time":"2022-06-02T13:34:44+00:00","og_image":[{"width":330,"height":450,"url":"https:\/\/www.editorialjuventud.es\/wp-content\/uploads\/3932.jpg","type":"image\/jpeg"}],"twitter_card":"summary_large_image","twitter_misc":{"Temps estimat de lectura":"1 minut"},"schema":{"@context":"https:\/\/schema.org","@graph":[{"@type":"WebPage","@id":"https:\/\/www.editorialjuventud.es\/corre-pardalet-9788426139320\/","url":"https:\/\/www.editorialjuventud.es\/corre-pardalet-9788426139320\/","name":"Corre, pardalet - Editorial Juventud","isPartOf":{"@id":"https:\/\/www.editorialjuventud.es\/#website"},"primaryImageOfPage":{"@id":"https:\/\/www.editorialjuventud.es\/corre-pardalet-9788426139320\/#primaryimage"},"image":{"@id":"https:\/\/www.editorialjuventud.es\/corre-pardalet-9788426139320\/#primaryimage"},"thumbnailUrl":"https:\/\/www.editorialjuventud.es\/wp-content\/uploads\/3932.jpg","datePublished":"2018-08-24T09:33:11+00:00","dateModified":"2022-06-02T13:34:44+00:00","description":"El pardal i el ratol\u00ed s\u00f3n bons amics i juguen plegats tot sovint. Per\u00f2 un dia esclata una tempesta i l'ocellet cau a terra, ferit. Quan torna en si, no","breadcrumb":{"@id":"https:\/\/www.editorialjuventud.es\/corre-pardalet-9788426139320\/#breadcrumb"},"inLanguage":"ca","potentialAction":[{"@type":"ReadAction","target":["https:\/\/www.editorialjuventud.es\/corre-pardalet-9788426139320\/"]}]},{"@type":"ImageObject","inLanguage":"ca","@id":"https:\/\/www.editorialjuventud.es\/corre-pardalet-9788426139320\/#primaryimage","url":"https:\/\/www.editorialjuventud.es\/wp-content\/uploads\/3932.jpg","contentUrl":"https:\/\/www.editorialjuventud.es\/wp-content\/uploads\/3932.jpg","width":330,"height":450,"caption":"3932.jpg"},{"@type":"BreadcrumbList","@id":"https:\/\/www.editorialjuventud.es\/corre-pardalet-9788426139320\/#breadcrumb","itemListElement":[{"@type":"ListItem","position":1,"name":"Portada","item":"https:\/\/www.editorialjuventud.es\/"},{"@type":"ListItem","position":2,"name":"cat\u00e1logo","item":"https:\/\/www.editorialjuventud.es\/coleccion\/catalogo\/"},{"@type":"ListItem","position":3,"name":"catal\u00e0","item":"https:\/\/www.editorialjuventud.es\/coleccion\/catala\/"},{"@type":"ListItem","position":4,"name":"\u00c0lbums Il\u00b7lustrats","item":"https:\/\/www.editorialjuventud.es\/coleccion\/albums-il%c2%b7lustrats\/"},{"@type":"ListItem","position":5,"name":"Cr\u00e9ixer en Valors","item":"https:\/\/www.editorialjuventud.es\/ca\/coleccion\/creixer-en-valors\/"},{"@type":"ListItem","position":6,"name":"Corre, pardalet"}]},{"@type":"WebSite","@id":"https:\/\/www.editorialjuventud.es\/#website","url":"https:\/\/www.editorialjuventud.es\/","name":"Editorial Juventud","description":"","potentialAction":[{"@type":"SearchAction","target":{"@type":"EntryPoint","urlTemplate":"https:\/\/www.editorialjuventud.es\/?s={search_term_string}"},"query-input":{"@type":"PropertyValueSpecification","valueRequired":true,"valueName":"search_term_string"}}],"inLanguage":"ca"}]}},"_links":{"self":[{"href":"https:\/\/www.editorialjuventud.es\/ca\/wp-json\/wp\/v2\/product\/5841","targetHints":{"allow":["GET"]}}],"collection":[{"href":"https:\/\/www.editorialjuventud.es\/ca\/wp-json\/wp\/v2\/product"}],"about":[{"href":"https:\/\/www.editorialjuventud.es\/ca\/wp-json\/wp\/v2\/types\/product"}],"wp:featuredmedia":[{"embeddable":true,"href":"https:\/\/www.editorialjuventud.es\/ca\/wp-json\/wp\/v2\/media\/12211"}],"wp:attachment":[{"href":"https:\/\/www.editorialjuventud.es\/ca\/wp-json\/wp\/v2\/media?parent=5841"}],"wp:term":[{"taxonomy":"product_brand","embeddable":true,"href":"https:\/\/www.editorialjuventud.es\/ca\/wp-json\/wp\/v2\/product_brand?post=5841"},{"taxonomy":"product_cat","embeddable":true,"href":"https:\/\/www.editorialjuventud.es\/ca\/wp-json\/wp\/v2\/product_cat?post=5841"},{"taxonomy":"product_tag","embeddable":true,"href":"https:\/\/www.editorialjuventud.es\/ca\/wp-json\/wp\/v2\/product_tag?post=5841"},{"taxonomy":"coleccion","embeddable":true,"href":"https:\/\/www.editorialjuventud.es\/ca\/wp-json\/wp\/v2\/coleccion?post=5841"}],"curies":[{"name":"wp","href":"https:\/\/api.w.org\/{rel}","templated":true}]}}