{"id":58400,"date":"2021-10-14T10:52:07","date_gmt":"2021-10-14T08:52:07","guid":{"rendered":"https:\/\/www.editorialjuventud.es\/un-nino-muy-raro-9788426147493\/"},"modified":"2025-04-30T11:28:32","modified_gmt":"2025-04-30T09:28:32","slug":"un-nino-muy-raro-9788426147493","status":"publish","type":"product","link":"https:\/\/www.editorialjuventud.es\/ca\/un-nino-muy-raro-9788426147493\/","title":{"rendered":"Un ni\u00f1o muy raro"},"content":{"rendered":"<p>Pol es un ni\u00f1o &#8216;muy raro&#8217;. O eso opina de \u00e9l su compa\u00f1ero de clase, Gustavo. Siempre intenta provocarlo, pero Pol siempre se muestra tranquilo. &#8216;Mi padre es mago&#8217;, dice. Un d\u00eda, con uno de sus comentarios malintencionados hacia Pol, Gustavo consigue herir sus sentimientos y Pol marcha llorando. Ser\u00e1 entonces cuando Gustavo y sus amigos sigan a Pol hasta su casa para descubrir qu\u00e9 tipo de mago es su padre&#8230;<\/p>\n<p>Un precioso \u00e1lbum sobre c\u00f3mo los padres y madres son el pilar de la autoestima de sus hijos. Pueden ense\u00f1arles a respetar a los dem\u00e1s, a ser asertivos y a gustarse. Esa es la magia del padre de Pol, saber entender a su hijo y darle el refuerzo positivo que necesita. Las ilustraciones le aportan una gran sensibilidad y una mirada m\u00e1s profunda a la historia.<\/p>\n<p><img loading=\"lazy\" decoding=\"async\" class=\"alignnone size-full wp-image-79655\" src=\"https:\/\/www.editorialjuventud.es\/wp-content\/uploads\/Logo_Suport_ICEC-e1738321957667.jpg\" alt=\"\" width=\"500\" height=\"131\" \/><\/p>\n","protected":false},"excerpt":{"rendered":"Pol es un ni\u00f1o &#8216;muy raro&#8217;. O eso opina de \u00e9l su compa\u00f1ero de clase, Gustavo. Siempre intenta provocarlo, pero Pol siempre se muestra tranquilo. &#8216;Mi padre es mago&#8217;, dice. Un d\u00eda, con uno de sus comentarios malintencionados hacia Pol, [&hellip;]","protected":false},"featured_media":58401,"template":"","meta":{"_acf_changed":false,"_exactmetrics_skip_tracking":false,"_exactmetrics_sitenote_active":false,"_exactmetrics_sitenote_note":"","_exactmetrics_sitenote_category":0},"product_brand":[],"product_cat":[900,1130,1121,1136,1141,1220,892,1115,893,1128,910],"product_tag":[],"coleccion":[928,916,988],"class_list":{"0":"post-58400","1":"product","2":"type-product","3":"status-publish","4":"has-post-thumbnail","6":"product_cat-a-partir-de-5-anos","7":"product_cat-acoso-escolar","8":"product_cat-albumes-ilustrados","9":"product_cat-amistad","10":"product_cat-autoestima","11":"product_cat-convivencia-relaciones-interculturales","12":"product_cat-edades","13":"product_cat-generos","14":"product_cat-novedades","15":"product_cat-tematica","16":"product_cat-ultimas-novedades","17":"coleccion-albumes-ilustrados","18":"coleccion-castellano","19":"coleccion-convivencia-y-multiculturalidad","21":"first","22":"instock","23":"taxable","24":"shipping-taxable","25":"purchasable","26":"product-type-simple"},"acf":{"indice":"","autor":"Alc\u00e1ntara, Ricardo","codart":"4749","ediciones":"1","encuadernacion":"Carton\u00e9","fecha_de_publicacion":"01\/10\/2021","fecha_de_reimpresion":"","novedad":"0","paginas":"36","subtitulo":"","texto_web_adicional":"","autores-libros":[58417],"ilustradores-libros":[16198],"texto_web_novedad":"","orden":"999","portada":"0","texto_web_resaltado":"","traductores-libros":"","descripcion_corta":"Un precioso \u00e1lbum sobre c\u00f3mo los padres y madres son el pilar de la autoestima de sus hijos.","recomendamos":"","mas_vendido":"","idioma-libro":"","color":false,"formato":"","mas_informacion_del_producto":false,"premios":false,"deshabilitar_compra":[],"texto_enlace_cubierta":"","enlace_cubierta":{"ID":58688,"id":58688,"title":"cover (mercedes) nin\u0303oraro.indd","filename":"Un-Nin\u0303o-Raro_CAST.jpg","filesize":1692662,"url":"https:\/\/www.editorialjuventud.es\/wp-content\/uploads\/Un-Nin\u0303o-Raro_CAST.jpg","link":"https:\/\/www.editorialjuventud.es\/ca\/?attachment_id=58688","alt":"","author":"50","description":"","caption":"","name":"cover-mercedes-nin%cc%83oraro-indd-4","status":"inherit","uploaded_to":58400,"date":"2021-10-22 09:33:03","modified":"2021-10-22 09:33:03","menu_order":0,"mime_type":"image\/jpeg","type":"image","subtype":"jpeg","icon":"https:\/\/www.editorialjuventud.es\/wp-includes\/images\/media\/default.png","width":3072,"height":3072,"sizes":{"thumbnail":"https:\/\/www.editorialjuventud.es\/wp-content\/uploads\/Un-Nin\u0303o-Raro_CAST-200x200.jpg","thumbnail-width":200,"thumbnail-height":200,"medium":"https:\/\/www.editorialjuventud.es\/wp-content\/uploads\/Un-Nin\u0303o-Raro_CAST.jpg","medium-width":3072,"medium-height":3072,"medium_large":"https:\/\/www.editorialjuventud.es\/wp-content\/uploads\/Un-Nin\u0303o-Raro_CAST-768x768.jpg","medium_large-width":768,"medium_large-height":768,"large":"https:\/\/www.editorialjuventud.es\/wp-content\/uploads\/Un-Nin\u0303o-Raro_CAST.jpg","large-width":3072,"large-height":3072,"1536x1536":"https:\/\/www.editorialjuventud.es\/wp-content\/uploads\/Un-Nin\u0303o-Raro_CAST.jpg","1536x1536-width":1536,"1536x1536-height":1536,"2048x2048":"https:\/\/www.editorialjuventud.es\/wp-content\/uploads\/Un-Nin\u0303o-Raro_CAST.jpg","2048x2048-width":2048,"2048x2048-height":2048,"woocommerce_thumbnail":"https:\/\/www.editorialjuventud.es\/wp-content\/uploads\/Un-Nin\u0303o-Raro_CAST-350x350.jpg","woocommerce_thumbnail-width":350,"woocommerce_thumbnail-height":350,"woocommerce_single":"https:\/\/www.editorialjuventud.es\/wp-content\/uploads\/Un-Nin\u0303o-Raro_CAST-900x900.jpg","woocommerce_single-width":900,"woocommerce_single-height":900,"woocommerce_gallery_thumbnail":"https:\/\/www.editorialjuventud.es\/wp-content\/uploads\/Un-Nin\u0303o-Raro_CAST-100x100.jpg","woocommerce_gallery_thumbnail-width":100,"woocommerce_gallery_thumbnail-height":100,"ppec_logo_image_size":"https:\/\/www.editorialjuventud.es\/wp-content\/uploads\/Un-Nin\u0303o-Raro_CAST.jpg","ppec_logo_image_size-width":60,"ppec_logo_image_size-height":60,"ppec_header_image_size":"https:\/\/www.editorialjuventud.es\/wp-content\/uploads\/Un-Nin\u0303o-Raro_CAST.jpg","ppec_header_image_size-width":90,"ppec_header_image_size-height":90}},"texto_enlace_ficha_tecnica":"","enlace_ficha_tecnica":{"ID":58690,"id":58690,"title":"UnNin\u0303oMuyRaro_Fichas","filename":"UnNin\u0303oMuyRaro_Fichas.pdf","filesize":1256618,"url":"https:\/\/www.editorialjuventud.es\/wp-content\/uploads\/UnNin\u0303oMuyRaro_Fichas.pdf","link":"https:\/\/www.editorialjuventud.es\/ca\/?attachment_id=58690","alt":"","author":"50","description":"","caption":"","name":"unnin%cc%83omuyraro_fichas","status":"inherit","uploaded_to":58400,"date":"2021-10-22 09:33:32","modified":"2021-10-22 09:33:32","menu_order":0,"mime_type":"application\/pdf","type":"application","subtype":"pdf","icon":"https:\/\/www.editorialjuventud.es\/wp-includes\/images\/media\/document.png"},"ficheros":false,"titulo-fr":"A Very Weird Kid","texto-fr":"<p>Pol is a \u201cvery weird\u201d kid. This is what his classmate, Gustavo, thinks about him. He always tries to provoke him, but Pol always stays calm. \u201cMy dad is a magician,\u201d he says. One day, in one of his ill-intentioned comments towards Pol, Gustavo succeeds in hurting his feelings, and Pol runs away crying. Then, Gustavo and his friends follow Pol to his house to discover what kind of magician his father is&#8230;<\/p>\n<p>Parents can teach you to respect others, to be assertive, or to like yourself. That is the magic of Pol\u2019s dad, understanding his son and giving him the positive reinforcement he needs. The illustrations provide excellent sensitivity and an in-depth look at the story.<\/p>\n<p><span style=\"color: #008080;\"><em>\u203a Rights sold: Brazil<\/em><\/span><\/p>\n"},"yoast_head":"<!-- This site is optimized with the Yoast SEO plugin v27.3 - https:\/\/yoast.com\/product\/yoast-seo-wordpress\/ -->\n<title>Un ni\u00f1o muy raro - Editorial Juventud<\/title>\n<meta name=\"description\" content=\"Pol es un ni\u00f1o &#039;muy raro&#039;. O eso opina de \u00e9l su compa\u00f1ero de clase, Gustavo. Siempre intenta provocarlo, pero Pol siempre se muestra tranquilo. &#039;Mi padre\" \/>\n<meta name=\"robots\" content=\"index, follow, max-snippet:-1, max-image-preview:large, max-video-preview:-1\" \/>\n<link rel=\"canonical\" href=\"https:\/\/www.editorialjuventud.es\/un-nino-muy-raro-9788426147493\/\" \/>\n<meta property=\"og:locale\" content=\"ca_ES\" \/>\n<meta property=\"og:type\" content=\"article\" \/>\n<meta property=\"og:title\" content=\"Un ni\u00f1o muy raro - Editorial Juventud\" \/>\n<meta property=\"og:description\" content=\"Pol es un ni\u00f1o &#039;muy raro&#039;. O eso opina de \u00e9l su compa\u00f1ero de clase, Gustavo. Siempre intenta provocarlo, pero Pol siempre se muestra tranquilo. &#039;Mi padre\" \/>\n<meta property=\"og:url\" content=\"https:\/\/www.editorialjuventud.es\/un-nino-muy-raro-9788426147493\/\" \/>\n<meta property=\"og:site_name\" content=\"Editorial Juventud\" \/>\n<meta property=\"article:modified_time\" content=\"2025-04-30T09:28:32+00:00\" \/>\n<meta property=\"og:image\" content=\"https:\/\/www.editorialjuventud.es\/wp-content\/uploads\/9788426147493-e1682004286933.jpg\" \/>\n\t<meta property=\"og:image:width\" content=\"540\" \/>\n\t<meta property=\"og:image:height\" content=\"540\" \/>\n\t<meta property=\"og:image:type\" content=\"image\/jpeg\" \/>\n<meta name=\"twitter:card\" content=\"summary_large_image\" \/>\n<meta name=\"twitter:label1\" content=\"Temps estimat de lectura\" \/>\n\t<meta name=\"twitter:data1\" content=\"2 minuts\" \/>\n<script type=\"application\/ld+json\" class=\"yoast-schema-graph\">{\"@context\":\"https:\\\/\\\/schema.org\",\"@graph\":[{\"@type\":\"WebPage\",\"@id\":\"https:\\\/\\\/www.editorialjuventud.es\\\/un-nino-muy-raro-9788426147493\\\/\",\"url\":\"https:\\\/\\\/www.editorialjuventud.es\\\/un-nino-muy-raro-9788426147493\\\/\",\"name\":\"Un ni\u00f1o muy raro - Editorial Juventud\",\"isPartOf\":{\"@id\":\"https:\\\/\\\/www.editorialjuventud.es\\\/#website\"},\"primaryImageOfPage\":{\"@id\":\"https:\\\/\\\/www.editorialjuventud.es\\\/un-nino-muy-raro-9788426147493\\\/#primaryimage\"},\"image\":{\"@id\":\"https:\\\/\\\/www.editorialjuventud.es\\\/un-nino-muy-raro-9788426147493\\\/#primaryimage\"},\"thumbnailUrl\":\"https:\\\/\\\/www.editorialjuventud.es\\\/wp-content\\\/uploads\\\/9788426147493-e1682004286933.jpg\",\"datePublished\":\"2021-10-14T08:52:07+00:00\",\"dateModified\":\"2025-04-30T09:28:32+00:00\",\"description\":\"Pol es un ni\u00f1o 'muy raro'. O eso opina de \u00e9l su compa\u00f1ero de clase, Gustavo. Siempre intenta provocarlo, pero Pol siempre se muestra tranquilo. 'Mi padre\",\"breadcrumb\":{\"@id\":\"https:\\\/\\\/www.editorialjuventud.es\\\/un-nino-muy-raro-9788426147493\\\/#breadcrumb\"},\"inLanguage\":\"ca\",\"potentialAction\":[{\"@type\":\"ReadAction\",\"target\":[\"https:\\\/\\\/www.editorialjuventud.es\\\/un-nino-muy-raro-9788426147493\\\/\"]}]},{\"@type\":\"ImageObject\",\"inLanguage\":\"ca\",\"@id\":\"https:\\\/\\\/www.editorialjuventud.es\\\/un-nino-muy-raro-9788426147493\\\/#primaryimage\",\"url\":\"https:\\\/\\\/www.editorialjuventud.es\\\/wp-content\\\/uploads\\\/9788426147493-e1682004286933.jpg\",\"contentUrl\":\"https:\\\/\\\/www.editorialjuventud.es\\\/wp-content\\\/uploads\\\/9788426147493-e1682004286933.jpg\",\"width\":540,\"height\":540,\"caption\":\"9788426147493.jpg\"},{\"@type\":\"BreadcrumbList\",\"@id\":\"https:\\\/\\\/www.editorialjuventud.es\\\/un-nino-muy-raro-9788426147493\\\/#breadcrumb\",\"itemListElement\":[{\"@type\":\"ListItem\",\"position\":1,\"name\":\"Portada\",\"item\":\"https:\\\/\\\/www.editorialjuventud.es\\\/\"},{\"@type\":\"ListItem\",\"position\":2,\"name\":\"cat\u00e1logo\",\"item\":\"https:\\\/\\\/www.editorialjuventud.es\\\/coleccion\\\/catalogo\\\/\"},{\"@type\":\"ListItem\",\"position\":3,\"name\":\"castellano\",\"item\":\"https:\\\/\\\/www.editorialjuventud.es\\\/coleccion\\\/castellano\\\/\"},{\"@type\":\"ListItem\",\"position\":4,\"name\":\"\u00c1lbumes Ilustrados\",\"item\":\"https:\\\/\\\/www.editorialjuventud.es\\\/coleccion\\\/albumes-ilustrados\\\/\"},{\"@type\":\"ListItem\",\"position\":5,\"name\":\"Convivencia y Multiculturalidad\",\"item\":\"https:\\\/\\\/www.editorialjuventud.es\\\/coleccion\\\/convivencia-y-multiculturalidad\\\/\"},{\"@type\":\"ListItem\",\"position\":6,\"name\":\"Un ni\u00f1o muy raro\"}]},{\"@type\":\"WebSite\",\"@id\":\"https:\\\/\\\/www.editorialjuventud.es\\\/#website\",\"url\":\"https:\\\/\\\/www.editorialjuventud.es\\\/\",\"name\":\"Editorial Juventud\",\"description\":\"\",\"potentialAction\":[{\"@type\":\"SearchAction\",\"target\":{\"@type\":\"EntryPoint\",\"urlTemplate\":\"https:\\\/\\\/www.editorialjuventud.es\\\/?s={search_term_string}\"},\"query-input\":{\"@type\":\"PropertyValueSpecification\",\"valueRequired\":true,\"valueName\":\"search_term_string\"}}],\"inLanguage\":\"ca\"}]}<\/script>\n<!-- \/ Yoast SEO plugin. -->","yoast_head_json":{"title":"Un ni\u00f1o muy raro - Editorial Juventud","description":"Pol es un ni\u00f1o 'muy raro'. O eso opina de \u00e9l su compa\u00f1ero de clase, Gustavo. Siempre intenta provocarlo, pero Pol siempre se muestra tranquilo. 'Mi padre","robots":{"index":"index","follow":"follow","max-snippet":"max-snippet:-1","max-image-preview":"max-image-preview:large","max-video-preview":"max-video-preview:-1"},"canonical":"https:\/\/www.editorialjuventud.es\/un-nino-muy-raro-9788426147493\/","og_locale":"ca_ES","og_type":"article","og_title":"Un ni\u00f1o muy raro - Editorial Juventud","og_description":"Pol es un ni\u00f1o 'muy raro'. O eso opina de \u00e9l su compa\u00f1ero de clase, Gustavo. Siempre intenta provocarlo, pero Pol siempre se muestra tranquilo. 'Mi padre","og_url":"https:\/\/www.editorialjuventud.es\/un-nino-muy-raro-9788426147493\/","og_site_name":"Editorial Juventud","article_modified_time":"2025-04-30T09:28:32+00:00","og_image":[{"width":540,"height":540,"url":"https:\/\/www.editorialjuventud.es\/wp-content\/uploads\/9788426147493-e1682004286933.jpg","type":"image\/jpeg"}],"twitter_card":"summary_large_image","twitter_misc":{"Temps estimat de lectura":"2 minuts"},"schema":{"@context":"https:\/\/schema.org","@graph":[{"@type":"WebPage","@id":"https:\/\/www.editorialjuventud.es\/un-nino-muy-raro-9788426147493\/","url":"https:\/\/www.editorialjuventud.es\/un-nino-muy-raro-9788426147493\/","name":"Un ni\u00f1o muy raro - Editorial Juventud","isPartOf":{"@id":"https:\/\/www.editorialjuventud.es\/#website"},"primaryImageOfPage":{"@id":"https:\/\/www.editorialjuventud.es\/un-nino-muy-raro-9788426147493\/#primaryimage"},"image":{"@id":"https:\/\/www.editorialjuventud.es\/un-nino-muy-raro-9788426147493\/#primaryimage"},"thumbnailUrl":"https:\/\/www.editorialjuventud.es\/wp-content\/uploads\/9788426147493-e1682004286933.jpg","datePublished":"2021-10-14T08:52:07+00:00","dateModified":"2025-04-30T09:28:32+00:00","description":"Pol es un ni\u00f1o 'muy raro'. O eso opina de \u00e9l su compa\u00f1ero de clase, Gustavo. Siempre intenta provocarlo, pero Pol siempre se muestra tranquilo. 'Mi padre","breadcrumb":{"@id":"https:\/\/www.editorialjuventud.es\/un-nino-muy-raro-9788426147493\/#breadcrumb"},"inLanguage":"ca","potentialAction":[{"@type":"ReadAction","target":["https:\/\/www.editorialjuventud.es\/un-nino-muy-raro-9788426147493\/"]}]},{"@type":"ImageObject","inLanguage":"ca","@id":"https:\/\/www.editorialjuventud.es\/un-nino-muy-raro-9788426147493\/#primaryimage","url":"https:\/\/www.editorialjuventud.es\/wp-content\/uploads\/9788426147493-e1682004286933.jpg","contentUrl":"https:\/\/www.editorialjuventud.es\/wp-content\/uploads\/9788426147493-e1682004286933.jpg","width":540,"height":540,"caption":"9788426147493.jpg"},{"@type":"BreadcrumbList","@id":"https:\/\/www.editorialjuventud.es\/un-nino-muy-raro-9788426147493\/#breadcrumb","itemListElement":[{"@type":"ListItem","position":1,"name":"Portada","item":"https:\/\/www.editorialjuventud.es\/"},{"@type":"ListItem","position":2,"name":"cat\u00e1logo","item":"https:\/\/www.editorialjuventud.es\/coleccion\/catalogo\/"},{"@type":"ListItem","position":3,"name":"castellano","item":"https:\/\/www.editorialjuventud.es\/coleccion\/castellano\/"},{"@type":"ListItem","position":4,"name":"\u00c1lbumes Ilustrados","item":"https:\/\/www.editorialjuventud.es\/coleccion\/albumes-ilustrados\/"},{"@type":"ListItem","position":5,"name":"Convivencia y Multiculturalidad","item":"https:\/\/www.editorialjuventud.es\/coleccion\/convivencia-y-multiculturalidad\/"},{"@type":"ListItem","position":6,"name":"Un ni\u00f1o muy raro"}]},{"@type":"WebSite","@id":"https:\/\/www.editorialjuventud.es\/#website","url":"https:\/\/www.editorialjuventud.es\/","name":"Editorial Juventud","description":"","potentialAction":[{"@type":"SearchAction","target":{"@type":"EntryPoint","urlTemplate":"https:\/\/www.editorialjuventud.es\/?s={search_term_string}"},"query-input":{"@type":"PropertyValueSpecification","valueRequired":true,"valueName":"search_term_string"}}],"inLanguage":"ca"}]}},"_links":{"self":[{"href":"https:\/\/www.editorialjuventud.es\/ca\/wp-json\/wp\/v2\/product\/58400","targetHints":{"allow":["GET"]}}],"collection":[{"href":"https:\/\/www.editorialjuventud.es\/ca\/wp-json\/wp\/v2\/product"}],"about":[{"href":"https:\/\/www.editorialjuventud.es\/ca\/wp-json\/wp\/v2\/types\/product"}],"wp:featuredmedia":[{"embeddable":true,"href":"https:\/\/www.editorialjuventud.es\/ca\/wp-json\/wp\/v2\/media\/58401"}],"wp:attachment":[{"href":"https:\/\/www.editorialjuventud.es\/ca\/wp-json\/wp\/v2\/media?parent=58400"}],"wp:term":[{"taxonomy":"product_brand","embeddable":true,"href":"https:\/\/www.editorialjuventud.es\/ca\/wp-json\/wp\/v2\/product_brand?post=58400"},{"taxonomy":"product_cat","embeddable":true,"href":"https:\/\/www.editorialjuventud.es\/ca\/wp-json\/wp\/v2\/product_cat?post=58400"},{"taxonomy":"product_tag","embeddable":true,"href":"https:\/\/www.editorialjuventud.es\/ca\/wp-json\/wp\/v2\/product_tag?post=58400"},{"taxonomy":"coleccion","embeddable":true,"href":"https:\/\/www.editorialjuventud.es\/ca\/wp-json\/wp\/v2\/coleccion?post=58400"}],"curies":[{"name":"wp","href":"https:\/\/api.w.org\/{rel}","templated":true}]}}