{"id":5840,"date":"2018-08-24T13:33:07","date_gmt":"2018-08-24T09:33:07","guid":{"rendered":"http:\/\/www.editorialjuventud.es\/corre-pequeno-gorrion\/"},"modified":"2022-06-02T15:33:55","modified_gmt":"2022-06-02T13:33:55","slug":"corre-pequeno-gorrion-9788426139313","status":"publish","type":"product","link":"https:\/\/www.editorialjuventud.es\/ca\/corre-pequeno-gorrion-9788426139313\/","title":{"rendered":"Corre, peque\u00f1o gorri\u00f3n"},"content":{"rendered":"<p>El gorri\u00f3n y el rat\u00f3n son buenos amigos y juegan juntos a menudo. Pero un d\u00eda estalla una tormenta y el pajarito cae al suelo, herido. Cuando vuelve en s\u00ed, no puede moverse y necesita ayuda. El rat\u00f3n le consuela mientras un viejo cuervo cuida de \u00e9l y le prepara delicadamente para su vida futura: \u00abNo ser\u00e1 como antes\u00bb. No volver a volar nunca m\u00e1s, es dif\u00edcil de aceptar. Aprender a correr por el campo con el rat\u00f3n tambi\u00e9n es duro, pero es un camino hacia nuevas alegr\u00edas. Una historia llena de sensibilidad y consideraci\u00f3n sobre las consecuencias de un accidente o de una enfermedad. Una f\u00e1bula que da \u00e1nimos y estimula la confianza sin excluir las dificultades y los obst\u00e1culos.<\/p>\n","protected":false},"excerpt":{"rendered":"El gorri\u00f3n y el rat\u00f3n son buenos amigos y juegan juntos a menudo. Pero un d\u00eda estalla una tormenta y el pajarito cae al suelo, herido. Cuando vuelve en s\u00ed, no puede moverse y necesita ayuda. El rat\u00f3n le consuela [&hellip;]","protected":false},"featured_media":12231,"template":"","meta":{"_acf_changed":false,"_exactmetrics_skip_tracking":false,"_exactmetrics_sitenote_active":false,"_exactmetrics_sitenote_note":"","_exactmetrics_sitenote_category":0},"product_brand":[],"product_cat":[900,1121,1163,892,1115,1206,1222,1128],"product_tag":[],"coleccion":[928,916,989],"class_list":{"0":"post-5840","1":"product","2":"type-product","3":"status-publish","4":"has-post-thumbnail","6":"product_cat-a-partir-de-5-anos","7":"product_cat-albumes-ilustrados","8":"product_cat-discapacidad-diversidad-funcional","9":"product_cat-edades","10":"product_cat-generos","11":"product_cat-pediatra","12":"product_cat-superacion","13":"product_cat-tematica","14":"coleccion-albumes-ilustrados","15":"coleccion-castellano","16":"coleccion-crecer-en-valores","18":"first","19":"instock","20":"taxable","21":"shipping-taxable","22":"purchasable","23":"product-type-simple"},"acf":{"autores-libros":[16681],"ilustradores-libros":[17347]},"yoast_head":"<!-- This site is optimized with the Yoast SEO plugin v27.5 - https:\/\/yoast.com\/product\/yoast-seo-wordpress\/ -->\n<title>Corre, peque\u00f1o gorri\u00f3n - Editorial Juventud<\/title>\n<meta name=\"description\" content=\"El gorri\u00f3n y el rat\u00f3n son buenos amigos y juegan juntos a menudo. Pero un d\u00eda estalla una tormenta y el pajarito cae al suelo, herido. Cuando vuelve en\" \/>\n<meta name=\"robots\" content=\"index, follow, max-snippet:-1, max-image-preview:large, max-video-preview:-1\" \/>\n<link rel=\"canonical\" href=\"https:\/\/www.editorialjuventud.es\/ca\/corre-pequeno-gorrion-9788426139313\/\" \/>\n<meta property=\"og:locale\" content=\"ca_ES\" \/>\n<meta property=\"og:type\" content=\"article\" \/>\n<meta property=\"og:title\" content=\"Corre, peque\u00f1o gorri\u00f3n - Editorial Juventud\" \/>\n<meta property=\"og:description\" content=\"El gorri\u00f3n y el rat\u00f3n son buenos amigos y juegan juntos a menudo. Pero un d\u00eda estalla una tormenta y el pajarito cae al suelo, herido. Cuando vuelve en\" \/>\n<meta property=\"og:url\" content=\"https:\/\/www.editorialjuventud.es\/ca\/corre-pequeno-gorrion-9788426139313\/\" \/>\n<meta property=\"og:site_name\" content=\"Editorial Juventud\" \/>\n<meta property=\"article:modified_time\" content=\"2022-06-02T13:33:55+00:00\" \/>\n<meta property=\"og:image\" content=\"https:\/\/www.editorialjuventud.es\/wp-content\/uploads\/3931.jpg\" \/>\n\t<meta property=\"og:image:width\" content=\"336\" \/>\n\t<meta property=\"og:image:height\" content=\"450\" \/>\n\t<meta property=\"og:image:type\" content=\"image\/jpeg\" \/>\n<meta name=\"twitter:card\" content=\"summary_large_image\" \/>\n<meta name=\"twitter:label1\" content=\"Temps estimat de lectura\" \/>\n\t<meta name=\"twitter:data1\" content=\"1 minut\" \/>\n<script type=\"application\/ld+json\" class=\"yoast-schema-graph\">{\"@context\":\"https:\\\/\\\/schema.org\",\"@graph\":[{\"@type\":\"WebPage\",\"@id\":\"https:\\\/\\\/www.editorialjuventud.es\\\/ca\\\/corre-pequeno-gorrion-9788426139313\\\/\",\"url\":\"https:\\\/\\\/www.editorialjuventud.es\\\/ca\\\/corre-pequeno-gorrion-9788426139313\\\/\",\"name\":\"Corre, peque\u00f1o gorri\u00f3n - Editorial Juventud\",\"isPartOf\":{\"@id\":\"https:\\\/\\\/www.editorialjuventud.es\\\/#website\"},\"primaryImageOfPage\":{\"@id\":\"https:\\\/\\\/www.editorialjuventud.es\\\/ca\\\/corre-pequeno-gorrion-9788426139313\\\/#primaryimage\"},\"image\":{\"@id\":\"https:\\\/\\\/www.editorialjuventud.es\\\/ca\\\/corre-pequeno-gorrion-9788426139313\\\/#primaryimage\"},\"thumbnailUrl\":\"https:\\\/\\\/www.editorialjuventud.es\\\/wp-content\\\/uploads\\\/3931.jpg\",\"datePublished\":\"2018-08-24T09:33:07+00:00\",\"dateModified\":\"2022-06-02T13:33:55+00:00\",\"description\":\"El gorri\u00f3n y el rat\u00f3n son buenos amigos y juegan juntos a menudo. Pero un d\u00eda estalla una tormenta y el pajarito cae al suelo, herido. Cuando vuelve en\",\"breadcrumb\":{\"@id\":\"https:\\\/\\\/www.editorialjuventud.es\\\/ca\\\/corre-pequeno-gorrion-9788426139313\\\/#breadcrumb\"},\"inLanguage\":\"ca\",\"potentialAction\":[{\"@type\":\"ReadAction\",\"target\":[\"https:\\\/\\\/www.editorialjuventud.es\\\/ca\\\/corre-pequeno-gorrion-9788426139313\\\/\"]}]},{\"@type\":\"ImageObject\",\"inLanguage\":\"ca\",\"@id\":\"https:\\\/\\\/www.editorialjuventud.es\\\/ca\\\/corre-pequeno-gorrion-9788426139313\\\/#primaryimage\",\"url\":\"https:\\\/\\\/www.editorialjuventud.es\\\/wp-content\\\/uploads\\\/3931.jpg\",\"contentUrl\":\"https:\\\/\\\/www.editorialjuventud.es\\\/wp-content\\\/uploads\\\/3931.jpg\",\"width\":336,\"height\":450,\"caption\":\"3931.jpg\"},{\"@type\":\"BreadcrumbList\",\"@id\":\"https:\\\/\\\/www.editorialjuventud.es\\\/ca\\\/corre-pequeno-gorrion-9788426139313\\\/#breadcrumb\",\"itemListElement\":[{\"@type\":\"ListItem\",\"position\":1,\"name\":\"Portada\",\"item\":\"https:\\\/\\\/www.editorialjuventud.es\\\/\"},{\"@type\":\"ListItem\",\"position\":2,\"name\":\"cat\u00e1logo\",\"item\":\"https:\\\/\\\/www.editorialjuventud.es\\\/coleccion\\\/catalogo\\\/\"},{\"@type\":\"ListItem\",\"position\":3,\"name\":\"castellano\",\"item\":\"https:\\\/\\\/www.editorialjuventud.es\\\/coleccion\\\/castellano\\\/\"},{\"@type\":\"ListItem\",\"position\":4,\"name\":\"\u00c1lbumes Ilustrados\",\"item\":\"https:\\\/\\\/www.editorialjuventud.es\\\/coleccion\\\/albumes-ilustrados\\\/\"},{\"@type\":\"ListItem\",\"position\":5,\"name\":\"Crecer en Valores\",\"item\":\"https:\\\/\\\/www.editorialjuventud.es\\\/coleccion\\\/crecer-en-valores\\\/\"},{\"@type\":\"ListItem\",\"position\":6,\"name\":\"Corre, peque\u00f1o gorri\u00f3n\"}]},{\"@type\":\"WebSite\",\"@id\":\"https:\\\/\\\/www.editorialjuventud.es\\\/#website\",\"url\":\"https:\\\/\\\/www.editorialjuventud.es\\\/\",\"name\":\"Editorial Juventud\",\"description\":\"\",\"potentialAction\":[{\"@type\":\"SearchAction\",\"target\":{\"@type\":\"EntryPoint\",\"urlTemplate\":\"https:\\\/\\\/www.editorialjuventud.es\\\/?s={search_term_string}\"},\"query-input\":{\"@type\":\"PropertyValueSpecification\",\"valueRequired\":true,\"valueName\":\"search_term_string\"}}],\"inLanguage\":\"ca\"}]}<\/script>\n<!-- \/ Yoast SEO plugin. -->","yoast_head_json":{"title":"Corre, peque\u00f1o gorri\u00f3n - Editorial Juventud","description":"El gorri\u00f3n y el rat\u00f3n son buenos amigos y juegan juntos a menudo. Pero un d\u00eda estalla una tormenta y el pajarito cae al suelo, herido. Cuando vuelve en","robots":{"index":"index","follow":"follow","max-snippet":"max-snippet:-1","max-image-preview":"max-image-preview:large","max-video-preview":"max-video-preview:-1"},"canonical":"https:\/\/www.editorialjuventud.es\/ca\/corre-pequeno-gorrion-9788426139313\/","og_locale":"ca_ES","og_type":"article","og_title":"Corre, peque\u00f1o gorri\u00f3n - Editorial Juventud","og_description":"El gorri\u00f3n y el rat\u00f3n son buenos amigos y juegan juntos a menudo. Pero un d\u00eda estalla una tormenta y el pajarito cae al suelo, herido. Cuando vuelve en","og_url":"https:\/\/www.editorialjuventud.es\/ca\/corre-pequeno-gorrion-9788426139313\/","og_site_name":"Editorial Juventud","article_modified_time":"2022-06-02T13:33:55+00:00","og_image":[{"width":336,"height":450,"url":"https:\/\/www.editorialjuventud.es\/wp-content\/uploads\/3931.jpg","type":"image\/jpeg"}],"twitter_card":"summary_large_image","twitter_misc":{"Temps estimat de lectura":"1 minut"},"schema":{"@context":"https:\/\/schema.org","@graph":[{"@type":"WebPage","@id":"https:\/\/www.editorialjuventud.es\/ca\/corre-pequeno-gorrion-9788426139313\/","url":"https:\/\/www.editorialjuventud.es\/ca\/corre-pequeno-gorrion-9788426139313\/","name":"Corre, peque\u00f1o gorri\u00f3n - Editorial Juventud","isPartOf":{"@id":"https:\/\/www.editorialjuventud.es\/#website"},"primaryImageOfPage":{"@id":"https:\/\/www.editorialjuventud.es\/ca\/corre-pequeno-gorrion-9788426139313\/#primaryimage"},"image":{"@id":"https:\/\/www.editorialjuventud.es\/ca\/corre-pequeno-gorrion-9788426139313\/#primaryimage"},"thumbnailUrl":"https:\/\/www.editorialjuventud.es\/wp-content\/uploads\/3931.jpg","datePublished":"2018-08-24T09:33:07+00:00","dateModified":"2022-06-02T13:33:55+00:00","description":"El gorri\u00f3n y el rat\u00f3n son buenos amigos y juegan juntos a menudo. Pero un d\u00eda estalla una tormenta y el pajarito cae al suelo, herido. Cuando vuelve en","breadcrumb":{"@id":"https:\/\/www.editorialjuventud.es\/ca\/corre-pequeno-gorrion-9788426139313\/#breadcrumb"},"inLanguage":"ca","potentialAction":[{"@type":"ReadAction","target":["https:\/\/www.editorialjuventud.es\/ca\/corre-pequeno-gorrion-9788426139313\/"]}]},{"@type":"ImageObject","inLanguage":"ca","@id":"https:\/\/www.editorialjuventud.es\/ca\/corre-pequeno-gorrion-9788426139313\/#primaryimage","url":"https:\/\/www.editorialjuventud.es\/wp-content\/uploads\/3931.jpg","contentUrl":"https:\/\/www.editorialjuventud.es\/wp-content\/uploads\/3931.jpg","width":336,"height":450,"caption":"3931.jpg"},{"@type":"BreadcrumbList","@id":"https:\/\/www.editorialjuventud.es\/ca\/corre-pequeno-gorrion-9788426139313\/#breadcrumb","itemListElement":[{"@type":"ListItem","position":1,"name":"Portada","item":"https:\/\/www.editorialjuventud.es\/"},{"@type":"ListItem","position":2,"name":"cat\u00e1logo","item":"https:\/\/www.editorialjuventud.es\/coleccion\/catalogo\/"},{"@type":"ListItem","position":3,"name":"castellano","item":"https:\/\/www.editorialjuventud.es\/coleccion\/castellano\/"},{"@type":"ListItem","position":4,"name":"\u00c1lbumes Ilustrados","item":"https:\/\/www.editorialjuventud.es\/coleccion\/albumes-ilustrados\/"},{"@type":"ListItem","position":5,"name":"Crecer en Valores","item":"https:\/\/www.editorialjuventud.es\/coleccion\/crecer-en-valores\/"},{"@type":"ListItem","position":6,"name":"Corre, peque\u00f1o gorri\u00f3n"}]},{"@type":"WebSite","@id":"https:\/\/www.editorialjuventud.es\/#website","url":"https:\/\/www.editorialjuventud.es\/","name":"Editorial Juventud","description":"","potentialAction":[{"@type":"SearchAction","target":{"@type":"EntryPoint","urlTemplate":"https:\/\/www.editorialjuventud.es\/?s={search_term_string}"},"query-input":{"@type":"PropertyValueSpecification","valueRequired":true,"valueName":"search_term_string"}}],"inLanguage":"ca"}]}},"_links":{"self":[{"href":"https:\/\/www.editorialjuventud.es\/ca\/wp-json\/wp\/v2\/product\/5840","targetHints":{"allow":["GET"]}}],"collection":[{"href":"https:\/\/www.editorialjuventud.es\/ca\/wp-json\/wp\/v2\/product"}],"about":[{"href":"https:\/\/www.editorialjuventud.es\/ca\/wp-json\/wp\/v2\/types\/product"}],"wp:featuredmedia":[{"embeddable":true,"href":"https:\/\/www.editorialjuventud.es\/ca\/wp-json\/wp\/v2\/media\/12231"}],"wp:attachment":[{"href":"https:\/\/www.editorialjuventud.es\/ca\/wp-json\/wp\/v2\/media?parent=5840"}],"wp:term":[{"taxonomy":"product_brand","embeddable":true,"href":"https:\/\/www.editorialjuventud.es\/ca\/wp-json\/wp\/v2\/product_brand?post=5840"},{"taxonomy":"product_cat","embeddable":true,"href":"https:\/\/www.editorialjuventud.es\/ca\/wp-json\/wp\/v2\/product_cat?post=5840"},{"taxonomy":"product_tag","embeddable":true,"href":"https:\/\/www.editorialjuventud.es\/ca\/wp-json\/wp\/v2\/product_tag?post=5840"},{"taxonomy":"coleccion","embeddable":true,"href":"https:\/\/www.editorialjuventud.es\/ca\/wp-json\/wp\/v2\/coleccion?post=5840"}],"curies":[{"name":"wp","href":"https:\/\/api.w.org\/{rel}","templated":true}]}}