{"id":58383,"date":"2021-10-14T12:45:52","date_gmt":"2021-10-14T08:45:52","guid":{"rendered":"https:\/\/www.editorialjuventud.es\/la-gata-vol-cuinar-9788426147202\/"},"modified":"2026-04-01T14:21:42","modified_gmt":"2026-04-01T12:21:42","slug":"la-gata-vol-cuinar-9788426147202","status":"publish","type":"product","link":"https:\/\/www.editorialjuventud.es\/ca\/la-gata-vol-cuinar-9788426147202\/","title":{"rendered":"La Gata vol cuinar"},"content":{"rendered":"<p>Al Bosc de la Gla sempre hi ha molta activitat! La Gata vol aprendre a cuinar i l&#8217;Esquirol vol fer un ninot de neu&#8230; Trobaran tot el que necessiten? Aixeca les solapes i ho sabr\u00e0s!<\/p>\n<p>Dos nous t\u00edtols de la s\u00e8rie que porta captivant els m\u00e9s petits des de fa m\u00e9s de quinze anys! Aquests llibres de cartr\u00f3 estan dissenyats per facilitar la introducci\u00f3 a la lectura al m\u00e9s menuts. Els textos rimats, ideals per a ser llegits en veu alta, van acompanyats de magn\u00edfiques il\u00b7lustracions que estimularan la imaginaci\u00f3 dels petits al mateix temps que els ajudar\u00e0 a entrar en la hist\u00f2ria.<br \/>\nAquesta obra, dels guardonats autors d&#8217;<em>El Gr\u00fafal<\/em>, far\u00e0 que els adults gaudeixin veient els m\u00e9s petits xalant de la lectura i descobrint el que s&#8217;amaga darrera les solapes del llibre<\/p>\n<p><img loading=\"lazy\" decoding=\"async\" class=\"alignnone size-full wp-image-79655\" src=\"https:\/\/www.editorialjuventud.es\/wp-content\/uploads\/Logo_Suport_ICEC-e1738321957667.jpg\" alt=\"\" width=\"500\" height=\"131\" \/><\/p>\n","protected":false},"excerpt":{"rendered":"Al Bosc de la Gla sempre hi ha molta activitat! La Gata vol aprendre a cuinar i l&#8217;Esquirol vol fer un ninot de neu&#8230; Trobaran tot el que necessiten? Aixeca les solapes i ho sabr\u00e0s! Dos nous t\u00edtols de la [&hellip;]","protected":false},"featured_media":58384,"template":"","meta":{"_acf_changed":false,"_exactmetrics_skip_tracking":false,"_exactmetrics_sitenote_active":false,"_exactmetrics_sitenote_note":"","_exactmetrics_sitenote_category":0},"product_brand":[],"product_cat":[898,1136,1138,1281,892,1115,1122,893,1211,1128,910],"product_tag":[],"coleccion":[915,963,920],"class_list":{"0":"post-58383","1":"product","2":"type-product","3":"status-publish","4":"has-post-thumbnail","6":"product_cat-a-partir-de-2-anos","7":"product_cat-amistad","8":"product_cat-animales","9":"product_cat-aprendizaje","10":"product_cat-edades","11":"product_cat-generos","12":"product_cat-libros-de-carton","13":"product_cat-novedades","14":"product_cat-poesia-rimas","15":"product_cat-tematica","16":"product_cat-ultimas-novedades","17":"coleccion-catala","18":"coleccion-contes-del-bosc-de-la-gla","19":"coleccion-els-meus-primers-llibres","21":"first","22":"instock","23":"taxable","24":"shipping-taxable","25":"purchasable","26":"product-type-simple"},"acf":{"indice":"","autor":"DONALDSON, JULIA","codart":"4720","ediciones":"1","encuadernacion":"Cart\u00f3n","fecha_de_publicacion":"01\/10\/2021","fecha_de_reimpresion":"","novedad":"0","paginas":"14","subtitulo":"","texto_web_adicional":"","autores-libros":[16329],"ilustradores-libros":[18092],"texto_web_novedad":"","orden":"999","portada":"0","texto_web_resaltado":"","traductores-libros":[58416],"descripcion_corta":"La Gata vol aprendre a cuinar","recomendamos":"","mas_vendido":"","idioma-libro":"","color":false,"formato":"","mas_informacion_del_producto":false,"premios":false,"deshabilitar_compra":["deshabilitar"],"texto_enlace_cubierta":"","enlace_cubierta":{"ID":58730,"id":58730,"title":"Exterior Cats Cookbook v4.indd","filename":"La-Gata-Vol-Cuinar_CAT.jpg","filesize":392164,"url":"https:\/\/www.editorialjuventud.es\/wp-content\/uploads\/La-Gata-Vol-Cuinar_CAT.jpg","link":"https:\/\/www.editorialjuventud.es\/ca\/?attachment_id=58730","alt":"","author":"50","description":"","caption":"","name":"exterior-cats-cookbook-v4-indd-2","status":"inherit","uploaded_to":58383,"date":"2021-10-22 10:36:16","modified":"2021-10-22 10:36:16","menu_order":0,"mime_type":"image\/jpeg","type":"image","subtype":"jpeg","icon":"https:\/\/www.editorialjuventud.es\/wp-includes\/images\/media\/default.png","width":2360,"height":1926,"sizes":{"thumbnail":"https:\/\/www.editorialjuventud.es\/wp-content\/uploads\/La-Gata-Vol-Cuinar_CAT-200x200.jpg","thumbnail-width":200,"thumbnail-height":200,"medium":"https:\/\/www.editorialjuventud.es\/wp-content\/uploads\/La-Gata-Vol-Cuinar_CAT.jpg","medium-width":2360,"medium-height":1926,"medium_large":"https:\/\/www.editorialjuventud.es\/wp-content\/uploads\/La-Gata-Vol-Cuinar_CAT-768x627.jpg","medium_large-width":768,"medium_large-height":627,"large":"https:\/\/www.editorialjuventud.es\/wp-content\/uploads\/La-Gata-Vol-Cuinar_CAT.jpg","large-width":2360,"large-height":1926,"1536x1536":"https:\/\/www.editorialjuventud.es\/wp-content\/uploads\/La-Gata-Vol-Cuinar_CAT.jpg","1536x1536-width":1536,"1536x1536-height":1254,"2048x2048":"https:\/\/www.editorialjuventud.es\/wp-content\/uploads\/La-Gata-Vol-Cuinar_CAT.jpg","2048x2048-width":2048,"2048x2048-height":1671,"woocommerce_thumbnail":"https:\/\/www.editorialjuventud.es\/wp-content\/uploads\/La-Gata-Vol-Cuinar_CAT-350x286.jpg","woocommerce_thumbnail-width":350,"woocommerce_thumbnail-height":286,"woocommerce_single":"https:\/\/www.editorialjuventud.es\/wp-content\/uploads\/La-Gata-Vol-Cuinar_CAT-900x734.jpg","woocommerce_single-width":900,"woocommerce_single-height":734,"woocommerce_gallery_thumbnail":"https:\/\/www.editorialjuventud.es\/wp-content\/uploads\/La-Gata-Vol-Cuinar_CAT-100x100.jpg","woocommerce_gallery_thumbnail-width":100,"woocommerce_gallery_thumbnail-height":100,"ppec_logo_image_size":"https:\/\/www.editorialjuventud.es\/wp-content\/uploads\/La-Gata-Vol-Cuinar_CAT.jpg","ppec_logo_image_size-width":74,"ppec_logo_image_size-height":60,"ppec_header_image_size":"https:\/\/www.editorialjuventud.es\/wp-content\/uploads\/La-Gata-Vol-Cuinar_CAT.jpg","ppec_header_image_size-width":110,"ppec_header_image_size-height":90}},"texto_enlace_ficha_tecnica":"","enlace_ficha_tecnica":{"ID":79607,"id":79607,"title":"LaGataLEsquirol_Fitxe","filename":"LaGataLEsquirol_Fitxe-1.pdf","filesize":1036985,"url":"https:\/\/www.editorialjuventud.es\/wp-content\/uploads\/LaGataLEsquirol_Fitxe-1.pdf","link":"https:\/\/www.editorialjuventud.es\/ca\/?attachment_id=79607","alt":"","author":"1519","description":"","caption":"","name":"lagatalesquirol_fitxe-2","status":"inherit","uploaded_to":58383,"date":"2024-11-14 11:12:14","modified":"2024-11-14 11:12:14","menu_order":0,"mime_type":"application\/pdf","type":"application","subtype":"pdf","icon":"https:\/\/www.editorialjuventud.es\/wp-includes\/images\/media\/document.png"},"ficheros":false,"titulo-fr":"","texto-fr":""},"yoast_head":"<!-- This site is optimized with the Yoast SEO plugin v27.5 - https:\/\/yoast.com\/product\/yoast-seo-wordpress\/ -->\n<title>La Gata vol cuinar - Editorial Juventud<\/title>\n<meta name=\"description\" content=\"Al Bosc de la Gla sempre hi ha molta activitat! La Gata vol aprendre a cuinar i l&#039;Esquirol vol fer un ninot de neu... Trobaran tot el que necessiten?\" \/>\n<meta name=\"robots\" content=\"index, follow, max-snippet:-1, max-image-preview:large, max-video-preview:-1\" \/>\n<link rel=\"canonical\" href=\"https:\/\/www.editorialjuventud.es\/la-gata-vol-cuinar-9788426147202\/\" \/>\n<meta property=\"og:locale\" content=\"ca_ES\" \/>\n<meta property=\"og:type\" content=\"article\" \/>\n<meta property=\"og:title\" content=\"La Gata vol cuinar - Editorial Juventud\" \/>\n<meta property=\"og:description\" content=\"Al Bosc de la Gla sempre hi ha molta activitat! La Gata vol aprendre a cuinar i l&#039;Esquirol vol fer un ninot de neu... Trobaran tot el que necessiten?\" \/>\n<meta property=\"og:url\" content=\"https:\/\/www.editorialjuventud.es\/la-gata-vol-cuinar-9788426147202\/\" \/>\n<meta property=\"og:site_name\" content=\"Editorial Juventud\" \/>\n<meta property=\"article:modified_time\" content=\"2026-04-01T12:21:42+00:00\" \/>\n<meta property=\"og:image\" content=\"https:\/\/www.editorialjuventud.es\/wp-content\/uploads\/9788426147202.jpg\" \/>\n\t<meta property=\"og:image:width\" content=\"540\" \/>\n\t<meta property=\"og:image:height\" content=\"441\" \/>\n\t<meta property=\"og:image:type\" content=\"image\/jpeg\" \/>\n<meta name=\"twitter:card\" content=\"summary_large_image\" \/>\n<meta name=\"twitter:label1\" content=\"Temps estimat de lectura\" \/>\n\t<meta name=\"twitter:data1\" content=\"2 minuts\" \/>\n<script type=\"application\/ld+json\" class=\"yoast-schema-graph\">{\"@context\":\"https:\\\/\\\/schema.org\",\"@graph\":[{\"@type\":\"WebPage\",\"@id\":\"https:\\\/\\\/www.editorialjuventud.es\\\/la-gata-vol-cuinar-9788426147202\\\/\",\"url\":\"https:\\\/\\\/www.editorialjuventud.es\\\/la-gata-vol-cuinar-9788426147202\\\/\",\"name\":\"La Gata vol cuinar - Editorial Juventud\",\"isPartOf\":{\"@id\":\"https:\\\/\\\/www.editorialjuventud.es\\\/#website\"},\"primaryImageOfPage\":{\"@id\":\"https:\\\/\\\/www.editorialjuventud.es\\\/la-gata-vol-cuinar-9788426147202\\\/#primaryimage\"},\"image\":{\"@id\":\"https:\\\/\\\/www.editorialjuventud.es\\\/la-gata-vol-cuinar-9788426147202\\\/#primaryimage\"},\"thumbnailUrl\":\"https:\\\/\\\/www.editorialjuventud.es\\\/wp-content\\\/uploads\\\/9788426147202.jpg\",\"datePublished\":\"2021-10-14T08:45:52+00:00\",\"dateModified\":\"2026-04-01T12:21:42+00:00\",\"description\":\"Al Bosc de la Gla sempre hi ha molta activitat! La Gata vol aprendre a cuinar i l'Esquirol vol fer un ninot de neu... Trobaran tot el que necessiten?\",\"breadcrumb\":{\"@id\":\"https:\\\/\\\/www.editorialjuventud.es\\\/la-gata-vol-cuinar-9788426147202\\\/#breadcrumb\"},\"inLanguage\":\"ca\",\"potentialAction\":[{\"@type\":\"ReadAction\",\"target\":[\"https:\\\/\\\/www.editorialjuventud.es\\\/la-gata-vol-cuinar-9788426147202\\\/\"]}]},{\"@type\":\"ImageObject\",\"inLanguage\":\"ca\",\"@id\":\"https:\\\/\\\/www.editorialjuventud.es\\\/la-gata-vol-cuinar-9788426147202\\\/#primaryimage\",\"url\":\"https:\\\/\\\/www.editorialjuventud.es\\\/wp-content\\\/uploads\\\/9788426147202.jpg\",\"contentUrl\":\"https:\\\/\\\/www.editorialjuventud.es\\\/wp-content\\\/uploads\\\/9788426147202.jpg\",\"width\":540,\"height\":441,\"caption\":\"9788426147202.jpg\"},{\"@type\":\"BreadcrumbList\",\"@id\":\"https:\\\/\\\/www.editorialjuventud.es\\\/la-gata-vol-cuinar-9788426147202\\\/#breadcrumb\",\"itemListElement\":[{\"@type\":\"ListItem\",\"position\":1,\"name\":\"Portada\",\"item\":\"https:\\\/\\\/www.editorialjuventud.es\\\/\"},{\"@type\":\"ListItem\",\"position\":2,\"name\":\"cat\u00e1logo\",\"item\":\"https:\\\/\\\/www.editorialjuventud.es\\\/coleccion\\\/catalogo\\\/\"},{\"@type\":\"ListItem\",\"position\":3,\"name\":\"catal\u00e0\",\"item\":\"https:\\\/\\\/www.editorialjuventud.es\\\/coleccion\\\/catala\\\/\"},{\"@type\":\"ListItem\",\"position\":4,\"name\":\"Els Meus Primers Llibres\",\"item\":\"https:\\\/\\\/www.editorialjuventud.es\\\/ca\\\/coleccion\\\/els-meus-primers-llibres\\\/\"},{\"@type\":\"ListItem\",\"position\":5,\"name\":\"Contes del Bosc de la Gla\",\"item\":\"https:\\\/\\\/www.editorialjuventud.es\\\/ca\\\/coleccion\\\/contes-del-bosc-de-la-gla\\\/\"},{\"@type\":\"ListItem\",\"position\":6,\"name\":\"La Gata vol cuinar\"}]},{\"@type\":\"WebSite\",\"@id\":\"https:\\\/\\\/www.editorialjuventud.es\\\/#website\",\"url\":\"https:\\\/\\\/www.editorialjuventud.es\\\/\",\"name\":\"Editorial Juventud\",\"description\":\"\",\"potentialAction\":[{\"@type\":\"SearchAction\",\"target\":{\"@type\":\"EntryPoint\",\"urlTemplate\":\"https:\\\/\\\/www.editorialjuventud.es\\\/?s={search_term_string}\"},\"query-input\":{\"@type\":\"PropertyValueSpecification\",\"valueRequired\":true,\"valueName\":\"search_term_string\"}}],\"inLanguage\":\"ca\"}]}<\/script>\n<!-- \/ Yoast SEO plugin. -->","yoast_head_json":{"title":"La Gata vol cuinar - Editorial Juventud","description":"Al Bosc de la Gla sempre hi ha molta activitat! La Gata vol aprendre a cuinar i l'Esquirol vol fer un ninot de neu... Trobaran tot el que necessiten?","robots":{"index":"index","follow":"follow","max-snippet":"max-snippet:-1","max-image-preview":"max-image-preview:large","max-video-preview":"max-video-preview:-1"},"canonical":"https:\/\/www.editorialjuventud.es\/la-gata-vol-cuinar-9788426147202\/","og_locale":"ca_ES","og_type":"article","og_title":"La Gata vol cuinar - Editorial Juventud","og_description":"Al Bosc de la Gla sempre hi ha molta activitat! La Gata vol aprendre a cuinar i l'Esquirol vol fer un ninot de neu... Trobaran tot el que necessiten?","og_url":"https:\/\/www.editorialjuventud.es\/la-gata-vol-cuinar-9788426147202\/","og_site_name":"Editorial Juventud","article_modified_time":"2026-04-01T12:21:42+00:00","og_image":[{"width":540,"height":441,"url":"https:\/\/www.editorialjuventud.es\/wp-content\/uploads\/9788426147202.jpg","type":"image\/jpeg"}],"twitter_card":"summary_large_image","twitter_misc":{"Temps estimat de lectura":"2 minuts"},"schema":{"@context":"https:\/\/schema.org","@graph":[{"@type":"WebPage","@id":"https:\/\/www.editorialjuventud.es\/la-gata-vol-cuinar-9788426147202\/","url":"https:\/\/www.editorialjuventud.es\/la-gata-vol-cuinar-9788426147202\/","name":"La Gata vol cuinar - Editorial Juventud","isPartOf":{"@id":"https:\/\/www.editorialjuventud.es\/#website"},"primaryImageOfPage":{"@id":"https:\/\/www.editorialjuventud.es\/la-gata-vol-cuinar-9788426147202\/#primaryimage"},"image":{"@id":"https:\/\/www.editorialjuventud.es\/la-gata-vol-cuinar-9788426147202\/#primaryimage"},"thumbnailUrl":"https:\/\/www.editorialjuventud.es\/wp-content\/uploads\/9788426147202.jpg","datePublished":"2021-10-14T08:45:52+00:00","dateModified":"2026-04-01T12:21:42+00:00","description":"Al Bosc de la Gla sempre hi ha molta activitat! La Gata vol aprendre a cuinar i l'Esquirol vol fer un ninot de neu... Trobaran tot el que necessiten?","breadcrumb":{"@id":"https:\/\/www.editorialjuventud.es\/la-gata-vol-cuinar-9788426147202\/#breadcrumb"},"inLanguage":"ca","potentialAction":[{"@type":"ReadAction","target":["https:\/\/www.editorialjuventud.es\/la-gata-vol-cuinar-9788426147202\/"]}]},{"@type":"ImageObject","inLanguage":"ca","@id":"https:\/\/www.editorialjuventud.es\/la-gata-vol-cuinar-9788426147202\/#primaryimage","url":"https:\/\/www.editorialjuventud.es\/wp-content\/uploads\/9788426147202.jpg","contentUrl":"https:\/\/www.editorialjuventud.es\/wp-content\/uploads\/9788426147202.jpg","width":540,"height":441,"caption":"9788426147202.jpg"},{"@type":"BreadcrumbList","@id":"https:\/\/www.editorialjuventud.es\/la-gata-vol-cuinar-9788426147202\/#breadcrumb","itemListElement":[{"@type":"ListItem","position":1,"name":"Portada","item":"https:\/\/www.editorialjuventud.es\/"},{"@type":"ListItem","position":2,"name":"cat\u00e1logo","item":"https:\/\/www.editorialjuventud.es\/coleccion\/catalogo\/"},{"@type":"ListItem","position":3,"name":"catal\u00e0","item":"https:\/\/www.editorialjuventud.es\/coleccion\/catala\/"},{"@type":"ListItem","position":4,"name":"Els Meus Primers Llibres","item":"https:\/\/www.editorialjuventud.es\/ca\/coleccion\/els-meus-primers-llibres\/"},{"@type":"ListItem","position":5,"name":"Contes del Bosc de la Gla","item":"https:\/\/www.editorialjuventud.es\/ca\/coleccion\/contes-del-bosc-de-la-gla\/"},{"@type":"ListItem","position":6,"name":"La Gata vol cuinar"}]},{"@type":"WebSite","@id":"https:\/\/www.editorialjuventud.es\/#website","url":"https:\/\/www.editorialjuventud.es\/","name":"Editorial Juventud","description":"","potentialAction":[{"@type":"SearchAction","target":{"@type":"EntryPoint","urlTemplate":"https:\/\/www.editorialjuventud.es\/?s={search_term_string}"},"query-input":{"@type":"PropertyValueSpecification","valueRequired":true,"valueName":"search_term_string"}}],"inLanguage":"ca"}]}},"_links":{"self":[{"href":"https:\/\/www.editorialjuventud.es\/ca\/wp-json\/wp\/v2\/product\/58383","targetHints":{"allow":["GET"]}}],"collection":[{"href":"https:\/\/www.editorialjuventud.es\/ca\/wp-json\/wp\/v2\/product"}],"about":[{"href":"https:\/\/www.editorialjuventud.es\/ca\/wp-json\/wp\/v2\/types\/product"}],"wp:featuredmedia":[{"embeddable":true,"href":"https:\/\/www.editorialjuventud.es\/ca\/wp-json\/wp\/v2\/media\/58384"}],"wp:attachment":[{"href":"https:\/\/www.editorialjuventud.es\/ca\/wp-json\/wp\/v2\/media?parent=58383"}],"wp:term":[{"taxonomy":"product_brand","embeddable":true,"href":"https:\/\/www.editorialjuventud.es\/ca\/wp-json\/wp\/v2\/product_brand?post=58383"},{"taxonomy":"product_cat","embeddable":true,"href":"https:\/\/www.editorialjuventud.es\/ca\/wp-json\/wp\/v2\/product_cat?post=58383"},{"taxonomy":"product_tag","embeddable":true,"href":"https:\/\/www.editorialjuventud.es\/ca\/wp-json\/wp\/v2\/product_tag?post=58383"},{"taxonomy":"coleccion","embeddable":true,"href":"https:\/\/www.editorialjuventud.es\/ca\/wp-json\/wp\/v2\/coleccion?post=58383"}],"curies":[{"name":"wp","href":"https:\/\/api.w.org\/{rel}","templated":true}]}}