{"id":58380,"date":"2021-10-14T12:45:24","date_gmt":"2021-10-14T08:45:24","guid":{"rendered":"https:\/\/www.editorialjuventud.es\/la-gata-quiere-cocinar-9788426147196\/"},"modified":"2026-05-03T12:57:42","modified_gmt":"2026-05-03T10:57:42","slug":"la-gata-quiere-cocinar-9788426147196","status":"publish","type":"product","link":"https:\/\/www.editorialjuventud.es\/ca\/la-gata-quiere-cocinar-9788426147196\/","title":{"rendered":"La Gata quiere cocinar"},"content":{"rendered":"<p>\u00a1En el Bosque de la Bellota siempre hay mucha actividad! La Gata quiere aprender a cocinar y la Ardilla quiere hacer un mu\u00f1eco de nieve&#8230; \u00bfEncontrar\u00e1n todo lo que necesitan? \u00a1Levanta las solapas y lo sabr\u00e1s!<\/p>\n<p>\u00a1Dos nuevos t\u00edtulos de la serie que lleva cautivando a los m\u00e1s peque\u00f1os desde hace m\u00e1s de quince a\u00f1os! Estos libros de cart\u00f3n est\u00e1n dise\u00f1ados para facilitar la introducci\u00f3n a la lectura a edades tempranas. Los textos rimados, ideales para leer en voz alta, van acompa\u00f1ados de magn\u00edficas ilustraciones que estimulan la imaginaci\u00f3n de los peque\u00f1os a la par que les ayudan a volcarse en la historia.<br \/>\nEsta obra, de los galardonados autores de <em>El Gr\u00fafalo<\/em>, har\u00e1 que los adultos disfruten al ver a los m\u00e1s peque\u00f1os gozar de la lectura y descubriendo qu\u00e9 se esconde debajo de sus solapas.<\/p>\n<p><img loading=\"lazy\" decoding=\"async\" class=\"alignnone size-full wp-image-79655\" src=\"https:\/\/www.editorialjuventud.es\/wp-content\/uploads\/Logo_Suport_ICEC-e1738321957667.jpg\" alt=\"\" width=\"500\" height=\"131\" \/><\/p>\n","protected":false},"excerpt":{"rendered":"\u00a1En el Bosque de la Bellota siempre hay mucha actividad! La Gata quiere aprender a cocinar y la Ardilla quiere hacer un mu\u00f1eco de nieve&#8230; \u00bfEncontrar\u00e1n todo lo que necesitan? \u00a1Levanta las solapas y lo sabr\u00e1s! \u00a1Dos nuevos t\u00edtulos de [&hellip;]","protected":false},"featured_media":58381,"template":"","meta":{"_acf_changed":false,"_exactmetrics_skip_tracking":false,"_exactmetrics_sitenote_active":false,"_exactmetrics_sitenote_note":"","_exactmetrics_sitenote_category":0},"product_brand":[],"product_cat":[898,1136,1138,1281,892,1115,1122,893,1211,1128,910],"product_tag":[],"coleccion":[916,1015,1296],"class_list":{"0":"post-58380","1":"product","2":"type-product","3":"status-publish","4":"has-post-thumbnail","6":"product_cat-a-partir-de-2-anos","7":"product_cat-amistad","8":"product_cat-animales","9":"product_cat-aprendizaje","10":"product_cat-edades","11":"product_cat-generos","12":"product_cat-libros-de-carton","13":"product_cat-novedades","14":"product_cat-poesia-rimas","15":"product_cat-tematica","16":"product_cat-ultimas-novedades","17":"coleccion-castellano","18":"coleccion-cuentos-del-bosque-de-la-bellota","19":"coleccion-mis-primeros-libros","21":"first","22":"instock","23":"taxable","24":"shipping-taxable","25":"purchasable","26":"product-type-simple"},"acf":{"indice":"","autor":"Donaldson, Julia","codart":"4719","ediciones":"1","encuadernacion":"Cart\u00f3n","fecha_de_publicacion":"01\/10\/2021","fecha_de_reimpresion":"","novedad":"0","paginas":"14","subtitulo":"","texto_web_adicional":"","autores-libros":[16329],"ilustradores-libros":[18092],"texto_web_novedad":"","orden":"999","portada":"0","texto_web_resaltado":"","traductores-libros":[58416,17430],"descripcion_corta":"La Gata quiere aprender a cocinar","recomendamos":"","mas_vendido":"","idioma-libro":"","color":false,"formato":"","mas_informacion_del_producto":false,"premios":false,"deshabilitar_compra":["deshabilitar"],"texto_enlace_cubierta":"","enlace_cubierta":{"ID":58736,"id":58736,"title":"La gata quiere cocinar_CAST","filename":"La-gata-quiere-cocinar_CAST.jpg","filesize":368403,"url":"https:\/\/www.editorialjuventud.es\/wp-content\/uploads\/La-gata-quiere-cocinar_CAST.jpg","link":"https:\/\/www.editorialjuventud.es\/ca\/?attachment_id=58736","alt":"","author":"50","description":"","caption":"","name":"la-gata-quiere-cocinar_cast","status":"inherit","uploaded_to":58380,"date":"2021-10-22 10:42:42","modified":"2021-10-22 10:42:42","menu_order":0,"mime_type":"image\/jpeg","type":"image","subtype":"jpeg","icon":"https:\/\/www.editorialjuventud.es\/wp-includes\/images\/media\/default.png","width":2356,"height":1913,"sizes":{"thumbnail":"https:\/\/www.editorialjuventud.es\/wp-content\/uploads\/La-gata-quiere-cocinar_CAST-200x200.jpg","thumbnail-width":200,"thumbnail-height":200,"medium":"https:\/\/www.editorialjuventud.es\/wp-content\/uploads\/La-gata-quiere-cocinar_CAST.jpg","medium-width":2356,"medium-height":1913,"medium_large":"https:\/\/www.editorialjuventud.es\/wp-content\/uploads\/La-gata-quiere-cocinar_CAST-768x624.jpg","medium_large-width":768,"medium_large-height":624,"large":"https:\/\/www.editorialjuventud.es\/wp-content\/uploads\/La-gata-quiere-cocinar_CAST.jpg","large-width":2356,"large-height":1913,"1536x1536":"https:\/\/www.editorialjuventud.es\/wp-content\/uploads\/La-gata-quiere-cocinar_CAST.jpg","1536x1536-width":1536,"1536x1536-height":1247,"2048x2048":"https:\/\/www.editorialjuventud.es\/wp-content\/uploads\/La-gata-quiere-cocinar_CAST.jpg","2048x2048-width":2048,"2048x2048-height":1663,"woocommerce_thumbnail":"https:\/\/www.editorialjuventud.es\/wp-content\/uploads\/La-gata-quiere-cocinar_CAST-350x284.jpg","woocommerce_thumbnail-width":350,"woocommerce_thumbnail-height":284,"woocommerce_single":"https:\/\/www.editorialjuventud.es\/wp-content\/uploads\/La-gata-quiere-cocinar_CAST-900x731.jpg","woocommerce_single-width":900,"woocommerce_single-height":731,"woocommerce_gallery_thumbnail":"https:\/\/www.editorialjuventud.es\/wp-content\/uploads\/La-gata-quiere-cocinar_CAST-100x100.jpg","woocommerce_gallery_thumbnail-width":100,"woocommerce_gallery_thumbnail-height":100,"ppec_logo_image_size":"https:\/\/www.editorialjuventud.es\/wp-content\/uploads\/La-gata-quiere-cocinar_CAST.jpg","ppec_logo_image_size-width":74,"ppec_logo_image_size-height":60,"ppec_header_image_size":"https:\/\/www.editorialjuventud.es\/wp-content\/uploads\/La-gata-quiere-cocinar_CAST.jpg","ppec_header_image_size-width":111,"ppec_header_image_size-height":90}},"texto_enlace_ficha_tecnica":"","enlace_ficha_tecnica":{"ID":79615,"id":79615,"title":"LaGataLaArdilla_Fichas","filename":"LaGataLaArdilla_Fichas-1.pdf","filesize":1037679,"url":"https:\/\/www.editorialjuventud.es\/wp-content\/uploads\/LaGataLaArdilla_Fichas-1.pdf","link":"https:\/\/www.editorialjuventud.es\/ca\/?attachment_id=79615","alt":"","author":"1519","description":"","caption":"","name":"lagatalaardilla_fichas-2","status":"inherit","uploaded_to":58380,"date":"2024-11-14 11:22:36","modified":"2024-11-14 11:22:36","menu_order":0,"mime_type":"application\/pdf","type":"application","subtype":"pdf","icon":"https:\/\/www.editorialjuventud.es\/wp-includes\/images\/media\/document.png"},"ficheros":false,"titulo-fr":"","texto-fr":""},"yoast_head":"<!-- This site is optimized with the Yoast SEO plugin v27.5 - https:\/\/yoast.com\/product\/yoast-seo-wordpress\/ -->\n<title>La Gata quiere cocinar - Editorial Juventud<\/title>\n<meta name=\"description\" content=\"\u00a1En el Bosque de la Bellota siempre hay mucha actividad! La Gata quiere aprender a cocinar y la Ardilla quiere hacer un mu\u00f1eco de nieve... \u00bfEncontrar\u00e1n\" \/>\n<meta name=\"robots\" content=\"index, follow, max-snippet:-1, max-image-preview:large, max-video-preview:-1\" \/>\n<link rel=\"canonical\" href=\"https:\/\/www.editorialjuventud.es\/la-gata-quiere-cocinar-9788426147196\/\" \/>\n<meta property=\"og:locale\" content=\"ca_ES\" \/>\n<meta property=\"og:type\" content=\"article\" \/>\n<meta property=\"og:title\" content=\"La Gata quiere cocinar - Editorial Juventud\" \/>\n<meta property=\"og:description\" content=\"\u00a1En el Bosque de la Bellota siempre hay mucha actividad! La Gata quiere aprender a cocinar y la Ardilla quiere hacer un mu\u00f1eco de nieve... \u00bfEncontrar\u00e1n\" \/>\n<meta property=\"og:url\" content=\"https:\/\/www.editorialjuventud.es\/la-gata-quiere-cocinar-9788426147196\/\" \/>\n<meta property=\"og:site_name\" content=\"Editorial Juventud\" \/>\n<meta property=\"article:modified_time\" content=\"2026-05-03T10:57:42+00:00\" \/>\n<meta property=\"og:image\" content=\"https:\/\/www.editorialjuventud.es\/wp-content\/uploads\/9788426147196.jpg\" \/>\n\t<meta property=\"og:image:width\" content=\"540\" \/>\n\t<meta property=\"og:image:height\" content=\"438\" \/>\n\t<meta property=\"og:image:type\" content=\"image\/jpeg\" \/>\n<meta name=\"twitter:card\" content=\"summary_large_image\" \/>\n<meta name=\"twitter:label1\" content=\"Temps estimat de lectura\" \/>\n\t<meta name=\"twitter:data1\" content=\"2 minuts\" \/>\n<script type=\"application\/ld+json\" class=\"yoast-schema-graph\">{\"@context\":\"https:\\\/\\\/schema.org\",\"@graph\":[{\"@type\":\"WebPage\",\"@id\":\"https:\\\/\\\/www.editorialjuventud.es\\\/la-gata-quiere-cocinar-9788426147196\\\/\",\"url\":\"https:\\\/\\\/www.editorialjuventud.es\\\/la-gata-quiere-cocinar-9788426147196\\\/\",\"name\":\"La Gata quiere cocinar - Editorial Juventud\",\"isPartOf\":{\"@id\":\"https:\\\/\\\/www.editorialjuventud.es\\\/#website\"},\"primaryImageOfPage\":{\"@id\":\"https:\\\/\\\/www.editorialjuventud.es\\\/la-gata-quiere-cocinar-9788426147196\\\/#primaryimage\"},\"image\":{\"@id\":\"https:\\\/\\\/www.editorialjuventud.es\\\/la-gata-quiere-cocinar-9788426147196\\\/#primaryimage\"},\"thumbnailUrl\":\"https:\\\/\\\/www.editorialjuventud.es\\\/wp-content\\\/uploads\\\/9788426147196.jpg\",\"datePublished\":\"2021-10-14T08:45:24+00:00\",\"dateModified\":\"2026-05-03T10:57:42+00:00\",\"description\":\"\u00a1En el Bosque de la Bellota siempre hay mucha actividad! La Gata quiere aprender a cocinar y la Ardilla quiere hacer un mu\u00f1eco de nieve... \u00bfEncontrar\u00e1n\",\"breadcrumb\":{\"@id\":\"https:\\\/\\\/www.editorialjuventud.es\\\/la-gata-quiere-cocinar-9788426147196\\\/#breadcrumb\"},\"inLanguage\":\"ca\",\"potentialAction\":[{\"@type\":\"ReadAction\",\"target\":[\"https:\\\/\\\/www.editorialjuventud.es\\\/la-gata-quiere-cocinar-9788426147196\\\/\"]}]},{\"@type\":\"ImageObject\",\"inLanguage\":\"ca\",\"@id\":\"https:\\\/\\\/www.editorialjuventud.es\\\/la-gata-quiere-cocinar-9788426147196\\\/#primaryimage\",\"url\":\"https:\\\/\\\/www.editorialjuventud.es\\\/wp-content\\\/uploads\\\/9788426147196.jpg\",\"contentUrl\":\"https:\\\/\\\/www.editorialjuventud.es\\\/wp-content\\\/uploads\\\/9788426147196.jpg\",\"width\":540,\"height\":438,\"caption\":\"9788426147196.jpg\"},{\"@type\":\"BreadcrumbList\",\"@id\":\"https:\\\/\\\/www.editorialjuventud.es\\\/la-gata-quiere-cocinar-9788426147196\\\/#breadcrumb\",\"itemListElement\":[{\"@type\":\"ListItem\",\"position\":1,\"name\":\"Portada\",\"item\":\"https:\\\/\\\/www.editorialjuventud.es\\\/\"},{\"@type\":\"ListItem\",\"position\":2,\"name\":\"cat\u00e1logo\",\"item\":\"https:\\\/\\\/www.editorialjuventud.es\\\/coleccion\\\/catalogo\\\/\"},{\"@type\":\"ListItem\",\"position\":3,\"name\":\"castellano\",\"item\":\"https:\\\/\\\/www.editorialjuventud.es\\\/coleccion\\\/castellano\\\/\"},{\"@type\":\"ListItem\",\"position\":4,\"name\":\"Mis Primeros Libros\",\"item\":\"https:\\\/\\\/www.editorialjuventud.es\\\/coleccion\\\/mis-primeros-libros\\\/\"},{\"@type\":\"ListItem\",\"position\":5,\"name\":\"Cuentos del Bosque de la Bellota\",\"item\":\"https:\\\/\\\/www.editorialjuventud.es\\\/coleccion\\\/cuentos-del-bosque-de-la-bellota\\\/\"},{\"@type\":\"ListItem\",\"position\":6,\"name\":\"La Gata quiere cocinar\"}]},{\"@type\":\"WebSite\",\"@id\":\"https:\\\/\\\/www.editorialjuventud.es\\\/#website\",\"url\":\"https:\\\/\\\/www.editorialjuventud.es\\\/\",\"name\":\"Editorial Juventud\",\"description\":\"\",\"potentialAction\":[{\"@type\":\"SearchAction\",\"target\":{\"@type\":\"EntryPoint\",\"urlTemplate\":\"https:\\\/\\\/www.editorialjuventud.es\\\/?s={search_term_string}\"},\"query-input\":{\"@type\":\"PropertyValueSpecification\",\"valueRequired\":true,\"valueName\":\"search_term_string\"}}],\"inLanguage\":\"ca\"}]}<\/script>\n<!-- \/ Yoast SEO plugin. -->","yoast_head_json":{"title":"La Gata quiere cocinar - Editorial Juventud","description":"\u00a1En el Bosque de la Bellota siempre hay mucha actividad! La Gata quiere aprender a cocinar y la Ardilla quiere hacer un mu\u00f1eco de nieve... \u00bfEncontrar\u00e1n","robots":{"index":"index","follow":"follow","max-snippet":"max-snippet:-1","max-image-preview":"max-image-preview:large","max-video-preview":"max-video-preview:-1"},"canonical":"https:\/\/www.editorialjuventud.es\/la-gata-quiere-cocinar-9788426147196\/","og_locale":"ca_ES","og_type":"article","og_title":"La Gata quiere cocinar - Editorial Juventud","og_description":"\u00a1En el Bosque de la Bellota siempre hay mucha actividad! La Gata quiere aprender a cocinar y la Ardilla quiere hacer un mu\u00f1eco de nieve... \u00bfEncontrar\u00e1n","og_url":"https:\/\/www.editorialjuventud.es\/la-gata-quiere-cocinar-9788426147196\/","og_site_name":"Editorial Juventud","article_modified_time":"2026-05-03T10:57:42+00:00","og_image":[{"width":540,"height":438,"url":"https:\/\/www.editorialjuventud.es\/wp-content\/uploads\/9788426147196.jpg","type":"image\/jpeg"}],"twitter_card":"summary_large_image","twitter_misc":{"Temps estimat de lectura":"2 minuts"},"schema":{"@context":"https:\/\/schema.org","@graph":[{"@type":"WebPage","@id":"https:\/\/www.editorialjuventud.es\/la-gata-quiere-cocinar-9788426147196\/","url":"https:\/\/www.editorialjuventud.es\/la-gata-quiere-cocinar-9788426147196\/","name":"La Gata quiere cocinar - Editorial Juventud","isPartOf":{"@id":"https:\/\/www.editorialjuventud.es\/#website"},"primaryImageOfPage":{"@id":"https:\/\/www.editorialjuventud.es\/la-gata-quiere-cocinar-9788426147196\/#primaryimage"},"image":{"@id":"https:\/\/www.editorialjuventud.es\/la-gata-quiere-cocinar-9788426147196\/#primaryimage"},"thumbnailUrl":"https:\/\/www.editorialjuventud.es\/wp-content\/uploads\/9788426147196.jpg","datePublished":"2021-10-14T08:45:24+00:00","dateModified":"2026-05-03T10:57:42+00:00","description":"\u00a1En el Bosque de la Bellota siempre hay mucha actividad! La Gata quiere aprender a cocinar y la Ardilla quiere hacer un mu\u00f1eco de nieve... \u00bfEncontrar\u00e1n","breadcrumb":{"@id":"https:\/\/www.editorialjuventud.es\/la-gata-quiere-cocinar-9788426147196\/#breadcrumb"},"inLanguage":"ca","potentialAction":[{"@type":"ReadAction","target":["https:\/\/www.editorialjuventud.es\/la-gata-quiere-cocinar-9788426147196\/"]}]},{"@type":"ImageObject","inLanguage":"ca","@id":"https:\/\/www.editorialjuventud.es\/la-gata-quiere-cocinar-9788426147196\/#primaryimage","url":"https:\/\/www.editorialjuventud.es\/wp-content\/uploads\/9788426147196.jpg","contentUrl":"https:\/\/www.editorialjuventud.es\/wp-content\/uploads\/9788426147196.jpg","width":540,"height":438,"caption":"9788426147196.jpg"},{"@type":"BreadcrumbList","@id":"https:\/\/www.editorialjuventud.es\/la-gata-quiere-cocinar-9788426147196\/#breadcrumb","itemListElement":[{"@type":"ListItem","position":1,"name":"Portada","item":"https:\/\/www.editorialjuventud.es\/"},{"@type":"ListItem","position":2,"name":"cat\u00e1logo","item":"https:\/\/www.editorialjuventud.es\/coleccion\/catalogo\/"},{"@type":"ListItem","position":3,"name":"castellano","item":"https:\/\/www.editorialjuventud.es\/coleccion\/castellano\/"},{"@type":"ListItem","position":4,"name":"Mis Primeros Libros","item":"https:\/\/www.editorialjuventud.es\/coleccion\/mis-primeros-libros\/"},{"@type":"ListItem","position":5,"name":"Cuentos del Bosque de la Bellota","item":"https:\/\/www.editorialjuventud.es\/coleccion\/cuentos-del-bosque-de-la-bellota\/"},{"@type":"ListItem","position":6,"name":"La Gata quiere cocinar"}]},{"@type":"WebSite","@id":"https:\/\/www.editorialjuventud.es\/#website","url":"https:\/\/www.editorialjuventud.es\/","name":"Editorial Juventud","description":"","potentialAction":[{"@type":"SearchAction","target":{"@type":"EntryPoint","urlTemplate":"https:\/\/www.editorialjuventud.es\/?s={search_term_string}"},"query-input":{"@type":"PropertyValueSpecification","valueRequired":true,"valueName":"search_term_string"}}],"inLanguage":"ca"}]}},"_links":{"self":[{"href":"https:\/\/www.editorialjuventud.es\/ca\/wp-json\/wp\/v2\/product\/58380","targetHints":{"allow":["GET"]}}],"collection":[{"href":"https:\/\/www.editorialjuventud.es\/ca\/wp-json\/wp\/v2\/product"}],"about":[{"href":"https:\/\/www.editorialjuventud.es\/ca\/wp-json\/wp\/v2\/types\/product"}],"wp:featuredmedia":[{"embeddable":true,"href":"https:\/\/www.editorialjuventud.es\/ca\/wp-json\/wp\/v2\/media\/58381"}],"wp:attachment":[{"href":"https:\/\/www.editorialjuventud.es\/ca\/wp-json\/wp\/v2\/media?parent=58380"}],"wp:term":[{"taxonomy":"product_brand","embeddable":true,"href":"https:\/\/www.editorialjuventud.es\/ca\/wp-json\/wp\/v2\/product_brand?post=58380"},{"taxonomy":"product_cat","embeddable":true,"href":"https:\/\/www.editorialjuventud.es\/ca\/wp-json\/wp\/v2\/product_cat?post=58380"},{"taxonomy":"product_tag","embeddable":true,"href":"https:\/\/www.editorialjuventud.es\/ca\/wp-json\/wp\/v2\/product_tag?post=58380"},{"taxonomy":"coleccion","embeddable":true,"href":"https:\/\/www.editorialjuventud.es\/ca\/wp-json\/wp\/v2\/coleccion?post=58380"}],"curies":[{"name":"wp","href":"https:\/\/api.w.org\/{rel}","templated":true}]}}