{"id":5831,"date":"2018-08-24T11:32:26","date_gmt":"2018-08-24T09:32:26","guid":{"rendered":"http:\/\/www.editorialjuventud.es\/el-ratoli-de-camp-i-el-ratoli-de-ciutat\/"},"modified":"2025-01-22T13:22:52","modified_gmt":"2025-01-22T12:22:52","slug":"el-ratoli-de-camp-i-el-ratoli-de-ciutat-9788426139238","status":"publish","type":"product","link":"https:\/\/www.editorialjuventud.es\/ca\/el-ratoli-de-camp-i-el-ratoli-de-ciutat-9788426139238\/","title":{"rendered":"El Ratol\u00ed de Camp i el Ratol\u00ed de Ciutat"},"content":{"rendered":"<p>Hi havia una vegada un ratol\u00ed normal i corrent. Vivia una vida senzilla i tranquil.la, veient passar les estacions de l\u2019any. El Ratol\u00ed de Camp se sentia satisfet. Per\u00f2, un dia de primavera, va arribar un visitant&#8230;, era un cos\u00ed elegant de la ciutat amb moltes coses per explicar.<br \/>Una adaptaci\u00f3 per a joves lectors d&#8217;una faula d\u2019Hisop, el c\u00e8lebre fabulista grec. Els seus relats curts amb personatges en la seva majoria amb caracter\u00edstiques psicol\u00f2giques humanes, eren al\u00b7legories morals i duien un ensenyament o moralitat expl\u00edcita o impl\u00edcita. Amb les seves faules, que es van conservar per tradici\u00f3 oral, va aconseguir la universalitat i el seu nom perdura fins als nostres dies.<\/p>\n","protected":false},"excerpt":{"rendered":"Hi havia una vegada un ratol\u00ed normal i corrent. Vivia una vida senzilla i tranquil.la, veient passar les estacions de l\u2019any. El Ratol\u00ed de Camp se sentia satisfet. Per\u00f2, un dia de primavera, va arribar un visitant&#8230;, era un cos\u00ed [&hellip;]","protected":false},"featured_media":13031,"template":"","meta":{"_acf_changed":false,"_exactmetrics_skip_tracking":false,"_exactmetrics_sitenote_active":false,"_exactmetrics_sitenote_note":"","_exactmetrics_sitenote_category":0},"product_brand":[],"product_cat":[900,1121,1138],"product_tag":[],"coleccion":[953],"class_list":{"0":"post-5831","1":"product","2":"type-product","3":"status-publish","4":"has-post-thumbnail","6":"product_cat-a-partir-de-5-anos","7":"product_cat-albumes-ilustrados","8":"product_cat-animales","9":"coleccion-larca-dels-contes","11":"first","12":"outofstock","13":"taxable","14":"shipping-taxable","15":"purchasable","16":"product-type-simple"},"acf":{"autor":"Ward, Helen","codart":"3923","ediciones":"1","encuadernacion":"Carton\u00e9","fecha_de_publicacion":"01\/05\/2012","novedad":"0","paginas":"478","subtitulo":"","texto_web_adicional":"","texto_web_novedad":"","orden":"999","portada":"0","texto_web_resaltado":"","autores-libros":[16676],"ilustradores-libros":[16676],"traductores-libros":[58414]},"yoast_head":"<!-- This site is optimized with the Yoast SEO plugin v27.5 - https:\/\/yoast.com\/product\/yoast-seo-wordpress\/ -->\n<title>El Ratol\u00ed de Camp i el Ratol\u00ed de Ciutat - Editorial Juventud<\/title>\n<meta name=\"description\" content=\"Hi havia una vegada un ratol\u00ed normal i corrent. Vivia una vida senzilla i tranquil.la, veient passar les estacions de l\u2019any. El Ratol\u00ed de Camp se sentia\" \/>\n<meta name=\"robots\" content=\"index, follow, max-snippet:-1, max-image-preview:large, max-video-preview:-1\" \/>\n<link rel=\"canonical\" href=\"https:\/\/www.editorialjuventud.es\/el-ratoli-de-camp-i-el-ratoli-de-ciutat-9788426139238\/\" \/>\n<meta property=\"og:locale\" content=\"ca_ES\" \/>\n<meta property=\"og:type\" content=\"article\" \/>\n<meta property=\"og:title\" content=\"El Ratol\u00ed de Camp i el Ratol\u00ed de Ciutat - Editorial Juventud\" \/>\n<meta property=\"og:description\" content=\"Hi havia una vegada un ratol\u00ed normal i corrent. Vivia una vida senzilla i tranquil.la, veient passar les estacions de l\u2019any. El Ratol\u00ed de Camp se sentia\" \/>\n<meta property=\"og:url\" content=\"https:\/\/www.editorialjuventud.es\/el-ratoli-de-camp-i-el-ratoli-de-ciutat-9788426139238\/\" \/>\n<meta property=\"og:site_name\" content=\"Editorial Juventud\" \/>\n<meta property=\"article:modified_time\" content=\"2025-01-22T12:22:52+00:00\" \/>\n<meta property=\"og:image\" content=\"https:\/\/www.editorialjuventud.es\/wp-content\/uploads\/3923.jpg\" \/>\n\t<meta property=\"og:image:width\" content=\"535\" \/>\n\t<meta property=\"og:image:height\" content=\"450\" \/>\n\t<meta property=\"og:image:type\" content=\"image\/jpeg\" \/>\n<meta name=\"twitter:card\" content=\"summary_large_image\" \/>\n<meta name=\"twitter:label1\" content=\"Temps estimat de lectura\" \/>\n\t<meta name=\"twitter:data1\" content=\"1 minut\" \/>\n<script type=\"application\/ld+json\" class=\"yoast-schema-graph\">{\"@context\":\"https:\\\/\\\/schema.org\",\"@graph\":[{\"@type\":\"WebPage\",\"@id\":\"https:\\\/\\\/www.editorialjuventud.es\\\/el-ratoli-de-camp-i-el-ratoli-de-ciutat-9788426139238\\\/\",\"url\":\"https:\\\/\\\/www.editorialjuventud.es\\\/el-ratoli-de-camp-i-el-ratoli-de-ciutat-9788426139238\\\/\",\"name\":\"El Ratol\u00ed de Camp i el Ratol\u00ed de Ciutat - Editorial Juventud\",\"isPartOf\":{\"@id\":\"https:\\\/\\\/www.editorialjuventud.es\\\/#website\"},\"primaryImageOfPage\":{\"@id\":\"https:\\\/\\\/www.editorialjuventud.es\\\/el-ratoli-de-camp-i-el-ratoli-de-ciutat-9788426139238\\\/#primaryimage\"},\"image\":{\"@id\":\"https:\\\/\\\/www.editorialjuventud.es\\\/el-ratoli-de-camp-i-el-ratoli-de-ciutat-9788426139238\\\/#primaryimage\"},\"thumbnailUrl\":\"https:\\\/\\\/www.editorialjuventud.es\\\/wp-content\\\/uploads\\\/3923.jpg\",\"datePublished\":\"2018-08-24T09:32:26+00:00\",\"dateModified\":\"2025-01-22T12:22:52+00:00\",\"description\":\"Hi havia una vegada un ratol\u00ed normal i corrent. Vivia una vida senzilla i tranquil.la, veient passar les estacions de l\u2019any. El Ratol\u00ed de Camp se sentia\",\"breadcrumb\":{\"@id\":\"https:\\\/\\\/www.editorialjuventud.es\\\/el-ratoli-de-camp-i-el-ratoli-de-ciutat-9788426139238\\\/#breadcrumb\"},\"inLanguage\":\"ca\",\"potentialAction\":[{\"@type\":\"ReadAction\",\"target\":[\"https:\\\/\\\/www.editorialjuventud.es\\\/el-ratoli-de-camp-i-el-ratoli-de-ciutat-9788426139238\\\/\"]}]},{\"@type\":\"ImageObject\",\"inLanguage\":\"ca\",\"@id\":\"https:\\\/\\\/www.editorialjuventud.es\\\/el-ratoli-de-camp-i-el-ratoli-de-ciutat-9788426139238\\\/#primaryimage\",\"url\":\"https:\\\/\\\/www.editorialjuventud.es\\\/wp-content\\\/uploads\\\/3923.jpg\",\"contentUrl\":\"https:\\\/\\\/www.editorialjuventud.es\\\/wp-content\\\/uploads\\\/3923.jpg\",\"width\":535,\"height\":450,\"caption\":\"3923.jpg\"},{\"@type\":\"BreadcrumbList\",\"@id\":\"https:\\\/\\\/www.editorialjuventud.es\\\/el-ratoli-de-camp-i-el-ratoli-de-ciutat-9788426139238\\\/#breadcrumb\",\"itemListElement\":[{\"@type\":\"ListItem\",\"position\":1,\"name\":\"Portada\",\"item\":\"https:\\\/\\\/www.editorialjuventud.es\\\/\"},{\"@type\":\"ListItem\",\"position\":2,\"name\":\"cat\u00e1logo\",\"item\":\"https:\\\/\\\/www.editorialjuventud.es\\\/coleccion\\\/catalogo\\\/\"},{\"@type\":\"ListItem\",\"position\":3,\"name\":\"catal\u00e0\",\"item\":\"https:\\\/\\\/www.editorialjuventud.es\\\/coleccion\\\/catala\\\/\"},{\"@type\":\"ListItem\",\"position\":4,\"name\":\"\u00c0lbums Il\u00b7lustrats\",\"item\":\"https:\\\/\\\/www.editorialjuventud.es\\\/coleccion\\\/albums-il%c2%b7lustrats\\\/\"},{\"@type\":\"ListItem\",\"position\":5,\"name\":\"L'Arca dels Contes\",\"item\":\"https:\\\/\\\/www.editorialjuventud.es\\\/coleccion\\\/larca-dels-contes\\\/\"},{\"@type\":\"ListItem\",\"position\":6,\"name\":\"El Ratol\u00ed de Camp i el Ratol\u00ed de Ciutat\"}]},{\"@type\":\"WebSite\",\"@id\":\"https:\\\/\\\/www.editorialjuventud.es\\\/#website\",\"url\":\"https:\\\/\\\/www.editorialjuventud.es\\\/\",\"name\":\"Editorial Juventud\",\"description\":\"\",\"potentialAction\":[{\"@type\":\"SearchAction\",\"target\":{\"@type\":\"EntryPoint\",\"urlTemplate\":\"https:\\\/\\\/www.editorialjuventud.es\\\/?s={search_term_string}\"},\"query-input\":{\"@type\":\"PropertyValueSpecification\",\"valueRequired\":true,\"valueName\":\"search_term_string\"}}],\"inLanguage\":\"ca\"}]}<\/script>\n<!-- \/ Yoast SEO plugin. -->","yoast_head_json":{"title":"El Ratol\u00ed de Camp i el Ratol\u00ed de Ciutat - Editorial Juventud","description":"Hi havia una vegada un ratol\u00ed normal i corrent. Vivia una vida senzilla i tranquil.la, veient passar les estacions de l\u2019any. El Ratol\u00ed de Camp se sentia","robots":{"index":"index","follow":"follow","max-snippet":"max-snippet:-1","max-image-preview":"max-image-preview:large","max-video-preview":"max-video-preview:-1"},"canonical":"https:\/\/www.editorialjuventud.es\/el-ratoli-de-camp-i-el-ratoli-de-ciutat-9788426139238\/","og_locale":"ca_ES","og_type":"article","og_title":"El Ratol\u00ed de Camp i el Ratol\u00ed de Ciutat - Editorial Juventud","og_description":"Hi havia una vegada un ratol\u00ed normal i corrent. Vivia una vida senzilla i tranquil.la, veient passar les estacions de l\u2019any. El Ratol\u00ed de Camp se sentia","og_url":"https:\/\/www.editorialjuventud.es\/el-ratoli-de-camp-i-el-ratoli-de-ciutat-9788426139238\/","og_site_name":"Editorial Juventud","article_modified_time":"2025-01-22T12:22:52+00:00","og_image":[{"width":535,"height":450,"url":"https:\/\/www.editorialjuventud.es\/wp-content\/uploads\/3923.jpg","type":"image\/jpeg"}],"twitter_card":"summary_large_image","twitter_misc":{"Temps estimat de lectura":"1 minut"},"schema":{"@context":"https:\/\/schema.org","@graph":[{"@type":"WebPage","@id":"https:\/\/www.editorialjuventud.es\/el-ratoli-de-camp-i-el-ratoli-de-ciutat-9788426139238\/","url":"https:\/\/www.editorialjuventud.es\/el-ratoli-de-camp-i-el-ratoli-de-ciutat-9788426139238\/","name":"El Ratol\u00ed de Camp i el Ratol\u00ed de Ciutat - Editorial Juventud","isPartOf":{"@id":"https:\/\/www.editorialjuventud.es\/#website"},"primaryImageOfPage":{"@id":"https:\/\/www.editorialjuventud.es\/el-ratoli-de-camp-i-el-ratoli-de-ciutat-9788426139238\/#primaryimage"},"image":{"@id":"https:\/\/www.editorialjuventud.es\/el-ratoli-de-camp-i-el-ratoli-de-ciutat-9788426139238\/#primaryimage"},"thumbnailUrl":"https:\/\/www.editorialjuventud.es\/wp-content\/uploads\/3923.jpg","datePublished":"2018-08-24T09:32:26+00:00","dateModified":"2025-01-22T12:22:52+00:00","description":"Hi havia una vegada un ratol\u00ed normal i corrent. Vivia una vida senzilla i tranquil.la, veient passar les estacions de l\u2019any. El Ratol\u00ed de Camp se sentia","breadcrumb":{"@id":"https:\/\/www.editorialjuventud.es\/el-ratoli-de-camp-i-el-ratoli-de-ciutat-9788426139238\/#breadcrumb"},"inLanguage":"ca","potentialAction":[{"@type":"ReadAction","target":["https:\/\/www.editorialjuventud.es\/el-ratoli-de-camp-i-el-ratoli-de-ciutat-9788426139238\/"]}]},{"@type":"ImageObject","inLanguage":"ca","@id":"https:\/\/www.editorialjuventud.es\/el-ratoli-de-camp-i-el-ratoli-de-ciutat-9788426139238\/#primaryimage","url":"https:\/\/www.editorialjuventud.es\/wp-content\/uploads\/3923.jpg","contentUrl":"https:\/\/www.editorialjuventud.es\/wp-content\/uploads\/3923.jpg","width":535,"height":450,"caption":"3923.jpg"},{"@type":"BreadcrumbList","@id":"https:\/\/www.editorialjuventud.es\/el-ratoli-de-camp-i-el-ratoli-de-ciutat-9788426139238\/#breadcrumb","itemListElement":[{"@type":"ListItem","position":1,"name":"Portada","item":"https:\/\/www.editorialjuventud.es\/"},{"@type":"ListItem","position":2,"name":"cat\u00e1logo","item":"https:\/\/www.editorialjuventud.es\/coleccion\/catalogo\/"},{"@type":"ListItem","position":3,"name":"catal\u00e0","item":"https:\/\/www.editorialjuventud.es\/coleccion\/catala\/"},{"@type":"ListItem","position":4,"name":"\u00c0lbums Il\u00b7lustrats","item":"https:\/\/www.editorialjuventud.es\/coleccion\/albums-il%c2%b7lustrats\/"},{"@type":"ListItem","position":5,"name":"L'Arca dels Contes","item":"https:\/\/www.editorialjuventud.es\/coleccion\/larca-dels-contes\/"},{"@type":"ListItem","position":6,"name":"El Ratol\u00ed de Camp i el Ratol\u00ed de Ciutat"}]},{"@type":"WebSite","@id":"https:\/\/www.editorialjuventud.es\/#website","url":"https:\/\/www.editorialjuventud.es\/","name":"Editorial Juventud","description":"","potentialAction":[{"@type":"SearchAction","target":{"@type":"EntryPoint","urlTemplate":"https:\/\/www.editorialjuventud.es\/?s={search_term_string}"},"query-input":{"@type":"PropertyValueSpecification","valueRequired":true,"valueName":"search_term_string"}}],"inLanguage":"ca"}]}},"_links":{"self":[{"href":"https:\/\/www.editorialjuventud.es\/ca\/wp-json\/wp\/v2\/product\/5831","targetHints":{"allow":["GET"]}}],"collection":[{"href":"https:\/\/www.editorialjuventud.es\/ca\/wp-json\/wp\/v2\/product"}],"about":[{"href":"https:\/\/www.editorialjuventud.es\/ca\/wp-json\/wp\/v2\/types\/product"}],"wp:featuredmedia":[{"embeddable":true,"href":"https:\/\/www.editorialjuventud.es\/ca\/wp-json\/wp\/v2\/media\/13031"}],"wp:attachment":[{"href":"https:\/\/www.editorialjuventud.es\/ca\/wp-json\/wp\/v2\/media?parent=5831"}],"wp:term":[{"taxonomy":"product_brand","embeddable":true,"href":"https:\/\/www.editorialjuventud.es\/ca\/wp-json\/wp\/v2\/product_brand?post=5831"},{"taxonomy":"product_cat","embeddable":true,"href":"https:\/\/www.editorialjuventud.es\/ca\/wp-json\/wp\/v2\/product_cat?post=5831"},{"taxonomy":"product_tag","embeddable":true,"href":"https:\/\/www.editorialjuventud.es\/ca\/wp-json\/wp\/v2\/product_tag?post=5831"},{"taxonomy":"coleccion","embeddable":true,"href":"https:\/\/www.editorialjuventud.es\/ca\/wp-json\/wp\/v2\/coleccion?post=5831"}],"curies":[{"name":"wp","href":"https:\/\/api.w.org\/{rel}","templated":true}]}}