{"id":5830,"date":"2018-08-24T13:32:22","date_gmt":"2018-08-24T09:32:22","guid":{"rendered":"http:\/\/www.editorialjuventud.es\/el-raton-de-campo-y-el-raton-de-ciudad\/"},"modified":"2025-01-22T13:22:44","modified_gmt":"2025-01-22T12:22:44","slug":"el-raton-de-campo-y-el-raton-de-ciudad-9788426139221","status":"publish","type":"product","link":"https:\/\/www.editorialjuventud.es\/ca\/el-raton-de-campo-y-el-raton-de-ciudad-9788426139221\/","title":{"rendered":"El Rat\u00f3n de Campo y el Rat\u00f3n de Ciudad"},"content":{"rendered":"<p>Hab\u00eda una vez un solitario rat\u00f3n de campo que viv\u00eda una vida simple y tranquila al ritmo de las estaciones. Pero, una ma\u00f1ana de primavera, su paz se vio rota por la llegada de su primo de la ciudad, que ten\u00eda muchas cosas que contar. Una adaptaci\u00f3n para j\u00f3venes lectores de una de las c\u00e9lebres f\u00e1bulas de Esopo. Sus relatos cortos con personajes en su mayor\u00eda de la fauna, dejaban una ense\u00f1anza o moraleja expl\u00edcita o impl\u00edcita. Es decir que eran alegor\u00edas morales. Con sus relatos, que se conservaron por tradici\u00f3n oral, logr\u00f3 la universalidad y su nombre perdur\u00f3 hasta nuestros d\u00edas.<\/p>\n","protected":false},"excerpt":{"rendered":"Hab\u00eda una vez un solitario rat\u00f3n de campo que viv\u00eda una vida simple y tranquila al ritmo de las estaciones. Pero, una ma\u00f1ana de primavera, su paz se vio rota por la llegada de su primo de la ciudad, que [&hellip;]","protected":false},"featured_media":13059,"template":"","meta":{"_acf_changed":false,"_exactmetrics_skip_tracking":false,"_exactmetrics_sitenote_active":false,"_exactmetrics_sitenote_note":"","_exactmetrics_sitenote_category":0},"product_brand":[],"product_cat":[900,1121,1174,1175,1201],"product_tag":[],"coleccion":[992],"class_list":{"0":"post-5830","1":"product","2":"type-product","3":"status-publish","4":"has-post-thumbnail","6":"product_cat-a-partir-de-5-anos","7":"product_cat-albumes-ilustrados","8":"product_cat-estaciones","9":"product_cat-fabulas","10":"product_cat-naturaleza-biodiversidad","11":"coleccion-el-arca-de-los-cuentos","13":"first","14":"outofstock","15":"taxable","16":"shipping-taxable","17":"purchasable","18":"product-type-simple"},"acf":{"autor":"Ward, Helen","codart":"3922","ediciones":"2","encuadernacion":"Carton\u00e9","fecha_de_publicacion":"01\/05\/2012","novedad":"0","paginas":"48","subtitulo":"","texto_web_adicional":"","texto_web_novedad":"","orden":"999","portada":"0","texto_web_resaltado":"","autores-libros":[16676],"ilustradores-libros":[16676],"traductores-libros":[58414]},"yoast_head":"<!-- This site is optimized with the Yoast SEO plugin v27.5 - https:\/\/yoast.com\/product\/yoast-seo-wordpress\/ -->\n<title>El Rat\u00f3n de Campo y el Rat\u00f3n de Ciudad - Editorial Juventud<\/title>\n<meta name=\"description\" content=\"Hab\u00eda una vez un solitario rat\u00f3n de campo que viv\u00eda una vida simple y tranquila al ritmo de las estaciones. Pero, una ma\u00f1ana de primavera, su paz se vio\" \/>\n<meta name=\"robots\" content=\"index, follow, max-snippet:-1, max-image-preview:large, max-video-preview:-1\" \/>\n<link rel=\"canonical\" href=\"https:\/\/www.editorialjuventud.es\/el-raton-de-campo-y-el-raton-de-ciudad-9788426139221\/\" \/>\n<meta property=\"og:locale\" content=\"ca_ES\" \/>\n<meta property=\"og:type\" content=\"article\" \/>\n<meta property=\"og:title\" content=\"El Rat\u00f3n de Campo y el Rat\u00f3n de Ciudad - Editorial Juventud\" \/>\n<meta property=\"og:description\" content=\"Hab\u00eda una vez un solitario rat\u00f3n de campo que viv\u00eda una vida simple y tranquila al ritmo de las estaciones. Pero, una ma\u00f1ana de primavera, su paz se vio\" \/>\n<meta property=\"og:url\" content=\"https:\/\/www.editorialjuventud.es\/el-raton-de-campo-y-el-raton-de-ciudad-9788426139221\/\" \/>\n<meta property=\"og:site_name\" content=\"Editorial Juventud\" \/>\n<meta property=\"article:modified_time\" content=\"2025-01-22T12:22:44+00:00\" \/>\n<meta property=\"og:image\" content=\"https:\/\/www.editorialjuventud.es\/wp-content\/uploads\/3922.jpg\" \/>\n\t<meta property=\"og:image:width\" content=\"552\" \/>\n\t<meta property=\"og:image:height\" content=\"450\" \/>\n\t<meta property=\"og:image:type\" content=\"image\/jpeg\" \/>\n<meta name=\"twitter:card\" content=\"summary_large_image\" \/>\n<meta name=\"twitter:label1\" content=\"Temps estimat de lectura\" \/>\n\t<meta name=\"twitter:data1\" content=\"1 minut\" \/>\n<script type=\"application\/ld+json\" class=\"yoast-schema-graph\">{\"@context\":\"https:\\\/\\\/schema.org\",\"@graph\":[{\"@type\":\"WebPage\",\"@id\":\"https:\\\/\\\/www.editorialjuventud.es\\\/el-raton-de-campo-y-el-raton-de-ciudad-9788426139221\\\/\",\"url\":\"https:\\\/\\\/www.editorialjuventud.es\\\/el-raton-de-campo-y-el-raton-de-ciudad-9788426139221\\\/\",\"name\":\"El Rat\u00f3n de Campo y el Rat\u00f3n de Ciudad - Editorial Juventud\",\"isPartOf\":{\"@id\":\"https:\\\/\\\/www.editorialjuventud.es\\\/#website\"},\"primaryImageOfPage\":{\"@id\":\"https:\\\/\\\/www.editorialjuventud.es\\\/el-raton-de-campo-y-el-raton-de-ciudad-9788426139221\\\/#primaryimage\"},\"image\":{\"@id\":\"https:\\\/\\\/www.editorialjuventud.es\\\/el-raton-de-campo-y-el-raton-de-ciudad-9788426139221\\\/#primaryimage\"},\"thumbnailUrl\":\"https:\\\/\\\/www.editorialjuventud.es\\\/wp-content\\\/uploads\\\/3922.jpg\",\"datePublished\":\"2018-08-24T09:32:22+00:00\",\"dateModified\":\"2025-01-22T12:22:44+00:00\",\"description\":\"Hab\u00eda una vez un solitario rat\u00f3n de campo que viv\u00eda una vida simple y tranquila al ritmo de las estaciones. Pero, una ma\u00f1ana de primavera, su paz se vio\",\"breadcrumb\":{\"@id\":\"https:\\\/\\\/www.editorialjuventud.es\\\/el-raton-de-campo-y-el-raton-de-ciudad-9788426139221\\\/#breadcrumb\"},\"inLanguage\":\"ca\",\"potentialAction\":[{\"@type\":\"ReadAction\",\"target\":[\"https:\\\/\\\/www.editorialjuventud.es\\\/el-raton-de-campo-y-el-raton-de-ciudad-9788426139221\\\/\"]}]},{\"@type\":\"ImageObject\",\"inLanguage\":\"ca\",\"@id\":\"https:\\\/\\\/www.editorialjuventud.es\\\/el-raton-de-campo-y-el-raton-de-ciudad-9788426139221\\\/#primaryimage\",\"url\":\"https:\\\/\\\/www.editorialjuventud.es\\\/wp-content\\\/uploads\\\/3922.jpg\",\"contentUrl\":\"https:\\\/\\\/www.editorialjuventud.es\\\/wp-content\\\/uploads\\\/3922.jpg\",\"width\":552,\"height\":450,\"caption\":\"3922.jpg\"},{\"@type\":\"BreadcrumbList\",\"@id\":\"https:\\\/\\\/www.editorialjuventud.es\\\/el-raton-de-campo-y-el-raton-de-ciudad-9788426139221\\\/#breadcrumb\",\"itemListElement\":[{\"@type\":\"ListItem\",\"position\":1,\"name\":\"Portada\",\"item\":\"https:\\\/\\\/www.editorialjuventud.es\\\/\"},{\"@type\":\"ListItem\",\"position\":2,\"name\":\"cat\u00e1logo\",\"item\":\"https:\\\/\\\/www.editorialjuventud.es\\\/coleccion\\\/catalogo\\\/\"},{\"@type\":\"ListItem\",\"position\":3,\"name\":\"castellano\",\"item\":\"https:\\\/\\\/www.editorialjuventud.es\\\/coleccion\\\/castellano\\\/\"},{\"@type\":\"ListItem\",\"position\":4,\"name\":\"\u00c1lbumes Ilustrados\",\"item\":\"https:\\\/\\\/www.editorialjuventud.es\\\/coleccion\\\/albumes-ilustrados\\\/\"},{\"@type\":\"ListItem\",\"position\":5,\"name\":\"El Arca de los Cuentos\",\"item\":\"https:\\\/\\\/www.editorialjuventud.es\\\/coleccion\\\/el-arca-de-los-cuentos\\\/\"},{\"@type\":\"ListItem\",\"position\":6,\"name\":\"El Rat\u00f3n de Campo y el Rat\u00f3n de Ciudad\"}]},{\"@type\":\"WebSite\",\"@id\":\"https:\\\/\\\/www.editorialjuventud.es\\\/#website\",\"url\":\"https:\\\/\\\/www.editorialjuventud.es\\\/\",\"name\":\"Editorial Juventud\",\"description\":\"\",\"potentialAction\":[{\"@type\":\"SearchAction\",\"target\":{\"@type\":\"EntryPoint\",\"urlTemplate\":\"https:\\\/\\\/www.editorialjuventud.es\\\/?s={search_term_string}\"},\"query-input\":{\"@type\":\"PropertyValueSpecification\",\"valueRequired\":true,\"valueName\":\"search_term_string\"}}],\"inLanguage\":\"ca\"}]}<\/script>\n<!-- \/ Yoast SEO plugin. -->","yoast_head_json":{"title":"El Rat\u00f3n de Campo y el Rat\u00f3n de Ciudad - Editorial Juventud","description":"Hab\u00eda una vez un solitario rat\u00f3n de campo que viv\u00eda una vida simple y tranquila al ritmo de las estaciones. Pero, una ma\u00f1ana de primavera, su paz se vio","robots":{"index":"index","follow":"follow","max-snippet":"max-snippet:-1","max-image-preview":"max-image-preview:large","max-video-preview":"max-video-preview:-1"},"canonical":"https:\/\/www.editorialjuventud.es\/el-raton-de-campo-y-el-raton-de-ciudad-9788426139221\/","og_locale":"ca_ES","og_type":"article","og_title":"El Rat\u00f3n de Campo y el Rat\u00f3n de Ciudad - Editorial Juventud","og_description":"Hab\u00eda una vez un solitario rat\u00f3n de campo que viv\u00eda una vida simple y tranquila al ritmo de las estaciones. Pero, una ma\u00f1ana de primavera, su paz se vio","og_url":"https:\/\/www.editorialjuventud.es\/el-raton-de-campo-y-el-raton-de-ciudad-9788426139221\/","og_site_name":"Editorial Juventud","article_modified_time":"2025-01-22T12:22:44+00:00","og_image":[{"width":552,"height":450,"url":"https:\/\/www.editorialjuventud.es\/wp-content\/uploads\/3922.jpg","type":"image\/jpeg"}],"twitter_card":"summary_large_image","twitter_misc":{"Temps estimat de lectura":"1 minut"},"schema":{"@context":"https:\/\/schema.org","@graph":[{"@type":"WebPage","@id":"https:\/\/www.editorialjuventud.es\/el-raton-de-campo-y-el-raton-de-ciudad-9788426139221\/","url":"https:\/\/www.editorialjuventud.es\/el-raton-de-campo-y-el-raton-de-ciudad-9788426139221\/","name":"El Rat\u00f3n de Campo y el Rat\u00f3n de Ciudad - Editorial Juventud","isPartOf":{"@id":"https:\/\/www.editorialjuventud.es\/#website"},"primaryImageOfPage":{"@id":"https:\/\/www.editorialjuventud.es\/el-raton-de-campo-y-el-raton-de-ciudad-9788426139221\/#primaryimage"},"image":{"@id":"https:\/\/www.editorialjuventud.es\/el-raton-de-campo-y-el-raton-de-ciudad-9788426139221\/#primaryimage"},"thumbnailUrl":"https:\/\/www.editorialjuventud.es\/wp-content\/uploads\/3922.jpg","datePublished":"2018-08-24T09:32:22+00:00","dateModified":"2025-01-22T12:22:44+00:00","description":"Hab\u00eda una vez un solitario rat\u00f3n de campo que viv\u00eda una vida simple y tranquila al ritmo de las estaciones. Pero, una ma\u00f1ana de primavera, su paz se vio","breadcrumb":{"@id":"https:\/\/www.editorialjuventud.es\/el-raton-de-campo-y-el-raton-de-ciudad-9788426139221\/#breadcrumb"},"inLanguage":"ca","potentialAction":[{"@type":"ReadAction","target":["https:\/\/www.editorialjuventud.es\/el-raton-de-campo-y-el-raton-de-ciudad-9788426139221\/"]}]},{"@type":"ImageObject","inLanguage":"ca","@id":"https:\/\/www.editorialjuventud.es\/el-raton-de-campo-y-el-raton-de-ciudad-9788426139221\/#primaryimage","url":"https:\/\/www.editorialjuventud.es\/wp-content\/uploads\/3922.jpg","contentUrl":"https:\/\/www.editorialjuventud.es\/wp-content\/uploads\/3922.jpg","width":552,"height":450,"caption":"3922.jpg"},{"@type":"BreadcrumbList","@id":"https:\/\/www.editorialjuventud.es\/el-raton-de-campo-y-el-raton-de-ciudad-9788426139221\/#breadcrumb","itemListElement":[{"@type":"ListItem","position":1,"name":"Portada","item":"https:\/\/www.editorialjuventud.es\/"},{"@type":"ListItem","position":2,"name":"cat\u00e1logo","item":"https:\/\/www.editorialjuventud.es\/coleccion\/catalogo\/"},{"@type":"ListItem","position":3,"name":"castellano","item":"https:\/\/www.editorialjuventud.es\/coleccion\/castellano\/"},{"@type":"ListItem","position":4,"name":"\u00c1lbumes Ilustrados","item":"https:\/\/www.editorialjuventud.es\/coleccion\/albumes-ilustrados\/"},{"@type":"ListItem","position":5,"name":"El Arca de los Cuentos","item":"https:\/\/www.editorialjuventud.es\/coleccion\/el-arca-de-los-cuentos\/"},{"@type":"ListItem","position":6,"name":"El Rat\u00f3n de Campo y el Rat\u00f3n de Ciudad"}]},{"@type":"WebSite","@id":"https:\/\/www.editorialjuventud.es\/#website","url":"https:\/\/www.editorialjuventud.es\/","name":"Editorial Juventud","description":"","potentialAction":[{"@type":"SearchAction","target":{"@type":"EntryPoint","urlTemplate":"https:\/\/www.editorialjuventud.es\/?s={search_term_string}"},"query-input":{"@type":"PropertyValueSpecification","valueRequired":true,"valueName":"search_term_string"}}],"inLanguage":"ca"}]}},"_links":{"self":[{"href":"https:\/\/www.editorialjuventud.es\/ca\/wp-json\/wp\/v2\/product\/5830","targetHints":{"allow":["GET"]}}],"collection":[{"href":"https:\/\/www.editorialjuventud.es\/ca\/wp-json\/wp\/v2\/product"}],"about":[{"href":"https:\/\/www.editorialjuventud.es\/ca\/wp-json\/wp\/v2\/types\/product"}],"wp:featuredmedia":[{"embeddable":true,"href":"https:\/\/www.editorialjuventud.es\/ca\/wp-json\/wp\/v2\/media\/13059"}],"wp:attachment":[{"href":"https:\/\/www.editorialjuventud.es\/ca\/wp-json\/wp\/v2\/media?parent=5830"}],"wp:term":[{"taxonomy":"product_brand","embeddable":true,"href":"https:\/\/www.editorialjuventud.es\/ca\/wp-json\/wp\/v2\/product_brand?post=5830"},{"taxonomy":"product_cat","embeddable":true,"href":"https:\/\/www.editorialjuventud.es\/ca\/wp-json\/wp\/v2\/product_cat?post=5830"},{"taxonomy":"product_tag","embeddable":true,"href":"https:\/\/www.editorialjuventud.es\/ca\/wp-json\/wp\/v2\/product_tag?post=5830"},{"taxonomy":"coleccion","embeddable":true,"href":"https:\/\/www.editorialjuventud.es\/ca\/wp-json\/wp\/v2\/coleccion?post=5830"}],"curies":[{"name":"wp","href":"https:\/\/api.w.org\/{rel}","templated":true}]}}