{"id":5824,"date":"2018-08-24T11:31:54","date_gmt":"2018-08-24T09:31:54","guid":{"rendered":"http:\/\/www.editorialjuventud.es\/contes-per-telefon-2\/"},"modified":"2026-05-07T12:55:15","modified_gmt":"2026-05-07T10:55:15","slug":"contes-per-telefon-9788426139177","status":"publish","type":"product","link":"https:\/\/www.editorialjuventud.es\/ca\/contes-per-telefon-9788426139177\/","title":{"rendered":"Contes per tel\u00e8fon"},"content":{"rendered":"<p>Hi havia una vegada&#8230; una nena el pare de la qual era representant de comer\u00e7 i estava de viatge sis dies a la setmana. Per\u00f2 aquella nena no podia adormir-se sense que li expliquessin un conte. I cada nit, el seu pare li trucava per tel\u00e8fon i li explicava un conte. Diuen que els contes eren tan bons que fins i tot les senyoretes de la centraleta interrompien totes les telefonades per escoltar-los. I aquest \u00e9s el llibre d&#8217;aquells contes. Contes per tel\u00e8fon s&#8217;ha consolidat com una obra a temporal que segueix seduint a petits i grans generaci\u00f3 rere generaci\u00f3?<\/p>\n","protected":false},"excerpt":{"rendered":"Hi havia una vegada&#8230; una nena el pare de la qual era representant de comer\u00e7 i estava de viatge sis dies a la setmana. Per\u00f2 aquella nena no podia adormir-se sense que li expliquessin un conte. I cada nit, el [&hellip;]","protected":false},"featured_media":12159,"template":"","meta":{"_acf_changed":false,"_exactmetrics_skip_tracking":false,"_exactmetrics_sitenote_active":false,"_exactmetrics_sitenote_note":"","_exactmetrics_sitenote_category":0},"product_brand":[],"product_cat":[902,1158,1190,1119,1205,1128],"product_tag":[],"coleccion":[915],"class_list":{"0":"post-5824","1":"product","2":"type-product","3":"status-publish","4":"has-post-thumbnail","6":"product_cat-a-partir-de-7-anos","7":"product_cat-critica-social","8":"product_cat-libertad","9":"product_cat-narrativa-juvenil","10":"product_cat-padres","11":"product_cat-tematica","12":"coleccion-catala","14":"first","15":"instock","16":"taxable","17":"shipping-taxable","18":"purchasable","19":"product-type-simple"},"acf":{"autor":"Rodari, Gianni","codart":"3917","ediciones":"5","encuadernacion":"Carton\u00e9","fecha_de_publicacion":"01\/02\/2012","novedad":"0","paginas":"144","subtitulo":"","texto_web_adicional":"","texto_web_novedad":"","orden":"999","portada":"0","texto_web_resaltado":"","indice":"","autores-libros":[16585],"ilustradores-libros":[18292],"traductores-libros":[17515],"fecha_de_reimpresion":"01\/09\/2019","descripcion_corta":"","recomendamos":"","mas_vendido":"","idioma-libro":"","color":false,"formato":"","mas_informacion_del_producto":false,"premios":false,"deshabilitar_compra":[],"texto_enlace_cubierta":"","enlace_cubierta":false,"texto_enlace_ficha_tecnica":"","enlace_ficha_tecnica":false,"ficheros":false,"titulo-fr":"","texto-fr":""},"yoast_head":"<!-- This site is optimized with the Yoast SEO plugin v27.5 - https:\/\/yoast.com\/product\/yoast-seo-wordpress\/ -->\n<title>Contes per tel\u00e8fon - Editorial Juventud<\/title>\n<meta name=\"description\" content=\"Hi havia una vegada... una nena el pare de la qual era representant de comer\u00e7 i estava de viatge sis dies a la setmana. Per\u00f2 aquella nena no podia\" \/>\n<meta name=\"robots\" content=\"index, follow, max-snippet:-1, max-image-preview:large, max-video-preview:-1\" \/>\n<link rel=\"canonical\" href=\"https:\/\/www.editorialjuventud.es\/contes-per-telefon-9788426139177\/\" \/>\n<meta property=\"og:locale\" content=\"ca_ES\" \/>\n<meta property=\"og:type\" content=\"article\" \/>\n<meta property=\"og:title\" content=\"Contes per tel\u00e8fon - Editorial Juventud\" \/>\n<meta property=\"og:description\" content=\"Hi havia una vegada... una nena el pare de la qual era representant de comer\u00e7 i estava de viatge sis dies a la setmana. Per\u00f2 aquella nena no podia\" \/>\n<meta property=\"og:url\" content=\"https:\/\/www.editorialjuventud.es\/contes-per-telefon-9788426139177\/\" \/>\n<meta property=\"og:site_name\" content=\"Editorial Juventud\" \/>\n<meta property=\"article:modified_time\" content=\"2026-05-07T10:55:15+00:00\" \/>\n<meta property=\"og:image\" content=\"https:\/\/www.editorialjuventud.es\/wp-content\/uploads\/3917.jpg\" \/>\n\t<meta property=\"og:image:width\" content=\"314\" \/>\n\t<meta property=\"og:image:height\" content=\"450\" \/>\n\t<meta property=\"og:image:type\" content=\"image\/jpeg\" \/>\n<meta name=\"twitter:card\" content=\"summary_large_image\" \/>\n<meta name=\"twitter:label1\" content=\"Temps estimat de lectura\" \/>\n\t<meta name=\"twitter:data1\" content=\"1 minut\" \/>\n<script type=\"application\/ld+json\" class=\"yoast-schema-graph\">{\"@context\":\"https:\\\/\\\/schema.org\",\"@graph\":[{\"@type\":\"WebPage\",\"@id\":\"https:\\\/\\\/www.editorialjuventud.es\\\/contes-per-telefon-9788426139177\\\/\",\"url\":\"https:\\\/\\\/www.editorialjuventud.es\\\/contes-per-telefon-9788426139177\\\/\",\"name\":\"Contes per tel\u00e8fon - Editorial Juventud\",\"isPartOf\":{\"@id\":\"https:\\\/\\\/www.editorialjuventud.es\\\/#website\"},\"primaryImageOfPage\":{\"@id\":\"https:\\\/\\\/www.editorialjuventud.es\\\/contes-per-telefon-9788426139177\\\/#primaryimage\"},\"image\":{\"@id\":\"https:\\\/\\\/www.editorialjuventud.es\\\/contes-per-telefon-9788426139177\\\/#primaryimage\"},\"thumbnailUrl\":\"https:\\\/\\\/www.editorialjuventud.es\\\/wp-content\\\/uploads\\\/3917.jpg\",\"datePublished\":\"2018-08-24T09:31:54+00:00\",\"dateModified\":\"2026-05-07T10:55:15+00:00\",\"description\":\"Hi havia una vegada... una nena el pare de la qual era representant de comer\u00e7 i estava de viatge sis dies a la setmana. Per\u00f2 aquella nena no podia\",\"breadcrumb\":{\"@id\":\"https:\\\/\\\/www.editorialjuventud.es\\\/contes-per-telefon-9788426139177\\\/#breadcrumb\"},\"inLanguage\":\"ca\",\"potentialAction\":[{\"@type\":\"ReadAction\",\"target\":[\"https:\\\/\\\/www.editorialjuventud.es\\\/contes-per-telefon-9788426139177\\\/\"]}]},{\"@type\":\"ImageObject\",\"inLanguage\":\"ca\",\"@id\":\"https:\\\/\\\/www.editorialjuventud.es\\\/contes-per-telefon-9788426139177\\\/#primaryimage\",\"url\":\"https:\\\/\\\/www.editorialjuventud.es\\\/wp-content\\\/uploads\\\/3917.jpg\",\"contentUrl\":\"https:\\\/\\\/www.editorialjuventud.es\\\/wp-content\\\/uploads\\\/3917.jpg\",\"width\":314,\"height\":450,\"caption\":\"3917.jpg\"},{\"@type\":\"BreadcrumbList\",\"@id\":\"https:\\\/\\\/www.editorialjuventud.es\\\/contes-per-telefon-9788426139177\\\/#breadcrumb\",\"itemListElement\":[{\"@type\":\"ListItem\",\"position\":1,\"name\":\"Portada\",\"item\":\"https:\\\/\\\/www.editorialjuventud.es\\\/\"},{\"@type\":\"ListItem\",\"position\":2,\"name\":\"cat\u00e1logo\",\"item\":\"https:\\\/\\\/www.editorialjuventud.es\\\/coleccion\\\/catalogo\\\/\"},{\"@type\":\"ListItem\",\"position\":3,\"name\":\"catal\u00e0\",\"item\":\"https:\\\/\\\/www.editorialjuventud.es\\\/coleccion\\\/catala\\\/\"},{\"@type\":\"ListItem\",\"position\":4,\"name\":\"Contes per tel\u00e8fon\"}]},{\"@type\":\"WebSite\",\"@id\":\"https:\\\/\\\/www.editorialjuventud.es\\\/#website\",\"url\":\"https:\\\/\\\/www.editorialjuventud.es\\\/\",\"name\":\"Editorial Juventud\",\"description\":\"\",\"potentialAction\":[{\"@type\":\"SearchAction\",\"target\":{\"@type\":\"EntryPoint\",\"urlTemplate\":\"https:\\\/\\\/www.editorialjuventud.es\\\/?s={search_term_string}\"},\"query-input\":{\"@type\":\"PropertyValueSpecification\",\"valueRequired\":true,\"valueName\":\"search_term_string\"}}],\"inLanguage\":\"ca\"}]}<\/script>\n<!-- \/ Yoast SEO plugin. -->","yoast_head_json":{"title":"Contes per tel\u00e8fon - Editorial Juventud","description":"Hi havia una vegada... una nena el pare de la qual era representant de comer\u00e7 i estava de viatge sis dies a la setmana. Per\u00f2 aquella nena no podia","robots":{"index":"index","follow":"follow","max-snippet":"max-snippet:-1","max-image-preview":"max-image-preview:large","max-video-preview":"max-video-preview:-1"},"canonical":"https:\/\/www.editorialjuventud.es\/contes-per-telefon-9788426139177\/","og_locale":"ca_ES","og_type":"article","og_title":"Contes per tel\u00e8fon - Editorial Juventud","og_description":"Hi havia una vegada... una nena el pare de la qual era representant de comer\u00e7 i estava de viatge sis dies a la setmana. Per\u00f2 aquella nena no podia","og_url":"https:\/\/www.editorialjuventud.es\/contes-per-telefon-9788426139177\/","og_site_name":"Editorial Juventud","article_modified_time":"2026-05-07T10:55:15+00:00","og_image":[{"width":314,"height":450,"url":"https:\/\/www.editorialjuventud.es\/wp-content\/uploads\/3917.jpg","type":"image\/jpeg"}],"twitter_card":"summary_large_image","twitter_misc":{"Temps estimat de lectura":"1 minut"},"schema":{"@context":"https:\/\/schema.org","@graph":[{"@type":"WebPage","@id":"https:\/\/www.editorialjuventud.es\/contes-per-telefon-9788426139177\/","url":"https:\/\/www.editorialjuventud.es\/contes-per-telefon-9788426139177\/","name":"Contes per tel\u00e8fon - Editorial Juventud","isPartOf":{"@id":"https:\/\/www.editorialjuventud.es\/#website"},"primaryImageOfPage":{"@id":"https:\/\/www.editorialjuventud.es\/contes-per-telefon-9788426139177\/#primaryimage"},"image":{"@id":"https:\/\/www.editorialjuventud.es\/contes-per-telefon-9788426139177\/#primaryimage"},"thumbnailUrl":"https:\/\/www.editorialjuventud.es\/wp-content\/uploads\/3917.jpg","datePublished":"2018-08-24T09:31:54+00:00","dateModified":"2026-05-07T10:55:15+00:00","description":"Hi havia una vegada... una nena el pare de la qual era representant de comer\u00e7 i estava de viatge sis dies a la setmana. Per\u00f2 aquella nena no podia","breadcrumb":{"@id":"https:\/\/www.editorialjuventud.es\/contes-per-telefon-9788426139177\/#breadcrumb"},"inLanguage":"ca","potentialAction":[{"@type":"ReadAction","target":["https:\/\/www.editorialjuventud.es\/contes-per-telefon-9788426139177\/"]}]},{"@type":"ImageObject","inLanguage":"ca","@id":"https:\/\/www.editorialjuventud.es\/contes-per-telefon-9788426139177\/#primaryimage","url":"https:\/\/www.editorialjuventud.es\/wp-content\/uploads\/3917.jpg","contentUrl":"https:\/\/www.editorialjuventud.es\/wp-content\/uploads\/3917.jpg","width":314,"height":450,"caption":"3917.jpg"},{"@type":"BreadcrumbList","@id":"https:\/\/www.editorialjuventud.es\/contes-per-telefon-9788426139177\/#breadcrumb","itemListElement":[{"@type":"ListItem","position":1,"name":"Portada","item":"https:\/\/www.editorialjuventud.es\/"},{"@type":"ListItem","position":2,"name":"cat\u00e1logo","item":"https:\/\/www.editorialjuventud.es\/coleccion\/catalogo\/"},{"@type":"ListItem","position":3,"name":"catal\u00e0","item":"https:\/\/www.editorialjuventud.es\/coleccion\/catala\/"},{"@type":"ListItem","position":4,"name":"Contes per tel\u00e8fon"}]},{"@type":"WebSite","@id":"https:\/\/www.editorialjuventud.es\/#website","url":"https:\/\/www.editorialjuventud.es\/","name":"Editorial Juventud","description":"","potentialAction":[{"@type":"SearchAction","target":{"@type":"EntryPoint","urlTemplate":"https:\/\/www.editorialjuventud.es\/?s={search_term_string}"},"query-input":{"@type":"PropertyValueSpecification","valueRequired":true,"valueName":"search_term_string"}}],"inLanguage":"ca"}]}},"_links":{"self":[{"href":"https:\/\/www.editorialjuventud.es\/ca\/wp-json\/wp\/v2\/product\/5824","targetHints":{"allow":["GET"]}}],"collection":[{"href":"https:\/\/www.editorialjuventud.es\/ca\/wp-json\/wp\/v2\/product"}],"about":[{"href":"https:\/\/www.editorialjuventud.es\/ca\/wp-json\/wp\/v2\/types\/product"}],"wp:featuredmedia":[{"embeddable":true,"href":"https:\/\/www.editorialjuventud.es\/ca\/wp-json\/wp\/v2\/media\/12159"}],"wp:attachment":[{"href":"https:\/\/www.editorialjuventud.es\/ca\/wp-json\/wp\/v2\/media?parent=5824"}],"wp:term":[{"taxonomy":"product_brand","embeddable":true,"href":"https:\/\/www.editorialjuventud.es\/ca\/wp-json\/wp\/v2\/product_brand?post=5824"},{"taxonomy":"product_cat","embeddable":true,"href":"https:\/\/www.editorialjuventud.es\/ca\/wp-json\/wp\/v2\/product_cat?post=5824"},{"taxonomy":"product_tag","embeddable":true,"href":"https:\/\/www.editorialjuventud.es\/ca\/wp-json\/wp\/v2\/product_tag?post=5824"},{"taxonomy":"coleccion","embeddable":true,"href":"https:\/\/www.editorialjuventud.es\/ca\/wp-json\/wp\/v2\/coleccion?post=5824"}],"curies":[{"name":"wp","href":"https:\/\/api.w.org\/{rel}","templated":true}]}}