{"id":5822,"date":"2018-08-24T11:31:44","date_gmt":"2018-08-24T09:31:44","guid":{"rendered":"http:\/\/www.editorialjuventud.es\/tintin-al-pais-dels-soviets\/"},"modified":"2025-09-08T12:55:07","modified_gmt":"2025-09-08T10:55:07","slug":"tintin-al-pais-dels-soviets-9788426139153","status":"publish","type":"product","link":"https:\/\/www.editorialjuventud.es\/ca\/tintin-al-pais-dels-soviets-9788426139153\/","title":{"rendered":"Tint\u00edn al pa\u00eds dels soviets"},"content":{"rendered":"<p>La publicaci\u00f3 de Les Aventures de Tint\u00edn, reporter del &#8216;Petit Vingti\u00e8me&#8217;, al pa\u00eds dels soviets, es va iniciar el 10 de gener del 1929 al suplement per a nens del diari belga Le Vingti\u00e8me Si\u00e8cle.<br \/>En aquest llibre, que es va anar creant a mida que es publicava en forma de p\u00e0gines soltes en el diari i sense m\u00e9s intenci\u00f3 que la d&#8217;interessar i entretenir al lector, Herg\u00e9 mostra el que en el futur ser\u00e0 la seva manera de fer, tant pel que fa als dibuixos com als guions i gags, que anir\u00e0 perfeccionant a les seg\u00fcents aventures.<\/p>\n","protected":false},"excerpt":{"rendered":"La publicaci\u00f3 de Les Aventures de Tint\u00edn, reporter del &#8216;Petit Vingti\u00e8me&#8217;, al pa\u00eds dels soviets, es va iniciar el 10 de gener del 1929 al suplement per a nens del diari belga Le Vingti\u00e8me Si\u00e8cle.En aquest llibre, que es va [&hellip;]","protected":false},"featured_media":11671,"template":"","meta":{"_acf_changed":false,"_exactmetrics_skip_tracking":false,"_exactmetrics_sitenote_active":false,"_exactmetrics_sitenote_note":"","_exactmetrics_sitenote_category":0},"product_brand":[],"product_cat":[902,1142,1127,892,1128],"product_tag":[],"coleccion":[1087],"class_list":{"0":"post-5822","1":"product","2":"type-product","3":"status-publish","4":"has-post-thumbnail","6":"product_cat-a-partir-de-7-anos","7":"product_cat-aventura","8":"product_cat-comic","9":"product_cat-edades","10":"product_cat-tematica","11":"coleccion-les-aventures-de-tintin-llibres-de-tintin","13":"first","14":"instock","15":"taxable","16":"shipping-taxable","17":"purchasable","18":"product-type-simple"},"acf":{"autor":"HERGE - VARIOS","codart":"3915","ediciones":"4","encuadernacion":"Carton\u00e9","fecha_de_publicacion":"01\/02\/2012","novedad":"0","paginas":"144","subtitulo":"","texto_web_adicional":"","texto_web_novedad":"","orden":"999","portada":"0","texto_web_resaltado":"","autores-libros":[16407],"ilustradores-libros":[16407],"traductores-libros":[18322]},"yoast_head":"<!-- This site is optimized with the Yoast SEO plugin v27.5 - https:\/\/yoast.com\/product\/yoast-seo-wordpress\/ -->\n<title>Tint\u00edn al pa\u00eds dels soviets - Editorial Juventud<\/title>\n<meta name=\"description\" content=\"La publicaci\u00f3 de Les Aventures de Tint\u00edn, reporter del &#039;Petit Vingti\u00e8me&#039;, al pa\u00eds dels soviets, es va iniciar el 10 de gener del 1929 al suplement per a\" \/>\n<meta name=\"robots\" content=\"index, follow, max-snippet:-1, max-image-preview:large, max-video-preview:-1\" \/>\n<link rel=\"canonical\" href=\"https:\/\/www.editorialjuventud.es\/tintin-al-pais-dels-soviets-9788426139153\/\" \/>\n<meta property=\"og:locale\" content=\"ca_ES\" \/>\n<meta property=\"og:type\" content=\"article\" \/>\n<meta property=\"og:title\" content=\"Tint\u00edn al pa\u00eds dels soviets - Editorial Juventud\" \/>\n<meta property=\"og:description\" content=\"La publicaci\u00f3 de Les Aventures de Tint\u00edn, reporter del &#039;Petit Vingti\u00e8me&#039;, al pa\u00eds dels soviets, es va iniciar el 10 de gener del 1929 al suplement per a\" \/>\n<meta property=\"og:url\" content=\"https:\/\/www.editorialjuventud.es\/tintin-al-pais-dels-soviets-9788426139153\/\" \/>\n<meta property=\"og:site_name\" content=\"Editorial Juventud\" \/>\n<meta property=\"article:modified_time\" content=\"2025-09-08T10:55:07+00:00\" \/>\n<meta property=\"og:image\" content=\"https:\/\/www.editorialjuventud.es\/wp-content\/uploads\/3915-1.gif\" \/>\n\t<meta property=\"og:image:width\" content=\"332\" \/>\n\t<meta property=\"og:image:height\" content=\"450\" \/>\n\t<meta property=\"og:image:type\" content=\"image\/gif\" \/>\n<meta name=\"twitter:card\" content=\"summary_large_image\" \/>\n<meta name=\"twitter:label1\" content=\"Temps estimat de lectura\" \/>\n\t<meta name=\"twitter:data1\" content=\"1 minut\" \/>\n<script type=\"application\/ld+json\" class=\"yoast-schema-graph\">{\"@context\":\"https:\\\/\\\/schema.org\",\"@graph\":[{\"@type\":\"WebPage\",\"@id\":\"https:\\\/\\\/www.editorialjuventud.es\\\/tintin-al-pais-dels-soviets-9788426139153\\\/\",\"url\":\"https:\\\/\\\/www.editorialjuventud.es\\\/tintin-al-pais-dels-soviets-9788426139153\\\/\",\"name\":\"Tint\u00edn al pa\u00eds dels soviets - Editorial Juventud\",\"isPartOf\":{\"@id\":\"https:\\\/\\\/www.editorialjuventud.es\\\/#website\"},\"primaryImageOfPage\":{\"@id\":\"https:\\\/\\\/www.editorialjuventud.es\\\/tintin-al-pais-dels-soviets-9788426139153\\\/#primaryimage\"},\"image\":{\"@id\":\"https:\\\/\\\/www.editorialjuventud.es\\\/tintin-al-pais-dels-soviets-9788426139153\\\/#primaryimage\"},\"thumbnailUrl\":\"https:\\\/\\\/www.editorialjuventud.es\\\/wp-content\\\/uploads\\\/3915-1.gif\",\"datePublished\":\"2018-08-24T09:31:44+00:00\",\"dateModified\":\"2025-09-08T10:55:07+00:00\",\"description\":\"La publicaci\u00f3 de Les Aventures de Tint\u00edn, reporter del 'Petit Vingti\u00e8me', al pa\u00eds dels soviets, es va iniciar el 10 de gener del 1929 al suplement per a\",\"breadcrumb\":{\"@id\":\"https:\\\/\\\/www.editorialjuventud.es\\\/tintin-al-pais-dels-soviets-9788426139153\\\/#breadcrumb\"},\"inLanguage\":\"ca\",\"potentialAction\":[{\"@type\":\"ReadAction\",\"target\":[\"https:\\\/\\\/www.editorialjuventud.es\\\/tintin-al-pais-dels-soviets-9788426139153\\\/\"]}]},{\"@type\":\"ImageObject\",\"inLanguage\":\"ca\",\"@id\":\"https:\\\/\\\/www.editorialjuventud.es\\\/tintin-al-pais-dels-soviets-9788426139153\\\/#primaryimage\",\"url\":\"https:\\\/\\\/www.editorialjuventud.es\\\/wp-content\\\/uploads\\\/3915-1.gif\",\"contentUrl\":\"https:\\\/\\\/www.editorialjuventud.es\\\/wp-content\\\/uploads\\\/3915-1.gif\",\"width\":332,\"height\":450},{\"@type\":\"BreadcrumbList\",\"@id\":\"https:\\\/\\\/www.editorialjuventud.es\\\/tintin-al-pais-dels-soviets-9788426139153\\\/#breadcrumb\",\"itemListElement\":[{\"@type\":\"ListItem\",\"position\":1,\"name\":\"Portada\",\"item\":\"https:\\\/\\\/www.editorialjuventud.es\\\/\"},{\"@type\":\"ListItem\",\"position\":2,\"name\":\"cat\u00e1logo\",\"item\":\"https:\\\/\\\/www.editorialjuventud.es\\\/coleccion\\\/catalogo\\\/\"},{\"@type\":\"ListItem\",\"position\":3,\"name\":\"catal\u00e0\",\"item\":\"https:\\\/\\\/www.editorialjuventud.es\\\/coleccion\\\/catala\\\/\"},{\"@type\":\"ListItem\",\"position\":4,\"name\":\"Llibres de Tint\u00edn\",\"item\":\"https:\\\/\\\/www.editorialjuventud.es\\\/ca\\\/coleccion\\\/llibres-de-tintin\\\/\"},{\"@type\":\"ListItem\",\"position\":5,\"name\":\"Les Aventures de Tint\u00edn\",\"item\":\"https:\\\/\\\/www.editorialjuventud.es\\\/ca\\\/coleccion\\\/les-aventures-de-tintin-llibres-de-tintin\\\/\"},{\"@type\":\"ListItem\",\"position\":6,\"name\":\"Tint\u00edn al pa\u00eds dels soviets\"}]},{\"@type\":\"WebSite\",\"@id\":\"https:\\\/\\\/www.editorialjuventud.es\\\/#website\",\"url\":\"https:\\\/\\\/www.editorialjuventud.es\\\/\",\"name\":\"Editorial Juventud\",\"description\":\"\",\"potentialAction\":[{\"@type\":\"SearchAction\",\"target\":{\"@type\":\"EntryPoint\",\"urlTemplate\":\"https:\\\/\\\/www.editorialjuventud.es\\\/?s={search_term_string}\"},\"query-input\":{\"@type\":\"PropertyValueSpecification\",\"valueRequired\":true,\"valueName\":\"search_term_string\"}}],\"inLanguage\":\"ca\"}]}<\/script>\n<!-- \/ Yoast SEO plugin. -->","yoast_head_json":{"title":"Tint\u00edn al pa\u00eds dels soviets - Editorial Juventud","description":"La publicaci\u00f3 de Les Aventures de Tint\u00edn, reporter del 'Petit Vingti\u00e8me', al pa\u00eds dels soviets, es va iniciar el 10 de gener del 1929 al suplement per a","robots":{"index":"index","follow":"follow","max-snippet":"max-snippet:-1","max-image-preview":"max-image-preview:large","max-video-preview":"max-video-preview:-1"},"canonical":"https:\/\/www.editorialjuventud.es\/tintin-al-pais-dels-soviets-9788426139153\/","og_locale":"ca_ES","og_type":"article","og_title":"Tint\u00edn al pa\u00eds dels soviets - Editorial Juventud","og_description":"La publicaci\u00f3 de Les Aventures de Tint\u00edn, reporter del 'Petit Vingti\u00e8me', al pa\u00eds dels soviets, es va iniciar el 10 de gener del 1929 al suplement per a","og_url":"https:\/\/www.editorialjuventud.es\/tintin-al-pais-dels-soviets-9788426139153\/","og_site_name":"Editorial Juventud","article_modified_time":"2025-09-08T10:55:07+00:00","og_image":[{"width":332,"height":450,"url":"https:\/\/www.editorialjuventud.es\/wp-content\/uploads\/3915-1.gif","type":"image\/gif"}],"twitter_card":"summary_large_image","twitter_misc":{"Temps estimat de lectura":"1 minut"},"schema":{"@context":"https:\/\/schema.org","@graph":[{"@type":"WebPage","@id":"https:\/\/www.editorialjuventud.es\/tintin-al-pais-dels-soviets-9788426139153\/","url":"https:\/\/www.editorialjuventud.es\/tintin-al-pais-dels-soviets-9788426139153\/","name":"Tint\u00edn al pa\u00eds dels soviets - Editorial Juventud","isPartOf":{"@id":"https:\/\/www.editorialjuventud.es\/#website"},"primaryImageOfPage":{"@id":"https:\/\/www.editorialjuventud.es\/tintin-al-pais-dels-soviets-9788426139153\/#primaryimage"},"image":{"@id":"https:\/\/www.editorialjuventud.es\/tintin-al-pais-dels-soviets-9788426139153\/#primaryimage"},"thumbnailUrl":"https:\/\/www.editorialjuventud.es\/wp-content\/uploads\/3915-1.gif","datePublished":"2018-08-24T09:31:44+00:00","dateModified":"2025-09-08T10:55:07+00:00","description":"La publicaci\u00f3 de Les Aventures de Tint\u00edn, reporter del 'Petit Vingti\u00e8me', al pa\u00eds dels soviets, es va iniciar el 10 de gener del 1929 al suplement per a","breadcrumb":{"@id":"https:\/\/www.editorialjuventud.es\/tintin-al-pais-dels-soviets-9788426139153\/#breadcrumb"},"inLanguage":"ca","potentialAction":[{"@type":"ReadAction","target":["https:\/\/www.editorialjuventud.es\/tintin-al-pais-dels-soviets-9788426139153\/"]}]},{"@type":"ImageObject","inLanguage":"ca","@id":"https:\/\/www.editorialjuventud.es\/tintin-al-pais-dels-soviets-9788426139153\/#primaryimage","url":"https:\/\/www.editorialjuventud.es\/wp-content\/uploads\/3915-1.gif","contentUrl":"https:\/\/www.editorialjuventud.es\/wp-content\/uploads\/3915-1.gif","width":332,"height":450},{"@type":"BreadcrumbList","@id":"https:\/\/www.editorialjuventud.es\/tintin-al-pais-dels-soviets-9788426139153\/#breadcrumb","itemListElement":[{"@type":"ListItem","position":1,"name":"Portada","item":"https:\/\/www.editorialjuventud.es\/"},{"@type":"ListItem","position":2,"name":"cat\u00e1logo","item":"https:\/\/www.editorialjuventud.es\/coleccion\/catalogo\/"},{"@type":"ListItem","position":3,"name":"catal\u00e0","item":"https:\/\/www.editorialjuventud.es\/coleccion\/catala\/"},{"@type":"ListItem","position":4,"name":"Llibres de Tint\u00edn","item":"https:\/\/www.editorialjuventud.es\/ca\/coleccion\/llibres-de-tintin\/"},{"@type":"ListItem","position":5,"name":"Les Aventures de Tint\u00edn","item":"https:\/\/www.editorialjuventud.es\/ca\/coleccion\/les-aventures-de-tintin-llibres-de-tintin\/"},{"@type":"ListItem","position":6,"name":"Tint\u00edn al pa\u00eds dels soviets"}]},{"@type":"WebSite","@id":"https:\/\/www.editorialjuventud.es\/#website","url":"https:\/\/www.editorialjuventud.es\/","name":"Editorial Juventud","description":"","potentialAction":[{"@type":"SearchAction","target":{"@type":"EntryPoint","urlTemplate":"https:\/\/www.editorialjuventud.es\/?s={search_term_string}"},"query-input":{"@type":"PropertyValueSpecification","valueRequired":true,"valueName":"search_term_string"}}],"inLanguage":"ca"}]}},"_links":{"self":[{"href":"https:\/\/www.editorialjuventud.es\/ca\/wp-json\/wp\/v2\/product\/5822","targetHints":{"allow":["GET"]}}],"collection":[{"href":"https:\/\/www.editorialjuventud.es\/ca\/wp-json\/wp\/v2\/product"}],"about":[{"href":"https:\/\/www.editorialjuventud.es\/ca\/wp-json\/wp\/v2\/types\/product"}],"wp:featuredmedia":[{"embeddable":true,"href":"https:\/\/www.editorialjuventud.es\/ca\/wp-json\/wp\/v2\/media\/11671"}],"wp:attachment":[{"href":"https:\/\/www.editorialjuventud.es\/ca\/wp-json\/wp\/v2\/media?parent=5822"}],"wp:term":[{"taxonomy":"product_brand","embeddable":true,"href":"https:\/\/www.editorialjuventud.es\/ca\/wp-json\/wp\/v2\/product_brand?post=5822"},{"taxonomy":"product_cat","embeddable":true,"href":"https:\/\/www.editorialjuventud.es\/ca\/wp-json\/wp\/v2\/product_cat?post=5822"},{"taxonomy":"product_tag","embeddable":true,"href":"https:\/\/www.editorialjuventud.es\/ca\/wp-json\/wp\/v2\/product_tag?post=5822"},{"taxonomy":"coleccion","embeddable":true,"href":"https:\/\/www.editorialjuventud.es\/ca\/wp-json\/wp\/v2\/coleccion?post=5822"}],"curies":[{"name":"wp","href":"https:\/\/api.w.org\/{rel}","templated":true}]}}