{"id":5820,"date":"2018-08-24T11:31:36","date_gmt":"2018-08-24T09:31:36","guid":{"rendered":"http:\/\/www.editorialjuventud.es\/tintin-en-el-pais-de-los-soviets\/"},"modified":"2025-07-22T14:42:47","modified_gmt":"2025-07-22T12:42:47","slug":"tintin-en-el-pais-de-los-soviets-9788426139139","status":"publish","type":"product","link":"https:\/\/www.editorialjuventud.es\/ca\/tintin-en-el-pais-de-los-soviets-9788426139139\/","title":{"rendered":"Tint\u00edn en el pa\u00eds de los Soviets"},"content":{"rendered":"<p>La publicaci\u00f3n de Las Aventuras de Tint\u00edn, reportero del &#8216;Petit Vingti\u00e8me&#8217; en el pa\u00eds de los soviets, se inici\u00f3 el 10 de enero de 1929 en el suplemento para ni\u00f1os del diario belga &#8216;Le Vingti\u00e8me Si\u00e8cle&#8217;.  Esta edici\u00f3n, en blanco y negro, es igual a la edici\u00f3n original.   En este libro, que fue cre\u00e1ndose a medida de que se publicaban en forma de p\u00e1ginas sueltas en el peri\u00f3dico y sin otra intenci\u00f3n que interesar y divertir al lector, Herg\u00e9 muestra lo que en el futuro va a ser su manera de hacer tanto en dibujos como en guiones y gags, que se hallar\u00e1n perfeccionados en las siguientes aventuras.<\/p>\n","protected":false},"excerpt":{"rendered":"La publicaci\u00f3n de Las Aventuras de Tint\u00edn, reportero del &#8216;Petit Vingti\u00e8me&#8217; en el pa\u00eds de los soviets, se inici\u00f3 el 10 de enero de 1929 en el suplemento para ni\u00f1os del diario belga &#8216;Le Vingti\u00e8me Si\u00e8cle&#8217;. Esta edici\u00f3n, en blanco [&hellip;]","protected":false},"featured_media":79412,"template":"","meta":{"_acf_changed":false,"_exactmetrics_skip_tracking":false,"_exactmetrics_sitenote_active":false,"_exactmetrics_sitenote_note":"","_exactmetrics_sitenote_category":0},"product_brand":[],"product_cat":[902,1142,1127,892],"product_tag":[],"coleccion":[1008],"class_list":{"0":"post-5820","1":"product","2":"type-product","3":"status-publish","4":"has-post-thumbnail","6":"product_cat-a-partir-de-7-anos","7":"product_cat-aventura","8":"product_cat-comic","9":"product_cat-edades","10":"coleccion-las-aventuras-de-tintin","12":"first","13":"instock","14":"taxable","15":"shipping-taxable","16":"purchasable","17":"product-type-simple"},"acf":{"autor":"HERGE - VARIOS","codart":"3913","ediciones":"6","encuadernacion":"Carton\u00e9","fecha_de_publicacion":"01\/05\/2012","novedad":"0","paginas":"144","subtitulo":"","texto_web_adicional":"","texto_web_novedad":"","orden":"999","portada":"0","texto_web_resaltado":"","indice":"","autores-libros":[16407],"ilustradores-libros":[16407],"traductores-libros":[18388],"descripcion_corta":"","recomendamos":"","mas_vendido":"","idioma-libro":"","color":false,"formato":"","mas_informacion_del_producto":false,"premios":false,"texto_enlace_cubierta":"","enlace_cubierta":false,"texto_enlace_ficha_tecnica":"","enlace_ficha_tecnica":false,"ficheros":false,"titulo-fr":"","texto-fr":"","fecha_de_reimpresion":"01\/05\/2023","deshabilitar_compra":[]},"yoast_head":"<!-- This site is optimized with the Yoast SEO plugin v27.5 - https:\/\/yoast.com\/product\/yoast-seo-wordpress\/ -->\n<title>Tint\u00edn en el pa\u00eds de los Soviets - Editorial Juventud<\/title>\n<meta name=\"description\" content=\"La publicaci\u00f3n de Las Aventuras de Tint\u00edn, reportero del &#039;Petit Vingti\u00e8me&#039; en el pa\u00eds de los soviets, se inici\u00f3 el 10 de enero de 1929 en el suplemento\" \/>\n<meta name=\"robots\" content=\"index, follow, max-snippet:-1, max-image-preview:large, max-video-preview:-1\" \/>\n<link rel=\"canonical\" href=\"https:\/\/www.editorialjuventud.es\/tintin-en-el-pais-de-los-soviets-9788426139139\/\" \/>\n<meta property=\"og:locale\" content=\"ca_ES\" \/>\n<meta property=\"og:type\" content=\"article\" \/>\n<meta property=\"og:title\" content=\"Tint\u00edn en el pa\u00eds de los Soviets - Editorial Juventud\" \/>\n<meta property=\"og:description\" content=\"La publicaci\u00f3n de Las Aventuras de Tint\u00edn, reportero del &#039;Petit Vingti\u00e8me&#039; en el pa\u00eds de los soviets, se inici\u00f3 el 10 de enero de 1929 en el suplemento\" \/>\n<meta property=\"og:url\" content=\"https:\/\/www.editorialjuventud.es\/tintin-en-el-pais-de-los-soviets-9788426139139\/\" \/>\n<meta property=\"og:site_name\" content=\"Editorial Juventud\" \/>\n<meta property=\"article:modified_time\" content=\"2025-07-22T12:42:47+00:00\" \/>\n<meta property=\"og:image\" content=\"https:\/\/www.editorialjuventud.es\/wp-content\/uploads\/978842614597011.jpg\" \/>\n\t<meta property=\"og:image:width\" content=\"879\" \/>\n\t<meta property=\"og:image:height\" content=\"1200\" \/>\n\t<meta property=\"og:image:type\" content=\"image\/jpeg\" \/>\n<meta name=\"twitter:card\" content=\"summary_large_image\" \/>\n<meta name=\"twitter:label1\" content=\"Temps estimat de lectura\" \/>\n\t<meta name=\"twitter:data1\" content=\"1 minut\" \/>\n<script type=\"application\/ld+json\" class=\"yoast-schema-graph\">{\"@context\":\"https:\\\/\\\/schema.org\",\"@graph\":[{\"@type\":\"WebPage\",\"@id\":\"https:\\\/\\\/www.editorialjuventud.es\\\/tintin-en-el-pais-de-los-soviets-9788426139139\\\/\",\"url\":\"https:\\\/\\\/www.editorialjuventud.es\\\/tintin-en-el-pais-de-los-soviets-9788426139139\\\/\",\"name\":\"Tint\u00edn en el pa\u00eds de los Soviets - Editorial Juventud\",\"isPartOf\":{\"@id\":\"https:\\\/\\\/www.editorialjuventud.es\\\/#website\"},\"primaryImageOfPage\":{\"@id\":\"https:\\\/\\\/www.editorialjuventud.es\\\/tintin-en-el-pais-de-los-soviets-9788426139139\\\/#primaryimage\"},\"image\":{\"@id\":\"https:\\\/\\\/www.editorialjuventud.es\\\/tintin-en-el-pais-de-los-soviets-9788426139139\\\/#primaryimage\"},\"thumbnailUrl\":\"https:\\\/\\\/www.editorialjuventud.es\\\/wp-content\\\/uploads\\\/978842614597011.jpg\",\"datePublished\":\"2018-08-24T09:31:36+00:00\",\"dateModified\":\"2025-07-22T12:42:47+00:00\",\"description\":\"La publicaci\u00f3n de Las Aventuras de Tint\u00edn, reportero del 'Petit Vingti\u00e8me' en el pa\u00eds de los soviets, se inici\u00f3 el 10 de enero de 1929 en el suplemento\",\"breadcrumb\":{\"@id\":\"https:\\\/\\\/www.editorialjuventud.es\\\/tintin-en-el-pais-de-los-soviets-9788426139139\\\/#breadcrumb\"},\"inLanguage\":\"ca\",\"potentialAction\":[{\"@type\":\"ReadAction\",\"target\":[\"https:\\\/\\\/www.editorialjuventud.es\\\/tintin-en-el-pais-de-los-soviets-9788426139139\\\/\"]}]},{\"@type\":\"ImageObject\",\"inLanguage\":\"ca\",\"@id\":\"https:\\\/\\\/www.editorialjuventud.es\\\/tintin-en-el-pais-de-los-soviets-9788426139139\\\/#primaryimage\",\"url\":\"https:\\\/\\\/www.editorialjuventud.es\\\/wp-content\\\/uploads\\\/978842614597011.jpg\",\"contentUrl\":\"https:\\\/\\\/www.editorialjuventud.es\\\/wp-content\\\/uploads\\\/978842614597011.jpg\",\"width\":879,\"height\":1200},{\"@type\":\"BreadcrumbList\",\"@id\":\"https:\\\/\\\/www.editorialjuventud.es\\\/tintin-en-el-pais-de-los-soviets-9788426139139\\\/#breadcrumb\",\"itemListElement\":[{\"@type\":\"ListItem\",\"position\":1,\"name\":\"Portada\",\"item\":\"https:\\\/\\\/www.editorialjuventud.es\\\/\"},{\"@type\":\"ListItem\",\"position\":2,\"name\":\"cat\u00e1logo\",\"item\":\"https:\\\/\\\/www.editorialjuventud.es\\\/coleccion\\\/catalogo\\\/\"},{\"@type\":\"ListItem\",\"position\":3,\"name\":\"castellano\",\"item\":\"https:\\\/\\\/www.editorialjuventud.es\\\/coleccion\\\/castellano\\\/\"},{\"@type\":\"ListItem\",\"position\":4,\"name\":\"Libros de Tint\u00edn\",\"item\":\"https:\\\/\\\/www.editorialjuventud.es\\\/coleccion\\\/libros-de-tintin\\\/\"},{\"@type\":\"ListItem\",\"position\":5,\"name\":\"Las Aventuras de Tint\u00edn\",\"item\":\"https:\\\/\\\/www.editorialjuventud.es\\\/coleccion\\\/las-aventuras-de-tintin\\\/\"},{\"@type\":\"ListItem\",\"position\":6,\"name\":\"Tint\u00edn en el pa\u00eds de los Soviets\"}]},{\"@type\":\"WebSite\",\"@id\":\"https:\\\/\\\/www.editorialjuventud.es\\\/#website\",\"url\":\"https:\\\/\\\/www.editorialjuventud.es\\\/\",\"name\":\"Editorial Juventud\",\"description\":\"\",\"potentialAction\":[{\"@type\":\"SearchAction\",\"target\":{\"@type\":\"EntryPoint\",\"urlTemplate\":\"https:\\\/\\\/www.editorialjuventud.es\\\/?s={search_term_string}\"},\"query-input\":{\"@type\":\"PropertyValueSpecification\",\"valueRequired\":true,\"valueName\":\"search_term_string\"}}],\"inLanguage\":\"ca\"}]}<\/script>\n<!-- \/ Yoast SEO plugin. -->","yoast_head_json":{"title":"Tint\u00edn en el pa\u00eds de los Soviets - Editorial Juventud","description":"La publicaci\u00f3n de Las Aventuras de Tint\u00edn, reportero del 'Petit Vingti\u00e8me' en el pa\u00eds de los soviets, se inici\u00f3 el 10 de enero de 1929 en el suplemento","robots":{"index":"index","follow":"follow","max-snippet":"max-snippet:-1","max-image-preview":"max-image-preview:large","max-video-preview":"max-video-preview:-1"},"canonical":"https:\/\/www.editorialjuventud.es\/tintin-en-el-pais-de-los-soviets-9788426139139\/","og_locale":"ca_ES","og_type":"article","og_title":"Tint\u00edn en el pa\u00eds de los Soviets - Editorial Juventud","og_description":"La publicaci\u00f3n de Las Aventuras de Tint\u00edn, reportero del 'Petit Vingti\u00e8me' en el pa\u00eds de los soviets, se inici\u00f3 el 10 de enero de 1929 en el suplemento","og_url":"https:\/\/www.editorialjuventud.es\/tintin-en-el-pais-de-los-soviets-9788426139139\/","og_site_name":"Editorial Juventud","article_modified_time":"2025-07-22T12:42:47+00:00","og_image":[{"width":879,"height":1200,"url":"https:\/\/www.editorialjuventud.es\/wp-content\/uploads\/978842614597011.jpg","type":"image\/jpeg"}],"twitter_card":"summary_large_image","twitter_misc":{"Temps estimat de lectura":"1 minut"},"schema":{"@context":"https:\/\/schema.org","@graph":[{"@type":"WebPage","@id":"https:\/\/www.editorialjuventud.es\/tintin-en-el-pais-de-los-soviets-9788426139139\/","url":"https:\/\/www.editorialjuventud.es\/tintin-en-el-pais-de-los-soviets-9788426139139\/","name":"Tint\u00edn en el pa\u00eds de los Soviets - Editorial Juventud","isPartOf":{"@id":"https:\/\/www.editorialjuventud.es\/#website"},"primaryImageOfPage":{"@id":"https:\/\/www.editorialjuventud.es\/tintin-en-el-pais-de-los-soviets-9788426139139\/#primaryimage"},"image":{"@id":"https:\/\/www.editorialjuventud.es\/tintin-en-el-pais-de-los-soviets-9788426139139\/#primaryimage"},"thumbnailUrl":"https:\/\/www.editorialjuventud.es\/wp-content\/uploads\/978842614597011.jpg","datePublished":"2018-08-24T09:31:36+00:00","dateModified":"2025-07-22T12:42:47+00:00","description":"La publicaci\u00f3n de Las Aventuras de Tint\u00edn, reportero del 'Petit Vingti\u00e8me' en el pa\u00eds de los soviets, se inici\u00f3 el 10 de enero de 1929 en el suplemento","breadcrumb":{"@id":"https:\/\/www.editorialjuventud.es\/tintin-en-el-pais-de-los-soviets-9788426139139\/#breadcrumb"},"inLanguage":"ca","potentialAction":[{"@type":"ReadAction","target":["https:\/\/www.editorialjuventud.es\/tintin-en-el-pais-de-los-soviets-9788426139139\/"]}]},{"@type":"ImageObject","inLanguage":"ca","@id":"https:\/\/www.editorialjuventud.es\/tintin-en-el-pais-de-los-soviets-9788426139139\/#primaryimage","url":"https:\/\/www.editorialjuventud.es\/wp-content\/uploads\/978842614597011.jpg","contentUrl":"https:\/\/www.editorialjuventud.es\/wp-content\/uploads\/978842614597011.jpg","width":879,"height":1200},{"@type":"BreadcrumbList","@id":"https:\/\/www.editorialjuventud.es\/tintin-en-el-pais-de-los-soviets-9788426139139\/#breadcrumb","itemListElement":[{"@type":"ListItem","position":1,"name":"Portada","item":"https:\/\/www.editorialjuventud.es\/"},{"@type":"ListItem","position":2,"name":"cat\u00e1logo","item":"https:\/\/www.editorialjuventud.es\/coleccion\/catalogo\/"},{"@type":"ListItem","position":3,"name":"castellano","item":"https:\/\/www.editorialjuventud.es\/coleccion\/castellano\/"},{"@type":"ListItem","position":4,"name":"Libros de Tint\u00edn","item":"https:\/\/www.editorialjuventud.es\/coleccion\/libros-de-tintin\/"},{"@type":"ListItem","position":5,"name":"Las Aventuras de Tint\u00edn","item":"https:\/\/www.editorialjuventud.es\/coleccion\/las-aventuras-de-tintin\/"},{"@type":"ListItem","position":6,"name":"Tint\u00edn en el pa\u00eds de los Soviets"}]},{"@type":"WebSite","@id":"https:\/\/www.editorialjuventud.es\/#website","url":"https:\/\/www.editorialjuventud.es\/","name":"Editorial Juventud","description":"","potentialAction":[{"@type":"SearchAction","target":{"@type":"EntryPoint","urlTemplate":"https:\/\/www.editorialjuventud.es\/?s={search_term_string}"},"query-input":{"@type":"PropertyValueSpecification","valueRequired":true,"valueName":"search_term_string"}}],"inLanguage":"ca"}]}},"_links":{"self":[{"href":"https:\/\/www.editorialjuventud.es\/ca\/wp-json\/wp\/v2\/product\/5820","targetHints":{"allow":["GET"]}}],"collection":[{"href":"https:\/\/www.editorialjuventud.es\/ca\/wp-json\/wp\/v2\/product"}],"about":[{"href":"https:\/\/www.editorialjuventud.es\/ca\/wp-json\/wp\/v2\/types\/product"}],"wp:featuredmedia":[{"embeddable":true,"href":"https:\/\/www.editorialjuventud.es\/ca\/wp-json\/wp\/v2\/media\/79412"}],"wp:attachment":[{"href":"https:\/\/www.editorialjuventud.es\/ca\/wp-json\/wp\/v2\/media?parent=5820"}],"wp:term":[{"taxonomy":"product_brand","embeddable":true,"href":"https:\/\/www.editorialjuventud.es\/ca\/wp-json\/wp\/v2\/product_brand?post=5820"},{"taxonomy":"product_cat","embeddable":true,"href":"https:\/\/www.editorialjuventud.es\/ca\/wp-json\/wp\/v2\/product_cat?post=5820"},{"taxonomy":"product_tag","embeddable":true,"href":"https:\/\/www.editorialjuventud.es\/ca\/wp-json\/wp\/v2\/product_tag?post=5820"},{"taxonomy":"coleccion","embeddable":true,"href":"https:\/\/www.editorialjuventud.es\/ca\/wp-json\/wp\/v2\/coleccion?post=5820"}],"curies":[{"name":"wp","href":"https:\/\/api.w.org\/{rel}","templated":true}]}}