{"id":5795,"date":"2018-08-24T11:29:38","date_gmt":"2018-08-24T09:29:38","guid":{"rendered":"http:\/\/www.editorialjuventud.es\/contraris\/"},"modified":"2019-12-02T18:49:28","modified_gmt":"2019-12-02T17:49:28","slug":"contraris-9788426138866","status":"publish","type":"product","link":"https:\/\/www.editorialjuventud.es\/ca\/contraris-9788426138866\/","title":{"rendered":"Contraris"},"content":{"rendered":"<p>Introdueix els teus nens en el m\u00f3n dels contraris.<br \/>\nMirant a trav\u00e9s de la p\u00e0gina transparent, per davant i per darrere, veur\u00e0s dos aspectes diferents i oposats.<br \/>\nAquest \u00e9s un llibre per llegir amb els m\u00e9s petits; creat per a estimular la conversa i la interacci\u00f3 visual en cada p\u00e0gina.<\/p>\n","protected":false},"excerpt":{"rendered":"Introdueix els teus nens en el m\u00f3n dels contraris. Mirant a trav\u00e9s de la p\u00e0gina transparent, per davant i per darrere, veur\u00e0s dos aspectes diferents i oposats. Aquest \u00e9s un llibre per llegir amb els m\u00e9s petits; creat per a [&hellip;]","protected":false},"featured_media":12193,"template":"","meta":{"_acf_changed":false,"_exactmetrics_skip_tracking":false,"_exactmetrics_sitenote_active":false,"_exactmetrics_sitenote_note":"","_exactmetrics_sitenote_category":0},"product_brand":[],"product_cat":[899,1121,892,1115,1123,1213,1128],"product_tag":[],"coleccion":[915,962,920],"class_list":{"0":"post-5795","1":"product","2":"type-product","3":"status-publish","4":"has-post-thumbnail","6":"product_cat-a-partir-de-3-anos","7":"product_cat-albumes-ilustrados","8":"product_cat-edades","9":"product_cat-generos","10":"product_cat-libros-informativos-infantil","11":"product_cat-primeros-conceptos","12":"product_cat-tematica","13":"coleccion-catala","14":"coleccion-els-meus-primers-conceptes","15":"coleccion-els-meus-primers-llibres","17":"first","18":"instock","19":"taxable","20":"shipping-taxable","21":"purchasable","22":"product-type-simple"},"acf":{"autores-libros":[17699],"ilustradores-libros":[17699],"traductores-libros":[58416]},"yoast_head":"<!-- This site is optimized with the Yoast SEO plugin v27.5 - https:\/\/yoast.com\/product\/yoast-seo-wordpress\/ -->\n<title>Contraris - Editorial Juventud<\/title>\n<meta name=\"description\" content=\"Introdueix els teus nens en el m\u00f3n dels contraris. Mirant a trav\u00e9s de la p\u00e0gina transparent, per davant i per darrere, veur\u00e0s dos aspectes diferents i\" \/>\n<meta name=\"robots\" content=\"index, follow, max-snippet:-1, max-image-preview:large, max-video-preview:-1\" \/>\n<link rel=\"canonical\" href=\"https:\/\/www.editorialjuventud.es\/ca\/contraris-9788426138866\/\" \/>\n<meta property=\"og:locale\" content=\"ca_ES\" \/>\n<meta property=\"og:type\" content=\"article\" \/>\n<meta property=\"og:title\" content=\"Contraris - Editorial Juventud\" \/>\n<meta property=\"og:description\" content=\"Introdueix els teus nens en el m\u00f3n dels contraris. Mirant a trav\u00e9s de la p\u00e0gina transparent, per davant i per darrere, veur\u00e0s dos aspectes diferents i\" \/>\n<meta property=\"og:url\" content=\"https:\/\/www.editorialjuventud.es\/ca\/contraris-9788426138866\/\" \/>\n<meta property=\"og:site_name\" content=\"Editorial Juventud\" \/>\n<meta property=\"article:modified_time\" content=\"2019-12-02T17:49:28+00:00\" \/>\n<meta property=\"og:image\" content=\"https:\/\/www.editorialjuventud.es\/wp-content\/uploads\/3886.jpg\" \/>\n\t<meta property=\"og:image:width\" content=\"485\" \/>\n\t<meta property=\"og:image:height\" content=\"450\" \/>\n\t<meta property=\"og:image:type\" content=\"image\/jpeg\" \/>\n<meta name=\"twitter:card\" content=\"summary_large_image\" \/>\n<script type=\"application\/ld+json\" class=\"yoast-schema-graph\">{\"@context\":\"https:\\\/\\\/schema.org\",\"@graph\":[{\"@type\":\"WebPage\",\"@id\":\"https:\\\/\\\/www.editorialjuventud.es\\\/ca\\\/contraris-9788426138866\\\/\",\"url\":\"https:\\\/\\\/www.editorialjuventud.es\\\/ca\\\/contraris-9788426138866\\\/\",\"name\":\"Contraris - Editorial Juventud\",\"isPartOf\":{\"@id\":\"https:\\\/\\\/www.editorialjuventud.es\\\/#website\"},\"primaryImageOfPage\":{\"@id\":\"https:\\\/\\\/www.editorialjuventud.es\\\/ca\\\/contraris-9788426138866\\\/#primaryimage\"},\"image\":{\"@id\":\"https:\\\/\\\/www.editorialjuventud.es\\\/ca\\\/contraris-9788426138866\\\/#primaryimage\"},\"thumbnailUrl\":\"https:\\\/\\\/www.editorialjuventud.es\\\/wp-content\\\/uploads\\\/3886.jpg\",\"datePublished\":\"2018-08-24T09:29:38+00:00\",\"dateModified\":\"2019-12-02T17:49:28+00:00\",\"description\":\"Introdueix els teus nens en el m\u00f3n dels contraris. Mirant a trav\u00e9s de la p\u00e0gina transparent, per davant i per darrere, veur\u00e0s dos aspectes diferents i\",\"breadcrumb\":{\"@id\":\"https:\\\/\\\/www.editorialjuventud.es\\\/ca\\\/contraris-9788426138866\\\/#breadcrumb\"},\"inLanguage\":\"ca\",\"potentialAction\":[{\"@type\":\"ReadAction\",\"target\":[\"https:\\\/\\\/www.editorialjuventud.es\\\/ca\\\/contraris-9788426138866\\\/\"]}]},{\"@type\":\"ImageObject\",\"inLanguage\":\"ca\",\"@id\":\"https:\\\/\\\/www.editorialjuventud.es\\\/ca\\\/contraris-9788426138866\\\/#primaryimage\",\"url\":\"https:\\\/\\\/www.editorialjuventud.es\\\/wp-content\\\/uploads\\\/3886.jpg\",\"contentUrl\":\"https:\\\/\\\/www.editorialjuventud.es\\\/wp-content\\\/uploads\\\/3886.jpg\",\"width\":485,\"height\":450,\"caption\":\"3886.jpg\"},{\"@type\":\"BreadcrumbList\",\"@id\":\"https:\\\/\\\/www.editorialjuventud.es\\\/ca\\\/contraris-9788426138866\\\/#breadcrumb\",\"itemListElement\":[{\"@type\":\"ListItem\",\"position\":1,\"name\":\"Portada\",\"item\":\"https:\\\/\\\/www.editorialjuventud.es\\\/\"},{\"@type\":\"ListItem\",\"position\":2,\"name\":\"cat\u00e1logo\",\"item\":\"https:\\\/\\\/www.editorialjuventud.es\\\/coleccion\\\/catalogo\\\/\"},{\"@type\":\"ListItem\",\"position\":3,\"name\":\"catal\u00e0\",\"item\":\"https:\\\/\\\/www.editorialjuventud.es\\\/coleccion\\\/catala\\\/\"},{\"@type\":\"ListItem\",\"position\":4,\"name\":\"Els Meus Primers Llibres\",\"item\":\"https:\\\/\\\/www.editorialjuventud.es\\\/ca\\\/coleccion\\\/els-meus-primers-llibres\\\/\"},{\"@type\":\"ListItem\",\"position\":5,\"name\":\"Els Meus Primers Conceptes\",\"item\":\"https:\\\/\\\/www.editorialjuventud.es\\\/coleccion\\\/els-meus-primers-conceptes\\\/\"},{\"@type\":\"ListItem\",\"position\":6,\"name\":\"Contraris\"}]},{\"@type\":\"WebSite\",\"@id\":\"https:\\\/\\\/www.editorialjuventud.es\\\/#website\",\"url\":\"https:\\\/\\\/www.editorialjuventud.es\\\/\",\"name\":\"Editorial Juventud\",\"description\":\"\",\"potentialAction\":[{\"@type\":\"SearchAction\",\"target\":{\"@type\":\"EntryPoint\",\"urlTemplate\":\"https:\\\/\\\/www.editorialjuventud.es\\\/?s={search_term_string}\"},\"query-input\":{\"@type\":\"PropertyValueSpecification\",\"valueRequired\":true,\"valueName\":\"search_term_string\"}}],\"inLanguage\":\"ca\"}]}<\/script>\n<!-- \/ Yoast SEO plugin. -->","yoast_head_json":{"title":"Contraris - Editorial Juventud","description":"Introdueix els teus nens en el m\u00f3n dels contraris. Mirant a trav\u00e9s de la p\u00e0gina transparent, per davant i per darrere, veur\u00e0s dos aspectes diferents i","robots":{"index":"index","follow":"follow","max-snippet":"max-snippet:-1","max-image-preview":"max-image-preview:large","max-video-preview":"max-video-preview:-1"},"canonical":"https:\/\/www.editorialjuventud.es\/ca\/contraris-9788426138866\/","og_locale":"ca_ES","og_type":"article","og_title":"Contraris - Editorial Juventud","og_description":"Introdueix els teus nens en el m\u00f3n dels contraris. Mirant a trav\u00e9s de la p\u00e0gina transparent, per davant i per darrere, veur\u00e0s dos aspectes diferents i","og_url":"https:\/\/www.editorialjuventud.es\/ca\/contraris-9788426138866\/","og_site_name":"Editorial Juventud","article_modified_time":"2019-12-02T17:49:28+00:00","og_image":[{"width":485,"height":450,"url":"https:\/\/www.editorialjuventud.es\/wp-content\/uploads\/3886.jpg","type":"image\/jpeg"}],"twitter_card":"summary_large_image","schema":{"@context":"https:\/\/schema.org","@graph":[{"@type":"WebPage","@id":"https:\/\/www.editorialjuventud.es\/ca\/contraris-9788426138866\/","url":"https:\/\/www.editorialjuventud.es\/ca\/contraris-9788426138866\/","name":"Contraris - Editorial Juventud","isPartOf":{"@id":"https:\/\/www.editorialjuventud.es\/#website"},"primaryImageOfPage":{"@id":"https:\/\/www.editorialjuventud.es\/ca\/contraris-9788426138866\/#primaryimage"},"image":{"@id":"https:\/\/www.editorialjuventud.es\/ca\/contraris-9788426138866\/#primaryimage"},"thumbnailUrl":"https:\/\/www.editorialjuventud.es\/wp-content\/uploads\/3886.jpg","datePublished":"2018-08-24T09:29:38+00:00","dateModified":"2019-12-02T17:49:28+00:00","description":"Introdueix els teus nens en el m\u00f3n dels contraris. Mirant a trav\u00e9s de la p\u00e0gina transparent, per davant i per darrere, veur\u00e0s dos aspectes diferents i","breadcrumb":{"@id":"https:\/\/www.editorialjuventud.es\/ca\/contraris-9788426138866\/#breadcrumb"},"inLanguage":"ca","potentialAction":[{"@type":"ReadAction","target":["https:\/\/www.editorialjuventud.es\/ca\/contraris-9788426138866\/"]}]},{"@type":"ImageObject","inLanguage":"ca","@id":"https:\/\/www.editorialjuventud.es\/ca\/contraris-9788426138866\/#primaryimage","url":"https:\/\/www.editorialjuventud.es\/wp-content\/uploads\/3886.jpg","contentUrl":"https:\/\/www.editorialjuventud.es\/wp-content\/uploads\/3886.jpg","width":485,"height":450,"caption":"3886.jpg"},{"@type":"BreadcrumbList","@id":"https:\/\/www.editorialjuventud.es\/ca\/contraris-9788426138866\/#breadcrumb","itemListElement":[{"@type":"ListItem","position":1,"name":"Portada","item":"https:\/\/www.editorialjuventud.es\/"},{"@type":"ListItem","position":2,"name":"cat\u00e1logo","item":"https:\/\/www.editorialjuventud.es\/coleccion\/catalogo\/"},{"@type":"ListItem","position":3,"name":"catal\u00e0","item":"https:\/\/www.editorialjuventud.es\/coleccion\/catala\/"},{"@type":"ListItem","position":4,"name":"Els Meus Primers Llibres","item":"https:\/\/www.editorialjuventud.es\/ca\/coleccion\/els-meus-primers-llibres\/"},{"@type":"ListItem","position":5,"name":"Els Meus Primers Conceptes","item":"https:\/\/www.editorialjuventud.es\/coleccion\/els-meus-primers-conceptes\/"},{"@type":"ListItem","position":6,"name":"Contraris"}]},{"@type":"WebSite","@id":"https:\/\/www.editorialjuventud.es\/#website","url":"https:\/\/www.editorialjuventud.es\/","name":"Editorial Juventud","description":"","potentialAction":[{"@type":"SearchAction","target":{"@type":"EntryPoint","urlTemplate":"https:\/\/www.editorialjuventud.es\/?s={search_term_string}"},"query-input":{"@type":"PropertyValueSpecification","valueRequired":true,"valueName":"search_term_string"}}],"inLanguage":"ca"}]}},"_links":{"self":[{"href":"https:\/\/www.editorialjuventud.es\/ca\/wp-json\/wp\/v2\/product\/5795","targetHints":{"allow":["GET"]}}],"collection":[{"href":"https:\/\/www.editorialjuventud.es\/ca\/wp-json\/wp\/v2\/product"}],"about":[{"href":"https:\/\/www.editorialjuventud.es\/ca\/wp-json\/wp\/v2\/types\/product"}],"wp:featuredmedia":[{"embeddable":true,"href":"https:\/\/www.editorialjuventud.es\/ca\/wp-json\/wp\/v2\/media\/12193"}],"wp:attachment":[{"href":"https:\/\/www.editorialjuventud.es\/ca\/wp-json\/wp\/v2\/media?parent=5795"}],"wp:term":[{"taxonomy":"product_brand","embeddable":true,"href":"https:\/\/www.editorialjuventud.es\/ca\/wp-json\/wp\/v2\/product_brand?post=5795"},{"taxonomy":"product_cat","embeddable":true,"href":"https:\/\/www.editorialjuventud.es\/ca\/wp-json\/wp\/v2\/product_cat?post=5795"},{"taxonomy":"product_tag","embeddable":true,"href":"https:\/\/www.editorialjuventud.es\/ca\/wp-json\/wp\/v2\/product_tag?post=5795"},{"taxonomy":"coleccion","embeddable":true,"href":"https:\/\/www.editorialjuventud.es\/ca\/wp-json\/wp\/v2\/coleccion?post=5795"}],"curies":[{"name":"wp","href":"https:\/\/api.w.org\/{rel}","templated":true}]}}