{"id":5793,"date":"2018-08-24T11:29:28","date_gmt":"2018-08-24T09:29:28","guid":{"rendered":"http:\/\/www.editorialjuventud.es\/nombres\/"},"modified":"2019-12-02T18:46:39","modified_gmt":"2019-12-02T17:46:39","slug":"nombres-9788426138842","status":"publish","type":"product","link":"https:\/\/www.editorialjuventud.es\/ca\/nombres-9788426138842\/","title":{"rendered":"Nombres"},"content":{"rendered":"<p>Deu mosques brunzen arreu, per\u00f2 ve una aranya i se&#8217;n menja una! Aix\u00ed, quantes mosques queden? Gira el full transparent cap endavant i cap endarrere i veur\u00e0s com acaba la mosca, amb una sorpresa satisfact\u00f2ria al final. Aquest \u00e9s un llibre per a llegir amb els m\u00e9s petits; creat per estimular la conversa i la interacci\u00f3 visual en cada p\u00e0gina.<\/p>\n","protected":false},"excerpt":{"rendered":"Deu mosques brunzen arreu, per\u00f2 ve una aranya i se&#8217;n menja una! Aix\u00ed, quantes mosques queden? Gira el full transparent cap endavant i cap endarrere i veur\u00e0s com acaba la mosca, amb una sorpresa satisfact\u00f2ria al final. Aquest \u00e9s un [&hellip;]","protected":false},"featured_media":14269,"template":"","meta":{"_acf_changed":false,"_exactmetrics_skip_tracking":false,"_exactmetrics_sitenote_active":false,"_exactmetrics_sitenote_note":"","_exactmetrics_sitenote_category":0},"product_brand":[],"product_cat":[899,1121,892,1115,1123,1203,1213,1128],"product_tag":[],"coleccion":[915,962,920],"class_list":{"0":"post-5793","1":"product","2":"type-product","3":"status-publish","4":"has-post-thumbnail","6":"product_cat-a-partir-de-3-anos","7":"product_cat-albumes-ilustrados","8":"product_cat-edades","9":"product_cat-generos","10":"product_cat-libros-informativos-infantil","11":"product_cat-numeros-contar","12":"product_cat-primeros-conceptos","13":"product_cat-tematica","14":"coleccion-catala","15":"coleccion-els-meus-primers-conceptes","16":"coleccion-els-meus-primers-llibres","18":"first","19":"instock","20":"taxable","21":"shipping-taxable","22":"purchasable","23":"product-type-simple"},"acf":{"autores-libros":[17699],"ilustradores-libros":[17699],"traductores-libros":[58416]},"yoast_head":"<!-- This site is optimized with the Yoast SEO plugin v27.5 - https:\/\/yoast.com\/product\/yoast-seo-wordpress\/ -->\n<title>Nombres - Editorial Juventud<\/title>\n<meta name=\"description\" content=\"Deu mosques brunzen arreu, per\u00f2 ve una aranya i se&#039;n menja una! Aix\u00ed, quantes mosques queden? Gira el full transparent cap endavant i cap endarrere i\" \/>\n<meta name=\"robots\" content=\"index, follow, max-snippet:-1, max-image-preview:large, max-video-preview:-1\" \/>\n<link rel=\"canonical\" href=\"https:\/\/www.editorialjuventud.es\/nombres-9788426138842\/\" \/>\n<meta property=\"og:locale\" content=\"ca_ES\" \/>\n<meta property=\"og:type\" content=\"article\" \/>\n<meta property=\"og:title\" content=\"Nombres - Editorial Juventud\" \/>\n<meta property=\"og:description\" content=\"Deu mosques brunzen arreu, per\u00f2 ve una aranya i se&#039;n menja una! Aix\u00ed, quantes mosques queden? Gira el full transparent cap endavant i cap endarrere i\" \/>\n<meta property=\"og:url\" content=\"https:\/\/www.editorialjuventud.es\/nombres-9788426138842\/\" \/>\n<meta property=\"og:site_name\" content=\"Editorial Juventud\" \/>\n<meta property=\"article:modified_time\" content=\"2019-12-02T17:46:39+00:00\" \/>\n<meta property=\"og:image\" content=\"https:\/\/www.editorialjuventud.es\/wp-content\/uploads\/3884.jpg\" \/>\n\t<meta property=\"og:image:width\" content=\"470\" \/>\n\t<meta property=\"og:image:height\" content=\"450\" \/>\n\t<meta property=\"og:image:type\" content=\"image\/jpeg\" \/>\n<meta name=\"twitter:card\" content=\"summary_large_image\" \/>\n<script type=\"application\/ld+json\" class=\"yoast-schema-graph\">{\"@context\":\"https:\\\/\\\/schema.org\",\"@graph\":[{\"@type\":\"WebPage\",\"@id\":\"https:\\\/\\\/www.editorialjuventud.es\\\/nombres-9788426138842\\\/\",\"url\":\"https:\\\/\\\/www.editorialjuventud.es\\\/nombres-9788426138842\\\/\",\"name\":\"Nombres - Editorial Juventud\",\"isPartOf\":{\"@id\":\"https:\\\/\\\/www.editorialjuventud.es\\\/#website\"},\"primaryImageOfPage\":{\"@id\":\"https:\\\/\\\/www.editorialjuventud.es\\\/nombres-9788426138842\\\/#primaryimage\"},\"image\":{\"@id\":\"https:\\\/\\\/www.editorialjuventud.es\\\/nombres-9788426138842\\\/#primaryimage\"},\"thumbnailUrl\":\"https:\\\/\\\/www.editorialjuventud.es\\\/wp-content\\\/uploads\\\/3884.jpg\",\"datePublished\":\"2018-08-24T09:29:28+00:00\",\"dateModified\":\"2019-12-02T17:46:39+00:00\",\"description\":\"Deu mosques brunzen arreu, per\u00f2 ve una aranya i se'n menja una! Aix\u00ed, quantes mosques queden? Gira el full transparent cap endavant i cap endarrere i\",\"breadcrumb\":{\"@id\":\"https:\\\/\\\/www.editorialjuventud.es\\\/nombres-9788426138842\\\/#breadcrumb\"},\"inLanguage\":\"ca\",\"potentialAction\":[{\"@type\":\"ReadAction\",\"target\":[\"https:\\\/\\\/www.editorialjuventud.es\\\/nombres-9788426138842\\\/\"]}]},{\"@type\":\"ImageObject\",\"inLanguage\":\"ca\",\"@id\":\"https:\\\/\\\/www.editorialjuventud.es\\\/nombres-9788426138842\\\/#primaryimage\",\"url\":\"https:\\\/\\\/www.editorialjuventud.es\\\/wp-content\\\/uploads\\\/3884.jpg\",\"contentUrl\":\"https:\\\/\\\/www.editorialjuventud.es\\\/wp-content\\\/uploads\\\/3884.jpg\",\"width\":470,\"height\":450,\"caption\":\"3884.jpg\"},{\"@type\":\"BreadcrumbList\",\"@id\":\"https:\\\/\\\/www.editorialjuventud.es\\\/nombres-9788426138842\\\/#breadcrumb\",\"itemListElement\":[{\"@type\":\"ListItem\",\"position\":1,\"name\":\"Portada\",\"item\":\"https:\\\/\\\/www.editorialjuventud.es\\\/\"},{\"@type\":\"ListItem\",\"position\":2,\"name\":\"cat\u00e1logo\",\"item\":\"https:\\\/\\\/www.editorialjuventud.es\\\/coleccion\\\/catalogo\\\/\"},{\"@type\":\"ListItem\",\"position\":3,\"name\":\"catal\u00e0\",\"item\":\"https:\\\/\\\/www.editorialjuventud.es\\\/coleccion\\\/catala\\\/\"},{\"@type\":\"ListItem\",\"position\":4,\"name\":\"Nombres\"}]},{\"@type\":\"WebSite\",\"@id\":\"https:\\\/\\\/www.editorialjuventud.es\\\/#website\",\"url\":\"https:\\\/\\\/www.editorialjuventud.es\\\/\",\"name\":\"Editorial Juventud\",\"description\":\"\",\"potentialAction\":[{\"@type\":\"SearchAction\",\"target\":{\"@type\":\"EntryPoint\",\"urlTemplate\":\"https:\\\/\\\/www.editorialjuventud.es\\\/?s={search_term_string}\"},\"query-input\":{\"@type\":\"PropertyValueSpecification\",\"valueRequired\":true,\"valueName\":\"search_term_string\"}}],\"inLanguage\":\"ca\"}]}<\/script>\n<!-- \/ Yoast SEO plugin. -->","yoast_head_json":{"title":"Nombres - Editorial Juventud","description":"Deu mosques brunzen arreu, per\u00f2 ve una aranya i se'n menja una! Aix\u00ed, quantes mosques queden? Gira el full transparent cap endavant i cap endarrere i","robots":{"index":"index","follow":"follow","max-snippet":"max-snippet:-1","max-image-preview":"max-image-preview:large","max-video-preview":"max-video-preview:-1"},"canonical":"https:\/\/www.editorialjuventud.es\/nombres-9788426138842\/","og_locale":"ca_ES","og_type":"article","og_title":"Nombres - Editorial Juventud","og_description":"Deu mosques brunzen arreu, per\u00f2 ve una aranya i se'n menja una! Aix\u00ed, quantes mosques queden? Gira el full transparent cap endavant i cap endarrere i","og_url":"https:\/\/www.editorialjuventud.es\/nombres-9788426138842\/","og_site_name":"Editorial Juventud","article_modified_time":"2019-12-02T17:46:39+00:00","og_image":[{"width":470,"height":450,"url":"https:\/\/www.editorialjuventud.es\/wp-content\/uploads\/3884.jpg","type":"image\/jpeg"}],"twitter_card":"summary_large_image","schema":{"@context":"https:\/\/schema.org","@graph":[{"@type":"WebPage","@id":"https:\/\/www.editorialjuventud.es\/nombres-9788426138842\/","url":"https:\/\/www.editorialjuventud.es\/nombres-9788426138842\/","name":"Nombres - Editorial Juventud","isPartOf":{"@id":"https:\/\/www.editorialjuventud.es\/#website"},"primaryImageOfPage":{"@id":"https:\/\/www.editorialjuventud.es\/nombres-9788426138842\/#primaryimage"},"image":{"@id":"https:\/\/www.editorialjuventud.es\/nombres-9788426138842\/#primaryimage"},"thumbnailUrl":"https:\/\/www.editorialjuventud.es\/wp-content\/uploads\/3884.jpg","datePublished":"2018-08-24T09:29:28+00:00","dateModified":"2019-12-02T17:46:39+00:00","description":"Deu mosques brunzen arreu, per\u00f2 ve una aranya i se'n menja una! Aix\u00ed, quantes mosques queden? Gira el full transparent cap endavant i cap endarrere i","breadcrumb":{"@id":"https:\/\/www.editorialjuventud.es\/nombres-9788426138842\/#breadcrumb"},"inLanguage":"ca","potentialAction":[{"@type":"ReadAction","target":["https:\/\/www.editorialjuventud.es\/nombres-9788426138842\/"]}]},{"@type":"ImageObject","inLanguage":"ca","@id":"https:\/\/www.editorialjuventud.es\/nombres-9788426138842\/#primaryimage","url":"https:\/\/www.editorialjuventud.es\/wp-content\/uploads\/3884.jpg","contentUrl":"https:\/\/www.editorialjuventud.es\/wp-content\/uploads\/3884.jpg","width":470,"height":450,"caption":"3884.jpg"},{"@type":"BreadcrumbList","@id":"https:\/\/www.editorialjuventud.es\/nombres-9788426138842\/#breadcrumb","itemListElement":[{"@type":"ListItem","position":1,"name":"Portada","item":"https:\/\/www.editorialjuventud.es\/"},{"@type":"ListItem","position":2,"name":"cat\u00e1logo","item":"https:\/\/www.editorialjuventud.es\/coleccion\/catalogo\/"},{"@type":"ListItem","position":3,"name":"catal\u00e0","item":"https:\/\/www.editorialjuventud.es\/coleccion\/catala\/"},{"@type":"ListItem","position":4,"name":"Nombres"}]},{"@type":"WebSite","@id":"https:\/\/www.editorialjuventud.es\/#website","url":"https:\/\/www.editorialjuventud.es\/","name":"Editorial Juventud","description":"","potentialAction":[{"@type":"SearchAction","target":{"@type":"EntryPoint","urlTemplate":"https:\/\/www.editorialjuventud.es\/?s={search_term_string}"},"query-input":{"@type":"PropertyValueSpecification","valueRequired":true,"valueName":"search_term_string"}}],"inLanguage":"ca"}]}},"_links":{"self":[{"href":"https:\/\/www.editorialjuventud.es\/ca\/wp-json\/wp\/v2\/product\/5793","targetHints":{"allow":["GET"]}}],"collection":[{"href":"https:\/\/www.editorialjuventud.es\/ca\/wp-json\/wp\/v2\/product"}],"about":[{"href":"https:\/\/www.editorialjuventud.es\/ca\/wp-json\/wp\/v2\/types\/product"}],"wp:featuredmedia":[{"embeddable":true,"href":"https:\/\/www.editorialjuventud.es\/ca\/wp-json\/wp\/v2\/media\/14269"}],"wp:attachment":[{"href":"https:\/\/www.editorialjuventud.es\/ca\/wp-json\/wp\/v2\/media?parent=5793"}],"wp:term":[{"taxonomy":"product_brand","embeddable":true,"href":"https:\/\/www.editorialjuventud.es\/ca\/wp-json\/wp\/v2\/product_brand?post=5793"},{"taxonomy":"product_cat","embeddable":true,"href":"https:\/\/www.editorialjuventud.es\/ca\/wp-json\/wp\/v2\/product_cat?post=5793"},{"taxonomy":"product_tag","embeddable":true,"href":"https:\/\/www.editorialjuventud.es\/ca\/wp-json\/wp\/v2\/product_tag?post=5793"},{"taxonomy":"coleccion","embeddable":true,"href":"https:\/\/www.editorialjuventud.es\/ca\/wp-json\/wp\/v2\/coleccion?post=5793"}],"curies":[{"name":"wp","href":"https:\/\/api.w.org\/{rel}","templated":true}]}}