{"id":5783,"date":"2018-08-24T13:18:51","date_gmt":"2018-08-24T09:18:51","guid":{"rendered":"http:\/\/www.editorialjuventud.es\/el-perro-y-la-liebre\/"},"modified":"2025-07-23T11:27:02","modified_gmt":"2025-07-23T09:27:02","slug":"el-perro-y-la-liebre-9788426138767","status":"publish","type":"product","link":"https:\/\/www.editorialjuventud.es\/ca\/el-perro-y-la-liebre-9788426138767\/","title":{"rendered":"El perro y la liebre"},"content":{"rendered":"<p>Nadie sabe exactamente cu\u00e1ndo ni por qu\u00e9 empez\u00f3 la discordia entre la familia Perro y la familia Liebre. Pero para Pablo Perro y su familia una cosa est\u00e1 clara: que las liebres siempre dan gato por liebre; y para Lucas Liebre y su familia, otra: que los perros tienen un humor de perros. Pero durante la celebraci\u00f3n de la gran carrera de la Pradera de las Liebres se desata una gran tormenta que lo cambiar\u00e1 todo. Un libro que ilustra con mucho humor c\u00f3mo la amistad puede vencer todos los prejuicios.<\/p>\n","protected":false},"excerpt":{"rendered":"Nadie sabe exactamente cu\u00e1ndo ni por qu\u00e9 empez\u00f3 la discordia entre la familia Perro y la familia Liebre. Pero para Pablo Perro y su familia una cosa est\u00e1 clara: que las liebres siempre dan gato por liebre; y para Lucas [&hellip;]","protected":false},"featured_media":12987,"template":"","meta":{"_acf_changed":false,"_exactmetrics_skip_tracking":false,"_exactmetrics_sitenote_active":false,"_exactmetrics_sitenote_note":"","_exactmetrics_sitenote_category":0},"product_brand":[],"product_cat":[900,1121,1155,1220],"product_tag":[],"coleccion":[988],"class_list":{"0":"post-5783","1":"product","2":"type-product","3":"status-publish","4":"has-post-thumbnail","6":"product_cat-a-partir-de-5-anos","7":"product_cat-albumes-ilustrados","8":"product_cat-conflictos","9":"product_cat-convivencia-relaciones-interculturales","10":"coleccion-convivencia-y-multiculturalidad","12":"first","13":"instock","14":"taxable","15":"shipping-taxable","16":"purchasable","17":"product-type-simple"},"acf":{"autor":"Berner, Rotraut Susanne","codart":"3876","ediciones":"2","encuadernacion":"Carton\u00e9","fecha_de_publicacion":"01\/03\/2012","novedad":"0","paginas":"80","subtitulo":"","texto_web_adicional":"","texto_web_novedad":"","orden":"999","portada":"0","texto_web_resaltado":"","indice":"","autores-libros":[16227],"ilustradores-libros":[16227],"traductores-libros":"","fecha_de_reimpresion":"","descripcion_corta":"","recomendamos":"","mas_vendido":"","idioma-libro":"","color":false,"formato":"","mas_informacion_del_producto":false,"premios":false,"deshabilitar_compra":[],"texto_enlace_cubierta":"","enlace_cubierta":false,"texto_enlace_ficha_tecnica":"","enlace_ficha_tecnica":false,"ficheros":false,"titulo-fr":"","texto-fr":""},"yoast_head":"<!-- This site is optimized with the Yoast SEO plugin v27.5 - https:\/\/yoast.com\/product\/yoast-seo-wordpress\/ -->\n<title>El perro y la liebre - Editorial Juventud<\/title>\n<meta name=\"description\" content=\"Nadie sabe exactamente cu\u00e1ndo ni por qu\u00e9 empez\u00f3 la discordia entre la familia Perro y la familia Liebre. Pero para Pablo Perro y su familia una cosa est\u00e1\" \/>\n<meta name=\"robots\" content=\"index, follow, max-snippet:-1, max-image-preview:large, max-video-preview:-1\" \/>\n<link rel=\"canonical\" href=\"https:\/\/www.editorialjuventud.es\/el-perro-y-la-liebre-9788426138767\/\" \/>\n<meta property=\"og:locale\" content=\"ca_ES\" \/>\n<meta property=\"og:type\" content=\"article\" \/>\n<meta property=\"og:title\" content=\"El perro y la liebre - Editorial Juventud\" \/>\n<meta property=\"og:description\" content=\"Nadie sabe exactamente cu\u00e1ndo ni por qu\u00e9 empez\u00f3 la discordia entre la familia Perro y la familia Liebre. Pero para Pablo Perro y su familia una cosa est\u00e1\" \/>\n<meta property=\"og:url\" content=\"https:\/\/www.editorialjuventud.es\/el-perro-y-la-liebre-9788426138767\/\" \/>\n<meta property=\"og:site_name\" content=\"Editorial Juventud\" \/>\n<meta property=\"article:modified_time\" content=\"2025-07-23T09:27:02+00:00\" \/>\n<meta property=\"og:image\" content=\"https:\/\/www.editorialjuventud.es\/wp-content\/uploads\/3876.jpg\" \/>\n\t<meta property=\"og:image:width\" content=\"275\" \/>\n\t<meta property=\"og:image:height\" content=\"450\" \/>\n\t<meta property=\"og:image:type\" content=\"image\/jpeg\" \/>\n<meta name=\"twitter:card\" content=\"summary_large_image\" \/>\n<meta name=\"twitter:label1\" content=\"Temps estimat de lectura\" \/>\n\t<meta name=\"twitter:data1\" content=\"1 minut\" \/>\n<script type=\"application\/ld+json\" class=\"yoast-schema-graph\">{\"@context\":\"https:\\\/\\\/schema.org\",\"@graph\":[{\"@type\":\"WebPage\",\"@id\":\"https:\\\/\\\/www.editorialjuventud.es\\\/el-perro-y-la-liebre-9788426138767\\\/\",\"url\":\"https:\\\/\\\/www.editorialjuventud.es\\\/el-perro-y-la-liebre-9788426138767\\\/\",\"name\":\"El perro y la liebre - Editorial Juventud\",\"isPartOf\":{\"@id\":\"https:\\\/\\\/www.editorialjuventud.es\\\/#website\"},\"primaryImageOfPage\":{\"@id\":\"https:\\\/\\\/www.editorialjuventud.es\\\/el-perro-y-la-liebre-9788426138767\\\/#primaryimage\"},\"image\":{\"@id\":\"https:\\\/\\\/www.editorialjuventud.es\\\/el-perro-y-la-liebre-9788426138767\\\/#primaryimage\"},\"thumbnailUrl\":\"https:\\\/\\\/www.editorialjuventud.es\\\/wp-content\\\/uploads\\\/3876.jpg\",\"datePublished\":\"2018-08-24T09:18:51+00:00\",\"dateModified\":\"2025-07-23T09:27:02+00:00\",\"description\":\"Nadie sabe exactamente cu\u00e1ndo ni por qu\u00e9 empez\u00f3 la discordia entre la familia Perro y la familia Liebre. Pero para Pablo Perro y su familia una cosa est\u00e1\",\"breadcrumb\":{\"@id\":\"https:\\\/\\\/www.editorialjuventud.es\\\/el-perro-y-la-liebre-9788426138767\\\/#breadcrumb\"},\"inLanguage\":\"ca\",\"potentialAction\":[{\"@type\":\"ReadAction\",\"target\":[\"https:\\\/\\\/www.editorialjuventud.es\\\/el-perro-y-la-liebre-9788426138767\\\/\"]}]},{\"@type\":\"ImageObject\",\"inLanguage\":\"ca\",\"@id\":\"https:\\\/\\\/www.editorialjuventud.es\\\/el-perro-y-la-liebre-9788426138767\\\/#primaryimage\",\"url\":\"https:\\\/\\\/www.editorialjuventud.es\\\/wp-content\\\/uploads\\\/3876.jpg\",\"contentUrl\":\"https:\\\/\\\/www.editorialjuventud.es\\\/wp-content\\\/uploads\\\/3876.jpg\",\"width\":275,\"height\":450,\"caption\":\"3876.jpg\"},{\"@type\":\"BreadcrumbList\",\"@id\":\"https:\\\/\\\/www.editorialjuventud.es\\\/el-perro-y-la-liebre-9788426138767\\\/#breadcrumb\",\"itemListElement\":[{\"@type\":\"ListItem\",\"position\":1,\"name\":\"Portada\",\"item\":\"https:\\\/\\\/www.editorialjuventud.es\\\/\"},{\"@type\":\"ListItem\",\"position\":2,\"name\":\"cat\u00e1logo\",\"item\":\"https:\\\/\\\/www.editorialjuventud.es\\\/coleccion\\\/catalogo\\\/\"},{\"@type\":\"ListItem\",\"position\":3,\"name\":\"castellano\",\"item\":\"https:\\\/\\\/www.editorialjuventud.es\\\/coleccion\\\/castellano\\\/\"},{\"@type\":\"ListItem\",\"position\":4,\"name\":\"\u00c1lbumes Ilustrados\",\"item\":\"https:\\\/\\\/www.editorialjuventud.es\\\/coleccion\\\/albumes-ilustrados\\\/\"},{\"@type\":\"ListItem\",\"position\":5,\"name\":\"Convivencia y Multiculturalidad\",\"item\":\"https:\\\/\\\/www.editorialjuventud.es\\\/coleccion\\\/convivencia-y-multiculturalidad\\\/\"},{\"@type\":\"ListItem\",\"position\":6,\"name\":\"El perro y la liebre\"}]},{\"@type\":\"WebSite\",\"@id\":\"https:\\\/\\\/www.editorialjuventud.es\\\/#website\",\"url\":\"https:\\\/\\\/www.editorialjuventud.es\\\/\",\"name\":\"Editorial Juventud\",\"description\":\"\",\"potentialAction\":[{\"@type\":\"SearchAction\",\"target\":{\"@type\":\"EntryPoint\",\"urlTemplate\":\"https:\\\/\\\/www.editorialjuventud.es\\\/?s={search_term_string}\"},\"query-input\":{\"@type\":\"PropertyValueSpecification\",\"valueRequired\":true,\"valueName\":\"search_term_string\"}}],\"inLanguage\":\"ca\"}]}<\/script>\n<!-- \/ Yoast SEO plugin. -->","yoast_head_json":{"title":"El perro y la liebre - Editorial Juventud","description":"Nadie sabe exactamente cu\u00e1ndo ni por qu\u00e9 empez\u00f3 la discordia entre la familia Perro y la familia Liebre. Pero para Pablo Perro y su familia una cosa est\u00e1","robots":{"index":"index","follow":"follow","max-snippet":"max-snippet:-1","max-image-preview":"max-image-preview:large","max-video-preview":"max-video-preview:-1"},"canonical":"https:\/\/www.editorialjuventud.es\/el-perro-y-la-liebre-9788426138767\/","og_locale":"ca_ES","og_type":"article","og_title":"El perro y la liebre - Editorial Juventud","og_description":"Nadie sabe exactamente cu\u00e1ndo ni por qu\u00e9 empez\u00f3 la discordia entre la familia Perro y la familia Liebre. Pero para Pablo Perro y su familia una cosa est\u00e1","og_url":"https:\/\/www.editorialjuventud.es\/el-perro-y-la-liebre-9788426138767\/","og_site_name":"Editorial Juventud","article_modified_time":"2025-07-23T09:27:02+00:00","og_image":[{"width":275,"height":450,"url":"https:\/\/www.editorialjuventud.es\/wp-content\/uploads\/3876.jpg","type":"image\/jpeg"}],"twitter_card":"summary_large_image","twitter_misc":{"Temps estimat de lectura":"1 minut"},"schema":{"@context":"https:\/\/schema.org","@graph":[{"@type":"WebPage","@id":"https:\/\/www.editorialjuventud.es\/el-perro-y-la-liebre-9788426138767\/","url":"https:\/\/www.editorialjuventud.es\/el-perro-y-la-liebre-9788426138767\/","name":"El perro y la liebre - Editorial Juventud","isPartOf":{"@id":"https:\/\/www.editorialjuventud.es\/#website"},"primaryImageOfPage":{"@id":"https:\/\/www.editorialjuventud.es\/el-perro-y-la-liebre-9788426138767\/#primaryimage"},"image":{"@id":"https:\/\/www.editorialjuventud.es\/el-perro-y-la-liebre-9788426138767\/#primaryimage"},"thumbnailUrl":"https:\/\/www.editorialjuventud.es\/wp-content\/uploads\/3876.jpg","datePublished":"2018-08-24T09:18:51+00:00","dateModified":"2025-07-23T09:27:02+00:00","description":"Nadie sabe exactamente cu\u00e1ndo ni por qu\u00e9 empez\u00f3 la discordia entre la familia Perro y la familia Liebre. Pero para Pablo Perro y su familia una cosa est\u00e1","breadcrumb":{"@id":"https:\/\/www.editorialjuventud.es\/el-perro-y-la-liebre-9788426138767\/#breadcrumb"},"inLanguage":"ca","potentialAction":[{"@type":"ReadAction","target":["https:\/\/www.editorialjuventud.es\/el-perro-y-la-liebre-9788426138767\/"]}]},{"@type":"ImageObject","inLanguage":"ca","@id":"https:\/\/www.editorialjuventud.es\/el-perro-y-la-liebre-9788426138767\/#primaryimage","url":"https:\/\/www.editorialjuventud.es\/wp-content\/uploads\/3876.jpg","contentUrl":"https:\/\/www.editorialjuventud.es\/wp-content\/uploads\/3876.jpg","width":275,"height":450,"caption":"3876.jpg"},{"@type":"BreadcrumbList","@id":"https:\/\/www.editorialjuventud.es\/el-perro-y-la-liebre-9788426138767\/#breadcrumb","itemListElement":[{"@type":"ListItem","position":1,"name":"Portada","item":"https:\/\/www.editorialjuventud.es\/"},{"@type":"ListItem","position":2,"name":"cat\u00e1logo","item":"https:\/\/www.editorialjuventud.es\/coleccion\/catalogo\/"},{"@type":"ListItem","position":3,"name":"castellano","item":"https:\/\/www.editorialjuventud.es\/coleccion\/castellano\/"},{"@type":"ListItem","position":4,"name":"\u00c1lbumes Ilustrados","item":"https:\/\/www.editorialjuventud.es\/coleccion\/albumes-ilustrados\/"},{"@type":"ListItem","position":5,"name":"Convivencia y Multiculturalidad","item":"https:\/\/www.editorialjuventud.es\/coleccion\/convivencia-y-multiculturalidad\/"},{"@type":"ListItem","position":6,"name":"El perro y la liebre"}]},{"@type":"WebSite","@id":"https:\/\/www.editorialjuventud.es\/#website","url":"https:\/\/www.editorialjuventud.es\/","name":"Editorial Juventud","description":"","potentialAction":[{"@type":"SearchAction","target":{"@type":"EntryPoint","urlTemplate":"https:\/\/www.editorialjuventud.es\/?s={search_term_string}"},"query-input":{"@type":"PropertyValueSpecification","valueRequired":true,"valueName":"search_term_string"}}],"inLanguage":"ca"}]}},"_links":{"self":[{"href":"https:\/\/www.editorialjuventud.es\/ca\/wp-json\/wp\/v2\/product\/5783","targetHints":{"allow":["GET"]}}],"collection":[{"href":"https:\/\/www.editorialjuventud.es\/ca\/wp-json\/wp\/v2\/product"}],"about":[{"href":"https:\/\/www.editorialjuventud.es\/ca\/wp-json\/wp\/v2\/types\/product"}],"wp:featuredmedia":[{"embeddable":true,"href":"https:\/\/www.editorialjuventud.es\/ca\/wp-json\/wp\/v2\/media\/12987"}],"wp:attachment":[{"href":"https:\/\/www.editorialjuventud.es\/ca\/wp-json\/wp\/v2\/media?parent=5783"}],"wp:term":[{"taxonomy":"product_brand","embeddable":true,"href":"https:\/\/www.editorialjuventud.es\/ca\/wp-json\/wp\/v2\/product_brand?post=5783"},{"taxonomy":"product_cat","embeddable":true,"href":"https:\/\/www.editorialjuventud.es\/ca\/wp-json\/wp\/v2\/product_cat?post=5783"},{"taxonomy":"product_tag","embeddable":true,"href":"https:\/\/www.editorialjuventud.es\/ca\/wp-json\/wp\/v2\/product_tag?post=5783"},{"taxonomy":"coleccion","embeddable":true,"href":"https:\/\/www.editorialjuventud.es\/ca\/wp-json\/wp\/v2\/coleccion?post=5783"}],"curies":[{"name":"wp","href":"https:\/\/api.w.org\/{rel}","templated":true}]}}