{"id":5782,"date":"2018-08-24T13:18:45","date_gmt":"2018-08-24T09:18:45","guid":{"rendered":"http:\/\/www.editorialjuventud.es\/el-rumor\/"},"modified":"2025-05-26T12:05:13","modified_gmt":"2025-05-26T10:05:13","slug":"el-rumor-9788426138750","status":"publish","type":"product","link":"https:\/\/www.editorialjuventud.es\/ca\/el-rumor-9788426138750\/","title":{"rendered":"El rumor"},"content":{"rendered":"<p>En el pueblo de Baddbaddpur es imposible guardar un secreto. Todos se pasan el d\u00eda chismorreando. Entonces, un d\u00eda, Pandurang, un hombre que siempre est\u00e1 de mal humor, desea guardar un secreto. Pero, por supuesto, el secreto se transmite r\u00e1pidamente de uno a otro&#8230; y cada vez se vuelve m\u00e1s extravagante, \u00a1hasta que finalmente una pluma acaba convirti\u00e9ndose en un bosque!<\/p>\n","protected":false},"excerpt":{"rendered":"En el pueblo de Baddbaddpur es imposible guardar un secreto. Todos se pasan el d\u00eda chismorreando. Entonces, un d\u00eda, Pandurang, un hombre que siempre est\u00e1 de mal humor, desea guardar un secreto. Pero, por supuesto, el secreto se transmite r\u00e1pidamente [&hellip;]","protected":false},"featured_media":13105,"template":"","meta":{"_acf_changed":false,"_exactmetrics_skip_tracking":false,"_exactmetrics_sitenote_active":false,"_exactmetrics_sitenote_note":"","_exactmetrics_sitenote_category":0},"product_brand":[],"product_cat":[900,1121,1158,1184],"product_tag":[],"coleccion":[992],"class_list":{"0":"post-5782","1":"product","2":"type-product","3":"status-publish","4":"has-post-thumbnail","6":"product_cat-a-partir-de-5-anos","7":"product_cat-albumes-ilustrados","8":"product_cat-critica-social","9":"product_cat-humor","10":"coleccion-el-arca-de-los-cuentos","12":"first","13":"outofstock","14":"taxable","15":"shipping-taxable","16":"purchasable","17":"product-type-simple"},"acf":{"autor":"Ravishankar,  Anushka ","codart":"3875","ediciones":"1","encuadernacion":"Carton\u00e9","fecha_de_publicacion":"01\/03\/2012","novedad":"0","paginas":"32","subtitulo":"","texto_web_adicional":"","texto_web_novedad":"","orden":"999","portada":"0","texto_web_resaltado":"","autores-libros":[16573],"ilustradores-libros":[17821]},"yoast_head":"<!-- This site is optimized with the Yoast SEO plugin v27.5 - https:\/\/yoast.com\/product\/yoast-seo-wordpress\/ -->\n<title>El rumor - Editorial Juventud<\/title>\n<meta name=\"description\" content=\"En el pueblo de Baddbaddpur es imposible guardar un secreto. Todos se pasan el d\u00eda chismorreando. Entonces, un d\u00eda, Pandurang, un hombre que siempre est\u00e1\" \/>\n<meta name=\"robots\" content=\"index, follow, max-snippet:-1, max-image-preview:large, max-video-preview:-1\" \/>\n<link rel=\"canonical\" href=\"https:\/\/www.editorialjuventud.es\/el-rumor-9788426138750\/\" \/>\n<meta property=\"og:locale\" content=\"ca_ES\" \/>\n<meta property=\"og:type\" content=\"article\" \/>\n<meta property=\"og:title\" content=\"El rumor - Editorial Juventud\" \/>\n<meta property=\"og:description\" content=\"En el pueblo de Baddbaddpur es imposible guardar un secreto. Todos se pasan el d\u00eda chismorreando. Entonces, un d\u00eda, Pandurang, un hombre que siempre est\u00e1\" \/>\n<meta property=\"og:url\" content=\"https:\/\/www.editorialjuventud.es\/el-rumor-9788426138750\/\" \/>\n<meta property=\"og:site_name\" content=\"Editorial Juventud\" \/>\n<meta property=\"article:modified_time\" content=\"2025-05-26T10:05:13+00:00\" \/>\n<meta property=\"og:image\" content=\"https:\/\/www.editorialjuventud.es\/wp-content\/uploads\/3875.jpg\" \/>\n\t<meta property=\"og:image:width\" content=\"504\" \/>\n\t<meta property=\"og:image:height\" content=\"450\" \/>\n\t<meta property=\"og:image:type\" content=\"image\/jpeg\" \/>\n<meta name=\"twitter:card\" content=\"summary_large_image\" \/>\n<script type=\"application\/ld+json\" class=\"yoast-schema-graph\">{\"@context\":\"https:\\\/\\\/schema.org\",\"@graph\":[{\"@type\":\"WebPage\",\"@id\":\"https:\\\/\\\/www.editorialjuventud.es\\\/el-rumor-9788426138750\\\/\",\"url\":\"https:\\\/\\\/www.editorialjuventud.es\\\/el-rumor-9788426138750\\\/\",\"name\":\"El rumor - Editorial Juventud\",\"isPartOf\":{\"@id\":\"https:\\\/\\\/www.editorialjuventud.es\\\/#website\"},\"primaryImageOfPage\":{\"@id\":\"https:\\\/\\\/www.editorialjuventud.es\\\/el-rumor-9788426138750\\\/#primaryimage\"},\"image\":{\"@id\":\"https:\\\/\\\/www.editorialjuventud.es\\\/el-rumor-9788426138750\\\/#primaryimage\"},\"thumbnailUrl\":\"https:\\\/\\\/www.editorialjuventud.es\\\/wp-content\\\/uploads\\\/3875.jpg\",\"datePublished\":\"2018-08-24T09:18:45+00:00\",\"dateModified\":\"2025-05-26T10:05:13+00:00\",\"description\":\"En el pueblo de Baddbaddpur es imposible guardar un secreto. Todos se pasan el d\u00eda chismorreando. Entonces, un d\u00eda, Pandurang, un hombre que siempre est\u00e1\",\"breadcrumb\":{\"@id\":\"https:\\\/\\\/www.editorialjuventud.es\\\/el-rumor-9788426138750\\\/#breadcrumb\"},\"inLanguage\":\"ca\",\"potentialAction\":[{\"@type\":\"ReadAction\",\"target\":[\"https:\\\/\\\/www.editorialjuventud.es\\\/el-rumor-9788426138750\\\/\"]}]},{\"@type\":\"ImageObject\",\"inLanguage\":\"ca\",\"@id\":\"https:\\\/\\\/www.editorialjuventud.es\\\/el-rumor-9788426138750\\\/#primaryimage\",\"url\":\"https:\\\/\\\/www.editorialjuventud.es\\\/wp-content\\\/uploads\\\/3875.jpg\",\"contentUrl\":\"https:\\\/\\\/www.editorialjuventud.es\\\/wp-content\\\/uploads\\\/3875.jpg\",\"width\":504,\"height\":450,\"caption\":\"3875.jpg\"},{\"@type\":\"BreadcrumbList\",\"@id\":\"https:\\\/\\\/www.editorialjuventud.es\\\/el-rumor-9788426138750\\\/#breadcrumb\",\"itemListElement\":[{\"@type\":\"ListItem\",\"position\":1,\"name\":\"Portada\",\"item\":\"https:\\\/\\\/www.editorialjuventud.es\\\/\"},{\"@type\":\"ListItem\",\"position\":2,\"name\":\"cat\u00e1logo\",\"item\":\"https:\\\/\\\/www.editorialjuventud.es\\\/coleccion\\\/catalogo\\\/\"},{\"@type\":\"ListItem\",\"position\":3,\"name\":\"castellano\",\"item\":\"https:\\\/\\\/www.editorialjuventud.es\\\/coleccion\\\/castellano\\\/\"},{\"@type\":\"ListItem\",\"position\":4,\"name\":\"\u00c1lbumes Ilustrados\",\"item\":\"https:\\\/\\\/www.editorialjuventud.es\\\/coleccion\\\/albumes-ilustrados\\\/\"},{\"@type\":\"ListItem\",\"position\":5,\"name\":\"El Arca de los Cuentos\",\"item\":\"https:\\\/\\\/www.editorialjuventud.es\\\/coleccion\\\/el-arca-de-los-cuentos\\\/\"},{\"@type\":\"ListItem\",\"position\":6,\"name\":\"El rumor\"}]},{\"@type\":\"WebSite\",\"@id\":\"https:\\\/\\\/www.editorialjuventud.es\\\/#website\",\"url\":\"https:\\\/\\\/www.editorialjuventud.es\\\/\",\"name\":\"Editorial Juventud\",\"description\":\"\",\"potentialAction\":[{\"@type\":\"SearchAction\",\"target\":{\"@type\":\"EntryPoint\",\"urlTemplate\":\"https:\\\/\\\/www.editorialjuventud.es\\\/?s={search_term_string}\"},\"query-input\":{\"@type\":\"PropertyValueSpecification\",\"valueRequired\":true,\"valueName\":\"search_term_string\"}}],\"inLanguage\":\"ca\"}]}<\/script>\n<!-- \/ Yoast SEO plugin. -->","yoast_head_json":{"title":"El rumor - Editorial Juventud","description":"En el pueblo de Baddbaddpur es imposible guardar un secreto. Todos se pasan el d\u00eda chismorreando. Entonces, un d\u00eda, Pandurang, un hombre que siempre est\u00e1","robots":{"index":"index","follow":"follow","max-snippet":"max-snippet:-1","max-image-preview":"max-image-preview:large","max-video-preview":"max-video-preview:-1"},"canonical":"https:\/\/www.editorialjuventud.es\/el-rumor-9788426138750\/","og_locale":"ca_ES","og_type":"article","og_title":"El rumor - Editorial Juventud","og_description":"En el pueblo de Baddbaddpur es imposible guardar un secreto. Todos se pasan el d\u00eda chismorreando. Entonces, un d\u00eda, Pandurang, un hombre que siempre est\u00e1","og_url":"https:\/\/www.editorialjuventud.es\/el-rumor-9788426138750\/","og_site_name":"Editorial Juventud","article_modified_time":"2025-05-26T10:05:13+00:00","og_image":[{"width":504,"height":450,"url":"https:\/\/www.editorialjuventud.es\/wp-content\/uploads\/3875.jpg","type":"image\/jpeg"}],"twitter_card":"summary_large_image","schema":{"@context":"https:\/\/schema.org","@graph":[{"@type":"WebPage","@id":"https:\/\/www.editorialjuventud.es\/el-rumor-9788426138750\/","url":"https:\/\/www.editorialjuventud.es\/el-rumor-9788426138750\/","name":"El rumor - Editorial Juventud","isPartOf":{"@id":"https:\/\/www.editorialjuventud.es\/#website"},"primaryImageOfPage":{"@id":"https:\/\/www.editorialjuventud.es\/el-rumor-9788426138750\/#primaryimage"},"image":{"@id":"https:\/\/www.editorialjuventud.es\/el-rumor-9788426138750\/#primaryimage"},"thumbnailUrl":"https:\/\/www.editorialjuventud.es\/wp-content\/uploads\/3875.jpg","datePublished":"2018-08-24T09:18:45+00:00","dateModified":"2025-05-26T10:05:13+00:00","description":"En el pueblo de Baddbaddpur es imposible guardar un secreto. Todos se pasan el d\u00eda chismorreando. Entonces, un d\u00eda, Pandurang, un hombre que siempre est\u00e1","breadcrumb":{"@id":"https:\/\/www.editorialjuventud.es\/el-rumor-9788426138750\/#breadcrumb"},"inLanguage":"ca","potentialAction":[{"@type":"ReadAction","target":["https:\/\/www.editorialjuventud.es\/el-rumor-9788426138750\/"]}]},{"@type":"ImageObject","inLanguage":"ca","@id":"https:\/\/www.editorialjuventud.es\/el-rumor-9788426138750\/#primaryimage","url":"https:\/\/www.editorialjuventud.es\/wp-content\/uploads\/3875.jpg","contentUrl":"https:\/\/www.editorialjuventud.es\/wp-content\/uploads\/3875.jpg","width":504,"height":450,"caption":"3875.jpg"},{"@type":"BreadcrumbList","@id":"https:\/\/www.editorialjuventud.es\/el-rumor-9788426138750\/#breadcrumb","itemListElement":[{"@type":"ListItem","position":1,"name":"Portada","item":"https:\/\/www.editorialjuventud.es\/"},{"@type":"ListItem","position":2,"name":"cat\u00e1logo","item":"https:\/\/www.editorialjuventud.es\/coleccion\/catalogo\/"},{"@type":"ListItem","position":3,"name":"castellano","item":"https:\/\/www.editorialjuventud.es\/coleccion\/castellano\/"},{"@type":"ListItem","position":4,"name":"\u00c1lbumes Ilustrados","item":"https:\/\/www.editorialjuventud.es\/coleccion\/albumes-ilustrados\/"},{"@type":"ListItem","position":5,"name":"El Arca de los Cuentos","item":"https:\/\/www.editorialjuventud.es\/coleccion\/el-arca-de-los-cuentos\/"},{"@type":"ListItem","position":6,"name":"El rumor"}]},{"@type":"WebSite","@id":"https:\/\/www.editorialjuventud.es\/#website","url":"https:\/\/www.editorialjuventud.es\/","name":"Editorial Juventud","description":"","potentialAction":[{"@type":"SearchAction","target":{"@type":"EntryPoint","urlTemplate":"https:\/\/www.editorialjuventud.es\/?s={search_term_string}"},"query-input":{"@type":"PropertyValueSpecification","valueRequired":true,"valueName":"search_term_string"}}],"inLanguage":"ca"}]}},"_links":{"self":[{"href":"https:\/\/www.editorialjuventud.es\/ca\/wp-json\/wp\/v2\/product\/5782","targetHints":{"allow":["GET"]}}],"collection":[{"href":"https:\/\/www.editorialjuventud.es\/ca\/wp-json\/wp\/v2\/product"}],"about":[{"href":"https:\/\/www.editorialjuventud.es\/ca\/wp-json\/wp\/v2\/types\/product"}],"wp:featuredmedia":[{"embeddable":true,"href":"https:\/\/www.editorialjuventud.es\/ca\/wp-json\/wp\/v2\/media\/13105"}],"wp:attachment":[{"href":"https:\/\/www.editorialjuventud.es\/ca\/wp-json\/wp\/v2\/media?parent=5782"}],"wp:term":[{"taxonomy":"product_brand","embeddable":true,"href":"https:\/\/www.editorialjuventud.es\/ca\/wp-json\/wp\/v2\/product_brand?post=5782"},{"taxonomy":"product_cat","embeddable":true,"href":"https:\/\/www.editorialjuventud.es\/ca\/wp-json\/wp\/v2\/product_cat?post=5782"},{"taxonomy":"product_tag","embeddable":true,"href":"https:\/\/www.editorialjuventud.es\/ca\/wp-json\/wp\/v2\/product_tag?post=5782"},{"taxonomy":"coleccion","embeddable":true,"href":"https:\/\/www.editorialjuventud.es\/ca\/wp-json\/wp\/v2\/coleccion?post=5782"}],"curies":[{"name":"wp","href":"https:\/\/api.w.org\/{rel}","templated":true}]}}