{"id":5779,"date":"2018-08-24T11:18:30","date_gmt":"2018-08-24T09:18:30","guid":{"rendered":"http:\/\/www.editorialjuventud.es\/animals-sorprenents-del-mon\/"},"modified":"2025-01-22T13:24:35","modified_gmt":"2025-01-22T12:24:35","slug":"animals-sorprenents-del-mon-9788426138712","status":"publish","type":"product","link":"https:\/\/www.editorialjuventud.es\/ca\/animals-sorprenents-del-mon-9788426138712\/","title":{"rendered":"Animals sorprenents del m\u00f3n"},"content":{"rendered":"<p>Has vist mai un peix que voli? O una criatura tan lenta que li creixi molsa a la pell?<br \/>En aquest llibre de gran format  hi descobrir\u00e0s els animals m\u00e9s sorprenents del planeta, per la seva antiguitat, per la seva grand\u00e0ria, per la seva velocitat, pels seus h\u00e0bits, per les seves defenses&#8230; des d&#8217;una de les esp\u00e8cies m\u00e9s antigues que habita a la Terra fins a la balena m\u00e9s gegant que viu a l&#8217;oce\u00e0, des de granotes verinoses a ratpenats que s&#8217;alimenten de fruites.<br \/>A m\u00e9s, hi trobar\u00e0s molta informaci\u00f3 de les seves caracter\u00edstiques en les notes de camp farcides d&#8217;esbossos.<\/p>\n","protected":false},"excerpt":{"rendered":"Has vist mai un peix que voli? O una criatura tan lenta que li creixi molsa a la pell?En aquest llibre de gran format hi descobrir\u00e0s els animals m\u00e9s sorprenents del planeta, per la seva antiguitat, per la seva grand\u00e0ria, [&hellip;]","protected":false},"featured_media":12049,"template":"","meta":{"_acf_changed":false,"_exactmetrics_skip_tracking":false,"_exactmetrics_sitenote_active":false,"_exactmetrics_sitenote_note":"","_exactmetrics_sitenote_category":0},"product_brand":[],"product_cat":[902,1138,1123,1128],"product_tag":[],"coleccion":[946],"class_list":{"0":"post-5779","1":"product","2":"type-product","3":"status-publish","4":"has-post-thumbnail","6":"product_cat-a-partir-de-7-anos","7":"product_cat-animales","8":"product_cat-libros-informativos-infantil","9":"product_cat-tematica","10":"coleccion-com-i-per-que","12":"first","13":"instock","14":"taxable","15":"shipping-taxable","16":"purchasable","17":"product-type-simple"},"acf":{"autor":"David Scott, Peter","codart":"3871","ediciones":"1","encuadernacion":"Carton\u00e9","fecha_de_publicacion":"01\/11\/2011","novedad":"0","paginas":"64","subtitulo":"","texto_web_adicional":"","texto_web_novedad":"","orden":"999","portada":"0","texto_web_resaltado":"","autores-libros":[16685],"ilustradores-libros":[18095],"traductores-libros":[58414]},"yoast_head":"<!-- This site is optimized with the Yoast SEO plugin v27.5 - https:\/\/yoast.com\/product\/yoast-seo-wordpress\/ -->\n<title>Animals sorprenents del m\u00f3n - Editorial Juventud<\/title>\n<meta name=\"description\" content=\"Has vist mai un peix que voli? O una criatura tan lenta que li creixi molsa a la pell?En aquest llibre de gran format hi descobrir\u00e0s els animals m\u00e9s\" \/>\n<meta name=\"robots\" content=\"index, follow, max-snippet:-1, max-image-preview:large, max-video-preview:-1\" \/>\n<link rel=\"canonical\" href=\"https:\/\/www.editorialjuventud.es\/animals-sorprenents-del-mon-9788426138712\/\" \/>\n<meta property=\"og:locale\" content=\"ca_ES\" \/>\n<meta property=\"og:type\" content=\"article\" \/>\n<meta property=\"og:title\" content=\"Animals sorprenents del m\u00f3n - Editorial Juventud\" \/>\n<meta property=\"og:description\" content=\"Has vist mai un peix que voli? O una criatura tan lenta que li creixi molsa a la pell?En aquest llibre de gran format hi descobrir\u00e0s els animals m\u00e9s\" \/>\n<meta property=\"og:url\" content=\"https:\/\/www.editorialjuventud.es\/animals-sorprenents-del-mon-9788426138712\/\" \/>\n<meta property=\"og:site_name\" content=\"Editorial Juventud\" \/>\n<meta property=\"article:modified_time\" content=\"2025-01-22T12:24:35+00:00\" \/>\n<meta property=\"og:image\" content=\"https:\/\/www.editorialjuventud.es\/wp-content\/uploads\/3871.jpg\" \/>\n\t<meta property=\"og:image:width\" content=\"353\" \/>\n\t<meta property=\"og:image:height\" content=\"450\" \/>\n\t<meta property=\"og:image:type\" content=\"image\/jpeg\" \/>\n<meta name=\"twitter:card\" content=\"summary_large_image\" \/>\n<meta name=\"twitter:label1\" content=\"Temps estimat de lectura\" \/>\n\t<meta name=\"twitter:data1\" content=\"1 minut\" \/>\n<script type=\"application\/ld+json\" class=\"yoast-schema-graph\">{\"@context\":\"https:\\\/\\\/schema.org\",\"@graph\":[{\"@type\":\"WebPage\",\"@id\":\"https:\\\/\\\/www.editorialjuventud.es\\\/animals-sorprenents-del-mon-9788426138712\\\/\",\"url\":\"https:\\\/\\\/www.editorialjuventud.es\\\/animals-sorprenents-del-mon-9788426138712\\\/\",\"name\":\"Animals sorprenents del m\u00f3n - Editorial Juventud\",\"isPartOf\":{\"@id\":\"https:\\\/\\\/www.editorialjuventud.es\\\/#website\"},\"primaryImageOfPage\":{\"@id\":\"https:\\\/\\\/www.editorialjuventud.es\\\/animals-sorprenents-del-mon-9788426138712\\\/#primaryimage\"},\"image\":{\"@id\":\"https:\\\/\\\/www.editorialjuventud.es\\\/animals-sorprenents-del-mon-9788426138712\\\/#primaryimage\"},\"thumbnailUrl\":\"https:\\\/\\\/www.editorialjuventud.es\\\/wp-content\\\/uploads\\\/3871.jpg\",\"datePublished\":\"2018-08-24T09:18:30+00:00\",\"dateModified\":\"2025-01-22T12:24:35+00:00\",\"description\":\"Has vist mai un peix que voli? O una criatura tan lenta que li creixi molsa a la pell?En aquest llibre de gran format hi descobrir\u00e0s els animals m\u00e9s\",\"breadcrumb\":{\"@id\":\"https:\\\/\\\/www.editorialjuventud.es\\\/animals-sorprenents-del-mon-9788426138712\\\/#breadcrumb\"},\"inLanguage\":\"ca\",\"potentialAction\":[{\"@type\":\"ReadAction\",\"target\":[\"https:\\\/\\\/www.editorialjuventud.es\\\/animals-sorprenents-del-mon-9788426138712\\\/\"]}]},{\"@type\":\"ImageObject\",\"inLanguage\":\"ca\",\"@id\":\"https:\\\/\\\/www.editorialjuventud.es\\\/animals-sorprenents-del-mon-9788426138712\\\/#primaryimage\",\"url\":\"https:\\\/\\\/www.editorialjuventud.es\\\/wp-content\\\/uploads\\\/3871.jpg\",\"contentUrl\":\"https:\\\/\\\/www.editorialjuventud.es\\\/wp-content\\\/uploads\\\/3871.jpg\",\"width\":353,\"height\":450,\"caption\":\"3871.jpg\"},{\"@type\":\"BreadcrumbList\",\"@id\":\"https:\\\/\\\/www.editorialjuventud.es\\\/animals-sorprenents-del-mon-9788426138712\\\/#breadcrumb\",\"itemListElement\":[{\"@type\":\"ListItem\",\"position\":1,\"name\":\"Portada\",\"item\":\"https:\\\/\\\/www.editorialjuventud.es\\\/\"},{\"@type\":\"ListItem\",\"position\":2,\"name\":\"cat\u00e1logo\",\"item\":\"https:\\\/\\\/www.editorialjuventud.es\\\/coleccion\\\/catalogo\\\/\"},{\"@type\":\"ListItem\",\"position\":3,\"name\":\"catal\u00e0\",\"item\":\"https:\\\/\\\/www.editorialjuventud.es\\\/coleccion\\\/catala\\\/\"},{\"@type\":\"ListItem\",\"position\":4,\"name\":\"\u00c0lbums Il\u00b7lustrats\",\"item\":\"https:\\\/\\\/www.editorialjuventud.es\\\/coleccion\\\/albums-il%c2%b7lustrats\\\/\"},{\"@type\":\"ListItem\",\"position\":5,\"name\":\"Com i Per qu\u00e8\",\"item\":\"https:\\\/\\\/www.editorialjuventud.es\\\/coleccion\\\/com-i-per-que\\\/\"},{\"@type\":\"ListItem\",\"position\":6,\"name\":\"Animals sorprenents del m\u00f3n\"}]},{\"@type\":\"WebSite\",\"@id\":\"https:\\\/\\\/www.editorialjuventud.es\\\/#website\",\"url\":\"https:\\\/\\\/www.editorialjuventud.es\\\/\",\"name\":\"Editorial Juventud\",\"description\":\"\",\"potentialAction\":[{\"@type\":\"SearchAction\",\"target\":{\"@type\":\"EntryPoint\",\"urlTemplate\":\"https:\\\/\\\/www.editorialjuventud.es\\\/?s={search_term_string}\"},\"query-input\":{\"@type\":\"PropertyValueSpecification\",\"valueRequired\":true,\"valueName\":\"search_term_string\"}}],\"inLanguage\":\"ca\"}]}<\/script>\n<!-- \/ Yoast SEO plugin. -->","yoast_head_json":{"title":"Animals sorprenents del m\u00f3n - Editorial Juventud","description":"Has vist mai un peix que voli? O una criatura tan lenta que li creixi molsa a la pell?En aquest llibre de gran format hi descobrir\u00e0s els animals m\u00e9s","robots":{"index":"index","follow":"follow","max-snippet":"max-snippet:-1","max-image-preview":"max-image-preview:large","max-video-preview":"max-video-preview:-1"},"canonical":"https:\/\/www.editorialjuventud.es\/animals-sorprenents-del-mon-9788426138712\/","og_locale":"ca_ES","og_type":"article","og_title":"Animals sorprenents del m\u00f3n - Editorial Juventud","og_description":"Has vist mai un peix que voli? O una criatura tan lenta que li creixi molsa a la pell?En aquest llibre de gran format hi descobrir\u00e0s els animals m\u00e9s","og_url":"https:\/\/www.editorialjuventud.es\/animals-sorprenents-del-mon-9788426138712\/","og_site_name":"Editorial Juventud","article_modified_time":"2025-01-22T12:24:35+00:00","og_image":[{"width":353,"height":450,"url":"https:\/\/www.editorialjuventud.es\/wp-content\/uploads\/3871.jpg","type":"image\/jpeg"}],"twitter_card":"summary_large_image","twitter_misc":{"Temps estimat de lectura":"1 minut"},"schema":{"@context":"https:\/\/schema.org","@graph":[{"@type":"WebPage","@id":"https:\/\/www.editorialjuventud.es\/animals-sorprenents-del-mon-9788426138712\/","url":"https:\/\/www.editorialjuventud.es\/animals-sorprenents-del-mon-9788426138712\/","name":"Animals sorprenents del m\u00f3n - Editorial Juventud","isPartOf":{"@id":"https:\/\/www.editorialjuventud.es\/#website"},"primaryImageOfPage":{"@id":"https:\/\/www.editorialjuventud.es\/animals-sorprenents-del-mon-9788426138712\/#primaryimage"},"image":{"@id":"https:\/\/www.editorialjuventud.es\/animals-sorprenents-del-mon-9788426138712\/#primaryimage"},"thumbnailUrl":"https:\/\/www.editorialjuventud.es\/wp-content\/uploads\/3871.jpg","datePublished":"2018-08-24T09:18:30+00:00","dateModified":"2025-01-22T12:24:35+00:00","description":"Has vist mai un peix que voli? O una criatura tan lenta que li creixi molsa a la pell?En aquest llibre de gran format hi descobrir\u00e0s els animals m\u00e9s","breadcrumb":{"@id":"https:\/\/www.editorialjuventud.es\/animals-sorprenents-del-mon-9788426138712\/#breadcrumb"},"inLanguage":"ca","potentialAction":[{"@type":"ReadAction","target":["https:\/\/www.editorialjuventud.es\/animals-sorprenents-del-mon-9788426138712\/"]}]},{"@type":"ImageObject","inLanguage":"ca","@id":"https:\/\/www.editorialjuventud.es\/animals-sorprenents-del-mon-9788426138712\/#primaryimage","url":"https:\/\/www.editorialjuventud.es\/wp-content\/uploads\/3871.jpg","contentUrl":"https:\/\/www.editorialjuventud.es\/wp-content\/uploads\/3871.jpg","width":353,"height":450,"caption":"3871.jpg"},{"@type":"BreadcrumbList","@id":"https:\/\/www.editorialjuventud.es\/animals-sorprenents-del-mon-9788426138712\/#breadcrumb","itemListElement":[{"@type":"ListItem","position":1,"name":"Portada","item":"https:\/\/www.editorialjuventud.es\/"},{"@type":"ListItem","position":2,"name":"cat\u00e1logo","item":"https:\/\/www.editorialjuventud.es\/coleccion\/catalogo\/"},{"@type":"ListItem","position":3,"name":"catal\u00e0","item":"https:\/\/www.editorialjuventud.es\/coleccion\/catala\/"},{"@type":"ListItem","position":4,"name":"\u00c0lbums Il\u00b7lustrats","item":"https:\/\/www.editorialjuventud.es\/coleccion\/albums-il%c2%b7lustrats\/"},{"@type":"ListItem","position":5,"name":"Com i Per qu\u00e8","item":"https:\/\/www.editorialjuventud.es\/coleccion\/com-i-per-que\/"},{"@type":"ListItem","position":6,"name":"Animals sorprenents del m\u00f3n"}]},{"@type":"WebSite","@id":"https:\/\/www.editorialjuventud.es\/#website","url":"https:\/\/www.editorialjuventud.es\/","name":"Editorial Juventud","description":"","potentialAction":[{"@type":"SearchAction","target":{"@type":"EntryPoint","urlTemplate":"https:\/\/www.editorialjuventud.es\/?s={search_term_string}"},"query-input":{"@type":"PropertyValueSpecification","valueRequired":true,"valueName":"search_term_string"}}],"inLanguage":"ca"}]}},"_links":{"self":[{"href":"https:\/\/www.editorialjuventud.es\/ca\/wp-json\/wp\/v2\/product\/5779","targetHints":{"allow":["GET"]}}],"collection":[{"href":"https:\/\/www.editorialjuventud.es\/ca\/wp-json\/wp\/v2\/product"}],"about":[{"href":"https:\/\/www.editorialjuventud.es\/ca\/wp-json\/wp\/v2\/types\/product"}],"wp:featuredmedia":[{"embeddable":true,"href":"https:\/\/www.editorialjuventud.es\/ca\/wp-json\/wp\/v2\/media\/12049"}],"wp:attachment":[{"href":"https:\/\/www.editorialjuventud.es\/ca\/wp-json\/wp\/v2\/media?parent=5779"}],"wp:term":[{"taxonomy":"product_brand","embeddable":true,"href":"https:\/\/www.editorialjuventud.es\/ca\/wp-json\/wp\/v2\/product_brand?post=5779"},{"taxonomy":"product_cat","embeddable":true,"href":"https:\/\/www.editorialjuventud.es\/ca\/wp-json\/wp\/v2\/product_cat?post=5779"},{"taxonomy":"product_tag","embeddable":true,"href":"https:\/\/www.editorialjuventud.es\/ca\/wp-json\/wp\/v2\/product_tag?post=5779"},{"taxonomy":"coleccion","embeddable":true,"href":"https:\/\/www.editorialjuventud.es\/ca\/wp-json\/wp\/v2\/coleccion?post=5779"}],"curies":[{"name":"wp","href":"https:\/\/api.w.org\/{rel}","templated":true}]}}