{"id":5778,"date":"2018-08-24T13:18:26","date_gmt":"2018-08-24T09:18:26","guid":{"rendered":"http:\/\/www.editorialjuventud.es\/animales-sorprendentes-del-mundo\/"},"modified":"2025-01-22T13:24:29","modified_gmt":"2025-01-22T12:24:29","slug":"animales-sorprendentes-del-mundo-9788426138705","status":"publish","type":"product","link":"https:\/\/www.editorialjuventud.es\/ca\/animales-sorprendentes-del-mundo-9788426138705\/","title":{"rendered":"Animales sorprendentes del mundo"},"content":{"rendered":"<p>Descubre en un libro de gran formato los animales del mundo. \u00bfAlguna vez has visto un pez que vuela? \u00bfO un animal tan lento que le crece musgo en la piel? En este libro de animales sorprendentes, descubrir\u00e1s una colecci\u00f3n de animales impresionantes, desde una de las especies m\u00e1s antiguas que habita en la Tierra hasta el animal m\u00e1s gigante que vive en el oc\u00e9ano. Contiene 22 ilustraciones en p\u00e1ginas dobles, desde ranas venenosas a murci\u00e9lagos que se alimentan de frutas.<\/p>\n","protected":false},"excerpt":{"rendered":"Descubre en un libro de gran formato los animales del mundo. \u00bfAlguna vez has visto un pez que vuela? \u00bfO un animal tan lento que le crece musgo en la piel? En este libro de animales sorprendentes, descubrir\u00e1s una colecci\u00f3n [&hellip;]","protected":false},"featured_media":12035,"template":"","meta":{"_acf_changed":false,"_exactmetrics_skip_tracking":false,"_exactmetrics_sitenote_active":false,"_exactmetrics_sitenote_note":"","_exactmetrics_sitenote_category":0},"product_brand":[],"product_cat":[900,1138,1123],"product_tag":[],"coleccion":[987],"class_list":{"0":"post-5778","1":"product","2":"type-product","3":"status-publish","4":"has-post-thumbnail","6":"product_cat-a-partir-de-5-anos","7":"product_cat-animales","8":"product_cat-libros-informativos-infantil","9":"coleccion-conocer-y-comprender","11":"first","12":"instock","13":"taxable","14":"shipping-taxable","15":"purchasable","16":"product-type-simple"},"acf":{"autor":"David Scott, Peter","codart":"3870","ediciones":"1","encuadernacion":"Carton\u00e9","fecha_de_publicacion":"01\/11\/2011","novedad":"0","paginas":"64","subtitulo":"","texto_web_adicional":"","texto_web_novedad":"","orden":"999","portada":"0","texto_web_resaltado":"","indice":"","autores-libros":[16685],"ilustradores-libros":[18095],"traductores-libros":[58414],"fecha_de_reimpresion":"","descripcion_corta":"","recomendamos":"","mas_vendido":"","idioma-libro":"","color":false,"formato":"","mas_informacion_del_producto":false,"premios":false,"deshabilitar_compra":["deshabilitar"],"texto_enlace_cubierta":"","enlace_cubierta":false,"texto_enlace_ficha_tecnica":"","enlace_ficha_tecnica":false,"ficheros":false,"titulo-fr":"","texto-fr":""},"yoast_head":"<!-- This site is optimized with the Yoast SEO plugin v27.5 - https:\/\/yoast.com\/product\/yoast-seo-wordpress\/ -->\n<title>Animales sorprendentes del mundo - Editorial Juventud<\/title>\n<meta name=\"description\" content=\"Descubre en un libro de gran formato los animales del mundo. \u00bfAlguna vez has visto un pez que vuela? \u00bfO un animal tan lento que le crece musgo en la piel?\" \/>\n<meta name=\"robots\" content=\"index, follow, max-snippet:-1, max-image-preview:large, max-video-preview:-1\" \/>\n<link rel=\"canonical\" href=\"https:\/\/www.editorialjuventud.es\/animales-sorprendentes-del-mundo-9788426138705\/\" \/>\n<meta property=\"og:locale\" content=\"ca_ES\" \/>\n<meta property=\"og:type\" content=\"article\" \/>\n<meta property=\"og:title\" content=\"Animales sorprendentes del mundo - Editorial Juventud\" \/>\n<meta property=\"og:description\" content=\"Descubre en un libro de gran formato los animales del mundo. \u00bfAlguna vez has visto un pez que vuela? \u00bfO un animal tan lento que le crece musgo en la piel?\" \/>\n<meta property=\"og:url\" content=\"https:\/\/www.editorialjuventud.es\/animales-sorprendentes-del-mundo-9788426138705\/\" \/>\n<meta property=\"og:site_name\" content=\"Editorial Juventud\" \/>\n<meta property=\"article:modified_time\" content=\"2025-01-22T12:24:29+00:00\" \/>\n<meta property=\"og:image\" content=\"https:\/\/www.editorialjuventud.es\/wp-content\/uploads\/3870.jpg\" \/>\n\t<meta property=\"og:image:width\" content=\"344\" \/>\n\t<meta property=\"og:image:height\" content=\"450\" \/>\n\t<meta property=\"og:image:type\" content=\"image\/jpeg\" \/>\n<meta name=\"twitter:card\" content=\"summary_large_image\" \/>\n<script type=\"application\/ld+json\" class=\"yoast-schema-graph\">{\"@context\":\"https:\\\/\\\/schema.org\",\"@graph\":[{\"@type\":\"WebPage\",\"@id\":\"https:\\\/\\\/www.editorialjuventud.es\\\/animales-sorprendentes-del-mundo-9788426138705\\\/\",\"url\":\"https:\\\/\\\/www.editorialjuventud.es\\\/animales-sorprendentes-del-mundo-9788426138705\\\/\",\"name\":\"Animales sorprendentes del mundo - Editorial Juventud\",\"isPartOf\":{\"@id\":\"https:\\\/\\\/www.editorialjuventud.es\\\/#website\"},\"primaryImageOfPage\":{\"@id\":\"https:\\\/\\\/www.editorialjuventud.es\\\/animales-sorprendentes-del-mundo-9788426138705\\\/#primaryimage\"},\"image\":{\"@id\":\"https:\\\/\\\/www.editorialjuventud.es\\\/animales-sorprendentes-del-mundo-9788426138705\\\/#primaryimage\"},\"thumbnailUrl\":\"https:\\\/\\\/www.editorialjuventud.es\\\/wp-content\\\/uploads\\\/3870.jpg\",\"datePublished\":\"2018-08-24T09:18:26+00:00\",\"dateModified\":\"2025-01-22T12:24:29+00:00\",\"description\":\"Descubre en un libro de gran formato los animales del mundo. \u00bfAlguna vez has visto un pez que vuela? \u00bfO un animal tan lento que le crece musgo en la piel?\",\"breadcrumb\":{\"@id\":\"https:\\\/\\\/www.editorialjuventud.es\\\/animales-sorprendentes-del-mundo-9788426138705\\\/#breadcrumb\"},\"inLanguage\":\"ca\",\"potentialAction\":[{\"@type\":\"ReadAction\",\"target\":[\"https:\\\/\\\/www.editorialjuventud.es\\\/animales-sorprendentes-del-mundo-9788426138705\\\/\"]}]},{\"@type\":\"ImageObject\",\"inLanguage\":\"ca\",\"@id\":\"https:\\\/\\\/www.editorialjuventud.es\\\/animales-sorprendentes-del-mundo-9788426138705\\\/#primaryimage\",\"url\":\"https:\\\/\\\/www.editorialjuventud.es\\\/wp-content\\\/uploads\\\/3870.jpg\",\"contentUrl\":\"https:\\\/\\\/www.editorialjuventud.es\\\/wp-content\\\/uploads\\\/3870.jpg\",\"width\":344,\"height\":450,\"caption\":\"3870.jpg\"},{\"@type\":\"BreadcrumbList\",\"@id\":\"https:\\\/\\\/www.editorialjuventud.es\\\/animales-sorprendentes-del-mundo-9788426138705\\\/#breadcrumb\",\"itemListElement\":[{\"@type\":\"ListItem\",\"position\":1,\"name\":\"Portada\",\"item\":\"https:\\\/\\\/www.editorialjuventud.es\\\/\"},{\"@type\":\"ListItem\",\"position\":2,\"name\":\"cat\u00e1logo\",\"item\":\"https:\\\/\\\/www.editorialjuventud.es\\\/coleccion\\\/catalogo\\\/\"},{\"@type\":\"ListItem\",\"position\":3,\"name\":\"castellano\",\"item\":\"https:\\\/\\\/www.editorialjuventud.es\\\/coleccion\\\/castellano\\\/\"},{\"@type\":\"ListItem\",\"position\":4,\"name\":\"\u00c1lbumes Ilustrados\",\"item\":\"https:\\\/\\\/www.editorialjuventud.es\\\/coleccion\\\/albumes-ilustrados\\\/\"},{\"@type\":\"ListItem\",\"position\":5,\"name\":\"Conocer y Comprender\",\"item\":\"https:\\\/\\\/www.editorialjuventud.es\\\/coleccion\\\/conocer-y-comprender\\\/\"},{\"@type\":\"ListItem\",\"position\":6,\"name\":\"Animales sorprendentes del mundo\"}]},{\"@type\":\"WebSite\",\"@id\":\"https:\\\/\\\/www.editorialjuventud.es\\\/#website\",\"url\":\"https:\\\/\\\/www.editorialjuventud.es\\\/\",\"name\":\"Editorial Juventud\",\"description\":\"\",\"potentialAction\":[{\"@type\":\"SearchAction\",\"target\":{\"@type\":\"EntryPoint\",\"urlTemplate\":\"https:\\\/\\\/www.editorialjuventud.es\\\/?s={search_term_string}\"},\"query-input\":{\"@type\":\"PropertyValueSpecification\",\"valueRequired\":true,\"valueName\":\"search_term_string\"}}],\"inLanguage\":\"ca\"}]}<\/script>\n<!-- \/ Yoast SEO plugin. -->","yoast_head_json":{"title":"Animales sorprendentes del mundo - Editorial Juventud","description":"Descubre en un libro de gran formato los animales del mundo. \u00bfAlguna vez has visto un pez que vuela? \u00bfO un animal tan lento que le crece musgo en la piel?","robots":{"index":"index","follow":"follow","max-snippet":"max-snippet:-1","max-image-preview":"max-image-preview:large","max-video-preview":"max-video-preview:-1"},"canonical":"https:\/\/www.editorialjuventud.es\/animales-sorprendentes-del-mundo-9788426138705\/","og_locale":"ca_ES","og_type":"article","og_title":"Animales sorprendentes del mundo - Editorial Juventud","og_description":"Descubre en un libro de gran formato los animales del mundo. \u00bfAlguna vez has visto un pez que vuela? \u00bfO un animal tan lento que le crece musgo en la piel?","og_url":"https:\/\/www.editorialjuventud.es\/animales-sorprendentes-del-mundo-9788426138705\/","og_site_name":"Editorial Juventud","article_modified_time":"2025-01-22T12:24:29+00:00","og_image":[{"width":344,"height":450,"url":"https:\/\/www.editorialjuventud.es\/wp-content\/uploads\/3870.jpg","type":"image\/jpeg"}],"twitter_card":"summary_large_image","schema":{"@context":"https:\/\/schema.org","@graph":[{"@type":"WebPage","@id":"https:\/\/www.editorialjuventud.es\/animales-sorprendentes-del-mundo-9788426138705\/","url":"https:\/\/www.editorialjuventud.es\/animales-sorprendentes-del-mundo-9788426138705\/","name":"Animales sorprendentes del mundo - Editorial Juventud","isPartOf":{"@id":"https:\/\/www.editorialjuventud.es\/#website"},"primaryImageOfPage":{"@id":"https:\/\/www.editorialjuventud.es\/animales-sorprendentes-del-mundo-9788426138705\/#primaryimage"},"image":{"@id":"https:\/\/www.editorialjuventud.es\/animales-sorprendentes-del-mundo-9788426138705\/#primaryimage"},"thumbnailUrl":"https:\/\/www.editorialjuventud.es\/wp-content\/uploads\/3870.jpg","datePublished":"2018-08-24T09:18:26+00:00","dateModified":"2025-01-22T12:24:29+00:00","description":"Descubre en un libro de gran formato los animales del mundo. \u00bfAlguna vez has visto un pez que vuela? \u00bfO un animal tan lento que le crece musgo en la piel?","breadcrumb":{"@id":"https:\/\/www.editorialjuventud.es\/animales-sorprendentes-del-mundo-9788426138705\/#breadcrumb"},"inLanguage":"ca","potentialAction":[{"@type":"ReadAction","target":["https:\/\/www.editorialjuventud.es\/animales-sorprendentes-del-mundo-9788426138705\/"]}]},{"@type":"ImageObject","inLanguage":"ca","@id":"https:\/\/www.editorialjuventud.es\/animales-sorprendentes-del-mundo-9788426138705\/#primaryimage","url":"https:\/\/www.editorialjuventud.es\/wp-content\/uploads\/3870.jpg","contentUrl":"https:\/\/www.editorialjuventud.es\/wp-content\/uploads\/3870.jpg","width":344,"height":450,"caption":"3870.jpg"},{"@type":"BreadcrumbList","@id":"https:\/\/www.editorialjuventud.es\/animales-sorprendentes-del-mundo-9788426138705\/#breadcrumb","itemListElement":[{"@type":"ListItem","position":1,"name":"Portada","item":"https:\/\/www.editorialjuventud.es\/"},{"@type":"ListItem","position":2,"name":"cat\u00e1logo","item":"https:\/\/www.editorialjuventud.es\/coleccion\/catalogo\/"},{"@type":"ListItem","position":3,"name":"castellano","item":"https:\/\/www.editorialjuventud.es\/coleccion\/castellano\/"},{"@type":"ListItem","position":4,"name":"\u00c1lbumes Ilustrados","item":"https:\/\/www.editorialjuventud.es\/coleccion\/albumes-ilustrados\/"},{"@type":"ListItem","position":5,"name":"Conocer y Comprender","item":"https:\/\/www.editorialjuventud.es\/coleccion\/conocer-y-comprender\/"},{"@type":"ListItem","position":6,"name":"Animales sorprendentes del mundo"}]},{"@type":"WebSite","@id":"https:\/\/www.editorialjuventud.es\/#website","url":"https:\/\/www.editorialjuventud.es\/","name":"Editorial Juventud","description":"","potentialAction":[{"@type":"SearchAction","target":{"@type":"EntryPoint","urlTemplate":"https:\/\/www.editorialjuventud.es\/?s={search_term_string}"},"query-input":{"@type":"PropertyValueSpecification","valueRequired":true,"valueName":"search_term_string"}}],"inLanguage":"ca"}]}},"_links":{"self":[{"href":"https:\/\/www.editorialjuventud.es\/ca\/wp-json\/wp\/v2\/product\/5778","targetHints":{"allow":["GET"]}}],"collection":[{"href":"https:\/\/www.editorialjuventud.es\/ca\/wp-json\/wp\/v2\/product"}],"about":[{"href":"https:\/\/www.editorialjuventud.es\/ca\/wp-json\/wp\/v2\/types\/product"}],"wp:featuredmedia":[{"embeddable":true,"href":"https:\/\/www.editorialjuventud.es\/ca\/wp-json\/wp\/v2\/media\/12035"}],"wp:attachment":[{"href":"https:\/\/www.editorialjuventud.es\/ca\/wp-json\/wp\/v2\/media?parent=5778"}],"wp:term":[{"taxonomy":"product_brand","embeddable":true,"href":"https:\/\/www.editorialjuventud.es\/ca\/wp-json\/wp\/v2\/product_brand?post=5778"},{"taxonomy":"product_cat","embeddable":true,"href":"https:\/\/www.editorialjuventud.es\/ca\/wp-json\/wp\/v2\/product_cat?post=5778"},{"taxonomy":"product_tag","embeddable":true,"href":"https:\/\/www.editorialjuventud.es\/ca\/wp-json\/wp\/v2\/product_tag?post=5778"},{"taxonomy":"coleccion","embeddable":true,"href":"https:\/\/www.editorialjuventud.es\/ca\/wp-json\/wp\/v2\/coleccion?post=5778"}],"curies":[{"name":"wp","href":"https:\/\/api.w.org\/{rel}","templated":true}]}}