{"id":5771,"date":"2018-08-24T13:17:52","date_gmt":"2018-08-24T09:17:52","guid":{"rendered":"http:\/\/www.editorialjuventud.es\/el-bosque-2\/"},"modified":"2025-01-22T13:24:58","modified_gmt":"2025-01-22T12:24:58","slug":"el-bosque-9788426138644","status":"publish","type":"product","link":"https:\/\/www.editorialjuventud.es\/ca\/el-bosque-9788426138644\/","title":{"rendered":"El bosque"},"content":{"rendered":"<p>En el bosque viven ciervos, zorros, erizos, jabal\u00edes, ardillas&#8230;  \u00bfTigres? \u00a1No! \u00a1Los tigres no viven en el bosque! \u00bfD\u00f3nde viven?  Las ardillas viven en el bosque, las ballenas en el mar, los chimpanc\u00e9s viven en la selva, las jirafas en la sabana&#8230; \u00bfSabes qu\u00e9 otros animales viven en cada lugar? En esta colecci\u00f3n descubrir\u00e1s a los animales en su entorno natural y familiar.<\/p>\n","protected":false},"excerpt":{"rendered":"En el bosque viven ciervos, zorros, erizos, jabal\u00edes, ardillas&#8230; \u00bfTigres? \u00a1No! \u00a1Los tigres no viven en el bosque! \u00bfD\u00f3nde viven? Las ardillas viven en el bosque, las ballenas en el mar, los chimpanc\u00e9s viven en la selva, las jirafas en [&hellip;]","protected":false},"featured_media":12513,"template":"","meta":{"_acf_changed":false,"_exactmetrics_skip_tracking":false,"_exactmetrics_sitenote_active":false,"_exactmetrics_sitenote_note":"","_exactmetrics_sitenote_category":0},"product_brand":[],"product_cat":[898,1138,1281,907,1122,1123],"product_tag":[],"coleccion":[1013,916,1296],"class_list":{"0":"post-5771","1":"product","2":"type-product","3":"status-publish","4":"has-post-thumbnail","6":"product_cat-a-partir-de-2-anos","7":"product_cat-animales","8":"product_cat-aprendizaje","9":"product_cat-de-0-a-2-anos","10":"product_cat-libros-de-carton","11":"product_cat-libros-informativos-infantil","12":"coleccion-donde-viven-los-animales","13":"coleccion-castellano","14":"coleccion-mis-primeros-libros","16":"first","17":"instock","18":"taxable","19":"shipping-taxable","20":"purchasable","21":"product-type-simple"},"acf":{"autor":"Asensio, Albert","codart":"3864","ediciones":"1","encuadernacion":"Cart\u00f3n","fecha_de_publicacion":"13\/10\/2011","novedad":"0","paginas":"14","subtitulo":"","texto_web_adicional":"","texto_web_novedad":"","orden":"999","portada":"0","texto_web_resaltado":"","autores-libros":[16198],"ilustradores-libros":[16198]},"yoast_head":"<!-- This site is optimized with the Yoast SEO plugin v27.5 - https:\/\/yoast.com\/product\/yoast-seo-wordpress\/ -->\n<title>El bosque - Editorial Juventud<\/title>\n<meta name=\"description\" content=\"En el bosque viven ciervos, zorros, erizos, jabal\u00edes, ardillas... \u00bfTigres? \u00a1No! \u00a1Los tigres no viven en el bosque! \u00bfD\u00f3nde viven? Las ardillas viven en el\" \/>\n<meta name=\"robots\" content=\"index, follow, max-snippet:-1, max-image-preview:large, max-video-preview:-1\" \/>\n<link rel=\"canonical\" href=\"https:\/\/www.editorialjuventud.es\/el-bosque-9788426138644\/\" \/>\n<meta property=\"og:locale\" content=\"ca_ES\" \/>\n<meta property=\"og:type\" content=\"article\" \/>\n<meta property=\"og:title\" content=\"El bosque - Editorial Juventud\" \/>\n<meta property=\"og:description\" content=\"En el bosque viven ciervos, zorros, erizos, jabal\u00edes, ardillas... \u00bfTigres? \u00a1No! \u00a1Los tigres no viven en el bosque! \u00bfD\u00f3nde viven? Las ardillas viven en el\" \/>\n<meta property=\"og:url\" content=\"https:\/\/www.editorialjuventud.es\/el-bosque-9788426138644\/\" \/>\n<meta property=\"og:site_name\" content=\"Editorial Juventud\" \/>\n<meta property=\"article:modified_time\" content=\"2025-01-22T12:24:58+00:00\" \/>\n<meta property=\"og:image\" content=\"https:\/\/www.editorialjuventud.es\/wp-content\/uploads\/3864.jpg\" \/>\n\t<meta property=\"og:image:width\" content=\"455\" \/>\n\t<meta property=\"og:image:height\" content=\"450\" \/>\n\t<meta property=\"og:image:type\" content=\"image\/jpeg\" \/>\n<meta name=\"twitter:card\" content=\"summary_large_image\" \/>\n<script type=\"application\/ld+json\" class=\"yoast-schema-graph\">{\"@context\":\"https:\\\/\\\/schema.org\",\"@graph\":[{\"@type\":\"WebPage\",\"@id\":\"https:\\\/\\\/www.editorialjuventud.es\\\/el-bosque-9788426138644\\\/\",\"url\":\"https:\\\/\\\/www.editorialjuventud.es\\\/el-bosque-9788426138644\\\/\",\"name\":\"El bosque - Editorial Juventud\",\"isPartOf\":{\"@id\":\"https:\\\/\\\/www.editorialjuventud.es\\\/#website\"},\"primaryImageOfPage\":{\"@id\":\"https:\\\/\\\/www.editorialjuventud.es\\\/el-bosque-9788426138644\\\/#primaryimage\"},\"image\":{\"@id\":\"https:\\\/\\\/www.editorialjuventud.es\\\/el-bosque-9788426138644\\\/#primaryimage\"},\"thumbnailUrl\":\"https:\\\/\\\/www.editorialjuventud.es\\\/wp-content\\\/uploads\\\/3864.jpg\",\"datePublished\":\"2018-08-24T09:17:52+00:00\",\"dateModified\":\"2025-01-22T12:24:58+00:00\",\"description\":\"En el bosque viven ciervos, zorros, erizos, jabal\u00edes, ardillas... \u00bfTigres? \u00a1No! \u00a1Los tigres no viven en el bosque! \u00bfD\u00f3nde viven? Las ardillas viven en el\",\"breadcrumb\":{\"@id\":\"https:\\\/\\\/www.editorialjuventud.es\\\/el-bosque-9788426138644\\\/#breadcrumb\"},\"inLanguage\":\"ca\",\"potentialAction\":[{\"@type\":\"ReadAction\",\"target\":[\"https:\\\/\\\/www.editorialjuventud.es\\\/el-bosque-9788426138644\\\/\"]}]},{\"@type\":\"ImageObject\",\"inLanguage\":\"ca\",\"@id\":\"https:\\\/\\\/www.editorialjuventud.es\\\/el-bosque-9788426138644\\\/#primaryimage\",\"url\":\"https:\\\/\\\/www.editorialjuventud.es\\\/wp-content\\\/uploads\\\/3864.jpg\",\"contentUrl\":\"https:\\\/\\\/www.editorialjuventud.es\\\/wp-content\\\/uploads\\\/3864.jpg\",\"width\":455,\"height\":450,\"caption\":\"3864.jpg\"},{\"@type\":\"BreadcrumbList\",\"@id\":\"https:\\\/\\\/www.editorialjuventud.es\\\/el-bosque-9788426138644\\\/#breadcrumb\",\"itemListElement\":[{\"@type\":\"ListItem\",\"position\":1,\"name\":\"Portada\",\"item\":\"https:\\\/\\\/www.editorialjuventud.es\\\/\"},{\"@type\":\"ListItem\",\"position\":2,\"name\":\"cat\u00e1logo\",\"item\":\"https:\\\/\\\/www.editorialjuventud.es\\\/coleccion\\\/catalogo\\\/\"},{\"@type\":\"ListItem\",\"position\":3,\"name\":\"castellano\",\"item\":\"https:\\\/\\\/www.editorialjuventud.es\\\/coleccion\\\/castellano\\\/\"},{\"@type\":\"ListItem\",\"position\":4,\"name\":\"Mis Primeros Libros\",\"item\":\"https:\\\/\\\/www.editorialjuventud.es\\\/coleccion\\\/mis-primeros-libros\\\/\"},{\"@type\":\"ListItem\",\"position\":5,\"name\":\"\u00bfD\u00f3nde Viven los Animales?\",\"item\":\"https:\\\/\\\/www.editorialjuventud.es\\\/coleccion\\\/donde-viven-los-animales\\\/\"},{\"@type\":\"ListItem\",\"position\":6,\"name\":\"El bosque\"}]},{\"@type\":\"WebSite\",\"@id\":\"https:\\\/\\\/www.editorialjuventud.es\\\/#website\",\"url\":\"https:\\\/\\\/www.editorialjuventud.es\\\/\",\"name\":\"Editorial Juventud\",\"description\":\"\",\"potentialAction\":[{\"@type\":\"SearchAction\",\"target\":{\"@type\":\"EntryPoint\",\"urlTemplate\":\"https:\\\/\\\/www.editorialjuventud.es\\\/?s={search_term_string}\"},\"query-input\":{\"@type\":\"PropertyValueSpecification\",\"valueRequired\":true,\"valueName\":\"search_term_string\"}}],\"inLanguage\":\"ca\"}]}<\/script>\n<!-- \/ Yoast SEO plugin. -->","yoast_head_json":{"title":"El bosque - Editorial Juventud","description":"En el bosque viven ciervos, zorros, erizos, jabal\u00edes, ardillas... \u00bfTigres? \u00a1No! \u00a1Los tigres no viven en el bosque! \u00bfD\u00f3nde viven? Las ardillas viven en el","robots":{"index":"index","follow":"follow","max-snippet":"max-snippet:-1","max-image-preview":"max-image-preview:large","max-video-preview":"max-video-preview:-1"},"canonical":"https:\/\/www.editorialjuventud.es\/el-bosque-9788426138644\/","og_locale":"ca_ES","og_type":"article","og_title":"El bosque - Editorial Juventud","og_description":"En el bosque viven ciervos, zorros, erizos, jabal\u00edes, ardillas... \u00bfTigres? \u00a1No! \u00a1Los tigres no viven en el bosque! \u00bfD\u00f3nde viven? Las ardillas viven en el","og_url":"https:\/\/www.editorialjuventud.es\/el-bosque-9788426138644\/","og_site_name":"Editorial Juventud","article_modified_time":"2025-01-22T12:24:58+00:00","og_image":[{"width":455,"height":450,"url":"https:\/\/www.editorialjuventud.es\/wp-content\/uploads\/3864.jpg","type":"image\/jpeg"}],"twitter_card":"summary_large_image","schema":{"@context":"https:\/\/schema.org","@graph":[{"@type":"WebPage","@id":"https:\/\/www.editorialjuventud.es\/el-bosque-9788426138644\/","url":"https:\/\/www.editorialjuventud.es\/el-bosque-9788426138644\/","name":"El bosque - Editorial Juventud","isPartOf":{"@id":"https:\/\/www.editorialjuventud.es\/#website"},"primaryImageOfPage":{"@id":"https:\/\/www.editorialjuventud.es\/el-bosque-9788426138644\/#primaryimage"},"image":{"@id":"https:\/\/www.editorialjuventud.es\/el-bosque-9788426138644\/#primaryimage"},"thumbnailUrl":"https:\/\/www.editorialjuventud.es\/wp-content\/uploads\/3864.jpg","datePublished":"2018-08-24T09:17:52+00:00","dateModified":"2025-01-22T12:24:58+00:00","description":"En el bosque viven ciervos, zorros, erizos, jabal\u00edes, ardillas... \u00bfTigres? \u00a1No! \u00a1Los tigres no viven en el bosque! \u00bfD\u00f3nde viven? Las ardillas viven en el","breadcrumb":{"@id":"https:\/\/www.editorialjuventud.es\/el-bosque-9788426138644\/#breadcrumb"},"inLanguage":"ca","potentialAction":[{"@type":"ReadAction","target":["https:\/\/www.editorialjuventud.es\/el-bosque-9788426138644\/"]}]},{"@type":"ImageObject","inLanguage":"ca","@id":"https:\/\/www.editorialjuventud.es\/el-bosque-9788426138644\/#primaryimage","url":"https:\/\/www.editorialjuventud.es\/wp-content\/uploads\/3864.jpg","contentUrl":"https:\/\/www.editorialjuventud.es\/wp-content\/uploads\/3864.jpg","width":455,"height":450,"caption":"3864.jpg"},{"@type":"BreadcrumbList","@id":"https:\/\/www.editorialjuventud.es\/el-bosque-9788426138644\/#breadcrumb","itemListElement":[{"@type":"ListItem","position":1,"name":"Portada","item":"https:\/\/www.editorialjuventud.es\/"},{"@type":"ListItem","position":2,"name":"cat\u00e1logo","item":"https:\/\/www.editorialjuventud.es\/coleccion\/catalogo\/"},{"@type":"ListItem","position":3,"name":"castellano","item":"https:\/\/www.editorialjuventud.es\/coleccion\/castellano\/"},{"@type":"ListItem","position":4,"name":"Mis Primeros Libros","item":"https:\/\/www.editorialjuventud.es\/coleccion\/mis-primeros-libros\/"},{"@type":"ListItem","position":5,"name":"\u00bfD\u00f3nde Viven los Animales?","item":"https:\/\/www.editorialjuventud.es\/coleccion\/donde-viven-los-animales\/"},{"@type":"ListItem","position":6,"name":"El bosque"}]},{"@type":"WebSite","@id":"https:\/\/www.editorialjuventud.es\/#website","url":"https:\/\/www.editorialjuventud.es\/","name":"Editorial Juventud","description":"","potentialAction":[{"@type":"SearchAction","target":{"@type":"EntryPoint","urlTemplate":"https:\/\/www.editorialjuventud.es\/?s={search_term_string}"},"query-input":{"@type":"PropertyValueSpecification","valueRequired":true,"valueName":"search_term_string"}}],"inLanguage":"ca"}]}},"_links":{"self":[{"href":"https:\/\/www.editorialjuventud.es\/ca\/wp-json\/wp\/v2\/product\/5771","targetHints":{"allow":["GET"]}}],"collection":[{"href":"https:\/\/www.editorialjuventud.es\/ca\/wp-json\/wp\/v2\/product"}],"about":[{"href":"https:\/\/www.editorialjuventud.es\/ca\/wp-json\/wp\/v2\/types\/product"}],"wp:featuredmedia":[{"embeddable":true,"href":"https:\/\/www.editorialjuventud.es\/ca\/wp-json\/wp\/v2\/media\/12513"}],"wp:attachment":[{"href":"https:\/\/www.editorialjuventud.es\/ca\/wp-json\/wp\/v2\/media?parent=5771"}],"wp:term":[{"taxonomy":"product_brand","embeddable":true,"href":"https:\/\/www.editorialjuventud.es\/ca\/wp-json\/wp\/v2\/product_brand?post=5771"},{"taxonomy":"product_cat","embeddable":true,"href":"https:\/\/www.editorialjuventud.es\/ca\/wp-json\/wp\/v2\/product_cat?post=5771"},{"taxonomy":"product_tag","embeddable":true,"href":"https:\/\/www.editorialjuventud.es\/ca\/wp-json\/wp\/v2\/product_tag?post=5771"},{"taxonomy":"coleccion","embeddable":true,"href":"https:\/\/www.editorialjuventud.es\/ca\/wp-json\/wp\/v2\/coleccion?post=5771"}],"curies":[{"name":"wp","href":"https:\/\/api.w.org\/{rel}","templated":true}]}}