{"id":5765,"date":"2018-08-24T11:17:27","date_gmt":"2018-08-24T09:17:27","guid":{"rendered":"http:\/\/www.editorialjuventud.es\/tintin-i-lart-alfa\/"},"modified":"2025-01-22T13:25:14","modified_gmt":"2025-01-22T12:25:14","slug":"tintin-i-lart-alfa-9788426138590","status":"publish","type":"product","link":"https:\/\/www.editorialjuventud.es\/ca\/tintin-i-lart-alfa-9788426138590\/","title":{"rendered":"Tint\u00edn i l&#8217;Art &#8211; Alfa"},"content":{"rendered":"<p>Uns anys despr\u00e9s de la publicaci\u00f3 de Tint\u00edn i els P\u00edcaros, i poc abans del cinquanta aniversari del seu heroi, Herg\u00e9 tria com a marc del seu seg\u00fcent \u00e0lbum el m\u00f3n de l&#8217;art contemporani que coneix especialment b\u00e9. Hi llan\u00e7a Tint\u00edn sense saber molt b\u00e9 \u00abon el portar\u00e0 aquesta hist\u00f2ria\u00bb. Herg\u00e9 treballa espor\u00e0dicament, desitjant no decebre els seus lectors, per\u00f2 la malaltia l&#8217;acapara i aviat el conven\u00e7 que aquesta aventura mai ser\u00e0 acabada i es convertir\u00e0 en l&#8217;\u00faltima aventura de Tint\u00edn Quan el mar\u00e7 de 1983, Herg\u00e9 abandona definitivament Tint\u00edn a la seva sort, confiant a la seva esposa Fanny la cura de guiar el seu petit reporter amb dinamisme per\u00f2 sense concessions, deixa a la seva taula de treball molt m\u00e9s que un projecte per\u00f2 molt menys que un \u00e0lbum acabat.<\/p>\n","protected":false},"excerpt":{"rendered":"Uns anys despr\u00e9s de la publicaci\u00f3 de Tint\u00edn i els P\u00edcaros, i poc abans del cinquanta aniversari del seu heroi, Herg\u00e9 tria com a marc del seu seg\u00fcent \u00e0lbum el m\u00f3n de l&#8217;art contemporani que coneix especialment b\u00e9. Hi llan\u00e7a [&hellip;]","protected":false},"featured_media":14855,"template":"","meta":{"_acf_changed":false,"_exactmetrics_skip_tracking":false,"_exactmetrics_sitenote_active":false,"_exactmetrics_sitenote_note":"","_exactmetrics_sitenote_category":0},"product_brand":[],"product_cat":[902,1142,1127,892,1128],"product_tag":[],"coleccion":[1087,925],"class_list":{"0":"post-5765","1":"product","2":"type-product","3":"status-publish","4":"has-post-thumbnail","6":"product_cat-a-partir-de-7-anos","7":"product_cat-aventura","8":"product_cat-comic","9":"product_cat-edades","10":"product_cat-tematica","11":"coleccion-les-aventures-de-tintin-llibres-de-tintin","12":"coleccion-llibres-de-tintin","14":"first","15":"instock","16":"taxable","17":"shipping-taxable","18":"purchasable","19":"product-type-simple"},"acf":{"autor":"HERGE - VARIOS","codart":"3859","ediciones":"3","encuadernacion":"Carton\u00e9","fecha_de_publicacion":"01\/10\/2011","novedad":"0","paginas":"64","subtitulo":"","texto_web_adicional":"","texto_web_novedad":"","orden":"999","portada":"0","texto_web_resaltado":"","autores-libros":[16407],"ilustradores-libros":[16407],"traductores-libros":[18322]},"yoast_head":"<!-- This site is optimized with the Yoast SEO plugin v27.5 - https:\/\/yoast.com\/product\/yoast-seo-wordpress\/ -->\n<title>Tint\u00edn i l&#039;Art - Alfa - Editorial Juventud<\/title>\n<meta name=\"description\" content=\"Uns anys despr\u00e9s de la publicaci\u00f3 de Tint\u00edn i els P\u00edcaros, i poc abans del cinquanta aniversari del seu heroi, Herg\u00e9 tria com a marc del seu seg\u00fcent \u00e0lbum\" \/>\n<meta name=\"robots\" content=\"index, follow, max-snippet:-1, max-image-preview:large, max-video-preview:-1\" \/>\n<link rel=\"canonical\" href=\"https:\/\/www.editorialjuventud.es\/tintin-i-lart-alfa-9788426138590\/\" \/>\n<meta property=\"og:locale\" content=\"ca_ES\" \/>\n<meta property=\"og:type\" content=\"article\" \/>\n<meta property=\"og:title\" content=\"Tint\u00edn i l&#039;Art - Alfa - Editorial Juventud\" \/>\n<meta property=\"og:description\" content=\"Uns anys despr\u00e9s de la publicaci\u00f3 de Tint\u00edn i els P\u00edcaros, i poc abans del cinquanta aniversari del seu heroi, Herg\u00e9 tria com a marc del seu seg\u00fcent \u00e0lbum\" \/>\n<meta property=\"og:url\" content=\"https:\/\/www.editorialjuventud.es\/tintin-i-lart-alfa-9788426138590\/\" \/>\n<meta property=\"og:site_name\" content=\"Editorial Juventud\" \/>\n<meta property=\"article:modified_time\" content=\"2025-01-22T12:25:14+00:00\" \/>\n<meta property=\"og:image\" content=\"https:\/\/www.editorialjuventud.es\/wp-content\/uploads\/3859.jpg\" \/>\n\t<meta property=\"og:image:width\" content=\"319\" \/>\n\t<meta property=\"og:image:height\" content=\"450\" \/>\n\t<meta property=\"og:image:type\" content=\"image\/jpeg\" \/>\n<meta name=\"twitter:card\" content=\"summary_large_image\" \/>\n<meta name=\"twitter:label1\" content=\"Temps estimat de lectura\" \/>\n\t<meta name=\"twitter:data1\" content=\"1 minut\" \/>\n<script type=\"application\/ld+json\" class=\"yoast-schema-graph\">{\"@context\":\"https:\\\/\\\/schema.org\",\"@graph\":[{\"@type\":\"WebPage\",\"@id\":\"https:\\\/\\\/www.editorialjuventud.es\\\/tintin-i-lart-alfa-9788426138590\\\/\",\"url\":\"https:\\\/\\\/www.editorialjuventud.es\\\/tintin-i-lart-alfa-9788426138590\\\/\",\"name\":\"Tint\u00edn i l'Art - Alfa - Editorial Juventud\",\"isPartOf\":{\"@id\":\"https:\\\/\\\/www.editorialjuventud.es\\\/#website\"},\"primaryImageOfPage\":{\"@id\":\"https:\\\/\\\/www.editorialjuventud.es\\\/tintin-i-lart-alfa-9788426138590\\\/#primaryimage\"},\"image\":{\"@id\":\"https:\\\/\\\/www.editorialjuventud.es\\\/tintin-i-lart-alfa-9788426138590\\\/#primaryimage\"},\"thumbnailUrl\":\"https:\\\/\\\/www.editorialjuventud.es\\\/wp-content\\\/uploads\\\/3859.jpg\",\"datePublished\":\"2018-08-24T09:17:27+00:00\",\"dateModified\":\"2025-01-22T12:25:14+00:00\",\"description\":\"Uns anys despr\u00e9s de la publicaci\u00f3 de Tint\u00edn i els P\u00edcaros, i poc abans del cinquanta aniversari del seu heroi, Herg\u00e9 tria com a marc del seu seg\u00fcent \u00e0lbum\",\"breadcrumb\":{\"@id\":\"https:\\\/\\\/www.editorialjuventud.es\\\/tintin-i-lart-alfa-9788426138590\\\/#breadcrumb\"},\"inLanguage\":\"ca\",\"potentialAction\":[{\"@type\":\"ReadAction\",\"target\":[\"https:\\\/\\\/www.editorialjuventud.es\\\/tintin-i-lart-alfa-9788426138590\\\/\"]}]},{\"@type\":\"ImageObject\",\"inLanguage\":\"ca\",\"@id\":\"https:\\\/\\\/www.editorialjuventud.es\\\/tintin-i-lart-alfa-9788426138590\\\/#primaryimage\",\"url\":\"https:\\\/\\\/www.editorialjuventud.es\\\/wp-content\\\/uploads\\\/3859.jpg\",\"contentUrl\":\"https:\\\/\\\/www.editorialjuventud.es\\\/wp-content\\\/uploads\\\/3859.jpg\",\"width\":319,\"height\":450,\"caption\":\"3859.jpg\"},{\"@type\":\"BreadcrumbList\",\"@id\":\"https:\\\/\\\/www.editorialjuventud.es\\\/tintin-i-lart-alfa-9788426138590\\\/#breadcrumb\",\"itemListElement\":[{\"@type\":\"ListItem\",\"position\":1,\"name\":\"Portada\",\"item\":\"https:\\\/\\\/www.editorialjuventud.es\\\/\"},{\"@type\":\"ListItem\",\"position\":2,\"name\":\"cat\u00e1logo\",\"item\":\"https:\\\/\\\/www.editorialjuventud.es\\\/coleccion\\\/catalogo\\\/\"},{\"@type\":\"ListItem\",\"position\":3,\"name\":\"catal\u00e0\",\"item\":\"https:\\\/\\\/www.editorialjuventud.es\\\/coleccion\\\/catala\\\/\"},{\"@type\":\"ListItem\",\"position\":4,\"name\":\"Llibres de Tint\u00edn\",\"item\":\"https:\\\/\\\/www.editorialjuventud.es\\\/ca\\\/coleccion\\\/llibres-de-tintin\\\/\"},{\"@type\":\"ListItem\",\"position\":5,\"name\":\"Les Aventures de Tint\u00edn\",\"item\":\"https:\\\/\\\/www.editorialjuventud.es\\\/ca\\\/coleccion\\\/les-aventures-de-tintin-llibres-de-tintin\\\/\"},{\"@type\":\"ListItem\",\"position\":6,\"name\":\"Tint\u00edn i l'Art - Alfa\"}]},{\"@type\":\"WebSite\",\"@id\":\"https:\\\/\\\/www.editorialjuventud.es\\\/#website\",\"url\":\"https:\\\/\\\/www.editorialjuventud.es\\\/\",\"name\":\"Editorial Juventud\",\"description\":\"\",\"potentialAction\":[{\"@type\":\"SearchAction\",\"target\":{\"@type\":\"EntryPoint\",\"urlTemplate\":\"https:\\\/\\\/www.editorialjuventud.es\\\/?s={search_term_string}\"},\"query-input\":{\"@type\":\"PropertyValueSpecification\",\"valueRequired\":true,\"valueName\":\"search_term_string\"}}],\"inLanguage\":\"ca\"}]}<\/script>\n<!-- \/ Yoast SEO plugin. -->","yoast_head_json":{"title":"Tint\u00edn i l'Art - Alfa - Editorial Juventud","description":"Uns anys despr\u00e9s de la publicaci\u00f3 de Tint\u00edn i els P\u00edcaros, i poc abans del cinquanta aniversari del seu heroi, Herg\u00e9 tria com a marc del seu seg\u00fcent \u00e0lbum","robots":{"index":"index","follow":"follow","max-snippet":"max-snippet:-1","max-image-preview":"max-image-preview:large","max-video-preview":"max-video-preview:-1"},"canonical":"https:\/\/www.editorialjuventud.es\/tintin-i-lart-alfa-9788426138590\/","og_locale":"ca_ES","og_type":"article","og_title":"Tint\u00edn i l'Art - Alfa - Editorial Juventud","og_description":"Uns anys despr\u00e9s de la publicaci\u00f3 de Tint\u00edn i els P\u00edcaros, i poc abans del cinquanta aniversari del seu heroi, Herg\u00e9 tria com a marc del seu seg\u00fcent \u00e0lbum","og_url":"https:\/\/www.editorialjuventud.es\/tintin-i-lart-alfa-9788426138590\/","og_site_name":"Editorial Juventud","article_modified_time":"2025-01-22T12:25:14+00:00","og_image":[{"width":319,"height":450,"url":"https:\/\/www.editorialjuventud.es\/wp-content\/uploads\/3859.jpg","type":"image\/jpeg"}],"twitter_card":"summary_large_image","twitter_misc":{"Temps estimat de lectura":"1 minut"},"schema":{"@context":"https:\/\/schema.org","@graph":[{"@type":"WebPage","@id":"https:\/\/www.editorialjuventud.es\/tintin-i-lart-alfa-9788426138590\/","url":"https:\/\/www.editorialjuventud.es\/tintin-i-lart-alfa-9788426138590\/","name":"Tint\u00edn i l'Art - Alfa - Editorial Juventud","isPartOf":{"@id":"https:\/\/www.editorialjuventud.es\/#website"},"primaryImageOfPage":{"@id":"https:\/\/www.editorialjuventud.es\/tintin-i-lart-alfa-9788426138590\/#primaryimage"},"image":{"@id":"https:\/\/www.editorialjuventud.es\/tintin-i-lart-alfa-9788426138590\/#primaryimage"},"thumbnailUrl":"https:\/\/www.editorialjuventud.es\/wp-content\/uploads\/3859.jpg","datePublished":"2018-08-24T09:17:27+00:00","dateModified":"2025-01-22T12:25:14+00:00","description":"Uns anys despr\u00e9s de la publicaci\u00f3 de Tint\u00edn i els P\u00edcaros, i poc abans del cinquanta aniversari del seu heroi, Herg\u00e9 tria com a marc del seu seg\u00fcent \u00e0lbum","breadcrumb":{"@id":"https:\/\/www.editorialjuventud.es\/tintin-i-lart-alfa-9788426138590\/#breadcrumb"},"inLanguage":"ca","potentialAction":[{"@type":"ReadAction","target":["https:\/\/www.editorialjuventud.es\/tintin-i-lart-alfa-9788426138590\/"]}]},{"@type":"ImageObject","inLanguage":"ca","@id":"https:\/\/www.editorialjuventud.es\/tintin-i-lart-alfa-9788426138590\/#primaryimage","url":"https:\/\/www.editorialjuventud.es\/wp-content\/uploads\/3859.jpg","contentUrl":"https:\/\/www.editorialjuventud.es\/wp-content\/uploads\/3859.jpg","width":319,"height":450,"caption":"3859.jpg"},{"@type":"BreadcrumbList","@id":"https:\/\/www.editorialjuventud.es\/tintin-i-lart-alfa-9788426138590\/#breadcrumb","itemListElement":[{"@type":"ListItem","position":1,"name":"Portada","item":"https:\/\/www.editorialjuventud.es\/"},{"@type":"ListItem","position":2,"name":"cat\u00e1logo","item":"https:\/\/www.editorialjuventud.es\/coleccion\/catalogo\/"},{"@type":"ListItem","position":3,"name":"catal\u00e0","item":"https:\/\/www.editorialjuventud.es\/coleccion\/catala\/"},{"@type":"ListItem","position":4,"name":"Llibres de Tint\u00edn","item":"https:\/\/www.editorialjuventud.es\/ca\/coleccion\/llibres-de-tintin\/"},{"@type":"ListItem","position":5,"name":"Les Aventures de Tint\u00edn","item":"https:\/\/www.editorialjuventud.es\/ca\/coleccion\/les-aventures-de-tintin-llibres-de-tintin\/"},{"@type":"ListItem","position":6,"name":"Tint\u00edn i l'Art - Alfa"}]},{"@type":"WebSite","@id":"https:\/\/www.editorialjuventud.es\/#website","url":"https:\/\/www.editorialjuventud.es\/","name":"Editorial Juventud","description":"","potentialAction":[{"@type":"SearchAction","target":{"@type":"EntryPoint","urlTemplate":"https:\/\/www.editorialjuventud.es\/?s={search_term_string}"},"query-input":{"@type":"PropertyValueSpecification","valueRequired":true,"valueName":"search_term_string"}}],"inLanguage":"ca"}]}},"_links":{"self":[{"href":"https:\/\/www.editorialjuventud.es\/ca\/wp-json\/wp\/v2\/product\/5765","targetHints":{"allow":["GET"]}}],"collection":[{"href":"https:\/\/www.editorialjuventud.es\/ca\/wp-json\/wp\/v2\/product"}],"about":[{"href":"https:\/\/www.editorialjuventud.es\/ca\/wp-json\/wp\/v2\/types\/product"}],"wp:featuredmedia":[{"embeddable":true,"href":"https:\/\/www.editorialjuventud.es\/ca\/wp-json\/wp\/v2\/media\/14855"}],"wp:attachment":[{"href":"https:\/\/www.editorialjuventud.es\/ca\/wp-json\/wp\/v2\/media?parent=5765"}],"wp:term":[{"taxonomy":"product_brand","embeddable":true,"href":"https:\/\/www.editorialjuventud.es\/ca\/wp-json\/wp\/v2\/product_brand?post=5765"},{"taxonomy":"product_cat","embeddable":true,"href":"https:\/\/www.editorialjuventud.es\/ca\/wp-json\/wp\/v2\/product_cat?post=5765"},{"taxonomy":"product_tag","embeddable":true,"href":"https:\/\/www.editorialjuventud.es\/ca\/wp-json\/wp\/v2\/product_tag?post=5765"},{"taxonomy":"coleccion","embeddable":true,"href":"https:\/\/www.editorialjuventud.es\/ca\/wp-json\/wp\/v2\/coleccion?post=5765"}],"curies":[{"name":"wp","href":"https:\/\/api.w.org\/{rel}","templated":true}]}}