{"id":5763,"date":"2018-08-24T11:17:19","date_gmt":"2018-08-24T09:17:19","guid":{"rendered":"http:\/\/www.editorialjuventud.es\/salvem-els-animals\/"},"modified":"2021-10-27T20:09:51","modified_gmt":"2021-10-27T18:09:51","slug":"salvem-els-animals-9788426138576","status":"publish","type":"product","link":"https:\/\/www.editorialjuventud.es\/ca\/salvem-els-animals-9788426138576\/","title":{"rendered":"Salvem els animals"},"content":{"rendered":"<p>Un \u00e0lbum amb solapes sobre la protecci\u00f3 del medi ambient per a petits lectors. Des de l&#8217;elefant afric\u00e0 fins a la papallona monarca, cada p\u00e0gina retrata un animal en perill d&#8217;extinci\u00f3 i alguns consells finals per ajudar-los a no desapar\u00e8ixer.<\/p>\n","protected":false},"excerpt":{"rendered":"Un \u00e0lbum amb solapes sobre la protecci\u00f3 del medi ambient per a petits lectors. Des de l&#8217;elefant afric\u00e0 fins a la papallona monarca, cada p\u00e0gina retrata un animal en perill d&#8217;extinci\u00f3 i alguns consells finals per ajudar-los a no desapar\u00e8ixer.","protected":false},"featured_media":21276,"template":"","meta":{"_acf_changed":false,"_exactmetrics_skip_tracking":false,"_exactmetrics_sitenote_active":false,"_exactmetrics_sitenote_note":"","_exactmetrics_sitenote_category":0},"product_brand":[],"product_cat":[900,1121,1138,1167,892,1115,1128],"product_tag":[],"coleccion":[917,915,950],"class_list":{"0":"post-5763","1":"product","2":"type-product","3":"status-publish","4":"has-post-thumbnail","6":"product_cat-a-partir-de-5-anos","7":"product_cat-albumes-ilustrados","8":"product_cat-animales","9":"product_cat-ecologia-medio-ambiente","10":"product_cat-edades","11":"product_cat-generos","12":"product_cat-tematica","13":"coleccion-albums-illustrats","14":"coleccion-catala","15":"coleccion-ecologia","17":"first","18":"instock","19":"taxable","20":"shipping-taxable","21":"purchasable","22":"product-type-simple"},"acf":{"autor":"BARRY, FRANCES","codart":"3857","ediciones":"1","encuadernacion":"Carton\u00e9","fecha_de_publicacion":"01\/01\/2012","novedad":"0","paginas":"32","subtitulo":"","texto_web_adicional":"","texto_web_novedad":"","orden":"999","portada":"0","texto_web_resaltado":"","indice":"","autores-libros":[16212],"ilustradores-libros":[16212],"traductores-libros":[58414],"descripcion_corta":"","recomendamos":"","mas_vendido":"","idioma-libro":"","color":false,"formato":"","mas_informacion_del_producto":false,"premios":false,"texto_enlace_cubierta":"","enlace_cubierta":false,"texto_enlace_ficha_tecnica":"","enlace_ficha_tecnica":false,"ficheros":false,"titulo-fr":"","texto-fr":""},"yoast_head":"<!-- This site is optimized with the Yoast SEO plugin v27.5 - https:\/\/yoast.com\/product\/yoast-seo-wordpress\/ -->\n<title>Salvem els animals - Editorial Juventud<\/title>\n<meta name=\"description\" content=\"Un \u00e0lbum amb solapes sobre la protecci\u00f3 del medi ambient per a petits lectors. Des de l&#039;elefant afric\u00e0 fins a la papallona monarca, cada p\u00e0gina retrata un\" \/>\n<meta name=\"robots\" content=\"index, follow, max-snippet:-1, max-image-preview:large, max-video-preview:-1\" \/>\n<link rel=\"canonical\" href=\"https:\/\/www.editorialjuventud.es\/salvem-els-animals-9788426138576\/\" \/>\n<meta property=\"og:locale\" content=\"ca_ES\" \/>\n<meta property=\"og:type\" content=\"article\" \/>\n<meta property=\"og:title\" content=\"Salvem els animals - Editorial Juventud\" \/>\n<meta property=\"og:description\" content=\"Un \u00e0lbum amb solapes sobre la protecci\u00f3 del medi ambient per a petits lectors. Des de l&#039;elefant afric\u00e0 fins a la papallona monarca, cada p\u00e0gina retrata un\" \/>\n<meta property=\"og:url\" content=\"https:\/\/www.editorialjuventud.es\/salvem-els-animals-9788426138576\/\" \/>\n<meta property=\"og:site_name\" content=\"Editorial Juventud\" \/>\n<meta property=\"article:modified_time\" content=\"2021-10-27T18:09:51+00:00\" \/>\n<meta property=\"og:image\" content=\"https:\/\/www.editorialjuventud.es\/wp-content\/uploads\/3857-1.jpg\" \/>\n\t<meta property=\"og:image:width\" content=\"505\" \/>\n\t<meta property=\"og:image:height\" content=\"450\" \/>\n\t<meta property=\"og:image:type\" content=\"image\/jpeg\" \/>\n<meta name=\"twitter:card\" content=\"summary_large_image\" \/>\n<script type=\"application\/ld+json\" class=\"yoast-schema-graph\">{\"@context\":\"https:\\\/\\\/schema.org\",\"@graph\":[{\"@type\":\"WebPage\",\"@id\":\"https:\\\/\\\/www.editorialjuventud.es\\\/salvem-els-animals-9788426138576\\\/\",\"url\":\"https:\\\/\\\/www.editorialjuventud.es\\\/salvem-els-animals-9788426138576\\\/\",\"name\":\"Salvem els animals - Editorial Juventud\",\"isPartOf\":{\"@id\":\"https:\\\/\\\/www.editorialjuventud.es\\\/#website\"},\"primaryImageOfPage\":{\"@id\":\"https:\\\/\\\/www.editorialjuventud.es\\\/salvem-els-animals-9788426138576\\\/#primaryimage\"},\"image\":{\"@id\":\"https:\\\/\\\/www.editorialjuventud.es\\\/salvem-els-animals-9788426138576\\\/#primaryimage\"},\"thumbnailUrl\":\"https:\\\/\\\/www.editorialjuventud.es\\\/wp-content\\\/uploads\\\/3857-1.jpg\",\"datePublished\":\"2018-08-24T09:17:19+00:00\",\"dateModified\":\"2021-10-27T18:09:51+00:00\",\"description\":\"Un \u00e0lbum amb solapes sobre la protecci\u00f3 del medi ambient per a petits lectors. Des de l'elefant afric\u00e0 fins a la papallona monarca, cada p\u00e0gina retrata un\",\"breadcrumb\":{\"@id\":\"https:\\\/\\\/www.editorialjuventud.es\\\/salvem-els-animals-9788426138576\\\/#breadcrumb\"},\"inLanguage\":\"ca\",\"potentialAction\":[{\"@type\":\"ReadAction\",\"target\":[\"https:\\\/\\\/www.editorialjuventud.es\\\/salvem-els-animals-9788426138576\\\/\"]}]},{\"@type\":\"ImageObject\",\"inLanguage\":\"ca\",\"@id\":\"https:\\\/\\\/www.editorialjuventud.es\\\/salvem-els-animals-9788426138576\\\/#primaryimage\",\"url\":\"https:\\\/\\\/www.editorialjuventud.es\\\/wp-content\\\/uploads\\\/3857-1.jpg\",\"contentUrl\":\"https:\\\/\\\/www.editorialjuventud.es\\\/wp-content\\\/uploads\\\/3857-1.jpg\",\"width\":505,\"height\":450},{\"@type\":\"BreadcrumbList\",\"@id\":\"https:\\\/\\\/www.editorialjuventud.es\\\/salvem-els-animals-9788426138576\\\/#breadcrumb\",\"itemListElement\":[{\"@type\":\"ListItem\",\"position\":1,\"name\":\"Portada\",\"item\":\"https:\\\/\\\/www.editorialjuventud.es\\\/\"},{\"@type\":\"ListItem\",\"position\":2,\"name\":\"cat\u00e1logo\",\"item\":\"https:\\\/\\\/www.editorialjuventud.es\\\/coleccion\\\/catalogo\\\/\"},{\"@type\":\"ListItem\",\"position\":3,\"name\":\"catal\u00e0\",\"item\":\"https:\\\/\\\/www.editorialjuventud.es\\\/coleccion\\\/catala\\\/\"},{\"@type\":\"ListItem\",\"position\":4,\"name\":\"\u00c0lbums Il\u00b7lustrats\",\"item\":\"https:\\\/\\\/www.editorialjuventud.es\\\/coleccion\\\/albums-il%c2%b7lustrats\\\/\"},{\"@type\":\"ListItem\",\"position\":5,\"name\":\"Ecologia\",\"item\":\"https:\\\/\\\/www.editorialjuventud.es\\\/coleccion\\\/ecologia\\\/\"},{\"@type\":\"ListItem\",\"position\":6,\"name\":\"Salvem els animals\"}]},{\"@type\":\"WebSite\",\"@id\":\"https:\\\/\\\/www.editorialjuventud.es\\\/#website\",\"url\":\"https:\\\/\\\/www.editorialjuventud.es\\\/\",\"name\":\"Editorial Juventud\",\"description\":\"\",\"potentialAction\":[{\"@type\":\"SearchAction\",\"target\":{\"@type\":\"EntryPoint\",\"urlTemplate\":\"https:\\\/\\\/www.editorialjuventud.es\\\/?s={search_term_string}\"},\"query-input\":{\"@type\":\"PropertyValueSpecification\",\"valueRequired\":true,\"valueName\":\"search_term_string\"}}],\"inLanguage\":\"ca\"}]}<\/script>\n<!-- \/ Yoast SEO plugin. -->","yoast_head_json":{"title":"Salvem els animals - Editorial Juventud","description":"Un \u00e0lbum amb solapes sobre la protecci\u00f3 del medi ambient per a petits lectors. Des de l'elefant afric\u00e0 fins a la papallona monarca, cada p\u00e0gina retrata un","robots":{"index":"index","follow":"follow","max-snippet":"max-snippet:-1","max-image-preview":"max-image-preview:large","max-video-preview":"max-video-preview:-1"},"canonical":"https:\/\/www.editorialjuventud.es\/salvem-els-animals-9788426138576\/","og_locale":"ca_ES","og_type":"article","og_title":"Salvem els animals - Editorial Juventud","og_description":"Un \u00e0lbum amb solapes sobre la protecci\u00f3 del medi ambient per a petits lectors. Des de l'elefant afric\u00e0 fins a la papallona monarca, cada p\u00e0gina retrata un","og_url":"https:\/\/www.editorialjuventud.es\/salvem-els-animals-9788426138576\/","og_site_name":"Editorial Juventud","article_modified_time":"2021-10-27T18:09:51+00:00","og_image":[{"width":505,"height":450,"url":"https:\/\/www.editorialjuventud.es\/wp-content\/uploads\/3857-1.jpg","type":"image\/jpeg"}],"twitter_card":"summary_large_image","schema":{"@context":"https:\/\/schema.org","@graph":[{"@type":"WebPage","@id":"https:\/\/www.editorialjuventud.es\/salvem-els-animals-9788426138576\/","url":"https:\/\/www.editorialjuventud.es\/salvem-els-animals-9788426138576\/","name":"Salvem els animals - Editorial Juventud","isPartOf":{"@id":"https:\/\/www.editorialjuventud.es\/#website"},"primaryImageOfPage":{"@id":"https:\/\/www.editorialjuventud.es\/salvem-els-animals-9788426138576\/#primaryimage"},"image":{"@id":"https:\/\/www.editorialjuventud.es\/salvem-els-animals-9788426138576\/#primaryimage"},"thumbnailUrl":"https:\/\/www.editorialjuventud.es\/wp-content\/uploads\/3857-1.jpg","datePublished":"2018-08-24T09:17:19+00:00","dateModified":"2021-10-27T18:09:51+00:00","description":"Un \u00e0lbum amb solapes sobre la protecci\u00f3 del medi ambient per a petits lectors. Des de l'elefant afric\u00e0 fins a la papallona monarca, cada p\u00e0gina retrata un","breadcrumb":{"@id":"https:\/\/www.editorialjuventud.es\/salvem-els-animals-9788426138576\/#breadcrumb"},"inLanguage":"ca","potentialAction":[{"@type":"ReadAction","target":["https:\/\/www.editorialjuventud.es\/salvem-els-animals-9788426138576\/"]}]},{"@type":"ImageObject","inLanguage":"ca","@id":"https:\/\/www.editorialjuventud.es\/salvem-els-animals-9788426138576\/#primaryimage","url":"https:\/\/www.editorialjuventud.es\/wp-content\/uploads\/3857-1.jpg","contentUrl":"https:\/\/www.editorialjuventud.es\/wp-content\/uploads\/3857-1.jpg","width":505,"height":450},{"@type":"BreadcrumbList","@id":"https:\/\/www.editorialjuventud.es\/salvem-els-animals-9788426138576\/#breadcrumb","itemListElement":[{"@type":"ListItem","position":1,"name":"Portada","item":"https:\/\/www.editorialjuventud.es\/"},{"@type":"ListItem","position":2,"name":"cat\u00e1logo","item":"https:\/\/www.editorialjuventud.es\/coleccion\/catalogo\/"},{"@type":"ListItem","position":3,"name":"catal\u00e0","item":"https:\/\/www.editorialjuventud.es\/coleccion\/catala\/"},{"@type":"ListItem","position":4,"name":"\u00c0lbums Il\u00b7lustrats","item":"https:\/\/www.editorialjuventud.es\/coleccion\/albums-il%c2%b7lustrats\/"},{"@type":"ListItem","position":5,"name":"Ecologia","item":"https:\/\/www.editorialjuventud.es\/coleccion\/ecologia\/"},{"@type":"ListItem","position":6,"name":"Salvem els animals"}]},{"@type":"WebSite","@id":"https:\/\/www.editorialjuventud.es\/#website","url":"https:\/\/www.editorialjuventud.es\/","name":"Editorial Juventud","description":"","potentialAction":[{"@type":"SearchAction","target":{"@type":"EntryPoint","urlTemplate":"https:\/\/www.editorialjuventud.es\/?s={search_term_string}"},"query-input":{"@type":"PropertyValueSpecification","valueRequired":true,"valueName":"search_term_string"}}],"inLanguage":"ca"}]}},"_links":{"self":[{"href":"https:\/\/www.editorialjuventud.es\/ca\/wp-json\/wp\/v2\/product\/5763","targetHints":{"allow":["GET"]}}],"collection":[{"href":"https:\/\/www.editorialjuventud.es\/ca\/wp-json\/wp\/v2\/product"}],"about":[{"href":"https:\/\/www.editorialjuventud.es\/ca\/wp-json\/wp\/v2\/types\/product"}],"wp:featuredmedia":[{"embeddable":true,"href":"https:\/\/www.editorialjuventud.es\/ca\/wp-json\/wp\/v2\/media\/21276"}],"wp:attachment":[{"href":"https:\/\/www.editorialjuventud.es\/ca\/wp-json\/wp\/v2\/media?parent=5763"}],"wp:term":[{"taxonomy":"product_brand","embeddable":true,"href":"https:\/\/www.editorialjuventud.es\/ca\/wp-json\/wp\/v2\/product_brand?post=5763"},{"taxonomy":"product_cat","embeddable":true,"href":"https:\/\/www.editorialjuventud.es\/ca\/wp-json\/wp\/v2\/product_cat?post=5763"},{"taxonomy":"product_tag","embeddable":true,"href":"https:\/\/www.editorialjuventud.es\/ca\/wp-json\/wp\/v2\/product_tag?post=5763"},{"taxonomy":"coleccion","embeddable":true,"href":"https:\/\/www.editorialjuventud.es\/ca\/wp-json\/wp\/v2\/coleccion?post=5763"}],"curies":[{"name":"wp","href":"https:\/\/api.w.org\/{rel}","templated":true}]}}