{"id":5761,"date":"2018-08-24T13:17:08","date_gmt":"2018-08-24T09:17:08","guid":{"rendered":"http:\/\/www.editorialjuventud.es\/%c2%93buenas-noches-mi-amor%c2%94\/"},"modified":"2023-07-04T13:29:17","modified_gmt":"2023-07-04T11:29:17","slug":"buenas-noches-mi-amor-9788426138552","status":"publish","type":"product","link":"https:\/\/www.editorialjuventud.es\/ca\/buenas-noches-mi-amor-9788426138552\/","title":{"rendered":"\u201cBuenas noches, mi amor\u201d"},"content":{"rendered":"<p>EN EL SIGLO XXI NO SE PUEDEN APLICAR M\u00c9TODOS QUE ATENTEN CONTRA LOS DERECHOS DEL BEB\u00c9. Un libro muy diferente para que tu beb\u00e9 duerma y disfrute de un sue\u00f1o reparador. Un libro que promueve la alfabetizaci\u00f3n emocional de los padres mediante conceptos novedosos centrados en las posibilidades, potencialidades y emociones del nuevo integrante de la familia. Porque tu beb\u00e9 tiene sus propios recursos y estrategias para dormir, y lo \u00fanico que tienes que hacer es conocerlas, y proporcionarle los medios para que sea capaz de autorregularse a fin de que pueda vivir en unas nuevas condiciones sin problemas emocionales.  Si tu objetivo es que tu ni\u00f1o\/a encuentre su forma \u00fanica e individual de dormir, tienes en tus manos lo que estabas buscando: este libro te propone un m\u00e9todo r\u00e1pido para ayudar a tu hijo a dormir tranquilo y sin dejarle llorar. No se trata de \u00abadiestrar\u00bb al beb\u00e9 a que duerma; de lo que se trata es de ayudarle a encontrar su ritmo de sue\u00f1o respetando su salud emocional, su bienestar psicof\u00edsico y las necesidades de contacto, cuidados, protecci\u00f3n y amor. Potenciar la empat\u00eda y activar la resonancia emocional con tu hijo te permitir\u00e1 no solo entender sus necesidades vitales, sus emociones y su lenguaje no verbal, sino poner los medios necesarios, mes a mes, para ayudarle a conseguir un sue\u00f1o placentero, fomentando el apego positivo, y haciendo que se sienta confiado y seguro desde los primeros a\u00f1os de su vida. Para padres y madres de ni\u00f1os y ni\u00f1as de 0 a 5 a\u00f1os.<\/p>\n","protected":false},"excerpt":{"rendered":"EN EL SIGLO XXI NO SE PUEDEN APLICAR M\u00c9TODOS QUE ATENTEN CONTRA LOS DERECHOS DEL BEB\u00c9. Un libro muy diferente para que tu beb\u00e9 duerma y disfrute de un sue\u00f1o reparador. Un libro que promueve la alfabetizaci\u00f3n emocional de los [&hellip;]","protected":false},"featured_media":11725,"template":"","meta":{"_acf_changed":false,"_exactmetrics_skip_tracking":false,"_exactmetrics_sitenote_active":false,"_exactmetrics_sitenote_note":"","_exactmetrics_sitenote_category":0},"product_brand":[],"product_cat":[905,892,1115,1117],"product_tag":[],"coleccion":[916,934],"class_list":{"0":"post-5761","1":"product","2":"type-product","3":"status-publish","4":"has-post-thumbnail","6":"product_cat-adulto","7":"product_cat-edades","8":"product_cat-generos","9":"product_cat-no-ficcion-adulto","10":"coleccion-castellano","11":"coleccion-guias-practicas","13":"first","14":"instock","15":"taxable","16":"shipping-taxable","17":"purchasable","18":"product-type-simple"},"acf":{"autores-libros":[16586]},"yoast_head":"<!-- This site is optimized with the Yoast SEO plugin v27.5 - https:\/\/yoast.com\/product\/yoast-seo-wordpress\/ -->\n<title>\u201cBuenas noches, mi amor\u201d - Editorial Juventud<\/title>\n<meta name=\"description\" content=\"EN EL SIGLO XXI NO SE PUEDEN APLICAR M\u00c9TODOS QUE ATENTEN CONTRA LOS DERECHOS DEL BEB\u00c9. Un libro muy diferente para que tu beb\u00e9 duerma y disfrute de un\" \/>\n<meta name=\"robots\" content=\"index, follow, max-snippet:-1, max-image-preview:large, max-video-preview:-1\" \/>\n<link rel=\"canonical\" href=\"https:\/\/www.editorialjuventud.es\/ca\/buenas-noches-mi-amor-9788426138552\/\" \/>\n<meta property=\"og:locale\" content=\"ca_ES\" \/>\n<meta property=\"og:type\" content=\"article\" \/>\n<meta property=\"og:title\" content=\"\u201cBuenas noches, mi amor\u201d - Editorial Juventud\" \/>\n<meta property=\"og:description\" content=\"EN EL SIGLO XXI NO SE PUEDEN APLICAR M\u00c9TODOS QUE ATENTEN CONTRA LOS DERECHOS DEL BEB\u00c9. Un libro muy diferente para que tu beb\u00e9 duerma y disfrute de un\" \/>\n<meta property=\"og:url\" content=\"https:\/\/www.editorialjuventud.es\/ca\/buenas-noches-mi-amor-9788426138552\/\" \/>\n<meta property=\"og:site_name\" content=\"Editorial Juventud\" \/>\n<meta property=\"article:modified_time\" content=\"2023-07-04T11:29:17+00:00\" \/>\n<meta property=\"og:image\" content=\"https:\/\/www.editorialjuventud.es\/wp-content\/uploads\/3855.jpg\" \/>\n\t<meta property=\"og:image:width\" content=\"321\" \/>\n\t<meta property=\"og:image:height\" content=\"450\" \/>\n\t<meta property=\"og:image:type\" content=\"image\/jpeg\" \/>\n<meta name=\"twitter:card\" content=\"summary_large_image\" \/>\n<meta name=\"twitter:label1\" content=\"Temps estimat de lectura\" \/>\n\t<meta name=\"twitter:data1\" content=\"1 minut\" \/>\n<script type=\"application\/ld+json\" class=\"yoast-schema-graph\">{\"@context\":\"https:\\\/\\\/schema.org\",\"@graph\":[{\"@type\":\"WebPage\",\"@id\":\"https:\\\/\\\/www.editorialjuventud.es\\\/ca\\\/buenas-noches-mi-amor-9788426138552\\\/\",\"url\":\"https:\\\/\\\/www.editorialjuventud.es\\\/ca\\\/buenas-noches-mi-amor-9788426138552\\\/\",\"name\":\"\u201cBuenas noches, mi amor\u201d - Editorial Juventud\",\"isPartOf\":{\"@id\":\"https:\\\/\\\/www.editorialjuventud.es\\\/#website\"},\"primaryImageOfPage\":{\"@id\":\"https:\\\/\\\/www.editorialjuventud.es\\\/ca\\\/buenas-noches-mi-amor-9788426138552\\\/#primaryimage\"},\"image\":{\"@id\":\"https:\\\/\\\/www.editorialjuventud.es\\\/ca\\\/buenas-noches-mi-amor-9788426138552\\\/#primaryimage\"},\"thumbnailUrl\":\"https:\\\/\\\/www.editorialjuventud.es\\\/wp-content\\\/uploads\\\/3855.jpg\",\"datePublished\":\"2018-08-24T09:17:08+00:00\",\"dateModified\":\"2023-07-04T11:29:17+00:00\",\"description\":\"EN EL SIGLO XXI NO SE PUEDEN APLICAR M\u00c9TODOS QUE ATENTEN CONTRA LOS DERECHOS DEL BEB\u00c9. Un libro muy diferente para que tu beb\u00e9 duerma y disfrute de un\",\"breadcrumb\":{\"@id\":\"https:\\\/\\\/www.editorialjuventud.es\\\/ca\\\/buenas-noches-mi-amor-9788426138552\\\/#breadcrumb\"},\"inLanguage\":\"ca\",\"potentialAction\":[{\"@type\":\"ReadAction\",\"target\":[\"https:\\\/\\\/www.editorialjuventud.es\\\/ca\\\/buenas-noches-mi-amor-9788426138552\\\/\"]}]},{\"@type\":\"ImageObject\",\"inLanguage\":\"ca\",\"@id\":\"https:\\\/\\\/www.editorialjuventud.es\\\/ca\\\/buenas-noches-mi-amor-9788426138552\\\/#primaryimage\",\"url\":\"https:\\\/\\\/www.editorialjuventud.es\\\/wp-content\\\/uploads\\\/3855.jpg\",\"contentUrl\":\"https:\\\/\\\/www.editorialjuventud.es\\\/wp-content\\\/uploads\\\/3855.jpg\",\"width\":321,\"height\":450,\"caption\":\"3855.jpg\"},{\"@type\":\"BreadcrumbList\",\"@id\":\"https:\\\/\\\/www.editorialjuventud.es\\\/ca\\\/buenas-noches-mi-amor-9788426138552\\\/#breadcrumb\",\"itemListElement\":[{\"@type\":\"ListItem\",\"position\":1,\"name\":\"Portada\",\"item\":\"https:\\\/\\\/www.editorialjuventud.es\\\/\"},{\"@type\":\"ListItem\",\"position\":2,\"name\":\"cat\u00e1logo\",\"item\":\"https:\\\/\\\/www.editorialjuventud.es\\\/coleccion\\\/catalogo\\\/\"},{\"@type\":\"ListItem\",\"position\":3,\"name\":\"castellano\",\"item\":\"https:\\\/\\\/www.editorialjuventud.es\\\/coleccion\\\/castellano\\\/\"},{\"@type\":\"ListItem\",\"position\":4,\"name\":\"Gu\u00edas Pr\u00e1cticas\",\"item\":\"https:\\\/\\\/www.editorialjuventud.es\\\/coleccion\\\/guias-practicas\\\/\"},{\"@type\":\"ListItem\",\"position\":5,\"name\":\"\u201cBuenas noches, mi amor\u201d\"}]},{\"@type\":\"WebSite\",\"@id\":\"https:\\\/\\\/www.editorialjuventud.es\\\/#website\",\"url\":\"https:\\\/\\\/www.editorialjuventud.es\\\/\",\"name\":\"Editorial Juventud\",\"description\":\"\",\"potentialAction\":[{\"@type\":\"SearchAction\",\"target\":{\"@type\":\"EntryPoint\",\"urlTemplate\":\"https:\\\/\\\/www.editorialjuventud.es\\\/?s={search_term_string}\"},\"query-input\":{\"@type\":\"PropertyValueSpecification\",\"valueRequired\":true,\"valueName\":\"search_term_string\"}}],\"inLanguage\":\"ca\"}]}<\/script>\n<!-- \/ Yoast SEO plugin. -->","yoast_head_json":{"title":"\u201cBuenas noches, mi amor\u201d - Editorial Juventud","description":"EN EL SIGLO XXI NO SE PUEDEN APLICAR M\u00c9TODOS QUE ATENTEN CONTRA LOS DERECHOS DEL BEB\u00c9. Un libro muy diferente para que tu beb\u00e9 duerma y disfrute de un","robots":{"index":"index","follow":"follow","max-snippet":"max-snippet:-1","max-image-preview":"max-image-preview:large","max-video-preview":"max-video-preview:-1"},"canonical":"https:\/\/www.editorialjuventud.es\/ca\/buenas-noches-mi-amor-9788426138552\/","og_locale":"ca_ES","og_type":"article","og_title":"\u201cBuenas noches, mi amor\u201d - Editorial Juventud","og_description":"EN EL SIGLO XXI NO SE PUEDEN APLICAR M\u00c9TODOS QUE ATENTEN CONTRA LOS DERECHOS DEL BEB\u00c9. Un libro muy diferente para que tu beb\u00e9 duerma y disfrute de un","og_url":"https:\/\/www.editorialjuventud.es\/ca\/buenas-noches-mi-amor-9788426138552\/","og_site_name":"Editorial Juventud","article_modified_time":"2023-07-04T11:29:17+00:00","og_image":[{"width":321,"height":450,"url":"https:\/\/www.editorialjuventud.es\/wp-content\/uploads\/3855.jpg","type":"image\/jpeg"}],"twitter_card":"summary_large_image","twitter_misc":{"Temps estimat de lectura":"1 minut"},"schema":{"@context":"https:\/\/schema.org","@graph":[{"@type":"WebPage","@id":"https:\/\/www.editorialjuventud.es\/ca\/buenas-noches-mi-amor-9788426138552\/","url":"https:\/\/www.editorialjuventud.es\/ca\/buenas-noches-mi-amor-9788426138552\/","name":"\u201cBuenas noches, mi amor\u201d - Editorial Juventud","isPartOf":{"@id":"https:\/\/www.editorialjuventud.es\/#website"},"primaryImageOfPage":{"@id":"https:\/\/www.editorialjuventud.es\/ca\/buenas-noches-mi-amor-9788426138552\/#primaryimage"},"image":{"@id":"https:\/\/www.editorialjuventud.es\/ca\/buenas-noches-mi-amor-9788426138552\/#primaryimage"},"thumbnailUrl":"https:\/\/www.editorialjuventud.es\/wp-content\/uploads\/3855.jpg","datePublished":"2018-08-24T09:17:08+00:00","dateModified":"2023-07-04T11:29:17+00:00","description":"EN EL SIGLO XXI NO SE PUEDEN APLICAR M\u00c9TODOS QUE ATENTEN CONTRA LOS DERECHOS DEL BEB\u00c9. Un libro muy diferente para que tu beb\u00e9 duerma y disfrute de un","breadcrumb":{"@id":"https:\/\/www.editorialjuventud.es\/ca\/buenas-noches-mi-amor-9788426138552\/#breadcrumb"},"inLanguage":"ca","potentialAction":[{"@type":"ReadAction","target":["https:\/\/www.editorialjuventud.es\/ca\/buenas-noches-mi-amor-9788426138552\/"]}]},{"@type":"ImageObject","inLanguage":"ca","@id":"https:\/\/www.editorialjuventud.es\/ca\/buenas-noches-mi-amor-9788426138552\/#primaryimage","url":"https:\/\/www.editorialjuventud.es\/wp-content\/uploads\/3855.jpg","contentUrl":"https:\/\/www.editorialjuventud.es\/wp-content\/uploads\/3855.jpg","width":321,"height":450,"caption":"3855.jpg"},{"@type":"BreadcrumbList","@id":"https:\/\/www.editorialjuventud.es\/ca\/buenas-noches-mi-amor-9788426138552\/#breadcrumb","itemListElement":[{"@type":"ListItem","position":1,"name":"Portada","item":"https:\/\/www.editorialjuventud.es\/"},{"@type":"ListItem","position":2,"name":"cat\u00e1logo","item":"https:\/\/www.editorialjuventud.es\/coleccion\/catalogo\/"},{"@type":"ListItem","position":3,"name":"castellano","item":"https:\/\/www.editorialjuventud.es\/coleccion\/castellano\/"},{"@type":"ListItem","position":4,"name":"Gu\u00edas Pr\u00e1cticas","item":"https:\/\/www.editorialjuventud.es\/coleccion\/guias-practicas\/"},{"@type":"ListItem","position":5,"name":"\u201cBuenas noches, mi amor\u201d"}]},{"@type":"WebSite","@id":"https:\/\/www.editorialjuventud.es\/#website","url":"https:\/\/www.editorialjuventud.es\/","name":"Editorial Juventud","description":"","potentialAction":[{"@type":"SearchAction","target":{"@type":"EntryPoint","urlTemplate":"https:\/\/www.editorialjuventud.es\/?s={search_term_string}"},"query-input":{"@type":"PropertyValueSpecification","valueRequired":true,"valueName":"search_term_string"}}],"inLanguage":"ca"}]}},"_links":{"self":[{"href":"https:\/\/www.editorialjuventud.es\/ca\/wp-json\/wp\/v2\/product\/5761","targetHints":{"allow":["GET"]}}],"collection":[{"href":"https:\/\/www.editorialjuventud.es\/ca\/wp-json\/wp\/v2\/product"}],"about":[{"href":"https:\/\/www.editorialjuventud.es\/ca\/wp-json\/wp\/v2\/types\/product"}],"wp:featuredmedia":[{"embeddable":true,"href":"https:\/\/www.editorialjuventud.es\/ca\/wp-json\/wp\/v2\/media\/11725"}],"wp:attachment":[{"href":"https:\/\/www.editorialjuventud.es\/ca\/wp-json\/wp\/v2\/media?parent=5761"}],"wp:term":[{"taxonomy":"product_brand","embeddable":true,"href":"https:\/\/www.editorialjuventud.es\/ca\/wp-json\/wp\/v2\/product_brand?post=5761"},{"taxonomy":"product_cat","embeddable":true,"href":"https:\/\/www.editorialjuventud.es\/ca\/wp-json\/wp\/v2\/product_cat?post=5761"},{"taxonomy":"product_tag","embeddable":true,"href":"https:\/\/www.editorialjuventud.es\/ca\/wp-json\/wp\/v2\/product_tag?post=5761"},{"taxonomy":"coleccion","embeddable":true,"href":"https:\/\/www.editorialjuventud.es\/ca\/wp-json\/wp\/v2\/coleccion?post=5761"}],"curies":[{"name":"wp","href":"https:\/\/api.w.org\/{rel}","templated":true}]}}