{"id":5758,"date":"2018-08-24T11:16:54","date_gmt":"2018-08-24T09:16:54","guid":{"rendered":"http:\/\/www.editorialjuventud.es\/els-homes-de-ledat-de-la-pedra\/"},"modified":"2020-10-21T08:33:55","modified_gmt":"2020-10-21T06:33:55","slug":"els-homes-de-ledat-de-la-pedra-9788426138521","status":"publish","type":"product","link":"https:\/\/www.editorialjuventud.es\/ca\/els-homes-de-ledat-de-la-pedra-9788426138521\/","title":{"rendered":"Els homes de l&#8217;Edat de la Pedra"},"content":{"rendered":"<p>Fa molts milers d&#8217;anys, ja hi havia homes a la terra: els homes de l&#8217;edat de la pedra. Vivien en coves i anaven vestits amb pells. Per\u00f2 qu\u00e8 en sabem, d&#8217;ells? Tenien joguines els nens de l&#8217;edat de la pedra? Quan tenien gana, havien de ca\u00e7ar mamuts. Com s&#8217;ho feien per ca\u00e7ar-los? Amb aquest llibre els nens descobriran coses ben sorprenents sobre la vida dels primers homes.<\/p>\n","protected":false},"excerpt":{"rendered":"Fa molts milers d&#8217;anys, ja hi havia homes a la terra: els homes de l&#8217;edat de la pedra. Vivien en coves i anaven vestits amb pells. Per\u00f2 qu\u00e8 en sabem, d&#8217;ells? Tenien joguines els nens de l&#8217;edat de la pedra? [&hellip;]","protected":false},"featured_media":16968,"template":"","meta":{"_acf_changed":false,"_exactmetrics_skip_tracking":false,"_exactmetrics_sitenote_active":false,"_exactmetrics_sitenote_note":"","_exactmetrics_sitenote_category":0},"product_brand":[],"product_cat":[902,1169,892,1115,1183,1123,1128],"product_tag":[],"coleccion":[917,915,946],"class_list":{"0":"post-5758","1":"product","2":"type-product","3":"status-publish","4":"has-post-thumbnail","6":"product_cat-a-partir-de-7-anos","7":"product_cat-edad-media","8":"product_cat-edades","9":"product_cat-generos","10":"product_cat-historia","11":"product_cat-libros-informativos-infantil","12":"product_cat-tematica","13":"coleccion-albums-illustrats","14":"coleccion-catala","15":"coleccion-com-i-per-que","17":"first","18":"instock","19":"taxable","20":"shipping-taxable","21":"purchasable","22":"product-type-simple"},"acf":{"autor":"HOLTEI - JACOBS","codart":"3852","ediciones":"1","encuadernacion":"Carton\u00e9","fecha_de_publicacion":"01\/10\/2011","novedad":"0","paginas":"32","subtitulo":"","texto_web_adicional":"","texto_web_novedad":"","orden":"999","portada":"0","texto_web_resaltado":"","indice":"","autores-libros":[16418],"ilustradores-libros":[17796],"traductores-libros":[18265],"descripcion_corta":"","recomendamos":"","mas_vendido":"","idioma-libro":"","color":false,"formato":"","mas_informacion_del_producto":false,"premios":false,"texto_enlace_cubierta":"","enlace_cubierta":false,"texto_enlace_ficha_tecnica":"","enlace_ficha_tecnica":false,"ficheros":false,"titulo-fr":"","texto-fr":""},"yoast_head":"<!-- This site is optimized with the Yoast SEO plugin v27.3 - https:\/\/yoast.com\/product\/yoast-seo-wordpress\/ -->\n<title>Els homes de l&#039;Edat de la Pedra - Editorial Juventud<\/title>\n<meta name=\"description\" content=\"Fa molts milers d&#039;anys, ja hi havia homes a la terra: els homes de l&#039;edat de la pedra. Vivien en coves i anaven vestits amb pells. Per\u00f2 qu\u00e8 en sabem,\" \/>\n<meta name=\"robots\" content=\"index, follow, max-snippet:-1, max-image-preview:large, max-video-preview:-1\" \/>\n<link rel=\"canonical\" href=\"https:\/\/www.editorialjuventud.es\/els-homes-de-ledat-de-la-pedra-9788426138521\/\" \/>\n<meta property=\"og:locale\" content=\"ca_ES\" \/>\n<meta property=\"og:type\" content=\"article\" \/>\n<meta property=\"og:title\" content=\"Els homes de l&#039;Edat de la Pedra - Editorial Juventud\" \/>\n<meta property=\"og:description\" content=\"Fa molts milers d&#039;anys, ja hi havia homes a la terra: els homes de l&#039;edat de la pedra. Vivien en coves i anaven vestits amb pells. Per\u00f2 qu\u00e8 en sabem,\" \/>\n<meta property=\"og:url\" content=\"https:\/\/www.editorialjuventud.es\/els-homes-de-ledat-de-la-pedra-9788426138521\/\" \/>\n<meta property=\"og:site_name\" content=\"Editorial Juventud\" \/>\n<meta property=\"article:modified_time\" content=\"2020-10-21T06:33:55+00:00\" \/>\n<meta property=\"og:image\" content=\"https:\/\/www.editorialjuventud.es\/wp-content\/uploads\/3852.jpg\" \/>\n\t<meta property=\"og:image:width\" content=\"473\" \/>\n\t<meta property=\"og:image:height\" content=\"450\" \/>\n\t<meta property=\"og:image:type\" content=\"image\/jpeg\" \/>\n<meta name=\"twitter:card\" content=\"summary_large_image\" \/>\n<script type=\"application\/ld+json\" class=\"yoast-schema-graph\">{\"@context\":\"https:\\\/\\\/schema.org\",\"@graph\":[{\"@type\":\"WebPage\",\"@id\":\"https:\\\/\\\/www.editorialjuventud.es\\\/els-homes-de-ledat-de-la-pedra-9788426138521\\\/\",\"url\":\"https:\\\/\\\/www.editorialjuventud.es\\\/els-homes-de-ledat-de-la-pedra-9788426138521\\\/\",\"name\":\"Els homes de l'Edat de la Pedra - Editorial Juventud\",\"isPartOf\":{\"@id\":\"https:\\\/\\\/www.editorialjuventud.es\\\/#website\"},\"primaryImageOfPage\":{\"@id\":\"https:\\\/\\\/www.editorialjuventud.es\\\/els-homes-de-ledat-de-la-pedra-9788426138521\\\/#primaryimage\"},\"image\":{\"@id\":\"https:\\\/\\\/www.editorialjuventud.es\\\/els-homes-de-ledat-de-la-pedra-9788426138521\\\/#primaryimage\"},\"thumbnailUrl\":\"https:\\\/\\\/www.editorialjuventud.es\\\/wp-content\\\/uploads\\\/3852.jpg\",\"datePublished\":\"2018-08-24T09:16:54+00:00\",\"dateModified\":\"2020-10-21T06:33:55+00:00\",\"description\":\"Fa molts milers d'anys, ja hi havia homes a la terra: els homes de l'edat de la pedra. Vivien en coves i anaven vestits amb pells. Per\u00f2 qu\u00e8 en sabem,\",\"breadcrumb\":{\"@id\":\"https:\\\/\\\/www.editorialjuventud.es\\\/els-homes-de-ledat-de-la-pedra-9788426138521\\\/#breadcrumb\"},\"inLanguage\":\"ca\",\"potentialAction\":[{\"@type\":\"ReadAction\",\"target\":[\"https:\\\/\\\/www.editorialjuventud.es\\\/els-homes-de-ledat-de-la-pedra-9788426138521\\\/\"]}]},{\"@type\":\"ImageObject\",\"inLanguage\":\"ca\",\"@id\":\"https:\\\/\\\/www.editorialjuventud.es\\\/els-homes-de-ledat-de-la-pedra-9788426138521\\\/#primaryimage\",\"url\":\"https:\\\/\\\/www.editorialjuventud.es\\\/wp-content\\\/uploads\\\/3852.jpg\",\"contentUrl\":\"https:\\\/\\\/www.editorialjuventud.es\\\/wp-content\\\/uploads\\\/3852.jpg\",\"width\":473,\"height\":450,\"caption\":\"3852.jpg\"},{\"@type\":\"BreadcrumbList\",\"@id\":\"https:\\\/\\\/www.editorialjuventud.es\\\/els-homes-de-ledat-de-la-pedra-9788426138521\\\/#breadcrumb\",\"itemListElement\":[{\"@type\":\"ListItem\",\"position\":1,\"name\":\"Portada\",\"item\":\"https:\\\/\\\/www.editorialjuventud.es\\\/\"},{\"@type\":\"ListItem\",\"position\":2,\"name\":\"cat\u00e1logo\",\"item\":\"https:\\\/\\\/www.editorialjuventud.es\\\/coleccion\\\/catalogo\\\/\"},{\"@type\":\"ListItem\",\"position\":3,\"name\":\"catal\u00e0\",\"item\":\"https:\\\/\\\/www.editorialjuventud.es\\\/coleccion\\\/catala\\\/\"},{\"@type\":\"ListItem\",\"position\":4,\"name\":\"\u00c0lbums Il\u00b7lustrats\",\"item\":\"https:\\\/\\\/www.editorialjuventud.es\\\/coleccion\\\/albums-il%c2%b7lustrats\\\/\"},{\"@type\":\"ListItem\",\"position\":5,\"name\":\"Com i Per qu\u00e8\",\"item\":\"https:\\\/\\\/www.editorialjuventud.es\\\/coleccion\\\/com-i-per-que\\\/\"},{\"@type\":\"ListItem\",\"position\":6,\"name\":\"Els homes de l&#8217;Edat de la Pedra\"}]},{\"@type\":\"WebSite\",\"@id\":\"https:\\\/\\\/www.editorialjuventud.es\\\/#website\",\"url\":\"https:\\\/\\\/www.editorialjuventud.es\\\/\",\"name\":\"Editorial Juventud\",\"description\":\"\",\"potentialAction\":[{\"@type\":\"SearchAction\",\"target\":{\"@type\":\"EntryPoint\",\"urlTemplate\":\"https:\\\/\\\/www.editorialjuventud.es\\\/?s={search_term_string}\"},\"query-input\":{\"@type\":\"PropertyValueSpecification\",\"valueRequired\":true,\"valueName\":\"search_term_string\"}}],\"inLanguage\":\"ca\"}]}<\/script>\n<!-- \/ Yoast SEO plugin. -->","yoast_head_json":{"title":"Els homes de l'Edat de la Pedra - Editorial Juventud","description":"Fa molts milers d'anys, ja hi havia homes a la terra: els homes de l'edat de la pedra. Vivien en coves i anaven vestits amb pells. Per\u00f2 qu\u00e8 en sabem,","robots":{"index":"index","follow":"follow","max-snippet":"max-snippet:-1","max-image-preview":"max-image-preview:large","max-video-preview":"max-video-preview:-1"},"canonical":"https:\/\/www.editorialjuventud.es\/els-homes-de-ledat-de-la-pedra-9788426138521\/","og_locale":"ca_ES","og_type":"article","og_title":"Els homes de l'Edat de la Pedra - Editorial Juventud","og_description":"Fa molts milers d'anys, ja hi havia homes a la terra: els homes de l'edat de la pedra. Vivien en coves i anaven vestits amb pells. Per\u00f2 qu\u00e8 en sabem,","og_url":"https:\/\/www.editorialjuventud.es\/els-homes-de-ledat-de-la-pedra-9788426138521\/","og_site_name":"Editorial Juventud","article_modified_time":"2020-10-21T06:33:55+00:00","og_image":[{"width":473,"height":450,"url":"https:\/\/www.editorialjuventud.es\/wp-content\/uploads\/3852.jpg","type":"image\/jpeg"}],"twitter_card":"summary_large_image","schema":{"@context":"https:\/\/schema.org","@graph":[{"@type":"WebPage","@id":"https:\/\/www.editorialjuventud.es\/els-homes-de-ledat-de-la-pedra-9788426138521\/","url":"https:\/\/www.editorialjuventud.es\/els-homes-de-ledat-de-la-pedra-9788426138521\/","name":"Els homes de l'Edat de la Pedra - Editorial Juventud","isPartOf":{"@id":"https:\/\/www.editorialjuventud.es\/#website"},"primaryImageOfPage":{"@id":"https:\/\/www.editorialjuventud.es\/els-homes-de-ledat-de-la-pedra-9788426138521\/#primaryimage"},"image":{"@id":"https:\/\/www.editorialjuventud.es\/els-homes-de-ledat-de-la-pedra-9788426138521\/#primaryimage"},"thumbnailUrl":"https:\/\/www.editorialjuventud.es\/wp-content\/uploads\/3852.jpg","datePublished":"2018-08-24T09:16:54+00:00","dateModified":"2020-10-21T06:33:55+00:00","description":"Fa molts milers d'anys, ja hi havia homes a la terra: els homes de l'edat de la pedra. Vivien en coves i anaven vestits amb pells. Per\u00f2 qu\u00e8 en sabem,","breadcrumb":{"@id":"https:\/\/www.editorialjuventud.es\/els-homes-de-ledat-de-la-pedra-9788426138521\/#breadcrumb"},"inLanguage":"ca","potentialAction":[{"@type":"ReadAction","target":["https:\/\/www.editorialjuventud.es\/els-homes-de-ledat-de-la-pedra-9788426138521\/"]}]},{"@type":"ImageObject","inLanguage":"ca","@id":"https:\/\/www.editorialjuventud.es\/els-homes-de-ledat-de-la-pedra-9788426138521\/#primaryimage","url":"https:\/\/www.editorialjuventud.es\/wp-content\/uploads\/3852.jpg","contentUrl":"https:\/\/www.editorialjuventud.es\/wp-content\/uploads\/3852.jpg","width":473,"height":450,"caption":"3852.jpg"},{"@type":"BreadcrumbList","@id":"https:\/\/www.editorialjuventud.es\/els-homes-de-ledat-de-la-pedra-9788426138521\/#breadcrumb","itemListElement":[{"@type":"ListItem","position":1,"name":"Portada","item":"https:\/\/www.editorialjuventud.es\/"},{"@type":"ListItem","position":2,"name":"cat\u00e1logo","item":"https:\/\/www.editorialjuventud.es\/coleccion\/catalogo\/"},{"@type":"ListItem","position":3,"name":"catal\u00e0","item":"https:\/\/www.editorialjuventud.es\/coleccion\/catala\/"},{"@type":"ListItem","position":4,"name":"\u00c0lbums Il\u00b7lustrats","item":"https:\/\/www.editorialjuventud.es\/coleccion\/albums-il%c2%b7lustrats\/"},{"@type":"ListItem","position":5,"name":"Com i Per qu\u00e8","item":"https:\/\/www.editorialjuventud.es\/coleccion\/com-i-per-que\/"},{"@type":"ListItem","position":6,"name":"Els homes de l&#8217;Edat de la Pedra"}]},{"@type":"WebSite","@id":"https:\/\/www.editorialjuventud.es\/#website","url":"https:\/\/www.editorialjuventud.es\/","name":"Editorial Juventud","description":"","potentialAction":[{"@type":"SearchAction","target":{"@type":"EntryPoint","urlTemplate":"https:\/\/www.editorialjuventud.es\/?s={search_term_string}"},"query-input":{"@type":"PropertyValueSpecification","valueRequired":true,"valueName":"search_term_string"}}],"inLanguage":"ca"}]}},"_links":{"self":[{"href":"https:\/\/www.editorialjuventud.es\/ca\/wp-json\/wp\/v2\/product\/5758","targetHints":{"allow":["GET"]}}],"collection":[{"href":"https:\/\/www.editorialjuventud.es\/ca\/wp-json\/wp\/v2\/product"}],"about":[{"href":"https:\/\/www.editorialjuventud.es\/ca\/wp-json\/wp\/v2\/types\/product"}],"wp:featuredmedia":[{"embeddable":true,"href":"https:\/\/www.editorialjuventud.es\/ca\/wp-json\/wp\/v2\/media\/16968"}],"wp:attachment":[{"href":"https:\/\/www.editorialjuventud.es\/ca\/wp-json\/wp\/v2\/media?parent=5758"}],"wp:term":[{"taxonomy":"product_brand","embeddable":true,"href":"https:\/\/www.editorialjuventud.es\/ca\/wp-json\/wp\/v2\/product_brand?post=5758"},{"taxonomy":"product_cat","embeddable":true,"href":"https:\/\/www.editorialjuventud.es\/ca\/wp-json\/wp\/v2\/product_cat?post=5758"},{"taxonomy":"product_tag","embeddable":true,"href":"https:\/\/www.editorialjuventud.es\/ca\/wp-json\/wp\/v2\/product_tag?post=5758"},{"taxonomy":"coleccion","embeddable":true,"href":"https:\/\/www.editorialjuventud.es\/ca\/wp-json\/wp\/v2\/coleccion?post=5758"}],"curies":[{"name":"wp","href":"https:\/\/api.w.org\/{rel}","templated":true}]}}