{"id":5752,"date":"2018-08-24T11:16:23","date_gmt":"2018-08-24T09:16:23","guid":{"rendered":"http:\/\/www.editorialjuventud.es\/el-globus-groc\/"},"modified":"2025-01-22T13:25:40","modified_gmt":"2025-01-22T12:25:40","slug":"el-globus-groc-9788426138477","status":"publish","type":"product","link":"https:\/\/www.editorialjuventud.es\/ca\/el-globus-groc-9788426138477\/","title":{"rendered":"El globus groc"},"content":{"rendered":"<p>Un globus groc s&#8217;escapa i empr\u00e8n un viatge a trav\u00e9s del m\u00f3n. En cada escena a doble p\u00e0gina descobrim innombrables detalls, centenars d&#8217;hist\u00f2ries plenes d&#8217;acci\u00f3 en un m\u00f3n on es barregen el contemporani i l&#8217;hist\u00f2ric, la realitat i la ficci\u00f3. Charlotte Dematons ens porta en un viatge fascinant i colorit a trav\u00e9s del m\u00f3n, seguint als quatre personatges principals del llibre: un faquir, un lladre, un cotxe blau i un globus groc. El seu exquisit sentit pel detall i els seus art\u00edstics paisatges ens faran passar hores d&#8217;entreteniment.     Un llibre ideal per a una lectura interactiva. Un llibre per a totes les edats.<\/p>\n","protected":false},"excerpt":{"rendered":"Un globus groc s&#8217;escapa i empr\u00e8n un viatge a trav\u00e9s del m\u00f3n. En cada escena a doble p\u00e0gina descobrim innombrables detalls, centenars d&#8217;hist\u00f2ries plenes d&#8217;acci\u00f3 en un m\u00f3n on es barregen el contemporani i l&#8217;hist\u00f2ric, la realitat i la ficci\u00f3. [&hellip;]","protected":false},"featured_media":12687,"template":"","meta":{"_acf_changed":false,"_exactmetrics_skip_tracking":false,"_exactmetrics_sitenote_active":false,"_exactmetrics_sitenote_note":"","_exactmetrics_sitenote_category":0},"product_brand":[],"product_cat":[900,1121,1281,1142,1178,1291,1330,1201,1128],"product_tag":[],"coleccion":[917,915,956],"class_list":{"0":"post-5752","1":"product","2":"type-product","3":"status-publish","4":"has-post-thumbnail","6":"product_cat-a-partir-de-5-anos","7":"product_cat-albumes-ilustrados","8":"product_cat-aprendizaje","9":"product_cat-aventura","10":"product_cat-geografia","11":"product_cat-libro-juego","12":"product_cat-llibro-juego","13":"product_cat-naturaleza-biodiversidad","14":"product_cat-tematica","15":"coleccion-albums-illustrats","16":"coleccion-catala","17":"coleccion-llibres-joc","19":"first","20":"instock","21":"taxable","22":"shipping-taxable","23":"purchasable","24":"product-type-simple"},"acf":{"autor":"Dematons, Charlotte ","codart":"3847","ediciones":"0","encuadernacion":"Carton\u00e9","fecha_de_publicacion":"06\/06\/2011","novedad":"0","paginas":"32","subtitulo":"","texto_web_adicional":"","texto_web_novedad":"","orden":"999","portada":"0","texto_web_resaltado":"","autores-libros":[16321],"ilustradores-libros":[16321]},"yoast_head":"<!-- This site is optimized with the Yoast SEO plugin v27.5 - https:\/\/yoast.com\/product\/yoast-seo-wordpress\/ -->\n<title>El globus groc - Editorial Juventud<\/title>\n<meta name=\"description\" content=\"Un globus groc s&#039;escapa i empr\u00e8n un viatge a trav\u00e9s del m\u00f3n. En cada escena a doble p\u00e0gina descobrim innombrables detalls, centenars d&#039;hist\u00f2ries plenes\" \/>\n<meta name=\"robots\" content=\"index, follow, max-snippet:-1, max-image-preview:large, max-video-preview:-1\" \/>\n<link rel=\"canonical\" href=\"https:\/\/www.editorialjuventud.es\/el-globus-groc-9788426138477\/\" \/>\n<meta property=\"og:locale\" content=\"ca_ES\" \/>\n<meta property=\"og:type\" content=\"article\" \/>\n<meta property=\"og:title\" content=\"El globus groc - Editorial Juventud\" \/>\n<meta property=\"og:description\" content=\"Un globus groc s&#039;escapa i empr\u00e8n un viatge a trav\u00e9s del m\u00f3n. En cada escena a doble p\u00e0gina descobrim innombrables detalls, centenars d&#039;hist\u00f2ries plenes\" \/>\n<meta property=\"og:url\" content=\"https:\/\/www.editorialjuventud.es\/el-globus-groc-9788426138477\/\" \/>\n<meta property=\"og:site_name\" content=\"Editorial Juventud\" \/>\n<meta property=\"article:modified_time\" content=\"2025-01-22T12:25:40+00:00\" \/>\n<meta property=\"og:image\" content=\"https:\/\/www.editorialjuventud.es\/wp-content\/uploads\/3847.jpg\" \/>\n\t<meta property=\"og:image:width\" content=\"335\" \/>\n\t<meta property=\"og:image:height\" content=\"450\" \/>\n\t<meta property=\"og:image:type\" content=\"image\/jpeg\" \/>\n<meta name=\"twitter:card\" content=\"summary_large_image\" \/>\n<meta name=\"twitter:label1\" content=\"Temps estimat de lectura\" \/>\n\t<meta name=\"twitter:data1\" content=\"1 minut\" \/>\n<script type=\"application\/ld+json\" class=\"yoast-schema-graph\">{\"@context\":\"https:\\\/\\\/schema.org\",\"@graph\":[{\"@type\":\"WebPage\",\"@id\":\"https:\\\/\\\/www.editorialjuventud.es\\\/el-globus-groc-9788426138477\\\/\",\"url\":\"https:\\\/\\\/www.editorialjuventud.es\\\/el-globus-groc-9788426138477\\\/\",\"name\":\"El globus groc - Editorial Juventud\",\"isPartOf\":{\"@id\":\"https:\\\/\\\/www.editorialjuventud.es\\\/#website\"},\"primaryImageOfPage\":{\"@id\":\"https:\\\/\\\/www.editorialjuventud.es\\\/el-globus-groc-9788426138477\\\/#primaryimage\"},\"image\":{\"@id\":\"https:\\\/\\\/www.editorialjuventud.es\\\/el-globus-groc-9788426138477\\\/#primaryimage\"},\"thumbnailUrl\":\"https:\\\/\\\/www.editorialjuventud.es\\\/wp-content\\\/uploads\\\/3847.jpg\",\"datePublished\":\"2018-08-24T09:16:23+00:00\",\"dateModified\":\"2025-01-22T12:25:40+00:00\",\"description\":\"Un globus groc s'escapa i empr\u00e8n un viatge a trav\u00e9s del m\u00f3n. En cada escena a doble p\u00e0gina descobrim innombrables detalls, centenars d'hist\u00f2ries plenes\",\"breadcrumb\":{\"@id\":\"https:\\\/\\\/www.editorialjuventud.es\\\/el-globus-groc-9788426138477\\\/#breadcrumb\"},\"inLanguage\":\"ca\",\"potentialAction\":[{\"@type\":\"ReadAction\",\"target\":[\"https:\\\/\\\/www.editorialjuventud.es\\\/el-globus-groc-9788426138477\\\/\"]}]},{\"@type\":\"ImageObject\",\"inLanguage\":\"ca\",\"@id\":\"https:\\\/\\\/www.editorialjuventud.es\\\/el-globus-groc-9788426138477\\\/#primaryimage\",\"url\":\"https:\\\/\\\/www.editorialjuventud.es\\\/wp-content\\\/uploads\\\/3847.jpg\",\"contentUrl\":\"https:\\\/\\\/www.editorialjuventud.es\\\/wp-content\\\/uploads\\\/3847.jpg\",\"width\":335,\"height\":450,\"caption\":\"3847.jpg\"},{\"@type\":\"BreadcrumbList\",\"@id\":\"https:\\\/\\\/www.editorialjuventud.es\\\/el-globus-groc-9788426138477\\\/#breadcrumb\",\"itemListElement\":[{\"@type\":\"ListItem\",\"position\":1,\"name\":\"Portada\",\"item\":\"https:\\\/\\\/www.editorialjuventud.es\\\/\"},{\"@type\":\"ListItem\",\"position\":2,\"name\":\"cat\u00e1logo\",\"item\":\"https:\\\/\\\/www.editorialjuventud.es\\\/coleccion\\\/catalogo\\\/\"},{\"@type\":\"ListItem\",\"position\":3,\"name\":\"catal\u00e0\",\"item\":\"https:\\\/\\\/www.editorialjuventud.es\\\/coleccion\\\/catala\\\/\"},{\"@type\":\"ListItem\",\"position\":4,\"name\":\"\u00c0lbums Il\u00b7lustrats\",\"item\":\"https:\\\/\\\/www.editorialjuventud.es\\\/coleccion\\\/albums-il%c2%b7lustrats\\\/\"},{\"@type\":\"ListItem\",\"position\":5,\"name\":\"Llibres Joc\",\"item\":\"https:\\\/\\\/www.editorialjuventud.es\\\/coleccion\\\/llibres-joc\\\/\"},{\"@type\":\"ListItem\",\"position\":6,\"name\":\"El globus groc\"}]},{\"@type\":\"WebSite\",\"@id\":\"https:\\\/\\\/www.editorialjuventud.es\\\/#website\",\"url\":\"https:\\\/\\\/www.editorialjuventud.es\\\/\",\"name\":\"Editorial Juventud\",\"description\":\"\",\"potentialAction\":[{\"@type\":\"SearchAction\",\"target\":{\"@type\":\"EntryPoint\",\"urlTemplate\":\"https:\\\/\\\/www.editorialjuventud.es\\\/?s={search_term_string}\"},\"query-input\":{\"@type\":\"PropertyValueSpecification\",\"valueRequired\":true,\"valueName\":\"search_term_string\"}}],\"inLanguage\":\"ca\"}]}<\/script>\n<!-- \/ Yoast SEO plugin. -->","yoast_head_json":{"title":"El globus groc - Editorial Juventud","description":"Un globus groc s'escapa i empr\u00e8n un viatge a trav\u00e9s del m\u00f3n. En cada escena a doble p\u00e0gina descobrim innombrables detalls, centenars d'hist\u00f2ries plenes","robots":{"index":"index","follow":"follow","max-snippet":"max-snippet:-1","max-image-preview":"max-image-preview:large","max-video-preview":"max-video-preview:-1"},"canonical":"https:\/\/www.editorialjuventud.es\/el-globus-groc-9788426138477\/","og_locale":"ca_ES","og_type":"article","og_title":"El globus groc - Editorial Juventud","og_description":"Un globus groc s'escapa i empr\u00e8n un viatge a trav\u00e9s del m\u00f3n. En cada escena a doble p\u00e0gina descobrim innombrables detalls, centenars d'hist\u00f2ries plenes","og_url":"https:\/\/www.editorialjuventud.es\/el-globus-groc-9788426138477\/","og_site_name":"Editorial Juventud","article_modified_time":"2025-01-22T12:25:40+00:00","og_image":[{"width":335,"height":450,"url":"https:\/\/www.editorialjuventud.es\/wp-content\/uploads\/3847.jpg","type":"image\/jpeg"}],"twitter_card":"summary_large_image","twitter_misc":{"Temps estimat de lectura":"1 minut"},"schema":{"@context":"https:\/\/schema.org","@graph":[{"@type":"WebPage","@id":"https:\/\/www.editorialjuventud.es\/el-globus-groc-9788426138477\/","url":"https:\/\/www.editorialjuventud.es\/el-globus-groc-9788426138477\/","name":"El globus groc - Editorial Juventud","isPartOf":{"@id":"https:\/\/www.editorialjuventud.es\/#website"},"primaryImageOfPage":{"@id":"https:\/\/www.editorialjuventud.es\/el-globus-groc-9788426138477\/#primaryimage"},"image":{"@id":"https:\/\/www.editorialjuventud.es\/el-globus-groc-9788426138477\/#primaryimage"},"thumbnailUrl":"https:\/\/www.editorialjuventud.es\/wp-content\/uploads\/3847.jpg","datePublished":"2018-08-24T09:16:23+00:00","dateModified":"2025-01-22T12:25:40+00:00","description":"Un globus groc s'escapa i empr\u00e8n un viatge a trav\u00e9s del m\u00f3n. En cada escena a doble p\u00e0gina descobrim innombrables detalls, centenars d'hist\u00f2ries plenes","breadcrumb":{"@id":"https:\/\/www.editorialjuventud.es\/el-globus-groc-9788426138477\/#breadcrumb"},"inLanguage":"ca","potentialAction":[{"@type":"ReadAction","target":["https:\/\/www.editorialjuventud.es\/el-globus-groc-9788426138477\/"]}]},{"@type":"ImageObject","inLanguage":"ca","@id":"https:\/\/www.editorialjuventud.es\/el-globus-groc-9788426138477\/#primaryimage","url":"https:\/\/www.editorialjuventud.es\/wp-content\/uploads\/3847.jpg","contentUrl":"https:\/\/www.editorialjuventud.es\/wp-content\/uploads\/3847.jpg","width":335,"height":450,"caption":"3847.jpg"},{"@type":"BreadcrumbList","@id":"https:\/\/www.editorialjuventud.es\/el-globus-groc-9788426138477\/#breadcrumb","itemListElement":[{"@type":"ListItem","position":1,"name":"Portada","item":"https:\/\/www.editorialjuventud.es\/"},{"@type":"ListItem","position":2,"name":"cat\u00e1logo","item":"https:\/\/www.editorialjuventud.es\/coleccion\/catalogo\/"},{"@type":"ListItem","position":3,"name":"catal\u00e0","item":"https:\/\/www.editorialjuventud.es\/coleccion\/catala\/"},{"@type":"ListItem","position":4,"name":"\u00c0lbums Il\u00b7lustrats","item":"https:\/\/www.editorialjuventud.es\/coleccion\/albums-il%c2%b7lustrats\/"},{"@type":"ListItem","position":5,"name":"Llibres Joc","item":"https:\/\/www.editorialjuventud.es\/coleccion\/llibres-joc\/"},{"@type":"ListItem","position":6,"name":"El globus groc"}]},{"@type":"WebSite","@id":"https:\/\/www.editorialjuventud.es\/#website","url":"https:\/\/www.editorialjuventud.es\/","name":"Editorial Juventud","description":"","potentialAction":[{"@type":"SearchAction","target":{"@type":"EntryPoint","urlTemplate":"https:\/\/www.editorialjuventud.es\/?s={search_term_string}"},"query-input":{"@type":"PropertyValueSpecification","valueRequired":true,"valueName":"search_term_string"}}],"inLanguage":"ca"}]}},"_links":{"self":[{"href":"https:\/\/www.editorialjuventud.es\/ca\/wp-json\/wp\/v2\/product\/5752","targetHints":{"allow":["GET"]}}],"collection":[{"href":"https:\/\/www.editorialjuventud.es\/ca\/wp-json\/wp\/v2\/product"}],"about":[{"href":"https:\/\/www.editorialjuventud.es\/ca\/wp-json\/wp\/v2\/types\/product"}],"wp:featuredmedia":[{"embeddable":true,"href":"https:\/\/www.editorialjuventud.es\/ca\/wp-json\/wp\/v2\/media\/12687"}],"wp:attachment":[{"href":"https:\/\/www.editorialjuventud.es\/ca\/wp-json\/wp\/v2\/media?parent=5752"}],"wp:term":[{"taxonomy":"product_brand","embeddable":true,"href":"https:\/\/www.editorialjuventud.es\/ca\/wp-json\/wp\/v2\/product_brand?post=5752"},{"taxonomy":"product_cat","embeddable":true,"href":"https:\/\/www.editorialjuventud.es\/ca\/wp-json\/wp\/v2\/product_cat?post=5752"},{"taxonomy":"product_tag","embeddable":true,"href":"https:\/\/www.editorialjuventud.es\/ca\/wp-json\/wp\/v2\/product_tag?post=5752"},{"taxonomy":"coleccion","embeddable":true,"href":"https:\/\/www.editorialjuventud.es\/ca\/wp-json\/wp\/v2\/coleccion?post=5752"}],"curies":[{"name":"wp","href":"https:\/\/api.w.org\/{rel}","templated":true}]}}