{"id":5747,"date":"2018-08-24T11:16:03","date_gmt":"2018-08-24T09:16:03","guid":{"rendered":"http:\/\/www.editorialjuventud.es\/veo-veo-una-cosa-de-color%c2%85-azul\/"},"modified":"2021-10-19T10:05:26","modified_gmt":"2021-10-19T08:05:26","slug":"veo-veo-una-cosa-de-color-azul-9788426138422","status":"publish","type":"product","link":"https:\/\/www.editorialjuventud.es\/ca\/veo-veo-una-cosa-de-color-azul-9788426138422\/","title":{"rendered":"Veo, veo una cosa de color&#8230; AZUL"},"content":{"rendered":"<p>Veo, veo, algo de color azul &#8230; y verde &#8230; y marr\u00f3n. Espiando a trav\u00e9s de las p\u00e1ginas, tendr\u00e1s que adivinar qu\u00e9 hay detr\u00e1s de cada p\u00e1gina.<\/p>\n<p>Las audaces ilustraciones de Nick Sharratt aportan color y diversi\u00f3n. Un libro novedoso para los m\u00e1s peque\u00f1os ideal para leer en voz alta.\u00a0Les encantar\u00e1 adivinar lo que se esconde detr\u00e1s de cada ilustraci\u00f3n.<\/p>\n","protected":false},"excerpt":{"rendered":"Veo, veo, algo de color azul &#8230; y verde &#8230; y marr\u00f3n. Espiando a trav\u00e9s de las p\u00e1ginas, tendr\u00e1s que adivinar qu\u00e9 hay detr\u00e1s de cada p\u00e1gina. Las audaces ilustraciones de Nick Sharratt aportan color y diversi\u00f3n. Un libro novedoso [&hellip;]","protected":false},"featured_media":16962,"template":"","meta":{"_acf_changed":false,"_exactmetrics_skip_tracking":false,"_exactmetrics_sitenote_active":false,"_exactmetrics_sitenote_note":"","_exactmetrics_sitenote_category":0},"product_brand":[],"product_cat":[898,1121,1152,892,1115,1291,1193,1128],"product_tag":[],"coleccion":[928,916,997],"class_list":{"0":"post-5747","1":"product","2":"type-product","3":"status-publish","4":"has-post-thumbnail","6":"product_cat-a-partir-de-2-anos","7":"product_cat-albumes-ilustrados","8":"product_cat-colores","9":"product_cat-edades","10":"product_cat-generos","11":"product_cat-libro-juego","12":"product_cat-mar-oceano","13":"product_cat-tematica","14":"coleccion-albumes-ilustrados","15":"coleccion-castellano","16":"coleccion-mis-primeros-cuentos","18":"first","19":"instock","20":"taxable","21":"shipping-taxable","22":"purchasable","23":"product-type-simple"},"acf":{"autor":"Symes, Sally","codart":"3842","ediciones":"1","encuadernacion":"Carton\u00e9","fecha_de_publicacion":"01\/11\/2011","novedad":"0","paginas":"32","subtitulo":"","texto_web_adicional":"","texto_web_novedad":"","orden":"999","portada":"0","texto_web_resaltado":"","indice":"","autores-libros":[16637],"ilustradores-libros":[18101],"traductores-libros":[17989],"descripcion_corta":"","recomendamos":"","mas_vendido":"","idioma-libro":"","color":false,"formato":"","mas_informacion_del_producto":false,"premios":false,"texto_enlace_cubierta":"","enlace_cubierta":{"ID":24061,"id":24061,"title":"SBWB_NEUTRALCOVER_editorial juventud.indd","filename":"cover-veo-veo-una-cosa-de.jpg","filesize":460297,"url":"https:\/\/www.editorialjuventud.es\/wp-content\/uploads\/cover-veo-veo-una-cosa-de.jpg","link":"https:\/\/www.editorialjuventud.es\/ca\/?attachment_id=24061","alt":"","author":"47","description":"","caption":"","name":"sbwb_neutralcover_editorial-juventud-indd","status":"inherit","uploaded_to":5747,"date":"2019-04-15 09:09:12","modified":"2019-04-15 09:09:12","menu_order":0,"mime_type":"image\/jpeg","type":"image","subtype":"jpeg","icon":"https:\/\/www.editorialjuventud.es\/wp-includes\/images\/media\/default.png","width":1596,"height":1756,"sizes":{"thumbnail":"https:\/\/www.editorialjuventud.es\/wp-content\/uploads\/cover-veo-veo-una-cosa-de-200x200.jpg","thumbnail-width":200,"thumbnail-height":200,"medium":"https:\/\/www.editorialjuventud.es\/wp-content\/uploads\/cover-veo-veo-una-cosa-de.jpg","medium-width":1596,"medium-height":1756,"medium_large":"https:\/\/www.editorialjuventud.es\/wp-content\/uploads\/cover-veo-veo-una-cosa-de-768x845.jpg","medium_large-width":768,"medium_large-height":845,"large":"https:\/\/www.editorialjuventud.es\/wp-content\/uploads\/cover-veo-veo-una-cosa-de.jpg","large-width":1596,"large-height":1756,"1536x1536":"https:\/\/www.editorialjuventud.es\/wp-content\/uploads\/cover-veo-veo-una-cosa-de.jpg","1536x1536-width":1396,"1536x1536-height":1536,"2048x2048":"https:\/\/www.editorialjuventud.es\/wp-content\/uploads\/cover-veo-veo-una-cosa-de.jpg","2048x2048-width":1596,"2048x2048-height":1756,"woocommerce_thumbnail":"https:\/\/www.editorialjuventud.es\/wp-content\/uploads\/cover-veo-veo-una-cosa-de-350x385.jpg","woocommerce_thumbnail-width":350,"woocommerce_thumbnail-height":385,"woocommerce_single":"https:\/\/www.editorialjuventud.es\/wp-content\/uploads\/cover-veo-veo-una-cosa-de-900x990.jpg","woocommerce_single-width":900,"woocommerce_single-height":990,"woocommerce_gallery_thumbnail":"https:\/\/www.editorialjuventud.es\/wp-content\/uploads\/cover-veo-veo-una-cosa-de-100x100.jpg","woocommerce_gallery_thumbnail-width":100,"woocommerce_gallery_thumbnail-height":100,"ppec_logo_image_size":"https:\/\/www.editorialjuventud.es\/wp-content\/uploads\/cover-veo-veo-una-cosa-de.jpg","ppec_logo_image_size-width":55,"ppec_logo_image_size-height":60,"ppec_header_image_size":"https:\/\/www.editorialjuventud.es\/wp-content\/uploads\/cover-veo-veo-una-cosa-de.jpg","ppec_header_image_size-width":82,"ppec_header_image_size-height":90}},"texto_enlace_ficha_tecnica":"","enlace_ficha_tecnica":false,"ficheros":false,"titulo-fr":"","texto-fr":""},"yoast_head":"<!-- This site is optimized with the Yoast SEO plugin v27.5 - https:\/\/yoast.com\/product\/yoast-seo-wordpress\/ -->\n<title>Veo, veo una cosa de color... AZUL - Editorial Juventud<\/title>\n<meta name=\"description\" content=\"Veo, veo, algo de color azul ... y verde ... y marr\u00f3n. Espiando a trav\u00e9s de las p\u00e1ginas, tendr\u00e1s que adivinar qu\u00e9 hay detr\u00e1s de cada p\u00e1gina. Las audaces\" \/>\n<meta name=\"robots\" content=\"index, follow, max-snippet:-1, max-image-preview:large, max-video-preview:-1\" \/>\n<link rel=\"canonical\" href=\"https:\/\/www.editorialjuventud.es\/veo-veo-una-cosa-de-color-azul-9788426138422\/\" \/>\n<meta property=\"og:locale\" content=\"ca_ES\" \/>\n<meta property=\"og:type\" content=\"article\" \/>\n<meta property=\"og:title\" content=\"Veo, veo una cosa de color... AZUL - Editorial Juventud\" \/>\n<meta property=\"og:description\" content=\"Veo, veo, algo de color azul ... y verde ... y marr\u00f3n. Espiando a trav\u00e9s de las p\u00e1ginas, tendr\u00e1s que adivinar qu\u00e9 hay detr\u00e1s de cada p\u00e1gina. Las audaces\" \/>\n<meta property=\"og:url\" content=\"https:\/\/www.editorialjuventud.es\/veo-veo-una-cosa-de-color-azul-9788426138422\/\" \/>\n<meta property=\"og:site_name\" content=\"Editorial Juventud\" \/>\n<meta property=\"article:modified_time\" content=\"2021-10-19T08:05:26+00:00\" \/>\n<meta property=\"og:image\" content=\"https:\/\/www.editorialjuventud.es\/wp-content\/uploads\/3842.jpg\" \/>\n\t<meta property=\"og:image:width\" content=\"400\" \/>\n\t<meta property=\"og:image:height\" content=\"450\" \/>\n\t<meta property=\"og:image:type\" content=\"image\/jpeg\" \/>\n<meta name=\"twitter:card\" content=\"summary_large_image\" \/>\n<script type=\"application\/ld+json\" class=\"yoast-schema-graph\">{\"@context\":\"https:\\\/\\\/schema.org\",\"@graph\":[{\"@type\":\"WebPage\",\"@id\":\"https:\\\/\\\/www.editorialjuventud.es\\\/veo-veo-una-cosa-de-color-azul-9788426138422\\\/\",\"url\":\"https:\\\/\\\/www.editorialjuventud.es\\\/veo-veo-una-cosa-de-color-azul-9788426138422\\\/\",\"name\":\"Veo, veo una cosa de color... AZUL - Editorial Juventud\",\"isPartOf\":{\"@id\":\"https:\\\/\\\/www.editorialjuventud.es\\\/#website\"},\"primaryImageOfPage\":{\"@id\":\"https:\\\/\\\/www.editorialjuventud.es\\\/veo-veo-una-cosa-de-color-azul-9788426138422\\\/#primaryimage\"},\"image\":{\"@id\":\"https:\\\/\\\/www.editorialjuventud.es\\\/veo-veo-una-cosa-de-color-azul-9788426138422\\\/#primaryimage\"},\"thumbnailUrl\":\"https:\\\/\\\/www.editorialjuventud.es\\\/wp-content\\\/uploads\\\/3842.jpg\",\"datePublished\":\"2018-08-24T09:16:03+00:00\",\"dateModified\":\"2021-10-19T08:05:26+00:00\",\"description\":\"Veo, veo, algo de color azul ... y verde ... y marr\u00f3n. Espiando a trav\u00e9s de las p\u00e1ginas, tendr\u00e1s que adivinar qu\u00e9 hay detr\u00e1s de cada p\u00e1gina. Las audaces\",\"breadcrumb\":{\"@id\":\"https:\\\/\\\/www.editorialjuventud.es\\\/veo-veo-una-cosa-de-color-azul-9788426138422\\\/#breadcrumb\"},\"inLanguage\":\"ca\",\"potentialAction\":[{\"@type\":\"ReadAction\",\"target\":[\"https:\\\/\\\/www.editorialjuventud.es\\\/veo-veo-una-cosa-de-color-azul-9788426138422\\\/\"]}]},{\"@type\":\"ImageObject\",\"inLanguage\":\"ca\",\"@id\":\"https:\\\/\\\/www.editorialjuventud.es\\\/veo-veo-una-cosa-de-color-azul-9788426138422\\\/#primaryimage\",\"url\":\"https:\\\/\\\/www.editorialjuventud.es\\\/wp-content\\\/uploads\\\/3842.jpg\",\"contentUrl\":\"https:\\\/\\\/www.editorialjuventud.es\\\/wp-content\\\/uploads\\\/3842.jpg\",\"width\":400,\"height\":450,\"caption\":\"3842.jpg\"},{\"@type\":\"BreadcrumbList\",\"@id\":\"https:\\\/\\\/www.editorialjuventud.es\\\/veo-veo-una-cosa-de-color-azul-9788426138422\\\/#breadcrumb\",\"itemListElement\":[{\"@type\":\"ListItem\",\"position\":1,\"name\":\"Portada\",\"item\":\"https:\\\/\\\/www.editorialjuventud.es\\\/\"},{\"@type\":\"ListItem\",\"position\":2,\"name\":\"cat\u00e1logo\",\"item\":\"https:\\\/\\\/www.editorialjuventud.es\\\/coleccion\\\/catalogo\\\/\"},{\"@type\":\"ListItem\",\"position\":3,\"name\":\"castellano\",\"item\":\"https:\\\/\\\/www.editorialjuventud.es\\\/coleccion\\\/castellano\\\/\"},{\"@type\":\"ListItem\",\"position\":4,\"name\":\"\u00c1lbumes Ilustrados\",\"item\":\"https:\\\/\\\/www.editorialjuventud.es\\\/coleccion\\\/albumes-ilustrados\\\/\"},{\"@type\":\"ListItem\",\"position\":5,\"name\":\"Mis Primeros Cuentos\",\"item\":\"https:\\\/\\\/www.editorialjuventud.es\\\/coleccion\\\/mis-primeros-cuentos\\\/\"},{\"@type\":\"ListItem\",\"position\":6,\"name\":\"Veo, veo una cosa de color&#8230; AZUL\"}]},{\"@type\":\"WebSite\",\"@id\":\"https:\\\/\\\/www.editorialjuventud.es\\\/#website\",\"url\":\"https:\\\/\\\/www.editorialjuventud.es\\\/\",\"name\":\"Editorial Juventud\",\"description\":\"\",\"potentialAction\":[{\"@type\":\"SearchAction\",\"target\":{\"@type\":\"EntryPoint\",\"urlTemplate\":\"https:\\\/\\\/www.editorialjuventud.es\\\/?s={search_term_string}\"},\"query-input\":{\"@type\":\"PropertyValueSpecification\",\"valueRequired\":true,\"valueName\":\"search_term_string\"}}],\"inLanguage\":\"ca\"}]}<\/script>\n<!-- \/ Yoast SEO plugin. -->","yoast_head_json":{"title":"Veo, veo una cosa de color... AZUL - Editorial Juventud","description":"Veo, veo, algo de color azul ... y verde ... y marr\u00f3n. Espiando a trav\u00e9s de las p\u00e1ginas, tendr\u00e1s que adivinar qu\u00e9 hay detr\u00e1s de cada p\u00e1gina. Las audaces","robots":{"index":"index","follow":"follow","max-snippet":"max-snippet:-1","max-image-preview":"max-image-preview:large","max-video-preview":"max-video-preview:-1"},"canonical":"https:\/\/www.editorialjuventud.es\/veo-veo-una-cosa-de-color-azul-9788426138422\/","og_locale":"ca_ES","og_type":"article","og_title":"Veo, veo una cosa de color... AZUL - Editorial Juventud","og_description":"Veo, veo, algo de color azul ... y verde ... y marr\u00f3n. Espiando a trav\u00e9s de las p\u00e1ginas, tendr\u00e1s que adivinar qu\u00e9 hay detr\u00e1s de cada p\u00e1gina. Las audaces","og_url":"https:\/\/www.editorialjuventud.es\/veo-veo-una-cosa-de-color-azul-9788426138422\/","og_site_name":"Editorial Juventud","article_modified_time":"2021-10-19T08:05:26+00:00","og_image":[{"width":400,"height":450,"url":"https:\/\/www.editorialjuventud.es\/wp-content\/uploads\/3842.jpg","type":"image\/jpeg"}],"twitter_card":"summary_large_image","schema":{"@context":"https:\/\/schema.org","@graph":[{"@type":"WebPage","@id":"https:\/\/www.editorialjuventud.es\/veo-veo-una-cosa-de-color-azul-9788426138422\/","url":"https:\/\/www.editorialjuventud.es\/veo-veo-una-cosa-de-color-azul-9788426138422\/","name":"Veo, veo una cosa de color... AZUL - Editorial Juventud","isPartOf":{"@id":"https:\/\/www.editorialjuventud.es\/#website"},"primaryImageOfPage":{"@id":"https:\/\/www.editorialjuventud.es\/veo-veo-una-cosa-de-color-azul-9788426138422\/#primaryimage"},"image":{"@id":"https:\/\/www.editorialjuventud.es\/veo-veo-una-cosa-de-color-azul-9788426138422\/#primaryimage"},"thumbnailUrl":"https:\/\/www.editorialjuventud.es\/wp-content\/uploads\/3842.jpg","datePublished":"2018-08-24T09:16:03+00:00","dateModified":"2021-10-19T08:05:26+00:00","description":"Veo, veo, algo de color azul ... y verde ... y marr\u00f3n. Espiando a trav\u00e9s de las p\u00e1ginas, tendr\u00e1s que adivinar qu\u00e9 hay detr\u00e1s de cada p\u00e1gina. Las audaces","breadcrumb":{"@id":"https:\/\/www.editorialjuventud.es\/veo-veo-una-cosa-de-color-azul-9788426138422\/#breadcrumb"},"inLanguage":"ca","potentialAction":[{"@type":"ReadAction","target":["https:\/\/www.editorialjuventud.es\/veo-veo-una-cosa-de-color-azul-9788426138422\/"]}]},{"@type":"ImageObject","inLanguage":"ca","@id":"https:\/\/www.editorialjuventud.es\/veo-veo-una-cosa-de-color-azul-9788426138422\/#primaryimage","url":"https:\/\/www.editorialjuventud.es\/wp-content\/uploads\/3842.jpg","contentUrl":"https:\/\/www.editorialjuventud.es\/wp-content\/uploads\/3842.jpg","width":400,"height":450,"caption":"3842.jpg"},{"@type":"BreadcrumbList","@id":"https:\/\/www.editorialjuventud.es\/veo-veo-una-cosa-de-color-azul-9788426138422\/#breadcrumb","itemListElement":[{"@type":"ListItem","position":1,"name":"Portada","item":"https:\/\/www.editorialjuventud.es\/"},{"@type":"ListItem","position":2,"name":"cat\u00e1logo","item":"https:\/\/www.editorialjuventud.es\/coleccion\/catalogo\/"},{"@type":"ListItem","position":3,"name":"castellano","item":"https:\/\/www.editorialjuventud.es\/coleccion\/castellano\/"},{"@type":"ListItem","position":4,"name":"\u00c1lbumes Ilustrados","item":"https:\/\/www.editorialjuventud.es\/coleccion\/albumes-ilustrados\/"},{"@type":"ListItem","position":5,"name":"Mis Primeros Cuentos","item":"https:\/\/www.editorialjuventud.es\/coleccion\/mis-primeros-cuentos\/"},{"@type":"ListItem","position":6,"name":"Veo, veo una cosa de color&#8230; AZUL"}]},{"@type":"WebSite","@id":"https:\/\/www.editorialjuventud.es\/#website","url":"https:\/\/www.editorialjuventud.es\/","name":"Editorial Juventud","description":"","potentialAction":[{"@type":"SearchAction","target":{"@type":"EntryPoint","urlTemplate":"https:\/\/www.editorialjuventud.es\/?s={search_term_string}"},"query-input":{"@type":"PropertyValueSpecification","valueRequired":true,"valueName":"search_term_string"}}],"inLanguage":"ca"}]}},"_links":{"self":[{"href":"https:\/\/www.editorialjuventud.es\/ca\/wp-json\/wp\/v2\/product\/5747","targetHints":{"allow":["GET"]}}],"collection":[{"href":"https:\/\/www.editorialjuventud.es\/ca\/wp-json\/wp\/v2\/product"}],"about":[{"href":"https:\/\/www.editorialjuventud.es\/ca\/wp-json\/wp\/v2\/types\/product"}],"wp:featuredmedia":[{"embeddable":true,"href":"https:\/\/www.editorialjuventud.es\/ca\/wp-json\/wp\/v2\/media\/16962"}],"wp:attachment":[{"href":"https:\/\/www.editorialjuventud.es\/ca\/wp-json\/wp\/v2\/media?parent=5747"}],"wp:term":[{"taxonomy":"product_brand","embeddable":true,"href":"https:\/\/www.editorialjuventud.es\/ca\/wp-json\/wp\/v2\/product_brand?post=5747"},{"taxonomy":"product_cat","embeddable":true,"href":"https:\/\/www.editorialjuventud.es\/ca\/wp-json\/wp\/v2\/product_cat?post=5747"},{"taxonomy":"product_tag","embeddable":true,"href":"https:\/\/www.editorialjuventud.es\/ca\/wp-json\/wp\/v2\/product_tag?post=5747"},{"taxonomy":"coleccion","embeddable":true,"href":"https:\/\/www.editorialjuventud.es\/ca\/wp-json\/wp\/v2\/coleccion?post=5747"}],"curies":[{"name":"wp","href":"https:\/\/api.w.org\/{rel}","templated":true}]}}