{"id":5739,"date":"2018-08-24T11:15:29","date_gmt":"2018-08-24T09:15:29","guid":{"rendered":"http:\/\/www.editorialjuventud.es\/tutankhamon\/"},"modified":"2026-04-08T11:55:14","modified_gmt":"2026-04-08T09:55:14","slug":"tutankhamon-9788426138354","status":"publish","type":"product","link":"https:\/\/www.editorialjuventud.es\/ca\/tutankhamon-9788426138354\/","title":{"rendered":"Tutankhamon"},"content":{"rendered":"<p>Demi situa la vida de Tutankhamon en el context de les lluites religioses dels seus ancestres. Fill d&#8217;un fara\u00f3 que va tenir la idea revolucion\u00e0ria d&#8217;imposar a Egipte el culte a un \u00fanic d\u00e9u, Tut va pujar al tron i va restaurar la llibertat religiosa en l&#8217;Alt i el Baix Egipte. El talent narratiu de Demi i les seves magn\u00edfiques il\u00b7lustracions inspirades en l&#8217;estil de les pintures, l&#8217;arquitectura, l&#8217;escultura i les joies d&#8217;Egipte, ens apropen a la vida d&#8217;un rei excepcional que ens ve contemplant \u201cdes d&#8217;una dist\u00e0ncia de m\u00e9s de tres mil anys\u201d.<\/p>\n","protected":false},"excerpt":{"rendered":"Demi situa la vida de Tutankhamon en el context de les lluites religioses dels seus ancestres. Fill d&#8217;un fara\u00f3 que va tenir la idea revolucion\u00e0ria d&#8217;imposar a Egipte el culte a un \u00fanic d\u00e9u, Tut va pujar al tron i [&hellip;]","protected":false},"featured_media":16960,"template":"","meta":{"_acf_changed":false,"_exactmetrics_skip_tracking":false,"_exactmetrics_sitenote_active":false,"_exactmetrics_sitenote_note":"","_exactmetrics_sitenote_category":0},"product_brand":[],"product_cat":[902,1121,1170,1183,1123],"product_tag":[],"coleccion":[917,915,946],"class_list":{"0":"post-5739","1":"product","2":"type-product","3":"status-publish","4":"has-post-thumbnail","6":"product_cat-a-partir-de-7-anos","7":"product_cat-albumes-ilustrados","8":"product_cat-egipto","9":"product_cat-historia","10":"product_cat-libros-informativos-infantil","11":"coleccion-albums-illustrats","12":"coleccion-catala","13":"coleccion-com-i-per-que","15":"first","16":"instock","17":"taxable","18":"shipping-taxable","19":"purchasable","20":"product-type-simple"},"acf":{"autor":"Demi","codart":"3835","ediciones":"0","encuadernacion":"Carton\u00e9","fecha_de_publicacion":"04\/04\/2011","novedad":"0","paginas":"60","subtitulo":"","texto_web_adicional":"","texto_web_novedad":"","orden":"999","portada":"0","texto_web_resaltado":"","indice":"","autores-libros":[16323],"ilustradores-libros":[16323],"traductores-libros":[18265],"descripcion_corta":"","recomendamos":"","mas_vendido":"","idioma-libro":"","color":false,"formato":"","mas_informacion_del_producto":false,"premios":false,"texto_enlace_cubierta":"","enlace_cubierta":false,"texto_enlace_ficha_tecnica":"","enlace_ficha_tecnica":false,"ficheros":false,"titulo-fr":"","texto-fr":""},"yoast_head":"<!-- This site is optimized with the Yoast SEO plugin v27.5 - https:\/\/yoast.com\/product\/yoast-seo-wordpress\/ -->\n<title>Tutankhamon - Editorial Juventud<\/title>\n<meta name=\"description\" content=\"Demi situa la vida de Tutankhamon en el context de les lluites religioses dels seus ancestres. Fill d&#039;un fara\u00f3 que va tenir la idea revolucion\u00e0ria\" \/>\n<meta name=\"robots\" content=\"index, follow, max-snippet:-1, max-image-preview:large, max-video-preview:-1\" \/>\n<link rel=\"canonical\" href=\"https:\/\/www.editorialjuventud.es\/tutankhamon-9788426138354\/\" \/>\n<meta property=\"og:locale\" content=\"ca_ES\" \/>\n<meta property=\"og:type\" content=\"article\" \/>\n<meta property=\"og:title\" content=\"Tutankhamon - Editorial Juventud\" \/>\n<meta property=\"og:description\" content=\"Demi situa la vida de Tutankhamon en el context de les lluites religioses dels seus ancestres. Fill d&#039;un fara\u00f3 que va tenir la idea revolucion\u00e0ria\" \/>\n<meta property=\"og:url\" content=\"https:\/\/www.editorialjuventud.es\/tutankhamon-9788426138354\/\" \/>\n<meta property=\"og:site_name\" content=\"Editorial Juventud\" \/>\n<meta property=\"article:modified_time\" content=\"2026-04-08T09:55:14+00:00\" \/>\n<meta property=\"og:image\" content=\"https:\/\/www.editorialjuventud.es\/wp-content\/uploads\/3835.jpg\" \/>\n\t<meta property=\"og:image:width\" content=\"428\" \/>\n\t<meta property=\"og:image:height\" content=\"450\" \/>\n\t<meta property=\"og:image:type\" content=\"image\/jpeg\" \/>\n<meta name=\"twitter:card\" content=\"summary_large_image\" \/>\n<meta name=\"twitter:label1\" content=\"Temps estimat de lectura\" \/>\n\t<meta name=\"twitter:data1\" content=\"1 minut\" \/>\n<script type=\"application\/ld+json\" class=\"yoast-schema-graph\">{\"@context\":\"https:\\\/\\\/schema.org\",\"@graph\":[{\"@type\":\"WebPage\",\"@id\":\"https:\\\/\\\/www.editorialjuventud.es\\\/tutankhamon-9788426138354\\\/\",\"url\":\"https:\\\/\\\/www.editorialjuventud.es\\\/tutankhamon-9788426138354\\\/\",\"name\":\"Tutankhamon - Editorial Juventud\",\"isPartOf\":{\"@id\":\"https:\\\/\\\/www.editorialjuventud.es\\\/#website\"},\"primaryImageOfPage\":{\"@id\":\"https:\\\/\\\/www.editorialjuventud.es\\\/tutankhamon-9788426138354\\\/#primaryimage\"},\"image\":{\"@id\":\"https:\\\/\\\/www.editorialjuventud.es\\\/tutankhamon-9788426138354\\\/#primaryimage\"},\"thumbnailUrl\":\"https:\\\/\\\/www.editorialjuventud.es\\\/wp-content\\\/uploads\\\/3835.jpg\",\"datePublished\":\"2018-08-24T09:15:29+00:00\",\"dateModified\":\"2026-04-08T09:55:14+00:00\",\"description\":\"Demi situa la vida de Tutankhamon en el context de les lluites religioses dels seus ancestres. Fill d'un fara\u00f3 que va tenir la idea revolucion\u00e0ria\",\"breadcrumb\":{\"@id\":\"https:\\\/\\\/www.editorialjuventud.es\\\/tutankhamon-9788426138354\\\/#breadcrumb\"},\"inLanguage\":\"ca\",\"potentialAction\":[{\"@type\":\"ReadAction\",\"target\":[\"https:\\\/\\\/www.editorialjuventud.es\\\/tutankhamon-9788426138354\\\/\"]}]},{\"@type\":\"ImageObject\",\"inLanguage\":\"ca\",\"@id\":\"https:\\\/\\\/www.editorialjuventud.es\\\/tutankhamon-9788426138354\\\/#primaryimage\",\"url\":\"https:\\\/\\\/www.editorialjuventud.es\\\/wp-content\\\/uploads\\\/3835.jpg\",\"contentUrl\":\"https:\\\/\\\/www.editorialjuventud.es\\\/wp-content\\\/uploads\\\/3835.jpg\",\"width\":428,\"height\":450,\"caption\":\"3835.jpg\"},{\"@type\":\"BreadcrumbList\",\"@id\":\"https:\\\/\\\/www.editorialjuventud.es\\\/tutankhamon-9788426138354\\\/#breadcrumb\",\"itemListElement\":[{\"@type\":\"ListItem\",\"position\":1,\"name\":\"Portada\",\"item\":\"https:\\\/\\\/www.editorialjuventud.es\\\/\"},{\"@type\":\"ListItem\",\"position\":2,\"name\":\"cat\u00e1logo\",\"item\":\"https:\\\/\\\/www.editorialjuventud.es\\\/coleccion\\\/catalogo\\\/\"},{\"@type\":\"ListItem\",\"position\":3,\"name\":\"catal\u00e0\",\"item\":\"https:\\\/\\\/www.editorialjuventud.es\\\/coleccion\\\/catala\\\/\"},{\"@type\":\"ListItem\",\"position\":4,\"name\":\"\u00c0lbums Il\u00b7lustrats\",\"item\":\"https:\\\/\\\/www.editorialjuventud.es\\\/coleccion\\\/albums-il%c2%b7lustrats\\\/\"},{\"@type\":\"ListItem\",\"position\":5,\"name\":\"Com i Per qu\u00e8\",\"item\":\"https:\\\/\\\/www.editorialjuventud.es\\\/coleccion\\\/com-i-per-que\\\/\"},{\"@type\":\"ListItem\",\"position\":6,\"name\":\"Tutankhamon\"}]},{\"@type\":\"WebSite\",\"@id\":\"https:\\\/\\\/www.editorialjuventud.es\\\/#website\",\"url\":\"https:\\\/\\\/www.editorialjuventud.es\\\/\",\"name\":\"Editorial Juventud\",\"description\":\"\",\"potentialAction\":[{\"@type\":\"SearchAction\",\"target\":{\"@type\":\"EntryPoint\",\"urlTemplate\":\"https:\\\/\\\/www.editorialjuventud.es\\\/?s={search_term_string}\"},\"query-input\":{\"@type\":\"PropertyValueSpecification\",\"valueRequired\":true,\"valueName\":\"search_term_string\"}}],\"inLanguage\":\"ca\"}]}<\/script>\n<!-- \/ Yoast SEO plugin. -->","yoast_head_json":{"title":"Tutankhamon - Editorial Juventud","description":"Demi situa la vida de Tutankhamon en el context de les lluites religioses dels seus ancestres. Fill d'un fara\u00f3 que va tenir la idea revolucion\u00e0ria","robots":{"index":"index","follow":"follow","max-snippet":"max-snippet:-1","max-image-preview":"max-image-preview:large","max-video-preview":"max-video-preview:-1"},"canonical":"https:\/\/www.editorialjuventud.es\/tutankhamon-9788426138354\/","og_locale":"ca_ES","og_type":"article","og_title":"Tutankhamon - Editorial Juventud","og_description":"Demi situa la vida de Tutankhamon en el context de les lluites religioses dels seus ancestres. Fill d'un fara\u00f3 que va tenir la idea revolucion\u00e0ria","og_url":"https:\/\/www.editorialjuventud.es\/tutankhamon-9788426138354\/","og_site_name":"Editorial Juventud","article_modified_time":"2026-04-08T09:55:14+00:00","og_image":[{"width":428,"height":450,"url":"https:\/\/www.editorialjuventud.es\/wp-content\/uploads\/3835.jpg","type":"image\/jpeg"}],"twitter_card":"summary_large_image","twitter_misc":{"Temps estimat de lectura":"1 minut"},"schema":{"@context":"https:\/\/schema.org","@graph":[{"@type":"WebPage","@id":"https:\/\/www.editorialjuventud.es\/tutankhamon-9788426138354\/","url":"https:\/\/www.editorialjuventud.es\/tutankhamon-9788426138354\/","name":"Tutankhamon - Editorial Juventud","isPartOf":{"@id":"https:\/\/www.editorialjuventud.es\/#website"},"primaryImageOfPage":{"@id":"https:\/\/www.editorialjuventud.es\/tutankhamon-9788426138354\/#primaryimage"},"image":{"@id":"https:\/\/www.editorialjuventud.es\/tutankhamon-9788426138354\/#primaryimage"},"thumbnailUrl":"https:\/\/www.editorialjuventud.es\/wp-content\/uploads\/3835.jpg","datePublished":"2018-08-24T09:15:29+00:00","dateModified":"2026-04-08T09:55:14+00:00","description":"Demi situa la vida de Tutankhamon en el context de les lluites religioses dels seus ancestres. Fill d'un fara\u00f3 que va tenir la idea revolucion\u00e0ria","breadcrumb":{"@id":"https:\/\/www.editorialjuventud.es\/tutankhamon-9788426138354\/#breadcrumb"},"inLanguage":"ca","potentialAction":[{"@type":"ReadAction","target":["https:\/\/www.editorialjuventud.es\/tutankhamon-9788426138354\/"]}]},{"@type":"ImageObject","inLanguage":"ca","@id":"https:\/\/www.editorialjuventud.es\/tutankhamon-9788426138354\/#primaryimage","url":"https:\/\/www.editorialjuventud.es\/wp-content\/uploads\/3835.jpg","contentUrl":"https:\/\/www.editorialjuventud.es\/wp-content\/uploads\/3835.jpg","width":428,"height":450,"caption":"3835.jpg"},{"@type":"BreadcrumbList","@id":"https:\/\/www.editorialjuventud.es\/tutankhamon-9788426138354\/#breadcrumb","itemListElement":[{"@type":"ListItem","position":1,"name":"Portada","item":"https:\/\/www.editorialjuventud.es\/"},{"@type":"ListItem","position":2,"name":"cat\u00e1logo","item":"https:\/\/www.editorialjuventud.es\/coleccion\/catalogo\/"},{"@type":"ListItem","position":3,"name":"catal\u00e0","item":"https:\/\/www.editorialjuventud.es\/coleccion\/catala\/"},{"@type":"ListItem","position":4,"name":"\u00c0lbums Il\u00b7lustrats","item":"https:\/\/www.editorialjuventud.es\/coleccion\/albums-il%c2%b7lustrats\/"},{"@type":"ListItem","position":5,"name":"Com i Per qu\u00e8","item":"https:\/\/www.editorialjuventud.es\/coleccion\/com-i-per-que\/"},{"@type":"ListItem","position":6,"name":"Tutankhamon"}]},{"@type":"WebSite","@id":"https:\/\/www.editorialjuventud.es\/#website","url":"https:\/\/www.editorialjuventud.es\/","name":"Editorial Juventud","description":"","potentialAction":[{"@type":"SearchAction","target":{"@type":"EntryPoint","urlTemplate":"https:\/\/www.editorialjuventud.es\/?s={search_term_string}"},"query-input":{"@type":"PropertyValueSpecification","valueRequired":true,"valueName":"search_term_string"}}],"inLanguage":"ca"}]}},"_links":{"self":[{"href":"https:\/\/www.editorialjuventud.es\/ca\/wp-json\/wp\/v2\/product\/5739","targetHints":{"allow":["GET"]}}],"collection":[{"href":"https:\/\/www.editorialjuventud.es\/ca\/wp-json\/wp\/v2\/product"}],"about":[{"href":"https:\/\/www.editorialjuventud.es\/ca\/wp-json\/wp\/v2\/types\/product"}],"wp:featuredmedia":[{"embeddable":true,"href":"https:\/\/www.editorialjuventud.es\/ca\/wp-json\/wp\/v2\/media\/16960"}],"wp:attachment":[{"href":"https:\/\/www.editorialjuventud.es\/ca\/wp-json\/wp\/v2\/media?parent=5739"}],"wp:term":[{"taxonomy":"product_brand","embeddable":true,"href":"https:\/\/www.editorialjuventud.es\/ca\/wp-json\/wp\/v2\/product_brand?post=5739"},{"taxonomy":"product_cat","embeddable":true,"href":"https:\/\/www.editorialjuventud.es\/ca\/wp-json\/wp\/v2\/product_cat?post=5739"},{"taxonomy":"product_tag","embeddable":true,"href":"https:\/\/www.editorialjuventud.es\/ca\/wp-json\/wp\/v2\/product_tag?post=5739"},{"taxonomy":"coleccion","embeddable":true,"href":"https:\/\/www.editorialjuventud.es\/ca\/wp-json\/wp\/v2\/coleccion?post=5739"}],"curies":[{"name":"wp","href":"https:\/\/api.w.org\/{rel}","templated":true}]}}