{"id":5734,"date":"2018-08-24T11:15:07","date_gmt":"2018-08-24T09:15:07","guid":{"rendered":"http:\/\/www.editorialjuventud.es\/oh-que-dia-mas-divertido\/"},"modified":"2025-01-22T13:27:06","modified_gmt":"2025-01-22T12:27:06","slug":"oh-que-dia-mas-divertido-9788426138309","status":"publish","type":"product","link":"https:\/\/www.editorialjuventud.es\/ca\/oh-que-dia-mas-divertido-9788426138309\/","title":{"rendered":"\u00a1Oh, Qu\u00e9 D\u00eda M\u00e1s Divertido!"},"content":{"rendered":"<p>\u00a1Buenos d\u00edas! \u00a1Despierta! Hoy va a ser un d\u00eda muy divertido y lleno de emociones, \u00a1hay muchas cosas que hacer! Vamos a jugar, cantar, disfrazarnos, escondernos en un lugar ultrasecreto, descubrir qu\u00e9 es lo que nos hace feliz, ayudar a los otros, \u00a1y sobre todo pas\u00e1rnoslo muy bien! \u00bfQuieres compartir este d\u00eda con nosotros? Las hermosas ilustraciones de Gyo Fujikawa cautivan por igual a peque\u00f1os y mayores e intensifican el placer de la lectura de este encantador \u00e1lbum de est\u00e9tica vintage.<\/p>\n","protected":false},"excerpt":{"rendered":"\u00a1Buenos d\u00edas! \u00a1Despierta! Hoy va a ser un d\u00eda muy divertido y lleno de emociones, \u00a1hay muchas cosas que hacer! Vamos a jugar, cantar, disfrazarnos, escondernos en un lugar ultrasecreto, descubrir qu\u00e9 es lo que nos hace feliz, ayudar a [&hellip;]","protected":false},"featured_media":11831,"template":"","meta":{"_acf_changed":false,"_exactmetrics_skip_tracking":false,"_exactmetrics_sitenote_active":false,"_exactmetrics_sitenote_note":"","_exactmetrics_sitenote_category":0},"product_brand":[],"product_cat":[899,1121,1211],"product_tag":[],"coleccion":[997],"class_list":{"0":"post-5734","1":"product","2":"type-product","3":"status-publish","4":"has-post-thumbnail","6":"product_cat-a-partir-de-3-anos","7":"product_cat-albumes-ilustrados","8":"product_cat-poesia-rimas","9":"coleccion-mis-primeros-cuentos","11":"first","12":"instock","13":"taxable","14":"shipping-taxable","15":"purchasable","16":"product-type-simple"},"acf":{"autor":"Fujikawa, Gyo","codart":"3830","ediciones":"0","encuadernacion":"Carton\u00e9","fecha_de_publicacion":"04\/04\/2011","novedad":"0","paginas":"80","subtitulo":"","texto_web_adicional":"","texto_web_novedad":"","orden":"999","portada":"0","texto_web_resaltado":"","indice":"","autores-libros":[16361],"ilustradores-libros":[16361],"traductores-libros":"","descripcion_corta":"","recomendamos":"","mas_vendido":"","idioma-libro":"","color":false,"formato":"","mas_informacion_del_producto":false,"premios":false,"texto_enlace_cubierta":"","enlace_cubierta":false,"texto_enlace_ficha_tecnica":"","enlace_ficha_tecnica":false,"ficheros":false,"titulo-fr":"","texto-fr":""},"yoast_head":"<!-- This site is optimized with the Yoast SEO plugin v27.3 - https:\/\/yoast.com\/product\/yoast-seo-wordpress\/ -->\n<title>\u00a1Oh, Qu\u00e9 D\u00eda M\u00e1s Divertido! - Editorial Juventud<\/title>\n<meta name=\"description\" content=\"\u00a1Buenos d\u00edas! \u00a1Despierta! Hoy va a ser un d\u00eda muy divertido y lleno de emociones, \u00a1hay muchas cosas que hacer! Vamos a jugar, cantar, disfrazarnos,\" \/>\n<meta name=\"robots\" content=\"index, follow, max-snippet:-1, max-image-preview:large, max-video-preview:-1\" \/>\n<link rel=\"canonical\" href=\"https:\/\/www.editorialjuventud.es\/oh-que-dia-mas-divertido-9788426138309\/\" \/>\n<meta property=\"og:locale\" content=\"ca_ES\" \/>\n<meta property=\"og:type\" content=\"article\" \/>\n<meta property=\"og:title\" content=\"\u00a1Oh, Qu\u00e9 D\u00eda M\u00e1s Divertido! - Editorial Juventud\" \/>\n<meta property=\"og:description\" content=\"\u00a1Buenos d\u00edas! \u00a1Despierta! Hoy va a ser un d\u00eda muy divertido y lleno de emociones, \u00a1hay muchas cosas que hacer! Vamos a jugar, cantar, disfrazarnos,\" \/>\n<meta property=\"og:url\" content=\"https:\/\/www.editorialjuventud.es\/oh-que-dia-mas-divertido-9788426138309\/\" \/>\n<meta property=\"og:site_name\" content=\"Editorial Juventud\" \/>\n<meta property=\"article:modified_time\" content=\"2025-01-22T12:27:06+00:00\" \/>\n<meta property=\"og:image\" content=\"https:\/\/www.editorialjuventud.es\/wp-content\/uploads\/3830.jpg\" \/>\n\t<meta property=\"og:image:width\" content=\"328\" \/>\n\t<meta property=\"og:image:height\" content=\"450\" \/>\n\t<meta property=\"og:image:type\" content=\"image\/jpeg\" \/>\n<meta name=\"twitter:card\" content=\"summary_large_image\" \/>\n<script type=\"application\/ld+json\" class=\"yoast-schema-graph\">{\"@context\":\"https:\\\/\\\/schema.org\",\"@graph\":[{\"@type\":\"WebPage\",\"@id\":\"https:\\\/\\\/www.editorialjuventud.es\\\/oh-que-dia-mas-divertido-9788426138309\\\/\",\"url\":\"https:\\\/\\\/www.editorialjuventud.es\\\/oh-que-dia-mas-divertido-9788426138309\\\/\",\"name\":\"\u00a1Oh, Qu\u00e9 D\u00eda M\u00e1s Divertido! - Editorial Juventud\",\"isPartOf\":{\"@id\":\"https:\\\/\\\/www.editorialjuventud.es\\\/#website\"},\"primaryImageOfPage\":{\"@id\":\"https:\\\/\\\/www.editorialjuventud.es\\\/oh-que-dia-mas-divertido-9788426138309\\\/#primaryimage\"},\"image\":{\"@id\":\"https:\\\/\\\/www.editorialjuventud.es\\\/oh-que-dia-mas-divertido-9788426138309\\\/#primaryimage\"},\"thumbnailUrl\":\"https:\\\/\\\/www.editorialjuventud.es\\\/wp-content\\\/uploads\\\/3830.jpg\",\"datePublished\":\"2018-08-24T09:15:07+00:00\",\"dateModified\":\"2025-01-22T12:27:06+00:00\",\"description\":\"\u00a1Buenos d\u00edas! \u00a1Despierta! Hoy va a ser un d\u00eda muy divertido y lleno de emociones, \u00a1hay muchas cosas que hacer! Vamos a jugar, cantar, disfrazarnos,\",\"breadcrumb\":{\"@id\":\"https:\\\/\\\/www.editorialjuventud.es\\\/oh-que-dia-mas-divertido-9788426138309\\\/#breadcrumb\"},\"inLanguage\":\"ca\",\"potentialAction\":[{\"@type\":\"ReadAction\",\"target\":[\"https:\\\/\\\/www.editorialjuventud.es\\\/oh-que-dia-mas-divertido-9788426138309\\\/\"]}]},{\"@type\":\"ImageObject\",\"inLanguage\":\"ca\",\"@id\":\"https:\\\/\\\/www.editorialjuventud.es\\\/oh-que-dia-mas-divertido-9788426138309\\\/#primaryimage\",\"url\":\"https:\\\/\\\/www.editorialjuventud.es\\\/wp-content\\\/uploads\\\/3830.jpg\",\"contentUrl\":\"https:\\\/\\\/www.editorialjuventud.es\\\/wp-content\\\/uploads\\\/3830.jpg\",\"width\":328,\"height\":450,\"caption\":\"3830.jpg\"},{\"@type\":\"BreadcrumbList\",\"@id\":\"https:\\\/\\\/www.editorialjuventud.es\\\/oh-que-dia-mas-divertido-9788426138309\\\/#breadcrumb\",\"itemListElement\":[{\"@type\":\"ListItem\",\"position\":1,\"name\":\"Portada\",\"item\":\"https:\\\/\\\/www.editorialjuventud.es\\\/\"},{\"@type\":\"ListItem\",\"position\":2,\"name\":\"cat\u00e1logo\",\"item\":\"https:\\\/\\\/www.editorialjuventud.es\\\/coleccion\\\/catalogo\\\/\"},{\"@type\":\"ListItem\",\"position\":3,\"name\":\"castellano\",\"item\":\"https:\\\/\\\/www.editorialjuventud.es\\\/coleccion\\\/castellano\\\/\"},{\"@type\":\"ListItem\",\"position\":4,\"name\":\"\u00c1lbumes Ilustrados\",\"item\":\"https:\\\/\\\/www.editorialjuventud.es\\\/coleccion\\\/albumes-ilustrados\\\/\"},{\"@type\":\"ListItem\",\"position\":5,\"name\":\"Mis Primeros Cuentos\",\"item\":\"https:\\\/\\\/www.editorialjuventud.es\\\/coleccion\\\/mis-primeros-cuentos\\\/\"},{\"@type\":\"ListItem\",\"position\":6,\"name\":\"\u00a1Oh, Qu\u00e9 D\u00eda M\u00e1s Divertido!\"}]},{\"@type\":\"WebSite\",\"@id\":\"https:\\\/\\\/www.editorialjuventud.es\\\/#website\",\"url\":\"https:\\\/\\\/www.editorialjuventud.es\\\/\",\"name\":\"Editorial Juventud\",\"description\":\"\",\"potentialAction\":[{\"@type\":\"SearchAction\",\"target\":{\"@type\":\"EntryPoint\",\"urlTemplate\":\"https:\\\/\\\/www.editorialjuventud.es\\\/?s={search_term_string}\"},\"query-input\":{\"@type\":\"PropertyValueSpecification\",\"valueRequired\":true,\"valueName\":\"search_term_string\"}}],\"inLanguage\":\"ca\"}]}<\/script>\n<!-- \/ Yoast SEO plugin. -->","yoast_head_json":{"title":"\u00a1Oh, Qu\u00e9 D\u00eda M\u00e1s Divertido! - Editorial Juventud","description":"\u00a1Buenos d\u00edas! \u00a1Despierta! Hoy va a ser un d\u00eda muy divertido y lleno de emociones, \u00a1hay muchas cosas que hacer! Vamos a jugar, cantar, disfrazarnos,","robots":{"index":"index","follow":"follow","max-snippet":"max-snippet:-1","max-image-preview":"max-image-preview:large","max-video-preview":"max-video-preview:-1"},"canonical":"https:\/\/www.editorialjuventud.es\/oh-que-dia-mas-divertido-9788426138309\/","og_locale":"ca_ES","og_type":"article","og_title":"\u00a1Oh, Qu\u00e9 D\u00eda M\u00e1s Divertido! - Editorial Juventud","og_description":"\u00a1Buenos d\u00edas! \u00a1Despierta! Hoy va a ser un d\u00eda muy divertido y lleno de emociones, \u00a1hay muchas cosas que hacer! Vamos a jugar, cantar, disfrazarnos,","og_url":"https:\/\/www.editorialjuventud.es\/oh-que-dia-mas-divertido-9788426138309\/","og_site_name":"Editorial Juventud","article_modified_time":"2025-01-22T12:27:06+00:00","og_image":[{"width":328,"height":450,"url":"https:\/\/www.editorialjuventud.es\/wp-content\/uploads\/3830.jpg","type":"image\/jpeg"}],"twitter_card":"summary_large_image","schema":{"@context":"https:\/\/schema.org","@graph":[{"@type":"WebPage","@id":"https:\/\/www.editorialjuventud.es\/oh-que-dia-mas-divertido-9788426138309\/","url":"https:\/\/www.editorialjuventud.es\/oh-que-dia-mas-divertido-9788426138309\/","name":"\u00a1Oh, Qu\u00e9 D\u00eda M\u00e1s Divertido! - Editorial Juventud","isPartOf":{"@id":"https:\/\/www.editorialjuventud.es\/#website"},"primaryImageOfPage":{"@id":"https:\/\/www.editorialjuventud.es\/oh-que-dia-mas-divertido-9788426138309\/#primaryimage"},"image":{"@id":"https:\/\/www.editorialjuventud.es\/oh-que-dia-mas-divertido-9788426138309\/#primaryimage"},"thumbnailUrl":"https:\/\/www.editorialjuventud.es\/wp-content\/uploads\/3830.jpg","datePublished":"2018-08-24T09:15:07+00:00","dateModified":"2025-01-22T12:27:06+00:00","description":"\u00a1Buenos d\u00edas! \u00a1Despierta! Hoy va a ser un d\u00eda muy divertido y lleno de emociones, \u00a1hay muchas cosas que hacer! Vamos a jugar, cantar, disfrazarnos,","breadcrumb":{"@id":"https:\/\/www.editorialjuventud.es\/oh-que-dia-mas-divertido-9788426138309\/#breadcrumb"},"inLanguage":"ca","potentialAction":[{"@type":"ReadAction","target":["https:\/\/www.editorialjuventud.es\/oh-que-dia-mas-divertido-9788426138309\/"]}]},{"@type":"ImageObject","inLanguage":"ca","@id":"https:\/\/www.editorialjuventud.es\/oh-que-dia-mas-divertido-9788426138309\/#primaryimage","url":"https:\/\/www.editorialjuventud.es\/wp-content\/uploads\/3830.jpg","contentUrl":"https:\/\/www.editorialjuventud.es\/wp-content\/uploads\/3830.jpg","width":328,"height":450,"caption":"3830.jpg"},{"@type":"BreadcrumbList","@id":"https:\/\/www.editorialjuventud.es\/oh-que-dia-mas-divertido-9788426138309\/#breadcrumb","itemListElement":[{"@type":"ListItem","position":1,"name":"Portada","item":"https:\/\/www.editorialjuventud.es\/"},{"@type":"ListItem","position":2,"name":"cat\u00e1logo","item":"https:\/\/www.editorialjuventud.es\/coleccion\/catalogo\/"},{"@type":"ListItem","position":3,"name":"castellano","item":"https:\/\/www.editorialjuventud.es\/coleccion\/castellano\/"},{"@type":"ListItem","position":4,"name":"\u00c1lbumes Ilustrados","item":"https:\/\/www.editorialjuventud.es\/coleccion\/albumes-ilustrados\/"},{"@type":"ListItem","position":5,"name":"Mis Primeros Cuentos","item":"https:\/\/www.editorialjuventud.es\/coleccion\/mis-primeros-cuentos\/"},{"@type":"ListItem","position":6,"name":"\u00a1Oh, Qu\u00e9 D\u00eda M\u00e1s Divertido!"}]},{"@type":"WebSite","@id":"https:\/\/www.editorialjuventud.es\/#website","url":"https:\/\/www.editorialjuventud.es\/","name":"Editorial Juventud","description":"","potentialAction":[{"@type":"SearchAction","target":{"@type":"EntryPoint","urlTemplate":"https:\/\/www.editorialjuventud.es\/?s={search_term_string}"},"query-input":{"@type":"PropertyValueSpecification","valueRequired":true,"valueName":"search_term_string"}}],"inLanguage":"ca"}]}},"_links":{"self":[{"href":"https:\/\/www.editorialjuventud.es\/ca\/wp-json\/wp\/v2\/product\/5734","targetHints":{"allow":["GET"]}}],"collection":[{"href":"https:\/\/www.editorialjuventud.es\/ca\/wp-json\/wp\/v2\/product"}],"about":[{"href":"https:\/\/www.editorialjuventud.es\/ca\/wp-json\/wp\/v2\/types\/product"}],"wp:featuredmedia":[{"embeddable":true,"href":"https:\/\/www.editorialjuventud.es\/ca\/wp-json\/wp\/v2\/media\/11831"}],"wp:attachment":[{"href":"https:\/\/www.editorialjuventud.es\/ca\/wp-json\/wp\/v2\/media?parent=5734"}],"wp:term":[{"taxonomy":"product_brand","embeddable":true,"href":"https:\/\/www.editorialjuventud.es\/ca\/wp-json\/wp\/v2\/product_brand?post=5734"},{"taxonomy":"product_cat","embeddable":true,"href":"https:\/\/www.editorialjuventud.es\/ca\/wp-json\/wp\/v2\/product_cat?post=5734"},{"taxonomy":"product_tag","embeddable":true,"href":"https:\/\/www.editorialjuventud.es\/ca\/wp-json\/wp\/v2\/product_tag?post=5734"},{"taxonomy":"coleccion","embeddable":true,"href":"https:\/\/www.editorialjuventud.es\/ca\/wp-json\/wp\/v2\/coleccion?post=5734"}],"curies":[{"name":"wp","href":"https:\/\/api.w.org\/{rel}","templated":true}]}}