{"id":5728,"date":"2018-08-24T11:14:43","date_gmt":"2018-08-24T09:14:43","guid":{"rendered":"http:\/\/www.editorialjuventud.es\/el-carnaval-dels-animals\/"},"modified":"2026-03-30T12:28:24","modified_gmt":"2026-03-30T10:28:24","slug":"el-carnaval-dels-animals-9788426138255","status":"publish","type":"product","link":"https:\/\/www.editorialjuventud.es\/ca\/el-carnaval-dels-animals-9788426138255\/","title":{"rendered":"El carnaval dels animals"},"content":{"rendered":"<p>Arriba el carnaval! Els animals es preparen per a disfressar-se. Per\u00f2&#8230;, de qu\u00e8? Endevina-ho! Un llibre per a llegir, per a jugar, sol, en companyia, per parts&#8230; Tot val per carnaval! Amb una estructura senzilla que relaciona i encadena paraules i imatges, p\u00e0gina a p\u00e0gina, perqu\u00e8 els prelectors quedin atrapats amb una hist\u00f2ria que fa volar la seva imaginaci\u00f3. Un bestiari c\u00f2mic i surrealista amb el que els m\u00e9s petits aprendran vocabulari i es divertiran, amb un ritme i un disseny que fan impossible deixar de llegir-lo fins al final.<\/p>\n<p><img loading=\"lazy\" decoding=\"async\" class=\"alignnone  wp-image-101828\" src=\"https:\/\/www.editorialjuventud.es\/wp-content\/uploads\/Logo_Suport_ICEC-2.jpg\" alt=\"\" width=\"570\" height=\"149\" srcset=\"https:\/\/www.editorialjuventud.es\/wp-content\/uploads\/Logo_Suport_ICEC-2.jpg 1237w, https:\/\/www.editorialjuventud.es\/wp-content\/uploads\/Logo_Suport_ICEC-2-768x201.jpg 768w, https:\/\/www.editorialjuventud.es\/wp-content\/uploads\/Logo_Suport_ICEC-2-350x92.jpg 350w, https:\/\/www.editorialjuventud.es\/wp-content\/uploads\/Logo_Suport_ICEC-2-900x236.jpg 900w, https:\/\/www.editorialjuventud.es\/wp-content\/uploads\/Logo_Suport_ICEC-2-190x50.jpg 190w, https:\/\/www.editorialjuventud.es\/wp-content\/uploads\/Logo_Suport_ICEC-2-344x90.jpg 344w\" sizes=\"auto, (max-width: 570px) 100vw, 570px\" \/><\/p>\n","protected":false},"excerpt":{"rendered":"Arriba el carnaval! Els animals es preparen per a disfressar-se. Per\u00f2&#8230;, de qu\u00e8? Endevina-ho! Un llibre per a llegir, per a jugar, sol, en companyia, per parts&#8230; Tot val per carnaval! Amb una estructura senzilla que relaciona i encadena paraules [&hellip;]","protected":false},"featured_media":21176,"template":"","meta":{"_acf_changed":false,"_exactmetrics_skip_tracking":false,"_exactmetrics_sitenote_active":false,"_exactmetrics_sitenote_note":"","_exactmetrics_sitenote_category":0},"product_brand":[],"product_cat":[898,1138,1145,907,1184,1122,1128],"product_tag":[],"coleccion":[969],"class_list":{"0":"post-5728","1":"product","2":"type-product","3":"status-publish","4":"has-post-thumbnail","6":"product_cat-a-partir-de-2-anos","7":"product_cat-animales","8":"product_cat-carnaval","9":"product_cat-de-0-a-2-anos","10":"product_cat-humor","11":"product_cat-libros-de-carton","12":"product_cat-tematica","13":"coleccion-els-meus-primers-dubuc","15":"first","16":"instock","17":"taxable","18":"shipping-taxable","19":"purchasable","20":"product-type-simple"},"acf":{"autor":"Dubuc, Marianne","codart":"3825","ediciones":"4","encuadernacion":"Cart\u00f3n","fecha_de_publicacion":"07\/11\/2011","novedad":"0","paginas":"120","subtitulo":"","texto_web_adicional":"","texto_web_novedad":"","orden":"999","portada":"0","texto_web_resaltado":"","indice":"","autores-libros":[16332],"ilustradores-libros":[16332],"traductores-libros":"","descripcion_corta":"","recomendamos":"","mas_vendido":"","idioma-libro":"","color":false,"formato":"","mas_informacion_del_producto":false,"premios":false,"texto_enlace_cubierta":"","enlace_cubierta":{"ID":21176,"id":21176,"title":"cover El carnaval dels animals","filename":"cover-El-carnaval-dels-animals.jpg","filesize":435483,"url":"https:\/\/www.editorialjuventud.es\/wp-content\/uploads\/cover-El-carnaval-dels-animals.jpg","link":"https:\/\/www.editorialjuventud.es\/ca\/?attachment_id=21176","alt":"","author":"47","description":"","caption":"","name":"cover-el-carnaval-dels-animals","status":"inherit","uploaded_to":5728,"date":"2019-02-14 12:06:23","modified":"2019-02-14 12:06:23","menu_order":0,"mime_type":"image\/jpeg","type":"image","subtype":"jpeg","icon":"https:\/\/www.editorialjuventud.es\/wp-includes\/images\/media\/default.png","width":1626,"height":1638,"sizes":{"thumbnail":"https:\/\/www.editorialjuventud.es\/wp-content\/uploads\/cover-El-carnaval-dels-animals-200x200.jpg","thumbnail-width":200,"thumbnail-height":200,"medium":"https:\/\/www.editorialjuventud.es\/wp-content\/uploads\/cover-El-carnaval-dels-animals.jpg","medium-width":1626,"medium-height":1638,"medium_large":"https:\/\/www.editorialjuventud.es\/wp-content\/uploads\/cover-El-carnaval-dels-animals-768x774.jpg","medium_large-width":768,"medium_large-height":774,"large":"https:\/\/www.editorialjuventud.es\/wp-content\/uploads\/cover-El-carnaval-dels-animals.jpg","large-width":1626,"large-height":1638,"1536x1536":"https:\/\/www.editorialjuventud.es\/wp-content\/uploads\/cover-El-carnaval-dels-animals.jpg","1536x1536-width":1525,"1536x1536-height":1536,"2048x2048":"https:\/\/www.editorialjuventud.es\/wp-content\/uploads\/cover-El-carnaval-dels-animals.jpg","2048x2048-width":1626,"2048x2048-height":1638,"woocommerce_thumbnail":"https:\/\/www.editorialjuventud.es\/wp-content\/uploads\/cover-El-carnaval-dels-animals-350x353.jpg","woocommerce_thumbnail-width":350,"woocommerce_thumbnail-height":353,"woocommerce_single":"https:\/\/www.editorialjuventud.es\/wp-content\/uploads\/cover-El-carnaval-dels-animals-900x907.jpg","woocommerce_single-width":900,"woocommerce_single-height":907,"woocommerce_gallery_thumbnail":"https:\/\/www.editorialjuventud.es\/wp-content\/uploads\/cover-El-carnaval-dels-animals-100x100.jpg","woocommerce_gallery_thumbnail-width":100,"woocommerce_gallery_thumbnail-height":100,"ppec_logo_image_size":"https:\/\/www.editorialjuventud.es\/wp-content\/uploads\/cover-El-carnaval-dels-animals.jpg","ppec_logo_image_size-width":60,"ppec_logo_image_size-height":60,"ppec_header_image_size":"https:\/\/www.editorialjuventud.es\/wp-content\/uploads\/cover-El-carnaval-dels-animals.jpg","ppec_header_image_size-width":89,"ppec_header_image_size-height":90}},"texto_enlace_ficha_tecnica":"","enlace_ficha_tecnica":false,"ficheros":false,"titulo-fr":"","texto-fr":"","fecha_de_reimpresion":"01\/06\/2021","deshabilitar_compra":[]},"yoast_head":"<!-- This site is optimized with the Yoast SEO plugin v27.5 - https:\/\/yoast.com\/product\/yoast-seo-wordpress\/ -->\n<title>El carnavals dels animals - Editorial Joventut - \u00c0lbum infantil<\/title>\n<meta name=\"description\" content=\"Arriba el carnaval! Els animals es preparen per a disfressar-se. Per\u00f2..., de qu\u00e8? Endevina-ho! Un llibre per als mes petits, per a jugar, sol, en companyia, per parts... Tot val per carnaval!\" \/>\n<meta name=\"robots\" content=\"index, follow, max-snippet:-1, max-image-preview:large, max-video-preview:-1\" \/>\n<link rel=\"canonical\" href=\"https:\/\/www.editorialjuventud.es\/el-carnaval-dels-animals-9788426138255\/\" \/>\n<meta property=\"og:locale\" content=\"ca_ES\" \/>\n<meta property=\"og:type\" content=\"article\" \/>\n<meta property=\"og:title\" content=\"El carnavals dels animals - Editorial Joventut - \u00c0lbum infantil\" \/>\n<meta property=\"og:description\" content=\"Arriba el carnaval! Els animals es preparen per a disfressar-se. Per\u00f2..., de qu\u00e8? Endevina-ho! Un llibre per als mes petits, per a jugar, sol, en companyia, per parts... Tot val per carnaval!\" \/>\n<meta property=\"og:url\" content=\"https:\/\/www.editorialjuventud.es\/el-carnaval-dels-animals-9788426138255\/\" \/>\n<meta property=\"og:site_name\" content=\"Editorial Juventud\" \/>\n<meta property=\"article:modified_time\" content=\"2026-03-30T10:28:24+00:00\" \/>\n<meta property=\"og:image\" content=\"https:\/\/www.editorialjuventud.es\/wp-content\/uploads\/cover-El-carnaval-dels-animals.jpg\" \/>\n\t<meta property=\"og:image:width\" content=\"1626\" \/>\n\t<meta property=\"og:image:height\" content=\"1638\" \/>\n\t<meta property=\"og:image:type\" content=\"image\/jpeg\" \/>\n<meta name=\"twitter:card\" content=\"summary_large_image\" \/>\n<meta name=\"twitter:label1\" content=\"Temps estimat de lectura\" \/>\n\t<meta name=\"twitter:data1\" content=\"1 minut\" \/>\n<script type=\"application\/ld+json\" class=\"yoast-schema-graph\">{\"@context\":\"https:\\\/\\\/schema.org\",\"@graph\":[{\"@type\":\"WebPage\",\"@id\":\"https:\\\/\\\/www.editorialjuventud.es\\\/el-carnaval-dels-animals-9788426138255\\\/\",\"url\":\"https:\\\/\\\/www.editorialjuventud.es\\\/el-carnaval-dels-animals-9788426138255\\\/\",\"name\":\"El carnavals dels animals - Editorial Joventut - \u00c0lbum infantil\",\"isPartOf\":{\"@id\":\"https:\\\/\\\/www.editorialjuventud.es\\\/#website\"},\"primaryImageOfPage\":{\"@id\":\"https:\\\/\\\/www.editorialjuventud.es\\\/el-carnaval-dels-animals-9788426138255\\\/#primaryimage\"},\"image\":{\"@id\":\"https:\\\/\\\/www.editorialjuventud.es\\\/el-carnaval-dels-animals-9788426138255\\\/#primaryimage\"},\"thumbnailUrl\":\"https:\\\/\\\/www.editorialjuventud.es\\\/wp-content\\\/uploads\\\/cover-El-carnaval-dels-animals.jpg\",\"datePublished\":\"2018-08-24T09:14:43+00:00\",\"dateModified\":\"2026-03-30T10:28:24+00:00\",\"description\":\"Arriba el carnaval! Els animals es preparen per a disfressar-se. Per\u00f2..., de qu\u00e8? Endevina-ho! Un llibre per als mes petits, per a jugar, sol, en companyia, per parts... Tot val per carnaval!\",\"breadcrumb\":{\"@id\":\"https:\\\/\\\/www.editorialjuventud.es\\\/el-carnaval-dels-animals-9788426138255\\\/#breadcrumb\"},\"inLanguage\":\"ca\",\"potentialAction\":[{\"@type\":\"ReadAction\",\"target\":[\"https:\\\/\\\/www.editorialjuventud.es\\\/el-carnaval-dels-animals-9788426138255\\\/\"]}]},{\"@type\":\"ImageObject\",\"inLanguage\":\"ca\",\"@id\":\"https:\\\/\\\/www.editorialjuventud.es\\\/el-carnaval-dels-animals-9788426138255\\\/#primaryimage\",\"url\":\"https:\\\/\\\/www.editorialjuventud.es\\\/wp-content\\\/uploads\\\/cover-El-carnaval-dels-animals.jpg\",\"contentUrl\":\"https:\\\/\\\/www.editorialjuventud.es\\\/wp-content\\\/uploads\\\/cover-El-carnaval-dels-animals.jpg\",\"width\":1626,\"height\":1638},{\"@type\":\"BreadcrumbList\",\"@id\":\"https:\\\/\\\/www.editorialjuventud.es\\\/el-carnaval-dels-animals-9788426138255\\\/#breadcrumb\",\"itemListElement\":[{\"@type\":\"ListItem\",\"position\":1,\"name\":\"Portada\",\"item\":\"https:\\\/\\\/www.editorialjuventud.es\\\/\"},{\"@type\":\"ListItem\",\"position\":2,\"name\":\"cat\u00e1logo\",\"item\":\"https:\\\/\\\/www.editorialjuventud.es\\\/coleccion\\\/catalogo\\\/\"},{\"@type\":\"ListItem\",\"position\":3,\"name\":\"catal\u00e0\",\"item\":\"https:\\\/\\\/www.editorialjuventud.es\\\/coleccion\\\/catala\\\/\"},{\"@type\":\"ListItem\",\"position\":4,\"name\":\"Els Meus Primers Llibres\",\"item\":\"https:\\\/\\\/www.editorialjuventud.es\\\/ca\\\/coleccion\\\/els-meus-primers-llibres\\\/\"},{\"@type\":\"ListItem\",\"position\":5,\"name\":\"Els Meus Primers Dubuc\",\"item\":\"https:\\\/\\\/www.editorialjuventud.es\\\/coleccion\\\/els-meus-primers-dubuc\\\/\"},{\"@type\":\"ListItem\",\"position\":6,\"name\":\"El carnaval dels animals\"}]},{\"@type\":\"WebSite\",\"@id\":\"https:\\\/\\\/www.editorialjuventud.es\\\/#website\",\"url\":\"https:\\\/\\\/www.editorialjuventud.es\\\/\",\"name\":\"Editorial Juventud\",\"description\":\"\",\"potentialAction\":[{\"@type\":\"SearchAction\",\"target\":{\"@type\":\"EntryPoint\",\"urlTemplate\":\"https:\\\/\\\/www.editorialjuventud.es\\\/?s={search_term_string}\"},\"query-input\":{\"@type\":\"PropertyValueSpecification\",\"valueRequired\":true,\"valueName\":\"search_term_string\"}}],\"inLanguage\":\"ca\"}]}<\/script>\n<!-- \/ Yoast SEO plugin. -->","yoast_head_json":{"title":"El carnavals dels animals - Editorial Joventut - \u00c0lbum infantil","description":"Arriba el carnaval! Els animals es preparen per a disfressar-se. Per\u00f2..., de qu\u00e8? Endevina-ho! Un llibre per als mes petits, per a jugar, sol, en companyia, per parts... Tot val per carnaval!","robots":{"index":"index","follow":"follow","max-snippet":"max-snippet:-1","max-image-preview":"max-image-preview:large","max-video-preview":"max-video-preview:-1"},"canonical":"https:\/\/www.editorialjuventud.es\/el-carnaval-dels-animals-9788426138255\/","og_locale":"ca_ES","og_type":"article","og_title":"El carnavals dels animals - Editorial Joventut - \u00c0lbum infantil","og_description":"Arriba el carnaval! Els animals es preparen per a disfressar-se. Per\u00f2..., de qu\u00e8? Endevina-ho! Un llibre per als mes petits, per a jugar, sol, en companyia, per parts... Tot val per carnaval!","og_url":"https:\/\/www.editorialjuventud.es\/el-carnaval-dels-animals-9788426138255\/","og_site_name":"Editorial Juventud","article_modified_time":"2026-03-30T10:28:24+00:00","og_image":[{"width":1626,"height":1638,"url":"https:\/\/www.editorialjuventud.es\/wp-content\/uploads\/cover-El-carnaval-dels-animals.jpg","type":"image\/jpeg"}],"twitter_card":"summary_large_image","twitter_misc":{"Temps estimat de lectura":"1 minut"},"schema":{"@context":"https:\/\/schema.org","@graph":[{"@type":"WebPage","@id":"https:\/\/www.editorialjuventud.es\/el-carnaval-dels-animals-9788426138255\/","url":"https:\/\/www.editorialjuventud.es\/el-carnaval-dels-animals-9788426138255\/","name":"El carnavals dels animals - Editorial Joventut - \u00c0lbum infantil","isPartOf":{"@id":"https:\/\/www.editorialjuventud.es\/#website"},"primaryImageOfPage":{"@id":"https:\/\/www.editorialjuventud.es\/el-carnaval-dels-animals-9788426138255\/#primaryimage"},"image":{"@id":"https:\/\/www.editorialjuventud.es\/el-carnaval-dels-animals-9788426138255\/#primaryimage"},"thumbnailUrl":"https:\/\/www.editorialjuventud.es\/wp-content\/uploads\/cover-El-carnaval-dels-animals.jpg","datePublished":"2018-08-24T09:14:43+00:00","dateModified":"2026-03-30T10:28:24+00:00","description":"Arriba el carnaval! Els animals es preparen per a disfressar-se. Per\u00f2..., de qu\u00e8? Endevina-ho! Un llibre per als mes petits, per a jugar, sol, en companyia, per parts... Tot val per carnaval!","breadcrumb":{"@id":"https:\/\/www.editorialjuventud.es\/el-carnaval-dels-animals-9788426138255\/#breadcrumb"},"inLanguage":"ca","potentialAction":[{"@type":"ReadAction","target":["https:\/\/www.editorialjuventud.es\/el-carnaval-dels-animals-9788426138255\/"]}]},{"@type":"ImageObject","inLanguage":"ca","@id":"https:\/\/www.editorialjuventud.es\/el-carnaval-dels-animals-9788426138255\/#primaryimage","url":"https:\/\/www.editorialjuventud.es\/wp-content\/uploads\/cover-El-carnaval-dels-animals.jpg","contentUrl":"https:\/\/www.editorialjuventud.es\/wp-content\/uploads\/cover-El-carnaval-dels-animals.jpg","width":1626,"height":1638},{"@type":"BreadcrumbList","@id":"https:\/\/www.editorialjuventud.es\/el-carnaval-dels-animals-9788426138255\/#breadcrumb","itemListElement":[{"@type":"ListItem","position":1,"name":"Portada","item":"https:\/\/www.editorialjuventud.es\/"},{"@type":"ListItem","position":2,"name":"cat\u00e1logo","item":"https:\/\/www.editorialjuventud.es\/coleccion\/catalogo\/"},{"@type":"ListItem","position":3,"name":"catal\u00e0","item":"https:\/\/www.editorialjuventud.es\/coleccion\/catala\/"},{"@type":"ListItem","position":4,"name":"Els Meus Primers Llibres","item":"https:\/\/www.editorialjuventud.es\/ca\/coleccion\/els-meus-primers-llibres\/"},{"@type":"ListItem","position":5,"name":"Els Meus Primers Dubuc","item":"https:\/\/www.editorialjuventud.es\/coleccion\/els-meus-primers-dubuc\/"},{"@type":"ListItem","position":6,"name":"El carnaval dels animals"}]},{"@type":"WebSite","@id":"https:\/\/www.editorialjuventud.es\/#website","url":"https:\/\/www.editorialjuventud.es\/","name":"Editorial Juventud","description":"","potentialAction":[{"@type":"SearchAction","target":{"@type":"EntryPoint","urlTemplate":"https:\/\/www.editorialjuventud.es\/?s={search_term_string}"},"query-input":{"@type":"PropertyValueSpecification","valueRequired":true,"valueName":"search_term_string"}}],"inLanguage":"ca"}]}},"_links":{"self":[{"href":"https:\/\/www.editorialjuventud.es\/ca\/wp-json\/wp\/v2\/product\/5728","targetHints":{"allow":["GET"]}}],"collection":[{"href":"https:\/\/www.editorialjuventud.es\/ca\/wp-json\/wp\/v2\/product"}],"about":[{"href":"https:\/\/www.editorialjuventud.es\/ca\/wp-json\/wp\/v2\/types\/product"}],"wp:featuredmedia":[{"embeddable":true,"href":"https:\/\/www.editorialjuventud.es\/ca\/wp-json\/wp\/v2\/media\/21176"}],"wp:attachment":[{"href":"https:\/\/www.editorialjuventud.es\/ca\/wp-json\/wp\/v2\/media?parent=5728"}],"wp:term":[{"taxonomy":"product_brand","embeddable":true,"href":"https:\/\/www.editorialjuventud.es\/ca\/wp-json\/wp\/v2\/product_brand?post=5728"},{"taxonomy":"product_cat","embeddable":true,"href":"https:\/\/www.editorialjuventud.es\/ca\/wp-json\/wp\/v2\/product_cat?post=5728"},{"taxonomy":"product_tag","embeddable":true,"href":"https:\/\/www.editorialjuventud.es\/ca\/wp-json\/wp\/v2\/product_tag?post=5728"},{"taxonomy":"coleccion","embeddable":true,"href":"https:\/\/www.editorialjuventud.es\/ca\/wp-json\/wp\/v2\/coleccion?post=5728"}],"curies":[{"name":"wp","href":"https:\/\/api.w.org\/{rel}","templated":true}]}}