{"id":5727,"date":"2018-08-24T11:14:39","date_gmt":"2018-08-24T09:14:39","guid":{"rendered":"http:\/\/www.editorialjuventud.es\/el-carnaval-de-los-animales\/"},"modified":"2026-03-30T12:27:31","modified_gmt":"2026-03-30T10:27:31","slug":"el-carnaval-de-los-animales-9788426138248","status":"publish","type":"product","link":"https:\/\/www.editorialjuventud.es\/ca\/el-carnaval-de-los-animales-9788426138248\/","title":{"rendered":"El carnaval de los animales"},"content":{"rendered":"<p>\u00a1Llega el carnaval! Los animales se preparan para disfrazarse. Pero&#8230;, \u00bfde qu\u00e9? \u00a1Adivina! Un libro para leer, para jugar, solo, en compa\u00f1\u00eda, por partes&#8230; \u00a1Todo vale en carnaval! Con una estructura sencilla que relaciona y encadena palabras e im\u00e1genes, p\u00e1gina a p\u00e1gina, para que los prelectores queden atrapados con una historia que hace volar su imaginaci\u00f3n. Un bestiario c\u00f3mico y surrealista para que los m\u00e1s peque\u00f1os aprendan vocabulario y se diviertan, con un ritmo y un dise\u00f1o que hacen imposible dejar de leerlo hasta el final.<\/p>\n<p><img loading=\"lazy\" decoding=\"async\" class=\"alignnone  wp-image-101828\" src=\"https:\/\/www.editorialjuventud.es\/wp-content\/uploads\/Logo_Suport_ICEC-2.jpg\" alt=\"\" width=\"578\" height=\"151\" srcset=\"https:\/\/www.editorialjuventud.es\/wp-content\/uploads\/Logo_Suport_ICEC-2.jpg 1237w, https:\/\/www.editorialjuventud.es\/wp-content\/uploads\/Logo_Suport_ICEC-2-768x201.jpg 768w, https:\/\/www.editorialjuventud.es\/wp-content\/uploads\/Logo_Suport_ICEC-2-350x92.jpg 350w, https:\/\/www.editorialjuventud.es\/wp-content\/uploads\/Logo_Suport_ICEC-2-900x236.jpg 900w, https:\/\/www.editorialjuventud.es\/wp-content\/uploads\/Logo_Suport_ICEC-2-190x50.jpg 190w, https:\/\/www.editorialjuventud.es\/wp-content\/uploads\/Logo_Suport_ICEC-2-344x90.jpg 344w\" sizes=\"auto, (max-width: 578px) 100vw, 578px\" \/><\/p>\n","protected":false},"excerpt":{"rendered":"\u00a1Llega el carnaval! Los animales se preparan para disfrazarse. Pero&#8230;, \u00bfde qu\u00e9? \u00a1Adivina! Un libro para leer, para jugar, solo, en compa\u00f1\u00eda, por partes&#8230; \u00a1Todo vale en carnaval! Con una estructura sencilla que relaciona y encadena palabras e im\u00e1genes, p\u00e1gina [&hellip;]","protected":false},"featured_media":12537,"template":"","meta":{"_acf_changed":false,"_exactmetrics_skip_tracking":false,"_exactmetrics_sitenote_active":false,"_exactmetrics_sitenote_note":"","_exactmetrics_sitenote_category":0},"product_brand":[],"product_cat":[898,1138,1145,907,1122],"product_tag":[],"coleccion":[916,1321,1296],"class_list":{"0":"post-5727","1":"product","2":"type-product","3":"status-publish","4":"has-post-thumbnail","6":"product_cat-a-partir-de-2-anos","7":"product_cat-animales","8":"product_cat-carnaval","9":"product_cat-de-0-a-2-anos","10":"product_cat-libros-de-carton","11":"coleccion-castellano","12":"coleccion-mis-primeros-dubuc-mis-primeros-libros","13":"coleccion-mis-primeros-libros","15":"first","16":"instock","17":"taxable","18":"shipping-taxable","19":"purchasable","20":"product-type-simple"},"acf":{"autor":"Dubuc","codart":"3824","ediciones":"6","encuadernacion":"Cart\u00f3n","fecha_de_publicacion":"07\/11\/2011","novedad":"0","paginas":"120","subtitulo":"","texto_web_adicional":"","texto_web_novedad":"","orden":"999","portada":"0","texto_web_resaltado":"","indice":"","autores-libros":[16332],"ilustradores-libros":[16332],"traductores-libros":"","descripcion_corta":"","recomendamos":"","mas_vendido":"","idioma-libro":"","color":false,"formato":"","mas_informacion_del_producto":false,"premios":false,"texto_enlace_cubierta":"","enlace_cubierta":{"ID":21174,"id":21174,"title":"CARNAVAL ANIMALES","filename":"CARNAVAL-ANIMALES.jpg","filesize":797799,"url":"https:\/\/www.editorialjuventud.es\/wp-content\/uploads\/CARNAVAL-ANIMALES.jpg","link":"https:\/\/www.editorialjuventud.es\/ca\/?attachment_id=21174","alt":"","author":"47","description":"","caption":"","name":"carnaval-animales","status":"inherit","uploaded_to":5727,"date":"2019-02-14 11:56:16","modified":"2019-02-14 11:56:16","menu_order":0,"mime_type":"image\/jpeg","type":"image","subtype":"jpeg","icon":"https:\/\/www.editorialjuventud.es\/wp-includes\/images\/media\/default.png","width":1714,"height":1767,"sizes":{"thumbnail":"https:\/\/www.editorialjuventud.es\/wp-content\/uploads\/CARNAVAL-ANIMALES-200x200.jpg","thumbnail-width":200,"thumbnail-height":200,"medium":"https:\/\/www.editorialjuventud.es\/wp-content\/uploads\/CARNAVAL-ANIMALES.jpg","medium-width":1714,"medium-height":1767,"medium_large":"https:\/\/www.editorialjuventud.es\/wp-content\/uploads\/CARNAVAL-ANIMALES-768x792.jpg","medium_large-width":768,"medium_large-height":792,"large":"https:\/\/www.editorialjuventud.es\/wp-content\/uploads\/CARNAVAL-ANIMALES.jpg","large-width":1714,"large-height":1767,"1536x1536":"https:\/\/www.editorialjuventud.es\/wp-content\/uploads\/CARNAVAL-ANIMALES.jpg","1536x1536-width":1490,"1536x1536-height":1536,"2048x2048":"https:\/\/www.editorialjuventud.es\/wp-content\/uploads\/CARNAVAL-ANIMALES.jpg","2048x2048-width":1714,"2048x2048-height":1767,"woocommerce_thumbnail":"https:\/\/www.editorialjuventud.es\/wp-content\/uploads\/CARNAVAL-ANIMALES-350x361.jpg","woocommerce_thumbnail-width":350,"woocommerce_thumbnail-height":361,"woocommerce_single":"https:\/\/www.editorialjuventud.es\/wp-content\/uploads\/CARNAVAL-ANIMALES-900x928.jpg","woocommerce_single-width":900,"woocommerce_single-height":928,"woocommerce_gallery_thumbnail":"https:\/\/www.editorialjuventud.es\/wp-content\/uploads\/CARNAVAL-ANIMALES-100x100.jpg","woocommerce_gallery_thumbnail-width":100,"woocommerce_gallery_thumbnail-height":100,"ppec_logo_image_size":"https:\/\/www.editorialjuventud.es\/wp-content\/uploads\/CARNAVAL-ANIMALES.jpg","ppec_logo_image_size-width":58,"ppec_logo_image_size-height":60,"ppec_header_image_size":"https:\/\/www.editorialjuventud.es\/wp-content\/uploads\/CARNAVAL-ANIMALES.jpg","ppec_header_image_size-width":87,"ppec_header_image_size-height":90}},"texto_enlace_ficha_tecnica":"","enlace_ficha_tecnica":false,"ficheros":false,"titulo-fr":"","texto-fr":"","fecha_de_reimpresion":"01\/06\/2021","deshabilitar_compra":[]},"yoast_head":"<!-- This site is optimized with the Yoast SEO plugin v27.5 - https:\/\/yoast.com\/product\/yoast-seo-wordpress\/ -->\n<title>El carnaval de los animales - Editorial Juventud - \u00c1lbum ilustrado<\/title>\n<meta name=\"description\" content=\"\u00a1Llega el carnaval! Los animales se preparan para disfrazarse. Pero..., \u00bfde qu\u00e9? \u00a1Adivina! Un libro los m\u00e1s peque\u00f1os, para jugar, solo, en compa\u00f1\u00eda, por partes... \u00a1Todo vale en carnaval!\" \/>\n<meta name=\"robots\" content=\"index, follow, max-snippet:-1, max-image-preview:large, max-video-preview:-1\" \/>\n<link rel=\"canonical\" href=\"https:\/\/www.editorialjuventud.es\/el-carnaval-de-los-animales-9788426138248\/\" \/>\n<meta property=\"og:locale\" content=\"ca_ES\" \/>\n<meta property=\"og:type\" content=\"article\" \/>\n<meta property=\"og:title\" content=\"El carnaval de los animales - Editorial Juventud - \u00c1lbum ilustrado\" \/>\n<meta property=\"og:description\" content=\"\u00a1Llega el carnaval! Los animales se preparan para disfrazarse. Pero..., \u00bfde qu\u00e9? \u00a1Adivina! Un libro los m\u00e1s peque\u00f1os, para jugar, solo, en compa\u00f1\u00eda, por partes... \u00a1Todo vale en carnaval!\" \/>\n<meta property=\"og:url\" content=\"https:\/\/www.editorialjuventud.es\/el-carnaval-de-los-animales-9788426138248\/\" \/>\n<meta property=\"og:site_name\" content=\"Editorial Juventud\" \/>\n<meta property=\"article:modified_time\" content=\"2026-03-30T10:27:31+00:00\" \/>\n<meta property=\"og:image\" content=\"https:\/\/www.editorialjuventud.es\/wp-content\/uploads\/3824.jpg\" \/>\n\t<meta property=\"og:image:width\" content=\"459\" \/>\n\t<meta property=\"og:image:height\" content=\"450\" \/>\n\t<meta property=\"og:image:type\" content=\"image\/jpeg\" \/>\n<meta name=\"twitter:card\" content=\"summary_large_image\" \/>\n<meta name=\"twitter:label1\" content=\"Temps estimat de lectura\" \/>\n\t<meta name=\"twitter:data1\" content=\"1 minut\" \/>\n<script type=\"application\/ld+json\" class=\"yoast-schema-graph\">{\"@context\":\"https:\\\/\\\/schema.org\",\"@graph\":[{\"@type\":\"WebPage\",\"@id\":\"https:\\\/\\\/www.editorialjuventud.es\\\/el-carnaval-de-los-animales-9788426138248\\\/\",\"url\":\"https:\\\/\\\/www.editorialjuventud.es\\\/el-carnaval-de-los-animales-9788426138248\\\/\",\"name\":\"El carnaval de los animales - Editorial Juventud - \u00c1lbum ilustrado\",\"isPartOf\":{\"@id\":\"https:\\\/\\\/www.editorialjuventud.es\\\/#website\"},\"primaryImageOfPage\":{\"@id\":\"https:\\\/\\\/www.editorialjuventud.es\\\/el-carnaval-de-los-animales-9788426138248\\\/#primaryimage\"},\"image\":{\"@id\":\"https:\\\/\\\/www.editorialjuventud.es\\\/el-carnaval-de-los-animales-9788426138248\\\/#primaryimage\"},\"thumbnailUrl\":\"https:\\\/\\\/www.editorialjuventud.es\\\/wp-content\\\/uploads\\\/3824.jpg\",\"datePublished\":\"2018-08-24T09:14:39+00:00\",\"dateModified\":\"2026-03-30T10:27:31+00:00\",\"description\":\"\u00a1Llega el carnaval! Los animales se preparan para disfrazarse. Pero..., \u00bfde qu\u00e9? \u00a1Adivina! Un libro los m\u00e1s peque\u00f1os, para jugar, solo, en compa\u00f1\u00eda, por partes... \u00a1Todo vale en carnaval!\",\"breadcrumb\":{\"@id\":\"https:\\\/\\\/www.editorialjuventud.es\\\/el-carnaval-de-los-animales-9788426138248\\\/#breadcrumb\"},\"inLanguage\":\"ca\",\"potentialAction\":[{\"@type\":\"ReadAction\",\"target\":[\"https:\\\/\\\/www.editorialjuventud.es\\\/el-carnaval-de-los-animales-9788426138248\\\/\"]}]},{\"@type\":\"ImageObject\",\"inLanguage\":\"ca\",\"@id\":\"https:\\\/\\\/www.editorialjuventud.es\\\/el-carnaval-de-los-animales-9788426138248\\\/#primaryimage\",\"url\":\"https:\\\/\\\/www.editorialjuventud.es\\\/wp-content\\\/uploads\\\/3824.jpg\",\"contentUrl\":\"https:\\\/\\\/www.editorialjuventud.es\\\/wp-content\\\/uploads\\\/3824.jpg\",\"width\":459,\"height\":450,\"caption\":\"3824.jpg\"},{\"@type\":\"BreadcrumbList\",\"@id\":\"https:\\\/\\\/www.editorialjuventud.es\\\/el-carnaval-de-los-animales-9788426138248\\\/#breadcrumb\",\"itemListElement\":[{\"@type\":\"ListItem\",\"position\":1,\"name\":\"Portada\",\"item\":\"https:\\\/\\\/www.editorialjuventud.es\\\/\"},{\"@type\":\"ListItem\",\"position\":2,\"name\":\"cat\u00e1logo\",\"item\":\"https:\\\/\\\/www.editorialjuventud.es\\\/coleccion\\\/catalogo\\\/\"},{\"@type\":\"ListItem\",\"position\":3,\"name\":\"castellano\",\"item\":\"https:\\\/\\\/www.editorialjuventud.es\\\/coleccion\\\/castellano\\\/\"},{\"@type\":\"ListItem\",\"position\":4,\"name\":\"Mis Primeros Libros\",\"item\":\"https:\\\/\\\/www.editorialjuventud.es\\\/coleccion\\\/mis-primeros-libros\\\/\"},{\"@type\":\"ListItem\",\"position\":5,\"name\":\"Mis Primeros Dubuc\",\"item\":\"https:\\\/\\\/www.editorialjuventud.es\\\/ca\\\/coleccion\\\/mis-primeros-dubuc-mis-primeros-libros\\\/\"},{\"@type\":\"ListItem\",\"position\":6,\"name\":\"El carnaval de los animales\"}]},{\"@type\":\"WebSite\",\"@id\":\"https:\\\/\\\/www.editorialjuventud.es\\\/#website\",\"url\":\"https:\\\/\\\/www.editorialjuventud.es\\\/\",\"name\":\"Editorial Juventud\",\"description\":\"\",\"potentialAction\":[{\"@type\":\"SearchAction\",\"target\":{\"@type\":\"EntryPoint\",\"urlTemplate\":\"https:\\\/\\\/www.editorialjuventud.es\\\/?s={search_term_string}\"},\"query-input\":{\"@type\":\"PropertyValueSpecification\",\"valueRequired\":true,\"valueName\":\"search_term_string\"}}],\"inLanguage\":\"ca\"}]}<\/script>\n<!-- \/ Yoast SEO plugin. -->","yoast_head_json":{"title":"El carnaval de los animales - Editorial Juventud - \u00c1lbum ilustrado","description":"\u00a1Llega el carnaval! Los animales se preparan para disfrazarse. Pero..., \u00bfde qu\u00e9? \u00a1Adivina! Un libro los m\u00e1s peque\u00f1os, para jugar, solo, en compa\u00f1\u00eda, por partes... \u00a1Todo vale en carnaval!","robots":{"index":"index","follow":"follow","max-snippet":"max-snippet:-1","max-image-preview":"max-image-preview:large","max-video-preview":"max-video-preview:-1"},"canonical":"https:\/\/www.editorialjuventud.es\/el-carnaval-de-los-animales-9788426138248\/","og_locale":"ca_ES","og_type":"article","og_title":"El carnaval de los animales - Editorial Juventud - \u00c1lbum ilustrado","og_description":"\u00a1Llega el carnaval! Los animales se preparan para disfrazarse. Pero..., \u00bfde qu\u00e9? \u00a1Adivina! Un libro los m\u00e1s peque\u00f1os, para jugar, solo, en compa\u00f1\u00eda, por partes... \u00a1Todo vale en carnaval!","og_url":"https:\/\/www.editorialjuventud.es\/el-carnaval-de-los-animales-9788426138248\/","og_site_name":"Editorial Juventud","article_modified_time":"2026-03-30T10:27:31+00:00","og_image":[{"width":459,"height":450,"url":"https:\/\/www.editorialjuventud.es\/wp-content\/uploads\/3824.jpg","type":"image\/jpeg"}],"twitter_card":"summary_large_image","twitter_misc":{"Temps estimat de lectura":"1 minut"},"schema":{"@context":"https:\/\/schema.org","@graph":[{"@type":"WebPage","@id":"https:\/\/www.editorialjuventud.es\/el-carnaval-de-los-animales-9788426138248\/","url":"https:\/\/www.editorialjuventud.es\/el-carnaval-de-los-animales-9788426138248\/","name":"El carnaval de los animales - Editorial Juventud - \u00c1lbum ilustrado","isPartOf":{"@id":"https:\/\/www.editorialjuventud.es\/#website"},"primaryImageOfPage":{"@id":"https:\/\/www.editorialjuventud.es\/el-carnaval-de-los-animales-9788426138248\/#primaryimage"},"image":{"@id":"https:\/\/www.editorialjuventud.es\/el-carnaval-de-los-animales-9788426138248\/#primaryimage"},"thumbnailUrl":"https:\/\/www.editorialjuventud.es\/wp-content\/uploads\/3824.jpg","datePublished":"2018-08-24T09:14:39+00:00","dateModified":"2026-03-30T10:27:31+00:00","description":"\u00a1Llega el carnaval! Los animales se preparan para disfrazarse. Pero..., \u00bfde qu\u00e9? \u00a1Adivina! Un libro los m\u00e1s peque\u00f1os, para jugar, solo, en compa\u00f1\u00eda, por partes... \u00a1Todo vale en carnaval!","breadcrumb":{"@id":"https:\/\/www.editorialjuventud.es\/el-carnaval-de-los-animales-9788426138248\/#breadcrumb"},"inLanguage":"ca","potentialAction":[{"@type":"ReadAction","target":["https:\/\/www.editorialjuventud.es\/el-carnaval-de-los-animales-9788426138248\/"]}]},{"@type":"ImageObject","inLanguage":"ca","@id":"https:\/\/www.editorialjuventud.es\/el-carnaval-de-los-animales-9788426138248\/#primaryimage","url":"https:\/\/www.editorialjuventud.es\/wp-content\/uploads\/3824.jpg","contentUrl":"https:\/\/www.editorialjuventud.es\/wp-content\/uploads\/3824.jpg","width":459,"height":450,"caption":"3824.jpg"},{"@type":"BreadcrumbList","@id":"https:\/\/www.editorialjuventud.es\/el-carnaval-de-los-animales-9788426138248\/#breadcrumb","itemListElement":[{"@type":"ListItem","position":1,"name":"Portada","item":"https:\/\/www.editorialjuventud.es\/"},{"@type":"ListItem","position":2,"name":"cat\u00e1logo","item":"https:\/\/www.editorialjuventud.es\/coleccion\/catalogo\/"},{"@type":"ListItem","position":3,"name":"castellano","item":"https:\/\/www.editorialjuventud.es\/coleccion\/castellano\/"},{"@type":"ListItem","position":4,"name":"Mis Primeros Libros","item":"https:\/\/www.editorialjuventud.es\/coleccion\/mis-primeros-libros\/"},{"@type":"ListItem","position":5,"name":"Mis Primeros Dubuc","item":"https:\/\/www.editorialjuventud.es\/ca\/coleccion\/mis-primeros-dubuc-mis-primeros-libros\/"},{"@type":"ListItem","position":6,"name":"El carnaval de los animales"}]},{"@type":"WebSite","@id":"https:\/\/www.editorialjuventud.es\/#website","url":"https:\/\/www.editorialjuventud.es\/","name":"Editorial Juventud","description":"","potentialAction":[{"@type":"SearchAction","target":{"@type":"EntryPoint","urlTemplate":"https:\/\/www.editorialjuventud.es\/?s={search_term_string}"},"query-input":{"@type":"PropertyValueSpecification","valueRequired":true,"valueName":"search_term_string"}}],"inLanguage":"ca"}]}},"_links":{"self":[{"href":"https:\/\/www.editorialjuventud.es\/ca\/wp-json\/wp\/v2\/product\/5727","targetHints":{"allow":["GET"]}}],"collection":[{"href":"https:\/\/www.editorialjuventud.es\/ca\/wp-json\/wp\/v2\/product"}],"about":[{"href":"https:\/\/www.editorialjuventud.es\/ca\/wp-json\/wp\/v2\/types\/product"}],"wp:featuredmedia":[{"embeddable":true,"href":"https:\/\/www.editorialjuventud.es\/ca\/wp-json\/wp\/v2\/media\/12537"}],"wp:attachment":[{"href":"https:\/\/www.editorialjuventud.es\/ca\/wp-json\/wp\/v2\/media?parent=5727"}],"wp:term":[{"taxonomy":"product_brand","embeddable":true,"href":"https:\/\/www.editorialjuventud.es\/ca\/wp-json\/wp\/v2\/product_brand?post=5727"},{"taxonomy":"product_cat","embeddable":true,"href":"https:\/\/www.editorialjuventud.es\/ca\/wp-json\/wp\/v2\/product_cat?post=5727"},{"taxonomy":"product_tag","embeddable":true,"href":"https:\/\/www.editorialjuventud.es\/ca\/wp-json\/wp\/v2\/product_tag?post=5727"},{"taxonomy":"coleccion","embeddable":true,"href":"https:\/\/www.editorialjuventud.es\/ca\/wp-json\/wp\/v2\/coleccion?post=5727"}],"curies":[{"name":"wp","href":"https:\/\/api.w.org\/{rel}","templated":true}]}}