{"id":5726,"date":"2018-08-24T13:14:34","date_gmt":"2018-08-24T09:14:34","guid":{"rendered":"http:\/\/www.editorialjuventud.es\/operacion-%c2%93fuera-panales%c2%94\/"},"modified":"2023-04-05T10:57:06","modified_gmt":"2023-04-05T08:57:06","slug":"operacion-fuera-panales-9788426138231","status":"publish","type":"product","link":"https:\/\/www.editorialjuventud.es\/ca\/operacion-fuera-panales-9788426138231\/","title":{"rendered":"Operaci\u00f3n &#8220;fuera pa\u00f1ales&#8221;"},"content":{"rendered":"<p>Si est\u00e1s en la fase de quitar los pa\u00f1ales a tu hija\/hijo, y no sabes qu\u00e9 m\u00e9todo es el m\u00e1s adecuado para \u00e9l\/ella y para tu familia, este libro puede ser la soluci\u00f3n a lo que est\u00e1s buscando.<br \/>\nEsta gu\u00eda pr\u00e1ctica est\u00e1 concebida para que puedas elegir entre los principales sistemas y filosof\u00edas actuales de control de los esf\u00ednteres y saber cu\u00e1l es el que m\u00e1s te conviene:<br \/>\nEl Precoz: para las familias que quieren acabar con los pa\u00f1ales antes de que el beb\u00e9 cumpla un a\u00f1o.<br \/>\nEl Intensivo: para aquellas que quieren un m\u00e9todo r\u00e1pido y eficaz en un corto plazo de tiempo.<br \/>\nEl Puntual: para las familias que siguen rutinas fijas, y que disponen de m\u00e1s tiempo.<br \/>\nEl Sosegado: para las que se adecuan al ritmo de su hijo\/hija, y quieren esperar a que est\u00e9 preparado.<br \/>\nPuedes elegir el m\u00e9todo que m\u00e1s te conviene en el Cap\u00edtulo 1 y leer las secciones relacionadas con ese m\u00e9todo, o bien puedes leer todo el libro para tener una visi\u00f3n global de cada m\u00e9todo y elegir el que mejor se adapta al modo de ser de tu familia y la personalidad de tu hija\/hijo.<br \/>\nOperaci\u00f3n \u00abfuera pa\u00f1ales\u00bb. La gu\u00eda definitiva no pretende imponer puntos de vista, solo intenta resaltar los pros y los contras de cada m\u00e9todo, de modo objetivo, acompa\u00f1\u00e1ndolos de comentarios de expertos y de padres.<br \/>\nUna gu\u00eda que te dar\u00e1 m\u00e1s seguridad a la hora de emprender esta etapa, con consejos \u00fatiles para las familias, y teniendo en cuenta el sexo de tu hija\/hijo.<\/p>\n","protected":false},"excerpt":{"rendered":"Si est\u00e1s en la fase de quitar los pa\u00f1ales a tu hija\/hijo, y no sabes qu\u00e9 m\u00e9todo es el m\u00e1s adecuado para \u00e9l\/ella y para tu familia, este libro puede ser la soluci\u00f3n a lo que est\u00e1s buscando. Esta gu\u00eda [&hellip;]","protected":false},"featured_media":14321,"template":"","meta":{"_acf_changed":false,"_exactmetrics_skip_tracking":false,"_exactmetrics_sitenote_active":false,"_exactmetrics_sitenote_note":"","_exactmetrics_sitenote_category":0},"product_brand":[],"product_cat":[905,892,1115,1117],"product_tag":[],"coleccion":[916,934],"class_list":{"0":"post-5726","1":"product","2":"type-product","3":"status-publish","4":"has-post-thumbnail","6":"product_cat-adulto","7":"product_cat-edades","8":"product_cat-generos","9":"product_cat-no-ficcion-adulto","10":"coleccion-castellano","11":"coleccion-guias-practicas","13":"first","14":"instock","15":"taxable","16":"shipping-taxable","17":"purchasable","18":"product-type-simple"},"acf":{"autor":"WILTSHIRE, JO","codart":"3823","ediciones":"1","encuadernacion":"R\u00fastica","fecha_de_publicacion":"07\/03\/2011","novedad":"1","paginas":"208","subtitulo":"La guia definitiva","texto_web_adicional":"","texto_web_novedad":"","orden":"999","portada":"0","texto_web_resaltado":"","indice":"","autores-libros":[16686],"ilustradores-libros":"","traductores-libros":[27077],"descripcion_corta":"","recomendamos":"","mas_vendido":"","titulo-fr":"","texto-fr":"","color":false,"formato":"","mas_informacion_del_producto":false,"premios":false,"texto_enlace_cubierta":"","enlace_cubierta":false,"texto_enlace_ficha_tecnica":"","enlace_ficha_tecnica":false,"ficheros":false},"yoast_head":"<!-- This site is optimized with the Yoast SEO plugin v27.5 - https:\/\/yoast.com\/product\/yoast-seo-wordpress\/ -->\n<title>Operaci\u00f3n &quot;fuera pa\u00f1ales&quot; - Editorial Juventud<\/title>\n<meta name=\"description\" content=\"Si est\u00e1s en la fase de quitar los pa\u00f1ales a tu hija\/hijo, y no sabes qu\u00e9 m\u00e9todo es el m\u00e1s adecuado para \u00e9l\/ella y para tu familia, este libro puede ser la\" \/>\n<meta name=\"robots\" content=\"index, follow, max-snippet:-1, max-image-preview:large, max-video-preview:-1\" \/>\n<link rel=\"canonical\" href=\"https:\/\/www.editorialjuventud.es\/operacion-fuera-panales-9788426138231\/\" \/>\n<meta property=\"og:locale\" content=\"ca_ES\" \/>\n<meta property=\"og:type\" content=\"article\" \/>\n<meta property=\"og:title\" content=\"Operaci\u00f3n &quot;fuera pa\u00f1ales&quot; - Editorial Juventud\" \/>\n<meta property=\"og:description\" content=\"Si est\u00e1s en la fase de quitar los pa\u00f1ales a tu hija\/hijo, y no sabes qu\u00e9 m\u00e9todo es el m\u00e1s adecuado para \u00e9l\/ella y para tu familia, este libro puede ser la\" \/>\n<meta property=\"og:url\" content=\"https:\/\/www.editorialjuventud.es\/operacion-fuera-panales-9788426138231\/\" \/>\n<meta property=\"og:site_name\" content=\"Editorial Juventud\" \/>\n<meta property=\"article:modified_time\" content=\"2023-04-05T08:57:06+00:00\" \/>\n<meta property=\"og:image\" content=\"https:\/\/www.editorialjuventud.es\/wp-content\/uploads\/3823.jpg\" \/>\n\t<meta property=\"og:image:width\" content=\"320\" \/>\n\t<meta property=\"og:image:height\" content=\"450\" \/>\n\t<meta property=\"og:image:type\" content=\"image\/jpeg\" \/>\n<meta name=\"twitter:card\" content=\"summary_large_image\" \/>\n<meta name=\"twitter:label1\" content=\"Temps estimat de lectura\" \/>\n\t<meta name=\"twitter:data1\" content=\"1 minut\" \/>\n<script type=\"application\/ld+json\" class=\"yoast-schema-graph\">{\"@context\":\"https:\\\/\\\/schema.org\",\"@graph\":[{\"@type\":\"WebPage\",\"@id\":\"https:\\\/\\\/www.editorialjuventud.es\\\/operacion-fuera-panales-9788426138231\\\/\",\"url\":\"https:\\\/\\\/www.editorialjuventud.es\\\/operacion-fuera-panales-9788426138231\\\/\",\"name\":\"Operaci\u00f3n \\\"fuera pa\u00f1ales\\\" - Editorial Juventud\",\"isPartOf\":{\"@id\":\"https:\\\/\\\/www.editorialjuventud.es\\\/#website\"},\"primaryImageOfPage\":{\"@id\":\"https:\\\/\\\/www.editorialjuventud.es\\\/operacion-fuera-panales-9788426138231\\\/#primaryimage\"},\"image\":{\"@id\":\"https:\\\/\\\/www.editorialjuventud.es\\\/operacion-fuera-panales-9788426138231\\\/#primaryimage\"},\"thumbnailUrl\":\"https:\\\/\\\/www.editorialjuventud.es\\\/wp-content\\\/uploads\\\/3823.jpg\",\"datePublished\":\"2018-08-24T09:14:34+00:00\",\"dateModified\":\"2023-04-05T08:57:06+00:00\",\"description\":\"Si est\u00e1s en la fase de quitar los pa\u00f1ales a tu hija\\\/hijo, y no sabes qu\u00e9 m\u00e9todo es el m\u00e1s adecuado para \u00e9l\\\/ella y para tu familia, este libro puede ser la\",\"breadcrumb\":{\"@id\":\"https:\\\/\\\/www.editorialjuventud.es\\\/operacion-fuera-panales-9788426138231\\\/#breadcrumb\"},\"inLanguage\":\"ca\",\"potentialAction\":[{\"@type\":\"ReadAction\",\"target\":[\"https:\\\/\\\/www.editorialjuventud.es\\\/operacion-fuera-panales-9788426138231\\\/\"]}]},{\"@type\":\"ImageObject\",\"inLanguage\":\"ca\",\"@id\":\"https:\\\/\\\/www.editorialjuventud.es\\\/operacion-fuera-panales-9788426138231\\\/#primaryimage\",\"url\":\"https:\\\/\\\/www.editorialjuventud.es\\\/wp-content\\\/uploads\\\/3823.jpg\",\"contentUrl\":\"https:\\\/\\\/www.editorialjuventud.es\\\/wp-content\\\/uploads\\\/3823.jpg\",\"width\":320,\"height\":450,\"caption\":\"3823.jpg\"},{\"@type\":\"BreadcrumbList\",\"@id\":\"https:\\\/\\\/www.editorialjuventud.es\\\/operacion-fuera-panales-9788426138231\\\/#breadcrumb\",\"itemListElement\":[{\"@type\":\"ListItem\",\"position\":1,\"name\":\"Portada\",\"item\":\"https:\\\/\\\/www.editorialjuventud.es\\\/\"},{\"@type\":\"ListItem\",\"position\":2,\"name\":\"cat\u00e1logo\",\"item\":\"https:\\\/\\\/www.editorialjuventud.es\\\/coleccion\\\/catalogo\\\/\"},{\"@type\":\"ListItem\",\"position\":3,\"name\":\"castellano\",\"item\":\"https:\\\/\\\/www.editorialjuventud.es\\\/coleccion\\\/castellano\\\/\"},{\"@type\":\"ListItem\",\"position\":4,\"name\":\"Gu\u00edas Pr\u00e1cticas\",\"item\":\"https:\\\/\\\/www.editorialjuventud.es\\\/coleccion\\\/guias-practicas\\\/\"},{\"@type\":\"ListItem\",\"position\":5,\"name\":\"Operaci\u00f3n \u00abfuera pa\u00f1ales\u00bb\"}]},{\"@type\":\"WebSite\",\"@id\":\"https:\\\/\\\/www.editorialjuventud.es\\\/#website\",\"url\":\"https:\\\/\\\/www.editorialjuventud.es\\\/\",\"name\":\"Editorial Juventud\",\"description\":\"\",\"potentialAction\":[{\"@type\":\"SearchAction\",\"target\":{\"@type\":\"EntryPoint\",\"urlTemplate\":\"https:\\\/\\\/www.editorialjuventud.es\\\/?s={search_term_string}\"},\"query-input\":{\"@type\":\"PropertyValueSpecification\",\"valueRequired\":true,\"valueName\":\"search_term_string\"}}],\"inLanguage\":\"ca\"}]}<\/script>\n<!-- \/ Yoast SEO plugin. -->","yoast_head_json":{"title":"Operaci\u00f3n \"fuera pa\u00f1ales\" - Editorial Juventud","description":"Si est\u00e1s en la fase de quitar los pa\u00f1ales a tu hija\/hijo, y no sabes qu\u00e9 m\u00e9todo es el m\u00e1s adecuado para \u00e9l\/ella y para tu familia, este libro puede ser la","robots":{"index":"index","follow":"follow","max-snippet":"max-snippet:-1","max-image-preview":"max-image-preview:large","max-video-preview":"max-video-preview:-1"},"canonical":"https:\/\/www.editorialjuventud.es\/operacion-fuera-panales-9788426138231\/","og_locale":"ca_ES","og_type":"article","og_title":"Operaci\u00f3n \"fuera pa\u00f1ales\" - Editorial Juventud","og_description":"Si est\u00e1s en la fase de quitar los pa\u00f1ales a tu hija\/hijo, y no sabes qu\u00e9 m\u00e9todo es el m\u00e1s adecuado para \u00e9l\/ella y para tu familia, este libro puede ser la","og_url":"https:\/\/www.editorialjuventud.es\/operacion-fuera-panales-9788426138231\/","og_site_name":"Editorial Juventud","article_modified_time":"2023-04-05T08:57:06+00:00","og_image":[{"width":320,"height":450,"url":"https:\/\/www.editorialjuventud.es\/wp-content\/uploads\/3823.jpg","type":"image\/jpeg"}],"twitter_card":"summary_large_image","twitter_misc":{"Temps estimat de lectura":"1 minut"},"schema":{"@context":"https:\/\/schema.org","@graph":[{"@type":"WebPage","@id":"https:\/\/www.editorialjuventud.es\/operacion-fuera-panales-9788426138231\/","url":"https:\/\/www.editorialjuventud.es\/operacion-fuera-panales-9788426138231\/","name":"Operaci\u00f3n \"fuera pa\u00f1ales\" - Editorial Juventud","isPartOf":{"@id":"https:\/\/www.editorialjuventud.es\/#website"},"primaryImageOfPage":{"@id":"https:\/\/www.editorialjuventud.es\/operacion-fuera-panales-9788426138231\/#primaryimage"},"image":{"@id":"https:\/\/www.editorialjuventud.es\/operacion-fuera-panales-9788426138231\/#primaryimage"},"thumbnailUrl":"https:\/\/www.editorialjuventud.es\/wp-content\/uploads\/3823.jpg","datePublished":"2018-08-24T09:14:34+00:00","dateModified":"2023-04-05T08:57:06+00:00","description":"Si est\u00e1s en la fase de quitar los pa\u00f1ales a tu hija\/hijo, y no sabes qu\u00e9 m\u00e9todo es el m\u00e1s adecuado para \u00e9l\/ella y para tu familia, este libro puede ser la","breadcrumb":{"@id":"https:\/\/www.editorialjuventud.es\/operacion-fuera-panales-9788426138231\/#breadcrumb"},"inLanguage":"ca","potentialAction":[{"@type":"ReadAction","target":["https:\/\/www.editorialjuventud.es\/operacion-fuera-panales-9788426138231\/"]}]},{"@type":"ImageObject","inLanguage":"ca","@id":"https:\/\/www.editorialjuventud.es\/operacion-fuera-panales-9788426138231\/#primaryimage","url":"https:\/\/www.editorialjuventud.es\/wp-content\/uploads\/3823.jpg","contentUrl":"https:\/\/www.editorialjuventud.es\/wp-content\/uploads\/3823.jpg","width":320,"height":450,"caption":"3823.jpg"},{"@type":"BreadcrumbList","@id":"https:\/\/www.editorialjuventud.es\/operacion-fuera-panales-9788426138231\/#breadcrumb","itemListElement":[{"@type":"ListItem","position":1,"name":"Portada","item":"https:\/\/www.editorialjuventud.es\/"},{"@type":"ListItem","position":2,"name":"cat\u00e1logo","item":"https:\/\/www.editorialjuventud.es\/coleccion\/catalogo\/"},{"@type":"ListItem","position":3,"name":"castellano","item":"https:\/\/www.editorialjuventud.es\/coleccion\/castellano\/"},{"@type":"ListItem","position":4,"name":"Gu\u00edas Pr\u00e1cticas","item":"https:\/\/www.editorialjuventud.es\/coleccion\/guias-practicas\/"},{"@type":"ListItem","position":5,"name":"Operaci\u00f3n \u00abfuera pa\u00f1ales\u00bb"}]},{"@type":"WebSite","@id":"https:\/\/www.editorialjuventud.es\/#website","url":"https:\/\/www.editorialjuventud.es\/","name":"Editorial Juventud","description":"","potentialAction":[{"@type":"SearchAction","target":{"@type":"EntryPoint","urlTemplate":"https:\/\/www.editorialjuventud.es\/?s={search_term_string}"},"query-input":{"@type":"PropertyValueSpecification","valueRequired":true,"valueName":"search_term_string"}}],"inLanguage":"ca"}]}},"_links":{"self":[{"href":"https:\/\/www.editorialjuventud.es\/ca\/wp-json\/wp\/v2\/product\/5726","targetHints":{"allow":["GET"]}}],"collection":[{"href":"https:\/\/www.editorialjuventud.es\/ca\/wp-json\/wp\/v2\/product"}],"about":[{"href":"https:\/\/www.editorialjuventud.es\/ca\/wp-json\/wp\/v2\/types\/product"}],"wp:featuredmedia":[{"embeddable":true,"href":"https:\/\/www.editorialjuventud.es\/ca\/wp-json\/wp\/v2\/media\/14321"}],"wp:attachment":[{"href":"https:\/\/www.editorialjuventud.es\/ca\/wp-json\/wp\/v2\/media?parent=5726"}],"wp:term":[{"taxonomy":"product_brand","embeddable":true,"href":"https:\/\/www.editorialjuventud.es\/ca\/wp-json\/wp\/v2\/product_brand?post=5726"},{"taxonomy":"product_cat","embeddable":true,"href":"https:\/\/www.editorialjuventud.es\/ca\/wp-json\/wp\/v2\/product_cat?post=5726"},{"taxonomy":"product_tag","embeddable":true,"href":"https:\/\/www.editorialjuventud.es\/ca\/wp-json\/wp\/v2\/product_tag?post=5726"},{"taxonomy":"coleccion","embeddable":true,"href":"https:\/\/www.editorialjuventud.es\/ca\/wp-json\/wp\/v2\/coleccion?post=5726"}],"curies":[{"name":"wp","href":"https:\/\/api.w.org\/{rel}","templated":true}]}}