{"id":5725,"date":"2018-08-24T13:14:31","date_gmt":"2018-08-24T09:14:31","guid":{"rendered":"http:\/\/www.editorialjuventud.es\/historia-de-un-arbol\/"},"modified":"2026-04-08T12:05:32","modified_gmt":"2026-04-08T10:05:32","slug":"historia-de-un-arbol-9788426138224","status":"publish","type":"product","link":"https:\/\/www.editorialjuventud.es\/ca\/historia-de-un-arbol-9788426138224\/","title":{"rendered":"Historia de un \u00e1rbol"},"content":{"rendered":"<p>Esta es la historia de un \u00e1rbol que viv\u00eda feliz en el bosque? hasta que un d\u00eda todo cambi\u00f3. Cuando el \u00e1rbol consigui\u00f3 por fin adaptarse a su nuevo h\u00e1bitat, se vio de nuevo afligido por el sinsentido de los hombres? Un cuento circular sobre el ciclo de la vida.<\/p>\n","protected":false},"excerpt":{"rendered":"Esta es la historia de un \u00e1rbol que viv\u00eda feliz en el bosque? hasta que un d\u00eda todo cambi\u00f3. Cuando el \u00e1rbol consigui\u00f3 por fin adaptarse a su nuevo h\u00e1bitat, se vio de nuevo afligido por el sinsentido de los [&hellip;]","protected":false},"featured_media":13387,"template":"","meta":{"_acf_changed":false,"_exactmetrics_skip_tracking":false,"_exactmetrics_sitenote_active":false,"_exactmetrics_sitenote_note":"","_exactmetrics_sitenote_category":0},"product_brand":[],"product_cat":[900,1121,1147,1167,1201,1210],"product_tag":[],"coleccion":[991],"class_list":{"0":"post-5725","1":"product","2":"type-product","3":"status-publish","4":"has-post-thumbnail","6":"product_cat-a-partir-de-5-anos","7":"product_cat-albumes-ilustrados","8":"product_cat-ciclo-de-la-vida","9":"product_cat-ecologia-medio-ambiente","10":"product_cat-naturaleza-biodiversidad","11":"product_cat-plantas-bosques","12":"coleccion-ecologia-albumes-ilustrados","14":"first","15":"instock","16":"taxable","17":"shipping-taxable","18":"purchasable","19":"product-type-simple"},"acf":{"autor":"Cuesta, Miguel Angel","codart":"3822","ediciones":"1","encuadernacion":"Carton\u00e9","fecha_de_publicacion":"10\/02\/2011","novedad":"0","paginas":"48","subtitulo":"","texto_web_adicional":"","texto_web_novedad":"","orden":"999","portada":"0","texto_web_resaltado":"","indice":"","autores-libros":[16306],"ilustradores-libros":[16306],"traductores-libros":"","descripcion_corta":"","recomendamos":"","mas_vendido":"","color":false,"formato":"","mas_informacion_del_producto":false,"premios":false,"texto_enlace_cubierta":"","enlace_cubierta":false,"texto_enlace_ficha_tecnica":"","enlace_ficha_tecnica":false,"ficheros":false,"titulo-fr":"Story Of A Tree","texto-fr":"<p><img loading=\"lazy\" decoding=\"async\" class=\"aligncenter size-full wp-image-24771\" src=\"http:\/\/www.editorialjuventud.es\/wp-content\/uploads\/4.png\" alt=\"\" width=\"43\" height=\"43\" \/><\/p>\n<p><strong>A story of the importance of preserving the environment<\/strong><\/p>\n<p>A delicate work of art, which incorporates games of perspective and comparing points of view of the same image. This book allows the main\u00a0 character, a tree that survives the destruction of a wood, to really shine through. Using the same\u00a0 innocent tone as the illustrations, some short texts tell the story of this strong little tree.<\/p>\n<h4><span style=\"color: #008ca9;\"><em>\u203a CCEI Illustration Award 2012\u00a0 &#8211;\u00a0\u00a0Honour List\u00a0 &#8211;\u00a0 Spain<\/em><\/span><\/h4>\n<h2><\/h2>\n<hr \/>\n<p><img loading=\"lazy\" decoding=\"async\" class=\"alignnone size-full wp-image-19133\" src=\"http:\/\/www.editorialjuventud.es\/wp-content\/uploads\/Miguel-\u00c1ngel-Cuesta-1.jpg\" alt=\"\" width=\"140\" height=\"147\" \/><\/p>\n<h2><strong>Miguel \u00c1ngel Cuesta<\/strong><\/h2>\n<h6><\/h6>\n<p>His earliest memories always include pencils, markers and crayons. His drawings are always influenced by naive art. To date, he has published two picture books: <em>Refrescos frescos de burbujas brujas<\/em>, published by CEDMA, and <em>Historia de un \u00e1rbol.<\/em><\/p>\n<p>He still dreams, thinks, writes and illustrates children\u2019s books with close help from his little son.<\/p>\n<hr \/>\n<h5>\u203a\u00a0<span style=\"text-decoration: underline;\"><span style=\"color: #0000ff;\"><strong><a href=\"http:\/\/www.editorialjuventud.es\/wp-content\/uploads\/Ficha-FR-Story-of-a-tree.pdf\" target=\"_blank\" rel=\"noopener\">Fact Sheet<\/a><\/strong><\/span><\/span><\/h5>\n","idioma-libro":"","fecha_de_reimpresion":"01\/03\/2012","deshabilitar_compra":["deshabilitar"]},"yoast_head":"<!-- This site is optimized with the Yoast SEO plugin v27.3 - https:\/\/yoast.com\/product\/yoast-seo-wordpress\/ -->\n<title>Historia de un \u00e1rbol - Editorial Juventud<\/title>\n<meta name=\"description\" content=\"Esta es la historia de un \u00e1rbol que viv\u00eda feliz en el bosque? hasta que un d\u00eda todo cambi\u00f3. Cuando el \u00e1rbol consigui\u00f3 por fin adaptarse a su nuevo\" \/>\n<meta name=\"robots\" content=\"index, follow, max-snippet:-1, max-image-preview:large, max-video-preview:-1\" \/>\n<link rel=\"canonical\" href=\"https:\/\/www.editorialjuventud.es\/historia-de-un-arbol-9788426138224\/\" \/>\n<meta property=\"og:locale\" content=\"ca_ES\" \/>\n<meta property=\"og:type\" content=\"article\" \/>\n<meta property=\"og:title\" content=\"Historia de un \u00e1rbol - Editorial Juventud\" \/>\n<meta property=\"og:description\" content=\"Esta es la historia de un \u00e1rbol que viv\u00eda feliz en el bosque? hasta que un d\u00eda todo cambi\u00f3. Cuando el \u00e1rbol consigui\u00f3 por fin adaptarse a su nuevo\" \/>\n<meta property=\"og:url\" content=\"https:\/\/www.editorialjuventud.es\/historia-de-un-arbol-9788426138224\/\" \/>\n<meta property=\"og:site_name\" content=\"Editorial Juventud\" \/>\n<meta property=\"article:modified_time\" content=\"2026-04-08T10:05:32+00:00\" \/>\n<meta property=\"og:image\" content=\"https:\/\/www.editorialjuventud.es\/wp-content\/uploads\/3822.jpg\" \/>\n\t<meta property=\"og:image:width\" content=\"329\" \/>\n\t<meta property=\"og:image:height\" content=\"500\" \/>\n\t<meta property=\"og:image:type\" content=\"image\/jpeg\" \/>\n<meta name=\"twitter:card\" content=\"summary_large_image\" \/>\n<script type=\"application\/ld+json\" class=\"yoast-schema-graph\">{\"@context\":\"https:\\\/\\\/schema.org\",\"@graph\":[{\"@type\":\"WebPage\",\"@id\":\"https:\\\/\\\/www.editorialjuventud.es\\\/historia-de-un-arbol-9788426138224\\\/\",\"url\":\"https:\\\/\\\/www.editorialjuventud.es\\\/historia-de-un-arbol-9788426138224\\\/\",\"name\":\"Historia de un \u00e1rbol - Editorial Juventud\",\"isPartOf\":{\"@id\":\"https:\\\/\\\/www.editorialjuventud.es\\\/#website\"},\"primaryImageOfPage\":{\"@id\":\"https:\\\/\\\/www.editorialjuventud.es\\\/historia-de-un-arbol-9788426138224\\\/#primaryimage\"},\"image\":{\"@id\":\"https:\\\/\\\/www.editorialjuventud.es\\\/historia-de-un-arbol-9788426138224\\\/#primaryimage\"},\"thumbnailUrl\":\"https:\\\/\\\/www.editorialjuventud.es\\\/wp-content\\\/uploads\\\/3822.jpg\",\"datePublished\":\"2018-08-24T09:14:31+00:00\",\"dateModified\":\"2026-04-08T10:05:32+00:00\",\"description\":\"Esta es la historia de un \u00e1rbol que viv\u00eda feliz en el bosque? hasta que un d\u00eda todo cambi\u00f3. Cuando el \u00e1rbol consigui\u00f3 por fin adaptarse a su nuevo\",\"breadcrumb\":{\"@id\":\"https:\\\/\\\/www.editorialjuventud.es\\\/historia-de-un-arbol-9788426138224\\\/#breadcrumb\"},\"inLanguage\":\"ca\",\"potentialAction\":[{\"@type\":\"ReadAction\",\"target\":[\"https:\\\/\\\/www.editorialjuventud.es\\\/historia-de-un-arbol-9788426138224\\\/\"]}]},{\"@type\":\"ImageObject\",\"inLanguage\":\"ca\",\"@id\":\"https:\\\/\\\/www.editorialjuventud.es\\\/historia-de-un-arbol-9788426138224\\\/#primaryimage\",\"url\":\"https:\\\/\\\/www.editorialjuventud.es\\\/wp-content\\\/uploads\\\/3822.jpg\",\"contentUrl\":\"https:\\\/\\\/www.editorialjuventud.es\\\/wp-content\\\/uploads\\\/3822.jpg\",\"width\":329,\"height\":500,\"caption\":\"3822.jpg\"},{\"@type\":\"BreadcrumbList\",\"@id\":\"https:\\\/\\\/www.editorialjuventud.es\\\/historia-de-un-arbol-9788426138224\\\/#breadcrumb\",\"itemListElement\":[{\"@type\":\"ListItem\",\"position\":1,\"name\":\"Portada\",\"item\":\"https:\\\/\\\/www.editorialjuventud.es\\\/\"},{\"@type\":\"ListItem\",\"position\":2,\"name\":\"cat\u00e1logo\",\"item\":\"https:\\\/\\\/www.editorialjuventud.es\\\/coleccion\\\/catalogo\\\/\"},{\"@type\":\"ListItem\",\"position\":3,\"name\":\"castellano\",\"item\":\"https:\\\/\\\/www.editorialjuventud.es\\\/coleccion\\\/castellano\\\/\"},{\"@type\":\"ListItem\",\"position\":4,\"name\":\"\u00c1lbumes Ilustrados\",\"item\":\"https:\\\/\\\/www.editorialjuventud.es\\\/coleccion\\\/albumes-ilustrados\\\/\"},{\"@type\":\"ListItem\",\"position\":5,\"name\":\"Ecolog\u00eda\",\"item\":\"https:\\\/\\\/www.editorialjuventud.es\\\/coleccion\\\/ecologia-albumes-ilustrados\\\/\"},{\"@type\":\"ListItem\",\"position\":6,\"name\":\"Historia de un \u00e1rbol\"}]},{\"@type\":\"WebSite\",\"@id\":\"https:\\\/\\\/www.editorialjuventud.es\\\/#website\",\"url\":\"https:\\\/\\\/www.editorialjuventud.es\\\/\",\"name\":\"Editorial Juventud\",\"description\":\"\",\"potentialAction\":[{\"@type\":\"SearchAction\",\"target\":{\"@type\":\"EntryPoint\",\"urlTemplate\":\"https:\\\/\\\/www.editorialjuventud.es\\\/?s={search_term_string}\"},\"query-input\":{\"@type\":\"PropertyValueSpecification\",\"valueRequired\":true,\"valueName\":\"search_term_string\"}}],\"inLanguage\":\"ca\"}]}<\/script>\n<!-- \/ Yoast SEO plugin. -->","yoast_head_json":{"title":"Historia de un \u00e1rbol - Editorial Juventud","description":"Esta es la historia de un \u00e1rbol que viv\u00eda feliz en el bosque? hasta que un d\u00eda todo cambi\u00f3. Cuando el \u00e1rbol consigui\u00f3 por fin adaptarse a su nuevo","robots":{"index":"index","follow":"follow","max-snippet":"max-snippet:-1","max-image-preview":"max-image-preview:large","max-video-preview":"max-video-preview:-1"},"canonical":"https:\/\/www.editorialjuventud.es\/historia-de-un-arbol-9788426138224\/","og_locale":"ca_ES","og_type":"article","og_title":"Historia de un \u00e1rbol - Editorial Juventud","og_description":"Esta es la historia de un \u00e1rbol que viv\u00eda feliz en el bosque? hasta que un d\u00eda todo cambi\u00f3. Cuando el \u00e1rbol consigui\u00f3 por fin adaptarse a su nuevo","og_url":"https:\/\/www.editorialjuventud.es\/historia-de-un-arbol-9788426138224\/","og_site_name":"Editorial Juventud","article_modified_time":"2026-04-08T10:05:32+00:00","og_image":[{"width":329,"height":500,"url":"https:\/\/www.editorialjuventud.es\/wp-content\/uploads\/3822.jpg","type":"image\/jpeg"}],"twitter_card":"summary_large_image","schema":{"@context":"https:\/\/schema.org","@graph":[{"@type":"WebPage","@id":"https:\/\/www.editorialjuventud.es\/historia-de-un-arbol-9788426138224\/","url":"https:\/\/www.editorialjuventud.es\/historia-de-un-arbol-9788426138224\/","name":"Historia de un \u00e1rbol - Editorial Juventud","isPartOf":{"@id":"https:\/\/www.editorialjuventud.es\/#website"},"primaryImageOfPage":{"@id":"https:\/\/www.editorialjuventud.es\/historia-de-un-arbol-9788426138224\/#primaryimage"},"image":{"@id":"https:\/\/www.editorialjuventud.es\/historia-de-un-arbol-9788426138224\/#primaryimage"},"thumbnailUrl":"https:\/\/www.editorialjuventud.es\/wp-content\/uploads\/3822.jpg","datePublished":"2018-08-24T09:14:31+00:00","dateModified":"2026-04-08T10:05:32+00:00","description":"Esta es la historia de un \u00e1rbol que viv\u00eda feliz en el bosque? hasta que un d\u00eda todo cambi\u00f3. Cuando el \u00e1rbol consigui\u00f3 por fin adaptarse a su nuevo","breadcrumb":{"@id":"https:\/\/www.editorialjuventud.es\/historia-de-un-arbol-9788426138224\/#breadcrumb"},"inLanguage":"ca","potentialAction":[{"@type":"ReadAction","target":["https:\/\/www.editorialjuventud.es\/historia-de-un-arbol-9788426138224\/"]}]},{"@type":"ImageObject","inLanguage":"ca","@id":"https:\/\/www.editorialjuventud.es\/historia-de-un-arbol-9788426138224\/#primaryimage","url":"https:\/\/www.editorialjuventud.es\/wp-content\/uploads\/3822.jpg","contentUrl":"https:\/\/www.editorialjuventud.es\/wp-content\/uploads\/3822.jpg","width":329,"height":500,"caption":"3822.jpg"},{"@type":"BreadcrumbList","@id":"https:\/\/www.editorialjuventud.es\/historia-de-un-arbol-9788426138224\/#breadcrumb","itemListElement":[{"@type":"ListItem","position":1,"name":"Portada","item":"https:\/\/www.editorialjuventud.es\/"},{"@type":"ListItem","position":2,"name":"cat\u00e1logo","item":"https:\/\/www.editorialjuventud.es\/coleccion\/catalogo\/"},{"@type":"ListItem","position":3,"name":"castellano","item":"https:\/\/www.editorialjuventud.es\/coleccion\/castellano\/"},{"@type":"ListItem","position":4,"name":"\u00c1lbumes Ilustrados","item":"https:\/\/www.editorialjuventud.es\/coleccion\/albumes-ilustrados\/"},{"@type":"ListItem","position":5,"name":"Ecolog\u00eda","item":"https:\/\/www.editorialjuventud.es\/coleccion\/ecologia-albumes-ilustrados\/"},{"@type":"ListItem","position":6,"name":"Historia de un \u00e1rbol"}]},{"@type":"WebSite","@id":"https:\/\/www.editorialjuventud.es\/#website","url":"https:\/\/www.editorialjuventud.es\/","name":"Editorial Juventud","description":"","potentialAction":[{"@type":"SearchAction","target":{"@type":"EntryPoint","urlTemplate":"https:\/\/www.editorialjuventud.es\/?s={search_term_string}"},"query-input":{"@type":"PropertyValueSpecification","valueRequired":true,"valueName":"search_term_string"}}],"inLanguage":"ca"}]}},"_links":{"self":[{"href":"https:\/\/www.editorialjuventud.es\/ca\/wp-json\/wp\/v2\/product\/5725","targetHints":{"allow":["GET"]}}],"collection":[{"href":"https:\/\/www.editorialjuventud.es\/ca\/wp-json\/wp\/v2\/product"}],"about":[{"href":"https:\/\/www.editorialjuventud.es\/ca\/wp-json\/wp\/v2\/types\/product"}],"wp:featuredmedia":[{"embeddable":true,"href":"https:\/\/www.editorialjuventud.es\/ca\/wp-json\/wp\/v2\/media\/13387"}],"wp:attachment":[{"href":"https:\/\/www.editorialjuventud.es\/ca\/wp-json\/wp\/v2\/media?parent=5725"}],"wp:term":[{"taxonomy":"product_brand","embeddable":true,"href":"https:\/\/www.editorialjuventud.es\/ca\/wp-json\/wp\/v2\/product_brand?post=5725"},{"taxonomy":"product_cat","embeddable":true,"href":"https:\/\/www.editorialjuventud.es\/ca\/wp-json\/wp\/v2\/product_cat?post=5725"},{"taxonomy":"product_tag","embeddable":true,"href":"https:\/\/www.editorialjuventud.es\/ca\/wp-json\/wp\/v2\/product_tag?post=5725"},{"taxonomy":"coleccion","embeddable":true,"href":"https:\/\/www.editorialjuventud.es\/ca\/wp-json\/wp\/v2\/coleccion?post=5725"}],"curies":[{"name":"wp","href":"https:\/\/api.w.org\/{rel}","templated":true}]}}