{"id":5721,"date":"2018-08-24T13:14:15","date_gmt":"2018-08-24T09:14:15","guid":{"rendered":"http:\/\/www.editorialjuventud.es\/cabo-de-hornos-por-babor\/"},"modified":"2025-07-23T09:15:13","modified_gmt":"2025-07-23T07:15:13","slug":"cabo-de-hornos-por-babor-9788426138194","status":"publish","type":"product","link":"https:\/\/www.editorialjuventud.es\/ca\/cabo-de-hornos-por-babor-9788426138194\/","title":{"rendered":"Cabo de Hornos por babor"},"content":{"rendered":"<p>Esta es la historia de la participaci\u00f3n espa\u00f1ola en la Whitbread Round the World Race, lo que actualmente es la Volvo Ocean Race, una competici\u00f3n alrededor del mundo que somete a barcos y tripulaciones a un dur\u00edsimo castigo. \u00bfCu\u00e1les son las razones que llevan a los navegantes a embarcarse en un desaf\u00edo as\u00ed? La narraci\u00f3n de Isidro Mart\u00ed y Carlos Pich nos sit\u00faa en tiempo real en el interior de la regata y de los barcos, transmiti\u00e9ndonos la fascinaci\u00f3n y las dudas de los marinos en los oc\u00e9anos australes y en las calmas ecuatoriales. Los Rugientes Cuarenta, latitudes m\u00e1s all\u00e1 de los 40\u00ba Sur, nos esperan tras la l\u00ednea de salida, ya en las primeras p\u00e1ginas de este libro.<\/p>\n","protected":false},"excerpt":{"rendered":"Esta es la historia de la participaci\u00f3n espa\u00f1ola en la Whitbread Round the World Race, lo que actualmente es la Volvo Ocean Race, una competici\u00f3n alrededor del mundo que somete a barcos y tripulaciones a un dur\u00edsimo castigo. \u00bfCu\u00e1les son [&hellip;]","protected":false},"featured_media":12107,"template":"","meta":{"_acf_changed":false,"_exactmetrics_skip_tracking":false,"_exactmetrics_sitenote_active":false,"_exactmetrics_sitenote_note":"","_exactmetrics_sitenote_category":0},"product_brand":[],"product_cat":[905,1120,1117],"product_tag":[],"coleccion":[916,936,1363],"class_list":{"0":"post-5721","1":"product","2":"type-product","3":"status-publish","4":"has-post-thumbnail","6":"product_cat-adulto","7":"product_cat-nautica","8":"product_cat-no-ficcion-adulto","9":"coleccion-castellano","10":"coleccion-lecturas-en-torno-al-mar","11":"coleccion-viajes-aventuras-y-expediciones-lecturas-en-torno-al-mar","13":"first","14":"outofstock","15":"taxable","16":"shipping-taxable","17":"purchasable","18":"product-type-simple"},"acf":{"autor":"Marti, Isidro","codart":"3819","ediciones":"1","encuadernacion":"R\u00fastica","fecha_de_publicacion":"12\/11\/2010","novedad":"0","paginas":"236","subtitulo":"La historia de la vuelta al mundo en Espa\u00f1a","texto_web_adicional":"","texto_web_novedad":"","orden":"999","portada":"0","texto_web_resaltado":"","autores-libros":[16489,16550]},"yoast_head":"<!-- This site is optimized with the Yoast SEO plugin v27.3 - https:\/\/yoast.com\/product\/yoast-seo-wordpress\/ -->\n<title>Cabo de Hornos por babor - Editorial Juventud<\/title>\n<meta name=\"description\" content=\"Esta es la historia de la participaci\u00f3n espa\u00f1ola en la Whitbread Round the World Race, lo que actualmente es la Volvo Ocean Race, una competici\u00f3n\" \/>\n<meta name=\"robots\" content=\"index, follow, max-snippet:-1, max-image-preview:large, max-video-preview:-1\" \/>\n<link rel=\"canonical\" href=\"https:\/\/www.editorialjuventud.es\/cabo-de-hornos-por-babor-9788426138194\/\" \/>\n<meta property=\"og:locale\" content=\"ca_ES\" \/>\n<meta property=\"og:type\" content=\"article\" \/>\n<meta property=\"og:title\" content=\"Cabo de Hornos por babor - Editorial Juventud\" \/>\n<meta property=\"og:description\" content=\"Esta es la historia de la participaci\u00f3n espa\u00f1ola en la Whitbread Round the World Race, lo que actualmente es la Volvo Ocean Race, una competici\u00f3n\" \/>\n<meta property=\"og:url\" content=\"https:\/\/www.editorialjuventud.es\/cabo-de-hornos-por-babor-9788426138194\/\" \/>\n<meta property=\"og:site_name\" content=\"Editorial Juventud\" \/>\n<meta property=\"article:modified_time\" content=\"2025-07-23T07:15:13+00:00\" \/>\n<meta property=\"og:image\" content=\"https:\/\/www.editorialjuventud.es\/wp-content\/uploads\/3819.jpg\" \/>\n\t<meta property=\"og:image:width\" content=\"309\" \/>\n\t<meta property=\"og:image:height\" content=\"450\" \/>\n\t<meta property=\"og:image:type\" content=\"image\/jpeg\" \/>\n<meta name=\"twitter:card\" content=\"summary_large_image\" \/>\n<meta name=\"twitter:label1\" content=\"Temps estimat de lectura\" \/>\n\t<meta name=\"twitter:data1\" content=\"1 minut\" \/>\n<script type=\"application\/ld+json\" class=\"yoast-schema-graph\">{\"@context\":\"https:\\\/\\\/schema.org\",\"@graph\":[{\"@type\":\"WebPage\",\"@id\":\"https:\\\/\\\/www.editorialjuventud.es\\\/cabo-de-hornos-por-babor-9788426138194\\\/\",\"url\":\"https:\\\/\\\/www.editorialjuventud.es\\\/cabo-de-hornos-por-babor-9788426138194\\\/\",\"name\":\"Cabo de Hornos por babor - Editorial Juventud\",\"isPartOf\":{\"@id\":\"https:\\\/\\\/www.editorialjuventud.es\\\/#website\"},\"primaryImageOfPage\":{\"@id\":\"https:\\\/\\\/www.editorialjuventud.es\\\/cabo-de-hornos-por-babor-9788426138194\\\/#primaryimage\"},\"image\":{\"@id\":\"https:\\\/\\\/www.editorialjuventud.es\\\/cabo-de-hornos-por-babor-9788426138194\\\/#primaryimage\"},\"thumbnailUrl\":\"https:\\\/\\\/www.editorialjuventud.es\\\/wp-content\\\/uploads\\\/3819.jpg\",\"datePublished\":\"2018-08-24T09:14:15+00:00\",\"dateModified\":\"2025-07-23T07:15:13+00:00\",\"description\":\"Esta es la historia de la participaci\u00f3n espa\u00f1ola en la Whitbread Round the World Race, lo que actualmente es la Volvo Ocean Race, una competici\u00f3n\",\"breadcrumb\":{\"@id\":\"https:\\\/\\\/www.editorialjuventud.es\\\/cabo-de-hornos-por-babor-9788426138194\\\/#breadcrumb\"},\"inLanguage\":\"ca\",\"potentialAction\":[{\"@type\":\"ReadAction\",\"target\":[\"https:\\\/\\\/www.editorialjuventud.es\\\/cabo-de-hornos-por-babor-9788426138194\\\/\"]}]},{\"@type\":\"ImageObject\",\"inLanguage\":\"ca\",\"@id\":\"https:\\\/\\\/www.editorialjuventud.es\\\/cabo-de-hornos-por-babor-9788426138194\\\/#primaryimage\",\"url\":\"https:\\\/\\\/www.editorialjuventud.es\\\/wp-content\\\/uploads\\\/3819.jpg\",\"contentUrl\":\"https:\\\/\\\/www.editorialjuventud.es\\\/wp-content\\\/uploads\\\/3819.jpg\",\"width\":309,\"height\":450,\"caption\":\"3819.jpg\"},{\"@type\":\"BreadcrumbList\",\"@id\":\"https:\\\/\\\/www.editorialjuventud.es\\\/cabo-de-hornos-por-babor-9788426138194\\\/#breadcrumb\",\"itemListElement\":[{\"@type\":\"ListItem\",\"position\":1,\"name\":\"Portada\",\"item\":\"https:\\\/\\\/www.editorialjuventud.es\\\/\"},{\"@type\":\"ListItem\",\"position\":2,\"name\":\"cat\u00e1logo\",\"item\":\"https:\\\/\\\/www.editorialjuventud.es\\\/coleccion\\\/catalogo\\\/\"},{\"@type\":\"ListItem\",\"position\":3,\"name\":\"castellano\",\"item\":\"https:\\\/\\\/www.editorialjuventud.es\\\/coleccion\\\/castellano\\\/\"},{\"@type\":\"ListItem\",\"position\":4,\"name\":\"Lecturas En torno al Mar\",\"item\":\"https:\\\/\\\/www.editorialjuventud.es\\\/coleccion\\\/lecturas-en-torno-al-mar\\\/\"},{\"@type\":\"ListItem\",\"position\":5,\"name\":\"Viajes, Aventuras y Expediciones\",\"item\":\"https:\\\/\\\/www.editorialjuventud.es\\\/coleccion\\\/viajes-aventuras-y-expediciones-lecturas-en-torno-al-mar\\\/\"},{\"@type\":\"ListItem\",\"position\":6,\"name\":\"Cabo de Hornos por babor\"}]},{\"@type\":\"WebSite\",\"@id\":\"https:\\\/\\\/www.editorialjuventud.es\\\/#website\",\"url\":\"https:\\\/\\\/www.editorialjuventud.es\\\/\",\"name\":\"Editorial Juventud\",\"description\":\"\",\"potentialAction\":[{\"@type\":\"SearchAction\",\"target\":{\"@type\":\"EntryPoint\",\"urlTemplate\":\"https:\\\/\\\/www.editorialjuventud.es\\\/?s={search_term_string}\"},\"query-input\":{\"@type\":\"PropertyValueSpecification\",\"valueRequired\":true,\"valueName\":\"search_term_string\"}}],\"inLanguage\":\"ca\"}]}<\/script>\n<!-- \/ Yoast SEO plugin. -->","yoast_head_json":{"title":"Cabo de Hornos por babor - Editorial Juventud","description":"Esta es la historia de la participaci\u00f3n espa\u00f1ola en la Whitbread Round the World Race, lo que actualmente es la Volvo Ocean Race, una competici\u00f3n","robots":{"index":"index","follow":"follow","max-snippet":"max-snippet:-1","max-image-preview":"max-image-preview:large","max-video-preview":"max-video-preview:-1"},"canonical":"https:\/\/www.editorialjuventud.es\/cabo-de-hornos-por-babor-9788426138194\/","og_locale":"ca_ES","og_type":"article","og_title":"Cabo de Hornos por babor - Editorial Juventud","og_description":"Esta es la historia de la participaci\u00f3n espa\u00f1ola en la Whitbread Round the World Race, lo que actualmente es la Volvo Ocean Race, una competici\u00f3n","og_url":"https:\/\/www.editorialjuventud.es\/cabo-de-hornos-por-babor-9788426138194\/","og_site_name":"Editorial Juventud","article_modified_time":"2025-07-23T07:15:13+00:00","og_image":[{"width":309,"height":450,"url":"https:\/\/www.editorialjuventud.es\/wp-content\/uploads\/3819.jpg","type":"image\/jpeg"}],"twitter_card":"summary_large_image","twitter_misc":{"Temps estimat de lectura":"1 minut"},"schema":{"@context":"https:\/\/schema.org","@graph":[{"@type":"WebPage","@id":"https:\/\/www.editorialjuventud.es\/cabo-de-hornos-por-babor-9788426138194\/","url":"https:\/\/www.editorialjuventud.es\/cabo-de-hornos-por-babor-9788426138194\/","name":"Cabo de Hornos por babor - Editorial Juventud","isPartOf":{"@id":"https:\/\/www.editorialjuventud.es\/#website"},"primaryImageOfPage":{"@id":"https:\/\/www.editorialjuventud.es\/cabo-de-hornos-por-babor-9788426138194\/#primaryimage"},"image":{"@id":"https:\/\/www.editorialjuventud.es\/cabo-de-hornos-por-babor-9788426138194\/#primaryimage"},"thumbnailUrl":"https:\/\/www.editorialjuventud.es\/wp-content\/uploads\/3819.jpg","datePublished":"2018-08-24T09:14:15+00:00","dateModified":"2025-07-23T07:15:13+00:00","description":"Esta es la historia de la participaci\u00f3n espa\u00f1ola en la Whitbread Round the World Race, lo que actualmente es la Volvo Ocean Race, una competici\u00f3n","breadcrumb":{"@id":"https:\/\/www.editorialjuventud.es\/cabo-de-hornos-por-babor-9788426138194\/#breadcrumb"},"inLanguage":"ca","potentialAction":[{"@type":"ReadAction","target":["https:\/\/www.editorialjuventud.es\/cabo-de-hornos-por-babor-9788426138194\/"]}]},{"@type":"ImageObject","inLanguage":"ca","@id":"https:\/\/www.editorialjuventud.es\/cabo-de-hornos-por-babor-9788426138194\/#primaryimage","url":"https:\/\/www.editorialjuventud.es\/wp-content\/uploads\/3819.jpg","contentUrl":"https:\/\/www.editorialjuventud.es\/wp-content\/uploads\/3819.jpg","width":309,"height":450,"caption":"3819.jpg"},{"@type":"BreadcrumbList","@id":"https:\/\/www.editorialjuventud.es\/cabo-de-hornos-por-babor-9788426138194\/#breadcrumb","itemListElement":[{"@type":"ListItem","position":1,"name":"Portada","item":"https:\/\/www.editorialjuventud.es\/"},{"@type":"ListItem","position":2,"name":"cat\u00e1logo","item":"https:\/\/www.editorialjuventud.es\/coleccion\/catalogo\/"},{"@type":"ListItem","position":3,"name":"castellano","item":"https:\/\/www.editorialjuventud.es\/coleccion\/castellano\/"},{"@type":"ListItem","position":4,"name":"Lecturas En torno al Mar","item":"https:\/\/www.editorialjuventud.es\/coleccion\/lecturas-en-torno-al-mar\/"},{"@type":"ListItem","position":5,"name":"Viajes, Aventuras y Expediciones","item":"https:\/\/www.editorialjuventud.es\/coleccion\/viajes-aventuras-y-expediciones-lecturas-en-torno-al-mar\/"},{"@type":"ListItem","position":6,"name":"Cabo de Hornos por babor"}]},{"@type":"WebSite","@id":"https:\/\/www.editorialjuventud.es\/#website","url":"https:\/\/www.editorialjuventud.es\/","name":"Editorial Juventud","description":"","potentialAction":[{"@type":"SearchAction","target":{"@type":"EntryPoint","urlTemplate":"https:\/\/www.editorialjuventud.es\/?s={search_term_string}"},"query-input":{"@type":"PropertyValueSpecification","valueRequired":true,"valueName":"search_term_string"}}],"inLanguage":"ca"}]}},"_links":{"self":[{"href":"https:\/\/www.editorialjuventud.es\/ca\/wp-json\/wp\/v2\/product\/5721","targetHints":{"allow":["GET"]}}],"collection":[{"href":"https:\/\/www.editorialjuventud.es\/ca\/wp-json\/wp\/v2\/product"}],"about":[{"href":"https:\/\/www.editorialjuventud.es\/ca\/wp-json\/wp\/v2\/types\/product"}],"wp:featuredmedia":[{"embeddable":true,"href":"https:\/\/www.editorialjuventud.es\/ca\/wp-json\/wp\/v2\/media\/12107"}],"wp:attachment":[{"href":"https:\/\/www.editorialjuventud.es\/ca\/wp-json\/wp\/v2\/media?parent=5721"}],"wp:term":[{"taxonomy":"product_brand","embeddable":true,"href":"https:\/\/www.editorialjuventud.es\/ca\/wp-json\/wp\/v2\/product_brand?post=5721"},{"taxonomy":"product_cat","embeddable":true,"href":"https:\/\/www.editorialjuventud.es\/ca\/wp-json\/wp\/v2\/product_cat?post=5721"},{"taxonomy":"product_tag","embeddable":true,"href":"https:\/\/www.editorialjuventud.es\/ca\/wp-json\/wp\/v2\/product_tag?post=5721"},{"taxonomy":"coleccion","embeddable":true,"href":"https:\/\/www.editorialjuventud.es\/ca\/wp-json\/wp\/v2\/coleccion?post=5721"}],"curies":[{"name":"wp","href":"https:\/\/api.w.org\/{rel}","templated":true}]}}