{"id":5720,"date":"2018-08-24T11:14:11","date_gmt":"2018-08-24T09:14:11","guid":{"rendered":"http:\/\/www.editorialjuventud.es\/cola-papel-y-tijeras\/"},"modified":"2019-11-27T10:17:40","modified_gmt":"2019-11-27T09:17:40","slug":"cola-papel-y-tijeras-9788426138187","status":"publish","type":"product","link":"https:\/\/www.editorialjuventud.es\/ca\/cola-papel-y-tijeras-9788426138187\/","title":{"rendered":"Cola, papel y tijeras"},"content":{"rendered":"<p>A los ni\u00f1os les encantan las manualidades y las que m\u00e1s \u00e9xito tiene son las de papel. Cola, Papel y Tijeras se divide en cuatro secciones llenas de color y diversi\u00f3n, y contiene cuarenta y cinco trabajos manuales hechos en papel, todos muy originales. Para que tus chicos corten, plieguen y peguen con cola, papel y tijeras.<\/p>\n","protected":false},"excerpt":{"rendered":"A los ni\u00f1os les encantan las manualidades y las que m\u00e1s \u00e9xito tiene son las de papel. Cola, Papel y Tijeras se divide en cuatro secciones llenas de color y diversi\u00f3n, y contiene cuarenta y cinco trabajos manuales hechos en [&hellip;]","protected":false},"featured_media":12131,"template":"","meta":{"_acf_changed":false,"_exactmetrics_skip_tracking":false,"_exactmetrics_sitenote_active":false,"_exactmetrics_sitenote_note":"","_exactmetrics_sitenote_category":0},"product_brand":[],"product_cat":[900,1140,892,1115,1192,1126,1128],"product_tag":[],"coleccion":[916,940],"class_list":{"0":"post-5720","1":"product","2":"type-product","3":"status-publish","4":"has-post-thumbnail","6":"product_cat-a-partir-de-5-anos","7":"product_cat-arte-y-creatividad","8":"product_cat-edades","9":"product_cat-generos","10":"product_cat-manualidades-tematica","11":"product_cat-manualidades","12":"product_cat-tematica","13":"coleccion-castellano","14":"coleccion-manos-creativas","16":"first","17":"instock","18":"taxable","19":"shipping-taxable","20":"purchasable","21":"product-type-simple"},"acf":{"autor":"WORAN, CATHERINE","codart":"3818","ediciones":"2","encuadernacion":"R\u00fastica","fecha_de_publicacion":"01\/05\/2013","novedad":"0","paginas":"128","subtitulo":"","texto_web_adicional":"","texto_web_novedad":"","orden":"999","portada":"0","texto_web_resaltado":"","indice":"","autores-libros":[16691],"ilustradores-libros":"","traductores-libros":"","fecha_de_reimpresion":"","descripcion_corta":"","recomendamos":"","mas_vendido":"","idioma-libro":"","color":false,"formato":"","mas_informacion_del_producto":false,"premios":false,"texto_enlace_cubierta":"","enlace_cubierta":false,"texto_enlace_ficha_tecnica":"","enlace_ficha_tecnica":false,"ficheros":false,"titulo-fr":"","texto-fr":""},"yoast_head":"<!-- This site is optimized with the Yoast SEO plugin v27.3 - https:\/\/yoast.com\/product\/yoast-seo-wordpress\/ -->\n<title>Cola, papel y tijeras - Editorial Juventud<\/title>\n<meta name=\"description\" content=\"A los ni\u00f1os les encantan las manualidades y las que m\u00e1s \u00e9xito tiene son las de papel. Cola, Papel y Tijeras se divide en cuatro secciones llenas de color\" \/>\n<meta name=\"robots\" content=\"index, follow, max-snippet:-1, max-image-preview:large, max-video-preview:-1\" \/>\n<link rel=\"canonical\" href=\"https:\/\/www.editorialjuventud.es\/cola-papel-y-tijeras-9788426138187\/\" \/>\n<meta property=\"og:locale\" content=\"ca_ES\" \/>\n<meta property=\"og:type\" content=\"article\" \/>\n<meta property=\"og:title\" content=\"Cola, papel y tijeras - Editorial Juventud\" \/>\n<meta property=\"og:description\" content=\"A los ni\u00f1os les encantan las manualidades y las que m\u00e1s \u00e9xito tiene son las de papel. Cola, Papel y Tijeras se divide en cuatro secciones llenas de color\" \/>\n<meta property=\"og:url\" content=\"https:\/\/www.editorialjuventud.es\/cola-papel-y-tijeras-9788426138187\/\" \/>\n<meta property=\"og:site_name\" content=\"Editorial Juventud\" \/>\n<meta property=\"article:modified_time\" content=\"2019-11-27T09:17:40+00:00\" \/>\n<meta property=\"og:image\" content=\"https:\/\/www.editorialjuventud.es\/wp-content\/uploads\/3818.jpg\" \/>\n\t<meta property=\"og:image:width\" content=\"434\" \/>\n\t<meta property=\"og:image:height\" content=\"450\" \/>\n\t<meta property=\"og:image:type\" content=\"image\/jpeg\" \/>\n<meta name=\"twitter:card\" content=\"summary_large_image\" \/>\n<script type=\"application\/ld+json\" class=\"yoast-schema-graph\">{\"@context\":\"https:\\\/\\\/schema.org\",\"@graph\":[{\"@type\":\"WebPage\",\"@id\":\"https:\\\/\\\/www.editorialjuventud.es\\\/cola-papel-y-tijeras-9788426138187\\\/\",\"url\":\"https:\\\/\\\/www.editorialjuventud.es\\\/cola-papel-y-tijeras-9788426138187\\\/\",\"name\":\"Cola, papel y tijeras - Editorial Juventud\",\"isPartOf\":{\"@id\":\"https:\\\/\\\/www.editorialjuventud.es\\\/#website\"},\"primaryImageOfPage\":{\"@id\":\"https:\\\/\\\/www.editorialjuventud.es\\\/cola-papel-y-tijeras-9788426138187\\\/#primaryimage\"},\"image\":{\"@id\":\"https:\\\/\\\/www.editorialjuventud.es\\\/cola-papel-y-tijeras-9788426138187\\\/#primaryimage\"},\"thumbnailUrl\":\"https:\\\/\\\/www.editorialjuventud.es\\\/wp-content\\\/uploads\\\/3818.jpg\",\"datePublished\":\"2018-08-24T09:14:11+00:00\",\"dateModified\":\"2019-11-27T09:17:40+00:00\",\"description\":\"A los ni\u00f1os les encantan las manualidades y las que m\u00e1s \u00e9xito tiene son las de papel. Cola, Papel y Tijeras se divide en cuatro secciones llenas de color\",\"breadcrumb\":{\"@id\":\"https:\\\/\\\/www.editorialjuventud.es\\\/cola-papel-y-tijeras-9788426138187\\\/#breadcrumb\"},\"inLanguage\":\"ca\",\"potentialAction\":[{\"@type\":\"ReadAction\",\"target\":[\"https:\\\/\\\/www.editorialjuventud.es\\\/cola-papel-y-tijeras-9788426138187\\\/\"]}]},{\"@type\":\"ImageObject\",\"inLanguage\":\"ca\",\"@id\":\"https:\\\/\\\/www.editorialjuventud.es\\\/cola-papel-y-tijeras-9788426138187\\\/#primaryimage\",\"url\":\"https:\\\/\\\/www.editorialjuventud.es\\\/wp-content\\\/uploads\\\/3818.jpg\",\"contentUrl\":\"https:\\\/\\\/www.editorialjuventud.es\\\/wp-content\\\/uploads\\\/3818.jpg\",\"width\":434,\"height\":450,\"caption\":\"3818.jpg\"},{\"@type\":\"BreadcrumbList\",\"@id\":\"https:\\\/\\\/www.editorialjuventud.es\\\/cola-papel-y-tijeras-9788426138187\\\/#breadcrumb\",\"itemListElement\":[{\"@type\":\"ListItem\",\"position\":1,\"name\":\"Portada\",\"item\":\"https:\\\/\\\/www.editorialjuventud.es\\\/\"},{\"@type\":\"ListItem\",\"position\":2,\"name\":\"cat\u00e1logo\",\"item\":\"https:\\\/\\\/www.editorialjuventud.es\\\/coleccion\\\/catalogo\\\/\"},{\"@type\":\"ListItem\",\"position\":3,\"name\":\"castellano\",\"item\":\"https:\\\/\\\/www.editorialjuventud.es\\\/coleccion\\\/castellano\\\/\"},{\"@type\":\"ListItem\",\"position\":4,\"name\":\"Cola, papel y tijeras\"}]},{\"@type\":\"WebSite\",\"@id\":\"https:\\\/\\\/www.editorialjuventud.es\\\/#website\",\"url\":\"https:\\\/\\\/www.editorialjuventud.es\\\/\",\"name\":\"Editorial Juventud\",\"description\":\"\",\"potentialAction\":[{\"@type\":\"SearchAction\",\"target\":{\"@type\":\"EntryPoint\",\"urlTemplate\":\"https:\\\/\\\/www.editorialjuventud.es\\\/?s={search_term_string}\"},\"query-input\":{\"@type\":\"PropertyValueSpecification\",\"valueRequired\":true,\"valueName\":\"search_term_string\"}}],\"inLanguage\":\"ca\"}]}<\/script>\n<!-- \/ Yoast SEO plugin. -->","yoast_head_json":{"title":"Cola, papel y tijeras - Editorial Juventud","description":"A los ni\u00f1os les encantan las manualidades y las que m\u00e1s \u00e9xito tiene son las de papel. Cola, Papel y Tijeras se divide en cuatro secciones llenas de color","robots":{"index":"index","follow":"follow","max-snippet":"max-snippet:-1","max-image-preview":"max-image-preview:large","max-video-preview":"max-video-preview:-1"},"canonical":"https:\/\/www.editorialjuventud.es\/cola-papel-y-tijeras-9788426138187\/","og_locale":"ca_ES","og_type":"article","og_title":"Cola, papel y tijeras - Editorial Juventud","og_description":"A los ni\u00f1os les encantan las manualidades y las que m\u00e1s \u00e9xito tiene son las de papel. Cola, Papel y Tijeras se divide en cuatro secciones llenas de color","og_url":"https:\/\/www.editorialjuventud.es\/cola-papel-y-tijeras-9788426138187\/","og_site_name":"Editorial Juventud","article_modified_time":"2019-11-27T09:17:40+00:00","og_image":[{"width":434,"height":450,"url":"https:\/\/www.editorialjuventud.es\/wp-content\/uploads\/3818.jpg","type":"image\/jpeg"}],"twitter_card":"summary_large_image","schema":{"@context":"https:\/\/schema.org","@graph":[{"@type":"WebPage","@id":"https:\/\/www.editorialjuventud.es\/cola-papel-y-tijeras-9788426138187\/","url":"https:\/\/www.editorialjuventud.es\/cola-papel-y-tijeras-9788426138187\/","name":"Cola, papel y tijeras - Editorial Juventud","isPartOf":{"@id":"https:\/\/www.editorialjuventud.es\/#website"},"primaryImageOfPage":{"@id":"https:\/\/www.editorialjuventud.es\/cola-papel-y-tijeras-9788426138187\/#primaryimage"},"image":{"@id":"https:\/\/www.editorialjuventud.es\/cola-papel-y-tijeras-9788426138187\/#primaryimage"},"thumbnailUrl":"https:\/\/www.editorialjuventud.es\/wp-content\/uploads\/3818.jpg","datePublished":"2018-08-24T09:14:11+00:00","dateModified":"2019-11-27T09:17:40+00:00","description":"A los ni\u00f1os les encantan las manualidades y las que m\u00e1s \u00e9xito tiene son las de papel. Cola, Papel y Tijeras se divide en cuatro secciones llenas de color","breadcrumb":{"@id":"https:\/\/www.editorialjuventud.es\/cola-papel-y-tijeras-9788426138187\/#breadcrumb"},"inLanguage":"ca","potentialAction":[{"@type":"ReadAction","target":["https:\/\/www.editorialjuventud.es\/cola-papel-y-tijeras-9788426138187\/"]}]},{"@type":"ImageObject","inLanguage":"ca","@id":"https:\/\/www.editorialjuventud.es\/cola-papel-y-tijeras-9788426138187\/#primaryimage","url":"https:\/\/www.editorialjuventud.es\/wp-content\/uploads\/3818.jpg","contentUrl":"https:\/\/www.editorialjuventud.es\/wp-content\/uploads\/3818.jpg","width":434,"height":450,"caption":"3818.jpg"},{"@type":"BreadcrumbList","@id":"https:\/\/www.editorialjuventud.es\/cola-papel-y-tijeras-9788426138187\/#breadcrumb","itemListElement":[{"@type":"ListItem","position":1,"name":"Portada","item":"https:\/\/www.editorialjuventud.es\/"},{"@type":"ListItem","position":2,"name":"cat\u00e1logo","item":"https:\/\/www.editorialjuventud.es\/coleccion\/catalogo\/"},{"@type":"ListItem","position":3,"name":"castellano","item":"https:\/\/www.editorialjuventud.es\/coleccion\/castellano\/"},{"@type":"ListItem","position":4,"name":"Cola, papel y tijeras"}]},{"@type":"WebSite","@id":"https:\/\/www.editorialjuventud.es\/#website","url":"https:\/\/www.editorialjuventud.es\/","name":"Editorial Juventud","description":"","potentialAction":[{"@type":"SearchAction","target":{"@type":"EntryPoint","urlTemplate":"https:\/\/www.editorialjuventud.es\/?s={search_term_string}"},"query-input":{"@type":"PropertyValueSpecification","valueRequired":true,"valueName":"search_term_string"}}],"inLanguage":"ca"}]}},"_links":{"self":[{"href":"https:\/\/www.editorialjuventud.es\/ca\/wp-json\/wp\/v2\/product\/5720","targetHints":{"allow":["GET"]}}],"collection":[{"href":"https:\/\/www.editorialjuventud.es\/ca\/wp-json\/wp\/v2\/product"}],"about":[{"href":"https:\/\/www.editorialjuventud.es\/ca\/wp-json\/wp\/v2\/types\/product"}],"wp:featuredmedia":[{"embeddable":true,"href":"https:\/\/www.editorialjuventud.es\/ca\/wp-json\/wp\/v2\/media\/12131"}],"wp:attachment":[{"href":"https:\/\/www.editorialjuventud.es\/ca\/wp-json\/wp\/v2\/media?parent=5720"}],"wp:term":[{"taxonomy":"product_brand","embeddable":true,"href":"https:\/\/www.editorialjuventud.es\/ca\/wp-json\/wp\/v2\/product_brand?post=5720"},{"taxonomy":"product_cat","embeddable":true,"href":"https:\/\/www.editorialjuventud.es\/ca\/wp-json\/wp\/v2\/product_cat?post=5720"},{"taxonomy":"product_tag","embeddable":true,"href":"https:\/\/www.editorialjuventud.es\/ca\/wp-json\/wp\/v2\/product_tag?post=5720"},{"taxonomy":"coleccion","embeddable":true,"href":"https:\/\/www.editorialjuventud.es\/ca\/wp-json\/wp\/v2\/coleccion?post=5720"}],"curies":[{"name":"wp","href":"https:\/\/api.w.org\/{rel}","templated":true}]}}