{"id":5717,"date":"2018-08-24T13:13:59","date_gmt":"2018-08-24T09:13:59","guid":{"rendered":"http:\/\/www.editorialjuventud.es\/abecedario-magico\/"},"modified":"2026-04-08T12:05:09","modified_gmt":"2026-04-08T10:05:09","slug":"abecedario-magico-9788426138156","status":"publish","type":"product","link":"https:\/\/www.editorialjuventud.es\/ca\/abecedario-magico-9788426138156\/","title":{"rendered":"Abecedario m\u00e1gico"},"content":{"rendered":"<p>Un libro \u00fanico para ni\u00f1os hasta los 100 a\u00f1os, lleno de hadas, enanitos, monstruos, brujas, princesas y dragones. Un reino encantado lleno de canciones, relatos divertidos, juegos, recetas m\u00e1gicas, adivinanzas&#8230; Un trampol\u00edn para zambullirse en el mundo m\u00e1gico imaginario.<\/p>\n","protected":false},"excerpt":{"rendered":"Un libro \u00fanico para ni\u00f1os hasta los 100 a\u00f1os, lleno de hadas, enanitos, monstruos, brujas, princesas y dragones. Un reino encantado lleno de canciones, relatos divertidos, juegos, recetas m\u00e1gicas, adivinanzas&#8230; Un trampol\u00edn para zambullirse en el mundo m\u00e1gico imaginario.","protected":false},"featured_media":11967,"template":"","meta":{"_acf_changed":false,"_exactmetrics_skip_tracking":false,"_exactmetrics_sitenote_active":false,"_exactmetrics_sitenote_note":"","_exactmetrics_sitenote_category":0},"product_brand":[],"product_cat":[902,1232,1121,1291,1198],"product_tag":[],"coleccion":[985,916],"class_list":{"0":"post-5717","1":"product","2":"type-product","3":"status-publish","4":"has-post-thumbnail","6":"product_cat-a-partir-de-7-anos","7":"product_cat-abecedario","8":"product_cat-albumes-ilustrados","9":"product_cat-libro-juego","10":"product_cat-monstruos","11":"coleccion-aprendiendo-a-leer","12":"coleccion-castellano","14":"first","15":"outofstock","16":"taxable","17":"shipping-taxable","18":"purchasable","19":"product-type-simple"},"acf":{"autor":"Dub\u00e9, Pierrette","codart":"3815","ediciones":"1","encuadernacion":"Carton\u00e9","fecha_de_publicacion":"07\/03\/2011","novedad":"0","paginas":"64","subtitulo":"","texto_web_adicional":"","texto_web_novedad":"","orden":"999","portada":"0","texto_web_resaltado":"","autores-libros":[16322],"ilustradores-libros":[17509,17934],"traductores-libros":[58414]},"yoast_head":"<!-- This site is optimized with the Yoast SEO plugin v27.5 - https:\/\/yoast.com\/product\/yoast-seo-wordpress\/ -->\n<title>Abecedario m\u00e1gico - Editorial Juventud<\/title>\n<meta name=\"description\" content=\"Un libro \u00fanico para ni\u00f1os hasta los 100 a\u00f1os, lleno de hadas, enanitos, monstruos, brujas, princesas y dragones. Un reino encantado lleno de canciones,\" \/>\n<meta name=\"robots\" content=\"index, follow, max-snippet:-1, max-image-preview:large, max-video-preview:-1\" \/>\n<link rel=\"canonical\" href=\"https:\/\/www.editorialjuventud.es\/abecedario-magico-9788426138156\/\" \/>\n<meta property=\"og:locale\" content=\"ca_ES\" \/>\n<meta property=\"og:type\" content=\"article\" \/>\n<meta property=\"og:title\" content=\"Abecedario m\u00e1gico - Editorial Juventud\" \/>\n<meta property=\"og:description\" content=\"Un libro \u00fanico para ni\u00f1os hasta los 100 a\u00f1os, lleno de hadas, enanitos, monstruos, brujas, princesas y dragones. Un reino encantado lleno de canciones,\" \/>\n<meta property=\"og:url\" content=\"https:\/\/www.editorialjuventud.es\/abecedario-magico-9788426138156\/\" \/>\n<meta property=\"og:site_name\" content=\"Editorial Juventud\" \/>\n<meta property=\"article:modified_time\" content=\"2026-04-08T10:05:09+00:00\" \/>\n<meta property=\"og:image\" content=\"https:\/\/www.editorialjuventud.es\/wp-content\/uploads\/3815.jpg\" \/>\n\t<meta property=\"og:image:width\" content=\"369\" \/>\n\t<meta property=\"og:image:height\" content=\"450\" \/>\n\t<meta property=\"og:image:type\" content=\"image\/jpeg\" \/>\n<meta name=\"twitter:card\" content=\"summary_large_image\" \/>\n<script type=\"application\/ld+json\" class=\"yoast-schema-graph\">{\"@context\":\"https:\\\/\\\/schema.org\",\"@graph\":[{\"@type\":\"WebPage\",\"@id\":\"https:\\\/\\\/www.editorialjuventud.es\\\/abecedario-magico-9788426138156\\\/\",\"url\":\"https:\\\/\\\/www.editorialjuventud.es\\\/abecedario-magico-9788426138156\\\/\",\"name\":\"Abecedario m\u00e1gico - Editorial Juventud\",\"isPartOf\":{\"@id\":\"https:\\\/\\\/www.editorialjuventud.es\\\/#website\"},\"primaryImageOfPage\":{\"@id\":\"https:\\\/\\\/www.editorialjuventud.es\\\/abecedario-magico-9788426138156\\\/#primaryimage\"},\"image\":{\"@id\":\"https:\\\/\\\/www.editorialjuventud.es\\\/abecedario-magico-9788426138156\\\/#primaryimage\"},\"thumbnailUrl\":\"https:\\\/\\\/www.editorialjuventud.es\\\/wp-content\\\/uploads\\\/3815.jpg\",\"datePublished\":\"2018-08-24T09:13:59+00:00\",\"dateModified\":\"2026-04-08T10:05:09+00:00\",\"description\":\"Un libro \u00fanico para ni\u00f1os hasta los 100 a\u00f1os, lleno de hadas, enanitos, monstruos, brujas, princesas y dragones. Un reino encantado lleno de canciones,\",\"breadcrumb\":{\"@id\":\"https:\\\/\\\/www.editorialjuventud.es\\\/abecedario-magico-9788426138156\\\/#breadcrumb\"},\"inLanguage\":\"ca\",\"potentialAction\":[{\"@type\":\"ReadAction\",\"target\":[\"https:\\\/\\\/www.editorialjuventud.es\\\/abecedario-magico-9788426138156\\\/\"]}]},{\"@type\":\"ImageObject\",\"inLanguage\":\"ca\",\"@id\":\"https:\\\/\\\/www.editorialjuventud.es\\\/abecedario-magico-9788426138156\\\/#primaryimage\",\"url\":\"https:\\\/\\\/www.editorialjuventud.es\\\/wp-content\\\/uploads\\\/3815.jpg\",\"contentUrl\":\"https:\\\/\\\/www.editorialjuventud.es\\\/wp-content\\\/uploads\\\/3815.jpg\",\"width\":369,\"height\":450,\"caption\":\"3815.jpg\"},{\"@type\":\"BreadcrumbList\",\"@id\":\"https:\\\/\\\/www.editorialjuventud.es\\\/abecedario-magico-9788426138156\\\/#breadcrumb\",\"itemListElement\":[{\"@type\":\"ListItem\",\"position\":1,\"name\":\"Portada\",\"item\":\"https:\\\/\\\/www.editorialjuventud.es\\\/\"},{\"@type\":\"ListItem\",\"position\":2,\"name\":\"cat\u00e1logo\",\"item\":\"https:\\\/\\\/www.editorialjuventud.es\\\/coleccion\\\/catalogo\\\/\"},{\"@type\":\"ListItem\",\"position\":3,\"name\":\"castellano\",\"item\":\"https:\\\/\\\/www.editorialjuventud.es\\\/coleccion\\\/castellano\\\/\"},{\"@type\":\"ListItem\",\"position\":4,\"name\":\"\u00c1lbumes Ilustrados\",\"item\":\"https:\\\/\\\/www.editorialjuventud.es\\\/coleccion\\\/albumes-ilustrados\\\/\"},{\"@type\":\"ListItem\",\"position\":5,\"name\":\"Aprendiendo a Leer\",\"item\":\"https:\\\/\\\/www.editorialjuventud.es\\\/coleccion\\\/aprendiendo-a-leer\\\/\"},{\"@type\":\"ListItem\",\"position\":6,\"name\":\"Abecedario m\u00e1gico\"}]},{\"@type\":\"WebSite\",\"@id\":\"https:\\\/\\\/www.editorialjuventud.es\\\/#website\",\"url\":\"https:\\\/\\\/www.editorialjuventud.es\\\/\",\"name\":\"Editorial Juventud\",\"description\":\"\",\"potentialAction\":[{\"@type\":\"SearchAction\",\"target\":{\"@type\":\"EntryPoint\",\"urlTemplate\":\"https:\\\/\\\/www.editorialjuventud.es\\\/?s={search_term_string}\"},\"query-input\":{\"@type\":\"PropertyValueSpecification\",\"valueRequired\":true,\"valueName\":\"search_term_string\"}}],\"inLanguage\":\"ca\"}]}<\/script>\n<!-- \/ Yoast SEO plugin. -->","yoast_head_json":{"title":"Abecedario m\u00e1gico - Editorial Juventud","description":"Un libro \u00fanico para ni\u00f1os hasta los 100 a\u00f1os, lleno de hadas, enanitos, monstruos, brujas, princesas y dragones. Un reino encantado lleno de canciones,","robots":{"index":"index","follow":"follow","max-snippet":"max-snippet:-1","max-image-preview":"max-image-preview:large","max-video-preview":"max-video-preview:-1"},"canonical":"https:\/\/www.editorialjuventud.es\/abecedario-magico-9788426138156\/","og_locale":"ca_ES","og_type":"article","og_title":"Abecedario m\u00e1gico - Editorial Juventud","og_description":"Un libro \u00fanico para ni\u00f1os hasta los 100 a\u00f1os, lleno de hadas, enanitos, monstruos, brujas, princesas y dragones. Un reino encantado lleno de canciones,","og_url":"https:\/\/www.editorialjuventud.es\/abecedario-magico-9788426138156\/","og_site_name":"Editorial Juventud","article_modified_time":"2026-04-08T10:05:09+00:00","og_image":[{"width":369,"height":450,"url":"https:\/\/www.editorialjuventud.es\/wp-content\/uploads\/3815.jpg","type":"image\/jpeg"}],"twitter_card":"summary_large_image","schema":{"@context":"https:\/\/schema.org","@graph":[{"@type":"WebPage","@id":"https:\/\/www.editorialjuventud.es\/abecedario-magico-9788426138156\/","url":"https:\/\/www.editorialjuventud.es\/abecedario-magico-9788426138156\/","name":"Abecedario m\u00e1gico - Editorial Juventud","isPartOf":{"@id":"https:\/\/www.editorialjuventud.es\/#website"},"primaryImageOfPage":{"@id":"https:\/\/www.editorialjuventud.es\/abecedario-magico-9788426138156\/#primaryimage"},"image":{"@id":"https:\/\/www.editorialjuventud.es\/abecedario-magico-9788426138156\/#primaryimage"},"thumbnailUrl":"https:\/\/www.editorialjuventud.es\/wp-content\/uploads\/3815.jpg","datePublished":"2018-08-24T09:13:59+00:00","dateModified":"2026-04-08T10:05:09+00:00","description":"Un libro \u00fanico para ni\u00f1os hasta los 100 a\u00f1os, lleno de hadas, enanitos, monstruos, brujas, princesas y dragones. Un reino encantado lleno de canciones,","breadcrumb":{"@id":"https:\/\/www.editorialjuventud.es\/abecedario-magico-9788426138156\/#breadcrumb"},"inLanguage":"ca","potentialAction":[{"@type":"ReadAction","target":["https:\/\/www.editorialjuventud.es\/abecedario-magico-9788426138156\/"]}]},{"@type":"ImageObject","inLanguage":"ca","@id":"https:\/\/www.editorialjuventud.es\/abecedario-magico-9788426138156\/#primaryimage","url":"https:\/\/www.editorialjuventud.es\/wp-content\/uploads\/3815.jpg","contentUrl":"https:\/\/www.editorialjuventud.es\/wp-content\/uploads\/3815.jpg","width":369,"height":450,"caption":"3815.jpg"},{"@type":"BreadcrumbList","@id":"https:\/\/www.editorialjuventud.es\/abecedario-magico-9788426138156\/#breadcrumb","itemListElement":[{"@type":"ListItem","position":1,"name":"Portada","item":"https:\/\/www.editorialjuventud.es\/"},{"@type":"ListItem","position":2,"name":"cat\u00e1logo","item":"https:\/\/www.editorialjuventud.es\/coleccion\/catalogo\/"},{"@type":"ListItem","position":3,"name":"castellano","item":"https:\/\/www.editorialjuventud.es\/coleccion\/castellano\/"},{"@type":"ListItem","position":4,"name":"\u00c1lbumes Ilustrados","item":"https:\/\/www.editorialjuventud.es\/coleccion\/albumes-ilustrados\/"},{"@type":"ListItem","position":5,"name":"Aprendiendo a Leer","item":"https:\/\/www.editorialjuventud.es\/coleccion\/aprendiendo-a-leer\/"},{"@type":"ListItem","position":6,"name":"Abecedario m\u00e1gico"}]},{"@type":"WebSite","@id":"https:\/\/www.editorialjuventud.es\/#website","url":"https:\/\/www.editorialjuventud.es\/","name":"Editorial Juventud","description":"","potentialAction":[{"@type":"SearchAction","target":{"@type":"EntryPoint","urlTemplate":"https:\/\/www.editorialjuventud.es\/?s={search_term_string}"},"query-input":{"@type":"PropertyValueSpecification","valueRequired":true,"valueName":"search_term_string"}}],"inLanguage":"ca"}]}},"_links":{"self":[{"href":"https:\/\/www.editorialjuventud.es\/ca\/wp-json\/wp\/v2\/product\/5717","targetHints":{"allow":["GET"]}}],"collection":[{"href":"https:\/\/www.editorialjuventud.es\/ca\/wp-json\/wp\/v2\/product"}],"about":[{"href":"https:\/\/www.editorialjuventud.es\/ca\/wp-json\/wp\/v2\/types\/product"}],"wp:featuredmedia":[{"embeddable":true,"href":"https:\/\/www.editorialjuventud.es\/ca\/wp-json\/wp\/v2\/media\/11967"}],"wp:attachment":[{"href":"https:\/\/www.editorialjuventud.es\/ca\/wp-json\/wp\/v2\/media?parent=5717"}],"wp:term":[{"taxonomy":"product_brand","embeddable":true,"href":"https:\/\/www.editorialjuventud.es\/ca\/wp-json\/wp\/v2\/product_brand?post=5717"},{"taxonomy":"product_cat","embeddable":true,"href":"https:\/\/www.editorialjuventud.es\/ca\/wp-json\/wp\/v2\/product_cat?post=5717"},{"taxonomy":"product_tag","embeddable":true,"href":"https:\/\/www.editorialjuventud.es\/ca\/wp-json\/wp\/v2\/product_tag?post=5717"},{"taxonomy":"coleccion","embeddable":true,"href":"https:\/\/www.editorialjuventud.es\/ca\/wp-json\/wp\/v2\/coleccion?post=5717"}],"curies":[{"name":"wp","href":"https:\/\/api.w.org\/{rel}","templated":true}]}}