{"id":5715,"date":"2018-08-24T13:13:48","date_gmt":"2018-08-24T09:13:48","guid":{"rendered":"http:\/\/www.editorialjuventud.es\/cuentos-y-leyendas-de-la-geografia-espanola\/"},"modified":"2023-07-04T13:28:47","modified_gmt":"2023-07-04T11:28:47","slug":"cuentos-y-leyendas-de-la-geografia-espanola-9788426138132","status":"publish","type":"product","link":"https:\/\/www.editorialjuventud.es\/ca\/cuentos-y-leyendas-de-la-geografia-espanola-9788426138132\/","title":{"rendered":"Cuentos y leyendas de la geograf\u00eda espa\u00f1ola"},"content":{"rendered":"<p>Una selecci\u00f3n de los cuentos y leyendas m\u00e1s populares de nuestro folklore. Esta recopilaci\u00f3n, organizada por regiones, re\u00fane los relatos m\u00e1s emblem\u00e1ticos, y otros no tan conocidos, de la tradici\u00f3n oral y escrita de la geograf\u00eda espa\u00f1ola, que han pasado generaci\u00f3n tras generaci\u00f3n y que se recogen en este libro con la intenci\u00f3n de no dejar caer en el olvido este magn\u00edfico patrimonio cultural. Entre ellos se encuentran: <em>Los amantes de Teruel,<\/em> <em>Sa font des Quer<\/em>, <em>El \u00faltimo mencey<\/em>, <em>El urogallo ilusionista<\/em>, <em>El Lago de Sanabria<\/em>, <em>San Jorge y el drag\u00f3n<\/em>, <em>Olentzero<\/em> o <em>La princesa Guiomar<\/em>, cada uno de ellos narrado tras una breve introducci\u00f3n. Contiene, adem\u00e1s, bibliograf\u00eda relacionada. Las sugerentes ilustraciones complementan esta cuidada edici\u00f3n que nos muestra las particularidades y la propia identidad de cada uno de los lugares, constituyendo un bello y colorido mosaico multicultural.<\/p>\n","protected":false},"excerpt":{"rendered":"Una selecci\u00f3n de los cuentos y leyendas m\u00e1s populares de nuestro folklore. Esta recopilaci\u00f3n, organizada por regiones, re\u00fane los relatos m\u00e1s emblem\u00e1ticos, y otros no tan conocidos, de la tradici\u00f3n oral y escrita de la geograf\u00eda espa\u00f1ola, que han pasado [&hellip;]","protected":false},"featured_media":16952,"template":"","meta":{"_acf_changed":false,"_exactmetrics_skip_tracking":false,"_exactmetrics_sitenote_active":false,"_exactmetrics_sitenote_note":"","_exactmetrics_sitenote_category":0},"product_brand":[],"product_cat":[896,892,1115,1178,1289,1119,1128,908],"product_tag":[],"coleccion":[916,931],"class_list":{"0":"post-5715","1":"product","2":"type-product","3":"status-publish","4":"has-post-thumbnail","6":"product_cat-a-partir-de-12-anos","7":"product_cat-edades","8":"product_cat-generos","9":"product_cat-geografia","10":"product_cat-leyendas-cuentos-tradicionales","11":"product_cat-narrativa-juvenil","12":"product_cat-tematica","13":"product_cat-todas-las-edades","14":"coleccion-castellano","15":"coleccion-cuentos-universales","17":"first","18":"instock","19":"taxable","20":"shipping-taxable","21":"purchasable","22":"product-type-simple"},"acf":{"autor":"CALLEJA, SEVE- ALLEN, RAUL","codart":"3813","ediciones":"1","encuadernacion":"Geltex","fecha_de_publicacion":"01\/11\/2010","novedad":"0","paginas":"312","subtitulo":"","texto_web_adicional":"","texto_web_novedad":"","orden":"999","portada":"0","texto_web_resaltado":"","indice":"","autores-libros":[16260],"ilustradores-libros":[17342],"traductores-libros":"","descripcion_corta":"","recomendamos":"","mas_vendido":"","color":false,"formato":"","mas_informacion_del_producto":false,"premios":false,"texto_enlace_cubierta":"","enlace_cubierta":false,"texto_enlace_ficha_tecnica":"","enlace_ficha_tecnica":false,"ficheros":false,"titulo-fr":"Spanish Folktales And Legends","texto-fr":"<p><img loading=\"lazy\" decoding=\"async\" class=\"aligncenter size-full wp-image-24769\" src=\"http:\/\/www.editorialjuventud.es\/wp-content\/uploads\/12.png\" alt=\"\" width=\"43\" height=\"43\" \/><\/p>\n<p>This volume collects the most symbolic folktales and legends of Spanish oral and written tradition which will make the reader travel along all the different regions and cultures of the country.<\/p>\n<hr \/>\n<p><img loading=\"lazy\" decoding=\"async\" class=\"alignnone size-full wp-image-19196\" src=\"http:\/\/www.editorialjuventud.es\/wp-content\/uploads\/Ra\u00fal-All\u00e9n-1.jpg\" alt=\"\" width=\"181\" height=\"147\" \/><\/p>\n<h2><strong>Ra\u00fal All\u00e9n<\/strong><\/h2>\n<h6><\/h6>\n<p>He is graduated from Fine Arts in Salamanca, later on he moved to Boston to study Illustration and Design. He illustrates projects for publishing houses and advertisment. His work has been selected and awarded by the Society of Illustrators of NY 49th Annual Exhibition, Illustration West 43 and 3\u00d73 Magazine of Contemporary Illustration between others.<\/p>\n<hr \/>\n<h5><span style=\"color: #008ca9;\"><strong>\u203a\u00a0<\/strong><span style=\"text-decoration: underline;\"><a href=\"http:\/\/www.editorialjuventud.es\/wp-content\/uploads\/Ficha-FR-Spanish-Folktales-and-legends.pdf\" target=\"_blank\" rel=\"noopener\">Fact Sheet<\/a><\/span><\/span><\/h5>\n","idioma-libro":""},"yoast_head":"<!-- This site is optimized with the Yoast SEO plugin v27.3 - https:\/\/yoast.com\/product\/yoast-seo-wordpress\/ -->\n<title>Cuentos y leyendas de la geograf\u00eda espa\u00f1ola - Editorial Juventud<\/title>\n<meta name=\"description\" content=\"Una selecci\u00f3n de los cuentos y leyendas m\u00e1s populares de nuestro folklore. Esta recopilaci\u00f3n, organizada por regiones, re\u00fane los relatos m\u00e1s emblem\u00e1ticos,\" \/>\n<meta name=\"robots\" content=\"index, follow, max-snippet:-1, max-image-preview:large, max-video-preview:-1\" \/>\n<link rel=\"canonical\" href=\"https:\/\/www.editorialjuventud.es\/cuentos-y-leyendas-de-la-geografia-espanola-9788426138132\/\" \/>\n<meta property=\"og:locale\" content=\"ca_ES\" \/>\n<meta property=\"og:type\" content=\"article\" \/>\n<meta property=\"og:title\" content=\"Cuentos y leyendas de la geograf\u00eda espa\u00f1ola - Editorial Juventud\" \/>\n<meta property=\"og:description\" content=\"Una selecci\u00f3n de los cuentos y leyendas m\u00e1s populares de nuestro folklore. Esta recopilaci\u00f3n, organizada por regiones, re\u00fane los relatos m\u00e1s emblem\u00e1ticos,\" \/>\n<meta property=\"og:url\" content=\"https:\/\/www.editorialjuventud.es\/cuentos-y-leyendas-de-la-geografia-espanola-9788426138132\/\" \/>\n<meta property=\"og:site_name\" content=\"Editorial Juventud\" \/>\n<meta property=\"article:modified_time\" content=\"2023-07-04T11:28:47+00:00\" \/>\n<meta property=\"og:image\" content=\"https:\/\/www.editorialjuventud.es\/wp-content\/uploads\/3813.jpg\" \/>\n\t<meta property=\"og:image:width\" content=\"383\" \/>\n\t<meta property=\"og:image:height\" content=\"500\" \/>\n\t<meta property=\"og:image:type\" content=\"image\/jpeg\" \/>\n<meta name=\"twitter:card\" content=\"summary_large_image\" \/>\n<meta name=\"twitter:label1\" content=\"Temps estimat de lectura\" \/>\n\t<meta name=\"twitter:data1\" content=\"1 minut\" \/>\n<script type=\"application\/ld+json\" class=\"yoast-schema-graph\">{\"@context\":\"https:\\\/\\\/schema.org\",\"@graph\":[{\"@type\":\"WebPage\",\"@id\":\"https:\\\/\\\/www.editorialjuventud.es\\\/cuentos-y-leyendas-de-la-geografia-espanola-9788426138132\\\/\",\"url\":\"https:\\\/\\\/www.editorialjuventud.es\\\/cuentos-y-leyendas-de-la-geografia-espanola-9788426138132\\\/\",\"name\":\"Cuentos y leyendas de la geograf\u00eda espa\u00f1ola - Editorial Juventud\",\"isPartOf\":{\"@id\":\"https:\\\/\\\/www.editorialjuventud.es\\\/#website\"},\"primaryImageOfPage\":{\"@id\":\"https:\\\/\\\/www.editorialjuventud.es\\\/cuentos-y-leyendas-de-la-geografia-espanola-9788426138132\\\/#primaryimage\"},\"image\":{\"@id\":\"https:\\\/\\\/www.editorialjuventud.es\\\/cuentos-y-leyendas-de-la-geografia-espanola-9788426138132\\\/#primaryimage\"},\"thumbnailUrl\":\"https:\\\/\\\/www.editorialjuventud.es\\\/wp-content\\\/uploads\\\/3813.jpg\",\"datePublished\":\"2018-08-24T09:13:48+00:00\",\"dateModified\":\"2023-07-04T11:28:47+00:00\",\"description\":\"Una selecci\u00f3n de los cuentos y leyendas m\u00e1s populares de nuestro folklore. Esta recopilaci\u00f3n, organizada por regiones, re\u00fane los relatos m\u00e1s emblem\u00e1ticos,\",\"breadcrumb\":{\"@id\":\"https:\\\/\\\/www.editorialjuventud.es\\\/cuentos-y-leyendas-de-la-geografia-espanola-9788426138132\\\/#breadcrumb\"},\"inLanguage\":\"ca\",\"potentialAction\":[{\"@type\":\"ReadAction\",\"target\":[\"https:\\\/\\\/www.editorialjuventud.es\\\/cuentos-y-leyendas-de-la-geografia-espanola-9788426138132\\\/\"]}]},{\"@type\":\"ImageObject\",\"inLanguage\":\"ca\",\"@id\":\"https:\\\/\\\/www.editorialjuventud.es\\\/cuentos-y-leyendas-de-la-geografia-espanola-9788426138132\\\/#primaryimage\",\"url\":\"https:\\\/\\\/www.editorialjuventud.es\\\/wp-content\\\/uploads\\\/3813.jpg\",\"contentUrl\":\"https:\\\/\\\/www.editorialjuventud.es\\\/wp-content\\\/uploads\\\/3813.jpg\",\"width\":383,\"height\":500,\"caption\":\"3813.jpg\"},{\"@type\":\"BreadcrumbList\",\"@id\":\"https:\\\/\\\/www.editorialjuventud.es\\\/cuentos-y-leyendas-de-la-geografia-espanola-9788426138132\\\/#breadcrumb\",\"itemListElement\":[{\"@type\":\"ListItem\",\"position\":1,\"name\":\"Portada\",\"item\":\"https:\\\/\\\/www.editorialjuventud.es\\\/\"},{\"@type\":\"ListItem\",\"position\":2,\"name\":\"cat\u00e1logo\",\"item\":\"https:\\\/\\\/www.editorialjuventud.es\\\/coleccion\\\/catalogo\\\/\"},{\"@type\":\"ListItem\",\"position\":3,\"name\":\"castellano\",\"item\":\"https:\\\/\\\/www.editorialjuventud.es\\\/coleccion\\\/castellano\\\/\"},{\"@type\":\"ListItem\",\"position\":4,\"name\":\"Cuentos Universales\",\"item\":\"https:\\\/\\\/www.editorialjuventud.es\\\/coleccion\\\/cuentos-universales\\\/\"},{\"@type\":\"ListItem\",\"position\":5,\"name\":\"Cuentos y leyendas de la geograf\u00eda espa\u00f1ola\"}]},{\"@type\":\"WebSite\",\"@id\":\"https:\\\/\\\/www.editorialjuventud.es\\\/#website\",\"url\":\"https:\\\/\\\/www.editorialjuventud.es\\\/\",\"name\":\"Editorial Juventud\",\"description\":\"\",\"potentialAction\":[{\"@type\":\"SearchAction\",\"target\":{\"@type\":\"EntryPoint\",\"urlTemplate\":\"https:\\\/\\\/www.editorialjuventud.es\\\/?s={search_term_string}\"},\"query-input\":{\"@type\":\"PropertyValueSpecification\",\"valueRequired\":true,\"valueName\":\"search_term_string\"}}],\"inLanguage\":\"ca\"}]}<\/script>\n<!-- \/ Yoast SEO plugin. -->","yoast_head_json":{"title":"Cuentos y leyendas de la geograf\u00eda espa\u00f1ola - Editorial Juventud","description":"Una selecci\u00f3n de los cuentos y leyendas m\u00e1s populares de nuestro folklore. Esta recopilaci\u00f3n, organizada por regiones, re\u00fane los relatos m\u00e1s emblem\u00e1ticos,","robots":{"index":"index","follow":"follow","max-snippet":"max-snippet:-1","max-image-preview":"max-image-preview:large","max-video-preview":"max-video-preview:-1"},"canonical":"https:\/\/www.editorialjuventud.es\/cuentos-y-leyendas-de-la-geografia-espanola-9788426138132\/","og_locale":"ca_ES","og_type":"article","og_title":"Cuentos y leyendas de la geograf\u00eda espa\u00f1ola - Editorial Juventud","og_description":"Una selecci\u00f3n de los cuentos y leyendas m\u00e1s populares de nuestro folklore. Esta recopilaci\u00f3n, organizada por regiones, re\u00fane los relatos m\u00e1s emblem\u00e1ticos,","og_url":"https:\/\/www.editorialjuventud.es\/cuentos-y-leyendas-de-la-geografia-espanola-9788426138132\/","og_site_name":"Editorial Juventud","article_modified_time":"2023-07-04T11:28:47+00:00","og_image":[{"width":383,"height":500,"url":"https:\/\/www.editorialjuventud.es\/wp-content\/uploads\/3813.jpg","type":"image\/jpeg"}],"twitter_card":"summary_large_image","twitter_misc":{"Temps estimat de lectura":"1 minut"},"schema":{"@context":"https:\/\/schema.org","@graph":[{"@type":"WebPage","@id":"https:\/\/www.editorialjuventud.es\/cuentos-y-leyendas-de-la-geografia-espanola-9788426138132\/","url":"https:\/\/www.editorialjuventud.es\/cuentos-y-leyendas-de-la-geografia-espanola-9788426138132\/","name":"Cuentos y leyendas de la geograf\u00eda espa\u00f1ola - Editorial Juventud","isPartOf":{"@id":"https:\/\/www.editorialjuventud.es\/#website"},"primaryImageOfPage":{"@id":"https:\/\/www.editorialjuventud.es\/cuentos-y-leyendas-de-la-geografia-espanola-9788426138132\/#primaryimage"},"image":{"@id":"https:\/\/www.editorialjuventud.es\/cuentos-y-leyendas-de-la-geografia-espanola-9788426138132\/#primaryimage"},"thumbnailUrl":"https:\/\/www.editorialjuventud.es\/wp-content\/uploads\/3813.jpg","datePublished":"2018-08-24T09:13:48+00:00","dateModified":"2023-07-04T11:28:47+00:00","description":"Una selecci\u00f3n de los cuentos y leyendas m\u00e1s populares de nuestro folklore. Esta recopilaci\u00f3n, organizada por regiones, re\u00fane los relatos m\u00e1s emblem\u00e1ticos,","breadcrumb":{"@id":"https:\/\/www.editorialjuventud.es\/cuentos-y-leyendas-de-la-geografia-espanola-9788426138132\/#breadcrumb"},"inLanguage":"ca","potentialAction":[{"@type":"ReadAction","target":["https:\/\/www.editorialjuventud.es\/cuentos-y-leyendas-de-la-geografia-espanola-9788426138132\/"]}]},{"@type":"ImageObject","inLanguage":"ca","@id":"https:\/\/www.editorialjuventud.es\/cuentos-y-leyendas-de-la-geografia-espanola-9788426138132\/#primaryimage","url":"https:\/\/www.editorialjuventud.es\/wp-content\/uploads\/3813.jpg","contentUrl":"https:\/\/www.editorialjuventud.es\/wp-content\/uploads\/3813.jpg","width":383,"height":500,"caption":"3813.jpg"},{"@type":"BreadcrumbList","@id":"https:\/\/www.editorialjuventud.es\/cuentos-y-leyendas-de-la-geografia-espanola-9788426138132\/#breadcrumb","itemListElement":[{"@type":"ListItem","position":1,"name":"Portada","item":"https:\/\/www.editorialjuventud.es\/"},{"@type":"ListItem","position":2,"name":"cat\u00e1logo","item":"https:\/\/www.editorialjuventud.es\/coleccion\/catalogo\/"},{"@type":"ListItem","position":3,"name":"castellano","item":"https:\/\/www.editorialjuventud.es\/coleccion\/castellano\/"},{"@type":"ListItem","position":4,"name":"Cuentos Universales","item":"https:\/\/www.editorialjuventud.es\/coleccion\/cuentos-universales\/"},{"@type":"ListItem","position":5,"name":"Cuentos y leyendas de la geograf\u00eda espa\u00f1ola"}]},{"@type":"WebSite","@id":"https:\/\/www.editorialjuventud.es\/#website","url":"https:\/\/www.editorialjuventud.es\/","name":"Editorial Juventud","description":"","potentialAction":[{"@type":"SearchAction","target":{"@type":"EntryPoint","urlTemplate":"https:\/\/www.editorialjuventud.es\/?s={search_term_string}"},"query-input":{"@type":"PropertyValueSpecification","valueRequired":true,"valueName":"search_term_string"}}],"inLanguage":"ca"}]}},"_links":{"self":[{"href":"https:\/\/www.editorialjuventud.es\/ca\/wp-json\/wp\/v2\/product\/5715","targetHints":{"allow":["GET"]}}],"collection":[{"href":"https:\/\/www.editorialjuventud.es\/ca\/wp-json\/wp\/v2\/product"}],"about":[{"href":"https:\/\/www.editorialjuventud.es\/ca\/wp-json\/wp\/v2\/types\/product"}],"wp:featuredmedia":[{"embeddable":true,"href":"https:\/\/www.editorialjuventud.es\/ca\/wp-json\/wp\/v2\/media\/16952"}],"wp:attachment":[{"href":"https:\/\/www.editorialjuventud.es\/ca\/wp-json\/wp\/v2\/media?parent=5715"}],"wp:term":[{"taxonomy":"product_brand","embeddable":true,"href":"https:\/\/www.editorialjuventud.es\/ca\/wp-json\/wp\/v2\/product_brand?post=5715"},{"taxonomy":"product_cat","embeddable":true,"href":"https:\/\/www.editorialjuventud.es\/ca\/wp-json\/wp\/v2\/product_cat?post=5715"},{"taxonomy":"product_tag","embeddable":true,"href":"https:\/\/www.editorialjuventud.es\/ca\/wp-json\/wp\/v2\/product_tag?post=5715"},{"taxonomy":"coleccion","embeddable":true,"href":"https:\/\/www.editorialjuventud.es\/ca\/wp-json\/wp\/v2\/coleccion?post=5715"}],"curies":[{"name":"wp","href":"https:\/\/api.w.org\/{rel}","templated":true}]}}