{"id":5710,"date":"2018-08-24T11:13:19","date_gmt":"2018-08-24T09:13:19","guid":{"rendered":"http:\/\/www.editorialjuventud.es\/lescola-secreta-de-la-nasrin\/"},"modified":"2025-01-22T13:28:02","modified_gmt":"2025-01-22T12:28:02","slug":"lescola-secreta-de-la-nasrin-9788426138095","status":"publish","type":"product","link":"https:\/\/www.editorialjuventud.es\/ca\/lescola-secreta-de-la-nasrin-9788426138095\/","title":{"rendered":"L&#8217;escola secreta de la Nasrin"},"content":{"rendered":"<p>A l\u2019Afganistan, despr\u00e9s que els talibans es fessin amb el control, les nenes tenien prohibit anar a escola, les dones tenien prohibit sortir de casa seva sense anar acompanyades per un home de la seva fam\u00edlia.<br \/>Aquesta \u00e9s la hist\u00f2ria real d\u2019una nena, Nasrin. La seva \u00e0via decideix portar-la a una escola secreta. Gr\u00e0cies a l\u2019escola, la Nasrin descobrir\u00e0 nous horitzons i compartir\u00e0 les seves experi\u00e8ncies amb les altres nenes.<\/p>\n","protected":false},"excerpt":{"rendered":"A l\u2019Afganistan, despr\u00e9s que els talibans es fessin amb el control, les nenes tenien prohibit anar a escola, les dones tenien prohibit sortir de casa seva sense anar acompanyades per un home de la seva fam\u00edlia.Aquesta \u00e9s la hist\u00f2ria real [&hellip;]","protected":false},"featured_media":13873,"template":"","meta":{"_acf_changed":false,"_exactmetrics_skip_tracking":false,"_exactmetrics_sitenote_active":false,"_exactmetrics_sitenote_note":"","_exactmetrics_sitenote_category":0},"product_brand":[],"product_cat":[902,1129,1121,1144,1166,1173,1128],"product_tag":[],"coleccion":[948],"class_list":{"0":"post-5710","1":"product","2":"type-product","3":"status-publish","4":"has-post-thumbnail","6":"product_cat-a-partir-de-7-anos","7":"product_cat-abuelos","8":"product_cat-albumes-ilustrados","9":"product_cat-bibliotecas-libros-sobre-libros","10":"product_cat-duelo-perdida-de-un-ser-querido","11":"product_cat-escuela","12":"product_cat-tematica","13":"coleccion-convivencia-i-multiculturalitat","15":"first","16":"instock","17":"taxable","18":"shipping-taxable","19":"purchasable","20":"product-type-simple"},"acf":{"autor":"Winter, Jeanette","codart":"3809","ediciones":"1","encuadernacion":"Carton\u00e9","fecha_de_publicacion":"07\/09\/2010","novedad":"0","paginas":"48","subtitulo":"Una historia real de Afganistan","texto_web_adicional":"","texto_web_novedad":"","orden":"999","portada":"0","texto_web_resaltado":"","autores-libros":[16687],"ilustradores-libros":[16687],"traductores-libros":[18265]},"yoast_head":"<!-- This site is optimized with the Yoast SEO plugin v27.5 - https:\/\/yoast.com\/product\/yoast-seo-wordpress\/ -->\n<title>L&#039;escola secreta de la Nasrin - Editorial Juventud<\/title>\n<meta name=\"description\" content=\"A l\u2019Afganistan, despr\u00e9s que els talibans es fessin amb el control, les nenes tenien prohibit anar a escola, les dones tenien prohibit sortir de casa seva\" \/>\n<meta name=\"robots\" content=\"index, follow, max-snippet:-1, max-image-preview:large, max-video-preview:-1\" \/>\n<link rel=\"canonical\" href=\"https:\/\/www.editorialjuventud.es\/lescola-secreta-de-la-nasrin-9788426138095\/\" \/>\n<meta property=\"og:locale\" content=\"ca_ES\" \/>\n<meta property=\"og:type\" content=\"article\" \/>\n<meta property=\"og:title\" content=\"L&#039;escola secreta de la Nasrin - Editorial Juventud\" \/>\n<meta property=\"og:description\" content=\"A l\u2019Afganistan, despr\u00e9s que els talibans es fessin amb el control, les nenes tenien prohibit anar a escola, les dones tenien prohibit sortir de casa seva\" \/>\n<meta property=\"og:url\" content=\"https:\/\/www.editorialjuventud.es\/lescola-secreta-de-la-nasrin-9788426138095\/\" \/>\n<meta property=\"og:site_name\" content=\"Editorial Juventud\" \/>\n<meta property=\"article:modified_time\" content=\"2025-01-22T12:28:02+00:00\" \/>\n<meta property=\"og:image\" content=\"https:\/\/www.editorialjuventud.es\/wp-content\/uploads\/3809.jpg\" \/>\n\t<meta property=\"og:image:width\" content=\"406\" \/>\n\t<meta property=\"og:image:height\" content=\"500\" \/>\n\t<meta property=\"og:image:type\" content=\"image\/jpeg\" \/>\n<meta name=\"twitter:card\" content=\"summary_large_image\" \/>\n<script type=\"application\/ld+json\" class=\"yoast-schema-graph\">{\"@context\":\"https:\\\/\\\/schema.org\",\"@graph\":[{\"@type\":\"WebPage\",\"@id\":\"https:\\\/\\\/www.editorialjuventud.es\\\/lescola-secreta-de-la-nasrin-9788426138095\\\/\",\"url\":\"https:\\\/\\\/www.editorialjuventud.es\\\/lescola-secreta-de-la-nasrin-9788426138095\\\/\",\"name\":\"L'escola secreta de la Nasrin - Editorial Juventud\",\"isPartOf\":{\"@id\":\"https:\\\/\\\/www.editorialjuventud.es\\\/#website\"},\"primaryImageOfPage\":{\"@id\":\"https:\\\/\\\/www.editorialjuventud.es\\\/lescola-secreta-de-la-nasrin-9788426138095\\\/#primaryimage\"},\"image\":{\"@id\":\"https:\\\/\\\/www.editorialjuventud.es\\\/lescola-secreta-de-la-nasrin-9788426138095\\\/#primaryimage\"},\"thumbnailUrl\":\"https:\\\/\\\/www.editorialjuventud.es\\\/wp-content\\\/uploads\\\/3809.jpg\",\"datePublished\":\"2018-08-24T09:13:19+00:00\",\"dateModified\":\"2025-01-22T12:28:02+00:00\",\"description\":\"A l\u2019Afganistan, despr\u00e9s que els talibans es fessin amb el control, les nenes tenien prohibit anar a escola, les dones tenien prohibit sortir de casa seva\",\"breadcrumb\":{\"@id\":\"https:\\\/\\\/www.editorialjuventud.es\\\/lescola-secreta-de-la-nasrin-9788426138095\\\/#breadcrumb\"},\"inLanguage\":\"ca\",\"potentialAction\":[{\"@type\":\"ReadAction\",\"target\":[\"https:\\\/\\\/www.editorialjuventud.es\\\/lescola-secreta-de-la-nasrin-9788426138095\\\/\"]}]},{\"@type\":\"ImageObject\",\"inLanguage\":\"ca\",\"@id\":\"https:\\\/\\\/www.editorialjuventud.es\\\/lescola-secreta-de-la-nasrin-9788426138095\\\/#primaryimage\",\"url\":\"https:\\\/\\\/www.editorialjuventud.es\\\/wp-content\\\/uploads\\\/3809.jpg\",\"contentUrl\":\"https:\\\/\\\/www.editorialjuventud.es\\\/wp-content\\\/uploads\\\/3809.jpg\",\"width\":406,\"height\":500,\"caption\":\"3809.jpg\"},{\"@type\":\"BreadcrumbList\",\"@id\":\"https:\\\/\\\/www.editorialjuventud.es\\\/lescola-secreta-de-la-nasrin-9788426138095\\\/#breadcrumb\",\"itemListElement\":[{\"@type\":\"ListItem\",\"position\":1,\"name\":\"Portada\",\"item\":\"https:\\\/\\\/www.editorialjuventud.es\\\/\"},{\"@type\":\"ListItem\",\"position\":2,\"name\":\"cat\u00e1logo\",\"item\":\"https:\\\/\\\/www.editorialjuventud.es\\\/coleccion\\\/catalogo\\\/\"},{\"@type\":\"ListItem\",\"position\":3,\"name\":\"catal\u00e0\",\"item\":\"https:\\\/\\\/www.editorialjuventud.es\\\/coleccion\\\/catala\\\/\"},{\"@type\":\"ListItem\",\"position\":4,\"name\":\"\u00c0lbums Il\u00b7lustrats\",\"item\":\"https:\\\/\\\/www.editorialjuventud.es\\\/coleccion\\\/albums-il%c2%b7lustrats\\\/\"},{\"@type\":\"ListItem\",\"position\":5,\"name\":\"Conviv\u00e8ncia i Multiculturalitat\",\"item\":\"https:\\\/\\\/www.editorialjuventud.es\\\/coleccion\\\/convivencia-i-multiculturalitat\\\/\"},{\"@type\":\"ListItem\",\"position\":6,\"name\":\"L'escola secreta de la Nasrin\"}]},{\"@type\":\"WebSite\",\"@id\":\"https:\\\/\\\/www.editorialjuventud.es\\\/#website\",\"url\":\"https:\\\/\\\/www.editorialjuventud.es\\\/\",\"name\":\"Editorial Juventud\",\"description\":\"\",\"potentialAction\":[{\"@type\":\"SearchAction\",\"target\":{\"@type\":\"EntryPoint\",\"urlTemplate\":\"https:\\\/\\\/www.editorialjuventud.es\\\/?s={search_term_string}\"},\"query-input\":{\"@type\":\"PropertyValueSpecification\",\"valueRequired\":true,\"valueName\":\"search_term_string\"}}],\"inLanguage\":\"ca\"}]}<\/script>\n<!-- \/ Yoast SEO plugin. -->","yoast_head_json":{"title":"L'escola secreta de la Nasrin - Editorial Juventud","description":"A l\u2019Afganistan, despr\u00e9s que els talibans es fessin amb el control, les nenes tenien prohibit anar a escola, les dones tenien prohibit sortir de casa seva","robots":{"index":"index","follow":"follow","max-snippet":"max-snippet:-1","max-image-preview":"max-image-preview:large","max-video-preview":"max-video-preview:-1"},"canonical":"https:\/\/www.editorialjuventud.es\/lescola-secreta-de-la-nasrin-9788426138095\/","og_locale":"ca_ES","og_type":"article","og_title":"L'escola secreta de la Nasrin - Editorial Juventud","og_description":"A l\u2019Afganistan, despr\u00e9s que els talibans es fessin amb el control, les nenes tenien prohibit anar a escola, les dones tenien prohibit sortir de casa seva","og_url":"https:\/\/www.editorialjuventud.es\/lescola-secreta-de-la-nasrin-9788426138095\/","og_site_name":"Editorial Juventud","article_modified_time":"2025-01-22T12:28:02+00:00","og_image":[{"width":406,"height":500,"url":"https:\/\/www.editorialjuventud.es\/wp-content\/uploads\/3809.jpg","type":"image\/jpeg"}],"twitter_card":"summary_large_image","schema":{"@context":"https:\/\/schema.org","@graph":[{"@type":"WebPage","@id":"https:\/\/www.editorialjuventud.es\/lescola-secreta-de-la-nasrin-9788426138095\/","url":"https:\/\/www.editorialjuventud.es\/lescola-secreta-de-la-nasrin-9788426138095\/","name":"L'escola secreta de la Nasrin - Editorial Juventud","isPartOf":{"@id":"https:\/\/www.editorialjuventud.es\/#website"},"primaryImageOfPage":{"@id":"https:\/\/www.editorialjuventud.es\/lescola-secreta-de-la-nasrin-9788426138095\/#primaryimage"},"image":{"@id":"https:\/\/www.editorialjuventud.es\/lescola-secreta-de-la-nasrin-9788426138095\/#primaryimage"},"thumbnailUrl":"https:\/\/www.editorialjuventud.es\/wp-content\/uploads\/3809.jpg","datePublished":"2018-08-24T09:13:19+00:00","dateModified":"2025-01-22T12:28:02+00:00","description":"A l\u2019Afganistan, despr\u00e9s que els talibans es fessin amb el control, les nenes tenien prohibit anar a escola, les dones tenien prohibit sortir de casa seva","breadcrumb":{"@id":"https:\/\/www.editorialjuventud.es\/lescola-secreta-de-la-nasrin-9788426138095\/#breadcrumb"},"inLanguage":"ca","potentialAction":[{"@type":"ReadAction","target":["https:\/\/www.editorialjuventud.es\/lescola-secreta-de-la-nasrin-9788426138095\/"]}]},{"@type":"ImageObject","inLanguage":"ca","@id":"https:\/\/www.editorialjuventud.es\/lescola-secreta-de-la-nasrin-9788426138095\/#primaryimage","url":"https:\/\/www.editorialjuventud.es\/wp-content\/uploads\/3809.jpg","contentUrl":"https:\/\/www.editorialjuventud.es\/wp-content\/uploads\/3809.jpg","width":406,"height":500,"caption":"3809.jpg"},{"@type":"BreadcrumbList","@id":"https:\/\/www.editorialjuventud.es\/lescola-secreta-de-la-nasrin-9788426138095\/#breadcrumb","itemListElement":[{"@type":"ListItem","position":1,"name":"Portada","item":"https:\/\/www.editorialjuventud.es\/"},{"@type":"ListItem","position":2,"name":"cat\u00e1logo","item":"https:\/\/www.editorialjuventud.es\/coleccion\/catalogo\/"},{"@type":"ListItem","position":3,"name":"catal\u00e0","item":"https:\/\/www.editorialjuventud.es\/coleccion\/catala\/"},{"@type":"ListItem","position":4,"name":"\u00c0lbums Il\u00b7lustrats","item":"https:\/\/www.editorialjuventud.es\/coleccion\/albums-il%c2%b7lustrats\/"},{"@type":"ListItem","position":5,"name":"Conviv\u00e8ncia i Multiculturalitat","item":"https:\/\/www.editorialjuventud.es\/coleccion\/convivencia-i-multiculturalitat\/"},{"@type":"ListItem","position":6,"name":"L'escola secreta de la Nasrin"}]},{"@type":"WebSite","@id":"https:\/\/www.editorialjuventud.es\/#website","url":"https:\/\/www.editorialjuventud.es\/","name":"Editorial Juventud","description":"","potentialAction":[{"@type":"SearchAction","target":{"@type":"EntryPoint","urlTemplate":"https:\/\/www.editorialjuventud.es\/?s={search_term_string}"},"query-input":{"@type":"PropertyValueSpecification","valueRequired":true,"valueName":"search_term_string"}}],"inLanguage":"ca"}]}},"_links":{"self":[{"href":"https:\/\/www.editorialjuventud.es\/ca\/wp-json\/wp\/v2\/product\/5710","targetHints":{"allow":["GET"]}}],"collection":[{"href":"https:\/\/www.editorialjuventud.es\/ca\/wp-json\/wp\/v2\/product"}],"about":[{"href":"https:\/\/www.editorialjuventud.es\/ca\/wp-json\/wp\/v2\/types\/product"}],"wp:featuredmedia":[{"embeddable":true,"href":"https:\/\/www.editorialjuventud.es\/ca\/wp-json\/wp\/v2\/media\/13873"}],"wp:attachment":[{"href":"https:\/\/www.editorialjuventud.es\/ca\/wp-json\/wp\/v2\/media?parent=5710"}],"wp:term":[{"taxonomy":"product_brand","embeddable":true,"href":"https:\/\/www.editorialjuventud.es\/ca\/wp-json\/wp\/v2\/product_brand?post=5710"},{"taxonomy":"product_cat","embeddable":true,"href":"https:\/\/www.editorialjuventud.es\/ca\/wp-json\/wp\/v2\/product_cat?post=5710"},{"taxonomy":"product_tag","embeddable":true,"href":"https:\/\/www.editorialjuventud.es\/ca\/wp-json\/wp\/v2\/product_tag?post=5710"},{"taxonomy":"coleccion","embeddable":true,"href":"https:\/\/www.editorialjuventud.es\/ca\/wp-json\/wp\/v2\/coleccion?post=5710"}],"curies":[{"name":"wp","href":"https:\/\/api.w.org\/{rel}","templated":true}]}}