{"id":5709,"date":"2018-08-24T13:13:15","date_gmt":"2018-08-24T09:13:15","guid":{"rendered":"http:\/\/www.editorialjuventud.es\/la-escuela-secreta-de-nasreen\/"},"modified":"2025-01-22T13:27:56","modified_gmt":"2025-01-22T12:27:56","slug":"la-escuela-secreta-de-nasreen-9788426138088","status":"publish","type":"product","link":"https:\/\/www.editorialjuventud.es\/ca\/la-escuela-secreta-de-nasreen-9788426138088\/","title":{"rendered":"La escuela secreta de Nasreen"},"content":{"rendered":"<p>En Afganist\u00e1n, desde la llegada de los talibanes, las ni\u00f1as ten\u00edan prohibido ir a la escuela, y las mujeres ten\u00edan prohibido salir de su casa sin ir acompa\u00f1adas por un hombre de su familia. Esta es la historia real de una ni\u00f1a llamada Nasreen. Su abuela decide llevarla a una escuela secreta. Gracias a ella, Nasreen descubrir\u00e1 nuevos horizontes y compartir\u00e1 sus experiencias con otras ni\u00f1as.<\/p>\n","protected":false},"excerpt":{"rendered":"En Afganist\u00e1n, desde la llegada de los talibanes, las ni\u00f1as ten\u00edan prohibido ir a la escuela, y las mujeres ten\u00edan prohibido salir de su casa sin ir acompa\u00f1adas por un hombre de su familia. Esta es la historia real de [&hellip;]","protected":false},"featured_media":13547,"template":"","meta":{"_acf_changed":false,"_exactmetrics_skip_tracking":false,"_exactmetrics_sitenote_active":false,"_exactmetrics_sitenote_note":"","_exactmetrics_sitenote_category":0},"product_brand":[],"product_cat":[902,1129,1121,1144,1166,1173],"product_tag":[],"coleccion":[988],"class_list":{"0":"post-5709","1":"product","2":"type-product","3":"status-publish","4":"has-post-thumbnail","6":"product_cat-a-partir-de-7-anos","7":"product_cat-abuelos","8":"product_cat-albumes-ilustrados","9":"product_cat-bibliotecas-libros-sobre-libros","10":"product_cat-duelo-perdida-de-un-ser-querido","11":"product_cat-escuela","12":"coleccion-convivencia-y-multiculturalidad","14":"first","15":"instock","16":"taxable","17":"shipping-taxable","18":"purchasable","19":"product-type-simple"},"acf":{"autor":"Winter, Jeanette","codart":"3808","ediciones":"5","encuadernacion":"Carton\u00e9","fecha_de_publicacion":"07\/09\/2010","novedad":"0","paginas":"48","subtitulo":"Una historia real de Afganist\u00e1n","texto_web_adicional":"","texto_web_novedad":"","orden":"999","portada":"0","texto_web_resaltado":"","indice":"","autores-libros":[16687],"ilustradores-libros":[16687],"traductores-libros":"","fecha_de_reimpresion":"01\/06\/2022","descripcion_corta":"","recomendamos":"","mas_vendido":"","idioma-libro":"","color":false,"formato":"","mas_informacion_del_producto":false,"premios":false,"deshabilitar_compra":[],"texto_enlace_cubierta":"","enlace_cubierta":false,"texto_enlace_ficha_tecnica":"","enlace_ficha_tecnica":false,"ficheros":false,"titulo-fr":"","texto-fr":""},"yoast_head":"<!-- This site is optimized with the Yoast SEO plugin v27.3 - https:\/\/yoast.com\/product\/yoast-seo-wordpress\/ -->\n<title>La escuela secreta de Nasreen - Editorial Juventud<\/title>\n<meta name=\"description\" content=\"En Afganist\u00e1n, desde la llegada de los talibanes, las ni\u00f1as ten\u00edan prohibido ir a la escuela, y las mujeres ten\u00edan prohibido salir de su casa sin ir\" \/>\n<meta name=\"robots\" content=\"index, follow, max-snippet:-1, max-image-preview:large, max-video-preview:-1\" \/>\n<link rel=\"canonical\" href=\"https:\/\/www.editorialjuventud.es\/la-escuela-secreta-de-nasreen-9788426138088\/\" \/>\n<meta property=\"og:locale\" content=\"ca_ES\" \/>\n<meta property=\"og:type\" content=\"article\" \/>\n<meta property=\"og:title\" content=\"La escuela secreta de Nasreen - Editorial Juventud\" \/>\n<meta property=\"og:description\" content=\"En Afganist\u00e1n, desde la llegada de los talibanes, las ni\u00f1as ten\u00edan prohibido ir a la escuela, y las mujeres ten\u00edan prohibido salir de su casa sin ir\" \/>\n<meta property=\"og:url\" content=\"https:\/\/www.editorialjuventud.es\/la-escuela-secreta-de-nasreen-9788426138088\/\" \/>\n<meta property=\"og:site_name\" content=\"Editorial Juventud\" \/>\n<meta property=\"article:modified_time\" content=\"2025-01-22T12:27:56+00:00\" \/>\n<meta property=\"og:image\" content=\"https:\/\/www.editorialjuventud.es\/wp-content\/uploads\/3808.jpg\" \/>\n\t<meta property=\"og:image:width\" content=\"412\" \/>\n\t<meta property=\"og:image:height\" content=\"500\" \/>\n\t<meta property=\"og:image:type\" content=\"image\/jpeg\" \/>\n<meta name=\"twitter:card\" content=\"summary_large_image\" \/>\n<script type=\"application\/ld+json\" class=\"yoast-schema-graph\">{\"@context\":\"https:\\\/\\\/schema.org\",\"@graph\":[{\"@type\":\"WebPage\",\"@id\":\"https:\\\/\\\/www.editorialjuventud.es\\\/la-escuela-secreta-de-nasreen-9788426138088\\\/\",\"url\":\"https:\\\/\\\/www.editorialjuventud.es\\\/la-escuela-secreta-de-nasreen-9788426138088\\\/\",\"name\":\"La escuela secreta de Nasreen - Editorial Juventud\",\"isPartOf\":{\"@id\":\"https:\\\/\\\/www.editorialjuventud.es\\\/#website\"},\"primaryImageOfPage\":{\"@id\":\"https:\\\/\\\/www.editorialjuventud.es\\\/la-escuela-secreta-de-nasreen-9788426138088\\\/#primaryimage\"},\"image\":{\"@id\":\"https:\\\/\\\/www.editorialjuventud.es\\\/la-escuela-secreta-de-nasreen-9788426138088\\\/#primaryimage\"},\"thumbnailUrl\":\"https:\\\/\\\/www.editorialjuventud.es\\\/wp-content\\\/uploads\\\/3808.jpg\",\"datePublished\":\"2018-08-24T09:13:15+00:00\",\"dateModified\":\"2025-01-22T12:27:56+00:00\",\"description\":\"En Afganist\u00e1n, desde la llegada de los talibanes, las ni\u00f1as ten\u00edan prohibido ir a la escuela, y las mujeres ten\u00edan prohibido salir de su casa sin ir\",\"breadcrumb\":{\"@id\":\"https:\\\/\\\/www.editorialjuventud.es\\\/la-escuela-secreta-de-nasreen-9788426138088\\\/#breadcrumb\"},\"inLanguage\":\"ca\",\"potentialAction\":[{\"@type\":\"ReadAction\",\"target\":[\"https:\\\/\\\/www.editorialjuventud.es\\\/la-escuela-secreta-de-nasreen-9788426138088\\\/\"]}]},{\"@type\":\"ImageObject\",\"inLanguage\":\"ca\",\"@id\":\"https:\\\/\\\/www.editorialjuventud.es\\\/la-escuela-secreta-de-nasreen-9788426138088\\\/#primaryimage\",\"url\":\"https:\\\/\\\/www.editorialjuventud.es\\\/wp-content\\\/uploads\\\/3808.jpg\",\"contentUrl\":\"https:\\\/\\\/www.editorialjuventud.es\\\/wp-content\\\/uploads\\\/3808.jpg\",\"width\":412,\"height\":500,\"caption\":\"3808.jpg\"},{\"@type\":\"BreadcrumbList\",\"@id\":\"https:\\\/\\\/www.editorialjuventud.es\\\/la-escuela-secreta-de-nasreen-9788426138088\\\/#breadcrumb\",\"itemListElement\":[{\"@type\":\"ListItem\",\"position\":1,\"name\":\"Portada\",\"item\":\"https:\\\/\\\/www.editorialjuventud.es\\\/\"},{\"@type\":\"ListItem\",\"position\":2,\"name\":\"cat\u00e1logo\",\"item\":\"https:\\\/\\\/www.editorialjuventud.es\\\/coleccion\\\/catalogo\\\/\"},{\"@type\":\"ListItem\",\"position\":3,\"name\":\"castellano\",\"item\":\"https:\\\/\\\/www.editorialjuventud.es\\\/coleccion\\\/castellano\\\/\"},{\"@type\":\"ListItem\",\"position\":4,\"name\":\"\u00c1lbumes Ilustrados\",\"item\":\"https:\\\/\\\/www.editorialjuventud.es\\\/coleccion\\\/albumes-ilustrados\\\/\"},{\"@type\":\"ListItem\",\"position\":5,\"name\":\"Convivencia y Multiculturalidad\",\"item\":\"https:\\\/\\\/www.editorialjuventud.es\\\/coleccion\\\/convivencia-y-multiculturalidad\\\/\"},{\"@type\":\"ListItem\",\"position\":6,\"name\":\"La escuela secreta de Nasreen\"}]},{\"@type\":\"WebSite\",\"@id\":\"https:\\\/\\\/www.editorialjuventud.es\\\/#website\",\"url\":\"https:\\\/\\\/www.editorialjuventud.es\\\/\",\"name\":\"Editorial Juventud\",\"description\":\"\",\"potentialAction\":[{\"@type\":\"SearchAction\",\"target\":{\"@type\":\"EntryPoint\",\"urlTemplate\":\"https:\\\/\\\/www.editorialjuventud.es\\\/?s={search_term_string}\"},\"query-input\":{\"@type\":\"PropertyValueSpecification\",\"valueRequired\":true,\"valueName\":\"search_term_string\"}}],\"inLanguage\":\"ca\"}]}<\/script>\n<!-- \/ Yoast SEO plugin. -->","yoast_head_json":{"title":"La escuela secreta de Nasreen - Editorial Juventud","description":"En Afganist\u00e1n, desde la llegada de los talibanes, las ni\u00f1as ten\u00edan prohibido ir a la escuela, y las mujeres ten\u00edan prohibido salir de su casa sin ir","robots":{"index":"index","follow":"follow","max-snippet":"max-snippet:-1","max-image-preview":"max-image-preview:large","max-video-preview":"max-video-preview:-1"},"canonical":"https:\/\/www.editorialjuventud.es\/la-escuela-secreta-de-nasreen-9788426138088\/","og_locale":"ca_ES","og_type":"article","og_title":"La escuela secreta de Nasreen - Editorial Juventud","og_description":"En Afganist\u00e1n, desde la llegada de los talibanes, las ni\u00f1as ten\u00edan prohibido ir a la escuela, y las mujeres ten\u00edan prohibido salir de su casa sin ir","og_url":"https:\/\/www.editorialjuventud.es\/la-escuela-secreta-de-nasreen-9788426138088\/","og_site_name":"Editorial Juventud","article_modified_time":"2025-01-22T12:27:56+00:00","og_image":[{"width":412,"height":500,"url":"https:\/\/www.editorialjuventud.es\/wp-content\/uploads\/3808.jpg","type":"image\/jpeg"}],"twitter_card":"summary_large_image","schema":{"@context":"https:\/\/schema.org","@graph":[{"@type":"WebPage","@id":"https:\/\/www.editorialjuventud.es\/la-escuela-secreta-de-nasreen-9788426138088\/","url":"https:\/\/www.editorialjuventud.es\/la-escuela-secreta-de-nasreen-9788426138088\/","name":"La escuela secreta de Nasreen - Editorial Juventud","isPartOf":{"@id":"https:\/\/www.editorialjuventud.es\/#website"},"primaryImageOfPage":{"@id":"https:\/\/www.editorialjuventud.es\/la-escuela-secreta-de-nasreen-9788426138088\/#primaryimage"},"image":{"@id":"https:\/\/www.editorialjuventud.es\/la-escuela-secreta-de-nasreen-9788426138088\/#primaryimage"},"thumbnailUrl":"https:\/\/www.editorialjuventud.es\/wp-content\/uploads\/3808.jpg","datePublished":"2018-08-24T09:13:15+00:00","dateModified":"2025-01-22T12:27:56+00:00","description":"En Afganist\u00e1n, desde la llegada de los talibanes, las ni\u00f1as ten\u00edan prohibido ir a la escuela, y las mujeres ten\u00edan prohibido salir de su casa sin ir","breadcrumb":{"@id":"https:\/\/www.editorialjuventud.es\/la-escuela-secreta-de-nasreen-9788426138088\/#breadcrumb"},"inLanguage":"ca","potentialAction":[{"@type":"ReadAction","target":["https:\/\/www.editorialjuventud.es\/la-escuela-secreta-de-nasreen-9788426138088\/"]}]},{"@type":"ImageObject","inLanguage":"ca","@id":"https:\/\/www.editorialjuventud.es\/la-escuela-secreta-de-nasreen-9788426138088\/#primaryimage","url":"https:\/\/www.editorialjuventud.es\/wp-content\/uploads\/3808.jpg","contentUrl":"https:\/\/www.editorialjuventud.es\/wp-content\/uploads\/3808.jpg","width":412,"height":500,"caption":"3808.jpg"},{"@type":"BreadcrumbList","@id":"https:\/\/www.editorialjuventud.es\/la-escuela-secreta-de-nasreen-9788426138088\/#breadcrumb","itemListElement":[{"@type":"ListItem","position":1,"name":"Portada","item":"https:\/\/www.editorialjuventud.es\/"},{"@type":"ListItem","position":2,"name":"cat\u00e1logo","item":"https:\/\/www.editorialjuventud.es\/coleccion\/catalogo\/"},{"@type":"ListItem","position":3,"name":"castellano","item":"https:\/\/www.editorialjuventud.es\/coleccion\/castellano\/"},{"@type":"ListItem","position":4,"name":"\u00c1lbumes Ilustrados","item":"https:\/\/www.editorialjuventud.es\/coleccion\/albumes-ilustrados\/"},{"@type":"ListItem","position":5,"name":"Convivencia y Multiculturalidad","item":"https:\/\/www.editorialjuventud.es\/coleccion\/convivencia-y-multiculturalidad\/"},{"@type":"ListItem","position":6,"name":"La escuela secreta de Nasreen"}]},{"@type":"WebSite","@id":"https:\/\/www.editorialjuventud.es\/#website","url":"https:\/\/www.editorialjuventud.es\/","name":"Editorial Juventud","description":"","potentialAction":[{"@type":"SearchAction","target":{"@type":"EntryPoint","urlTemplate":"https:\/\/www.editorialjuventud.es\/?s={search_term_string}"},"query-input":{"@type":"PropertyValueSpecification","valueRequired":true,"valueName":"search_term_string"}}],"inLanguage":"ca"}]}},"_links":{"self":[{"href":"https:\/\/www.editorialjuventud.es\/ca\/wp-json\/wp\/v2\/product\/5709","targetHints":{"allow":["GET"]}}],"collection":[{"href":"https:\/\/www.editorialjuventud.es\/ca\/wp-json\/wp\/v2\/product"}],"about":[{"href":"https:\/\/www.editorialjuventud.es\/ca\/wp-json\/wp\/v2\/types\/product"}],"wp:featuredmedia":[{"embeddable":true,"href":"https:\/\/www.editorialjuventud.es\/ca\/wp-json\/wp\/v2\/media\/13547"}],"wp:attachment":[{"href":"https:\/\/www.editorialjuventud.es\/ca\/wp-json\/wp\/v2\/media?parent=5709"}],"wp:term":[{"taxonomy":"product_brand","embeddable":true,"href":"https:\/\/www.editorialjuventud.es\/ca\/wp-json\/wp\/v2\/product_brand?post=5709"},{"taxonomy":"product_cat","embeddable":true,"href":"https:\/\/www.editorialjuventud.es\/ca\/wp-json\/wp\/v2\/product_cat?post=5709"},{"taxonomy":"product_tag","embeddable":true,"href":"https:\/\/www.editorialjuventud.es\/ca\/wp-json\/wp\/v2\/product_tag?post=5709"},{"taxonomy":"coleccion","embeddable":true,"href":"https:\/\/www.editorialjuventud.es\/ca\/wp-json\/wp\/v2\/coleccion?post=5709"}],"curies":[{"name":"wp","href":"https:\/\/api.w.org\/{rel}","templated":true}]}}